{"id":9962,"date":"2021-01-15T14:53:24","date_gmt":"2021-01-15T13:53:24","guid":{"rendered":"https:\/\/www.edel.fr\/?post_type=product&#038;p=9962"},"modified":"2025-11-05T21:06:50","modified_gmt":"2025-11-05T20:06:50","slug":"damper-renault-370007910-amortisseurs-de-torsion-tracteur","status":"publish","type":"product","link":"https:\/\/www.edel.fr\/en\/product\/damper-renault-370007910-amortisseurs-de-torsion-tracteur\/","title":{"rendered":"Damper Renault 370007910 &#8211; Amortisseurs de torsion tracteur"},"content":{"rendered":"<div data-elementor-type=\"wp-post\" data-elementor-id=\"9962\" class=\"elementor elementor-9962\">\n\t\t\t\t\t\t<section class=\"elementor-section elementor-top-section elementor-element elementor-element-4685b330 elementor-section-boxed elementor-section-height-default elementor-section-height-default\" data-id=\"4685b330\" data-element_type=\"section\" data-e-type=\"section\">\n\t\t\t\t\t\t<div class=\"elementor-container elementor-column-gap-default\">\n\t\t\t\t\t<div class=\"elementor-column elementor-col-100 elementor-top-column elementor-element elementor-element-7baa8fc2\" data-id=\"7baa8fc2\" data-element_type=\"column\" data-e-type=\"column\">\n\t\t\t<div class=\"elementor-widget-wrap elementor-element-populated\">\n\t\t\t\t\t\t<div class=\"elementor-element elementor-element-40109619 elementor-widget elementor-widget-heading\" data-id=\"40109619\" data-element_type=\"widget\" data-e-type=\"widget\" data-widget_type=\"heading.default\">\n\t\t\t\t<div class=\"elementor-widget-container\">\n\t\t\t\t\t<h2 class=\"elementor-heading-title elementor-size-default\">Damper Renault 370007910 370005810 - Amortisseurs de torsion tracteur agricole<\/h2>\t\t\t\t<\/div>\n\t\t\t\t<\/div>\n\t\t\t\t<div class=\"elementor-element elementor-element-2c838c56 elementor-widget elementor-widget-heading\" data-id=\"2c838c56\" data-element_type=\"widget\" data-e-type=\"widget\" data-widget_type=\"heading.default\">\n\t\t\t\t<div class=\"elementor-widget-container\">\n\t\t\t\t\t<h3 class=\"elementor-heading-title elementor-size-default\">Information du produit :<\/h3>\t\t\t\t<\/div>\n\t\t\t\t<\/div>\n\t\t\t\t\t<\/div>\n\t\t<\/div>\n\t\t\t\t\t<\/div>\n\t\t<\/section>\n\t\t\t\t<section class=\"elementor-section elementor-top-section elementor-element elementor-element-5d6b68f1 elementor-section-boxed elementor-section-height-default elementor-section-height-default\" data-id=\"5d6b68f1\" data-element_type=\"section\" data-e-type=\"section\">\n\t\t\t\t\t\t<div class=\"elementor-container elementor-column-gap-default\">\n\t\t\t\t\t<div class=\"elementor-column elementor-col-100 elementor-top-column elementor-element elementor-element-254c2b89\" data-id=\"254c2b89\" data-element_type=\"column\" data-e-type=\"column\">\n\t\t\t<div class=\"elementor-widget-wrap elementor-element-populated\">\n\t\t\t\t\t\t<div class=\"elementor-element elementor-element-4e07dfbc elementor-widget elementor-widget-text-editor\" data-id=\"4e07dfbc\" data-element_type=\"widget\" data-e-type=\"widget\" data-widget_type=\"text-editor.default\">\n\t\t\t\t<div class=\"elementor-widget-container\">\n\t\t\t\t\t\t\t\t\t<p>Type : Ares 546, Ares 547, Ares 556, Ares 557, Ares 566, Ares 567, Ares 577, Ares 616, Ares 617, Ares 656, Ares 657, Ares 696, Ares 697, ARION410, ARION420, ARION640.<\/p><p>R\u00e9f\u00e9rence origine :<\/p><ul><li>7700078337<\/li><li>7700067161<\/li><li>7700078729<\/li><li>11113940<\/li><\/ul><p>R\u00e9f\u00e9rence pi\u00e8ce :<\/p><ul><li>3435010204<\/li><li>4304869H1<\/li><\/ul><p>Les amortisseurs de torsion ont pour r\u00f4le d&rsquo;amortir les vibrations entre le moteur et la bo\u00eete de vitesses.<\/p><p>En effet, les moteurs \u00e0 explosion ne g\u00e9n\u00e8rent pas de couple constant. Le changement permanent de la vitesse de rotation du vilebrequin, fait na\u00eetre des vibrations qui sont transmises \u00e0 la bo\u00eete de vitesses.<\/p><p>L&rsquo;alternance entre acc\u00e9l\u00e9ration et d\u00e9c\u00e9l\u00e9ration agite tous les arbres et pignons de la transmission, les faisant perp\u00e9tuellement s&rsquo;entrechoquer.<\/p><p>Cr\u00e9ant ainsi de d\u00e9sagr\u00e9ables bruits et vibrations dans tout le v\u00e9hicule.<\/p><p>Sans ces amortisseurs haute technologie, les tracteurs seraient bruyants et inconfortables pour leurs conducteurs.<\/p><p><span style=\"text-decoration: underline\"><strong>Diagnostic des pannes :<\/strong><\/span><\/p><p>On reconna\u00eet qu&rsquo;un amortisseur est d\u00e9fectueux aux sympt\u00f4mes suivants :<\/p><ul><li>forts \u00ab\u00a0bruits de mitraillette\u00a0\u00bb de la bo\u00eete de vitesses<\/li><li>bruits inhabituels montant de la cloche d&#8217;embrayage<\/li><li>l&rsquo;entra\u00eenement ne se fait plus<\/li><li>le v\u00e9hicule n&rsquo;avance pas malgr\u00e9 l&rsquo;enclenchement d&rsquo;une vitesse<\/li><li>si l&rsquo;amortisseur de prise de force est d\u00e9fectueux, l&rsquo;engin ne bouge plus.<\/li><\/ul><p>Toute infiltration d&rsquo;huile de moteur ou de bo\u00eete de vitesses dans l&rsquo;amortisseur entra\u00eene l&rsquo;inefficacit\u00e9 des \u00e9l\u00e9ments de friction, dont le r\u00f4le \u00e9tait d&rsquo;absorber les bruits de la bo\u00eete de vitesses \u00e0 bas r\u00e9gime. La transmission se fera alors encore plus bruyante.<\/p><p>C&rsquo;est pourquoi nous vous proposons des pi\u00e8ces de marque <a href=\"https:\/\/www.edel.fr\/en\/constructeur\/luk\/\" target=\"_blank\" rel=\"noopener noreferrer\">LuK,<\/a> reconnue pour sa fiabilit\u00e9.<\/p>\t\t\t\t\t\t\t\t<\/div>\n\t\t\t\t<\/div>\n\t\t\t\t\t<\/div>\n\t\t<\/div>\n\t\t\t\t\t<\/div>\n\t\t<\/section>\n\t\t\t\t<\/div>","protected":false},"excerpt":{"rendered":"<p>Damper Renault 370007910 370005810 &#8211; Amortisseurs de torsion tracteur agricole Information du produit : Type : Ares 546, Ares 547, Ares 556, Ares 557, Ares 566, Ares 567, Ares 577, Ares 616, Ares 617, Ares 656, Ares 657, Ares 696, Ares 697, ARION410, ARION420, ARION640. R\u00e9f\u00e9rence origine : 7700078337 7700067161 7700078729 11113940 R\u00e9f\u00e9rence pi\u00e8ce :<br \/><a class=\"more-link\" href=\"https:\/\/www.edel.fr\/en\/product\/damper-renault-370007910-amortisseurs-de-torsion-tracteur\/\"><br \/>\n        Read More<span class=\"screen-reader-text\"> \u00ab\u00a0Damper Renault 370007910 &#8211; Amortisseurs de torsion tracteur\u00a0\u00bb<\/span><\/a><\/p>","protected":false},"featured_media":9965,"template":"","meta":[],"product_brand":[],"product_cat":[3089,119,120],"product_tag":[],"tracteur":[],"class_list":{"0":"post-9962","1":"product","2":"type-product","3":"status-publish","4":"has-post-thumbnail","6":"product_cat-dampers","7":"product_cat-tracteurs-agricoles","8":"product_cat-transmissions","9":"product_shipping_class-142","10":"pa_fabriquant-luk","11":"pa_marque-tracteur-renault-claas","12":"pa_type-2-ares-546","13":"pa_type-2-ares-547","14":"pa_type-2-ares-556","15":"pa_type-2-ares-557","16":"pa_type-2-ares-566","17":"pa_type-2-ares-567","18":"pa_type-2-ares-577","19":"pa_type-2-ares-616","20":"pa_type-2-ares-617","21":"pa_type-2-ares-656","22":"pa_type-2-ares-657","23":"pa_type-2-ares-696","24":"pa_type-2-ares-697","25":"pa_type-2-arion410","26":"pa_type-2-arion420","27":"pa_type-2-arion640","28":"badges-style-2","30":"first","31":"instock","32":"taxable","33":"shipping-taxable","34":"purchasable","35":"product-type-simple"},"acf":[],"yoast_head":"<!-- This site is optimized with the Yoast SEO plugin v27.3 - https:\/\/yoast.com\/product\/yoast-seo-wordpress\/ -->\n<title>Damper Renault 370007910 - Amortisseurs de torsion tracteur - Edel<\/title>\n<meta name=\"description\" content=\"Damper Renault 370007910 - Amortisseurs de torsion tracteur - Ares 546 Ares 547 556 557 566 567 577 616 617 656 657 696 697 ARION 410 420 640 - Flector LuK\" \/>\n<meta name=\"robots\" content=\"index, follow, max-snippet:-1, max-image-preview:large, max-video-preview:-1\" \/>\n<link rel=\"canonical\" href=\"http:\/\/www.edel.fr\/en\/product\/damper-renault-370007910-amortisseurs-de-torsion-tracteur\/\" \/>\n<meta property=\"og:locale\" content=\"en_US\" \/>\n<meta property=\"og:type\" content=\"article\" \/>\n<meta property=\"og:title\" content=\"Damper Renault 370007910 - Amortisseurs de torsion tracteur - Edel\" \/>\n<meta property=\"og:description\" content=\"Damper Renault 370007910 - Amortisseurs de torsion tracteur - Ares 546 Ares 547 556 557 566 567 577 616 617 656 657 696 697 ARION 410 420 640 - Flector LuK\" \/>\n<meta property=\"og:url\" content=\"http:\/\/www.edel.fr\/en\/product\/damper-renault-370007910-amortisseurs-de-torsion-tracteur\/\" \/>\n<meta property=\"og:site_name\" content=\"Edel\" \/>\n<meta property=\"article:modified_time\" content=\"2025-11-05T20:06:50+00:00\" \/>\n<meta property=\"og:image\" content=\"http:\/\/www.edel.fr\/uploads\/2021\/01\/DU157910.jpg\" \/>\n\t<meta property=\"og:image:width\" content=\"1512\" \/>\n\t<meta property=\"og:image:height\" content=\"1788\" \/>\n\t<meta property=\"og:image:type\" content=\"image\/jpeg\" \/>\n<meta name=\"twitter:card\" content=\"summary_large_image\" \/>\n<meta name=\"twitter:label1\" content=\"Est. reading time\" \/>\n\t<meta name=\"twitter:data1\" content=\"2 minutes\" \/>\n<script type=\"application\/ld+json\" class=\"yoast-schema-graph\">{\"@context\":\"https:\\\/\\\/schema.org\",\"@graph\":[{\"@type\":\"WebPage\",\"@id\":\"http:\\\/\\\/www.edel.fr\\\/produit\\\/damper-renault-370007910-amortisseurs-de-torsion-tracteur\\\/\",\"url\":\"http:\\\/\\\/www.edel.fr\\\/produit\\\/damper-renault-370007910-amortisseurs-de-torsion-tracteur\\\/\",\"name\":\"Damper Renault 370007910 - Amortisseurs de torsion tracteur - Edel\",\"isPartOf\":{\"@id\":\"http:\\\/\\\/www.edel.fr\\\/en\\\/#website\"},\"primaryImageOfPage\":{\"@id\":\"http:\\\/\\\/www.edel.fr\\\/produit\\\/damper-renault-370007910-amortisseurs-de-torsion-tracteur\\\/#primaryimage\"},\"image\":{\"@id\":\"http:\\\/\\\/www.edel.fr\\\/produit\\\/damper-renault-370007910-amortisseurs-de-torsion-tracteur\\\/#primaryimage\"},\"thumbnailUrl\":\"https:\\\/\\\/www.edel.fr\\\/uploads\\\/2021\\\/01\\\/DU157910.jpg\",\"datePublished\":\"2021-01-15T13:53:24+00:00\",\"dateModified\":\"2025-11-05T20:06:50+00:00\",\"description\":\"Damper Renault 370007910 - Amortisseurs de torsion tracteur - Ares 546 Ares 547 556 557 566 567 577 616 617 656 657 696 697 ARION 410 420 640 - Flector LuK\",\"breadcrumb\":{\"@id\":\"http:\\\/\\\/www.edel.fr\\\/produit\\\/damper-renault-370007910-amortisseurs-de-torsion-tracteur\\\/#breadcrumb\"},\"inLanguage\":\"en-US\",\"potentialAction\":[{\"@type\":\"ReadAction\",\"target\":[\"http:\\\/\\\/www.edel.fr\\\/produit\\\/damper-renault-370007910-amortisseurs-de-torsion-tracteur\\\/\"]}]},{\"@type\":\"ImageObject\",\"inLanguage\":\"en-US\",\"@id\":\"http:\\\/\\\/www.edel.fr\\\/produit\\\/damper-renault-370007910-amortisseurs-de-torsion-tracteur\\\/#primaryimage\",\"url\":\"https:\\\/\\\/www.edel.fr\\\/uploads\\\/2021\\\/01\\\/DU157910.jpg\",\"contentUrl\":\"https:\\\/\\\/www.edel.fr\\\/uploads\\\/2021\\\/01\\\/DU157910.jpg\",\"width\":1512,\"height\":1788,\"caption\":\"Damper Renault 370007910 - Amortisseurs de torsion tracteur\"},{\"@type\":\"BreadcrumbList\",\"@id\":\"http:\\\/\\\/www.edel.fr\\\/produit\\\/damper-renault-370007910-amortisseurs-de-torsion-tracteur\\\/#breadcrumb\",\"itemListElement\":[{\"@type\":\"ListItem\",\"position\":1,\"name\":\"Pi\u00e8ce Tracteur\",\"item\":\"http:\\\/\\\/www.edel.fr\\\/en\\\/\"},{\"@type\":\"ListItem\",\"position\":2,\"name\":\"Toutes nos pi\u00e8ces Tracteur\",\"item\":\"https:\\\/\\\/edel.fr\\\/shop\\\/\"},{\"@type\":\"ListItem\",\"position\":3,\"name\":\"Damper Renault 370007910 &#8211; Amortisseurs de torsion tracteur\"}]},{\"@type\":\"WebSite\",\"@id\":\"http:\\\/\\\/www.edel.fr\\\/en\\\/#website\",\"url\":\"http:\\\/\\\/www.edel.fr\\\/en\\\/\",\"name\":\"Edel\",\"description\":\"Pi\u00e8ce d\u00e9tach\u00e9e de Tracteur Agricole\",\"publisher\":{\"@id\":\"http:\\\/\\\/www.edel.fr\\\/en\\\/#organization\"},\"potentialAction\":[{\"@type\":\"SearchAction\",\"target\":{\"@type\":\"EntryPoint\",\"urlTemplate\":\"http:\\\/\\\/www.edel.fr\\\/en\\\/?s={search_term_string}\"},\"query-input\":{\"@type\":\"PropertyValueSpecification\",\"valueRequired\":true,\"valueName\":\"search_term_string\"}}],\"inLanguage\":\"en-US\"},{\"@type\":\"Organization\",\"@id\":\"http:\\\/\\\/www.edel.fr\\\/en\\\/#organization\",\"name\":\"Edel\",\"url\":\"http:\\\/\\\/www.edel.fr\\\/en\\\/\",\"logo\":{\"@type\":\"ImageObject\",\"inLanguage\":\"en-US\",\"@id\":\"http:\\\/\\\/www.edel.fr\\\/en\\\/#\\\/schema\\\/logo\\\/image\\\/\",\"url\":\"https:\\\/\\\/www.edel.fr\\\/uploads\\\/2018\\\/11\\\/logo-edel.png\",\"contentUrl\":\"https:\\\/\\\/www.edel.fr\\\/uploads\\\/2018\\\/11\\\/logo-edel.png\",\"width\":257,\"height\":68,\"caption\":\"Edel\"},\"image\":{\"@id\":\"http:\\\/\\\/www.edel.fr\\\/en\\\/#\\\/schema\\\/logo\\\/image\\\/\"}}]}<\/script>\n<!-- \/ Yoast SEO plugin. -->","yoast_head_json":{"title":"Damper Renault 370007910 - Amortisseurs de torsion tracteur - Edel","description":"Damper Renault 370007910 - Amortisseurs de torsion tracteur - Ares 546 Ares 547 556 557 566 567 577 616 617 656 657 696 697 ARION 410 420 640 - Flector LuK","robots":{"index":"index","follow":"follow","max-snippet":"max-snippet:-1","max-image-preview":"max-image-preview:large","max-video-preview":"max-video-preview:-1"},"canonical":"http:\/\/www.edel.fr\/en\/product\/damper-renault-370007910-amortisseurs-de-torsion-tracteur\/","og_locale":"en_US","og_type":"article","og_title":"Damper Renault 370007910 - Amortisseurs de torsion tracteur - Edel","og_description":"Damper Renault 370007910 - Amortisseurs de torsion tracteur - Ares 546 Ares 547 556 557 566 567 577 616 617 656 657 696 697 ARION 410 420 640 - Flector LuK","og_url":"http:\/\/www.edel.fr\/en\/product\/damper-renault-370007910-amortisseurs-de-torsion-tracteur\/","og_site_name":"Edel","article_modified_time":"2025-11-05T20:06:50+00:00","og_image":[{"width":1512,"height":1788,"url":"http:\/\/www.edel.fr\/uploads\/2021\/01\/DU157910.jpg","type":"image\/jpeg"}],"twitter_card":"summary_large_image","twitter_misc":{"Est. reading time":"2 minutes"},"schema":{"@context":"https:\/\/schema.org","@graph":[{"@type":"WebPage","@id":"http:\/\/www.edel.fr\/produit\/damper-renault-370007910-amortisseurs-de-torsion-tracteur\/","url":"http:\/\/www.edel.fr\/produit\/damper-renault-370007910-amortisseurs-de-torsion-tracteur\/","name":"Damper Renault 370007910 - Amortisseurs de torsion tracteur - Edel","isPartOf":{"@id":"http:\/\/www.edel.fr\/en\/#website"},"primaryImageOfPage":{"@id":"http:\/\/www.edel.fr\/produit\/damper-renault-370007910-amortisseurs-de-torsion-tracteur\/#primaryimage"},"image":{"@id":"http:\/\/www.edel.fr\/produit\/damper-renault-370007910-amortisseurs-de-torsion-tracteur\/#primaryimage"},"thumbnailUrl":"https:\/\/www.edel.fr\/uploads\/2021\/01\/DU157910.jpg","datePublished":"2021-01-15T13:53:24+00:00","dateModified":"2025-11-05T20:06:50+00:00","description":"Damper Renault 370007910 - Amortisseurs de torsion tracteur - Ares 546 Ares 547 556 557 566 567 577 616 617 656 657 696 697 ARION 410 420 640 - Flector LuK","breadcrumb":{"@id":"http:\/\/www.edel.fr\/produit\/damper-renault-370007910-amortisseurs-de-torsion-tracteur\/#breadcrumb"},"inLanguage":"en-US","potentialAction":[{"@type":"ReadAction","target":["http:\/\/www.edel.fr\/produit\/damper-renault-370007910-amortisseurs-de-torsion-tracteur\/"]}]},{"@type":"ImageObject","inLanguage":"en-US","@id":"http:\/\/www.edel.fr\/produit\/damper-renault-370007910-amortisseurs-de-torsion-tracteur\/#primaryimage","url":"https:\/\/www.edel.fr\/uploads\/2021\/01\/DU157910.jpg","contentUrl":"https:\/\/www.edel.fr\/uploads\/2021\/01\/DU157910.jpg","width":1512,"height":1788,"caption":"Damper Renault 370007910 - Amortisseurs de torsion tracteur"},{"@type":"BreadcrumbList","@id":"http:\/\/www.edel.fr\/produit\/damper-renault-370007910-amortisseurs-de-torsion-tracteur\/#breadcrumb","itemListElement":[{"@type":"ListItem","position":1,"name":"Pi\u00e8ce Tracteur","item":"http:\/\/www.edel.fr\/en\/"},{"@type":"ListItem","position":2,"name":"Toutes nos pi\u00e8ces Tracteur","item":"https:\/\/edel.fr\/shop\/"},{"@type":"ListItem","position":3,"name":"Damper Renault 370007910 &#8211; Amortisseurs de torsion tracteur"}]},{"@type":"WebSite","@id":"http:\/\/www.edel.fr\/en\/#website","url":"http:\/\/www.edel.fr\/en\/","name":"Edel","description":"Pi\u00e8ce d\u00e9tach\u00e9e de Tracteur Agricole","publisher":{"@id":"http:\/\/www.edel.fr\/en\/#organization"},"potentialAction":[{"@type":"SearchAction","target":{"@type":"EntryPoint","urlTemplate":"http:\/\/www.edel.fr\/en\/?s={search_term_string}"},"query-input":{"@type":"PropertyValueSpecification","valueRequired":true,"valueName":"search_term_string"}}],"inLanguage":"en-US"},{"@type":"Organization","@id":"http:\/\/www.edel.fr\/en\/#organization","name":"Edel","url":"http:\/\/www.edel.fr\/en\/","logo":{"@type":"ImageObject","inLanguage":"en-US","@id":"http:\/\/www.edel.fr\/en\/#\/schema\/logo\/image\/","url":"https:\/\/www.edel.fr\/uploads\/2018\/11\/logo-edel.png","contentUrl":"https:\/\/www.edel.fr\/uploads\/2018\/11\/logo-edel.png","width":257,"height":68,"caption":"Edel"},"image":{"@id":"http:\/\/www.edel.fr\/en\/#\/schema\/logo\/image\/"}}]}},"_links":{"self":[{"href":"https:\/\/www.edel.fr\/en\/wp-json\/wp\/v2\/product\/9962","targetHints":{"allow":["GET"]}}],"collection":[{"href":"https:\/\/www.edel.fr\/en\/wp-json\/wp\/v2\/product"}],"about":[{"href":"https:\/\/www.edel.fr\/en\/wp-json\/wp\/v2\/types\/product"}],"version-history":[{"count":2,"href":"https:\/\/www.edel.fr\/en\/wp-json\/wp\/v2\/product\/9962\/revisions"}],"predecessor-version":[{"id":14185,"href":"https:\/\/www.edel.fr\/en\/wp-json\/wp\/v2\/product\/9962\/revisions\/14185"}],"wp:featuredmedia":[{"embeddable":true,"href":"https:\/\/www.edel.fr\/en\/wp-json\/wp\/v2\/media\/9965"}],"wp:attachment":[{"href":"https:\/\/www.edel.fr\/en\/wp-json\/wp\/v2\/media?parent=9962"}],"wp:term":[{"taxonomy":"product_brand","embeddable":true,"href":"https:\/\/www.edel.fr\/en\/wp-json\/wp\/v2\/product_brand?post=9962"},{"taxonomy":"product_cat","embeddable":true,"href":"https:\/\/www.edel.fr\/en\/wp-json\/wp\/v2\/product_cat?post=9962"},{"taxonomy":"product_tag","embeddable":true,"href":"https:\/\/www.edel.fr\/en\/wp-json\/wp\/v2\/product_tag?post=9962"},{"taxonomy":"tracteur","embeddable":true,"href":"https:\/\/www.edel.fr\/en\/wp-json\/wp\/v2\/tracteur?post=9962"}],"curies":[{"name":"wp","href":"https:\/\/api.w.org\/{rel}","templated":true}]}}