{"id":9627,"date":"2020-12-22T15:08:46","date_gmt":"2020-12-22T14:08:46","guid":{"rendered":"https:\/\/www.edel.fr\/?post_type=product&#038;p=9627"},"modified":"2025-11-05T21:05:31","modified_gmt":"2025-11-05T20:05:31","slug":"embrayage-fendt-kit-complet-204-p-250-gt-260-v-275-s-345-gt","status":"publish","type":"product","link":"https:\/\/www.edel.fr\/en\/product\/embrayage-fendt-kit-complet-204-p-250-gt-260-v-275-s-345-gt\/","title":{"rendered":"Kit embrayage Fendt &#8211; 204 P 250 GT 260 V 275 S 345 GT &#8211; Fendt Tracteur Agricole"},"content":{"rendered":"<div data-elementor-type=\"wp-post\" data-elementor-id=\"9627\" class=\"elementor elementor-9627\">\n\t\t\t\t\t\t<section class=\"elementor-section elementor-top-section elementor-element elementor-element-501b219 elementor-section-boxed elementor-section-height-default elementor-section-height-default\" data-id=\"501b219\" data-element_type=\"section\" data-e-type=\"section\">\n\t\t\t\t\t\t<div class=\"elementor-container elementor-column-gap-default\">\n\t\t\t\t\t<div class=\"elementor-column elementor-col-100 elementor-top-column elementor-element elementor-element-db21d16\" data-id=\"db21d16\" data-element_type=\"column\" data-e-type=\"column\">\n\t\t\t<div class=\"elementor-widget-wrap elementor-element-populated\">\n\t\t\t\t\t\t<div class=\"elementor-element elementor-element-74f0c2a elementor-widget elementor-widget-heading\" data-id=\"74f0c2a\" data-element_type=\"widget\" data-e-type=\"widget\" data-widget_type=\"heading.default\">\n\t\t\t\t<div class=\"elementor-widget-container\">\n\t\t\t\t\t<h2 class=\"elementor-heading-title elementor-size-default\">EMBRAYAGE FENDT KIT COMPLET<br>M\u00c9CANISME DOUBLE, DISQUE AV. ORGANIQUE, BUT\u00c9E, ROULEMENT PILOTE&nbsp; <br>\u00d8280\/295&nbsp;MM - 20 \/ 10 CANNELURES <\/h2>\t\t\t\t<\/div>\n\t\t\t\t<\/div>\n\t\t\t\t\t<\/div>\n\t\t<\/div>\n\t\t\t\t\t<\/div>\n\t\t<\/section>\n\t\t\t\t<section class=\"elementor-section elementor-top-section elementor-element elementor-element-5c74669 elementor-section-boxed elementor-section-height-default elementor-section-height-default\" data-id=\"5c74669\" data-element_type=\"section\" data-e-type=\"section\">\n\t\t\t\t\t\t<div class=\"elementor-container elementor-column-gap-default\">\n\t\t\t\t\t<div class=\"elementor-column elementor-col-100 elementor-top-column elementor-element elementor-element-eeefcc9\" data-id=\"eeefcc9\" data-element_type=\"column\" data-e-type=\"column\">\n\t\t\t<div class=\"elementor-widget-wrap elementor-element-populated\">\n\t\t\t\t\t\t<div class=\"elementor-element elementor-element-5ce5cfd elementor-widget elementor-widget-heading\" data-id=\"5ce5cfd\" data-element_type=\"widget\" data-e-type=\"widget\" data-widget_type=\"heading.default\">\n\t\t\t\t<div class=\"elementor-widget-container\">\n\t\t\t\t\t<h3 class=\"elementor-heading-title elementor-size-default\">Information du produit :<\/h3>\t\t\t\t<\/div>\n\t\t\t\t<\/div>\n\t\t\t\t\t<\/div>\n\t\t<\/div>\n\t\t\t\t\t<\/div>\n\t\t<\/section>\n\t\t\t\t<section class=\"elementor-section elementor-top-section elementor-element elementor-element-2c2f6184 elementor-section-boxed elementor-section-height-default elementor-section-height-default\" data-id=\"2c2f6184\" data-element_type=\"section\" data-e-type=\"section\">\n\t\t\t\t\t\t<div class=\"elementor-container elementor-column-gap-default\">\n\t\t\t\t\t<div class=\"elementor-column elementor-col-100 elementor-top-column elementor-element elementor-element-395b2ae3\" data-id=\"395b2ae3\" data-element_type=\"column\" data-e-type=\"column\">\n\t\t\t<div class=\"elementor-widget-wrap elementor-element-populated\">\n\t\t\t\t\t\t<div class=\"elementor-element elementor-element-425bbdb1 elementor-widget elementor-widget-text-editor\" data-id=\"425bbdb1\" data-element_type=\"widget\" data-e-type=\"widget\" data-widget_type=\"text-editor.default\">\n\t\t\t\t<div class=\"elementor-widget-container\">\n\t\t\t\t\t\t\t\t\t<h4><strong style=\"color: #fdb819\"><span style=\"text-decoration: underline\">Carter court &#8211; <span style=\"color: #333333;text-decoration: underline\">Pour montage avec vis de m\u00e9canisme de longueur 50 Mm.<\/span><\/span><\/strong><\/h4><div><p>Fendt 204 P, 204 V, 205 P, 208 PA, 250 GT, 255 GT, 260 V, 265, 270 P, 270V, 275 GT, 275 S, 280 P, 345 GT, 360 GT, 365 GT<span style=\"background-color: #ffffff\">.<\/span><\/p><\/div><p>Le kit d\u2019embrayage tracteur agricole est compos\u00e9 d\u2019un m\u00e9canisme, d\u2019un ou deux disques, d\u2019une ou deux but\u00e9es et du roulement pilote. De plus le kit complet comprend la totalit\u00e9 des pi\u00e8ces \u00e0 changer en atelier. Cependant les pi\u00e8ces de rechange qui le composent sont rigoureusement s\u00e9lectionn\u00e9es pour leur qualit\u00e9 et leur fiabilit\u00e9.\u00a0<\/p><p>Toutefois choisir de remplacer une pi\u00e8ce au d\u00e9tail peut s\u2019av\u00e9rer \u00eatre moins avantageux que de remplacer un ensemble complet. Nos kits se distinguent par la qualit\u00e9 de nos but\u00e9es d\u2019embrayages et roulements pilotes. Une but\u00e9e adaptable qui grippe conduit irr\u00e9m\u00e9diablement \u00e0 la destruction du m\u00e9canisme.<\/p><p>Car pour le montage d\u2019un kit d\u2019embrayage agricole, les pi\u00e8ces p\u00e9riph\u00e9riques doivent proc\u00e9der \u00e0 un examen minutieux. Notamment, le volant moteur et les diff\u00e9rents joints spi.<\/p><p>En effet, pour le syst\u00e8me de commande, une vigilance particuli\u00e8re est \u00e0 porter au c\u00e2ble, a la tringlerie et au circuit hydraulique. En cas de doute, ces composants doivent absolument \u00eatre remis \u00e0 niveau pour permettre le parfait fonctionnement de l\u2019embrayage.<\/p><p>Bien s\u00fbr, pour plus de renseignements, n&rsquo;h\u00e9sitez pas \u00e0 nous consulter !<\/p>\t\t\t\t\t\t\t\t<\/div>\n\t\t\t\t<\/div>\n\t\t\t\t\t<\/div>\n\t\t<\/div>\n\t\t\t\t\t<\/div>\n\t\t<\/section>\n\t\t\t\t<\/div>","protected":false},"excerpt":{"rendered":"<p>EMBRAYAGE FENDT KIT COMPLET M\u00c9CANISME DOUBLE, DISQUE AV. ORGANIQUE, BUT\u00c9E, ROULEMENT PILOTE \u00d8280\/295\u00a0MM &#8211; 20 \/ 10 CANNELURES Information du produit : Carter court &#8211; Pour montage avec vis de m\u00e9canisme de longueur 50 Mm. Fendt 204 P, 204 V, 205 P, 208 PA, 250 GT, 255 GT, 260 V, 265, 270 P, 270V, 275<br \/><a class=\"more-link\" href=\"https:\/\/www.edel.fr\/en\/product\/embrayage-fendt-kit-complet-204-p-250-gt-260-v-275-s-345-gt\/\"><br \/>\n        Read More<span class=\"screen-reader-text\"> \u00ab\u00a0Kit embrayage Fendt &#8211; 204 P 250 GT 260 V 275 S 345 GT &#8211; Fendt Tracteur Agricole\u00a0\u00bb<\/span><\/a><\/p>","protected":false},"featured_media":9626,"template":"","meta":[],"product_brand":[],"product_cat":[1141,3946,119,120],"product_tag":[143,124],"tracteur":[],"class_list":{"0":"post-9627","1":"product","2":"type-product","3":"status-publish","4":"has-post-thumbnail","6":"product_cat-kits-dembrayage","7":"product_cat-fendt","8":"product_cat-tracteurs-agricoles","9":"product_cat-transmissions","10":"product_tag-kits-dembrayage","11":"product_tag-transmissions","12":"product_shipping_class-142","13":"pa_fabriquant-kawe","14":"pa_marque-tracteur-fendt","15":"pa_type-2-204-p","16":"pa_type-2-204-v","17":"pa_type-2-205-p","18":"pa_type-2-208-pa","19":"pa_type-2-250-gt","20":"pa_type-2-255-gt","21":"pa_type-2-260-v","22":"pa_type-2-1205","23":"pa_type-2-270-p","24":"pa_type-2-270v","25":"pa_type-2-275-gt","26":"pa_type-2-275-s","27":"pa_type-2-280-p","28":"pa_type-2-345-gt","29":"pa_type-2-360-gt","30":"pa_type-2-365-gt","31":"badges-style-2","33":"first","34":"instock","35":"taxable","36":"shipping-taxable","37":"purchasable","38":"product-type-simple"},"acf":[],"yoast_head":"<!-- This site is optimized with the Yoast SEO plugin v27.3 - https:\/\/yoast.com\/product\/yoast-seo-wordpress\/ -->\n<title>Embrayage Fendt Kit Complet - 204 P 250 GT 260 V 275 S 345 GT - Edel<\/title>\n<meta name=\"description\" content=\"Embrayage Fendt Kit - Disque AV. Organique, but\u00e9e, roulement pilote - 204 P 204 V 205 P 208 PA 250 GT 255 GT 260 V 265 270 P 270V 275 GT 275 S 280 P 345 GT\" \/>\n<meta name=\"robots\" content=\"index, follow, max-snippet:-1, max-image-preview:large, max-video-preview:-1\" \/>\n<link rel=\"canonical\" href=\"https:\/\/edel.fr\/en\/product\/embrayage-fendt-kit-complet-204-p-250-gt-260-v-275-s-345-gt\/\" \/>\n<meta property=\"og:locale\" content=\"en_US\" \/>\n<meta property=\"og:type\" content=\"article\" \/>\n<meta property=\"og:title\" content=\"Embrayage Fendt Kit Complet - 204 P 250 GT 260 V 275 S 345 GT - Edel\" \/>\n<meta property=\"og:description\" content=\"Embrayage Fendt Kit - Disque AV. Organique, but\u00e9e, roulement pilote - 204 P 204 V 205 P 208 PA 250 GT 255 GT 260 V 265 270 P 270V 275 GT 275 S 280 P 345 GT\" \/>\n<meta property=\"og:url\" content=\"https:\/\/edel.fr\/en\/product\/embrayage-fendt-kit-complet-204-p-250-gt-260-v-275-s-345-gt\/\" \/>\n<meta property=\"og:site_name\" content=\"Edel\" \/>\n<meta property=\"article:modified_time\" content=\"2025-11-05T20:05:31+00:00\" \/>\n<meta property=\"og:image\" content=\"https:\/\/edel.fr\/uploads\/2019\/03\/embr-fendt-0320.jpg\" \/>\n\t<meta property=\"og:image:width\" content=\"1920\" \/>\n\t<meta property=\"og:image:height\" content=\"1440\" \/>\n\t<meta property=\"og:image:type\" content=\"image\/jpeg\" \/>\n<meta name=\"twitter:card\" content=\"summary_large_image\" \/>\n<meta name=\"twitter:label1\" content=\"Est. reading time\" \/>\n\t<meta name=\"twitter:data1\" content=\"2 minutes\" \/>\n<script type=\"application\/ld+json\" class=\"yoast-schema-graph\">{\"@context\":\"https:\\\/\\\/schema.org\",\"@graph\":[{\"@type\":\"WebPage\",\"@id\":\"https:\\\/\\\/edel.fr\\\/en\\\/product\\\/embrayage-fendt-kit-complet-204-p-250-gt-260-v-275-s-345-gt\\\/\",\"url\":\"https:\\\/\\\/edel.fr\\\/en\\\/product\\\/embrayage-fendt-kit-complet-204-p-250-gt-260-v-275-s-345-gt\\\/\",\"name\":\"Embrayage Fendt Kit Complet - 204 P 250 GT 260 V 275 S 345 GT - Edel\",\"isPartOf\":{\"@id\":\"http:\\\/\\\/www.edel.fr\\\/en\\\/#website\"},\"primaryImageOfPage\":{\"@id\":\"https:\\\/\\\/edel.fr\\\/en\\\/product\\\/embrayage-fendt-kit-complet-204-p-250-gt-260-v-275-s-345-gt\\\/#primaryimage\"},\"image\":{\"@id\":\"https:\\\/\\\/edel.fr\\\/en\\\/product\\\/embrayage-fendt-kit-complet-204-p-250-gt-260-v-275-s-345-gt\\\/#primaryimage\"},\"thumbnailUrl\":\"https:\\\/\\\/www.edel.fr\\\/uploads\\\/2019\\\/03\\\/embr-fendt-0320.jpg\",\"datePublished\":\"2020-12-22T14:08:46+00:00\",\"dateModified\":\"2025-11-05T20:05:31+00:00\",\"description\":\"Embrayage Fendt Kit - Disque AV. Organique, but\u00e9e, roulement pilote - 204 P 204 V 205 P 208 PA 250 GT 255 GT 260 V 265 270 P 270V 275 GT 275 S 280 P 345 GT\",\"breadcrumb\":{\"@id\":\"https:\\\/\\\/edel.fr\\\/en\\\/product\\\/embrayage-fendt-kit-complet-204-p-250-gt-260-v-275-s-345-gt\\\/#breadcrumb\"},\"inLanguage\":\"en-US\",\"potentialAction\":[{\"@type\":\"ReadAction\",\"target\":[\"https:\\\/\\\/edel.fr\\\/en\\\/product\\\/embrayage-fendt-kit-complet-204-p-250-gt-260-v-275-s-345-gt\\\/\"]}]},{\"@type\":\"ImageObject\",\"inLanguage\":\"en-US\",\"@id\":\"https:\\\/\\\/edel.fr\\\/en\\\/product\\\/embrayage-fendt-kit-complet-204-p-250-gt-260-v-275-s-345-gt\\\/#primaryimage\",\"url\":\"https:\\\/\\\/www.edel.fr\\\/uploads\\\/2019\\\/03\\\/embr-fendt-0320.jpg\",\"contentUrl\":\"https:\\\/\\\/www.edel.fr\\\/uploads\\\/2019\\\/03\\\/embr-fendt-0320.jpg\",\"width\":1920,\"height\":1440,\"caption\":\"Embrayage Fendt Kit Complet - 204 P 250 GT 260 V 275 S 345 GT\"},{\"@type\":\"BreadcrumbList\",\"@id\":\"https:\\\/\\\/edel.fr\\\/en\\\/product\\\/embrayage-fendt-kit-complet-204-p-250-gt-260-v-275-s-345-gt\\\/#breadcrumb\",\"itemListElement\":[{\"@type\":\"ListItem\",\"position\":1,\"name\":\"Pi\u00e8ce Tracteur\",\"item\":\"http:\\\/\\\/www.edel.fr\\\/en\\\/\"},{\"@type\":\"ListItem\",\"position\":2,\"name\":\"Toutes nos pi\u00e8ces Tracteur\",\"item\":\"https:\\\/\\\/edel.fr\\\/shop\\\/\"},{\"@type\":\"ListItem\",\"position\":3,\"name\":\"Kit embrayage Fendt &#8211; 204 P 250 GT 260 V 275 S 345 GT &#8211; Fendt Tracteur Agricole\"}]},{\"@type\":\"WebSite\",\"@id\":\"http:\\\/\\\/www.edel.fr\\\/en\\\/#website\",\"url\":\"http:\\\/\\\/www.edel.fr\\\/en\\\/\",\"name\":\"Edel\",\"description\":\"Pi\u00e8ce d\u00e9tach\u00e9e de Tracteur Agricole\",\"publisher\":{\"@id\":\"http:\\\/\\\/www.edel.fr\\\/en\\\/#organization\"},\"potentialAction\":[{\"@type\":\"SearchAction\",\"target\":{\"@type\":\"EntryPoint\",\"urlTemplate\":\"http:\\\/\\\/www.edel.fr\\\/en\\\/?s={search_term_string}\"},\"query-input\":{\"@type\":\"PropertyValueSpecification\",\"valueRequired\":true,\"valueName\":\"search_term_string\"}}],\"inLanguage\":\"en-US\"},{\"@type\":\"Organization\",\"@id\":\"http:\\\/\\\/www.edel.fr\\\/en\\\/#organization\",\"name\":\"Edel\",\"url\":\"http:\\\/\\\/www.edel.fr\\\/en\\\/\",\"logo\":{\"@type\":\"ImageObject\",\"inLanguage\":\"en-US\",\"@id\":\"http:\\\/\\\/www.edel.fr\\\/en\\\/#\\\/schema\\\/logo\\\/image\\\/\",\"url\":\"https:\\\/\\\/www.edel.fr\\\/uploads\\\/2018\\\/11\\\/logo-edel.png\",\"contentUrl\":\"https:\\\/\\\/www.edel.fr\\\/uploads\\\/2018\\\/11\\\/logo-edel.png\",\"width\":257,\"height\":68,\"caption\":\"Edel\"},\"image\":{\"@id\":\"http:\\\/\\\/www.edel.fr\\\/en\\\/#\\\/schema\\\/logo\\\/image\\\/\"}}]}<\/script>\n<!-- \/ Yoast SEO plugin. -->","yoast_head_json":{"title":"Embrayage Fendt Kit Complet - 204 P 250 GT 260 V 275 S 345 GT - Edel","description":"Embrayage Fendt Kit - Disque AV. Organique, but\u00e9e, roulement pilote - 204 P 204 V 205 P 208 PA 250 GT 255 GT 260 V 265 270 P 270V 275 GT 275 S 280 P 345 GT","robots":{"index":"index","follow":"follow","max-snippet":"max-snippet:-1","max-image-preview":"max-image-preview:large","max-video-preview":"max-video-preview:-1"},"canonical":"https:\/\/edel.fr\/en\/product\/embrayage-fendt-kit-complet-204-p-250-gt-260-v-275-s-345-gt\/","og_locale":"en_US","og_type":"article","og_title":"Embrayage Fendt Kit Complet - 204 P 250 GT 260 V 275 S 345 GT - Edel","og_description":"Embrayage Fendt Kit - Disque AV. Organique, but\u00e9e, roulement pilote - 204 P 204 V 205 P 208 PA 250 GT 255 GT 260 V 265 270 P 270V 275 GT 275 S 280 P 345 GT","og_url":"https:\/\/edel.fr\/en\/product\/embrayage-fendt-kit-complet-204-p-250-gt-260-v-275-s-345-gt\/","og_site_name":"Edel","article_modified_time":"2025-11-05T20:05:31+00:00","og_image":[{"width":1920,"height":1440,"url":"https:\/\/edel.fr\/uploads\/2019\/03\/embr-fendt-0320.jpg","type":"image\/jpeg"}],"twitter_card":"summary_large_image","twitter_misc":{"Est. reading time":"2 minutes"},"schema":{"@context":"https:\/\/schema.org","@graph":[{"@type":"WebPage","@id":"https:\/\/edel.fr\/en\/product\/embrayage-fendt-kit-complet-204-p-250-gt-260-v-275-s-345-gt\/","url":"https:\/\/edel.fr\/en\/product\/embrayage-fendt-kit-complet-204-p-250-gt-260-v-275-s-345-gt\/","name":"Embrayage Fendt Kit Complet - 204 P 250 GT 260 V 275 S 345 GT - Edel","isPartOf":{"@id":"http:\/\/www.edel.fr\/en\/#website"},"primaryImageOfPage":{"@id":"https:\/\/edel.fr\/en\/product\/embrayage-fendt-kit-complet-204-p-250-gt-260-v-275-s-345-gt\/#primaryimage"},"image":{"@id":"https:\/\/edel.fr\/en\/product\/embrayage-fendt-kit-complet-204-p-250-gt-260-v-275-s-345-gt\/#primaryimage"},"thumbnailUrl":"https:\/\/www.edel.fr\/uploads\/2019\/03\/embr-fendt-0320.jpg","datePublished":"2020-12-22T14:08:46+00:00","dateModified":"2025-11-05T20:05:31+00:00","description":"Embrayage Fendt Kit - Disque AV. Organique, but\u00e9e, roulement pilote - 204 P 204 V 205 P 208 PA 250 GT 255 GT 260 V 265 270 P 270V 275 GT 275 S 280 P 345 GT","breadcrumb":{"@id":"https:\/\/edel.fr\/en\/product\/embrayage-fendt-kit-complet-204-p-250-gt-260-v-275-s-345-gt\/#breadcrumb"},"inLanguage":"en-US","potentialAction":[{"@type":"ReadAction","target":["https:\/\/edel.fr\/en\/product\/embrayage-fendt-kit-complet-204-p-250-gt-260-v-275-s-345-gt\/"]}]},{"@type":"ImageObject","inLanguage":"en-US","@id":"https:\/\/edel.fr\/en\/product\/embrayage-fendt-kit-complet-204-p-250-gt-260-v-275-s-345-gt\/#primaryimage","url":"https:\/\/www.edel.fr\/uploads\/2019\/03\/embr-fendt-0320.jpg","contentUrl":"https:\/\/www.edel.fr\/uploads\/2019\/03\/embr-fendt-0320.jpg","width":1920,"height":1440,"caption":"Embrayage Fendt Kit Complet - 204 P 250 GT 260 V 275 S 345 GT"},{"@type":"BreadcrumbList","@id":"https:\/\/edel.fr\/en\/product\/embrayage-fendt-kit-complet-204-p-250-gt-260-v-275-s-345-gt\/#breadcrumb","itemListElement":[{"@type":"ListItem","position":1,"name":"Pi\u00e8ce Tracteur","item":"http:\/\/www.edel.fr\/en\/"},{"@type":"ListItem","position":2,"name":"Toutes nos pi\u00e8ces Tracteur","item":"https:\/\/edel.fr\/shop\/"},{"@type":"ListItem","position":3,"name":"Kit embrayage Fendt &#8211; 204 P 250 GT 260 V 275 S 345 GT &#8211; Fendt Tracteur Agricole"}]},{"@type":"WebSite","@id":"http:\/\/www.edel.fr\/en\/#website","url":"http:\/\/www.edel.fr\/en\/","name":"Edel","description":"Pi\u00e8ce d\u00e9tach\u00e9e de Tracteur Agricole","publisher":{"@id":"http:\/\/www.edel.fr\/en\/#organization"},"potentialAction":[{"@type":"SearchAction","target":{"@type":"EntryPoint","urlTemplate":"http:\/\/www.edel.fr\/en\/?s={search_term_string}"},"query-input":{"@type":"PropertyValueSpecification","valueRequired":true,"valueName":"search_term_string"}}],"inLanguage":"en-US"},{"@type":"Organization","@id":"http:\/\/www.edel.fr\/en\/#organization","name":"Edel","url":"http:\/\/www.edel.fr\/en\/","logo":{"@type":"ImageObject","inLanguage":"en-US","@id":"http:\/\/www.edel.fr\/en\/#\/schema\/logo\/image\/","url":"https:\/\/www.edel.fr\/uploads\/2018\/11\/logo-edel.png","contentUrl":"https:\/\/www.edel.fr\/uploads\/2018\/11\/logo-edel.png","width":257,"height":68,"caption":"Edel"},"image":{"@id":"http:\/\/www.edel.fr\/en\/#\/schema\/logo\/image\/"}}]}},"_links":{"self":[{"href":"https:\/\/www.edel.fr\/en\/wp-json\/wp\/v2\/product\/9627","targetHints":{"allow":["GET"]}}],"collection":[{"href":"https:\/\/www.edel.fr\/en\/wp-json\/wp\/v2\/product"}],"about":[{"href":"https:\/\/www.edel.fr\/en\/wp-json\/wp\/v2\/types\/product"}],"version-history":[{"count":2,"href":"https:\/\/www.edel.fr\/en\/wp-json\/wp\/v2\/product\/9627\/revisions"}],"predecessor-version":[{"id":18436,"href":"https:\/\/www.edel.fr\/en\/wp-json\/wp\/v2\/product\/9627\/revisions\/18436"}],"wp:featuredmedia":[{"embeddable":true,"href":"https:\/\/www.edel.fr\/en\/wp-json\/wp\/v2\/media\/9626"}],"wp:attachment":[{"href":"https:\/\/www.edel.fr\/en\/wp-json\/wp\/v2\/media?parent=9627"}],"wp:term":[{"taxonomy":"product_brand","embeddable":true,"href":"https:\/\/www.edel.fr\/en\/wp-json\/wp\/v2\/product_brand?post=9627"},{"taxonomy":"product_cat","embeddable":true,"href":"https:\/\/www.edel.fr\/en\/wp-json\/wp\/v2\/product_cat?post=9627"},{"taxonomy":"product_tag","embeddable":true,"href":"https:\/\/www.edel.fr\/en\/wp-json\/wp\/v2\/product_tag?post=9627"},{"taxonomy":"tracteur","embeddable":true,"href":"https:\/\/www.edel.fr\/en\/wp-json\/wp\/v2\/tracteur?post=9627"}],"curies":[{"name":"wp","href":"https:\/\/api.w.org\/{rel}","templated":true}]}}