{"id":9467,"date":"2020-12-15T14:37:50","date_gmt":"2020-12-15T13:37:50","guid":{"rendered":"https:\/\/www.edel.fr\/?post_type=product&#038;p=9467"},"modified":"2026-03-13T02:02:54","modified_gmt":"2026-03-13T01:02:54","slug":"fiat-embrayage-kit-complet-tl80-4635-4835-5635-7635-l65-tl80","status":"publish","type":"product","link":"https:\/\/www.edel.fr\/en\/product\/fiat-embrayage-kit-complet-tl80-4635-4835-5635-7635-l65-tl80\/","title":{"rendered":"Fiat Embrayage Kit Complet &#8211; TL80 4635 4835 5635 7635 L65 TL80"},"content":{"rendered":"<div data-elementor-type=\"wp-post\" data-elementor-id=\"9467\" class=\"elementor elementor-9467\">\n\t\t\t\t\t\t<section class=\"elementor-section elementor-top-section elementor-element elementor-element-08226df elementor-section-boxed elementor-section-height-default elementor-section-height-default\" data-id=\"08226df\" data-element_type=\"section\" data-e-type=\"section\">\n\t\t\t\t\t\t<div class=\"elementor-container elementor-column-gap-default\">\n\t\t\t\t\t<div class=\"elementor-column elementor-col-100 elementor-top-column elementor-element elementor-element-6ebc9e5\" data-id=\"6ebc9e5\" data-element_type=\"column\" data-e-type=\"column\">\n\t\t\t<div class=\"elementor-widget-wrap elementor-element-populated\">\n\t\t\t\t\t\t<div class=\"elementor-element elementor-element-a6ae754 elementor-widget elementor-widget-heading\" data-id=\"a6ae754\" data-element_type=\"widget\" data-e-type=\"widget\" data-widget_type=\"heading.default\">\n\t\t\t\t<div class=\"elementor-widget-container\">\n\t\t\t\t\t<h2 class=\"elementor-heading-title elementor-size-default\">KIT COMPLET - M\u00c9CANISME DOUBLE, DISQUE AV. C\u00c9RAM\u00c9TALLIQUE, 2 BUT\u00c9ES ET ROULEMENT PILOTE <br>\u00d8 310&nbsp;\/ 310 MM - 16 \/ 10 CANNELURES<\/h2>\t\t\t\t<\/div>\n\t\t\t\t<\/div>\n\t\t\t\t\t<\/div>\n\t\t<\/div>\n\t\t\t\t\t<\/div>\n\t\t<\/section>\n\t\t\t\t<section class=\"elementor-section elementor-top-section elementor-element elementor-element-870dd91 elementor-section-boxed elementor-section-height-default elementor-section-height-default\" data-id=\"870dd91\" data-element_type=\"section\" data-e-type=\"section\">\n\t\t\t\t\t\t<div class=\"elementor-container elementor-column-gap-default\">\n\t\t\t\t\t<div class=\"elementor-column elementor-col-100 elementor-top-column elementor-element elementor-element-2072780\" data-id=\"2072780\" data-element_type=\"column\" data-e-type=\"column\">\n\t\t\t<div class=\"elementor-widget-wrap elementor-element-populated\">\n\t\t\t\t\t\t<div class=\"elementor-element elementor-element-5b15518 elementor-widget elementor-widget-heading\" data-id=\"5b15518\" data-element_type=\"widget\" data-e-type=\"widget\" data-widget_type=\"heading.default\">\n\t\t\t\t<div class=\"elementor-widget-container\">\n\t\t\t\t\t<h3 class=\"elementor-heading-title elementor-size-default\">Information du produit :<\/h3>\t\t\t\t<\/div>\n\t\t\t\t<\/div>\n\t\t\t\t\t<\/div>\n\t\t<\/div>\n\t\t\t\t\t<\/div>\n\t\t<\/section>\n\t\t\t\t<section class=\"elementor-section elementor-top-section elementor-element elementor-element-3c363e7e elementor-section-boxed elementor-section-height-default elementor-section-height-default\" data-id=\"3c363e7e\" data-element_type=\"section\" data-e-type=\"section\">\n\t\t\t\t\t\t<div class=\"elementor-container elementor-column-gap-default\">\n\t\t\t\t\t<div class=\"elementor-column elementor-col-100 elementor-top-column elementor-element elementor-element-2eb241db\" data-id=\"2eb241db\" data-element_type=\"column\" data-e-type=\"column\">\n\t\t\t<div class=\"elementor-widget-wrap elementor-element-populated\">\n\t\t\t\t\t\t<div class=\"elementor-element elementor-element-4269bf78 elementor-widget elementor-widget-text-editor\" data-id=\"4269bf78\" data-element_type=\"widget\" data-e-type=\"widget\" data-widget_type=\"text-editor.default\">\n\t\t\t\t<div class=\"elementor-widget-container\">\n\t\t\t\t\t\t\t\t\t<div>Fiat &#8211; New Holland : 4635, 4835, 5635, 6635, 7635, L65, L75, L85, TD50, TL65, TL70, TL75, TL80, TL90<span style=\"background-color: #ffffff\">.<\/span><\/div>\n<div>&nbsp;<\/div>\n<p>Le kit d\u2019embrayage tracteur agricole est compos\u00e9 d\u2019un m\u00e9canisme, d\u2019un ou deux disques, d\u2019une ou deux but\u00e9es et du roulement pilote. De plus le kit complet comprend la totalit\u00e9 des pi\u00e8ces \u00e0 changer en atelier. Cependant, les pi\u00e8ces de rechange qui le composent sont rigoureusement s\u00e9lectionn\u00e9es pour leur qualit\u00e9 et leur fiabilit\u00e9.&nbsp;<\/p>\n<p>Toutefois, choisir de remplacer une pi\u00e8ce au d\u00e9tail peut s\u2019av\u00e9rer \u00eatre moins avantageux que de remplacer un ensemble complet. Nos kits se distinguent par la qualit\u00e9 de nos but\u00e9es d\u2019embrayages et roulements pilotes. Une but\u00e9e adaptable qui grippe conduit irr\u00e9m\u00e9diablement \u00e0 la destruction du m\u00e9canisme.<\/p>\n<p>Car pour le montage d\u2019un kit d\u2019embrayage agricole, les pi\u00e8ces p\u00e9riph\u00e9riques doivent proc\u00e9der \u00e0 un examen minutieux. Notamment, le volant moteur et les diff\u00e9rents joints spi.<\/p>\n<p>En effet, pour le syst\u00e8me de commande, une vigilance particuli\u00e8re est \u00e0 porter au c\u00e2ble, a la tringlerie et au circuit hydraulique. En cas de doute, ces composants doivent absolument \u00eatre remis \u00e0 niveau pour permettre le parfait fonctionnement de l\u2019embrayage.<\/p>\n<p>Bien s\u00fbr, pour plus de renseignements, n&rsquo;h\u00e9sitez pas \u00e0 nous consulter !<\/p>\t\t\t\t\t\t\t\t<\/div>\n\t\t\t\t<\/div>\n\t\t\t\t\t<\/div>\n\t\t<\/div>\n\t\t\t\t\t<\/div>\n\t\t<\/section>\n\t\t\t\t<\/div>","protected":false},"excerpt":{"rendered":"<p>KIT COMPLET &#8211; M\u00c9CANISME DOUBLE, DISQUE AV. C\u00c9RAM\u00c9TALLIQUE, 2 BUT\u00c9ES ET ROULEMENT PILOTE \u00d8 310\u00a0\/ 310 MM &#8211; 16 \/ 10 CANNELURES Information du produit : Fiat &#8211; New Holland : 4635, 4835, 5635, 6635, 7635, L65, L75, L85, TD50, TL65, TL70, TL75, TL80, TL90. Le kit d\u2019embrayage tracteur agricole est compos\u00e9 d\u2019un m\u00e9canisme, d\u2019un<br \/><a class=\"more-link\" href=\"https:\/\/www.edel.fr\/en\/product\/fiat-embrayage-kit-complet-tl80-4635-4835-5635-7635-l65-tl80\/\"><br \/>\n        Read More<span class=\"screen-reader-text\"> \u00ab\u00a0Fiat Embrayage Kit Complet &#8211; TL80 4635 4835 5635 7635 L65 TL80\u00a0\u00bb<\/span><\/a><\/p>","protected":false},"featured_media":9469,"template":"","meta":[],"product_brand":[],"product_cat":[1141,3956,119,120],"product_tag":[143,124],"tracteur":[],"class_list":{"0":"post-9467","1":"product","2":"type-product","3":"status-publish","4":"has-post-thumbnail","6":"product_cat-kits-dembrayage","7":"product_cat-fiat-new-holland","8":"product_cat-tracteurs-agricoles","9":"product_cat-transmissions","10":"product_tag-kits-dembrayage","11":"product_tag-transmissions","12":"product_shipping_class-142","13":"pa_fabriquant-kawe","14":"pa_marque-tracteur-fiat-new-holland","15":"pa_modele-tracteur-4279","16":"pa_modele-tracteur-4280","17":"pa_modele-tracteur-4281","18":"pa_modele-tracteur-4282","19":"pa_modele-tracteur-4283","20":"pa_modele-tracteur-l65","21":"pa_modele-tracteur-l75","22":"pa_modele-tracteur-l85","23":"pa_modele-tracteur-td50","24":"pa_modele-tracteur-tl65","25":"pa_modele-tracteur-tl70","26":"pa_modele-tracteur-tl75","27":"pa_modele-tracteur-tl80","28":"pa_modele-tracteur-tl90","29":"badges-style-2","31":"first","32":"outofstock","33":"taxable","34":"shipping-taxable","35":"purchasable","36":"product-type-simple"},"acf":[],"yoast_head":"<!-- This site is optimized with the Yoast SEO plugin v27.3 - https:\/\/yoast.com\/product\/yoast-seo-wordpress\/ -->\n<title>Fiat Embrayage Kit Complet - TL80 4635 4835 5635 7635 L65 TL80 - Edel<\/title>\n<meta name=\"description\" content=\"Fiat Embrayage Kit Complet - M\u00e9canisme double, disque AV. Cerametallique, 2 but\u00e9es et roulement pilote - \u00d8310 - 4635 5635 7635 L65 L75 L85 TD50 TL70 TL90\" \/>\n<meta name=\"robots\" content=\"index, follow, max-snippet:-1, max-image-preview:large, max-video-preview:-1\" \/>\n<link rel=\"canonical\" href=\"http:\/\/edel.fr\/produit\/fiat-embrayage-kit-complet-tl80-4635-4835-5635-7635-l65-tl80\/\" \/>\n<meta property=\"og:locale\" content=\"en_US\" \/>\n<meta property=\"og:type\" content=\"article\" \/>\n<meta property=\"og:title\" content=\"Fiat Embrayage Kit Complet - TL80 4635 4835 5635 7635 L65 TL80 - Edel\" \/>\n<meta property=\"og:description\" content=\"Fiat Embrayage Kit Complet - M\u00e9canisme double, disque AV. Cerametallique, 2 but\u00e9es et roulement pilote - \u00d8310 - 4635 5635 7635 L65 L75 L85 TD50 TL70 TL90\" \/>\n<meta property=\"og:url\" content=\"http:\/\/edel.fr\/produit\/fiat-embrayage-kit-complet-tl80-4635-4835-5635-7635-l65-tl80\/\" \/>\n<meta property=\"og:site_name\" content=\"Edel\" \/>\n<meta property=\"article:modified_time\" content=\"2026-03-13T01:02:54+00:00\" \/>\n<meta property=\"og:image\" content=\"http:\/\/edel.fr\/uploads\/2020\/12\/embr-fiat-0810.jpg\" \/>\n\t<meta property=\"og:image:width\" content=\"1920\" \/>\n\t<meta property=\"og:image:height\" content=\"1440\" \/>\n\t<meta property=\"og:image:type\" content=\"image\/jpeg\" \/>\n<meta name=\"twitter:card\" content=\"summary_large_image\" \/>\n<meta name=\"twitter:label1\" content=\"Est. reading time\" \/>\n\t<meta name=\"twitter:data1\" content=\"2 minutes\" \/>\n<script type=\"application\/ld+json\" class=\"yoast-schema-graph\">{\"@context\":\"https:\\\/\\\/schema.org\",\"@graph\":[{\"@type\":\"WebPage\",\"@id\":\"http:\\\/\\\/edel.fr\\\/produit\\\/fiat-embrayage-kit-complet-tl80-4635-4835-5635-7635-l65-tl80\\\/\",\"url\":\"http:\\\/\\\/edel.fr\\\/produit\\\/fiat-embrayage-kit-complet-tl80-4635-4835-5635-7635-l65-tl80\\\/\",\"name\":\"Fiat Embrayage Kit Complet - TL80 4635 4835 5635 7635 L65 TL80 - Edel\",\"isPartOf\":{\"@id\":\"http:\\\/\\\/www.edel.fr\\\/en\\\/#website\"},\"primaryImageOfPage\":{\"@id\":\"http:\\\/\\\/edel.fr\\\/produit\\\/fiat-embrayage-kit-complet-tl80-4635-4835-5635-7635-l65-tl80\\\/#primaryimage\"},\"image\":{\"@id\":\"http:\\\/\\\/edel.fr\\\/produit\\\/fiat-embrayage-kit-complet-tl80-4635-4835-5635-7635-l65-tl80\\\/#primaryimage\"},\"thumbnailUrl\":\"https:\\\/\\\/www.edel.fr\\\/uploads\\\/2020\\\/12\\\/embr-fiat-0810.jpg\",\"datePublished\":\"2020-12-15T13:37:50+00:00\",\"dateModified\":\"2026-03-13T01:02:54+00:00\",\"description\":\"Fiat Embrayage Kit Complet - M\u00e9canisme double, disque AV. Cerametallique, 2 but\u00e9es et roulement pilote - \u00d8310 - 4635 5635 7635 L65 L75 L85 TD50 TL70 TL90\",\"breadcrumb\":{\"@id\":\"http:\\\/\\\/edel.fr\\\/produit\\\/fiat-embrayage-kit-complet-tl80-4635-4835-5635-7635-l65-tl80\\\/#breadcrumb\"},\"inLanguage\":\"en-US\",\"potentialAction\":[{\"@type\":\"ReadAction\",\"target\":[\"http:\\\/\\\/edel.fr\\\/produit\\\/fiat-embrayage-kit-complet-tl80-4635-4835-5635-7635-l65-tl80\\\/\"]}]},{\"@type\":\"ImageObject\",\"inLanguage\":\"en-US\",\"@id\":\"http:\\\/\\\/edel.fr\\\/produit\\\/fiat-embrayage-kit-complet-tl80-4635-4835-5635-7635-l65-tl80\\\/#primaryimage\",\"url\":\"https:\\\/\\\/www.edel.fr\\\/uploads\\\/2020\\\/12\\\/embr-fiat-0810.jpg\",\"contentUrl\":\"https:\\\/\\\/www.edel.fr\\\/uploads\\\/2020\\\/12\\\/embr-fiat-0810.jpg\",\"width\":1920,\"height\":1440,\"caption\":\"Kit Embrayage Fiat Complet - TL80 4635 4835 5635 7635 L65 TL80\"},{\"@type\":\"BreadcrumbList\",\"@id\":\"http:\\\/\\\/edel.fr\\\/produit\\\/fiat-embrayage-kit-complet-tl80-4635-4835-5635-7635-l65-tl80\\\/#breadcrumb\",\"itemListElement\":[{\"@type\":\"ListItem\",\"position\":1,\"name\":\"Pi\u00e8ce Tracteur\",\"item\":\"http:\\\/\\\/www.edel.fr\\\/en\\\/\"},{\"@type\":\"ListItem\",\"position\":2,\"name\":\"Toutes nos pi\u00e8ces Tracteur\",\"item\":\"https:\\\/\\\/edel.fr\\\/shop\\\/\"},{\"@type\":\"ListItem\",\"position\":3,\"name\":\"Fiat Embrayage Kit Complet &#8211; TL80 4635 4835 5635 7635 L65 TL80\"}]},{\"@type\":\"WebSite\",\"@id\":\"http:\\\/\\\/www.edel.fr\\\/en\\\/#website\",\"url\":\"http:\\\/\\\/www.edel.fr\\\/en\\\/\",\"name\":\"Edel\",\"description\":\"Pi\u00e8ce d\u00e9tach\u00e9e de Tracteur Agricole\",\"publisher\":{\"@id\":\"http:\\\/\\\/www.edel.fr\\\/en\\\/#organization\"},\"potentialAction\":[{\"@type\":\"SearchAction\",\"target\":{\"@type\":\"EntryPoint\",\"urlTemplate\":\"http:\\\/\\\/www.edel.fr\\\/en\\\/?s={search_term_string}\"},\"query-input\":{\"@type\":\"PropertyValueSpecification\",\"valueRequired\":true,\"valueName\":\"search_term_string\"}}],\"inLanguage\":\"en-US\"},{\"@type\":\"Organization\",\"@id\":\"http:\\\/\\\/www.edel.fr\\\/en\\\/#organization\",\"name\":\"Edel\",\"url\":\"http:\\\/\\\/www.edel.fr\\\/en\\\/\",\"logo\":{\"@type\":\"ImageObject\",\"inLanguage\":\"en-US\",\"@id\":\"http:\\\/\\\/www.edel.fr\\\/en\\\/#\\\/schema\\\/logo\\\/image\\\/\",\"url\":\"https:\\\/\\\/www.edel.fr\\\/uploads\\\/2018\\\/11\\\/logo-edel.png\",\"contentUrl\":\"https:\\\/\\\/www.edel.fr\\\/uploads\\\/2018\\\/11\\\/logo-edel.png\",\"width\":257,\"height\":68,\"caption\":\"Edel\"},\"image\":{\"@id\":\"http:\\\/\\\/www.edel.fr\\\/en\\\/#\\\/schema\\\/logo\\\/image\\\/\"}}]}<\/script>\n<!-- \/ Yoast SEO plugin. -->","yoast_head_json":{"title":"Fiat Embrayage Kit Complet - TL80 4635 4835 5635 7635 L65 TL80 - Edel","description":"Fiat Embrayage Kit Complet - M\u00e9canisme double, disque AV. Cerametallique, 2 but\u00e9es et roulement pilote - \u00d8310 - 4635 5635 7635 L65 L75 L85 TD50 TL70 TL90","robots":{"index":"index","follow":"follow","max-snippet":"max-snippet:-1","max-image-preview":"max-image-preview:large","max-video-preview":"max-video-preview:-1"},"canonical":"http:\/\/edel.fr\/produit\/fiat-embrayage-kit-complet-tl80-4635-4835-5635-7635-l65-tl80\/","og_locale":"en_US","og_type":"article","og_title":"Fiat Embrayage Kit Complet - TL80 4635 4835 5635 7635 L65 TL80 - Edel","og_description":"Fiat Embrayage Kit Complet - M\u00e9canisme double, disque AV. Cerametallique, 2 but\u00e9es et roulement pilote - \u00d8310 - 4635 5635 7635 L65 L75 L85 TD50 TL70 TL90","og_url":"http:\/\/edel.fr\/produit\/fiat-embrayage-kit-complet-tl80-4635-4835-5635-7635-l65-tl80\/","og_site_name":"Edel","article_modified_time":"2026-03-13T01:02:54+00:00","og_image":[{"width":1920,"height":1440,"url":"http:\/\/edel.fr\/uploads\/2020\/12\/embr-fiat-0810.jpg","type":"image\/jpeg"}],"twitter_card":"summary_large_image","twitter_misc":{"Est. reading time":"2 minutes"},"schema":{"@context":"https:\/\/schema.org","@graph":[{"@type":"WebPage","@id":"http:\/\/edel.fr\/produit\/fiat-embrayage-kit-complet-tl80-4635-4835-5635-7635-l65-tl80\/","url":"http:\/\/edel.fr\/produit\/fiat-embrayage-kit-complet-tl80-4635-4835-5635-7635-l65-tl80\/","name":"Fiat Embrayage Kit Complet - TL80 4635 4835 5635 7635 L65 TL80 - Edel","isPartOf":{"@id":"http:\/\/www.edel.fr\/en\/#website"},"primaryImageOfPage":{"@id":"http:\/\/edel.fr\/produit\/fiat-embrayage-kit-complet-tl80-4635-4835-5635-7635-l65-tl80\/#primaryimage"},"image":{"@id":"http:\/\/edel.fr\/produit\/fiat-embrayage-kit-complet-tl80-4635-4835-5635-7635-l65-tl80\/#primaryimage"},"thumbnailUrl":"https:\/\/www.edel.fr\/uploads\/2020\/12\/embr-fiat-0810.jpg","datePublished":"2020-12-15T13:37:50+00:00","dateModified":"2026-03-13T01:02:54+00:00","description":"Fiat Embrayage Kit Complet - M\u00e9canisme double, disque AV. Cerametallique, 2 but\u00e9es et roulement pilote - \u00d8310 - 4635 5635 7635 L65 L75 L85 TD50 TL70 TL90","breadcrumb":{"@id":"http:\/\/edel.fr\/produit\/fiat-embrayage-kit-complet-tl80-4635-4835-5635-7635-l65-tl80\/#breadcrumb"},"inLanguage":"en-US","potentialAction":[{"@type":"ReadAction","target":["http:\/\/edel.fr\/produit\/fiat-embrayage-kit-complet-tl80-4635-4835-5635-7635-l65-tl80\/"]}]},{"@type":"ImageObject","inLanguage":"en-US","@id":"http:\/\/edel.fr\/produit\/fiat-embrayage-kit-complet-tl80-4635-4835-5635-7635-l65-tl80\/#primaryimage","url":"https:\/\/www.edel.fr\/uploads\/2020\/12\/embr-fiat-0810.jpg","contentUrl":"https:\/\/www.edel.fr\/uploads\/2020\/12\/embr-fiat-0810.jpg","width":1920,"height":1440,"caption":"Kit Embrayage Fiat Complet - TL80 4635 4835 5635 7635 L65 TL80"},{"@type":"BreadcrumbList","@id":"http:\/\/edel.fr\/produit\/fiat-embrayage-kit-complet-tl80-4635-4835-5635-7635-l65-tl80\/#breadcrumb","itemListElement":[{"@type":"ListItem","position":1,"name":"Pi\u00e8ce Tracteur","item":"http:\/\/www.edel.fr\/en\/"},{"@type":"ListItem","position":2,"name":"Toutes nos pi\u00e8ces Tracteur","item":"https:\/\/edel.fr\/shop\/"},{"@type":"ListItem","position":3,"name":"Fiat Embrayage Kit Complet &#8211; TL80 4635 4835 5635 7635 L65 TL80"}]},{"@type":"WebSite","@id":"http:\/\/www.edel.fr\/en\/#website","url":"http:\/\/www.edel.fr\/en\/","name":"Edel","description":"Pi\u00e8ce d\u00e9tach\u00e9e de Tracteur Agricole","publisher":{"@id":"http:\/\/www.edel.fr\/en\/#organization"},"potentialAction":[{"@type":"SearchAction","target":{"@type":"EntryPoint","urlTemplate":"http:\/\/www.edel.fr\/en\/?s={search_term_string}"},"query-input":{"@type":"PropertyValueSpecification","valueRequired":true,"valueName":"search_term_string"}}],"inLanguage":"en-US"},{"@type":"Organization","@id":"http:\/\/www.edel.fr\/en\/#organization","name":"Edel","url":"http:\/\/www.edel.fr\/en\/","logo":{"@type":"ImageObject","inLanguage":"en-US","@id":"http:\/\/www.edel.fr\/en\/#\/schema\/logo\/image\/","url":"https:\/\/www.edel.fr\/uploads\/2018\/11\/logo-edel.png","contentUrl":"https:\/\/www.edel.fr\/uploads\/2018\/11\/logo-edel.png","width":257,"height":68,"caption":"Edel"},"image":{"@id":"http:\/\/www.edel.fr\/en\/#\/schema\/logo\/image\/"}}]}},"_links":{"self":[{"href":"https:\/\/www.edel.fr\/en\/wp-json\/wp\/v2\/product\/9467","targetHints":{"allow":["GET"]}}],"collection":[{"href":"https:\/\/www.edel.fr\/en\/wp-json\/wp\/v2\/product"}],"about":[{"href":"https:\/\/www.edel.fr\/en\/wp-json\/wp\/v2\/types\/product"}],"version-history":[{"count":2,"href":"https:\/\/www.edel.fr\/en\/wp-json\/wp\/v2\/product\/9467\/revisions"}],"predecessor-version":[{"id":19696,"href":"https:\/\/www.edel.fr\/en\/wp-json\/wp\/v2\/product\/9467\/revisions\/19696"}],"wp:featuredmedia":[{"embeddable":true,"href":"https:\/\/www.edel.fr\/en\/wp-json\/wp\/v2\/media\/9469"}],"wp:attachment":[{"href":"https:\/\/www.edel.fr\/en\/wp-json\/wp\/v2\/media?parent=9467"}],"wp:term":[{"taxonomy":"product_brand","embeddable":true,"href":"https:\/\/www.edel.fr\/en\/wp-json\/wp\/v2\/product_brand?post=9467"},{"taxonomy":"product_cat","embeddable":true,"href":"https:\/\/www.edel.fr\/en\/wp-json\/wp\/v2\/product_cat?post=9467"},{"taxonomy":"product_tag","embeddable":true,"href":"https:\/\/www.edel.fr\/en\/wp-json\/wp\/v2\/product_tag?post=9467"},{"taxonomy":"tracteur","embeddable":true,"href":"https:\/\/www.edel.fr\/en\/wp-json\/wp\/v2\/tracteur?post=9467"}],"curies":[{"name":"wp","href":"https:\/\/api.w.org\/{rel}","templated":true}]}}