{"id":9173,"date":"2020-12-02T09:43:01","date_gmt":"2020-12-02T08:43:01","guid":{"rendered":"https:\/\/www.edel.fr\/?post_type=product&#038;p=9173"},"modified":"2026-02-15T22:53:26","modified_gmt":"2026-02-15T21:53:26","slug":"pompe-a-huile-deutz-fl912-913-4-et-6-cylindres-atmospherique","status":"publish","type":"product","link":"https:\/\/www.edel.fr\/en\/product\/pompe-a-huile-deutz-fl912-913-4-et-6-cylindres-atmospherique\/","title":{"rendered":"Pompe \u00e0 huile Deutz FL912 913 | 4 et 6 Cylindres Atmosph\u00e9rique"},"content":{"rendered":"<div data-elementor-type=\"wp-post\" data-elementor-id=\"9173\" class=\"elementor elementor-9173\">\n\t\t\t\t\t\t<section class=\"elementor-section elementor-top-section elementor-element elementor-element-55385e17 elementor-section-boxed elementor-section-height-default elementor-section-height-default\" data-id=\"55385e17\" data-element_type=\"section\" data-e-type=\"section\">\n\t\t\t\t\t\t<div class=\"elementor-container elementor-column-gap-default\">\n\t\t\t\t\t<div class=\"elementor-column elementor-col-100 elementor-top-column elementor-element elementor-element-69da3b2d\" data-id=\"69da3b2d\" data-element_type=\"column\" data-e-type=\"column\">\n\t\t\t<div class=\"elementor-widget-wrap elementor-element-populated\">\n\t\t\t\t\t\t<div class=\"elementor-element elementor-element-5333537e elementor-widget elementor-widget-heading\" data-id=\"5333537e\" data-element_type=\"widget\" data-e-type=\"widget\" data-widget_type=\"heading.default\">\n\t\t\t\t<div class=\"elementor-widget-container\">\n\t\t\t\t\t<h2 class=\"elementor-heading-title elementor-size-default\">Pompe \u00e0 huile Deutz FL912 913 | 4 et 6 Cylindres Atmosph\u00e9rique - Tracteur<\/h2>\t\t\t\t<\/div>\n\t\t\t\t<\/div>\n\t\t\t\t<div class=\"elementor-element elementor-element-3e5009eb elementor-widget elementor-widget-heading\" data-id=\"3e5009eb\" data-element_type=\"widget\" data-e-type=\"widget\" data-widget_type=\"heading.default\">\n\t\t\t\t<div class=\"elementor-widget-container\">\n\t\t\t\t\t<h3 class=\"elementor-heading-title elementor-size-default\">Information du produit :<\/h3>\t\t\t\t<\/div>\n\t\t\t\t<\/div>\n\t\t\t\t\t<\/div>\n\t\t<\/div>\n\t\t\t\t\t<\/div>\n\t\t<\/section>\n\t\t\t\t<section class=\"elementor-section elementor-top-section elementor-element elementor-element-290ca7d1 elementor-section-boxed elementor-section-height-default elementor-section-height-default\" data-id=\"290ca7d1\" data-element_type=\"section\" data-e-type=\"section\">\n\t\t\t\t\t\t<div class=\"elementor-container elementor-column-gap-default\">\n\t\t\t\t\t<div class=\"elementor-column elementor-col-100 elementor-top-column elementor-element elementor-element-773f35b7\" data-id=\"773f35b7\" data-element_type=\"column\" data-e-type=\"column\">\n\t\t\t<div class=\"elementor-widget-wrap elementor-element-populated\">\n\t\t\t\t\t\t<div class=\"elementor-element elementor-element-7774c225 elementor-widget elementor-widget-text-editor\" data-id=\"7774c225\" data-element_type=\"widget\" data-e-type=\"widget\" data-widget_type=\"text-editor.default\">\n\t\t\t\t<div class=\"elementor-widget-container\">\n\t\t\t\t\t\t\t\t\t<div>A contr\u00f4ler :<br \/><br \/><\/div><div>Plaque 3 vis<\/div><div>Filetage cr\u00e9pine 33mm<\/div><div>\u00a0<\/div><div>D&rsquo;autres variantes sont \u00e9galement disponibles, n&rsquo;h\u00e9sitez pas \u00e0 nous contacter !<\/div><div>\u00a0<\/div><div>\u00a0<\/div><div>Qualit\u00e9 origine Germany, marque KS ou MAHLE.<\/div><div>\u00a0<\/div><div>Type : 25.06, 28.07, 30.06, 36.07, 40.06, 40.07, 45.06, 45.07, 45.07C, 48.07, 48.07C, 50.06, 52.06, 52.07, <br \/>\u00a0 \u00a0 \u00a0 \u00a0 \u00a0 \u00a0 52.07C, 55.06, 60.06, 60.07, 60.07C, 62.06, 62.07, 62.07C, 65.07, 65.07C, 70.07, 72.06, 72.07, 75.06, <br \/>\u00a0 \u00a0 \u00a0 \u00a0 \u00a0 \u00a0 80.06, 90.06, AGROCOMPACT 3.30F-V, AGROCOMPACT 3.70F-V, AGROPRIMA 6.06, AGROXTRA 4.07, <br \/>\u00a0 \u00a0 \u00a0 \u00a0 \u00a0 \u00a0 AGROXTRA 6.07, DX110, DX3.10, DX3.30, DX3.60, DX3.65, DX3.70, DX4.10, DX6.05, DX6.10, DX85, DX90, <br \/>\u00a0 \u00a0 \u00a0 \u00a0 \u00a0 \u00a0 F2L912, F3L912, F4L912, F5L912, F6L912.<\/div><div><div>\u00a0<\/div><\/div>\t\t\t\t\t\t\t\t<\/div>\n\t\t\t\t<\/div>\n\t\t\t\t\t<\/div>\n\t\t<\/div>\n\t\t\t\t\t<\/div>\n\t\t<\/section>\n\t\t\t\t<\/div>","protected":false},"excerpt":{"rendered":"<p>Pompe \u00e0 huile Deutz FL912 913 | 4 et 6 Cylindres Atmosph\u00e9rique &#8211; Tracteur Information du produit : A contr\u00f4ler : Plaque 3 visFiletage cr\u00e9pine 33mm\u00a0D&rsquo;autres variantes sont \u00e9galement disponibles, n&rsquo;h\u00e9sitez pas \u00e0 nous contacter !\u00a0\u00a0Qualit\u00e9 origine Germany, marque KS ou MAHLE.\u00a0Type : 25.06, 28.07, 30.06, 36.07, 40.06, 40.07, 45.06, 45.07, 45.07C, 48.07, 48.07C, 50.06,<br \/><a class=\"more-link\" href=\"https:\/\/www.edel.fr\/en\/product\/pompe-a-huile-deutz-fl912-913-4-et-6-cylindres-atmospherique\/\"><br \/>\n        Read More<span class=\"screen-reader-text\"> \u00ab\u00a0Pompe \u00e0 huile Deutz FL912 913 | 4 et 6 Cylindres Atmosph\u00e9rique\u00a0\u00bb<\/span><\/a><\/p>","protected":false},"featured_media":9175,"template":"","meta":[],"product_brand":[],"product_cat":[153,210,119],"product_tag":[],"tracteur":[],"class_list":{"0":"post-9173","1":"product","2":"type-product","3":"status-publish","4":"has-post-thumbnail","6":"product_cat-pieces-moteur","7":"product_cat-pompes-a-huile","8":"product_cat-tracteurs-agricoles","9":"product_shipping_class-142","10":"pa_fabriquant-ks","11":"pa_marque-moteur-moteur-deutz-khd","12":"pa_qualite-origine","13":"pa_type-moteur-f4l912","14":"badges-style-2","16":"first","17":"instock","18":"taxable","19":"shipping-taxable","20":"purchasable","21":"product-type-simple"},"acf":[],"yoast_head":"<!-- This site is optimized with the Yoast SEO plugin v27.3 - https:\/\/yoast.com\/product\/yoast-seo-wordpress\/ -->\n<title>Pompe \u00e0 huile Deutz FL912 913 | 4 et 6 Cylindres Atmosph\u00e9rique - Edel<\/title>\n<meta name=\"description\" content=\"Pompe \u00e0 huile Deutz FL912 913 - 4 et 6 Cyl. Atmo - F2L912 F3L912 F4L912 F5L912 F6L912 25.06 30.06 40.06 50.06 60.06 80.06 DX110 DX3.10 DX85 DX90\" \/>\n<meta name=\"robots\" content=\"index, follow, max-snippet:-1, max-image-preview:large, max-video-preview:-1\" \/>\n<link rel=\"canonical\" href=\"https:\/\/edel.fr\/en\/product\/pompe-a-huile-deutz-fl912-913-4-et-6-cylindres-atmospherique\/\" \/>\n<meta property=\"og:locale\" content=\"en_US\" \/>\n<meta property=\"og:type\" content=\"article\" \/>\n<meta property=\"og:title\" content=\"Pompe \u00e0 huile Deutz FL912 913 | 4 et 6 Cylindres Atmosph\u00e9rique - Edel\" \/>\n<meta property=\"og:description\" content=\"Pompe \u00e0 huile Deutz FL912 913 - 4 et 6 Cyl. Atmo - F2L912 F3L912 F4L912 F5L912 F6L912 25.06 30.06 40.06 50.06 60.06 80.06 DX110 DX3.10 DX85 DX90\" \/>\n<meta property=\"og:url\" content=\"https:\/\/edel.fr\/en\/product\/pompe-a-huile-deutz-fl912-913-4-et-6-cylindres-atmospherique\/\" \/>\n<meta property=\"og:site_name\" content=\"Edel\" \/>\n<meta property=\"article:modified_time\" content=\"2026-02-15T21:53:26+00:00\" \/>\n<meta property=\"og:image\" content=\"https:\/\/edel.fr\/uploads\/2020\/12\/pompe-huile.jpg\" \/>\n\t<meta property=\"og:image:width\" content=\"1512\" \/>\n\t<meta property=\"og:image:height\" content=\"1177\" \/>\n\t<meta property=\"og:image:type\" content=\"image\/jpeg\" \/>\n<meta name=\"twitter:card\" content=\"summary_large_image\" \/>\n<meta name=\"twitter:label1\" content=\"Est. reading time\" \/>\n\t<meta name=\"twitter:data1\" content=\"1 minute\" \/>\n<script type=\"application\/ld+json\" class=\"yoast-schema-graph\">{\"@context\":\"https:\\\/\\\/schema.org\",\"@graph\":[{\"@type\":\"WebPage\",\"@id\":\"https:\\\/\\\/edel.fr\\\/en\\\/product\\\/pompe-a-huile-deutz-fl912-913-4-et-6-cylindres-atmospherique\\\/\",\"url\":\"https:\\\/\\\/edel.fr\\\/en\\\/product\\\/pompe-a-huile-deutz-fl912-913-4-et-6-cylindres-atmospherique\\\/\",\"name\":\"Pompe \u00e0 huile Deutz FL912 913 | 4 et 6 Cylindres Atmosph\u00e9rique - Edel\",\"isPartOf\":{\"@id\":\"http:\\\/\\\/www.edel.fr\\\/en\\\/#website\"},\"primaryImageOfPage\":{\"@id\":\"https:\\\/\\\/edel.fr\\\/en\\\/product\\\/pompe-a-huile-deutz-fl912-913-4-et-6-cylindres-atmospherique\\\/#primaryimage\"},\"image\":{\"@id\":\"https:\\\/\\\/edel.fr\\\/en\\\/product\\\/pompe-a-huile-deutz-fl912-913-4-et-6-cylindres-atmospherique\\\/#primaryimage\"},\"thumbnailUrl\":\"https:\\\/\\\/www.edel.fr\\\/uploads\\\/2020\\\/12\\\/pompe-huile.jpg\",\"datePublished\":\"2020-12-02T08:43:01+00:00\",\"dateModified\":\"2026-02-15T21:53:26+00:00\",\"description\":\"Pompe \u00e0 huile Deutz FL912 913 - 4 et 6 Cyl. Atmo - F2L912 F3L912 F4L912 F5L912 F6L912 25.06 30.06 40.06 50.06 60.06 80.06 DX110 DX3.10 DX85 DX90\",\"breadcrumb\":{\"@id\":\"https:\\\/\\\/edel.fr\\\/en\\\/product\\\/pompe-a-huile-deutz-fl912-913-4-et-6-cylindres-atmospherique\\\/#breadcrumb\"},\"inLanguage\":\"en-US\",\"potentialAction\":[{\"@type\":\"ReadAction\",\"target\":[\"https:\\\/\\\/edel.fr\\\/en\\\/product\\\/pompe-a-huile-deutz-fl912-913-4-et-6-cylindres-atmospherique\\\/\"]}]},{\"@type\":\"ImageObject\",\"inLanguage\":\"en-US\",\"@id\":\"https:\\\/\\\/edel.fr\\\/en\\\/product\\\/pompe-a-huile-deutz-fl912-913-4-et-6-cylindres-atmospherique\\\/#primaryimage\",\"url\":\"https:\\\/\\\/www.edel.fr\\\/uploads\\\/2020\\\/12\\\/pompe-huile.jpg\",\"contentUrl\":\"https:\\\/\\\/www.edel.fr\\\/uploads\\\/2020\\\/12\\\/pompe-huile.jpg\",\"width\":1512,\"height\":1177},{\"@type\":\"BreadcrumbList\",\"@id\":\"https:\\\/\\\/edel.fr\\\/en\\\/product\\\/pompe-a-huile-deutz-fl912-913-4-et-6-cylindres-atmospherique\\\/#breadcrumb\",\"itemListElement\":[{\"@type\":\"ListItem\",\"position\":1,\"name\":\"Pi\u00e8ce Tracteur\",\"item\":\"http:\\\/\\\/www.edel.fr\\\/en\\\/\"},{\"@type\":\"ListItem\",\"position\":2,\"name\":\"Toutes nos pi\u00e8ces Tracteur\",\"item\":\"https:\\\/\\\/edel.fr\\\/shop\\\/\"},{\"@type\":\"ListItem\",\"position\":3,\"name\":\"Pompe \u00e0 huile Deutz FL912 913 | 4 et 6 Cylindres Atmosph\u00e9rique\"}]},{\"@type\":\"WebSite\",\"@id\":\"http:\\\/\\\/www.edel.fr\\\/en\\\/#website\",\"url\":\"http:\\\/\\\/www.edel.fr\\\/en\\\/\",\"name\":\"Edel\",\"description\":\"Pi\u00e8ce d\u00e9tach\u00e9e de Tracteur Agricole\",\"publisher\":{\"@id\":\"http:\\\/\\\/www.edel.fr\\\/en\\\/#organization\"},\"potentialAction\":[{\"@type\":\"SearchAction\",\"target\":{\"@type\":\"EntryPoint\",\"urlTemplate\":\"http:\\\/\\\/www.edel.fr\\\/en\\\/?s={search_term_string}\"},\"query-input\":{\"@type\":\"PropertyValueSpecification\",\"valueRequired\":true,\"valueName\":\"search_term_string\"}}],\"inLanguage\":\"en-US\"},{\"@type\":\"Organization\",\"@id\":\"http:\\\/\\\/www.edel.fr\\\/en\\\/#organization\",\"name\":\"Edel\",\"url\":\"http:\\\/\\\/www.edel.fr\\\/en\\\/\",\"logo\":{\"@type\":\"ImageObject\",\"inLanguage\":\"en-US\",\"@id\":\"http:\\\/\\\/www.edel.fr\\\/en\\\/#\\\/schema\\\/logo\\\/image\\\/\",\"url\":\"https:\\\/\\\/www.edel.fr\\\/uploads\\\/2018\\\/11\\\/logo-edel.png\",\"contentUrl\":\"https:\\\/\\\/www.edel.fr\\\/uploads\\\/2018\\\/11\\\/logo-edel.png\",\"width\":257,\"height\":68,\"caption\":\"Edel\"},\"image\":{\"@id\":\"http:\\\/\\\/www.edel.fr\\\/en\\\/#\\\/schema\\\/logo\\\/image\\\/\"}}]}<\/script>\n<!-- \/ Yoast SEO plugin. -->","yoast_head_json":{"title":"Pompe \u00e0 huile Deutz FL912 913 | 4 et 6 Cylindres Atmosph\u00e9rique - Edel","description":"Pompe \u00e0 huile Deutz FL912 913 - 4 et 6 Cyl. Atmo - F2L912 F3L912 F4L912 F5L912 F6L912 25.06 30.06 40.06 50.06 60.06 80.06 DX110 DX3.10 DX85 DX90","robots":{"index":"index","follow":"follow","max-snippet":"max-snippet:-1","max-image-preview":"max-image-preview:large","max-video-preview":"max-video-preview:-1"},"canonical":"https:\/\/edel.fr\/en\/product\/pompe-a-huile-deutz-fl912-913-4-et-6-cylindres-atmospherique\/","og_locale":"en_US","og_type":"article","og_title":"Pompe \u00e0 huile Deutz FL912 913 | 4 et 6 Cylindres Atmosph\u00e9rique - Edel","og_description":"Pompe \u00e0 huile Deutz FL912 913 - 4 et 6 Cyl. Atmo - F2L912 F3L912 F4L912 F5L912 F6L912 25.06 30.06 40.06 50.06 60.06 80.06 DX110 DX3.10 DX85 DX90","og_url":"https:\/\/edel.fr\/en\/product\/pompe-a-huile-deutz-fl912-913-4-et-6-cylindres-atmospherique\/","og_site_name":"Edel","article_modified_time":"2026-02-15T21:53:26+00:00","og_image":[{"width":1512,"height":1177,"url":"https:\/\/edel.fr\/uploads\/2020\/12\/pompe-huile.jpg","type":"image\/jpeg"}],"twitter_card":"summary_large_image","twitter_misc":{"Est. reading time":"1 minute"},"schema":{"@context":"https:\/\/schema.org","@graph":[{"@type":"WebPage","@id":"https:\/\/edel.fr\/en\/product\/pompe-a-huile-deutz-fl912-913-4-et-6-cylindres-atmospherique\/","url":"https:\/\/edel.fr\/en\/product\/pompe-a-huile-deutz-fl912-913-4-et-6-cylindres-atmospherique\/","name":"Pompe \u00e0 huile Deutz FL912 913 | 4 et 6 Cylindres Atmosph\u00e9rique - Edel","isPartOf":{"@id":"http:\/\/www.edel.fr\/en\/#website"},"primaryImageOfPage":{"@id":"https:\/\/edel.fr\/en\/product\/pompe-a-huile-deutz-fl912-913-4-et-6-cylindres-atmospherique\/#primaryimage"},"image":{"@id":"https:\/\/edel.fr\/en\/product\/pompe-a-huile-deutz-fl912-913-4-et-6-cylindres-atmospherique\/#primaryimage"},"thumbnailUrl":"https:\/\/www.edel.fr\/uploads\/2020\/12\/pompe-huile.jpg","datePublished":"2020-12-02T08:43:01+00:00","dateModified":"2026-02-15T21:53:26+00:00","description":"Pompe \u00e0 huile Deutz FL912 913 - 4 et 6 Cyl. Atmo - F2L912 F3L912 F4L912 F5L912 F6L912 25.06 30.06 40.06 50.06 60.06 80.06 DX110 DX3.10 DX85 DX90","breadcrumb":{"@id":"https:\/\/edel.fr\/en\/product\/pompe-a-huile-deutz-fl912-913-4-et-6-cylindres-atmospherique\/#breadcrumb"},"inLanguage":"en-US","potentialAction":[{"@type":"ReadAction","target":["https:\/\/edel.fr\/en\/product\/pompe-a-huile-deutz-fl912-913-4-et-6-cylindres-atmospherique\/"]}]},{"@type":"ImageObject","inLanguage":"en-US","@id":"https:\/\/edel.fr\/en\/product\/pompe-a-huile-deutz-fl912-913-4-et-6-cylindres-atmospherique\/#primaryimage","url":"https:\/\/www.edel.fr\/uploads\/2020\/12\/pompe-huile.jpg","contentUrl":"https:\/\/www.edel.fr\/uploads\/2020\/12\/pompe-huile.jpg","width":1512,"height":1177},{"@type":"BreadcrumbList","@id":"https:\/\/edel.fr\/en\/product\/pompe-a-huile-deutz-fl912-913-4-et-6-cylindres-atmospherique\/#breadcrumb","itemListElement":[{"@type":"ListItem","position":1,"name":"Pi\u00e8ce Tracteur","item":"http:\/\/www.edel.fr\/en\/"},{"@type":"ListItem","position":2,"name":"Toutes nos pi\u00e8ces Tracteur","item":"https:\/\/edel.fr\/shop\/"},{"@type":"ListItem","position":3,"name":"Pompe \u00e0 huile Deutz FL912 913 | 4 et 6 Cylindres Atmosph\u00e9rique"}]},{"@type":"WebSite","@id":"http:\/\/www.edel.fr\/en\/#website","url":"http:\/\/www.edel.fr\/en\/","name":"Edel","description":"Pi\u00e8ce d\u00e9tach\u00e9e de Tracteur Agricole","publisher":{"@id":"http:\/\/www.edel.fr\/en\/#organization"},"potentialAction":[{"@type":"SearchAction","target":{"@type":"EntryPoint","urlTemplate":"http:\/\/www.edel.fr\/en\/?s={search_term_string}"},"query-input":{"@type":"PropertyValueSpecification","valueRequired":true,"valueName":"search_term_string"}}],"inLanguage":"en-US"},{"@type":"Organization","@id":"http:\/\/www.edel.fr\/en\/#organization","name":"Edel","url":"http:\/\/www.edel.fr\/en\/","logo":{"@type":"ImageObject","inLanguage":"en-US","@id":"http:\/\/www.edel.fr\/en\/#\/schema\/logo\/image\/","url":"https:\/\/www.edel.fr\/uploads\/2018\/11\/logo-edel.png","contentUrl":"https:\/\/www.edel.fr\/uploads\/2018\/11\/logo-edel.png","width":257,"height":68,"caption":"Edel"},"image":{"@id":"http:\/\/www.edel.fr\/en\/#\/schema\/logo\/image\/"}}]}},"_links":{"self":[{"href":"https:\/\/www.edel.fr\/en\/wp-json\/wp\/v2\/product\/9173","targetHints":{"allow":["GET"]}}],"collection":[{"href":"https:\/\/www.edel.fr\/en\/wp-json\/wp\/v2\/product"}],"about":[{"href":"https:\/\/www.edel.fr\/en\/wp-json\/wp\/v2\/types\/product"}],"version-history":[{"count":2,"href":"https:\/\/www.edel.fr\/en\/wp-json\/wp\/v2\/product\/9173\/revisions"}],"predecessor-version":[{"id":17917,"href":"https:\/\/www.edel.fr\/en\/wp-json\/wp\/v2\/product\/9173\/revisions\/17917"}],"wp:featuredmedia":[{"embeddable":true,"href":"https:\/\/www.edel.fr\/en\/wp-json\/wp\/v2\/media\/9175"}],"wp:attachment":[{"href":"https:\/\/www.edel.fr\/en\/wp-json\/wp\/v2\/media?parent=9173"}],"wp:term":[{"taxonomy":"product_brand","embeddable":true,"href":"https:\/\/www.edel.fr\/en\/wp-json\/wp\/v2\/product_brand?post=9173"},{"taxonomy":"product_cat","embeddable":true,"href":"https:\/\/www.edel.fr\/en\/wp-json\/wp\/v2\/product_cat?post=9173"},{"taxonomy":"product_tag","embeddable":true,"href":"https:\/\/www.edel.fr\/en\/wp-json\/wp\/v2\/product_tag?post=9173"},{"taxonomy":"tracteur","embeddable":true,"href":"https:\/\/www.edel.fr\/en\/wp-json\/wp\/v2\/tracteur?post=9173"}],"curies":[{"name":"wp","href":"https:\/\/api.w.org\/{rel}","templated":true}]}}