{"id":8656,"date":"2020-11-23T15:11:46","date_gmt":"2020-11-23T14:11:46","guid":{"rendered":"https:\/\/www.edel.fr\/?post_type=product&#038;p=8656"},"modified":"2026-01-28T02:00:39","modified_gmt":"2026-01-28T01:00:39","slug":"volant-moteur-massey-ferguson-avec-couronne","status":"publish","type":"product","link":"https:\/\/www.edel.fr\/en\/product\/volant-moteur-massey-ferguson-avec-couronne\/","title":{"rendered":"Volant moteur Massey Ferguson avec couronne"},"content":{"rendered":"<div data-elementor-type=\"wp-post\" data-elementor-id=\"8656\" class=\"elementor elementor-8656\">\n\t\t\t\t\t\t<section class=\"elementor-section elementor-top-section elementor-element elementor-element-74712c5c elementor-section-boxed elementor-section-height-default elementor-section-height-default\" data-id=\"74712c5c\" data-element_type=\"section\" data-e-type=\"section\">\n\t\t\t\t\t\t<div class=\"elementor-container elementor-column-gap-default\">\n\t\t\t\t\t<div class=\"elementor-column elementor-col-100 elementor-top-column elementor-element elementor-element-5e4f4a04\" data-id=\"5e4f4a04\" data-element_type=\"column\" data-e-type=\"column\">\n\t\t\t<div class=\"elementor-widget-wrap elementor-element-populated\">\n\t\t\t\t\t\t<div class=\"elementor-element elementor-element-1c5b21ab elementor-widget elementor-widget-heading\" data-id=\"1c5b21ab\" data-element_type=\"widget\" data-e-type=\"widget\" data-widget_type=\"heading.default\">\n\t\t\t\t<div class=\"elementor-widget-container\">\n\t\t\t\t\t<h2 class=\"elementor-heading-title elementor-size-default\">VOLANT MOTEUR MASSEY FERGUSON AVEC COURONNE<\/h2>\t\t\t\t<\/div>\n\t\t\t\t<\/div>\n\t\t\t\t<div class=\"elementor-element elementor-element-dd3d9 elementor-widget elementor-widget-heading\" data-id=\"dd3d9\" data-element_type=\"widget\" data-e-type=\"widget\" data-widget_type=\"heading.default\">\n\t\t\t\t<div class=\"elementor-widget-container\">\n\t\t\t\t\t<h3 class=\"elementor-heading-title elementor-size-default\">Information du produit :<\/h3>\t\t\t\t<\/div>\n\t\t\t\t<\/div>\n\t\t\t\t\t<\/div>\n\t\t<\/div>\n\t\t\t\t\t<\/div>\n\t\t<\/section>\n\t\t\t\t<section class=\"elementor-section elementor-top-section elementor-element elementor-element-16354c1a elementor-section-boxed elementor-section-height-default elementor-section-height-default\" data-id=\"16354c1a\" data-element_type=\"section\" data-e-type=\"section\">\n\t\t\t\t\t\t<div class=\"elementor-container elementor-column-gap-default\">\n\t\t\t\t\t<div class=\"elementor-column elementor-col-100 elementor-top-column elementor-element elementor-element-2bb0854e\" data-id=\"2bb0854e\" data-element_type=\"column\" data-e-type=\"column\">\n\t\t\t<div class=\"elementor-widget-wrap elementor-element-populated\">\n\t\t\t\t\t\t<div class=\"elementor-element elementor-element-1b196302 elementor-widget elementor-widget-text-editor\" data-id=\"1b196302\" data-element_type=\"widget\" data-e-type=\"widget\" data-widget_type=\"text-editor.default\">\n\t\t\t\t<div class=\"elementor-widget-container\">\n\t\t\t\t\t\t\t\t\t<p>12 131 297 10<br \/>MF 742106M91<br \/>REF. MF 3819666M91<\/p><p>Bien s\u00fbr, pour plus de renseignements, n&rsquo;h\u00e9sitez pas \u00e0 nous consulter !<\/p>\t\t\t\t\t\t\t\t<\/div>\n\t\t\t\t<\/div>\n\t\t\t\t\t<\/div>\n\t\t<\/div>\n\t\t\t\t\t<\/div>\n\t\t<\/section>\n\t\t\t\t<\/div>","protected":false},"excerpt":{"rendered":"<p>VOLANT MOTEUR MASSEY FERGUSON AVEC COURONNE Information du produit : 12 131 297 10 MF 742106M91 REF. MF 3819666M91 Bien s\u00fbr, pour plus de renseignements, n&rsquo;h\u00e9sitez pas \u00e0 nous consulter !<\/p>","protected":false},"featured_media":8657,"template":"","meta":[],"product_brand":[],"product_cat":[119,120,128],"product_tag":[143,124],"tracteur":[],"class_list":{"0":"post-8656","1":"product","2":"type-product","3":"status-publish","4":"has-post-thumbnail","6":"product_cat-tracteurs-agricoles","7":"product_cat-transmissions","8":"product_cat-volants-moteurs","9":"product_tag-kits-dembrayage","10":"product_tag-transmissions","11":"product_shipping_class-142","12":"pa_marque-tracteur-massey-ferguson","13":"badges-style-2","15":"first","16":"instock","17":"taxable","18":"shipping-taxable","19":"purchasable","20":"product-type-simple"},"acf":[],"yoast_head":"<!-- This site is optimized with the Yoast SEO plugin v27.3 - https:\/\/yoast.com\/product\/yoast-seo-wordpress\/ -->\n<title>Volant moteur Massey Ferguson avec couronne - Edel<\/title>\n<meta name=\"description\" content=\"Volant moteur Massey Ferguson avec couronne - Se monte en \u00e9quivalence \u00e0 : 742106M91 3819666M91 41117084 - Tracteur agricole\" \/>\n<meta name=\"robots\" content=\"index, follow, max-snippet:-1, max-image-preview:large, max-video-preview:-1\" \/>\n<link rel=\"canonical\" href=\"https:\/\/www.edel.fr\/en\/product\/volant-moteur-massey-ferguson-avec-couronne\/\" \/>\n<meta property=\"og:locale\" content=\"en_US\" \/>\n<meta property=\"og:type\" content=\"article\" \/>\n<meta property=\"og:title\" content=\"Volant moteur Massey Ferguson avec couronne - Edel\" \/>\n<meta property=\"og:description\" content=\"Volant moteur Massey Ferguson avec couronne - Se monte en \u00e9quivalence \u00e0 : 742106M91 3819666M91 41117084 - Tracteur agricole\" \/>\n<meta property=\"og:url\" content=\"https:\/\/www.edel.fr\/en\/product\/volant-moteur-massey-ferguson-avec-couronne\/\" \/>\n<meta property=\"og:site_name\" content=\"Edel\" \/>\n<meta property=\"article:modified_time\" content=\"2026-01-28T01:00:39+00:00\" \/>\n<meta property=\"og:image\" content=\"https:\/\/www.edel.fr\/uploads\/2020\/11\/volant-moteur-12E4235.jpg\" \/>\n\t<meta property=\"og:image:width\" content=\"1512\" \/>\n\t<meta property=\"og:image:height\" content=\"1763\" \/>\n\t<meta property=\"og:image:type\" content=\"image\/jpeg\" \/>\n<meta name=\"twitter:card\" content=\"summary_large_image\" \/>\n<meta name=\"twitter:label1\" content=\"Est. reading time\" \/>\n\t<meta name=\"twitter:data1\" content=\"1 minute\" \/>\n<script type=\"application\/ld+json\" class=\"yoast-schema-graph\">{\"@context\":\"https:\\\/\\\/schema.org\",\"@graph\":[{\"@type\":\"WebPage\",\"@id\":\"https:\\\/\\\/www.edel.fr\\\/en\\\/product\\\/volant-moteur-massey-ferguson-avec-couronne\\\/\",\"url\":\"https:\\\/\\\/www.edel.fr\\\/en\\\/product\\\/volant-moteur-massey-ferguson-avec-couronne\\\/\",\"name\":\"Volant moteur Massey Ferguson avec couronne - Edel\",\"isPartOf\":{\"@id\":\"http:\\\/\\\/www.edel.fr\\\/en\\\/#website\"},\"primaryImageOfPage\":{\"@id\":\"https:\\\/\\\/www.edel.fr\\\/en\\\/product\\\/volant-moteur-massey-ferguson-avec-couronne\\\/#primaryimage\"},\"image\":{\"@id\":\"https:\\\/\\\/www.edel.fr\\\/en\\\/product\\\/volant-moteur-massey-ferguson-avec-couronne\\\/#primaryimage\"},\"thumbnailUrl\":\"https:\\\/\\\/www.edel.fr\\\/uploads\\\/2020\\\/11\\\/volant-moteur-12E4235.jpg\",\"datePublished\":\"2020-11-23T14:11:46+00:00\",\"dateModified\":\"2026-01-28T01:00:39+00:00\",\"description\":\"Volant moteur Massey Ferguson avec couronne - Se monte en \u00e9quivalence \u00e0 : 742106M91 3819666M91 41117084 - Tracteur agricole\",\"breadcrumb\":{\"@id\":\"https:\\\/\\\/www.edel.fr\\\/en\\\/product\\\/volant-moteur-massey-ferguson-avec-couronne\\\/#breadcrumb\"},\"inLanguage\":\"en-US\",\"potentialAction\":[{\"@type\":\"ReadAction\",\"target\":[\"https:\\\/\\\/www.edel.fr\\\/en\\\/product\\\/volant-moteur-massey-ferguson-avec-couronne\\\/\"]}]},{\"@type\":\"ImageObject\",\"inLanguage\":\"en-US\",\"@id\":\"https:\\\/\\\/www.edel.fr\\\/en\\\/product\\\/volant-moteur-massey-ferguson-avec-couronne\\\/#primaryimage\",\"url\":\"https:\\\/\\\/www.edel.fr\\\/uploads\\\/2020\\\/11\\\/volant-moteur-12E4235.jpg\",\"contentUrl\":\"https:\\\/\\\/www.edel.fr\\\/uploads\\\/2020\\\/11\\\/volant-moteur-12E4235.jpg\",\"width\":1512,\"height\":1763,\"caption\":\"Massey Ferguson Volant moteur et couronne adaptable\"},{\"@type\":\"BreadcrumbList\",\"@id\":\"https:\\\/\\\/www.edel.fr\\\/en\\\/product\\\/volant-moteur-massey-ferguson-avec-couronne\\\/#breadcrumb\",\"itemListElement\":[{\"@type\":\"ListItem\",\"position\":1,\"name\":\"Pi\u00e8ce Tracteur\",\"item\":\"http:\\\/\\\/www.edel.fr\\\/en\\\/\"},{\"@type\":\"ListItem\",\"position\":2,\"name\":\"Toutes nos pi\u00e8ces Tracteur\",\"item\":\"https:\\\/\\\/edel.fr\\\/shop\\\/\"},{\"@type\":\"ListItem\",\"position\":3,\"name\":\"Volant moteur Massey Ferguson avec couronne\"}]},{\"@type\":\"WebSite\",\"@id\":\"http:\\\/\\\/www.edel.fr\\\/en\\\/#website\",\"url\":\"http:\\\/\\\/www.edel.fr\\\/en\\\/\",\"name\":\"Edel\",\"description\":\"Pi\u00e8ce d\u00e9tach\u00e9e de Tracteur Agricole\",\"publisher\":{\"@id\":\"http:\\\/\\\/www.edel.fr\\\/en\\\/#organization\"},\"potentialAction\":[{\"@type\":\"SearchAction\",\"target\":{\"@type\":\"EntryPoint\",\"urlTemplate\":\"http:\\\/\\\/www.edel.fr\\\/en\\\/?s={search_term_string}\"},\"query-input\":{\"@type\":\"PropertyValueSpecification\",\"valueRequired\":true,\"valueName\":\"search_term_string\"}}],\"inLanguage\":\"en-US\"},{\"@type\":\"Organization\",\"@id\":\"http:\\\/\\\/www.edel.fr\\\/en\\\/#organization\",\"name\":\"Edel\",\"url\":\"http:\\\/\\\/www.edel.fr\\\/en\\\/\",\"logo\":{\"@type\":\"ImageObject\",\"inLanguage\":\"en-US\",\"@id\":\"http:\\\/\\\/www.edel.fr\\\/en\\\/#\\\/schema\\\/logo\\\/image\\\/\",\"url\":\"https:\\\/\\\/www.edel.fr\\\/uploads\\\/2018\\\/11\\\/logo-edel.png\",\"contentUrl\":\"https:\\\/\\\/www.edel.fr\\\/uploads\\\/2018\\\/11\\\/logo-edel.png\",\"width\":257,\"height\":68,\"caption\":\"Edel\"},\"image\":{\"@id\":\"http:\\\/\\\/www.edel.fr\\\/en\\\/#\\\/schema\\\/logo\\\/image\\\/\"}}]}<\/script>\n<!-- \/ Yoast SEO plugin. -->","yoast_head_json":{"title":"Volant moteur Massey Ferguson avec couronne - Edel","description":"Volant moteur Massey Ferguson avec couronne - Se monte en \u00e9quivalence \u00e0 : 742106M91 3819666M91 41117084 - Tracteur agricole","robots":{"index":"index","follow":"follow","max-snippet":"max-snippet:-1","max-image-preview":"max-image-preview:large","max-video-preview":"max-video-preview:-1"},"canonical":"https:\/\/www.edel.fr\/en\/product\/volant-moteur-massey-ferguson-avec-couronne\/","og_locale":"en_US","og_type":"article","og_title":"Volant moteur Massey Ferguson avec couronne - Edel","og_description":"Volant moteur Massey Ferguson avec couronne - Se monte en \u00e9quivalence \u00e0 : 742106M91 3819666M91 41117084 - Tracteur agricole","og_url":"https:\/\/www.edel.fr\/en\/product\/volant-moteur-massey-ferguson-avec-couronne\/","og_site_name":"Edel","article_modified_time":"2026-01-28T01:00:39+00:00","og_image":[{"width":1512,"height":1763,"url":"https:\/\/www.edel.fr\/uploads\/2020\/11\/volant-moteur-12E4235.jpg","type":"image\/jpeg"}],"twitter_card":"summary_large_image","twitter_misc":{"Est. reading time":"1 minute"},"schema":{"@context":"https:\/\/schema.org","@graph":[{"@type":"WebPage","@id":"https:\/\/www.edel.fr\/en\/product\/volant-moteur-massey-ferguson-avec-couronne\/","url":"https:\/\/www.edel.fr\/en\/product\/volant-moteur-massey-ferguson-avec-couronne\/","name":"Volant moteur Massey Ferguson avec couronne - Edel","isPartOf":{"@id":"http:\/\/www.edel.fr\/en\/#website"},"primaryImageOfPage":{"@id":"https:\/\/www.edel.fr\/en\/product\/volant-moteur-massey-ferguson-avec-couronne\/#primaryimage"},"image":{"@id":"https:\/\/www.edel.fr\/en\/product\/volant-moteur-massey-ferguson-avec-couronne\/#primaryimage"},"thumbnailUrl":"https:\/\/www.edel.fr\/uploads\/2020\/11\/volant-moteur-12E4235.jpg","datePublished":"2020-11-23T14:11:46+00:00","dateModified":"2026-01-28T01:00:39+00:00","description":"Volant moteur Massey Ferguson avec couronne - Se monte en \u00e9quivalence \u00e0 : 742106M91 3819666M91 41117084 - Tracteur agricole","breadcrumb":{"@id":"https:\/\/www.edel.fr\/en\/product\/volant-moteur-massey-ferguson-avec-couronne\/#breadcrumb"},"inLanguage":"en-US","potentialAction":[{"@type":"ReadAction","target":["https:\/\/www.edel.fr\/en\/product\/volant-moteur-massey-ferguson-avec-couronne\/"]}]},{"@type":"ImageObject","inLanguage":"en-US","@id":"https:\/\/www.edel.fr\/en\/product\/volant-moteur-massey-ferguson-avec-couronne\/#primaryimage","url":"https:\/\/www.edel.fr\/uploads\/2020\/11\/volant-moteur-12E4235.jpg","contentUrl":"https:\/\/www.edel.fr\/uploads\/2020\/11\/volant-moteur-12E4235.jpg","width":1512,"height":1763,"caption":"Massey Ferguson Volant moteur et couronne adaptable"},{"@type":"BreadcrumbList","@id":"https:\/\/www.edel.fr\/en\/product\/volant-moteur-massey-ferguson-avec-couronne\/#breadcrumb","itemListElement":[{"@type":"ListItem","position":1,"name":"Pi\u00e8ce Tracteur","item":"http:\/\/www.edel.fr\/en\/"},{"@type":"ListItem","position":2,"name":"Toutes nos pi\u00e8ces Tracteur","item":"https:\/\/edel.fr\/shop\/"},{"@type":"ListItem","position":3,"name":"Volant moteur Massey Ferguson avec couronne"}]},{"@type":"WebSite","@id":"http:\/\/www.edel.fr\/en\/#website","url":"http:\/\/www.edel.fr\/en\/","name":"Edel","description":"Pi\u00e8ce d\u00e9tach\u00e9e de Tracteur Agricole","publisher":{"@id":"http:\/\/www.edel.fr\/en\/#organization"},"potentialAction":[{"@type":"SearchAction","target":{"@type":"EntryPoint","urlTemplate":"http:\/\/www.edel.fr\/en\/?s={search_term_string}"},"query-input":{"@type":"PropertyValueSpecification","valueRequired":true,"valueName":"search_term_string"}}],"inLanguage":"en-US"},{"@type":"Organization","@id":"http:\/\/www.edel.fr\/en\/#organization","name":"Edel","url":"http:\/\/www.edel.fr\/en\/","logo":{"@type":"ImageObject","inLanguage":"en-US","@id":"http:\/\/www.edel.fr\/en\/#\/schema\/logo\/image\/","url":"https:\/\/www.edel.fr\/uploads\/2018\/11\/logo-edel.png","contentUrl":"https:\/\/www.edel.fr\/uploads\/2018\/11\/logo-edel.png","width":257,"height":68,"caption":"Edel"},"image":{"@id":"http:\/\/www.edel.fr\/en\/#\/schema\/logo\/image\/"}}]}},"_links":{"self":[{"href":"https:\/\/www.edel.fr\/en\/wp-json\/wp\/v2\/product\/8656","targetHints":{"allow":["GET"]}}],"collection":[{"href":"https:\/\/www.edel.fr\/en\/wp-json\/wp\/v2\/product"}],"about":[{"href":"https:\/\/www.edel.fr\/en\/wp-json\/wp\/v2\/types\/product"}],"version-history":[{"count":2,"href":"https:\/\/www.edel.fr\/en\/wp-json\/wp\/v2\/product\/8656\/revisions"}],"predecessor-version":[{"id":16298,"href":"https:\/\/www.edel.fr\/en\/wp-json\/wp\/v2\/product\/8656\/revisions\/16298"}],"wp:featuredmedia":[{"embeddable":true,"href":"https:\/\/www.edel.fr\/en\/wp-json\/wp\/v2\/media\/8657"}],"wp:attachment":[{"href":"https:\/\/www.edel.fr\/en\/wp-json\/wp\/v2\/media?parent=8656"}],"wp:term":[{"taxonomy":"product_brand","embeddable":true,"href":"https:\/\/www.edel.fr\/en\/wp-json\/wp\/v2\/product_brand?post=8656"},{"taxonomy":"product_cat","embeddable":true,"href":"https:\/\/www.edel.fr\/en\/wp-json\/wp\/v2\/product_cat?post=8656"},{"taxonomy":"product_tag","embeddable":true,"href":"https:\/\/www.edel.fr\/en\/wp-json\/wp\/v2\/product_tag?post=8656"},{"taxonomy":"tracteur","embeddable":true,"href":"https:\/\/www.edel.fr\/en\/wp-json\/wp\/v2\/tracteur?post=8656"}],"curies":[{"name":"wp","href":"https:\/\/api.w.org\/{rel}","templated":true}]}}