{"id":8644,"date":"2020-11-23T14:12:14","date_gmt":"2020-11-23T13:12:14","guid":{"rendered":"https:\/\/www.edel.fr\/?post_type=product&#038;p=8644"},"modified":"2026-04-02T03:00:38","modified_gmt":"2026-04-02T01:00:38","slug":"volant-moteur-case-ih-avec-couronne-624-644-734-745","status":"publish","type":"product","link":"https:\/\/www.edel.fr\/en\/product\/volant-moteur-case-ih-avec-couronne-624-644-734-745\/","title":{"rendered":"Volant moteur Case IH 129 dents &#8211; 523 624 644 724 734 745"},"content":{"rendered":"<h2>VOLANT MOTEUR Tracteur CASE IH &#8211; AVEC COURONNE 129 DENTS<\/h2>\n<p>Volant moteur tracteur Case IH avec couronne 129 dents.<\/p>\n<p>Pour tracteur Case IH type : 523, 553, 554, 623, 624, 644, 645, 654, 724, 734, 743, 744, 745, 754, 824, 834.<\/p>\n<p>Il existe \u00e9galement une variante de ce <a href=\"https:\/\/www.edel.fr\/en\/volant-moteur-case-ih-avec-couronne-134-dents-844-845\/\" target=\"_blank\" rel=\"noopener\">volant moteur \u00e9quip\u00e9 d&rsquo;une couronne 134 dents<\/a>.<\/p>\n<p>Vous trouverez au d\u00e9tail :<\/p>\n<p>&#8211;<a href=\"https:\/\/www.edel.fr\/en\/couronne-de-demarrage-case-ih-129-dents-734-745\/\" target=\"_blank\" rel=\"noopener\">La couronne de d\u00e9marrage Case IH 129 dents<\/a><\/p>\n<p>&#8211;<a href=\"https:\/\/www.edel.fr\/en\/couronne-de-demarrage-case-ih-134-dents-844-845\/\" target=\"_blank\" rel=\"noopener\">La couronne de d\u00e9marrage Case IH 134 dents<\/a><\/p>\n<p>Ainsi que le\u00a0<a href=\"https:\/\/www.edel.fr\/en\/kit-complet-mecanisme-double-disque-av-cerametallique-2-butees-et-roulement-pilote-case-ih-o280-295-10-22-cannelures\/\" target=\"_blank\" rel=\"noopener\">kit embrayage<\/a>\u00a0complet correspondant.<\/p>\n<p>Bien s\u00fbr, pour plus de renseignements, n&rsquo;h\u00e9sitez pas \u00e0 nous consulter !<\/p>","protected":false},"excerpt":{"rendered":"<p>VOLANT MOTEUR Tracteur CASE IH &#8211; AVEC COURONNE 129 DENTS Volant moteur tracteur Case IH avec couronne 129 dents. Pour tracteur Case IH type : 523, 553, 554, 623, 624, 644, 645, 654, 724, 734, 743, 744, 745, 754, 824, 834. Il existe \u00e9galement une variante de ce volant moteur \u00e9quip\u00e9 d&rsquo;une couronne 134 dents.<br \/><a class=\"more-link\" href=\"https:\/\/www.edel.fr\/en\/product\/volant-moteur-case-ih-avec-couronne-624-644-734-745\/\"><br \/>\n        Read More<span class=\"screen-reader-text\"> \u00ab\u00a0Volant moteur Case IH 129 dents &#8211; 523 624 644 724 734 745\u00a0\u00bb<\/span><\/a><\/p>","protected":false},"featured_media":8645,"template":"","meta":[],"product_brand":[],"product_cat":[119,120,128],"product_tag":[143,124],"tracteur":[],"class_list":{"0":"post-8644","1":"product","2":"type-product","3":"status-publish","4":"has-post-thumbnail","6":"product_cat-tracteurs-agricoles","7":"product_cat-transmissions","8":"product_cat-volants-moteurs","9":"product_tag-kits-dembrayage","10":"product_tag-transmissions","11":"product_shipping_class-142","12":"pa_marque-tracteur-case-ih","13":"pa_type-2-1219","14":"pa_type-2-1153","15":"pa_type-2-2091","16":"pa_type-2-2476","17":"pa_type-2-2092","18":"pa_type-2-1220","19":"pa_type-2-2093","20":"pa_type-2-1157","21":"pa_type-2-1221","22":"pa_type-2-2094","23":"pa_type-2-2095","24":"pa_type-2-1222","25":"pa_type-2-1223","26":"pa_type-2-1161","27":"pa_type-2-2205","28":"pa_type-2-2096","29":"badges-style-2","31":"first","32":"instock","33":"taxable","34":"shipping-taxable","35":"purchasable","36":"product-type-simple"},"acf":[],"yoast_head":"<!-- This site is optimized with the Yoast SEO plugin v27.3 - https:\/\/yoast.com\/product\/yoast-seo-wordpress\/ -->\n<title>Volant moteur Case IH 129 dents - 523 624 644 724 734 745 - Edel<\/title>\n<meta name=\"description\" content=\"Volant moteur Case IH avec couronne - 523 553 554 623 654 645 724 824 624 644 734 745 844 845 - 3144651R9 3144654R91 - Tracteur agricole\" \/>\n<meta name=\"robots\" content=\"index, follow, max-snippet:-1, max-image-preview:large, max-video-preview:-1\" \/>\n<link rel=\"canonical\" href=\"https:\/\/edel.fr\/en\/product\/volant-moteur-case-ih-avec-couronne-624-644-734-745\/\" \/>\n<meta property=\"og:locale\" content=\"en_US\" \/>\n<meta property=\"og:type\" content=\"article\" \/>\n<meta property=\"og:title\" content=\"Volant moteur Case IH 129 dents - 523 624 644 724 734 745 - Edel\" \/>\n<meta property=\"og:description\" content=\"Volant moteur Case IH avec couronne - 523 553 554 623 654 645 724 824 624 644 734 745 844 845 - 3144651R9 3144654R91 - Tracteur agricole\" \/>\n<meta property=\"og:url\" content=\"https:\/\/edel.fr\/en\/product\/volant-moteur-case-ih-avec-couronne-624-644-734-745\/\" \/>\n<meta property=\"og:site_name\" content=\"Edel\" \/>\n<meta property=\"article:modified_time\" content=\"2026-04-02T01:00:38+00:00\" \/>\n<meta property=\"og:image\" content=\"https:\/\/edel.fr\/uploads\/2020\/11\/volant-moteur-01M008148.jpg\" \/>\n\t<meta property=\"og:image:width\" content=\"1920\" \/>\n\t<meta property=\"og:image:height\" content=\"1440\" \/>\n\t<meta property=\"og:image:type\" content=\"image\/jpeg\" \/>\n<meta name=\"twitter:card\" content=\"summary_large_image\" \/>\n<meta name=\"twitter:label1\" content=\"Est. reading time\" \/>\n\t<meta name=\"twitter:data1\" content=\"1 minute\" \/>\n<script type=\"application\/ld+json\" class=\"yoast-schema-graph\">{\"@context\":\"https:\\\/\\\/schema.org\",\"@graph\":[{\"@type\":\"WebPage\",\"@id\":\"https:\\\/\\\/edel.fr\\\/en\\\/product\\\/volant-moteur-case-ih-avec-couronne-624-644-734-745\\\/\",\"url\":\"https:\\\/\\\/edel.fr\\\/en\\\/product\\\/volant-moteur-case-ih-avec-couronne-624-644-734-745\\\/\",\"name\":\"Volant moteur Case IH 129 dents - 523 624 644 724 734 745 - Edel\",\"isPartOf\":{\"@id\":\"http:\\\/\\\/www.edel.fr\\\/en\\\/#website\"},\"primaryImageOfPage\":{\"@id\":\"https:\\\/\\\/edel.fr\\\/en\\\/product\\\/volant-moteur-case-ih-avec-couronne-624-644-734-745\\\/#primaryimage\"},\"image\":{\"@id\":\"https:\\\/\\\/edel.fr\\\/en\\\/product\\\/volant-moteur-case-ih-avec-couronne-624-644-734-745\\\/#primaryimage\"},\"thumbnailUrl\":\"https:\\\/\\\/www.edel.fr\\\/uploads\\\/2020\\\/11\\\/volant-moteur-01M008148.jpg\",\"datePublished\":\"2020-11-23T13:12:14+00:00\",\"dateModified\":\"2026-04-02T01:00:38+00:00\",\"description\":\"Volant moteur Case IH avec couronne - 523 553 554 623 654 645 724 824 624 644 734 745 844 845 - 3144651R9 3144654R91 - Tracteur agricole\",\"breadcrumb\":{\"@id\":\"https:\\\/\\\/edel.fr\\\/en\\\/product\\\/volant-moteur-case-ih-avec-couronne-624-644-734-745\\\/#breadcrumb\"},\"inLanguage\":\"en-US\",\"potentialAction\":[{\"@type\":\"ReadAction\",\"target\":[\"https:\\\/\\\/edel.fr\\\/en\\\/product\\\/volant-moteur-case-ih-avec-couronne-624-644-734-745\\\/\"]}]},{\"@type\":\"ImageObject\",\"inLanguage\":\"en-US\",\"@id\":\"https:\\\/\\\/edel.fr\\\/en\\\/product\\\/volant-moteur-case-ih-avec-couronne-624-644-734-745\\\/#primaryimage\",\"url\":\"https:\\\/\\\/www.edel.fr\\\/uploads\\\/2020\\\/11\\\/volant-moteur-01M008148.jpg\",\"contentUrl\":\"https:\\\/\\\/www.edel.fr\\\/uploads\\\/2020\\\/11\\\/volant-moteur-01M008148.jpg\",\"width\":1920,\"height\":1440,\"caption\":\"Case IH Volant moteur et couronne adaptable\"},{\"@type\":\"BreadcrumbList\",\"@id\":\"https:\\\/\\\/edel.fr\\\/en\\\/product\\\/volant-moteur-case-ih-avec-couronne-624-644-734-745\\\/#breadcrumb\",\"itemListElement\":[{\"@type\":\"ListItem\",\"position\":1,\"name\":\"Pi\u00e8ce Tracteur\",\"item\":\"http:\\\/\\\/www.edel.fr\\\/en\\\/\"},{\"@type\":\"ListItem\",\"position\":2,\"name\":\"Toutes nos pi\u00e8ces Tracteur\",\"item\":\"https:\\\/\\\/edel.fr\\\/shop\\\/\"},{\"@type\":\"ListItem\",\"position\":3,\"name\":\"Volant moteur Case IH 129 dents &#8211; 523 624 644 724 734 745\"}]},{\"@type\":\"WebSite\",\"@id\":\"http:\\\/\\\/www.edel.fr\\\/en\\\/#website\",\"url\":\"http:\\\/\\\/www.edel.fr\\\/en\\\/\",\"name\":\"Edel\",\"description\":\"Pi\u00e8ce d\u00e9tach\u00e9e de Tracteur Agricole\",\"publisher\":{\"@id\":\"http:\\\/\\\/www.edel.fr\\\/en\\\/#organization\"},\"potentialAction\":[{\"@type\":\"SearchAction\",\"target\":{\"@type\":\"EntryPoint\",\"urlTemplate\":\"http:\\\/\\\/www.edel.fr\\\/en\\\/?s={search_term_string}\"},\"query-input\":{\"@type\":\"PropertyValueSpecification\",\"valueRequired\":true,\"valueName\":\"search_term_string\"}}],\"inLanguage\":\"en-US\"},{\"@type\":\"Organization\",\"@id\":\"http:\\\/\\\/www.edel.fr\\\/en\\\/#organization\",\"name\":\"Edel\",\"url\":\"http:\\\/\\\/www.edel.fr\\\/en\\\/\",\"logo\":{\"@type\":\"ImageObject\",\"inLanguage\":\"en-US\",\"@id\":\"http:\\\/\\\/www.edel.fr\\\/en\\\/#\\\/schema\\\/logo\\\/image\\\/\",\"url\":\"https:\\\/\\\/www.edel.fr\\\/uploads\\\/2018\\\/11\\\/logo-edel.png\",\"contentUrl\":\"https:\\\/\\\/www.edel.fr\\\/uploads\\\/2018\\\/11\\\/logo-edel.png\",\"width\":257,\"height\":68,\"caption\":\"Edel\"},\"image\":{\"@id\":\"http:\\\/\\\/www.edel.fr\\\/en\\\/#\\\/schema\\\/logo\\\/image\\\/\"}}]}<\/script>\n<!-- \/ Yoast SEO plugin. -->","yoast_head_json":{"title":"Volant moteur Case IH 129 dents - 523 624 644 724 734 745 - Edel","description":"Volant moteur Case IH avec couronne - 523 553 554 623 654 645 724 824 624 644 734 745 844 845 - 3144651R9 3144654R91 - Tracteur agricole","robots":{"index":"index","follow":"follow","max-snippet":"max-snippet:-1","max-image-preview":"max-image-preview:large","max-video-preview":"max-video-preview:-1"},"canonical":"https:\/\/edel.fr\/en\/product\/volant-moteur-case-ih-avec-couronne-624-644-734-745\/","og_locale":"en_US","og_type":"article","og_title":"Volant moteur Case IH 129 dents - 523 624 644 724 734 745 - Edel","og_description":"Volant moteur Case IH avec couronne - 523 553 554 623 654 645 724 824 624 644 734 745 844 845 - 3144651R9 3144654R91 - Tracteur agricole","og_url":"https:\/\/edel.fr\/en\/product\/volant-moteur-case-ih-avec-couronne-624-644-734-745\/","og_site_name":"Edel","article_modified_time":"2026-04-02T01:00:38+00:00","og_image":[{"width":1920,"height":1440,"url":"https:\/\/edel.fr\/uploads\/2020\/11\/volant-moteur-01M008148.jpg","type":"image\/jpeg"}],"twitter_card":"summary_large_image","twitter_misc":{"Est. reading time":"1 minute"},"schema":{"@context":"https:\/\/schema.org","@graph":[{"@type":"WebPage","@id":"https:\/\/edel.fr\/en\/product\/volant-moteur-case-ih-avec-couronne-624-644-734-745\/","url":"https:\/\/edel.fr\/en\/product\/volant-moteur-case-ih-avec-couronne-624-644-734-745\/","name":"Volant moteur Case IH 129 dents - 523 624 644 724 734 745 - Edel","isPartOf":{"@id":"http:\/\/www.edel.fr\/en\/#website"},"primaryImageOfPage":{"@id":"https:\/\/edel.fr\/en\/product\/volant-moteur-case-ih-avec-couronne-624-644-734-745\/#primaryimage"},"image":{"@id":"https:\/\/edel.fr\/en\/product\/volant-moteur-case-ih-avec-couronne-624-644-734-745\/#primaryimage"},"thumbnailUrl":"https:\/\/www.edel.fr\/uploads\/2020\/11\/volant-moteur-01M008148.jpg","datePublished":"2020-11-23T13:12:14+00:00","dateModified":"2026-04-02T01:00:38+00:00","description":"Volant moteur Case IH avec couronne - 523 553 554 623 654 645 724 824 624 644 734 745 844 845 - 3144651R9 3144654R91 - Tracteur agricole","breadcrumb":{"@id":"https:\/\/edel.fr\/en\/product\/volant-moteur-case-ih-avec-couronne-624-644-734-745\/#breadcrumb"},"inLanguage":"en-US","potentialAction":[{"@type":"ReadAction","target":["https:\/\/edel.fr\/en\/product\/volant-moteur-case-ih-avec-couronne-624-644-734-745\/"]}]},{"@type":"ImageObject","inLanguage":"en-US","@id":"https:\/\/edel.fr\/en\/product\/volant-moteur-case-ih-avec-couronne-624-644-734-745\/#primaryimage","url":"https:\/\/www.edel.fr\/uploads\/2020\/11\/volant-moteur-01M008148.jpg","contentUrl":"https:\/\/www.edel.fr\/uploads\/2020\/11\/volant-moteur-01M008148.jpg","width":1920,"height":1440,"caption":"Case IH Volant moteur et couronne adaptable"},{"@type":"BreadcrumbList","@id":"https:\/\/edel.fr\/en\/product\/volant-moteur-case-ih-avec-couronne-624-644-734-745\/#breadcrumb","itemListElement":[{"@type":"ListItem","position":1,"name":"Pi\u00e8ce Tracteur","item":"http:\/\/www.edel.fr\/en\/"},{"@type":"ListItem","position":2,"name":"Toutes nos pi\u00e8ces Tracteur","item":"https:\/\/edel.fr\/shop\/"},{"@type":"ListItem","position":3,"name":"Volant moteur Case IH 129 dents &#8211; 523 624 644 724 734 745"}]},{"@type":"WebSite","@id":"http:\/\/www.edel.fr\/en\/#website","url":"http:\/\/www.edel.fr\/en\/","name":"Edel","description":"Pi\u00e8ce d\u00e9tach\u00e9e de Tracteur Agricole","publisher":{"@id":"http:\/\/www.edel.fr\/en\/#organization"},"potentialAction":[{"@type":"SearchAction","target":{"@type":"EntryPoint","urlTemplate":"http:\/\/www.edel.fr\/en\/?s={search_term_string}"},"query-input":{"@type":"PropertyValueSpecification","valueRequired":true,"valueName":"search_term_string"}}],"inLanguage":"en-US"},{"@type":"Organization","@id":"http:\/\/www.edel.fr\/en\/#organization","name":"Edel","url":"http:\/\/www.edel.fr\/en\/","logo":{"@type":"ImageObject","inLanguage":"en-US","@id":"http:\/\/www.edel.fr\/en\/#\/schema\/logo\/image\/","url":"https:\/\/www.edel.fr\/uploads\/2018\/11\/logo-edel.png","contentUrl":"https:\/\/www.edel.fr\/uploads\/2018\/11\/logo-edel.png","width":257,"height":68,"caption":"Edel"},"image":{"@id":"http:\/\/www.edel.fr\/en\/#\/schema\/logo\/image\/"}}]}},"_links":{"self":[{"href":"https:\/\/www.edel.fr\/en\/wp-json\/wp\/v2\/product\/8644","targetHints":{"allow":["GET"]}}],"collection":[{"href":"https:\/\/www.edel.fr\/en\/wp-json\/wp\/v2\/product"}],"about":[{"href":"https:\/\/www.edel.fr\/en\/wp-json\/wp\/v2\/types\/product"}],"version-history":[{"count":2,"href":"https:\/\/www.edel.fr\/en\/wp-json\/wp\/v2\/product\/8644\/revisions"}],"predecessor-version":[{"id":16955,"href":"https:\/\/www.edel.fr\/en\/wp-json\/wp\/v2\/product\/8644\/revisions\/16955"}],"wp:featuredmedia":[{"embeddable":true,"href":"https:\/\/www.edel.fr\/en\/wp-json\/wp\/v2\/media\/8645"}],"wp:attachment":[{"href":"https:\/\/www.edel.fr\/en\/wp-json\/wp\/v2\/media?parent=8644"}],"wp:term":[{"taxonomy":"product_brand","embeddable":true,"href":"https:\/\/www.edel.fr\/en\/wp-json\/wp\/v2\/product_brand?post=8644"},{"taxonomy":"product_cat","embeddable":true,"href":"https:\/\/www.edel.fr\/en\/wp-json\/wp\/v2\/product_cat?post=8644"},{"taxonomy":"product_tag","embeddable":true,"href":"https:\/\/www.edel.fr\/en\/wp-json\/wp\/v2\/product_tag?post=8644"},{"taxonomy":"tracteur","embeddable":true,"href":"https:\/\/www.edel.fr\/en\/wp-json\/wp\/v2\/tracteur?post=8644"}],"curies":[{"name":"wp","href":"https:\/\/api.w.org\/{rel}","templated":true}]}}