{"id":7924,"date":"2020-10-29T16:25:50","date_gmt":"2020-10-29T15:25:50","guid":{"rendered":"https:\/\/www.edel.fr\/?post_type=product&#038;p=7924"},"modified":"2025-11-05T21:05:18","modified_gmt":"2025-11-05T20:05:18","slug":"pompe-hydraulique-massey-ferguson-0510665389-3050-3060-3065","status":"publish","type":"product","link":"https:\/\/www.edel.fr\/en\/product\/pompe-hydraulique-massey-ferguson-0510665389-3050-3060-3065\/","title":{"rendered":"Pompe Hydraulique Tracteur Massey Ferguson : 0510665389"},"content":{"rendered":"<div data-elementor-type=\"wp-post\" data-elementor-id=\"7924\" class=\"elementor elementor-7924\">\n\t\t\t\t\t\t<section class=\"elementor-section elementor-top-section elementor-element elementor-element-6af73878 elementor-section-boxed elementor-section-height-default elementor-section-height-default\" data-id=\"6af73878\" data-element_type=\"section\" data-e-type=\"section\">\n\t\t\t\t\t\t<div class=\"elementor-container elementor-column-gap-default\">\n\t\t\t\t\t<div class=\"elementor-column elementor-col-100 elementor-top-column elementor-element elementor-element-45d17e2\" data-id=\"45d17e2\" data-element_type=\"column\" data-e-type=\"column\">\n\t\t\t<div class=\"elementor-widget-wrap elementor-element-populated\">\n\t\t\t\t\t\t<div class=\"elementor-element elementor-element-6fcf3363 elementor-widget elementor-widget-heading\" data-id=\"6fcf3363\" data-element_type=\"widget\" data-e-type=\"widget\" data-widget_type=\"heading.default\">\n\t\t\t\t<div class=\"elementor-widget-container\">\n\t\t\t\t\t<h2 class=\"elementor-heading-title elementor-size-default\">POMPE HYDRAULIQUE DOUBLE <\/h2>\t\t\t\t<\/div>\n\t\t\t\t<\/div>\n\t\t\t\t<div class=\"elementor-element elementor-element-35c5d67c elementor-widget elementor-widget-heading\" data-id=\"35c5d67c\" data-element_type=\"widget\" data-e-type=\"widget\" data-widget_type=\"heading.default\">\n\t\t\t\t<div class=\"elementor-widget-container\">\n\t\t\t\t\t<h3 class=\"elementor-heading-title elementor-size-default\">Information du produit :<\/h3>\t\t\t\t<\/div>\n\t\t\t\t<\/div>\n\t\t\t\t\t<\/div>\n\t\t<\/div>\n\t\t\t\t\t<\/div>\n\t\t<\/section>\n\t\t\t\t<section class=\"elementor-section elementor-top-section elementor-element elementor-element-290ca7d1 elementor-section-boxed elementor-section-height-default elementor-section-height-default\" data-id=\"290ca7d1\" data-element_type=\"section\" data-e-type=\"section\">\n\t\t\t\t\t\t<div class=\"elementor-container elementor-column-gap-default\">\n\t\t\t\t\t<div class=\"elementor-column elementor-col-100 elementor-top-column elementor-element elementor-element-773f35b7\" data-id=\"773f35b7\" data-element_type=\"column\" data-e-type=\"column\">\n\t\t\t<div class=\"elementor-widget-wrap elementor-element-populated\">\n\t\t\t\t\t\t<div class=\"elementor-element elementor-element-7774c225 elementor-widget elementor-widget-text-editor\" data-id=\"7774c225\" data-element_type=\"widget\" data-e-type=\"widget\" data-widget_type=\"text-editor.default\">\n\t\t\t\t<div class=\"elementor-widget-container\">\n\t\t\t\t\t\t\t\t\t<p>Marque origine Bosch Rexroth<\/p><ul><li><b>\u00c9quivalen<\/b><strong>t\u00a0\u00e0<\/strong> <strong>:<\/strong> <br \/>&#8211; 0510.665.389<br \/>&#8211; 3 4 038<br \/>&#8211; 3382.280.M1<\/li><\/ul><div><div>\u00a0<\/div><\/div>\t\t\t\t\t\t\t\t<\/div>\n\t\t\t\t<\/div>\n\t\t\t\t\t<\/div>\n\t\t<\/div>\n\t\t\t\t\t<\/div>\n\t\t<\/section>\n\t\t\t\t<\/div>","protected":false},"excerpt":{"rendered":"<p>POMPE HYDRAULIQUE DOUBLE Information du produit : Marque origine Bosch Rexroth \u00c9quivalent\u00a0\u00e0 : &#8211; 0510.665.389 &#8211; 3 4 038 &#8211; 3382.280.M1<\/p>","protected":false},"featured_media":7925,"template":"","meta":[],"product_brand":[],"product_cat":[155,3991,167,119],"product_tag":[],"tracteur":[],"class_list":{"0":"post-7924","1":"product","2":"type-product","3":"status-publish","4":"has-post-thumbnail","6":"product_cat-hydraulique","7":"product_cat-pompe-hydraulique-massey-ferguson","8":"product_cat-pompes-hydrauliques","9":"product_cat-tracteurs-agricoles","10":"product_shipping_class-142","11":"pa_fabriquant-bosch","12":"pa_marque-tracteur-massey-ferguson","13":"pa_type-2-1446","14":"pa_type-2-1447","15":"pa_type-2-2016","16":"pa_type-2-1448","17":"pa_type-2-1450","18":"pa_type-2-1318","19":"pa_type-2-1451","20":"pa_type-2-1319","21":"pa_type-2-1320","22":"pa_type-2-1593","23":"pa_type-2-1321","24":"pa_type-2-1333","25":"pa_type-2-1827","26":"pa_type-2-1830","27":"badges-style-2","29":"first","30":"outofstock","31":"taxable","32":"shipping-taxable","33":"purchasable","34":"product-type-simple"},"acf":[],"yoast_head":"<!-- This site is optimized with the Yoast SEO plugin v27.3 - https:\/\/yoast.com\/product\/yoast-seo-wordpress\/ -->\n<title>Pompe Hydraulique Tracteur Massey Ferguson : 0510665389 - Edel<\/title>\n<meta name=\"description\" content=\"Pompe Hydraulique Tracteur Massey Ferguson - 3050 3060 3065 3070 3080 3085 3090 3095 3115 3120 3125 6180 6265 6290 - MF - Bosch - 0510.665.389 3 4 038\" \/>\n<meta name=\"robots\" content=\"index, follow, max-snippet:-1, max-image-preview:large, max-video-preview:-1\" \/>\n<link rel=\"canonical\" href=\"https:\/\/edel.fr\/produit\/pompe-hydraulique-massey-ferguson-0510665389-3050-3060-3065\/\" \/>\n<meta property=\"og:locale\" content=\"en_US\" \/>\n<meta property=\"og:type\" content=\"article\" \/>\n<meta property=\"og:title\" content=\"Pompe Hydraulique Tracteur Massey Ferguson : 0510665389 - Edel\" \/>\n<meta property=\"og:description\" content=\"Pompe Hydraulique Tracteur Massey Ferguson - 3050 3060 3065 3070 3080 3085 3090 3095 3115 3120 3125 6180 6265 6290 - MF - Bosch - 0510.665.389 3 4 038\" \/>\n<meta property=\"og:url\" content=\"https:\/\/edel.fr\/produit\/pompe-hydraulique-massey-ferguson-0510665389-3050-3060-3065\/\" \/>\n<meta property=\"og:site_name\" content=\"Edel\" \/>\n<meta property=\"article:modified_time\" content=\"2025-11-05T20:05:18+00:00\" \/>\n<meta property=\"og:image\" content=\"https:\/\/edel.fr\/uploads\/2020\/10\/pompe-12665389.jpg\" \/>\n\t<meta property=\"og:image:width\" content=\"1512\" \/>\n\t<meta property=\"og:image:height\" content=\"1343\" \/>\n\t<meta property=\"og:image:type\" content=\"image\/jpeg\" \/>\n<meta name=\"twitter:card\" content=\"summary_large_image\" \/>\n<meta name=\"twitter:label1\" content=\"Est. reading time\" \/>\n\t<meta name=\"twitter:data1\" content=\"1 minute\" \/>\n<script type=\"application\/ld+json\" class=\"yoast-schema-graph\">{\"@context\":\"https:\\\/\\\/schema.org\",\"@graph\":[{\"@type\":\"WebPage\",\"@id\":\"https:\\\/\\\/edel.fr\\\/produit\\\/pompe-hydraulique-massey-ferguson-0510665389-3050-3060-3065\\\/\",\"url\":\"https:\\\/\\\/edel.fr\\\/produit\\\/pompe-hydraulique-massey-ferguson-0510665389-3050-3060-3065\\\/\",\"name\":\"Pompe Hydraulique Tracteur Massey Ferguson : 0510665389 - Edel\",\"isPartOf\":{\"@id\":\"https:\\\/\\\/www.edel.fr\\\/en\\\/#website\"},\"primaryImageOfPage\":{\"@id\":\"https:\\\/\\\/edel.fr\\\/produit\\\/pompe-hydraulique-massey-ferguson-0510665389-3050-3060-3065\\\/#primaryimage\"},\"image\":{\"@id\":\"https:\\\/\\\/edel.fr\\\/produit\\\/pompe-hydraulique-massey-ferguson-0510665389-3050-3060-3065\\\/#primaryimage\"},\"thumbnailUrl\":\"https:\\\/\\\/www.edel.fr\\\/uploads\\\/2020\\\/10\\\/pompe-12665389.jpg\",\"datePublished\":\"2020-10-29T15:25:50+00:00\",\"dateModified\":\"2025-11-05T20:05:18+00:00\",\"description\":\"Pompe Hydraulique Tracteur Massey Ferguson - 3050 3060 3065 3070 3080 3085 3090 3095 3115 3120 3125 6180 6265 6290 - MF - Bosch - 0510.665.389 3 4 038\",\"breadcrumb\":{\"@id\":\"https:\\\/\\\/edel.fr\\\/produit\\\/pompe-hydraulique-massey-ferguson-0510665389-3050-3060-3065\\\/#breadcrumb\"},\"inLanguage\":\"en-US\",\"potentialAction\":[{\"@type\":\"ReadAction\",\"target\":[\"https:\\\/\\\/edel.fr\\\/produit\\\/pompe-hydraulique-massey-ferguson-0510665389-3050-3060-3065\\\/\"]}]},{\"@type\":\"ImageObject\",\"inLanguage\":\"en-US\",\"@id\":\"https:\\\/\\\/edel.fr\\\/produit\\\/pompe-hydraulique-massey-ferguson-0510665389-3050-3060-3065\\\/#primaryimage\",\"url\":\"https:\\\/\\\/www.edel.fr\\\/uploads\\\/2020\\\/10\\\/pompe-12665389.jpg\",\"contentUrl\":\"https:\\\/\\\/www.edel.fr\\\/uploads\\\/2020\\\/10\\\/pompe-12665389.jpg\",\"width\":1512,\"height\":1343,\"caption\":\"Pompe Hydraulique Massey Ferguson\"},{\"@type\":\"BreadcrumbList\",\"@id\":\"https:\\\/\\\/edel.fr\\\/produit\\\/pompe-hydraulique-massey-ferguson-0510665389-3050-3060-3065\\\/#breadcrumb\",\"itemListElement\":[{\"@type\":\"ListItem\",\"position\":1,\"name\":\"Pi\u00e8ce Tracteur\",\"item\":\"https:\\\/\\\/www.edel.fr\\\/en\\\/\"},{\"@type\":\"ListItem\",\"position\":2,\"name\":\"Toutes nos pi\u00e8ces Tracteur\",\"item\":\"https:\\\/\\\/edel.fr\\\/shop\\\/\"},{\"@type\":\"ListItem\",\"position\":3,\"name\":\"Pompe Hydraulique Tracteur Massey Ferguson : 0510665389\"}]},{\"@type\":\"WebSite\",\"@id\":\"https:\\\/\\\/www.edel.fr\\\/en\\\/#website\",\"url\":\"https:\\\/\\\/www.edel.fr\\\/en\\\/\",\"name\":\"Edel\",\"description\":\"Pi\u00e8ce d\u00e9tach\u00e9e de Tracteur Agricole\",\"publisher\":{\"@id\":\"https:\\\/\\\/www.edel.fr\\\/en\\\/#organization\"},\"potentialAction\":[{\"@type\":\"SearchAction\",\"target\":{\"@type\":\"EntryPoint\",\"urlTemplate\":\"https:\\\/\\\/www.edel.fr\\\/en\\\/?s={search_term_string}\"},\"query-input\":{\"@type\":\"PropertyValueSpecification\",\"valueRequired\":true,\"valueName\":\"search_term_string\"}}],\"inLanguage\":\"en-US\"},{\"@type\":\"Organization\",\"@id\":\"https:\\\/\\\/www.edel.fr\\\/en\\\/#organization\",\"name\":\"Edel\",\"url\":\"https:\\\/\\\/www.edel.fr\\\/en\\\/\",\"logo\":{\"@type\":\"ImageObject\",\"inLanguage\":\"en-US\",\"@id\":\"https:\\\/\\\/www.edel.fr\\\/en\\\/#\\\/schema\\\/logo\\\/image\\\/\",\"url\":\"https:\\\/\\\/www.edel.fr\\\/uploads\\\/2018\\\/11\\\/logo-edel.png\",\"contentUrl\":\"https:\\\/\\\/www.edel.fr\\\/uploads\\\/2018\\\/11\\\/logo-edel.png\",\"width\":257,\"height\":68,\"caption\":\"Edel\"},\"image\":{\"@id\":\"https:\\\/\\\/www.edel.fr\\\/en\\\/#\\\/schema\\\/logo\\\/image\\\/\"}}]}<\/script>\n<!-- \/ Yoast SEO plugin. -->","yoast_head_json":{"title":"Pompe Hydraulique Tracteur Massey Ferguson : 0510665389 - Edel","description":"Pompe Hydraulique Tracteur Massey Ferguson - 3050 3060 3065 3070 3080 3085 3090 3095 3115 3120 3125 6180 6265 6290 - MF - Bosch - 0510.665.389 3 4 038","robots":{"index":"index","follow":"follow","max-snippet":"max-snippet:-1","max-image-preview":"max-image-preview:large","max-video-preview":"max-video-preview:-1"},"canonical":"https:\/\/edel.fr\/produit\/pompe-hydraulique-massey-ferguson-0510665389-3050-3060-3065\/","og_locale":"en_US","og_type":"article","og_title":"Pompe Hydraulique Tracteur Massey Ferguson : 0510665389 - Edel","og_description":"Pompe Hydraulique Tracteur Massey Ferguson - 3050 3060 3065 3070 3080 3085 3090 3095 3115 3120 3125 6180 6265 6290 - MF - Bosch - 0510.665.389 3 4 038","og_url":"https:\/\/edel.fr\/produit\/pompe-hydraulique-massey-ferguson-0510665389-3050-3060-3065\/","og_site_name":"Edel","article_modified_time":"2025-11-05T20:05:18+00:00","og_image":[{"width":1512,"height":1343,"url":"https:\/\/edel.fr\/uploads\/2020\/10\/pompe-12665389.jpg","type":"image\/jpeg"}],"twitter_card":"summary_large_image","twitter_misc":{"Est. reading time":"1 minute"},"schema":{"@context":"https:\/\/schema.org","@graph":[{"@type":"WebPage","@id":"https:\/\/edel.fr\/produit\/pompe-hydraulique-massey-ferguson-0510665389-3050-3060-3065\/","url":"https:\/\/edel.fr\/produit\/pompe-hydraulique-massey-ferguson-0510665389-3050-3060-3065\/","name":"Pompe Hydraulique Tracteur Massey Ferguson : 0510665389 - Edel","isPartOf":{"@id":"https:\/\/www.edel.fr\/en\/#website"},"primaryImageOfPage":{"@id":"https:\/\/edel.fr\/produit\/pompe-hydraulique-massey-ferguson-0510665389-3050-3060-3065\/#primaryimage"},"image":{"@id":"https:\/\/edel.fr\/produit\/pompe-hydraulique-massey-ferguson-0510665389-3050-3060-3065\/#primaryimage"},"thumbnailUrl":"https:\/\/www.edel.fr\/uploads\/2020\/10\/pompe-12665389.jpg","datePublished":"2020-10-29T15:25:50+00:00","dateModified":"2025-11-05T20:05:18+00:00","description":"Pompe Hydraulique Tracteur Massey Ferguson - 3050 3060 3065 3070 3080 3085 3090 3095 3115 3120 3125 6180 6265 6290 - MF - Bosch - 0510.665.389 3 4 038","breadcrumb":{"@id":"https:\/\/edel.fr\/produit\/pompe-hydraulique-massey-ferguson-0510665389-3050-3060-3065\/#breadcrumb"},"inLanguage":"en-US","potentialAction":[{"@type":"ReadAction","target":["https:\/\/edel.fr\/produit\/pompe-hydraulique-massey-ferguson-0510665389-3050-3060-3065\/"]}]},{"@type":"ImageObject","inLanguage":"en-US","@id":"https:\/\/edel.fr\/produit\/pompe-hydraulique-massey-ferguson-0510665389-3050-3060-3065\/#primaryimage","url":"https:\/\/www.edel.fr\/uploads\/2020\/10\/pompe-12665389.jpg","contentUrl":"https:\/\/www.edel.fr\/uploads\/2020\/10\/pompe-12665389.jpg","width":1512,"height":1343,"caption":"Pompe Hydraulique Massey Ferguson"},{"@type":"BreadcrumbList","@id":"https:\/\/edel.fr\/produit\/pompe-hydraulique-massey-ferguson-0510665389-3050-3060-3065\/#breadcrumb","itemListElement":[{"@type":"ListItem","position":1,"name":"Pi\u00e8ce Tracteur","item":"https:\/\/www.edel.fr\/en\/"},{"@type":"ListItem","position":2,"name":"Toutes nos pi\u00e8ces Tracteur","item":"https:\/\/edel.fr\/shop\/"},{"@type":"ListItem","position":3,"name":"Pompe Hydraulique Tracteur Massey Ferguson : 0510665389"}]},{"@type":"WebSite","@id":"https:\/\/www.edel.fr\/en\/#website","url":"https:\/\/www.edel.fr\/en\/","name":"Edel","description":"Pi\u00e8ce d\u00e9tach\u00e9e de Tracteur Agricole","publisher":{"@id":"https:\/\/www.edel.fr\/en\/#organization"},"potentialAction":[{"@type":"SearchAction","target":{"@type":"EntryPoint","urlTemplate":"https:\/\/www.edel.fr\/en\/?s={search_term_string}"},"query-input":{"@type":"PropertyValueSpecification","valueRequired":true,"valueName":"search_term_string"}}],"inLanguage":"en-US"},{"@type":"Organization","@id":"https:\/\/www.edel.fr\/en\/#organization","name":"Edel","url":"https:\/\/www.edel.fr\/en\/","logo":{"@type":"ImageObject","inLanguage":"en-US","@id":"https:\/\/www.edel.fr\/en\/#\/schema\/logo\/image\/","url":"https:\/\/www.edel.fr\/uploads\/2018\/11\/logo-edel.png","contentUrl":"https:\/\/www.edel.fr\/uploads\/2018\/11\/logo-edel.png","width":257,"height":68,"caption":"Edel"},"image":{"@id":"https:\/\/www.edel.fr\/en\/#\/schema\/logo\/image\/"}}]}},"_links":{"self":[{"href":"https:\/\/www.edel.fr\/en\/wp-json\/wp\/v2\/product\/7924","targetHints":{"allow":["GET"]}}],"collection":[{"href":"https:\/\/www.edel.fr\/en\/wp-json\/wp\/v2\/product"}],"about":[{"href":"https:\/\/www.edel.fr\/en\/wp-json\/wp\/v2\/types\/product"}],"version-history":[{"count":2,"href":"https:\/\/www.edel.fr\/en\/wp-json\/wp\/v2\/product\/7924\/revisions"}],"predecessor-version":[{"id":13571,"href":"https:\/\/www.edel.fr\/en\/wp-json\/wp\/v2\/product\/7924\/revisions\/13571"}],"wp:featuredmedia":[{"embeddable":true,"href":"https:\/\/www.edel.fr\/en\/wp-json\/wp\/v2\/media\/7925"}],"wp:attachment":[{"href":"https:\/\/www.edel.fr\/en\/wp-json\/wp\/v2\/media?parent=7924"}],"wp:term":[{"taxonomy":"product_brand","embeddable":true,"href":"https:\/\/www.edel.fr\/en\/wp-json\/wp\/v2\/product_brand?post=7924"},{"taxonomy":"product_cat","embeddable":true,"href":"https:\/\/www.edel.fr\/en\/wp-json\/wp\/v2\/product_cat?post=7924"},{"taxonomy":"product_tag","embeddable":true,"href":"https:\/\/www.edel.fr\/en\/wp-json\/wp\/v2\/product_tag?post=7924"},{"taxonomy":"tracteur","embeddable":true,"href":"https:\/\/www.edel.fr\/en\/wp-json\/wp\/v2\/tracteur?post=7924"}],"curies":[{"name":"wp","href":"https:\/\/api.w.org\/{rel}","templated":true}]}}