{"id":7905,"date":"2020-10-29T15:40:00","date_gmt":"2020-10-29T14:40:00","guid":{"rendered":"https:\/\/www.edel.fr\/?post_type=product&#038;p=7905"},"modified":"2025-12-06T02:00:31","modified_gmt":"2025-12-06T01:00:31","slug":"pompe-hydraulique-0510665381-fendt-khd-deutz-steyr-dx120","status":"publish","type":"product","link":"https:\/\/www.edel.fr\/en\/product\/pompe-hydraulique-0510665381-fendt-khd-deutz-steyr-dx120\/","title":{"rendered":"Pompe Hydraulique Tracteur Fendt, KHD Deutz, Steyr : 0510665381"},"content":{"rendered":"<div data-elementor-type=\"wp-post\" data-elementor-id=\"7905\" class=\"elementor elementor-7905\">\n\t\t\t\t\t\t<section class=\"elementor-section elementor-top-section elementor-element elementor-element-41416558 elementor-section-boxed elementor-section-height-default elementor-section-height-default\" data-id=\"41416558\" data-element_type=\"section\" data-e-type=\"section\">\n\t\t\t\t\t\t<div class=\"elementor-container elementor-column-gap-default\">\n\t\t\t\t\t<div class=\"elementor-column elementor-col-100 elementor-top-column elementor-element elementor-element-47aa24cc\" data-id=\"47aa24cc\" data-element_type=\"column\" data-e-type=\"column\">\n\t\t\t<div class=\"elementor-widget-wrap elementor-element-populated\">\n\t\t\t\t\t\t<div class=\"elementor-element elementor-element-1d8c130f elementor-widget elementor-widget-heading\" data-id=\"1d8c130f\" data-element_type=\"widget\" data-e-type=\"widget\" data-widget_type=\"heading.default\">\n\t\t\t\t<div class=\"elementor-widget-container\">\n\t\t\t\t\t<h2 class=\"elementor-heading-title elementor-size-default\">POMPE HYDRAULIQUE DOUBLE <\/h2>\t\t\t\t<\/div>\n\t\t\t\t<\/div>\n\t\t\t\t<div class=\"elementor-element elementor-element-2f044671 elementor-widget elementor-widget-heading\" data-id=\"2f044671\" data-element_type=\"widget\" data-e-type=\"widget\" data-widget_type=\"heading.default\">\n\t\t\t\t<div class=\"elementor-widget-container\">\n\t\t\t\t\t<h3 class=\"elementor-heading-title elementor-size-default\">Information du produit :<\/h3>\t\t\t\t<\/div>\n\t\t\t\t<\/div>\n\t\t\t\t\t<\/div>\n\t\t<\/div>\n\t\t\t\t\t<\/div>\n\t\t<\/section>\n\t\t\t\t<section class=\"elementor-section elementor-top-section elementor-element elementor-element-290ca7d1 elementor-section-boxed elementor-section-height-default elementor-section-height-default\" data-id=\"290ca7d1\" data-element_type=\"section\" data-e-type=\"section\">\n\t\t\t\t\t\t<div class=\"elementor-container elementor-column-gap-default\">\n\t\t\t\t\t<div class=\"elementor-column elementor-col-100 elementor-top-column elementor-element elementor-element-773f35b7\" data-id=\"773f35b7\" data-element_type=\"column\" data-e-type=\"column\">\n\t\t\t<div class=\"elementor-widget-wrap elementor-element-populated\">\n\t\t\t\t\t\t<div class=\"elementor-element elementor-element-7774c225 elementor-widget elementor-widget-text-editor\" data-id=\"7774c225\" data-element_type=\"widget\" data-e-type=\"widget\" data-widget_type=\"text-editor.default\">\n\t\t\t\t<div class=\"elementor-widget-container\">\n\t\t\t\t\t\t\t\t\t<p>Marque origine Bosch Rexroth<\/p><ul><li><b>\u00c9quivalen<\/b><strong>t\u00a0\u00e0<\/strong> <strong>:<\/strong> <br \/>&#8211; 0510.665.335<br \/>&#8211; 0510.565.393<br \/>&#8211; 0510.665.341<br \/>&#8211; 0510.665.381<br \/>&#8211; 0510.665.382<br \/>&#8211; 0510.665.367<br \/>&#8211; 0510.665.366<br \/>&#8211; BX 1701 35036<br \/>&#8211; 0 7 011<br \/>&#8211; 0 7 012<br \/>&#8211; 0 8 009<br \/>&#8211; 0 8 011<br \/>&#8211; 434.24.72<br \/>&#8211; G 178940010010<\/li><\/ul><div><div>\u00a0<\/div><\/div>\t\t\t\t\t\t\t\t<\/div>\n\t\t\t\t<\/div>\n\t\t\t\t\t<\/div>\n\t\t<\/div>\n\t\t\t\t\t<\/div>\n\t\t<\/section>\n\t\t\t\t<\/div>","protected":false},"excerpt":{"rendered":"<p>POMPE HYDRAULIQUE DOUBLE Information du produit : Marque origine Bosch Rexroth \u00c9quivalent\u00a0\u00e0 : &#8211; 0510.665.335 &#8211; 0510.565.393 &#8211; 0510.665.341 &#8211; 0510.665.381 &#8211; 0510.665.382 &#8211; 0510.665.367 &#8211; 0510.665.366 &#8211; BX 1701 35036 &#8211; 0 7 011 &#8211; 0 7 012 &#8211; 0 8 009 &#8211; 0 8 011 &#8211; 434.24.72 &#8211; G 178940010010<\/p>","protected":false},"featured_media":7906,"template":"","meta":[],"product_brand":[],"product_cat":[155,3990,3987,3993,167,119],"product_tag":[],"tracteur":[],"class_list":{"0":"post-7905","1":"product","2":"type-product","3":"status-publish","4":"has-post-thumbnail","6":"product_cat-hydraulique","7":"product_cat-pompe-hydraulique-deutz","8":"product_cat-pompe-hydraulique-fendt","9":"product_cat-pompe-hydraulique-steyr","10":"product_cat-pompes-hydrauliques","11":"product_cat-tracteurs-agricoles","12":"product_shipping_class-142","13":"pa_fabriquant-bosch","14":"pa_marque-tracteur-fendt","15":"pa_marque-tracteur-khd-deutz","16":"pa_marque-tracteur-steyr","17":"pa_type-2-270-p","18":"pa_type-2-275s","19":"pa_type-2-280p","20":"pa_type-2-2472","21":"pa_type-2-2469","22":"pa_type-2-2293","23":"pa_type-2-2470","24":"pa_type-2-2471","25":"pa_type-2-1413","26":"pa_type-2-1733","27":"pa_type-2-1734","28":"pa_type-2-1790","29":"pa_type-2-2794","30":"pa_type-2-380-gt","31":"pa_type-2-1234","32":"pa_type-2-1235","33":"pa_type-2-2782","34":"pa_type-2-1253","35":"pa_type-2-2783","36":"pa_type-2-2784","37":"pa_type-2-2781","38":"pa_type-2-cs86-mwm","39":"pa_type-2-cs94","40":"pa_type-2-d6807","41":"pa_type-2-dx110","42":"pa_type-2-dx120","43":"pa_type-2-dx145","44":"pa_type-2-dx350","45":"pa_type-2-dx360","46":"pa_type-2-dx365","47":"pa_type-2-dx-370","48":"pa_type-2-dx390","49":"pa_type-2-dx410","50":"pa_type-2-dx430","51":"pa_type-2-dx431","52":"pa_type-2-dx80","53":"pa_type-2-dx85","54":"pa_type-2-dx86","55":"pa_type-2-dx90","56":"pa_type-2-dx92","57":"pa_type-2-ls-lsa","58":"badges-style-2","60":"first","61":"instock","62":"taxable","63":"shipping-taxable","64":"purchasable","65":"product-type-simple"},"acf":[],"yoast_head":"<!-- This site is optimized with the Yoast SEO plugin v27.3 - https:\/\/yoast.com\/product\/yoast-seo-wordpress\/ -->\n<title>Pompe Hydraulique Tracteur Fendt, KHD Deutz, Steyr : 0510665381 - Edel<\/title>\n<meta name=\"description\" content=\"Pompe Hydraulique Tracteur 0510665381 - 270 P 275S 280P 303 304 305 306 307 308 310 311 312 380 GT 7207 7807 9078 9086 9094 970 DX410 DX43 DX80 DX85 DX90\" \/>\n<meta name=\"robots\" content=\"index, follow, max-snippet:-1, max-image-preview:large, max-video-preview:-1\" \/>\n<link rel=\"canonical\" href=\"https:\/\/edel.fr\/produit\/pompe-hydraulique-0510665381-fendt-khd-deutz-steyr-dx120\/\" \/>\n<meta property=\"og:locale\" content=\"en_US\" \/>\n<meta property=\"og:type\" content=\"article\" \/>\n<meta property=\"og:title\" content=\"Pompe Hydraulique Tracteur Fendt, KHD Deutz, Steyr : 0510665381 - Edel\" \/>\n<meta property=\"og:description\" content=\"Pompe Hydraulique Tracteur 0510665381 - 270 P 275S 280P 303 304 305 306 307 308 310 311 312 380 GT 7207 7807 9078 9086 9094 970 DX410 DX43 DX80 DX85 DX90\" \/>\n<meta property=\"og:url\" content=\"https:\/\/edel.fr\/produit\/pompe-hydraulique-0510665381-fendt-khd-deutz-steyr-dx120\/\" \/>\n<meta property=\"og:site_name\" content=\"Edel\" \/>\n<meta property=\"article:modified_time\" content=\"2025-12-06T01:00:31+00:00\" \/>\n<meta property=\"og:image\" content=\"https:\/\/edel.fr\/uploads\/2020\/10\/pompe-665321.jpg\" \/>\n\t<meta property=\"og:image:width\" content=\"1512\" \/>\n\t<meta property=\"og:image:height\" content=\"1395\" \/>\n\t<meta property=\"og:image:type\" content=\"image\/jpeg\" \/>\n<meta name=\"twitter:card\" content=\"summary_large_image\" \/>\n<meta name=\"twitter:label1\" content=\"Est. reading time\" \/>\n\t<meta name=\"twitter:data1\" content=\"1 minute\" \/>\n<script type=\"application\/ld+json\" class=\"yoast-schema-graph\">{\"@context\":\"https:\\\/\\\/schema.org\",\"@graph\":[{\"@type\":\"WebPage\",\"@id\":\"https:\\\/\\\/edel.fr\\\/produit\\\/pompe-hydraulique-0510665381-fendt-khd-deutz-steyr-dx120\\\/\",\"url\":\"https:\\\/\\\/edel.fr\\\/produit\\\/pompe-hydraulique-0510665381-fendt-khd-deutz-steyr-dx120\\\/\",\"name\":\"Pompe Hydraulique Tracteur Fendt, KHD Deutz, Steyr : 0510665381 - Edel\",\"isPartOf\":{\"@id\":\"https:\\\/\\\/www.edel.fr\\\/en\\\/#website\"},\"primaryImageOfPage\":{\"@id\":\"https:\\\/\\\/edel.fr\\\/produit\\\/pompe-hydraulique-0510665381-fendt-khd-deutz-steyr-dx120\\\/#primaryimage\"},\"image\":{\"@id\":\"https:\\\/\\\/edel.fr\\\/produit\\\/pompe-hydraulique-0510665381-fendt-khd-deutz-steyr-dx120\\\/#primaryimage\"},\"thumbnailUrl\":\"https:\\\/\\\/www.edel.fr\\\/uploads\\\/2020\\\/10\\\/pompe-665321.jpg\",\"datePublished\":\"2020-10-29T14:40:00+00:00\",\"dateModified\":\"2025-12-06T01:00:31+00:00\",\"description\":\"Pompe Hydraulique Tracteur 0510665381 - 270 P 275S 280P 303 304 305 306 307 308 310 311 312 380 GT 7207 7807 9078 9086 9094 970 DX410 DX43 DX80 DX85 DX90\",\"breadcrumb\":{\"@id\":\"https:\\\/\\\/edel.fr\\\/produit\\\/pompe-hydraulique-0510665381-fendt-khd-deutz-steyr-dx120\\\/#breadcrumb\"},\"inLanguage\":\"en-US\",\"potentialAction\":[{\"@type\":\"ReadAction\",\"target\":[\"https:\\\/\\\/edel.fr\\\/produit\\\/pompe-hydraulique-0510665381-fendt-khd-deutz-steyr-dx120\\\/\"]}]},{\"@type\":\"ImageObject\",\"inLanguage\":\"en-US\",\"@id\":\"https:\\\/\\\/edel.fr\\\/produit\\\/pompe-hydraulique-0510665381-fendt-khd-deutz-steyr-dx120\\\/#primaryimage\",\"url\":\"https:\\\/\\\/www.edel.fr\\\/uploads\\\/2020\\\/10\\\/pompe-665321.jpg\",\"contentUrl\":\"https:\\\/\\\/www.edel.fr\\\/uploads\\\/2020\\\/10\\\/pompe-665321.jpg\",\"width\":1512,\"height\":1395,\"caption\":\"Pompe Hydraulique 0510665381\"},{\"@type\":\"BreadcrumbList\",\"@id\":\"https:\\\/\\\/edel.fr\\\/produit\\\/pompe-hydraulique-0510665381-fendt-khd-deutz-steyr-dx120\\\/#breadcrumb\",\"itemListElement\":[{\"@type\":\"ListItem\",\"position\":1,\"name\":\"Pi\u00e8ce Tracteur\",\"item\":\"https:\\\/\\\/www.edel.fr\\\/en\\\/\"},{\"@type\":\"ListItem\",\"position\":2,\"name\":\"Toutes nos pi\u00e8ces Tracteur\",\"item\":\"https:\\\/\\\/edel.fr\\\/shop\\\/\"},{\"@type\":\"ListItem\",\"position\":3,\"name\":\"Pompe Hydraulique Tracteur Fendt, KHD Deutz, Steyr : 0510665381\"}]},{\"@type\":\"WebSite\",\"@id\":\"https:\\\/\\\/www.edel.fr\\\/en\\\/#website\",\"url\":\"https:\\\/\\\/www.edel.fr\\\/en\\\/\",\"name\":\"Edel\",\"description\":\"Pi\u00e8ce d\u00e9tach\u00e9e de Tracteur Agricole\",\"publisher\":{\"@id\":\"https:\\\/\\\/www.edel.fr\\\/en\\\/#organization\"},\"potentialAction\":[{\"@type\":\"SearchAction\",\"target\":{\"@type\":\"EntryPoint\",\"urlTemplate\":\"https:\\\/\\\/www.edel.fr\\\/en\\\/?s={search_term_string}\"},\"query-input\":{\"@type\":\"PropertyValueSpecification\",\"valueRequired\":true,\"valueName\":\"search_term_string\"}}],\"inLanguage\":\"en-US\"},{\"@type\":\"Organization\",\"@id\":\"https:\\\/\\\/www.edel.fr\\\/en\\\/#organization\",\"name\":\"Edel\",\"url\":\"https:\\\/\\\/www.edel.fr\\\/en\\\/\",\"logo\":{\"@type\":\"ImageObject\",\"inLanguage\":\"en-US\",\"@id\":\"https:\\\/\\\/www.edel.fr\\\/en\\\/#\\\/schema\\\/logo\\\/image\\\/\",\"url\":\"https:\\\/\\\/www.edel.fr\\\/uploads\\\/2018\\\/11\\\/logo-edel.png\",\"contentUrl\":\"https:\\\/\\\/www.edel.fr\\\/uploads\\\/2018\\\/11\\\/logo-edel.png\",\"width\":257,\"height\":68,\"caption\":\"Edel\"},\"image\":{\"@id\":\"https:\\\/\\\/www.edel.fr\\\/en\\\/#\\\/schema\\\/logo\\\/image\\\/\"}}]}<\/script>\n<!-- \/ Yoast SEO plugin. -->","yoast_head_json":{"title":"Pompe Hydraulique Tracteur Fendt, KHD Deutz, Steyr : 0510665381 - Edel","description":"Pompe Hydraulique Tracteur 0510665381 - 270 P 275S 280P 303 304 305 306 307 308 310 311 312 380 GT 7207 7807 9078 9086 9094 970 DX410 DX43 DX80 DX85 DX90","robots":{"index":"index","follow":"follow","max-snippet":"max-snippet:-1","max-image-preview":"max-image-preview:large","max-video-preview":"max-video-preview:-1"},"canonical":"https:\/\/edel.fr\/produit\/pompe-hydraulique-0510665381-fendt-khd-deutz-steyr-dx120\/","og_locale":"en_US","og_type":"article","og_title":"Pompe Hydraulique Tracteur Fendt, KHD Deutz, Steyr : 0510665381 - Edel","og_description":"Pompe Hydraulique Tracteur 0510665381 - 270 P 275S 280P 303 304 305 306 307 308 310 311 312 380 GT 7207 7807 9078 9086 9094 970 DX410 DX43 DX80 DX85 DX90","og_url":"https:\/\/edel.fr\/produit\/pompe-hydraulique-0510665381-fendt-khd-deutz-steyr-dx120\/","og_site_name":"Edel","article_modified_time":"2025-12-06T01:00:31+00:00","og_image":[{"width":1512,"height":1395,"url":"https:\/\/edel.fr\/uploads\/2020\/10\/pompe-665321.jpg","type":"image\/jpeg"}],"twitter_card":"summary_large_image","twitter_misc":{"Est. reading time":"1 minute"},"schema":{"@context":"https:\/\/schema.org","@graph":[{"@type":"WebPage","@id":"https:\/\/edel.fr\/produit\/pompe-hydraulique-0510665381-fendt-khd-deutz-steyr-dx120\/","url":"https:\/\/edel.fr\/produit\/pompe-hydraulique-0510665381-fendt-khd-deutz-steyr-dx120\/","name":"Pompe Hydraulique Tracteur Fendt, KHD Deutz, Steyr : 0510665381 - Edel","isPartOf":{"@id":"https:\/\/www.edel.fr\/en\/#website"},"primaryImageOfPage":{"@id":"https:\/\/edel.fr\/produit\/pompe-hydraulique-0510665381-fendt-khd-deutz-steyr-dx120\/#primaryimage"},"image":{"@id":"https:\/\/edel.fr\/produit\/pompe-hydraulique-0510665381-fendt-khd-deutz-steyr-dx120\/#primaryimage"},"thumbnailUrl":"https:\/\/www.edel.fr\/uploads\/2020\/10\/pompe-665321.jpg","datePublished":"2020-10-29T14:40:00+00:00","dateModified":"2025-12-06T01:00:31+00:00","description":"Pompe Hydraulique Tracteur 0510665381 - 270 P 275S 280P 303 304 305 306 307 308 310 311 312 380 GT 7207 7807 9078 9086 9094 970 DX410 DX43 DX80 DX85 DX90","breadcrumb":{"@id":"https:\/\/edel.fr\/produit\/pompe-hydraulique-0510665381-fendt-khd-deutz-steyr-dx120\/#breadcrumb"},"inLanguage":"en-US","potentialAction":[{"@type":"ReadAction","target":["https:\/\/edel.fr\/produit\/pompe-hydraulique-0510665381-fendt-khd-deutz-steyr-dx120\/"]}]},{"@type":"ImageObject","inLanguage":"en-US","@id":"https:\/\/edel.fr\/produit\/pompe-hydraulique-0510665381-fendt-khd-deutz-steyr-dx120\/#primaryimage","url":"https:\/\/www.edel.fr\/uploads\/2020\/10\/pompe-665321.jpg","contentUrl":"https:\/\/www.edel.fr\/uploads\/2020\/10\/pompe-665321.jpg","width":1512,"height":1395,"caption":"Pompe Hydraulique 0510665381"},{"@type":"BreadcrumbList","@id":"https:\/\/edel.fr\/produit\/pompe-hydraulique-0510665381-fendt-khd-deutz-steyr-dx120\/#breadcrumb","itemListElement":[{"@type":"ListItem","position":1,"name":"Pi\u00e8ce Tracteur","item":"https:\/\/www.edel.fr\/en\/"},{"@type":"ListItem","position":2,"name":"Toutes nos pi\u00e8ces Tracteur","item":"https:\/\/edel.fr\/shop\/"},{"@type":"ListItem","position":3,"name":"Pompe Hydraulique Tracteur Fendt, KHD Deutz, Steyr : 0510665381"}]},{"@type":"WebSite","@id":"https:\/\/www.edel.fr\/en\/#website","url":"https:\/\/www.edel.fr\/en\/","name":"Edel","description":"Pi\u00e8ce d\u00e9tach\u00e9e de Tracteur Agricole","publisher":{"@id":"https:\/\/www.edel.fr\/en\/#organization"},"potentialAction":[{"@type":"SearchAction","target":{"@type":"EntryPoint","urlTemplate":"https:\/\/www.edel.fr\/en\/?s={search_term_string}"},"query-input":{"@type":"PropertyValueSpecification","valueRequired":true,"valueName":"search_term_string"}}],"inLanguage":"en-US"},{"@type":"Organization","@id":"https:\/\/www.edel.fr\/en\/#organization","name":"Edel","url":"https:\/\/www.edel.fr\/en\/","logo":{"@type":"ImageObject","inLanguage":"en-US","@id":"https:\/\/www.edel.fr\/en\/#\/schema\/logo\/image\/","url":"https:\/\/www.edel.fr\/uploads\/2018\/11\/logo-edel.png","contentUrl":"https:\/\/www.edel.fr\/uploads\/2018\/11\/logo-edel.png","width":257,"height":68,"caption":"Edel"},"image":{"@id":"https:\/\/www.edel.fr\/en\/#\/schema\/logo\/image\/"}}]}},"_links":{"self":[{"href":"https:\/\/www.edel.fr\/en\/wp-json\/wp\/v2\/product\/7905","targetHints":{"allow":["GET"]}}],"collection":[{"href":"https:\/\/www.edel.fr\/en\/wp-json\/wp\/v2\/product"}],"about":[{"href":"https:\/\/www.edel.fr\/en\/wp-json\/wp\/v2\/types\/product"}],"version-history":[{"count":2,"href":"https:\/\/www.edel.fr\/en\/wp-json\/wp\/v2\/product\/7905\/revisions"}],"predecessor-version":[{"id":13578,"href":"https:\/\/www.edel.fr\/en\/wp-json\/wp\/v2\/product\/7905\/revisions\/13578"}],"wp:featuredmedia":[{"embeddable":true,"href":"https:\/\/www.edel.fr\/en\/wp-json\/wp\/v2\/media\/7906"}],"wp:attachment":[{"href":"https:\/\/www.edel.fr\/en\/wp-json\/wp\/v2\/media?parent=7905"}],"wp:term":[{"taxonomy":"product_brand","embeddable":true,"href":"https:\/\/www.edel.fr\/en\/wp-json\/wp\/v2\/product_brand?post=7905"},{"taxonomy":"product_cat","embeddable":true,"href":"https:\/\/www.edel.fr\/en\/wp-json\/wp\/v2\/product_cat?post=7905"},{"taxonomy":"product_tag","embeddable":true,"href":"https:\/\/www.edel.fr\/en\/wp-json\/wp\/v2\/product_tag?post=7905"},{"taxonomy":"tracteur","embeddable":true,"href":"https:\/\/www.edel.fr\/en\/wp-json\/wp\/v2\/tracteur?post=7905"}],"curies":[{"name":"wp","href":"https:\/\/api.w.org\/{rel}","templated":true}]}}