{"id":7703,"date":"2020-10-26T15:09:22","date_gmt":"2020-10-26T14:09:22","guid":{"rendered":"https:\/\/www.edel.fr\/?post_type=product&#038;p=7703"},"modified":"2026-03-27T02:00:36","modified_gmt":"2026-03-27T01:00:36","slug":"pompe-hydraulique-0510665093","status":"publish","type":"product","link":"https:\/\/www.edel.fr\/en\/product\/pompe-hydraulique-0510665093\/","title":{"rendered":"Renault Pompe Hydraulique Tracteur : 0510665093 &#8211; Bosch"},"content":{"rendered":"<div data-elementor-type=\"wp-post\" data-elementor-id=\"7703\" class=\"elementor elementor-7703\">\n\t\t\t\t\t\t<section class=\"elementor-section elementor-top-section elementor-element elementor-element-2a55ce6d elementor-section-boxed elementor-section-height-default elementor-section-height-default\" data-id=\"2a55ce6d\" data-element_type=\"section\" data-e-type=\"section\">\n\t\t\t\t\t\t<div class=\"elementor-container elementor-column-gap-default\">\n\t\t\t\t\t<div class=\"elementor-column elementor-col-100 elementor-top-column elementor-element elementor-element-403f91f3\" data-id=\"403f91f3\" data-element_type=\"column\" data-e-type=\"column\">\n\t\t\t<div class=\"elementor-widget-wrap elementor-element-populated\">\n\t\t\t\t\t\t<div class=\"elementor-element elementor-element-482ba417 elementor-widget elementor-widget-heading\" data-id=\"482ba417\" data-element_type=\"widget\" data-e-type=\"widget\" data-widget_type=\"heading.default\">\n\t\t\t\t<div class=\"elementor-widget-container\">\n\t\t\t\t\t<h2 class=\"elementor-heading-title elementor-size-default\">POMPE HYDRAULIQUE DOUBLE RENAULT CLAAS<\/h2>\t\t\t\t<\/div>\n\t\t\t\t<\/div>\n\t\t\t\t<div class=\"elementor-element elementor-element-7108046b elementor-widget elementor-widget-heading\" data-id=\"7108046b\" data-element_type=\"widget\" data-e-type=\"widget\" data-widget_type=\"heading.default\">\n\t\t\t\t<div class=\"elementor-widget-container\">\n\t\t\t\t\t<h3 class=\"elementor-heading-title elementor-size-default\">Information du produit :<\/h3>\t\t\t\t<\/div>\n\t\t\t\t<\/div>\n\t\t\t\t\t<\/div>\n\t\t<\/div>\n\t\t\t\t\t<\/div>\n\t\t<\/section>\n\t\t\t\t<section class=\"elementor-section elementor-top-section elementor-element elementor-element-290ca7d1 elementor-section-boxed elementor-section-height-default elementor-section-height-default\" data-id=\"290ca7d1\" data-element_type=\"section\" data-e-type=\"section\">\n\t\t\t\t\t\t<div class=\"elementor-container elementor-column-gap-default\">\n\t\t\t\t\t<div class=\"elementor-column elementor-col-100 elementor-top-column elementor-element elementor-element-773f35b7\" data-id=\"773f35b7\" data-element_type=\"column\" data-e-type=\"column\">\n\t\t\t<div class=\"elementor-widget-wrap elementor-element-populated\">\n\t\t\t\t\t\t<div class=\"elementor-element elementor-element-7774c225 elementor-widget elementor-widget-text-editor\" data-id=\"7774c225\" data-element_type=\"widget\" data-e-type=\"widget\" data-widget_type=\"text-editor.default\">\n\t\t\t\t<div class=\"elementor-widget-container\">\n\t\t\t\t\t\t\t\t\t<p>Marque origine Bosch Rexroth<\/p><p>Flasque de pompe<br \/>Pompe de relevage de direction MWM<br \/>Mont\u00e9 droit moteur : Centrage<br \/>Diam\u00e8tre : 80 mm.<\/p><ul><li><b>\u00c9quivalen<\/b><strong>t\u00a0\u00e0<\/strong> <strong>:<\/strong> <br \/>&#8211; 35.285.503<br \/>&#8211; 35.285.519<br \/>&#8211; 35.281.523<br \/>&#8211; 35.281.525<br \/>&#8211; 7700.013.007<br \/>&#8211; 7700.020.007<br \/>&#8211; 7700.217.767<br \/>&#8211; 7700.699.878<br \/>&#8211; 0510.565.038<br \/>&#8211; 0510.665.093<\/li><\/ul><p>Type : 103.14, 103.54, 106.14, 110.14, 110.54, 113.14, 116.14, 12 TX, 120.14, 120.54, 133.14, 133.54, 145.14, 155.54, 75.14, 75-14RS, 80.12, 80.14, 85.14, 90.14, 95.14, TA, TS, TX, TZ 95<\/p><div>\u00a0<\/div><div><div>\u00a0<\/div><\/div>\t\t\t\t\t\t\t\t<\/div>\n\t\t\t\t<\/div>\n\t\t\t\t\t<\/div>\n\t\t<\/div>\n\t\t\t\t\t<\/div>\n\t\t<\/section>\n\t\t\t\t<\/div>","protected":false},"excerpt":{"rendered":"<p>POMPE HYDRAULIQUE DOUBLE RENAULT CLAAS Information du produit : Marque origine Bosch Rexroth Flasque de pompe Pompe de relevage de direction MWM Mont\u00e9 droit moteur : Centrage Diam\u00e8tre : 80 mm. \u00c9quivalent\u00a0\u00e0 : &#8211; 35.285.503 &#8211; 35.285.519 &#8211; 35.281.523 &#8211; 35.281.525 &#8211; 7700.013.007 &#8211; 7700.020.007 &#8211; 7700.217.767 &#8211; 7700.699.878 &#8211; 0510.565.038 &#8211; 0510.665.093 Type :<br \/><a class=\"more-link\" href=\"https:\/\/www.edel.fr\/en\/product\/pompe-hydraulique-0510665093\/\"><br \/>\n        Read More<span class=\"screen-reader-text\"> \u00ab\u00a0Renault Pompe Hydraulique Tracteur : 0510665093 &#8211; Bosch\u00a0\u00bb<\/span><\/a><\/p>","protected":false},"featured_media":7704,"template":"","meta":[],"product_brand":[],"product_cat":[155,3992,167,119],"product_tag":[],"tracteur":[],"class_list":{"0":"post-7703","1":"product","2":"type-product","3":"status-publish","4":"has-post-thumbnail","6":"product_cat-hydraulique","7":"product_cat-pompe-hydraulique-renault-claas","8":"product_cat-pompes-hydrauliques","9":"product_cat-tracteurs-agricoles","10":"product_shipping_class-142","11":"pa_fabriquant-bosch","12":"pa_marque-tracteur-renault-claas","13":"pa_type-2-103-14-2","14":"pa_type-2-103-54","15":"pa_type-2-106-14-2","16":"pa_type-2-110-14-2","17":"pa_type-2-110-54","18":"pa_type-2-113-14-2","19":"pa_type-2-116-14","20":"pa_type-2-12-tx","21":"pa_type-2-120-14","22":"pa_type-2-120-54-2","23":"pa_type-2-133-14-2","24":"pa_type-2-133-54","25":"pa_type-2-145-14-2","26":"pa_type-2-155-54","27":"pa_type-2-75-14rs","28":"pa_type-2-75-14","29":"pa_type-2-80-12","30":"pa_type-2-80-14","31":"pa_type-2-85-14","32":"pa_type-2-90-14","33":"pa_type-2-95-14-2","34":"pa_type-2-ta","35":"pa_type-2-ts","36":"pa_type-2-tx","37":"pa_type-2-tz-95","38":"badges-style-2","40":"first","41":"instock","42":"taxable","43":"shipping-taxable","44":"purchasable","45":"product-type-simple"},"acf":[],"yoast_head":"<!-- This site is optimized with the Yoast SEO plugin v27.3 - https:\/\/yoast.com\/product\/yoast-seo-wordpress\/ -->\n<title>Renault Pompe Hydraulique Tracteur : 0510665093 - Bosch - Edel<\/title>\n<meta name=\"description\" content=\"Renault Pompe Hydraulique Tracteur - 110.54 113.14 116.14 12 TX 120.14 120.54 133.14 133.54 145.14 155.54 75-14RS 80.12 80.14 85.14 90.14 95.14 TA TS TX\" \/>\n<meta name=\"robots\" content=\"index, follow, max-snippet:-1, max-image-preview:large, max-video-preview:-1\" \/>\n<link rel=\"canonical\" href=\"https:\/\/edel.fr\/en\/product\/pompe-hydraulique-0510665093\/\" \/>\n<meta property=\"og:locale\" content=\"en_US\" \/>\n<meta property=\"og:type\" content=\"article\" \/>\n<meta property=\"og:title\" content=\"Renault Pompe Hydraulique Tracteur : 0510665093 - Bosch - Edel\" \/>\n<meta property=\"og:description\" content=\"Renault Pompe Hydraulique Tracteur - 110.54 113.14 116.14 12 TX 120.14 120.54 133.14 133.54 145.14 155.54 75-14RS 80.12 80.14 85.14 90.14 95.14 TA TS TX\" \/>\n<meta property=\"og:url\" content=\"https:\/\/edel.fr\/en\/product\/pompe-hydraulique-0510665093\/\" \/>\n<meta property=\"og:site_name\" content=\"Edel\" \/>\n<meta property=\"article:modified_time\" content=\"2026-03-27T01:00:36+00:00\" \/>\n<meta property=\"og:image\" content=\"https:\/\/edel.fr\/uploads\/2020\/10\/hydraulique-0510665093.jpg\" \/>\n\t<meta property=\"og:image:width\" content=\"1512\" \/>\n\t<meta property=\"og:image:height\" content=\"1219\" \/>\n\t<meta property=\"og:image:type\" content=\"image\/jpeg\" \/>\n<meta name=\"twitter:card\" content=\"summary_large_image\" \/>\n<meta name=\"twitter:label1\" content=\"Est. reading time\" \/>\n\t<meta name=\"twitter:data1\" content=\"1 minute\" \/>\n<script type=\"application\/ld+json\" class=\"yoast-schema-graph\">{\"@context\":\"https:\\\/\\\/schema.org\",\"@graph\":[{\"@type\":\"WebPage\",\"@id\":\"https:\\\/\\\/edel.fr\\\/en\\\/product\\\/pompe-hydraulique-0510665093\\\/\",\"url\":\"https:\\\/\\\/edel.fr\\\/en\\\/product\\\/pompe-hydraulique-0510665093\\\/\",\"name\":\"Renault Pompe Hydraulique Tracteur : 0510665093 - Bosch - Edel\",\"isPartOf\":{\"@id\":\"https:\\\/\\\/www.edel.fr\\\/en\\\/#website\"},\"primaryImageOfPage\":{\"@id\":\"https:\\\/\\\/edel.fr\\\/en\\\/product\\\/pompe-hydraulique-0510665093\\\/#primaryimage\"},\"image\":{\"@id\":\"https:\\\/\\\/edel.fr\\\/en\\\/product\\\/pompe-hydraulique-0510665093\\\/#primaryimage\"},\"thumbnailUrl\":\"https:\\\/\\\/www.edel.fr\\\/uploads\\\/2020\\\/10\\\/hydraulique-0510665093.jpg\",\"datePublished\":\"2020-10-26T14:09:22+00:00\",\"dateModified\":\"2026-03-27T01:00:36+00:00\",\"description\":\"Renault Pompe Hydraulique Tracteur - 110.54 113.14 116.14 12 TX 120.14 120.54 133.14 133.54 145.14 155.54 75-14RS 80.12 80.14 85.14 90.14 95.14 TA TS TX\",\"breadcrumb\":{\"@id\":\"https:\\\/\\\/edel.fr\\\/en\\\/product\\\/pompe-hydraulique-0510665093\\\/#breadcrumb\"},\"inLanguage\":\"en-US\",\"potentialAction\":[{\"@type\":\"ReadAction\",\"target\":[\"https:\\\/\\\/edel.fr\\\/en\\\/product\\\/pompe-hydraulique-0510665093\\\/\"]}]},{\"@type\":\"ImageObject\",\"inLanguage\":\"en-US\",\"@id\":\"https:\\\/\\\/edel.fr\\\/en\\\/product\\\/pompe-hydraulique-0510665093\\\/#primaryimage\",\"url\":\"https:\\\/\\\/www.edel.fr\\\/uploads\\\/2020\\\/10\\\/hydraulique-0510665093.jpg\",\"contentUrl\":\"https:\\\/\\\/www.edel.fr\\\/uploads\\\/2020\\\/10\\\/hydraulique-0510665093.jpg\",\"width\":1512,\"height\":1219,\"caption\":\"Pompe Hydraulique Renault\"},{\"@type\":\"BreadcrumbList\",\"@id\":\"https:\\\/\\\/edel.fr\\\/en\\\/product\\\/pompe-hydraulique-0510665093\\\/#breadcrumb\",\"itemListElement\":[{\"@type\":\"ListItem\",\"position\":1,\"name\":\"Pi\u00e8ce Tracteur\",\"item\":\"https:\\\/\\\/www.edel.fr\\\/en\\\/\"},{\"@type\":\"ListItem\",\"position\":2,\"name\":\"Toutes nos pi\u00e8ces Tracteur\",\"item\":\"https:\\\/\\\/edel.fr\\\/shop\\\/\"},{\"@type\":\"ListItem\",\"position\":3,\"name\":\"Renault Pompe Hydraulique Tracteur : 0510665093 &#8211; Bosch\"}]},{\"@type\":\"WebSite\",\"@id\":\"https:\\\/\\\/www.edel.fr\\\/en\\\/#website\",\"url\":\"https:\\\/\\\/www.edel.fr\\\/en\\\/\",\"name\":\"Edel\",\"description\":\"Pi\u00e8ce d\u00e9tach\u00e9e de Tracteur Agricole\",\"publisher\":{\"@id\":\"https:\\\/\\\/www.edel.fr\\\/en\\\/#organization\"},\"potentialAction\":[{\"@type\":\"SearchAction\",\"target\":{\"@type\":\"EntryPoint\",\"urlTemplate\":\"https:\\\/\\\/www.edel.fr\\\/en\\\/?s={search_term_string}\"},\"query-input\":{\"@type\":\"PropertyValueSpecification\",\"valueRequired\":true,\"valueName\":\"search_term_string\"}}],\"inLanguage\":\"en-US\"},{\"@type\":\"Organization\",\"@id\":\"https:\\\/\\\/www.edel.fr\\\/en\\\/#organization\",\"name\":\"Edel\",\"url\":\"https:\\\/\\\/www.edel.fr\\\/en\\\/\",\"logo\":{\"@type\":\"ImageObject\",\"inLanguage\":\"en-US\",\"@id\":\"https:\\\/\\\/www.edel.fr\\\/en\\\/#\\\/schema\\\/logo\\\/image\\\/\",\"url\":\"https:\\\/\\\/www.edel.fr\\\/uploads\\\/2018\\\/11\\\/logo-edel.png\",\"contentUrl\":\"https:\\\/\\\/www.edel.fr\\\/uploads\\\/2018\\\/11\\\/logo-edel.png\",\"width\":257,\"height\":68,\"caption\":\"Edel\"},\"image\":{\"@id\":\"https:\\\/\\\/www.edel.fr\\\/en\\\/#\\\/schema\\\/logo\\\/image\\\/\"}}]}<\/script>\n<!-- \/ Yoast SEO plugin. -->","yoast_head_json":{"title":"Renault Pompe Hydraulique Tracteur : 0510665093 - Bosch - Edel","description":"Renault Pompe Hydraulique Tracteur - 110.54 113.14 116.14 12 TX 120.14 120.54 133.14 133.54 145.14 155.54 75-14RS 80.12 80.14 85.14 90.14 95.14 TA TS TX","robots":{"index":"index","follow":"follow","max-snippet":"max-snippet:-1","max-image-preview":"max-image-preview:large","max-video-preview":"max-video-preview:-1"},"canonical":"https:\/\/edel.fr\/en\/product\/pompe-hydraulique-0510665093\/","og_locale":"en_US","og_type":"article","og_title":"Renault Pompe Hydraulique Tracteur : 0510665093 - Bosch - Edel","og_description":"Renault Pompe Hydraulique Tracteur - 110.54 113.14 116.14 12 TX 120.14 120.54 133.14 133.54 145.14 155.54 75-14RS 80.12 80.14 85.14 90.14 95.14 TA TS TX","og_url":"https:\/\/edel.fr\/en\/product\/pompe-hydraulique-0510665093\/","og_site_name":"Edel","article_modified_time":"2026-03-27T01:00:36+00:00","og_image":[{"width":1512,"height":1219,"url":"https:\/\/edel.fr\/uploads\/2020\/10\/hydraulique-0510665093.jpg","type":"image\/jpeg"}],"twitter_card":"summary_large_image","twitter_misc":{"Est. reading time":"1 minute"},"schema":{"@context":"https:\/\/schema.org","@graph":[{"@type":"WebPage","@id":"https:\/\/edel.fr\/en\/product\/pompe-hydraulique-0510665093\/","url":"https:\/\/edel.fr\/en\/product\/pompe-hydraulique-0510665093\/","name":"Renault Pompe Hydraulique Tracteur : 0510665093 - Bosch - Edel","isPartOf":{"@id":"https:\/\/www.edel.fr\/en\/#website"},"primaryImageOfPage":{"@id":"https:\/\/edel.fr\/en\/product\/pompe-hydraulique-0510665093\/#primaryimage"},"image":{"@id":"https:\/\/edel.fr\/en\/product\/pompe-hydraulique-0510665093\/#primaryimage"},"thumbnailUrl":"https:\/\/www.edel.fr\/uploads\/2020\/10\/hydraulique-0510665093.jpg","datePublished":"2020-10-26T14:09:22+00:00","dateModified":"2026-03-27T01:00:36+00:00","description":"Renault Pompe Hydraulique Tracteur - 110.54 113.14 116.14 12 TX 120.14 120.54 133.14 133.54 145.14 155.54 75-14RS 80.12 80.14 85.14 90.14 95.14 TA TS TX","breadcrumb":{"@id":"https:\/\/edel.fr\/en\/product\/pompe-hydraulique-0510665093\/#breadcrumb"},"inLanguage":"en-US","potentialAction":[{"@type":"ReadAction","target":["https:\/\/edel.fr\/en\/product\/pompe-hydraulique-0510665093\/"]}]},{"@type":"ImageObject","inLanguage":"en-US","@id":"https:\/\/edel.fr\/en\/product\/pompe-hydraulique-0510665093\/#primaryimage","url":"https:\/\/www.edel.fr\/uploads\/2020\/10\/hydraulique-0510665093.jpg","contentUrl":"https:\/\/www.edel.fr\/uploads\/2020\/10\/hydraulique-0510665093.jpg","width":1512,"height":1219,"caption":"Pompe Hydraulique Renault"},{"@type":"BreadcrumbList","@id":"https:\/\/edel.fr\/en\/product\/pompe-hydraulique-0510665093\/#breadcrumb","itemListElement":[{"@type":"ListItem","position":1,"name":"Pi\u00e8ce Tracteur","item":"https:\/\/www.edel.fr\/en\/"},{"@type":"ListItem","position":2,"name":"Toutes nos pi\u00e8ces Tracteur","item":"https:\/\/edel.fr\/shop\/"},{"@type":"ListItem","position":3,"name":"Renault Pompe Hydraulique Tracteur : 0510665093 &#8211; Bosch"}]},{"@type":"WebSite","@id":"https:\/\/www.edel.fr\/en\/#website","url":"https:\/\/www.edel.fr\/en\/","name":"Edel","description":"Pi\u00e8ce d\u00e9tach\u00e9e de Tracteur Agricole","publisher":{"@id":"https:\/\/www.edel.fr\/en\/#organization"},"potentialAction":[{"@type":"SearchAction","target":{"@type":"EntryPoint","urlTemplate":"https:\/\/www.edel.fr\/en\/?s={search_term_string}"},"query-input":{"@type":"PropertyValueSpecification","valueRequired":true,"valueName":"search_term_string"}}],"inLanguage":"en-US"},{"@type":"Organization","@id":"https:\/\/www.edel.fr\/en\/#organization","name":"Edel","url":"https:\/\/www.edel.fr\/en\/","logo":{"@type":"ImageObject","inLanguage":"en-US","@id":"https:\/\/www.edel.fr\/en\/#\/schema\/logo\/image\/","url":"https:\/\/www.edel.fr\/uploads\/2018\/11\/logo-edel.png","contentUrl":"https:\/\/www.edel.fr\/uploads\/2018\/11\/logo-edel.png","width":257,"height":68,"caption":"Edel"},"image":{"@id":"https:\/\/www.edel.fr\/en\/#\/schema\/logo\/image\/"}}]}},"_links":{"self":[{"href":"https:\/\/www.edel.fr\/en\/wp-json\/wp\/v2\/product\/7703","targetHints":{"allow":["GET"]}}],"collection":[{"href":"https:\/\/www.edel.fr\/en\/wp-json\/wp\/v2\/product"}],"about":[{"href":"https:\/\/www.edel.fr\/en\/wp-json\/wp\/v2\/types\/product"}],"version-history":[{"count":2,"href":"https:\/\/www.edel.fr\/en\/wp-json\/wp\/v2\/product\/7703\/revisions"}],"predecessor-version":[{"id":13604,"href":"https:\/\/www.edel.fr\/en\/wp-json\/wp\/v2\/product\/7703\/revisions\/13604"}],"wp:featuredmedia":[{"embeddable":true,"href":"https:\/\/www.edel.fr\/en\/wp-json\/wp\/v2\/media\/7704"}],"wp:attachment":[{"href":"https:\/\/www.edel.fr\/en\/wp-json\/wp\/v2\/media?parent=7703"}],"wp:term":[{"taxonomy":"product_brand","embeddable":true,"href":"https:\/\/www.edel.fr\/en\/wp-json\/wp\/v2\/product_brand?post=7703"},{"taxonomy":"product_cat","embeddable":true,"href":"https:\/\/www.edel.fr\/en\/wp-json\/wp\/v2\/product_cat?post=7703"},{"taxonomy":"product_tag","embeddable":true,"href":"https:\/\/www.edel.fr\/en\/wp-json\/wp\/v2\/product_tag?post=7703"},{"taxonomy":"tracteur","embeddable":true,"href":"https:\/\/www.edel.fr\/en\/wp-json\/wp\/v2\/tracteur?post=7703"}],"curies":[{"name":"wp","href":"https:\/\/api.w.org\/{rel}","templated":true}]}}