{"id":7675,"date":"2020-10-26T13:37:53","date_gmt":"2020-10-26T12:37:53","guid":{"rendered":"https:\/\/www.edel.fr\/?post_type=product&#038;p=7675"},"modified":"2026-03-11T02:00:07","modified_gmt":"2026-03-11T01:00:07","slug":"pompe-hydraulique-0510565323","status":"publish","type":"product","link":"https:\/\/www.edel.fr\/en\/product\/pompe-hydraulique-0510565323\/","title":{"rendered":"Renault Pompe Hydraulique Tracteur : 0510565323 &#8211; 461S 551 851"},"content":{"rendered":"<div data-elementor-type=\"wp-post\" data-elementor-id=\"7675\" class=\"elementor elementor-7675\">\n\t\t\t\t\t\t<section class=\"elementor-section elementor-top-section elementor-element elementor-element-5d00bc56 elementor-section-boxed elementor-section-height-default elementor-section-height-default\" data-id=\"5d00bc56\" data-element_type=\"section\" data-e-type=\"section\">\n\t\t\t\t\t\t<div class=\"elementor-container elementor-column-gap-default\">\n\t\t\t\t\t<div class=\"elementor-column elementor-col-100 elementor-top-column elementor-element elementor-element-22b51b0\" data-id=\"22b51b0\" data-element_type=\"column\" data-e-type=\"column\">\n\t\t\t<div class=\"elementor-widget-wrap elementor-element-populated\">\n\t\t\t\t\t\t<div class=\"elementor-element elementor-element-1215f9e7 elementor-widget elementor-widget-heading\" data-id=\"1215f9e7\" data-element_type=\"widget\" data-e-type=\"widget\" data-widget_type=\"heading.default\">\n\t\t\t\t<div class=\"elementor-widget-container\">\n\t\t\t\t\t<h2 class=\"elementor-heading-title elementor-size-default\">POMPE HYDRAULIQUE DOUBLE<\/h2>\t\t\t\t<\/div>\n\t\t\t\t<\/div>\n\t\t\t\t<div class=\"elementor-element elementor-element-17d0f4d5 elementor-widget elementor-widget-heading\" data-id=\"17d0f4d5\" data-element_type=\"widget\" data-e-type=\"widget\" data-widget_type=\"heading.default\">\n\t\t\t\t<div class=\"elementor-widget-container\">\n\t\t\t\t\t<h3 class=\"elementor-heading-title elementor-size-default\">Information du produit :<\/h3>\t\t\t\t<\/div>\n\t\t\t\t<\/div>\n\t\t\t\t\t<\/div>\n\t\t<\/div>\n\t\t\t\t\t<\/div>\n\t\t<\/section>\n\t\t\t\t<section class=\"elementor-section elementor-top-section elementor-element elementor-element-290ca7d1 elementor-section-boxed elementor-section-height-default elementor-section-height-default\" data-id=\"290ca7d1\" data-element_type=\"section\" data-e-type=\"section\">\n\t\t\t\t\t\t<div class=\"elementor-container elementor-column-gap-default\">\n\t\t\t\t\t<div class=\"elementor-column elementor-col-100 elementor-top-column elementor-element elementor-element-773f35b7\" data-id=\"773f35b7\" data-element_type=\"column\" data-e-type=\"column\">\n\t\t\t<div class=\"elementor-widget-wrap elementor-element-populated\">\n\t\t\t\t\t\t<div class=\"elementor-element elementor-element-7774c225 elementor-widget elementor-widget-text-editor\" data-id=\"7774c225\" data-element_type=\"widget\" data-e-type=\"widget\" data-widget_type=\"text-editor.default\">\n\t\t\t\t<div class=\"elementor-widget-container\">\n\t\t\t\t\t\t\t\t\t<p>Marque origine Bosch Rexroth<\/p><div>Flasque de centrage<\/div><div><div>Diam\u00e8tre : 63,5 mm.<\/div><div>\u00a0<\/div><div><ul><li><span style=\"font-weight: bold\">\u00c9quivalen<\/span><strong>t\u00a0\u00e0<\/strong>\u00a0<strong>:<\/strong>\u00a0<br \/>&#8211; 35.281.530<br \/>&#8211; 35.281.566<br \/>&#8211; 7700.035.327<br \/>&#8211; 7700.563.531<br \/>&#8211; 7700.706.110<br \/>&#8211; 0510.565.322<br \/>&#8211; 0510.565.323<\/li><\/ul><\/div><\/div>\t\t\t\t\t\t\t\t<\/div>\n\t\t\t\t<\/div>\n\t\t\t\t\t<\/div>\n\t\t<\/div>\n\t\t\t\t\t<\/div>\n\t\t<\/section>\n\t\t\t\t<\/div>","protected":false},"excerpt":{"rendered":"<p>POMPE HYDRAULIQUE DOUBLE Information du produit : Marque origine Bosch Rexroth Flasque de centrageDiam\u00e8tre : 63,5 mm. \u00c9quivalent\u00a0\u00e0\u00a0: &#8211; 35.281.530 &#8211; 35.281.566 &#8211; 7700.035.327 &#8211; 7700.563.531 &#8211; 7700.706.110 &#8211; 0510.565.322 &#8211; 0510.565.323<\/p>","protected":false},"featured_media":7676,"template":"","meta":[],"product_brand":[],"product_cat":[155,3992,167,119],"product_tag":[],"tracteur":[],"class_list":{"0":"post-7675","1":"product","2":"type-product","3":"status-publish","4":"has-post-thumbnail","6":"product_cat-hydraulique","7":"product_cat-pompe-hydraulique-renault-claas","8":"product_cat-pompes-hydrauliques","9":"product_cat-tracteurs-agricoles","10":"product_shipping_class-142","11":"pa_fabriquant-bosch","12":"pa_marque-tracteur-renault-claas","13":"pa_type-2-1150","14":"pa_type-2-1461","15":"pa_type-2-1151-4","16":"pa_type-2-1462","17":"pa_type-2-1181-4-2","18":"pa_type-2-1181-4s","19":"pa_type-2-1874","20":"pa_type-2-1735","21":"pa_type-2-42-70","22":"pa_type-2-1210","23":"pa_type-2-421-m","24":"pa_type-2-44-70","25":"pa_type-2-2585","26":"pa_type-2-1211","27":"pa_type-2-461-m","28":"pa_type-2-461-s","29":"pa_type-2-466s","30":"pa_type-2-480s","31":"pa_type-2-481-4","32":"pa_type-2-2590","33":"pa_type-2-490s","34":"pa_type-2-2592","35":"pa_type-2-2593","36":"pa_type-2-2034","37":"pa_type-2-1736","38":"pa_type-2-501-4-2","39":"pa_type-2-521s","40":"pa_type-2-1213","41":"pa_type-2-551-4","42":"pa_type-2-551-4s","43":"pa_type-2-551s","44":"pa_type-2-556s","45":"pa_type-2-58-14ls","46":"pa_type-2-58-14","47":"pa_type-2-1740","48":"pa_type-2-1382","49":"pa_type-2-61-12ra","50":"pa_type-2-61-12rs","51":"pa_type-2-61-14ra","52":"pa_type-2-61-14rs","53":"pa_type-2-61-12","54":"pa_type-2-65-12ls","55":"pa_type-2-65-14ls","56":"pa_type-2-65-12","57":"pa_type-2-65-32","58":"pa_type-2-65-34","59":"pa_type-2-651-4-2","60":"pa_type-2-651-4s","61":"pa_type-2-651s","62":"pa_type-2-656s","63":"pa_type-2-68-12ra","64":"pa_type-2-68-12rs","65":"pa_type-2-68-14ra","66":"pa_type-2-68-14rs","67":"pa_type-2-68-14","68":"pa_type-2-681-4","69":"pa_type-2-681-4s","70":"pa_type-2-681s","71":"pa_type-2-1288","72":"pa_type-2-70-12f","73":"pa_type-2-70-12lb","74":"pa_type-2-70-12sp","75":"pa_type-2-70-12v","76":"pa_type-2-70-14f","77":"pa_type-2-70-14lb","78":"pa_type-2-70-14sp","79":"pa_type-2-70-14v","80":"pa_type-2-1536","81":"pa_type-2-75-12ls","82":"pa_type-2-75-12ra","83":"pa_type-2-75-12ts","84":"pa_type-2-75-14ls","85":"pa_type-2-75-14ra","86":"pa_type-2-75-14rs","87":"pa_type-2-75-14ts","88":"pa_type-2-75-34","89":"pa_type-2-751-4","90":"pa_type-2-751-4s","91":"pa_type-2-751s","92":"pa_type-2-781-4","93":"pa_type-2-781-4s","94":"pa_type-2-781s","95":"pa_type-2-1217","96":"pa_type-2-782-4","97":"pa_type-2-1238","98":"pa_type-2-80-12f","99":"pa_type-2-80-12sp","100":"pa_type-2-80-12tx","101":"pa_type-2-80-12v","102":"pa_type-2-80-14f","103":"pa_type-2-80-14sp","104":"pa_type-2-80-14tx","105":"pa_type-2-80-14v","106":"pa_type-2-1888","107":"pa_type-2-85-12ls","108":"pa_type-2-85-12ts","109":"pa_type-2-85-12tx","110":"pa_type-2-85-14ls","111":"pa_type-2-85-14ts","112":"pa_type-2-85-14tx","113":"pa_type-2-2282","114":"pa_type-2-851-4-2","115":"pa_type-2-851-4s","116":"pa_type-2-2675","117":"pa_type-2-851s","118":"pa_type-2-2668","119":"pa_type-2-891-4-2","120":"pa_type-2-891-4s","121":"pa_type-2-891s","122":"pa_type-2-1745","123":"pa_type-2-2670","124":"pa_type-2-2513","125":"pa_type-2-951-4","126":"pa_type-2-2669","127":"pa_type-2-2514","128":"pa_type-2-981-4","129":"pa_type-2-981-4s","130":"pa_type-2-981-s","131":"pa_type-2-ma","132":"pa_type-2-mx","133":"pa_type-2-r489","134":"badges-style-2","136":"first","137":"instock","138":"taxable","139":"shipping-taxable","140":"purchasable","141":"product-type-simple"},"acf":[],"yoast_head":"<!-- This site is optimized with the Yoast SEO plugin v27.3 - https:\/\/yoast.com\/product\/yoast-seo-wordpress\/ -->\n<title>Renault Pompe Hydraulique Tracteur : 0510565323 - 461S 551 851 - Edel<\/title>\n<meta name=\"description\" content=\"Renault Pompe Hydraulique Tracteur - 1181 40 400 42-70 421 44-70 456 460 461 S 486 490S 498 50 551 556S 58-14LS 600 851 89 951-4 96 900 981-4 MA MX R489\" \/>\n<meta name=\"robots\" content=\"index, follow, max-snippet:-1, max-image-preview:large, max-video-preview:-1\" \/>\n<link rel=\"canonical\" href=\"https:\/\/www.edel.fr\/en\/product\/pompe-hydraulique-0510565323\/\" \/>\n<meta property=\"og:locale\" content=\"en_US\" \/>\n<meta property=\"og:type\" content=\"article\" \/>\n<meta property=\"og:title\" content=\"Renault Pompe Hydraulique Tracteur : 0510565323 - 461S 551 851 - Edel\" \/>\n<meta property=\"og:description\" content=\"Renault Pompe Hydraulique Tracteur - 1181 40 400 42-70 421 44-70 456 460 461 S 486 490S 498 50 551 556S 58-14LS 600 851 89 951-4 96 900 981-4 MA MX R489\" \/>\n<meta property=\"og:url\" content=\"https:\/\/www.edel.fr\/en\/product\/pompe-hydraulique-0510565323\/\" \/>\n<meta property=\"og:site_name\" content=\"Edel\" \/>\n<meta property=\"article:modified_time\" content=\"2026-03-11T01:00:07+00:00\" \/>\n<meta property=\"og:image\" content=\"https:\/\/www.edel.fr\/uploads\/2020\/10\/hydraulique-0510565323.jpg\" \/>\n\t<meta property=\"og:image:width\" content=\"1512\" \/>\n\t<meta property=\"og:image:height\" content=\"1464\" \/>\n\t<meta property=\"og:image:type\" content=\"image\/jpeg\" \/>\n<meta name=\"twitter:card\" content=\"summary_large_image\" \/>\n<meta name=\"twitter:label1\" content=\"Est. reading time\" \/>\n\t<meta name=\"twitter:data1\" content=\"1 minute\" \/>\n<script type=\"application\/ld+json\" class=\"yoast-schema-graph\">{\"@context\":\"https:\\\/\\\/schema.org\",\"@graph\":[{\"@type\":\"WebPage\",\"@id\":\"https:\\\/\\\/www.edel.fr\\\/en\\\/product\\\/pompe-hydraulique-0510565323\\\/\",\"url\":\"https:\\\/\\\/www.edel.fr\\\/en\\\/product\\\/pompe-hydraulique-0510565323\\\/\",\"name\":\"Renault Pompe Hydraulique Tracteur : 0510565323 - 461S 551 851 - Edel\",\"isPartOf\":{\"@id\":\"http:\\\/\\\/www.edel.fr\\\/en\\\/#website\"},\"primaryImageOfPage\":{\"@id\":\"https:\\\/\\\/www.edel.fr\\\/en\\\/product\\\/pompe-hydraulique-0510565323\\\/#primaryimage\"},\"image\":{\"@id\":\"https:\\\/\\\/www.edel.fr\\\/en\\\/product\\\/pompe-hydraulique-0510565323\\\/#primaryimage\"},\"thumbnailUrl\":\"https:\\\/\\\/www.edel.fr\\\/uploads\\\/2020\\\/10\\\/hydraulique-0510565323.jpg\",\"datePublished\":\"2020-10-26T12:37:53+00:00\",\"dateModified\":\"2026-03-11T01:00:07+00:00\",\"description\":\"Renault Pompe Hydraulique Tracteur - 1181 40 400 42-70 421 44-70 456 460 461 S 486 490S 498 50 551 556S 58-14LS 600 851 89 951-4 96 900 981-4 MA MX R489\",\"breadcrumb\":{\"@id\":\"https:\\\/\\\/www.edel.fr\\\/en\\\/product\\\/pompe-hydraulique-0510565323\\\/#breadcrumb\"},\"inLanguage\":\"en-US\",\"potentialAction\":[{\"@type\":\"ReadAction\",\"target\":[\"https:\\\/\\\/www.edel.fr\\\/en\\\/product\\\/pompe-hydraulique-0510565323\\\/\"]}]},{\"@type\":\"ImageObject\",\"inLanguage\":\"en-US\",\"@id\":\"https:\\\/\\\/www.edel.fr\\\/en\\\/product\\\/pompe-hydraulique-0510565323\\\/#primaryimage\",\"url\":\"https:\\\/\\\/www.edel.fr\\\/uploads\\\/2020\\\/10\\\/hydraulique-0510565323.jpg\",\"contentUrl\":\"https:\\\/\\\/www.edel.fr\\\/uploads\\\/2020\\\/10\\\/hydraulique-0510565323.jpg\",\"width\":1512,\"height\":1464,\"caption\":\"Pompe Hydraulique 0510565323\"},{\"@type\":\"BreadcrumbList\",\"@id\":\"https:\\\/\\\/www.edel.fr\\\/en\\\/product\\\/pompe-hydraulique-0510565323\\\/#breadcrumb\",\"itemListElement\":[{\"@type\":\"ListItem\",\"position\":1,\"name\":\"Pi\u00e8ce Tracteur\",\"item\":\"http:\\\/\\\/www.edel.fr\\\/en\\\/\"},{\"@type\":\"ListItem\",\"position\":2,\"name\":\"Toutes nos pi\u00e8ces Tracteur\",\"item\":\"https:\\\/\\\/edel.fr\\\/shop\\\/\"},{\"@type\":\"ListItem\",\"position\":3,\"name\":\"Renault Pompe Hydraulique Tracteur : 0510565323 &#8211; 461S 551 851\"}]},{\"@type\":\"WebSite\",\"@id\":\"http:\\\/\\\/www.edel.fr\\\/en\\\/#website\",\"url\":\"http:\\\/\\\/www.edel.fr\\\/en\\\/\",\"name\":\"Edel\",\"description\":\"Pi\u00e8ce d\u00e9tach\u00e9e de Tracteur Agricole\",\"publisher\":{\"@id\":\"http:\\\/\\\/www.edel.fr\\\/en\\\/#organization\"},\"potentialAction\":[{\"@type\":\"SearchAction\",\"target\":{\"@type\":\"EntryPoint\",\"urlTemplate\":\"http:\\\/\\\/www.edel.fr\\\/en\\\/?s={search_term_string}\"},\"query-input\":{\"@type\":\"PropertyValueSpecification\",\"valueRequired\":true,\"valueName\":\"search_term_string\"}}],\"inLanguage\":\"en-US\"},{\"@type\":\"Organization\",\"@id\":\"http:\\\/\\\/www.edel.fr\\\/en\\\/#organization\",\"name\":\"Edel\",\"url\":\"http:\\\/\\\/www.edel.fr\\\/en\\\/\",\"logo\":{\"@type\":\"ImageObject\",\"inLanguage\":\"en-US\",\"@id\":\"http:\\\/\\\/www.edel.fr\\\/en\\\/#\\\/schema\\\/logo\\\/image\\\/\",\"url\":\"https:\\\/\\\/www.edel.fr\\\/uploads\\\/2018\\\/11\\\/logo-edel.png\",\"contentUrl\":\"https:\\\/\\\/www.edel.fr\\\/uploads\\\/2018\\\/11\\\/logo-edel.png\",\"width\":257,\"height\":68,\"caption\":\"Edel\"},\"image\":{\"@id\":\"http:\\\/\\\/www.edel.fr\\\/en\\\/#\\\/schema\\\/logo\\\/image\\\/\"}}]}<\/script>\n<!-- \/ Yoast SEO plugin. -->","yoast_head_json":{"title":"Renault Pompe Hydraulique Tracteur : 0510565323 - 461S 551 851 - Edel","description":"Renault Pompe Hydraulique Tracteur - 1181 40 400 42-70 421 44-70 456 460 461 S 486 490S 498 50 551 556S 58-14LS 600 851 89 951-4 96 900 981-4 MA MX R489","robots":{"index":"index","follow":"follow","max-snippet":"max-snippet:-1","max-image-preview":"max-image-preview:large","max-video-preview":"max-video-preview:-1"},"canonical":"https:\/\/www.edel.fr\/en\/product\/pompe-hydraulique-0510565323\/","og_locale":"en_US","og_type":"article","og_title":"Renault Pompe Hydraulique Tracteur : 0510565323 - 461S 551 851 - Edel","og_description":"Renault Pompe Hydraulique Tracteur - 1181 40 400 42-70 421 44-70 456 460 461 S 486 490S 498 50 551 556S 58-14LS 600 851 89 951-4 96 900 981-4 MA MX R489","og_url":"https:\/\/www.edel.fr\/en\/product\/pompe-hydraulique-0510565323\/","og_site_name":"Edel","article_modified_time":"2026-03-11T01:00:07+00:00","og_image":[{"width":1512,"height":1464,"url":"https:\/\/www.edel.fr\/uploads\/2020\/10\/hydraulique-0510565323.jpg","type":"image\/jpeg"}],"twitter_card":"summary_large_image","twitter_misc":{"Est. reading time":"1 minute"},"schema":{"@context":"https:\/\/schema.org","@graph":[{"@type":"WebPage","@id":"https:\/\/www.edel.fr\/en\/product\/pompe-hydraulique-0510565323\/","url":"https:\/\/www.edel.fr\/en\/product\/pompe-hydraulique-0510565323\/","name":"Renault Pompe Hydraulique Tracteur : 0510565323 - 461S 551 851 - Edel","isPartOf":{"@id":"http:\/\/www.edel.fr\/en\/#website"},"primaryImageOfPage":{"@id":"https:\/\/www.edel.fr\/en\/product\/pompe-hydraulique-0510565323\/#primaryimage"},"image":{"@id":"https:\/\/www.edel.fr\/en\/product\/pompe-hydraulique-0510565323\/#primaryimage"},"thumbnailUrl":"https:\/\/www.edel.fr\/uploads\/2020\/10\/hydraulique-0510565323.jpg","datePublished":"2020-10-26T12:37:53+00:00","dateModified":"2026-03-11T01:00:07+00:00","description":"Renault Pompe Hydraulique Tracteur - 1181 40 400 42-70 421 44-70 456 460 461 S 486 490S 498 50 551 556S 58-14LS 600 851 89 951-4 96 900 981-4 MA MX R489","breadcrumb":{"@id":"https:\/\/www.edel.fr\/en\/product\/pompe-hydraulique-0510565323\/#breadcrumb"},"inLanguage":"en-US","potentialAction":[{"@type":"ReadAction","target":["https:\/\/www.edel.fr\/en\/product\/pompe-hydraulique-0510565323\/"]}]},{"@type":"ImageObject","inLanguage":"en-US","@id":"https:\/\/www.edel.fr\/en\/product\/pompe-hydraulique-0510565323\/#primaryimage","url":"https:\/\/www.edel.fr\/uploads\/2020\/10\/hydraulique-0510565323.jpg","contentUrl":"https:\/\/www.edel.fr\/uploads\/2020\/10\/hydraulique-0510565323.jpg","width":1512,"height":1464,"caption":"Pompe Hydraulique 0510565323"},{"@type":"BreadcrumbList","@id":"https:\/\/www.edel.fr\/en\/product\/pompe-hydraulique-0510565323\/#breadcrumb","itemListElement":[{"@type":"ListItem","position":1,"name":"Pi\u00e8ce Tracteur","item":"http:\/\/www.edel.fr\/en\/"},{"@type":"ListItem","position":2,"name":"Toutes nos pi\u00e8ces Tracteur","item":"https:\/\/edel.fr\/shop\/"},{"@type":"ListItem","position":3,"name":"Renault Pompe Hydraulique Tracteur : 0510565323 &#8211; 461S 551 851"}]},{"@type":"WebSite","@id":"http:\/\/www.edel.fr\/en\/#website","url":"http:\/\/www.edel.fr\/en\/","name":"Edel","description":"Pi\u00e8ce d\u00e9tach\u00e9e de Tracteur Agricole","publisher":{"@id":"http:\/\/www.edel.fr\/en\/#organization"},"potentialAction":[{"@type":"SearchAction","target":{"@type":"EntryPoint","urlTemplate":"http:\/\/www.edel.fr\/en\/?s={search_term_string}"},"query-input":{"@type":"PropertyValueSpecification","valueRequired":true,"valueName":"search_term_string"}}],"inLanguage":"en-US"},{"@type":"Organization","@id":"http:\/\/www.edel.fr\/en\/#organization","name":"Edel","url":"http:\/\/www.edel.fr\/en\/","logo":{"@type":"ImageObject","inLanguage":"en-US","@id":"http:\/\/www.edel.fr\/en\/#\/schema\/logo\/image\/","url":"https:\/\/www.edel.fr\/uploads\/2018\/11\/logo-edel.png","contentUrl":"https:\/\/www.edel.fr\/uploads\/2018\/11\/logo-edel.png","width":257,"height":68,"caption":"Edel"},"image":{"@id":"http:\/\/www.edel.fr\/en\/#\/schema\/logo\/image\/"}}]}},"_links":{"self":[{"href":"https:\/\/www.edel.fr\/en\/wp-json\/wp\/v2\/product\/7675","targetHints":{"allow":["GET"]}}],"collection":[{"href":"https:\/\/www.edel.fr\/en\/wp-json\/wp\/v2\/product"}],"about":[{"href":"https:\/\/www.edel.fr\/en\/wp-json\/wp\/v2\/types\/product"}],"version-history":[{"count":2,"href":"https:\/\/www.edel.fr\/en\/wp-json\/wp\/v2\/product\/7675\/revisions"}],"predecessor-version":[{"id":13609,"href":"https:\/\/www.edel.fr\/en\/wp-json\/wp\/v2\/product\/7675\/revisions\/13609"}],"wp:featuredmedia":[{"embeddable":true,"href":"https:\/\/www.edel.fr\/en\/wp-json\/wp\/v2\/media\/7676"}],"wp:attachment":[{"href":"https:\/\/www.edel.fr\/en\/wp-json\/wp\/v2\/media?parent=7675"}],"wp:term":[{"taxonomy":"product_brand","embeddable":true,"href":"https:\/\/www.edel.fr\/en\/wp-json\/wp\/v2\/product_brand?post=7675"},{"taxonomy":"product_cat","embeddable":true,"href":"https:\/\/www.edel.fr\/en\/wp-json\/wp\/v2\/product_cat?post=7675"},{"taxonomy":"product_tag","embeddable":true,"href":"https:\/\/www.edel.fr\/en\/wp-json\/wp\/v2\/product_tag?post=7675"},{"taxonomy":"tracteur","embeddable":true,"href":"https:\/\/www.edel.fr\/en\/wp-json\/wp\/v2\/tracteur?post=7675"}],"curies":[{"name":"wp","href":"https:\/\/api.w.org\/{rel}","templated":true}]}}