{"id":7128,"date":"2020-10-07T08:56:33","date_gmt":"2020-10-07T06:56:33","guid":{"rendered":"https:\/\/www.edel.fr\/?post_type=product&#038;p=7128"},"modified":"2025-11-25T02:00:18","modified_gmt":"2025-11-25T01:00:18","slug":"jeu-de-segments-mwm-akd-112","status":"publish","type":"product","link":"https:\/\/www.edel.fr\/en\/product\/jeu-de-segments-mwm-akd-112\/","title":{"rendered":"Jeu de segments MWM &#8211; AKD 112"},"content":{"rendered":"<div data-elementor-type=\"wp-post\" data-elementor-id=\"7128\" class=\"elementor elementor-7128\">\n\t\t\t\t\t\t<section class=\"elementor-section elementor-top-section elementor-element elementor-element-6bce3f18 elementor-section-boxed elementor-section-height-default elementor-section-height-default\" data-id=\"6bce3f18\" data-element_type=\"section\" data-e-type=\"section\">\n\t\t\t\t\t\t<div class=\"elementor-container elementor-column-gap-default\">\n\t\t\t\t\t<div class=\"elementor-column elementor-col-100 elementor-top-column elementor-element elementor-element-7a9f5c08\" data-id=\"7a9f5c08\" data-element_type=\"column\" data-e-type=\"column\">\n\t\t\t<div class=\"elementor-widget-wrap elementor-element-populated\">\n\t\t\t\t\t\t<div class=\"elementor-element elementor-element-69ab052c elementor-widget elementor-widget-heading\" data-id=\"69ab052c\" data-element_type=\"widget\" data-e-type=\"widget\" data-widget_type=\"heading.default\">\n\t\t\t\t<div class=\"elementor-widget-container\">\n\t\t\t\t\t<h2 class=\"elementor-heading-title elementor-size-default\">JEU DE SEGMENT MWM AKD 112\u00a0<\/h2>\t\t\t\t<\/div>\n\t\t\t\t<\/div>\n\t\t\t\t<div class=\"elementor-element elementor-element-74358693 elementor-widget elementor-widget-heading\" data-id=\"74358693\" data-element_type=\"widget\" data-e-type=\"widget\" data-widget_type=\"heading.default\">\n\t\t\t\t<div class=\"elementor-widget-container\">\n\t\t\t\t\t<h3 class=\"elementor-heading-title elementor-size-default\">Information du produit :<\/h3>\t\t\t\t<\/div>\n\t\t\t\t<\/div>\n\t\t\t\t\t<\/div>\n\t\t<\/div>\n\t\t\t\t\t<\/div>\n\t\t<\/section>\n\t\t\t\t<section class=\"elementor-section elementor-top-section elementor-element elementor-element-290ca7d1 elementor-section-boxed elementor-section-height-default elementor-section-height-default\" data-id=\"290ca7d1\" data-element_type=\"section\" data-e-type=\"section\">\n\t\t\t\t\t\t<div class=\"elementor-container elementor-column-gap-default\">\n\t\t\t\t\t<div class=\"elementor-column elementor-col-100 elementor-top-column elementor-element elementor-element-773f35b7\" data-id=\"773f35b7\" data-element_type=\"column\" data-e-type=\"column\">\n\t\t\t<div class=\"elementor-widget-wrap elementor-element-populated\">\n\t\t\t\t\t\t<div class=\"elementor-element elementor-element-7774c225 elementor-widget elementor-widget-text-editor\" data-id=\"7774c225\" data-element_type=\"widget\" data-e-type=\"widget\" data-widget_type=\"text-editor.default\">\n\t\t\t\t<div class=\"elementor-widget-container\">\n\t\t\t\t\t\t\t\t\t<div>Al\u00e9sage 98mm.<\/div><div>\u00a0<\/div><div>Qualit\u00e9 origine ou \u00e9quivalent Goetze, Reintz&#8230;<\/div><div>\u00a0<\/div>\t\t\t\t\t\t\t\t<\/div>\n\t\t\t\t<\/div>\n\t\t\t\t\t<\/div>\n\t\t<\/div>\n\t\t\t\t\t<\/div>\n\t\t<\/section>\n\t\t\t\t<\/div>","protected":false},"excerpt":{"rendered":"<p>JEU DE SEGMENT MWM AKD 112 Information du produit : Al\u00e9sage 98mm.\u00a0Qualit\u00e9 origine ou \u00e9quivalent Goetze, Reintz&#8230;<\/p>","protected":false},"featured_media":7132,"template":"","meta":[],"product_brand":[],"product_cat":[2538,153,119],"product_tag":[],"tracteur":[],"class_list":{"0":"post-7128","1":"product","2":"type-product","3":"status-publish","4":"has-post-thumbnail","6":"product_cat-segments","7":"product_cat-pieces-moteur","8":"product_cat-tracteurs-agricoles","9":"product_shipping_class-142","10":"pa_fabriquant-goetze","11":"pa_marque-moteur-moteur-mwm","12":"pa_marque-tracteur-fendt","13":"pa_marque-tracteur-renault-claas","14":"pa_type-2-d22","15":"pa_type-2-d35","16":"pa_type-2-n70","17":"pa_type-2-n72","18":"pa_type-2-super3","19":"pa_type-2-super6","20":"pa_type-moteur-akd112","21":"badges-style-2","23":"first","24":"instock","25":"taxable","26":"shipping-taxable","27":"purchasable","28":"product-type-simple"},"acf":[],"yoast_head":"<!-- This site is optimized with the Yoast SEO plugin v27.3 - https:\/\/yoast.com\/product\/yoast-seo-wordpress\/ -->\n<title>Jeu de segments MWM - AKD 112 - Edel<\/title>\n<meta name=\"robots\" content=\"index, follow, max-snippet:-1, max-image-preview:large, max-video-preview:-1\" \/>\n<link rel=\"canonical\" href=\"https:\/\/www.edel.fr\/en\/product\/jeu-de-segments-mwm-akd-112\/\" \/>\n<meta property=\"og:locale\" content=\"en_US\" \/>\n<meta property=\"og:type\" content=\"article\" \/>\n<meta property=\"og:title\" content=\"Jeu de segments MWM - AKD 112 - Edel\" \/>\n<meta property=\"og:description\" content=\"JEU DE SEGMENT MWM AKD 112 Information du produit : Al\u00e9sage 98mm.\u00a0Qualit\u00e9 origine ou \u00e9quivalent Goetze, Reintz&#8230;\" \/>\n<meta property=\"og:url\" content=\"https:\/\/www.edel.fr\/en\/product\/jeu-de-segments-mwm-akd-112\/\" \/>\n<meta property=\"og:site_name\" content=\"Edel\" \/>\n<meta property=\"article:modified_time\" content=\"2025-11-25T01:00:18+00:00\" \/>\n<meta property=\"og:image\" content=\"https:\/\/www.edel.fr\/uploads\/2020\/10\/jeu-segment-AKD112-2.jpg\" \/>\n\t<meta property=\"og:image:width\" content=\"1512\" \/>\n\t<meta property=\"og:image:height\" content=\"2016\" \/>\n\t<meta property=\"og:image:type\" content=\"image\/jpeg\" \/>\n<meta name=\"twitter:card\" content=\"summary_large_image\" \/>\n<meta name=\"twitter:label1\" content=\"Est. reading time\" \/>\n\t<meta name=\"twitter:data1\" content=\"1 minute\" \/>\n<script type=\"application\/ld+json\" class=\"yoast-schema-graph\">{\"@context\":\"https:\\\/\\\/schema.org\",\"@graph\":[{\"@type\":\"WebPage\",\"@id\":\"https:\\\/\\\/www.edel.fr\\\/produit\\\/jeu-de-segments-mwm-akd-112\\\/\",\"url\":\"https:\\\/\\\/www.edel.fr\\\/produit\\\/jeu-de-segments-mwm-akd-112\\\/\",\"name\":\"Jeu de segments MWM - AKD 112 - Edel\",\"isPartOf\":{\"@id\":\"http:\\\/\\\/www.edel.fr\\\/en\\\/#website\"},\"primaryImageOfPage\":{\"@id\":\"https:\\\/\\\/www.edel.fr\\\/produit\\\/jeu-de-segments-mwm-akd-112\\\/#primaryimage\"},\"image\":{\"@id\":\"https:\\\/\\\/www.edel.fr\\\/produit\\\/jeu-de-segments-mwm-akd-112\\\/#primaryimage\"},\"thumbnailUrl\":\"https:\\\/\\\/www.edel.fr\\\/uploads\\\/2020\\\/10\\\/jeu-segment-AKD112-2.jpg\",\"datePublished\":\"2020-10-07T06:56:33+00:00\",\"dateModified\":\"2025-11-25T01:00:18+00:00\",\"breadcrumb\":{\"@id\":\"https:\\\/\\\/www.edel.fr\\\/produit\\\/jeu-de-segments-mwm-akd-112\\\/#breadcrumb\"},\"inLanguage\":\"en-US\",\"potentialAction\":[{\"@type\":\"ReadAction\",\"target\":[\"https:\\\/\\\/www.edel.fr\\\/produit\\\/jeu-de-segments-mwm-akd-112\\\/\"]}]},{\"@type\":\"ImageObject\",\"inLanguage\":\"en-US\",\"@id\":\"https:\\\/\\\/www.edel.fr\\\/produit\\\/jeu-de-segments-mwm-akd-112\\\/#primaryimage\",\"url\":\"https:\\\/\\\/www.edel.fr\\\/uploads\\\/2020\\\/10\\\/jeu-segment-AKD112-2.jpg\",\"contentUrl\":\"https:\\\/\\\/www.edel.fr\\\/uploads\\\/2020\\\/10\\\/jeu-segment-AKD112-2.jpg\",\"width\":1512,\"height\":2016},{\"@type\":\"BreadcrumbList\",\"@id\":\"https:\\\/\\\/www.edel.fr\\\/produit\\\/jeu-de-segments-mwm-akd-112\\\/#breadcrumb\",\"itemListElement\":[{\"@type\":\"ListItem\",\"position\":1,\"name\":\"Pi\u00e8ce Tracteur\",\"item\":\"http:\\\/\\\/www.edel.fr\\\/en\\\/\"},{\"@type\":\"ListItem\",\"position\":2,\"name\":\"Toutes nos pi\u00e8ces Tracteur\",\"item\":\"https:\\\/\\\/edel.fr\\\/shop\\\/\"},{\"@type\":\"ListItem\",\"position\":3,\"name\":\"Jeu de segments MWM &#8211; AKD 112\"}]},{\"@type\":\"WebSite\",\"@id\":\"http:\\\/\\\/www.edel.fr\\\/en\\\/#website\",\"url\":\"http:\\\/\\\/www.edel.fr\\\/en\\\/\",\"name\":\"Edel\",\"description\":\"Pi\u00e8ce d\u00e9tach\u00e9e de Tracteur Agricole\",\"publisher\":{\"@id\":\"http:\\\/\\\/www.edel.fr\\\/en\\\/#organization\"},\"potentialAction\":[{\"@type\":\"SearchAction\",\"target\":{\"@type\":\"EntryPoint\",\"urlTemplate\":\"http:\\\/\\\/www.edel.fr\\\/en\\\/?s={search_term_string}\"},\"query-input\":{\"@type\":\"PropertyValueSpecification\",\"valueRequired\":true,\"valueName\":\"search_term_string\"}}],\"inLanguage\":\"en-US\"},{\"@type\":\"Organization\",\"@id\":\"http:\\\/\\\/www.edel.fr\\\/en\\\/#organization\",\"name\":\"Edel\",\"url\":\"http:\\\/\\\/www.edel.fr\\\/en\\\/\",\"logo\":{\"@type\":\"ImageObject\",\"inLanguage\":\"en-US\",\"@id\":\"http:\\\/\\\/www.edel.fr\\\/en\\\/#\\\/schema\\\/logo\\\/image\\\/\",\"url\":\"https:\\\/\\\/www.edel.fr\\\/uploads\\\/2018\\\/11\\\/logo-edel.png\",\"contentUrl\":\"https:\\\/\\\/www.edel.fr\\\/uploads\\\/2018\\\/11\\\/logo-edel.png\",\"width\":257,\"height\":68,\"caption\":\"Edel\"},\"image\":{\"@id\":\"http:\\\/\\\/www.edel.fr\\\/en\\\/#\\\/schema\\\/logo\\\/image\\\/\"}}]}<\/script>\n<!-- \/ Yoast SEO plugin. -->","yoast_head_json":{"title":"Jeu de segments MWM - AKD 112 - Edel","robots":{"index":"index","follow":"follow","max-snippet":"max-snippet:-1","max-image-preview":"max-image-preview:large","max-video-preview":"max-video-preview:-1"},"canonical":"https:\/\/www.edel.fr\/en\/product\/jeu-de-segments-mwm-akd-112\/","og_locale":"en_US","og_type":"article","og_title":"Jeu de segments MWM - AKD 112 - Edel","og_description":"JEU DE SEGMENT MWM AKD 112 Information du produit : Al\u00e9sage 98mm.\u00a0Qualit\u00e9 origine ou \u00e9quivalent Goetze, Reintz&#8230;","og_url":"https:\/\/www.edel.fr\/en\/product\/jeu-de-segments-mwm-akd-112\/","og_site_name":"Edel","article_modified_time":"2025-11-25T01:00:18+00:00","og_image":[{"width":1512,"height":2016,"url":"https:\/\/www.edel.fr\/uploads\/2020\/10\/jeu-segment-AKD112-2.jpg","type":"image\/jpeg"}],"twitter_card":"summary_large_image","twitter_misc":{"Est. reading time":"1 minute"},"schema":{"@context":"https:\/\/schema.org","@graph":[{"@type":"WebPage","@id":"https:\/\/www.edel.fr\/produit\/jeu-de-segments-mwm-akd-112\/","url":"https:\/\/www.edel.fr\/produit\/jeu-de-segments-mwm-akd-112\/","name":"Jeu de segments MWM - AKD 112 - Edel","isPartOf":{"@id":"http:\/\/www.edel.fr\/en\/#website"},"primaryImageOfPage":{"@id":"https:\/\/www.edel.fr\/produit\/jeu-de-segments-mwm-akd-112\/#primaryimage"},"image":{"@id":"https:\/\/www.edel.fr\/produit\/jeu-de-segments-mwm-akd-112\/#primaryimage"},"thumbnailUrl":"https:\/\/www.edel.fr\/uploads\/2020\/10\/jeu-segment-AKD112-2.jpg","datePublished":"2020-10-07T06:56:33+00:00","dateModified":"2025-11-25T01:00:18+00:00","breadcrumb":{"@id":"https:\/\/www.edel.fr\/produit\/jeu-de-segments-mwm-akd-112\/#breadcrumb"},"inLanguage":"en-US","potentialAction":[{"@type":"ReadAction","target":["https:\/\/www.edel.fr\/produit\/jeu-de-segments-mwm-akd-112\/"]}]},{"@type":"ImageObject","inLanguage":"en-US","@id":"https:\/\/www.edel.fr\/produit\/jeu-de-segments-mwm-akd-112\/#primaryimage","url":"https:\/\/www.edel.fr\/uploads\/2020\/10\/jeu-segment-AKD112-2.jpg","contentUrl":"https:\/\/www.edel.fr\/uploads\/2020\/10\/jeu-segment-AKD112-2.jpg","width":1512,"height":2016},{"@type":"BreadcrumbList","@id":"https:\/\/www.edel.fr\/produit\/jeu-de-segments-mwm-akd-112\/#breadcrumb","itemListElement":[{"@type":"ListItem","position":1,"name":"Pi\u00e8ce Tracteur","item":"http:\/\/www.edel.fr\/en\/"},{"@type":"ListItem","position":2,"name":"Toutes nos pi\u00e8ces Tracteur","item":"https:\/\/edel.fr\/shop\/"},{"@type":"ListItem","position":3,"name":"Jeu de segments MWM &#8211; AKD 112"}]},{"@type":"WebSite","@id":"http:\/\/www.edel.fr\/en\/#website","url":"http:\/\/www.edel.fr\/en\/","name":"Edel","description":"Pi\u00e8ce d\u00e9tach\u00e9e de Tracteur Agricole","publisher":{"@id":"http:\/\/www.edel.fr\/en\/#organization"},"potentialAction":[{"@type":"SearchAction","target":{"@type":"EntryPoint","urlTemplate":"http:\/\/www.edel.fr\/en\/?s={search_term_string}"},"query-input":{"@type":"PropertyValueSpecification","valueRequired":true,"valueName":"search_term_string"}}],"inLanguage":"en-US"},{"@type":"Organization","@id":"http:\/\/www.edel.fr\/en\/#organization","name":"Edel","url":"http:\/\/www.edel.fr\/en\/","logo":{"@type":"ImageObject","inLanguage":"en-US","@id":"http:\/\/www.edel.fr\/en\/#\/schema\/logo\/image\/","url":"https:\/\/www.edel.fr\/uploads\/2018\/11\/logo-edel.png","contentUrl":"https:\/\/www.edel.fr\/uploads\/2018\/11\/logo-edel.png","width":257,"height":68,"caption":"Edel"},"image":{"@id":"http:\/\/www.edel.fr\/en\/#\/schema\/logo\/image\/"}}]}},"_links":{"self":[{"href":"https:\/\/www.edel.fr\/en\/wp-json\/wp\/v2\/product\/7128","targetHints":{"allow":["GET"]}}],"collection":[{"href":"https:\/\/www.edel.fr\/en\/wp-json\/wp\/v2\/product"}],"about":[{"href":"https:\/\/www.edel.fr\/en\/wp-json\/wp\/v2\/types\/product"}],"version-history":[{"count":2,"href":"https:\/\/www.edel.fr\/en\/wp-json\/wp\/v2\/product\/7128\/revisions"}],"predecessor-version":[{"id":18559,"href":"https:\/\/www.edel.fr\/en\/wp-json\/wp\/v2\/product\/7128\/revisions\/18559"}],"wp:featuredmedia":[{"embeddable":true,"href":"https:\/\/www.edel.fr\/en\/wp-json\/wp\/v2\/media\/7132"}],"wp:attachment":[{"href":"https:\/\/www.edel.fr\/en\/wp-json\/wp\/v2\/media?parent=7128"}],"wp:term":[{"taxonomy":"product_brand","embeddable":true,"href":"https:\/\/www.edel.fr\/en\/wp-json\/wp\/v2\/product_brand?post=7128"},{"taxonomy":"product_cat","embeddable":true,"href":"https:\/\/www.edel.fr\/en\/wp-json\/wp\/v2\/product_cat?post=7128"},{"taxonomy":"product_tag","embeddable":true,"href":"https:\/\/www.edel.fr\/en\/wp-json\/wp\/v2\/product_tag?post=7128"},{"taxonomy":"tracteur","embeddable":true,"href":"https:\/\/www.edel.fr\/en\/wp-json\/wp\/v2\/tracteur?post=7128"}],"curies":[{"name":"wp","href":"https:\/\/api.w.org\/{rel}","templated":true}]}}