{"id":7022,"date":"2020-09-16T15:28:26","date_gmt":"2020-09-16T13:28:26","guid":{"rendered":"https:\/\/www.edel.fr\/?post_type=product&#038;p=7022"},"modified":"2026-04-03T03:00:55","modified_gmt":"2026-04-03T01:00:55","slug":"disque-dembrayage-renault-250-10-cannelures","status":"publish","type":"product","link":"https:\/\/www.edel.fr\/en\/product\/disque-dembrayage-renault-250-10-cannelures\/","title":{"rendered":"Disque d&#8217;embrayage &#8211; AV. &#8211; Renault &#8211; \u00d8250 &#8211; 10 cannelures"},"content":{"rendered":"<div data-elementor-type=\"wp-post\" data-elementor-id=\"7022\" class=\"elementor elementor-7022\">\n\t\t\t\t\t\t<section class=\"elementor-section elementor-top-section elementor-element elementor-element-6a24285b elementor-section-boxed elementor-section-height-default elementor-section-height-default\" data-id=\"6a24285b\" data-element_type=\"section\" data-e-type=\"section\">\n\t\t\t\t\t\t<div class=\"elementor-container elementor-column-gap-default\">\n\t\t\t\t\t<div class=\"elementor-column elementor-col-100 elementor-top-column elementor-element elementor-element-41312e2e\" data-id=\"41312e2e\" data-element_type=\"column\" data-e-type=\"column\">\n\t\t\t<div class=\"elementor-widget-wrap elementor-element-populated\">\n\t\t\t\t\t\t<div class=\"elementor-element elementor-element-13b462a1 elementor-widget elementor-widget-heading\" data-id=\"13b462a1\" data-element_type=\"widget\" data-e-type=\"widget\" data-widget_type=\"heading.default\">\n\t\t\t\t<div class=\"elementor-widget-container\">\n\t\t\t\t\t<h2 class=\"elementor-heading-title elementor-size-default\">DISQUE D'AVANCEMENT \u2013 RENAULT -\u2300250 - 10 CANNELURES<\/h2>\t\t\t\t<\/div>\n\t\t\t\t<\/div>\n\t\t\t\t<div class=\"elementor-element elementor-element-1b062b2f elementor-widget elementor-widget-heading\" data-id=\"1b062b2f\" data-element_type=\"widget\" data-e-type=\"widget\" data-widget_type=\"heading.default\">\n\t\t\t\t<div class=\"elementor-widget-container\">\n\t\t\t\t\t<h3 class=\"elementor-heading-title elementor-size-default\">Information du produit :<\/h3>\t\t\t\t<\/div>\n\t\t\t\t<\/div>\n\t\t\t\t\t<\/div>\n\t\t<\/div>\n\t\t\t\t\t<\/div>\n\t\t<\/section>\n\t\t\t\t<section class=\"elementor-section elementor-top-section elementor-element elementor-element-290ca7d1 elementor-section-boxed elementor-section-height-default elementor-section-height-default\" data-id=\"290ca7d1\" data-element_type=\"section\" data-e-type=\"section\">\n\t\t\t\t\t\t<div class=\"elementor-container elementor-column-gap-default\">\n\t\t\t\t\t<div class=\"elementor-column elementor-col-100 elementor-top-column elementor-element elementor-element-773f35b7\" data-id=\"773f35b7\" data-element_type=\"column\" data-e-type=\"column\">\n\t\t\t<div class=\"elementor-widget-wrap elementor-element-populated\">\n\t\t\t\t\t\t<div class=\"elementor-element elementor-element-7774c225 elementor-widget elementor-widget-text-editor\" data-id=\"7774c225\" data-element_type=\"widget\" data-e-type=\"widget\" data-widget_type=\"text-editor.default\">\n\t\t\t\t<div class=\"elementor-widget-container\">\n\t\t\t\t\t\t\t\t\t<p>Pour Renault <span>D22, D30, D35, N70, N71, N72, Super3, Super5, Super6, Super7<\/span><\/p><div><p><span style=\"background-color: #ffffff\">Moyeu : 28 x 35<\/span><\/p><p>Attention, existe aussi la\u00a0<a href=\"https:\/\/www.edel.fr\/en\/disque-dembrayage-a-v-renault-o250-33-cannelures\/\" target=\"_blank\" rel=\"noopener\">variante en 33 cannelures.<\/a><\/p><\/div>\t\t\t\t\t\t\t\t<\/div>\n\t\t\t\t<\/div>\n\t\t\t\t\t<\/div>\n\t\t<\/div>\n\t\t\t\t\t<\/div>\n\t\t<\/section>\n\t\t\t\t<\/div>","protected":false},"excerpt":{"rendered":"<p>DISQUE D&rsquo;AVANCEMENT \u2013 RENAULT -\u2300250 &#8211; 10 CANNELURES Information du produit : Pour Renault D22, D30, D35, N70, N71, N72, Super3, Super5, Super6, Super7 Moyeu : 28 x 35 Attention, existe aussi la\u00a0variante en 33 cannelures.<\/p>","protected":false},"featured_media":11690,"template":"","meta":[],"product_brand":[],"product_cat":[126,3985,119,120],"product_tag":[2499],"tracteur":[],"class_list":{"0":"post-7022","1":"product","2":"type-product","3":"status-publish","4":"has-post-thumbnail","6":"product_cat-disques-embrayage","7":"product_cat-renault-claas-disque","8":"product_cat-tracteurs-agricoles","9":"product_cat-transmissions","10":"product_tag-disque-dembrayage","11":"product_shipping_class-142","12":"pa_fabriquant-kawe","13":"pa_marque-tracteur-renault-claas","14":"pa_modele-tracteur-anciens","15":"pa_modele-tracteur-renault-anciens","16":"pa_type-2-d22","17":"pa_type-2-d30","18":"pa_type-2-d35","19":"pa_type-2-n72","20":"pa_type-2-super3","21":"pa_type-2-super5","22":"pa_type-2-super6","23":"pa_type-2-super7","24":"badges-style-2","26":"first","27":"instock","28":"taxable","29":"shipping-taxable","30":"purchasable","31":"product-type-simple"},"acf":[],"yoast_head":"<!-- This site is optimized with the Yoast SEO plugin v27.3 - https:\/\/yoast.com\/product\/yoast-seo-wordpress\/ -->\n<title>Disque d&#039;embrayage - AV. - Renault - \u00d8250 - 10 cannelures - Edel<\/title>\n<meta name=\"robots\" content=\"index, follow, max-snippet:-1, max-image-preview:large, max-video-preview:-1\" \/>\n<link rel=\"canonical\" href=\"https:\/\/www.edel.fr\/en\/product\/disque-dembrayage-renault-250-10-cannelures\/\" \/>\n<meta property=\"og:locale\" content=\"en_US\" \/>\n<meta property=\"og:type\" content=\"article\" \/>\n<meta property=\"og:title\" content=\"Disque d&#039;embrayage - AV. - Renault - \u00d8250 - 10 cannelures - Edel\" \/>\n<meta property=\"og:description\" content=\"DISQUE D&rsquo;AVANCEMENT \u2013 RENAULT -\u2300250 &#8211; 10 CANNELURES Information du produit : Pour Renault D22, D30, D35, N70, N71, N72, Super3, Super5, Super6, Super7 Moyeu : 28 x 35 Attention, existe aussi la\u00a0variante en 33 cannelures.\" \/>\n<meta property=\"og:url\" content=\"https:\/\/www.edel.fr\/en\/product\/disque-dembrayage-renault-250-10-cannelures\/\" \/>\n<meta property=\"og:site_name\" content=\"Edel\" \/>\n<meta property=\"article:modified_time\" content=\"2026-04-03T01:00:55+00:00\" \/>\n<meta property=\"og:image\" content=\"https:\/\/www.edel.fr\/uploads\/2020\/09\/1522530116.jpg\" \/>\n\t<meta property=\"og:image:width\" content=\"1512\" \/>\n\t<meta property=\"og:image:height\" content=\"1512\" \/>\n\t<meta property=\"og:image:type\" content=\"image\/jpeg\" \/>\n<meta name=\"twitter:card\" content=\"summary_large_image\" \/>\n<meta name=\"twitter:label1\" content=\"Est. reading time\" \/>\n\t<meta name=\"twitter:data1\" content=\"1 minute\" \/>\n<script type=\"application\/ld+json\" class=\"yoast-schema-graph\">{\"@context\":\"https:\\\/\\\/schema.org\",\"@graph\":[{\"@type\":\"WebPage\",\"@id\":\"https:\\\/\\\/www.edel.fr\\\/produit\\\/disque-dembrayage-renault-250-10-cannelures\\\/\",\"url\":\"https:\\\/\\\/www.edel.fr\\\/produit\\\/disque-dembrayage-renault-250-10-cannelures\\\/\",\"name\":\"Disque d'embrayage - AV. - Renault - \u00d8250 - 10 cannelures - Edel\",\"isPartOf\":{\"@id\":\"http:\\\/\\\/www.edel.fr\\\/en\\\/#website\"},\"primaryImageOfPage\":{\"@id\":\"https:\\\/\\\/www.edel.fr\\\/produit\\\/disque-dembrayage-renault-250-10-cannelures\\\/#primaryimage\"},\"image\":{\"@id\":\"https:\\\/\\\/www.edel.fr\\\/produit\\\/disque-dembrayage-renault-250-10-cannelures\\\/#primaryimage\"},\"thumbnailUrl\":\"https:\\\/\\\/www.edel.fr\\\/uploads\\\/2020\\\/09\\\/1522530116.jpg\",\"datePublished\":\"2020-09-16T13:28:26+00:00\",\"dateModified\":\"2026-04-03T01:00:55+00:00\",\"breadcrumb\":{\"@id\":\"https:\\\/\\\/www.edel.fr\\\/produit\\\/disque-dembrayage-renault-250-10-cannelures\\\/#breadcrumb\"},\"inLanguage\":\"en-US\",\"potentialAction\":[{\"@type\":\"ReadAction\",\"target\":[\"https:\\\/\\\/www.edel.fr\\\/produit\\\/disque-dembrayage-renault-250-10-cannelures\\\/\"]}]},{\"@type\":\"ImageObject\",\"inLanguage\":\"en-US\",\"@id\":\"https:\\\/\\\/www.edel.fr\\\/produit\\\/disque-dembrayage-renault-250-10-cannelures\\\/#primaryimage\",\"url\":\"https:\\\/\\\/www.edel.fr\\\/uploads\\\/2020\\\/09\\\/1522530116.jpg\",\"contentUrl\":\"https:\\\/\\\/www.edel.fr\\\/uploads\\\/2020\\\/09\\\/1522530116.jpg\",\"width\":1512,\"height\":1512,\"caption\":\"Disque d'embrayage - AV. - Renault - \u00d8250 - 10 cannelures\"},{\"@type\":\"BreadcrumbList\",\"@id\":\"https:\\\/\\\/www.edel.fr\\\/produit\\\/disque-dembrayage-renault-250-10-cannelures\\\/#breadcrumb\",\"itemListElement\":[{\"@type\":\"ListItem\",\"position\":1,\"name\":\"Pi\u00e8ce Tracteur\",\"item\":\"http:\\\/\\\/www.edel.fr\\\/en\\\/\"},{\"@type\":\"ListItem\",\"position\":2,\"name\":\"Toutes nos pi\u00e8ces Tracteur\",\"item\":\"https:\\\/\\\/edel.fr\\\/shop\\\/\"},{\"@type\":\"ListItem\",\"position\":3,\"name\":\"Disque d&#8217;embrayage &#8211; AV. &#8211; Renault &#8211; \u00d8250 &#8211; 10 cannelures\"}]},{\"@type\":\"WebSite\",\"@id\":\"http:\\\/\\\/www.edel.fr\\\/en\\\/#website\",\"url\":\"http:\\\/\\\/www.edel.fr\\\/en\\\/\",\"name\":\"Edel\",\"description\":\"Pi\u00e8ce d\u00e9tach\u00e9e de Tracteur Agricole\",\"publisher\":{\"@id\":\"http:\\\/\\\/www.edel.fr\\\/en\\\/#organization\"},\"potentialAction\":[{\"@type\":\"SearchAction\",\"target\":{\"@type\":\"EntryPoint\",\"urlTemplate\":\"http:\\\/\\\/www.edel.fr\\\/en\\\/?s={search_term_string}\"},\"query-input\":{\"@type\":\"PropertyValueSpecification\",\"valueRequired\":true,\"valueName\":\"search_term_string\"}}],\"inLanguage\":\"en-US\"},{\"@type\":\"Organization\",\"@id\":\"http:\\\/\\\/www.edel.fr\\\/en\\\/#organization\",\"name\":\"Edel\",\"url\":\"http:\\\/\\\/www.edel.fr\\\/en\\\/\",\"logo\":{\"@type\":\"ImageObject\",\"inLanguage\":\"en-US\",\"@id\":\"http:\\\/\\\/www.edel.fr\\\/en\\\/#\\\/schema\\\/logo\\\/image\\\/\",\"url\":\"https:\\\/\\\/www.edel.fr\\\/uploads\\\/2018\\\/11\\\/logo-edel.png\",\"contentUrl\":\"https:\\\/\\\/www.edel.fr\\\/uploads\\\/2018\\\/11\\\/logo-edel.png\",\"width\":257,\"height\":68,\"caption\":\"Edel\"},\"image\":{\"@id\":\"http:\\\/\\\/www.edel.fr\\\/en\\\/#\\\/schema\\\/logo\\\/image\\\/\"}}]}<\/script>\n<!-- \/ Yoast SEO plugin. -->","yoast_head_json":{"title":"Disque d'embrayage - AV. - Renault - \u00d8250 - 10 cannelures - Edel","robots":{"index":"index","follow":"follow","max-snippet":"max-snippet:-1","max-image-preview":"max-image-preview:large","max-video-preview":"max-video-preview:-1"},"canonical":"https:\/\/www.edel.fr\/en\/product\/disque-dembrayage-renault-250-10-cannelures\/","og_locale":"en_US","og_type":"article","og_title":"Disque d'embrayage - AV. - Renault - \u00d8250 - 10 cannelures - Edel","og_description":"DISQUE D&rsquo;AVANCEMENT \u2013 RENAULT -\u2300250 &#8211; 10 CANNELURES Information du produit : Pour Renault D22, D30, D35, N70, N71, N72, Super3, Super5, Super6, Super7 Moyeu : 28 x 35 Attention, existe aussi la\u00a0variante en 33 cannelures.","og_url":"https:\/\/www.edel.fr\/en\/product\/disque-dembrayage-renault-250-10-cannelures\/","og_site_name":"Edel","article_modified_time":"2026-04-03T01:00:55+00:00","og_image":[{"width":1512,"height":1512,"url":"https:\/\/www.edel.fr\/uploads\/2020\/09\/1522530116.jpg","type":"image\/jpeg"}],"twitter_card":"summary_large_image","twitter_misc":{"Est. reading time":"1 minute"},"schema":{"@context":"https:\/\/schema.org","@graph":[{"@type":"WebPage","@id":"https:\/\/www.edel.fr\/produit\/disque-dembrayage-renault-250-10-cannelures\/","url":"https:\/\/www.edel.fr\/produit\/disque-dembrayage-renault-250-10-cannelures\/","name":"Disque d'embrayage - AV. - Renault - \u00d8250 - 10 cannelures - Edel","isPartOf":{"@id":"http:\/\/www.edel.fr\/en\/#website"},"primaryImageOfPage":{"@id":"https:\/\/www.edel.fr\/produit\/disque-dembrayage-renault-250-10-cannelures\/#primaryimage"},"image":{"@id":"https:\/\/www.edel.fr\/produit\/disque-dembrayage-renault-250-10-cannelures\/#primaryimage"},"thumbnailUrl":"https:\/\/www.edel.fr\/uploads\/2020\/09\/1522530116.jpg","datePublished":"2020-09-16T13:28:26+00:00","dateModified":"2026-04-03T01:00:55+00:00","breadcrumb":{"@id":"https:\/\/www.edel.fr\/produit\/disque-dembrayage-renault-250-10-cannelures\/#breadcrumb"},"inLanguage":"en-US","potentialAction":[{"@type":"ReadAction","target":["https:\/\/www.edel.fr\/produit\/disque-dembrayage-renault-250-10-cannelures\/"]}]},{"@type":"ImageObject","inLanguage":"en-US","@id":"https:\/\/www.edel.fr\/produit\/disque-dembrayage-renault-250-10-cannelures\/#primaryimage","url":"https:\/\/www.edel.fr\/uploads\/2020\/09\/1522530116.jpg","contentUrl":"https:\/\/www.edel.fr\/uploads\/2020\/09\/1522530116.jpg","width":1512,"height":1512,"caption":"Disque d'embrayage - AV. - Renault - \u00d8250 - 10 cannelures"},{"@type":"BreadcrumbList","@id":"https:\/\/www.edel.fr\/produit\/disque-dembrayage-renault-250-10-cannelures\/#breadcrumb","itemListElement":[{"@type":"ListItem","position":1,"name":"Pi\u00e8ce Tracteur","item":"http:\/\/www.edel.fr\/en\/"},{"@type":"ListItem","position":2,"name":"Toutes nos pi\u00e8ces Tracteur","item":"https:\/\/edel.fr\/shop\/"},{"@type":"ListItem","position":3,"name":"Disque d&#8217;embrayage &#8211; AV. &#8211; Renault &#8211; \u00d8250 &#8211; 10 cannelures"}]},{"@type":"WebSite","@id":"http:\/\/www.edel.fr\/en\/#website","url":"http:\/\/www.edel.fr\/en\/","name":"Edel","description":"Pi\u00e8ce d\u00e9tach\u00e9e de Tracteur Agricole","publisher":{"@id":"http:\/\/www.edel.fr\/en\/#organization"},"potentialAction":[{"@type":"SearchAction","target":{"@type":"EntryPoint","urlTemplate":"http:\/\/www.edel.fr\/en\/?s={search_term_string}"},"query-input":{"@type":"PropertyValueSpecification","valueRequired":true,"valueName":"search_term_string"}}],"inLanguage":"en-US"},{"@type":"Organization","@id":"http:\/\/www.edel.fr\/en\/#organization","name":"Edel","url":"http:\/\/www.edel.fr\/en\/","logo":{"@type":"ImageObject","inLanguage":"en-US","@id":"http:\/\/www.edel.fr\/en\/#\/schema\/logo\/image\/","url":"https:\/\/www.edel.fr\/uploads\/2018\/11\/logo-edel.png","contentUrl":"https:\/\/www.edel.fr\/uploads\/2018\/11\/logo-edel.png","width":257,"height":68,"caption":"Edel"},"image":{"@id":"http:\/\/www.edel.fr\/en\/#\/schema\/logo\/image\/"}}]}},"_links":{"self":[{"href":"https:\/\/www.edel.fr\/en\/wp-json\/wp\/v2\/product\/7022","targetHints":{"allow":["GET"]}}],"collection":[{"href":"https:\/\/www.edel.fr\/en\/wp-json\/wp\/v2\/product"}],"about":[{"href":"https:\/\/www.edel.fr\/en\/wp-json\/wp\/v2\/types\/product"}],"version-history":[{"count":2,"href":"https:\/\/www.edel.fr\/en\/wp-json\/wp\/v2\/product\/7022\/revisions"}],"predecessor-version":[{"id":14538,"href":"https:\/\/www.edel.fr\/en\/wp-json\/wp\/v2\/product\/7022\/revisions\/14538"}],"wp:featuredmedia":[{"embeddable":true,"href":"https:\/\/www.edel.fr\/en\/wp-json\/wp\/v2\/media\/11690"}],"wp:attachment":[{"href":"https:\/\/www.edel.fr\/en\/wp-json\/wp\/v2\/media?parent=7022"}],"wp:term":[{"taxonomy":"product_brand","embeddable":true,"href":"https:\/\/www.edel.fr\/en\/wp-json\/wp\/v2\/product_brand?post=7022"},{"taxonomy":"product_cat","embeddable":true,"href":"https:\/\/www.edel.fr\/en\/wp-json\/wp\/v2\/product_cat?post=7022"},{"taxonomy":"product_tag","embeddable":true,"href":"https:\/\/www.edel.fr\/en\/wp-json\/wp\/v2\/product_tag?post=7022"},{"taxonomy":"tracteur","embeddable":true,"href":"https:\/\/www.edel.fr\/en\/wp-json\/wp\/v2\/tracteur?post=7022"}],"curies":[{"name":"wp","href":"https:\/\/api.w.org\/{rel}","templated":true}]}}