{"id":7014,"date":"2020-09-16T15:07:23","date_gmt":"2020-09-16T13:07:23","guid":{"rendered":"https:\/\/www.edel.fr\/?post_type=product&#038;p=7014"},"modified":"2026-03-27T02:00:57","modified_gmt":"2026-03-27T01:00:57","slug":"disque-dembrayage-a-v-renault-o250-33-cannelures","status":"publish","type":"product","link":"https:\/\/www.edel.fr\/en\/product\/disque-dembrayage-a-v-renault-o250-33-cannelures\/","title":{"rendered":"Disque d&#8217;embrayage &#8211; AV. &#8211; Renault &#8211; \u00d8250 &#8211; 33 cannelures"},"content":{"rendered":"<div data-elementor-type=\"wp-post\" data-elementor-id=\"7014\" class=\"elementor elementor-7014\">\n\t\t\t\t\t\t<section class=\"elementor-section elementor-top-section elementor-element elementor-element-d7ca861 elementor-section-boxed elementor-section-height-default elementor-section-height-default\" data-id=\"d7ca861\" data-element_type=\"section\" data-e-type=\"section\">\n\t\t\t\t\t\t<div class=\"elementor-container elementor-column-gap-default\">\n\t\t\t\t\t<div class=\"elementor-column elementor-col-100 elementor-top-column elementor-element elementor-element-1c42a5c1\" data-id=\"1c42a5c1\" data-element_type=\"column\" data-e-type=\"column\">\n\t\t\t<div class=\"elementor-widget-wrap elementor-element-populated\">\n\t\t\t\t\t\t<div class=\"elementor-element elementor-element-629ccd77 elementor-widget elementor-widget-heading\" data-id=\"629ccd77\" data-element_type=\"widget\" data-e-type=\"widget\" data-widget_type=\"heading.default\">\n\t\t\t\t<div class=\"elementor-widget-container\">\n\t\t\t\t\t<h2 class=\"elementor-heading-title elementor-size-default\">DISQUE D'AVANCEMENT \u2013 RENAULT -\u2300250 - 33 CANNELURES<\/h2>\t\t\t\t<\/div>\n\t\t\t\t<\/div>\n\t\t\t\t<div class=\"elementor-element elementor-element-35ed5bbf elementor-widget elementor-widget-heading\" data-id=\"35ed5bbf\" data-element_type=\"widget\" data-e-type=\"widget\" data-widget_type=\"heading.default\">\n\t\t\t\t<div class=\"elementor-widget-container\">\n\t\t\t\t\t<h3 class=\"elementor-heading-title elementor-size-default\">Information du produit :<\/h3>\t\t\t\t<\/div>\n\t\t\t\t<\/div>\n\t\t\t\t\t<\/div>\n\t\t<\/div>\n\t\t\t\t\t<\/div>\n\t\t<\/section>\n\t\t\t\t<section class=\"elementor-section elementor-top-section elementor-element elementor-element-290ca7d1 elementor-section-boxed elementor-section-height-default elementor-section-height-default\" data-id=\"290ca7d1\" data-element_type=\"section\" data-e-type=\"section\">\n\t\t\t\t\t\t<div class=\"elementor-container elementor-column-gap-default\">\n\t\t\t\t\t<div class=\"elementor-column elementor-col-100 elementor-top-column elementor-element elementor-element-773f35b7\" data-id=\"773f35b7\" data-element_type=\"column\" data-e-type=\"column\">\n\t\t\t<div class=\"elementor-widget-wrap elementor-element-populated\">\n\t\t\t\t\t\t<div class=\"elementor-element elementor-element-7774c225 elementor-widget elementor-widget-text-editor\" data-id=\"7774c225\" data-element_type=\"widget\" data-e-type=\"widget\" data-widget_type=\"text-editor.default\">\n\t\t\t\t<div class=\"elementor-widget-container\">\n\t\t\t\t\t\t\t\t\t<div>Pour Renault R301, R351, R361, R421, R461, R50, R51, R53, R55, R56, R57, R58, R60, R70&#8230;<\/div><div><p>Attention, existe aussi la\u00a0<a href=\"https:\/\/www.edel.fr\/en\/disque-dembrayage-renault-250-10-cannelures\/\" target=\"_blank\" rel=\"noopener\">variante en 10 cannelures.\u00a0<\/a><\/p><\/div>\t\t\t\t\t\t\t\t<\/div>\n\t\t\t\t<\/div>\n\t\t\t\t\t<\/div>\n\t\t<\/div>\n\t\t\t\t\t<\/div>\n\t\t<\/section>\n\t\t\t\t<\/div>","protected":false},"excerpt":{"rendered":"<p>DISQUE D&rsquo;AVANCEMENT \u2013 RENAULT -\u2300250 &#8211; 33 CANNELURES Information du produit : Pour Renault R301, R351, R361, R421, R461, R50, R51, R53, R55, R56, R57, R58, R60, R70&#8230; Attention, existe aussi la\u00a0variante en 10 cannelures.\u00a0<\/p>","protected":false},"featured_media":11693,"template":"","meta":[],"product_brand":[],"product_cat":[126,3985,119,120],"product_tag":[2499],"tracteur":[],"class_list":{"0":"post-7014","1":"product","2":"type-product","3":"status-publish","4":"has-post-thumbnail","6":"product_cat-disques-embrayage","7":"product_cat-renault-claas-disque","8":"product_cat-tracteurs-agricoles","9":"product_cat-transmissions","10":"product_tag-disque-dembrayage","11":"product_shipping_class-142","12":"pa_fabriquant-kawe","13":"pa_marque-tracteur-renault-claas","14":"pa_modele-tracteur-anciens","15":"pa_modele-tracteur-renault-anciens","16":"pa_type-2-r301","17":"pa_type-2-r351","18":"pa_type-2-r361","19":"pa_type-2-r421","20":"pa_type-2-r461","21":"pa_type-2-r50","22":"pa_type-2-r51","23":"pa_type-2-r53","24":"pa_type-2-r55","25":"pa_type-2-r56","26":"pa_type-2-r57","27":"pa_type-2-r58","28":"pa_type-2-r60","29":"pa_type-2-r70","30":"pa_type-2-super7","31":"badges-style-2","33":"first","34":"instock","35":"taxable","36":"shipping-taxable","37":"purchasable","38":"product-type-simple"},"acf":[],"yoast_head":"<!-- This site is optimized with the Yoast SEO plugin v27.3 - https:\/\/yoast.com\/product\/yoast-seo-wordpress\/ -->\n<title>Disque d&#039;embrayage - AV. - Renault - \u00d8250 - 33 cannelures - Edel<\/title>\n<meta name=\"robots\" content=\"index, follow, max-snippet:-1, max-image-preview:large, max-video-preview:-1\" \/>\n<link rel=\"canonical\" href=\"https:\/\/edel.fr\/produit\/disque-dembrayage-a-v-renault-o250-33-cannelures\/\" \/>\n<meta property=\"og:locale\" content=\"en_US\" \/>\n<meta property=\"og:type\" content=\"article\" \/>\n<meta property=\"og:title\" content=\"Disque d&#039;embrayage - AV. - Renault - \u00d8250 - 33 cannelures - Edel\" \/>\n<meta property=\"og:description\" content=\"DISQUE D&rsquo;AVANCEMENT \u2013 RENAULT -\u2300250 &#8211; 33 CANNELURES Information du produit : Pour Renault R301, R351, R361, R421, R461, R50, R51, R53, R55, R56, R57, R58, R60, R70&#8230; Attention, existe aussi la\u00a0variante en 10 cannelures.\u00a0\" \/>\n<meta property=\"og:url\" content=\"https:\/\/edel.fr\/produit\/disque-dembrayage-a-v-renault-o250-33-cannelures\/\" \/>\n<meta property=\"og:site_name\" content=\"Edel\" \/>\n<meta property=\"article:modified_time\" content=\"2026-03-27T01:00:57+00:00\" \/>\n<meta property=\"og:image\" content=\"https:\/\/edel.fr\/uploads\/2020\/09\/1522530017.jpg\" \/>\n\t<meta property=\"og:image:width\" content=\"1512\" \/>\n\t<meta property=\"og:image:height\" content=\"1512\" \/>\n\t<meta property=\"og:image:type\" content=\"image\/jpeg\" \/>\n<meta name=\"twitter:card\" content=\"summary_large_image\" \/>\n<meta name=\"twitter:label1\" content=\"Est. reading time\" \/>\n\t<meta name=\"twitter:data1\" content=\"1 minute\" \/>\n<script type=\"application\/ld+json\" class=\"yoast-schema-graph\">{\"@context\":\"https:\\\/\\\/schema.org\",\"@graph\":[{\"@type\":\"WebPage\",\"@id\":\"https:\\\/\\\/edel.fr\\\/produit\\\/disque-dembrayage-a-v-renault-o250-33-cannelures\\\/\",\"url\":\"https:\\\/\\\/edel.fr\\\/produit\\\/disque-dembrayage-a-v-renault-o250-33-cannelures\\\/\",\"name\":\"Disque d'embrayage - AV. - Renault - \u00d8250 - 33 cannelures - Edel\",\"isPartOf\":{\"@id\":\"http:\\\/\\\/www.edel.fr\\\/en\\\/#website\"},\"primaryImageOfPage\":{\"@id\":\"https:\\\/\\\/edel.fr\\\/produit\\\/disque-dembrayage-a-v-renault-o250-33-cannelures\\\/#primaryimage\"},\"image\":{\"@id\":\"https:\\\/\\\/edel.fr\\\/produit\\\/disque-dembrayage-a-v-renault-o250-33-cannelures\\\/#primaryimage\"},\"thumbnailUrl\":\"https:\\\/\\\/www.edel.fr\\\/uploads\\\/2020\\\/09\\\/1522530017.jpg\",\"datePublished\":\"2020-09-16T13:07:23+00:00\",\"dateModified\":\"2026-03-27T01:00:57+00:00\",\"breadcrumb\":{\"@id\":\"https:\\\/\\\/edel.fr\\\/produit\\\/disque-dembrayage-a-v-renault-o250-33-cannelures\\\/#breadcrumb\"},\"inLanguage\":\"en-US\",\"potentialAction\":[{\"@type\":\"ReadAction\",\"target\":[\"https:\\\/\\\/edel.fr\\\/produit\\\/disque-dembrayage-a-v-renault-o250-33-cannelures\\\/\"]}]},{\"@type\":\"ImageObject\",\"inLanguage\":\"en-US\",\"@id\":\"https:\\\/\\\/edel.fr\\\/produit\\\/disque-dembrayage-a-v-renault-o250-33-cannelures\\\/#primaryimage\",\"url\":\"https:\\\/\\\/www.edel.fr\\\/uploads\\\/2020\\\/09\\\/1522530017.jpg\",\"contentUrl\":\"https:\\\/\\\/www.edel.fr\\\/uploads\\\/2020\\\/09\\\/1522530017.jpg\",\"width\":1512,\"height\":1512,\"caption\":\"Disque d'embrayage - AV. - Renault - \u00d8250 - 33 cannelures\"},{\"@type\":\"BreadcrumbList\",\"@id\":\"https:\\\/\\\/edel.fr\\\/produit\\\/disque-dembrayage-a-v-renault-o250-33-cannelures\\\/#breadcrumb\",\"itemListElement\":[{\"@type\":\"ListItem\",\"position\":1,\"name\":\"Pi\u00e8ce Tracteur\",\"item\":\"http:\\\/\\\/www.edel.fr\\\/en\\\/\"},{\"@type\":\"ListItem\",\"position\":2,\"name\":\"Toutes nos pi\u00e8ces Tracteur\",\"item\":\"https:\\\/\\\/edel.fr\\\/shop\\\/\"},{\"@type\":\"ListItem\",\"position\":3,\"name\":\"Disque d&#8217;embrayage &#8211; AV. &#8211; Renault &#8211; \u00d8250 &#8211; 33 cannelures\"}]},{\"@type\":\"WebSite\",\"@id\":\"http:\\\/\\\/www.edel.fr\\\/en\\\/#website\",\"url\":\"http:\\\/\\\/www.edel.fr\\\/en\\\/\",\"name\":\"Edel\",\"description\":\"Pi\u00e8ce d\u00e9tach\u00e9e de Tracteur Agricole\",\"publisher\":{\"@id\":\"http:\\\/\\\/www.edel.fr\\\/en\\\/#organization\"},\"potentialAction\":[{\"@type\":\"SearchAction\",\"target\":{\"@type\":\"EntryPoint\",\"urlTemplate\":\"http:\\\/\\\/www.edel.fr\\\/en\\\/?s={search_term_string}\"},\"query-input\":{\"@type\":\"PropertyValueSpecification\",\"valueRequired\":true,\"valueName\":\"search_term_string\"}}],\"inLanguage\":\"en-US\"},{\"@type\":\"Organization\",\"@id\":\"http:\\\/\\\/www.edel.fr\\\/en\\\/#organization\",\"name\":\"Edel\",\"url\":\"http:\\\/\\\/www.edel.fr\\\/en\\\/\",\"logo\":{\"@type\":\"ImageObject\",\"inLanguage\":\"en-US\",\"@id\":\"http:\\\/\\\/www.edel.fr\\\/en\\\/#\\\/schema\\\/logo\\\/image\\\/\",\"url\":\"https:\\\/\\\/www.edel.fr\\\/uploads\\\/2018\\\/11\\\/logo-edel.png\",\"contentUrl\":\"https:\\\/\\\/www.edel.fr\\\/uploads\\\/2018\\\/11\\\/logo-edel.png\",\"width\":257,\"height\":68,\"caption\":\"Edel\"},\"image\":{\"@id\":\"http:\\\/\\\/www.edel.fr\\\/en\\\/#\\\/schema\\\/logo\\\/image\\\/\"}}]}<\/script>\n<!-- \/ Yoast SEO plugin. -->","yoast_head_json":{"title":"Disque d'embrayage - AV. - Renault - \u00d8250 - 33 cannelures - Edel","robots":{"index":"index","follow":"follow","max-snippet":"max-snippet:-1","max-image-preview":"max-image-preview:large","max-video-preview":"max-video-preview:-1"},"canonical":"https:\/\/edel.fr\/produit\/disque-dembrayage-a-v-renault-o250-33-cannelures\/","og_locale":"en_US","og_type":"article","og_title":"Disque d'embrayage - AV. - Renault - \u00d8250 - 33 cannelures - Edel","og_description":"DISQUE D&rsquo;AVANCEMENT \u2013 RENAULT -\u2300250 &#8211; 33 CANNELURES Information du produit : Pour Renault R301, R351, R361, R421, R461, R50, R51, R53, R55, R56, R57, R58, R60, R70&#8230; Attention, existe aussi la\u00a0variante en 10 cannelures.\u00a0","og_url":"https:\/\/edel.fr\/produit\/disque-dembrayage-a-v-renault-o250-33-cannelures\/","og_site_name":"Edel","article_modified_time":"2026-03-27T01:00:57+00:00","og_image":[{"width":1512,"height":1512,"url":"https:\/\/edel.fr\/uploads\/2020\/09\/1522530017.jpg","type":"image\/jpeg"}],"twitter_card":"summary_large_image","twitter_misc":{"Est. reading time":"1 minute"},"schema":{"@context":"https:\/\/schema.org","@graph":[{"@type":"WebPage","@id":"https:\/\/edel.fr\/produit\/disque-dembrayage-a-v-renault-o250-33-cannelures\/","url":"https:\/\/edel.fr\/produit\/disque-dembrayage-a-v-renault-o250-33-cannelures\/","name":"Disque d'embrayage - AV. - Renault - \u00d8250 - 33 cannelures - Edel","isPartOf":{"@id":"http:\/\/www.edel.fr\/en\/#website"},"primaryImageOfPage":{"@id":"https:\/\/edel.fr\/produit\/disque-dembrayage-a-v-renault-o250-33-cannelures\/#primaryimage"},"image":{"@id":"https:\/\/edel.fr\/produit\/disque-dembrayage-a-v-renault-o250-33-cannelures\/#primaryimage"},"thumbnailUrl":"https:\/\/www.edel.fr\/uploads\/2020\/09\/1522530017.jpg","datePublished":"2020-09-16T13:07:23+00:00","dateModified":"2026-03-27T01:00:57+00:00","breadcrumb":{"@id":"https:\/\/edel.fr\/produit\/disque-dembrayage-a-v-renault-o250-33-cannelures\/#breadcrumb"},"inLanguage":"en-US","potentialAction":[{"@type":"ReadAction","target":["https:\/\/edel.fr\/produit\/disque-dembrayage-a-v-renault-o250-33-cannelures\/"]}]},{"@type":"ImageObject","inLanguage":"en-US","@id":"https:\/\/edel.fr\/produit\/disque-dembrayage-a-v-renault-o250-33-cannelures\/#primaryimage","url":"https:\/\/www.edel.fr\/uploads\/2020\/09\/1522530017.jpg","contentUrl":"https:\/\/www.edel.fr\/uploads\/2020\/09\/1522530017.jpg","width":1512,"height":1512,"caption":"Disque d'embrayage - AV. - Renault - \u00d8250 - 33 cannelures"},{"@type":"BreadcrumbList","@id":"https:\/\/edel.fr\/produit\/disque-dembrayage-a-v-renault-o250-33-cannelures\/#breadcrumb","itemListElement":[{"@type":"ListItem","position":1,"name":"Pi\u00e8ce Tracteur","item":"http:\/\/www.edel.fr\/en\/"},{"@type":"ListItem","position":2,"name":"Toutes nos pi\u00e8ces Tracteur","item":"https:\/\/edel.fr\/shop\/"},{"@type":"ListItem","position":3,"name":"Disque d&#8217;embrayage &#8211; AV. &#8211; Renault &#8211; \u00d8250 &#8211; 33 cannelures"}]},{"@type":"WebSite","@id":"http:\/\/www.edel.fr\/en\/#website","url":"http:\/\/www.edel.fr\/en\/","name":"Edel","description":"Pi\u00e8ce d\u00e9tach\u00e9e de Tracteur Agricole","publisher":{"@id":"http:\/\/www.edel.fr\/en\/#organization"},"potentialAction":[{"@type":"SearchAction","target":{"@type":"EntryPoint","urlTemplate":"http:\/\/www.edel.fr\/en\/?s={search_term_string}"},"query-input":{"@type":"PropertyValueSpecification","valueRequired":true,"valueName":"search_term_string"}}],"inLanguage":"en-US"},{"@type":"Organization","@id":"http:\/\/www.edel.fr\/en\/#organization","name":"Edel","url":"http:\/\/www.edel.fr\/en\/","logo":{"@type":"ImageObject","inLanguage":"en-US","@id":"http:\/\/www.edel.fr\/en\/#\/schema\/logo\/image\/","url":"https:\/\/www.edel.fr\/uploads\/2018\/11\/logo-edel.png","contentUrl":"https:\/\/www.edel.fr\/uploads\/2018\/11\/logo-edel.png","width":257,"height":68,"caption":"Edel"},"image":{"@id":"http:\/\/www.edel.fr\/en\/#\/schema\/logo\/image\/"}}]}},"_links":{"self":[{"href":"https:\/\/www.edel.fr\/en\/wp-json\/wp\/v2\/product\/7014","targetHints":{"allow":["GET"]}}],"collection":[{"href":"https:\/\/www.edel.fr\/en\/wp-json\/wp\/v2\/product"}],"about":[{"href":"https:\/\/www.edel.fr\/en\/wp-json\/wp\/v2\/types\/product"}],"version-history":[{"count":2,"href":"https:\/\/www.edel.fr\/en\/wp-json\/wp\/v2\/product\/7014\/revisions"}],"predecessor-version":[{"id":14691,"href":"https:\/\/www.edel.fr\/en\/wp-json\/wp\/v2\/product\/7014\/revisions\/14691"}],"wp:featuredmedia":[{"embeddable":true,"href":"https:\/\/www.edel.fr\/en\/wp-json\/wp\/v2\/media\/11693"}],"wp:attachment":[{"href":"https:\/\/www.edel.fr\/en\/wp-json\/wp\/v2\/media?parent=7014"}],"wp:term":[{"taxonomy":"product_brand","embeddable":true,"href":"https:\/\/www.edel.fr\/en\/wp-json\/wp\/v2\/product_brand?post=7014"},{"taxonomy":"product_cat","embeddable":true,"href":"https:\/\/www.edel.fr\/en\/wp-json\/wp\/v2\/product_cat?post=7014"},{"taxonomy":"product_tag","embeddable":true,"href":"https:\/\/www.edel.fr\/en\/wp-json\/wp\/v2\/product_tag?post=7014"},{"taxonomy":"tracteur","embeddable":true,"href":"https:\/\/www.edel.fr\/en\/wp-json\/wp\/v2\/tracteur?post=7014"}],"curies":[{"name":"wp","href":"https:\/\/api.w.org\/{rel}","templated":true}]}}