{"id":6003,"date":"2019-03-11T09:24:57","date_gmt":"2019-03-11T08:24:57","guid":{"rendered":"http:\/\/edel.stephanie.ct.webcd.lan\/shop\/kit-complet-mecanisme-double-6-leviers-disque-av-2-butees-et-roulement-pilote-zetor-o280-28-18-cannelures\/"},"modified":"2025-11-05T21:05:28","modified_gmt":"2025-11-05T20:05:28","slug":"kit-complet-mecanisme-double-6-leviers-disque-av-2-butees-et-roulement-pilote-zetor-o280-28-18-cannelures","status":"publish","type":"product","link":"https:\/\/www.edel.fr\/en\/product\/kit-complet-mecanisme-double-6-leviers-disque-av-2-butees-et-roulement-pilote-zetor-o280-28-18-cannelures\/","title":{"rendered":"Kit Embrayage Zetor 4718 4918 5011 5211 5711 5911 6011"},"content":{"rendered":"<div data-elementor-type=\"wp-post\" data-elementor-id=\"6003\" class=\"elementor elementor-6003\">\n\t\t\t\t\t\t<section class=\"elementor-section elementor-top-section elementor-element elementor-element-2507d3d elementor-section-boxed elementor-section-height-default elementor-section-height-default\" data-id=\"2507d3d\" data-element_type=\"section\" data-e-type=\"section\">\n\t\t\t\t\t\t<div class=\"elementor-container elementor-column-gap-default\">\n\t\t\t\t\t<div class=\"elementor-column elementor-col-100 elementor-top-column elementor-element elementor-element-395fe8e\" data-id=\"395fe8e\" data-element_type=\"column\" data-e-type=\"column\">\n\t\t\t<div class=\"elementor-widget-wrap elementor-element-populated\">\n\t\t\t\t\t\t<div class=\"elementor-element elementor-element-466de61 elementor-widget elementor-widget-heading\" data-id=\"466de61\" data-element_type=\"widget\" data-e-type=\"widget\" data-widget_type=\"heading.default\">\n\t\t\t\t<div class=\"elementor-widget-container\">\n\t\t\t\t\t<h2 class=\"elementor-heading-title elementor-size-default\">KIT embrayage complet - zetor series 4000, 5000, 6000, 7000<br><br>\u00d8 280 \/ 280 MM - 28 \/ 18 Cannelures<\/h2>\t\t\t\t<\/div>\n\t\t\t\t<\/div>\n\t\t\t\t\t<\/div>\n\t\t<\/div>\n\t\t\t\t\t<\/div>\n\t\t<\/section>\n\t\t\t\t<section class=\"elementor-section elementor-top-section elementor-element elementor-element-7dd076a elementor-section-boxed elementor-section-height-default elementor-section-height-default\" data-id=\"7dd076a\" data-element_type=\"section\" data-e-type=\"section\">\n\t\t\t\t\t\t<div class=\"elementor-container elementor-column-gap-default\">\n\t\t\t\t\t<div class=\"elementor-column elementor-col-100 elementor-top-column elementor-element elementor-element-59fdb18\" data-id=\"59fdb18\" data-element_type=\"column\" data-e-type=\"column\">\n\t\t\t<div class=\"elementor-widget-wrap elementor-element-populated\">\n\t\t\t\t\t\t<div class=\"elementor-element elementor-element-c86c47c elementor-widget elementor-widget-heading\" data-id=\"c86c47c\" data-element_type=\"widget\" data-e-type=\"widget\" data-widget_type=\"heading.default\">\n\t\t\t\t<div class=\"elementor-widget-container\">\n\t\t\t\t\t<h3 class=\"elementor-heading-title elementor-size-default\">Information du produit :<\/h3>\t\t\t\t<\/div>\n\t\t\t\t<\/div>\n\t\t\t\t\t<\/div>\n\t\t<\/div>\n\t\t\t\t\t<\/div>\n\t\t<\/section>\n\t\t\t\t<section class=\"elementor-section elementor-top-section elementor-element elementor-element-6d0b5d14 elementor-section-boxed elementor-section-height-default elementor-section-height-default\" data-id=\"6d0b5d14\" data-element_type=\"section\" data-e-type=\"section\">\n\t\t\t\t\t\t<div class=\"elementor-container elementor-column-gap-default\">\n\t\t\t\t\t<div class=\"elementor-column elementor-col-100 elementor-top-column elementor-element elementor-element-380cd994\" data-id=\"380cd994\" data-element_type=\"column\" data-e-type=\"column\">\n\t\t\t<div class=\"elementor-widget-wrap elementor-element-populated\">\n\t\t\t\t\t\t<div class=\"elementor-element elementor-element-22d58fb4 elementor-widget elementor-widget-text-editor\" data-id=\"22d58fb4\" data-element_type=\"widget\" data-e-type=\"widget\" data-widget_type=\"text-editor.default\">\n\t\t\t\t<div class=\"elementor-widget-container\">\n\t\t\t\t\t\t\t\t\t<p><a href=\"https:\/\/www.edel.fr\/en\/marque\/zetor\/\" rel=\"tag\">Zetor<\/a> &#8211; 4340, 4341, 4711, 4718, 4918, 5011, 5211, 5711, 5911, 5918, 6011, 6211, 6245, 6711, 6748, 6911, 7011, 7045, 7211, 7245, 7711, 7745.<\/p>\n<p style=\"margin: 0cm 0cm 18pt;background-image: initial;background-position: initial;background-size: initial;background-attachment: initial\"><span style=\"font-size: 11.5pt;font-family: Rubik, serif\">Comprend le m\u00e9canisme d&#8217;embrayage avec\ndisque d&rsquo;avancement organique, le disque de prise de force, les 2 but\u00e9es et le\nroulement pilote.<\/span><\/p>\n<p>Le kit d\u2019embrayage tracteur agricole est compos\u00e9 d\u2019un m\u00e9canisme, de deux disques, deux but\u00e9es et du roulement pilote.<\/p>\n<p>De plus le kit complet comprend la totalit\u00e9 des pi\u00e8ces \u00e0 changer en atelier. Cependant les pi\u00e8ces de rechange qui le composent sont rigoureusement s\u00e9lectionn\u00e9es pour leur qualit\u00e9 et leur fiabilit\u00e9.&nbsp;<\/p>\n<p>Toutefois choisir de remplacer une pi\u00e8ce au d\u00e9tail peut s\u2019av\u00e9rer \u00eatre moins avantageux que de remplacer un ensemble complet. Nos kits se distinguent par la qualit\u00e9 de nos but\u00e9es d\u2019embrayages et roulements pilotes. Une but\u00e9e adaptable qui grippe conduit irr\u00e9m\u00e9diablement \u00e0 la destruction du m\u00e9canisme.<\/p>\n<p>Car pour le montage d\u2019un kit d\u2019embrayage agricole, les pi\u00e8ces p\u00e9riph\u00e9riques doivent proc\u00e9der \u00e0 un examen minutieux. Notamment, le volant moteur et les diff\u00e9rents joints spi.<\/p>\n<p>En effet, pour le syst\u00e8me de commande, une vigilance particuli\u00e8re est \u00e0 porter au c\u00e2ble, a la tringlerie et au circuit hydraulique. En cas de doute, ces composants doivent absolument \u00eatre remis \u00e0 niveau pour permettre le parfait fonctionnement de l\u2019embrayage.<\/p>\n<p>Bien s\u00fbr, pour plus de renseignements, n&rsquo;h\u00e9sitez pas \u00e0 nous consulter !<\/p>\t\t\t\t\t\t\t\t<\/div>\n\t\t\t\t<\/div>\n\t\t\t\t\t<\/div>\n\t\t<\/div>\n\t\t\t\t\t<\/div>\n\t\t<\/section>\n\t\t\t\t<\/div>","protected":false},"excerpt":{"rendered":"<p>KIT embrayage complet &#8211; zetor series 4000, 5000, 6000, 7000 \u00d8 280 \/ 280 MM &#8211; 28 \/ 18 Cannelures Information du produit : Zetor &#8211; 4340, 4341, 4711, 4718, 4918, 5011, 5211, 5711, 5911, 5918, 6011, 6211, 6245, 6711, 6748, 6911, 7011, 7045, 7211, 7245, 7711, 7745. Comprend le m\u00e9canisme d&#8217;embrayage avec disque d&rsquo;avancement<br \/><a class=\"more-link\" href=\"https:\/\/www.edel.fr\/en\/product\/kit-complet-mecanisme-double-6-leviers-disque-av-2-butees-et-roulement-pilote-zetor-o280-28-18-cannelures\/\"><br \/>\n        Read More<span class=\"screen-reader-text\"> \u00ab\u00a0Kit Embrayage Zetor 4718 4918 5011 5211 5711 5911 6011\u00a0\u00bb<\/span><\/a><\/p>","protected":false},"featured_media":4206,"template":"","meta":[],"product_brand":[],"product_cat":[1141,3951,119,120],"product_tag":[143,124],"tracteur":[],"class_list":{"0":"post-6003","1":"product","2":"type-product","3":"status-publish","4":"has-post-thumbnail","6":"product_cat-kits-dembrayage","7":"product_cat-zetor","8":"product_cat-tracteurs-agricoles","9":"product_cat-transmissions","10":"product_tag-kits-dembrayage","11":"product_tag-transmissions","12":"product_shipping_class-142","13":"pa_fabriquant-selection-edel","14":"pa_marque-tracteur-zetor","15":"pa_type-2-2813","16":"pa_type-2-1404","17":"pa_type-2-2814","18":"pa_type-2-1907","19":"pa_type-2-2448","20":"pa_type-2-1255","21":"pa_type-2-2449","22":"pa_type-2-2450","23":"pa_type-2-1256","24":"pa_type-2-2451","25":"pa_type-2-2452","26":"pa_type-2-2453","27":"pa_type-2-1257","28":"pa_type-2-2454","29":"pa_type-2-1914","30":"pa_type-2-2455","31":"pa_type-2-1915","32":"pa_type-2-1259","33":"pa_type-2-2456","34":"pa_type-2-1260","35":"pa_type-2-2457","36":"pa_type-2-2458","37":"badges-style-2","39":"first","40":"instock","41":"taxable","42":"shipping-taxable","43":"purchasable","44":"product-type-simple"},"acf":[],"yoast_head":"<!-- This site is optimized with the Yoast SEO plugin v27.4 - https:\/\/yoast.com\/product\/yoast-seo-wordpress\/ -->\n<title>Kit Embrayage Zetor 4718 4918 5011 5211 5711 5911 6011 - Edel<\/title>\n<meta name=\"description\" content=\"Embrayage Zetor Kit Complet - 6 leviers, disque AV. 2 but\u00e9es et roulement pilote - \u00d8280 - 5918 6011 6211 6245 6711 6748 6911 7011 7045 7211 7245 7711 7745\" \/>\n<meta name=\"robots\" content=\"index, follow, max-snippet:-1, max-image-preview:large, max-video-preview:-1\" \/>\n<link rel=\"canonical\" href=\"http:\/\/www.edel.fr\/en\/product\/kit-complet-mecanisme-double-6-leviers-disque-av-2-butees-et-roulement-pilote-zetor-o280-28-18-cannelures\/\" \/>\n<meta property=\"og:locale\" content=\"en_US\" \/>\n<meta property=\"og:type\" content=\"article\" \/>\n<meta property=\"og:title\" content=\"Kit Embrayage Zetor 4718 4918 5011 5211 5711 5911 6011 - Edel\" \/>\n<meta property=\"og:description\" content=\"Embrayage Zetor Kit Complet - 6 leviers, disque AV. 2 but\u00e9es et roulement pilote - \u00d8280 - 5918 6011 6211 6245 6711 6748 6911 7011 7045 7211 7245 7711 7745\" \/>\n<meta property=\"og:url\" content=\"http:\/\/www.edel.fr\/en\/product\/kit-complet-mecanisme-double-6-leviers-disque-av-2-butees-et-roulement-pilote-zetor-o280-28-18-cannelures\/\" \/>\n<meta property=\"og:site_name\" content=\"Edel\" \/>\n<meta property=\"article:modified_time\" content=\"2025-11-05T20:05:28+00:00\" \/>\n<meta property=\"og:image\" content=\"http:\/\/www.edel.fr\/uploads\/2018\/11\/K55.jpg\" \/>\n\t<meta property=\"og:image:width\" content=\"1920\" \/>\n\t<meta property=\"og:image:height\" content=\"1920\" \/>\n\t<meta property=\"og:image:type\" content=\"image\/jpeg\" \/>\n<meta name=\"twitter:card\" content=\"summary_large_image\" \/>\n<meta name=\"twitter:label1\" content=\"Est. reading time\" \/>\n\t<meta name=\"twitter:data1\" content=\"2 minutes\" \/>\n<script type=\"application\/ld+json\" class=\"yoast-schema-graph\">{\"@context\":\"https:\\\/\\\/schema.org\",\"@graph\":[{\"@type\":\"WebPage\",\"@id\":\"http:\\\/\\\/www.edel.fr\\\/produit\\\/kit-complet-mecanisme-double-6-leviers-disque-av-2-butees-et-roulement-pilote-zetor-o280-28-18-cannelures\\\/\",\"url\":\"http:\\\/\\\/www.edel.fr\\\/produit\\\/kit-complet-mecanisme-double-6-leviers-disque-av-2-butees-et-roulement-pilote-zetor-o280-28-18-cannelures\\\/\",\"name\":\"Kit Embrayage Zetor 4718 4918 5011 5211 5711 5911 6011 - Edel\",\"isPartOf\":{\"@id\":\"https:\\\/\\\/www.edel.fr\\\/#website\"},\"primaryImageOfPage\":{\"@id\":\"http:\\\/\\\/www.edel.fr\\\/produit\\\/kit-complet-mecanisme-double-6-leviers-disque-av-2-butees-et-roulement-pilote-zetor-o280-28-18-cannelures\\\/#primaryimage\"},\"image\":{\"@id\":\"http:\\\/\\\/www.edel.fr\\\/produit\\\/kit-complet-mecanisme-double-6-leviers-disque-av-2-butees-et-roulement-pilote-zetor-o280-28-18-cannelures\\\/#primaryimage\"},\"thumbnailUrl\":\"https:\\\/\\\/www.edel.fr\\\/uploads\\\/2018\\\/11\\\/K55.jpg\",\"datePublished\":\"2019-03-11T08:24:57+00:00\",\"dateModified\":\"2025-11-05T20:05:28+00:00\",\"description\":\"Embrayage Zetor Kit Complet - 6 leviers, disque AV. 2 but\u00e9es et roulement pilote - \u00d8280 - 5918 6011 6211 6245 6711 6748 6911 7011 7045 7211 7245 7711 7745\",\"breadcrumb\":{\"@id\":\"http:\\\/\\\/www.edel.fr\\\/produit\\\/kit-complet-mecanisme-double-6-leviers-disque-av-2-butees-et-roulement-pilote-zetor-o280-28-18-cannelures\\\/#breadcrumb\"},\"inLanguage\":\"en-US\",\"potentialAction\":[{\"@type\":\"ReadAction\",\"target\":[\"http:\\\/\\\/www.edel.fr\\\/produit\\\/kit-complet-mecanisme-double-6-leviers-disque-av-2-butees-et-roulement-pilote-zetor-o280-28-18-cannelures\\\/\"]}]},{\"@type\":\"ImageObject\",\"inLanguage\":\"en-US\",\"@id\":\"http:\\\/\\\/www.edel.fr\\\/produit\\\/kit-complet-mecanisme-double-6-leviers-disque-av-2-butees-et-roulement-pilote-zetor-o280-28-18-cannelures\\\/#primaryimage\",\"url\":\"https:\\\/\\\/www.edel.fr\\\/uploads\\\/2018\\\/11\\\/K55.jpg\",\"contentUrl\":\"https:\\\/\\\/www.edel.fr\\\/uploads\\\/2018\\\/11\\\/K55.jpg\",\"width\":1920,\"height\":1920,\"caption\":\"Kit Embrayage Zetor Complet\"},{\"@type\":\"BreadcrumbList\",\"@id\":\"http:\\\/\\\/www.edel.fr\\\/produit\\\/kit-complet-mecanisme-double-6-leviers-disque-av-2-butees-et-roulement-pilote-zetor-o280-28-18-cannelures\\\/#breadcrumb\",\"itemListElement\":[{\"@type\":\"ListItem\",\"position\":1,\"name\":\"Pi\u00e8ce Tracteur\",\"item\":\"https:\\\/\\\/www.edel.fr\\\/\"},{\"@type\":\"ListItem\",\"position\":2,\"name\":\"Toutes nos pi\u00e8ces Tracteur\",\"item\":\"http:\\\/\\\/www.edel.fr\\\/shop\\\/\"},{\"@type\":\"ListItem\",\"position\":3,\"name\":\"Kit Embrayage Zetor 4718 4918 5011 5211 5711 5911 6011\"}]},{\"@type\":\"WebSite\",\"@id\":\"https:\\\/\\\/www.edel.fr\\\/#website\",\"url\":\"https:\\\/\\\/www.edel.fr\\\/\",\"name\":\"Edel\",\"description\":\"Pi\u00e8ce d\u00e9tach\u00e9e de Tracteur Agricole\",\"publisher\":{\"@id\":\"https:\\\/\\\/www.edel.fr\\\/#organization\"},\"potentialAction\":[{\"@type\":\"SearchAction\",\"target\":{\"@type\":\"EntryPoint\",\"urlTemplate\":\"https:\\\/\\\/www.edel.fr\\\/?s={search_term_string}\"},\"query-input\":{\"@type\":\"PropertyValueSpecification\",\"valueRequired\":true,\"valueName\":\"search_term_string\"}}],\"inLanguage\":\"en-US\"},{\"@type\":\"Organization\",\"@id\":\"https:\\\/\\\/www.edel.fr\\\/#organization\",\"name\":\"Edel\",\"url\":\"https:\\\/\\\/www.edel.fr\\\/\",\"logo\":{\"@type\":\"ImageObject\",\"inLanguage\":\"en-US\",\"@id\":\"https:\\\/\\\/www.edel.fr\\\/#\\\/schema\\\/logo\\\/image\\\/\",\"url\":\"https:\\\/\\\/www.edel.fr\\\/uploads\\\/2018\\\/11\\\/logo-edel.png\",\"contentUrl\":\"https:\\\/\\\/www.edel.fr\\\/uploads\\\/2018\\\/11\\\/logo-edel.png\",\"width\":257,\"height\":68,\"caption\":\"Edel\"},\"image\":{\"@id\":\"https:\\\/\\\/www.edel.fr\\\/#\\\/schema\\\/logo\\\/image\\\/\"}}]}<\/script>\n<!-- \/ Yoast SEO plugin. -->","yoast_head_json":{"title":"Kit Embrayage Zetor 4718 4918 5011 5211 5711 5911 6011 - Edel","description":"Embrayage Zetor Kit Complet - 6 leviers, disque AV. 2 but\u00e9es et roulement pilote - \u00d8280 - 5918 6011 6211 6245 6711 6748 6911 7011 7045 7211 7245 7711 7745","robots":{"index":"index","follow":"follow","max-snippet":"max-snippet:-1","max-image-preview":"max-image-preview:large","max-video-preview":"max-video-preview:-1"},"canonical":"http:\/\/www.edel.fr\/en\/product\/kit-complet-mecanisme-double-6-leviers-disque-av-2-butees-et-roulement-pilote-zetor-o280-28-18-cannelures\/","og_locale":"en_US","og_type":"article","og_title":"Kit Embrayage Zetor 4718 4918 5011 5211 5711 5911 6011 - Edel","og_description":"Embrayage Zetor Kit Complet - 6 leviers, disque AV. 2 but\u00e9es et roulement pilote - \u00d8280 - 5918 6011 6211 6245 6711 6748 6911 7011 7045 7211 7245 7711 7745","og_url":"http:\/\/www.edel.fr\/en\/product\/kit-complet-mecanisme-double-6-leviers-disque-av-2-butees-et-roulement-pilote-zetor-o280-28-18-cannelures\/","og_site_name":"Edel","article_modified_time":"2025-11-05T20:05:28+00:00","og_image":[{"width":1920,"height":1920,"url":"http:\/\/www.edel.fr\/uploads\/2018\/11\/K55.jpg","type":"image\/jpeg"}],"twitter_card":"summary_large_image","twitter_misc":{"Est. reading time":"2 minutes"},"schema":{"@context":"https:\/\/schema.org","@graph":[{"@type":"WebPage","@id":"http:\/\/www.edel.fr\/produit\/kit-complet-mecanisme-double-6-leviers-disque-av-2-butees-et-roulement-pilote-zetor-o280-28-18-cannelures\/","url":"http:\/\/www.edel.fr\/produit\/kit-complet-mecanisme-double-6-leviers-disque-av-2-butees-et-roulement-pilote-zetor-o280-28-18-cannelures\/","name":"Kit Embrayage Zetor 4718 4918 5011 5211 5711 5911 6011 - Edel","isPartOf":{"@id":"https:\/\/www.edel.fr\/#website"},"primaryImageOfPage":{"@id":"http:\/\/www.edel.fr\/produit\/kit-complet-mecanisme-double-6-leviers-disque-av-2-butees-et-roulement-pilote-zetor-o280-28-18-cannelures\/#primaryimage"},"image":{"@id":"http:\/\/www.edel.fr\/produit\/kit-complet-mecanisme-double-6-leviers-disque-av-2-butees-et-roulement-pilote-zetor-o280-28-18-cannelures\/#primaryimage"},"thumbnailUrl":"https:\/\/www.edel.fr\/uploads\/2018\/11\/K55.jpg","datePublished":"2019-03-11T08:24:57+00:00","dateModified":"2025-11-05T20:05:28+00:00","description":"Embrayage Zetor Kit Complet - 6 leviers, disque AV. 2 but\u00e9es et roulement pilote - \u00d8280 - 5918 6011 6211 6245 6711 6748 6911 7011 7045 7211 7245 7711 7745","breadcrumb":{"@id":"http:\/\/www.edel.fr\/produit\/kit-complet-mecanisme-double-6-leviers-disque-av-2-butees-et-roulement-pilote-zetor-o280-28-18-cannelures\/#breadcrumb"},"inLanguage":"en-US","potentialAction":[{"@type":"ReadAction","target":["http:\/\/www.edel.fr\/produit\/kit-complet-mecanisme-double-6-leviers-disque-av-2-butees-et-roulement-pilote-zetor-o280-28-18-cannelures\/"]}]},{"@type":"ImageObject","inLanguage":"en-US","@id":"http:\/\/www.edel.fr\/produit\/kit-complet-mecanisme-double-6-leviers-disque-av-2-butees-et-roulement-pilote-zetor-o280-28-18-cannelures\/#primaryimage","url":"https:\/\/www.edel.fr\/uploads\/2018\/11\/K55.jpg","contentUrl":"https:\/\/www.edel.fr\/uploads\/2018\/11\/K55.jpg","width":1920,"height":1920,"caption":"Kit Embrayage Zetor Complet"},{"@type":"BreadcrumbList","@id":"http:\/\/www.edel.fr\/produit\/kit-complet-mecanisme-double-6-leviers-disque-av-2-butees-et-roulement-pilote-zetor-o280-28-18-cannelures\/#breadcrumb","itemListElement":[{"@type":"ListItem","position":1,"name":"Pi\u00e8ce Tracteur","item":"https:\/\/www.edel.fr\/"},{"@type":"ListItem","position":2,"name":"Toutes nos pi\u00e8ces Tracteur","item":"http:\/\/www.edel.fr\/shop\/"},{"@type":"ListItem","position":3,"name":"Kit Embrayage Zetor 4718 4918 5011 5211 5711 5911 6011"}]},{"@type":"WebSite","@id":"https:\/\/www.edel.fr\/#website","url":"https:\/\/www.edel.fr\/","name":"Edel","description":"Pi\u00e8ce d\u00e9tach\u00e9e de Tracteur Agricole","publisher":{"@id":"https:\/\/www.edel.fr\/#organization"},"potentialAction":[{"@type":"SearchAction","target":{"@type":"EntryPoint","urlTemplate":"https:\/\/www.edel.fr\/?s={search_term_string}"},"query-input":{"@type":"PropertyValueSpecification","valueRequired":true,"valueName":"search_term_string"}}],"inLanguage":"en-US"},{"@type":"Organization","@id":"https:\/\/www.edel.fr\/#organization","name":"Edel","url":"https:\/\/www.edel.fr\/","logo":{"@type":"ImageObject","inLanguage":"en-US","@id":"https:\/\/www.edel.fr\/#\/schema\/logo\/image\/","url":"https:\/\/www.edel.fr\/uploads\/2018\/11\/logo-edel.png","contentUrl":"https:\/\/www.edel.fr\/uploads\/2018\/11\/logo-edel.png","width":257,"height":68,"caption":"Edel"},"image":{"@id":"https:\/\/www.edel.fr\/#\/schema\/logo\/image\/"}}]}},"_links":{"self":[{"href":"https:\/\/www.edel.fr\/en\/wp-json\/wp\/v2\/product\/6003","targetHints":{"allow":["GET"]}}],"collection":[{"href":"https:\/\/www.edel.fr\/en\/wp-json\/wp\/v2\/product"}],"about":[{"href":"https:\/\/www.edel.fr\/en\/wp-json\/wp\/v2\/types\/product"}],"version-history":[{"count":2,"href":"https:\/\/www.edel.fr\/en\/wp-json\/wp\/v2\/product\/6003\/revisions"}],"predecessor-version":[{"id":15017,"href":"https:\/\/www.edel.fr\/en\/wp-json\/wp\/v2\/product\/6003\/revisions\/15017"}],"wp:featuredmedia":[{"embeddable":true,"href":"https:\/\/www.edel.fr\/en\/wp-json\/wp\/v2\/media\/4206"}],"wp:attachment":[{"href":"https:\/\/www.edel.fr\/en\/wp-json\/wp\/v2\/media?parent=6003"}],"wp:term":[{"taxonomy":"product_brand","embeddable":true,"href":"https:\/\/www.edel.fr\/en\/wp-json\/wp\/v2\/product_brand?post=6003"},{"taxonomy":"product_cat","embeddable":true,"href":"https:\/\/www.edel.fr\/en\/wp-json\/wp\/v2\/product_cat?post=6003"},{"taxonomy":"product_tag","embeddable":true,"href":"https:\/\/www.edel.fr\/en\/wp-json\/wp\/v2\/product_tag?post=6003"},{"taxonomy":"tracteur","embeddable":true,"href":"https:\/\/www.edel.fr\/en\/wp-json\/wp\/v2\/tracteur?post=6003"}],"curies":[{"name":"wp","href":"https:\/\/api.w.org\/{rel}","templated":true}]}}