{"id":6000,"date":"2019-03-11T09:24:50","date_gmt":"2019-03-11T08:24:50","guid":{"rendered":"http:\/\/edel.stephanie.ct.webcd.lan\/shop\/kit-complet-mecanisme-simple-a-diaphragme-disque-av-organique-et-butee-lsh-lamborghini-same-hurlimann-o280-24-cannelures\/"},"modified":"2025-11-05T21:06:22","modified_gmt":"2025-11-05T20:06:22","slug":"kit-complet-mecanisme-simple-a-diaphragme-disque-av-organique-et-butee-lsh-lamborghini-same-hurlimann-o280-24-cannelures","status":"publish","type":"product","link":"https:\/\/www.edel.fr\/en\/product\/kit-complet-mecanisme-simple-a-diaphragme-disque-av-organique-et-butee-lsh-lamborghini-same-hurlimann-o280-24-cannelures\/","title":{"rendered":"Kit Embrayage Lsh Lamborghini Same H\u00fcrlimann Complet Tracteur"},"content":{"rendered":"<div data-elementor-type=\"wp-post\" data-elementor-id=\"6000\" class=\"elementor elementor-6000\">\n\t\t\t\t\t\t<section class=\"elementor-section elementor-top-section elementor-element elementor-element-013e6a4 elementor-section-boxed elementor-section-height-default elementor-section-height-default\" data-id=\"013e6a4\" data-element_type=\"section\" data-e-type=\"section\">\n\t\t\t\t\t\t<div class=\"elementor-container elementor-column-gap-default\">\n\t\t\t\t\t<div class=\"elementor-column elementor-col-100 elementor-top-column elementor-element elementor-element-e51f7b8\" data-id=\"e51f7b8\" data-element_type=\"column\" data-e-type=\"column\">\n\t\t\t<div class=\"elementor-widget-wrap elementor-element-populated\">\n\t\t\t\t\t\t<div class=\"elementor-element elementor-element-2510559 elementor-widget elementor-widget-heading\" data-id=\"2510559\" data-element_type=\"widget\" data-e-type=\"widget\" data-widget_type=\"heading.default\">\n\t\t\t\t<div class=\"elementor-widget-container\">\n\t\t\t\t\t<h2 class=\"elementor-heading-title elementor-size-default\">KIT COMPLET <br>M\u00c9CANISME SIMPLE \u00c0 DIAPHRAGME, DISQUE AV. ORGANIQUE ET BUT\u00c9E<br><br>\u00d8 280 MM \u2013 24 CANNELURES<\/h2>\t\t\t\t<\/div>\n\t\t\t\t<\/div>\n\t\t\t\t\t<\/div>\n\t\t<\/div>\n\t\t\t\t\t<\/div>\n\t\t<\/section>\n\t\t\t\t<section class=\"elementor-section elementor-top-section elementor-element elementor-element-9d4a0aa elementor-section-boxed elementor-section-height-default elementor-section-height-default\" data-id=\"9d4a0aa\" data-element_type=\"section\" data-e-type=\"section\">\n\t\t\t\t\t\t<div class=\"elementor-container elementor-column-gap-default\">\n\t\t\t\t\t<div class=\"elementor-column elementor-col-100 elementor-top-column elementor-element elementor-element-5c5de44\" data-id=\"5c5de44\" data-element_type=\"column\" data-e-type=\"column\">\n\t\t\t<div class=\"elementor-widget-wrap elementor-element-populated\">\n\t\t\t\t\t\t<div class=\"elementor-element elementor-element-8f64ec9 elementor-widget elementor-widget-heading\" data-id=\"8f64ec9\" data-element_type=\"widget\" data-e-type=\"widget\" data-widget_type=\"heading.default\">\n\t\t\t\t<div class=\"elementor-widget-container\">\n\t\t\t\t\t<h3 class=\"elementor-heading-title elementor-size-default\">Information du produit :<\/h3>\t\t\t\t<\/div>\n\t\t\t\t<\/div>\n\t\t\t\t\t<\/div>\n\t\t<\/div>\n\t\t\t\t\t<\/div>\n\t\t<\/section>\n\t\t\t\t<section class=\"elementor-section elementor-top-section elementor-element elementor-element-3e7e63c0 elementor-section-boxed elementor-section-height-default elementor-section-height-default\" data-id=\"3e7e63c0\" data-element_type=\"section\" data-e-type=\"section\">\n\t\t\t\t\t\t<div class=\"elementor-container elementor-column-gap-default\">\n\t\t\t\t\t<div class=\"elementor-column elementor-col-100 elementor-top-column elementor-element elementor-element-6083790\" data-id=\"6083790\" data-element_type=\"column\" data-e-type=\"column\">\n\t\t\t<div class=\"elementor-widget-wrap elementor-element-populated\">\n\t\t\t\t\t\t<div class=\"elementor-element elementor-element-7cf63e9e elementor-widget elementor-widget-text-editor\" data-id=\"7cf63e9e\" data-element_type=\"widget\" data-e-type=\"widget\" data-widget_type=\"text-editor.default\">\n\t\t\t\t<div class=\"elementor-widget-container\">\n\t\t\t\t\t\t\t\t\t<p>LSH LAMBORGHINI SAME HURLIMANN : Explorer 55, Explorer 50, Explorer 60, Explorer 65, Explorer 70, H356, H366, H466, H468, H656, H674, R 674, R 70.<\/p><p>Le kit d\u2019embrayage tracteur agricole est compos\u00e9 d\u2019un m\u00e9canisme, d\u2019un ou deux disques, d\u2019une ou deux but\u00e9es et du roulement pilote. De plus le kit complet comprend la totalit\u00e9 des pi\u00e8ces \u00e0 changer en atelier. Cependant les pi\u00e8ces de rechange qui le composent sont rigoureusement s\u00e9lectionn\u00e9es pour leur qualit\u00e9 et leur fiabilit\u00e9.\u00a0<\/p><p>Toutefois choisir de remplacer une pi\u00e8ce au d\u00e9tail peut s\u2019av\u00e9rer \u00eatre moins avantageux que de remplacer un ensemble complet. Nos kits se distinguent par la qualit\u00e9 de nos but\u00e9es d\u2019embrayages et roulements pilotes. Une but\u00e9e adaptable qui grippe conduit irr\u00e9m\u00e9diablement \u00e0 la destruction du m\u00e9canisme.<\/p><p>Car pour le montage d\u2019un kit d\u2019embrayage agricole, les pi\u00e8ces p\u00e9riph\u00e9riques doivent proc\u00e9der \u00e0 un examen minutieux. Notamment, le volant moteur et les diff\u00e9rents joints spi.<\/p><p>En effet, pour le syst\u00e8me de commande, une vigilance particuli\u00e8re est \u00e0 porter au c\u00e2ble, a la tringlerie et au circuit hydraulique. En cas de doute, ces composants doivent absolument \u00eatre remis \u00e0 niveau pour permettre le parfait fonctionnement de l\u2019embrayage.<\/p><p>Bien s\u00fbr, pour plus de renseignements, n&rsquo;h\u00e9sitez pas \u00e0 nous consulter !<\/p>\t\t\t\t\t\t\t\t<\/div>\n\t\t\t\t<\/div>\n\t\t\t\t\t<\/div>\n\t\t<\/div>\n\t\t\t\t\t<\/div>\n\t\t<\/section>\n\t\t\t\t<\/div>","protected":false},"excerpt":{"rendered":"<p>KIT COMPLET M\u00c9CANISME SIMPLE \u00c0 DIAPHRAGME, DISQUE AV. ORGANIQUE ET BUT\u00c9E \u00d8 280 MM \u2013 24 CANNELURES Information du produit : LSH LAMBORGHINI SAME HURLIMANN : Explorer 55, Explorer 50, Explorer 60, Explorer 65, Explorer 70, H356, H366, H466, H468, H656, H674, R 674, R 70. Le kit d\u2019embrayage tracteur agricole est compos\u00e9 d\u2019un m\u00e9canisme,<br \/><a class=\"more-link\" href=\"https:\/\/www.edel.fr\/en\/product\/kit-complet-mecanisme-simple-a-diaphragme-disque-av-organique-et-butee-lsh-lamborghini-same-hurlimann-o280-24-cannelures\/\"><br \/>\n        Read More<span class=\"screen-reader-text\"> \u00ab\u00a0Kit Embrayage Lsh Lamborghini Same H\u00fcrlimann Complet Tracteur\u00a0\u00bb<\/span><\/a><\/p>","protected":false},"featured_media":4203,"template":"","meta":[],"product_brand":[],"product_cat":[1141,3962,119,120],"product_tag":[143,124],"tracteur":[],"class_list":{"0":"post-6000","1":"product","2":"type-product","3":"status-publish","4":"has-post-thumbnail","6":"product_cat-kits-dembrayage","7":"product_cat-lsh","8":"product_cat-tracteurs-agricoles","9":"product_cat-transmissions","10":"product_tag-kits-dembrayage","11":"product_tag-transmissions","12":"product_shipping_class-142","13":"pa_fabriquant-selection-edel","14":"pa_marque-tracteur-lsh","15":"pa_modele-tracteur-explorer","16":"pa_type-2-explorer-55","17":"pa_type-2-explorer50","18":"pa_type-2-explorer60","19":"pa_type-2-explorer65","20":"pa_type-2-explorer70","21":"pa_type-2-h356","22":"pa_type-2-h366","23":"pa_type-2-h466","24":"pa_type-2-h468","25":"pa_type-2-h656","26":"pa_type-2-h674","27":"pa_type-2-r-674","28":"pa_type-2-r-70","29":"badges-style-2","31":"first","32":"instock","33":"taxable","34":"shipping-taxable","35":"purchasable","36":"product-type-simple"},"acf":[],"yoast_head":"<!-- This site is optimized with the Yoast SEO plugin v27.3 - https:\/\/yoast.com\/product\/yoast-seo-wordpress\/ -->\n<title>Kit Embrayage Lsh Lamborghini Same H\u00fcrlimann Complet Tracteur - Edel<\/title>\n<meta name=\"description\" content=\"Kit Embrayage Lsh Lamborghini Same - M\u00e9canisme simple \u00e0 diaphragme, disque AV. Organique et but\u00e9e - \u00d8280 - Explorer 50 Explorer 60 Explorer 65 Explorer 70\" \/>\n<meta name=\"robots\" content=\"index, follow, max-snippet:-1, max-image-preview:large, max-video-preview:-1\" \/>\n<link rel=\"canonical\" href=\"https:\/\/edel.fr\/produit\/kit-complet-mecanisme-simple-a-diaphragme-disque-av-organique-et-butee-lsh-lamborghini-same-hurlimann-o280-24-cannelures\/\" \/>\n<meta property=\"og:locale\" content=\"en_US\" \/>\n<meta property=\"og:type\" content=\"article\" \/>\n<meta property=\"og:title\" content=\"Kit Embrayage Lsh Lamborghini Same H\u00fcrlimann Complet Tracteur - Edel\" \/>\n<meta property=\"og:description\" content=\"Kit Embrayage Lsh Lamborghini Same - M\u00e9canisme simple \u00e0 diaphragme, disque AV. Organique et but\u00e9e - \u00d8280 - Explorer 50 Explorer 60 Explorer 65 Explorer 70\" \/>\n<meta property=\"og:url\" content=\"https:\/\/edel.fr\/produit\/kit-complet-mecanisme-simple-a-diaphragme-disque-av-organique-et-butee-lsh-lamborghini-same-hurlimann-o280-24-cannelures\/\" \/>\n<meta property=\"og:site_name\" content=\"Edel\" \/>\n<meta property=\"article:modified_time\" content=\"2025-11-05T20:06:22+00:00\" \/>\n<meta property=\"og:image\" content=\"https:\/\/edel.fr\/uploads\/2018\/11\/K52.jpg\" \/>\n\t<meta property=\"og:image:width\" content=\"1920\" \/>\n\t<meta property=\"og:image:height\" content=\"1920\" \/>\n\t<meta property=\"og:image:type\" content=\"image\/jpeg\" \/>\n<meta name=\"twitter:card\" content=\"summary_large_image\" \/>\n<meta name=\"twitter:label1\" content=\"Est. reading time\" \/>\n\t<meta name=\"twitter:data1\" content=\"2 minutes\" \/>\n<script type=\"application\/ld+json\" class=\"yoast-schema-graph\">{\"@context\":\"https:\\\/\\\/schema.org\",\"@graph\":[{\"@type\":\"WebPage\",\"@id\":\"https:\\\/\\\/edel.fr\\\/produit\\\/kit-complet-mecanisme-simple-a-diaphragme-disque-av-organique-et-butee-lsh-lamborghini-same-hurlimann-o280-24-cannelures\\\/\",\"url\":\"https:\\\/\\\/edel.fr\\\/produit\\\/kit-complet-mecanisme-simple-a-diaphragme-disque-av-organique-et-butee-lsh-lamborghini-same-hurlimann-o280-24-cannelures\\\/\",\"name\":\"Kit Embrayage Lsh Lamborghini Same H\u00fcrlimann Complet Tracteur - Edel\",\"isPartOf\":{\"@id\":\"http:\\\/\\\/www.edel.fr\\\/en\\\/#website\"},\"primaryImageOfPage\":{\"@id\":\"https:\\\/\\\/edel.fr\\\/produit\\\/kit-complet-mecanisme-simple-a-diaphragme-disque-av-organique-et-butee-lsh-lamborghini-same-hurlimann-o280-24-cannelures\\\/#primaryimage\"},\"image\":{\"@id\":\"https:\\\/\\\/edel.fr\\\/produit\\\/kit-complet-mecanisme-simple-a-diaphragme-disque-av-organique-et-butee-lsh-lamborghini-same-hurlimann-o280-24-cannelures\\\/#primaryimage\"},\"thumbnailUrl\":\"https:\\\/\\\/www.edel.fr\\\/uploads\\\/2018\\\/11\\\/K52.jpg\",\"datePublished\":\"2019-03-11T08:24:50+00:00\",\"dateModified\":\"2025-11-05T20:06:22+00:00\",\"description\":\"Kit Embrayage Lsh Lamborghini Same - M\u00e9canisme simple \u00e0 diaphragme, disque AV. Organique et but\u00e9e - \u00d8280 - Explorer 50 Explorer 60 Explorer 65 Explorer 70\",\"breadcrumb\":{\"@id\":\"https:\\\/\\\/edel.fr\\\/produit\\\/kit-complet-mecanisme-simple-a-diaphragme-disque-av-organique-et-butee-lsh-lamborghini-same-hurlimann-o280-24-cannelures\\\/#breadcrumb\"},\"inLanguage\":\"en-US\",\"potentialAction\":[{\"@type\":\"ReadAction\",\"target\":[\"https:\\\/\\\/edel.fr\\\/produit\\\/kit-complet-mecanisme-simple-a-diaphragme-disque-av-organique-et-butee-lsh-lamborghini-same-hurlimann-o280-24-cannelures\\\/\"]}]},{\"@type\":\"ImageObject\",\"inLanguage\":\"en-US\",\"@id\":\"https:\\\/\\\/edel.fr\\\/produit\\\/kit-complet-mecanisme-simple-a-diaphragme-disque-av-organique-et-butee-lsh-lamborghini-same-hurlimann-o280-24-cannelures\\\/#primaryimage\",\"url\":\"https:\\\/\\\/www.edel.fr\\\/uploads\\\/2018\\\/11\\\/K52.jpg\",\"contentUrl\":\"https:\\\/\\\/www.edel.fr\\\/uploads\\\/2018\\\/11\\\/K52.jpg\",\"width\":1920,\"height\":1920,\"caption\":\"Kit Embrayage Lsh Lamborghini Same H\u00fcrlimann Complet\"},{\"@type\":\"BreadcrumbList\",\"@id\":\"https:\\\/\\\/edel.fr\\\/produit\\\/kit-complet-mecanisme-simple-a-diaphragme-disque-av-organique-et-butee-lsh-lamborghini-same-hurlimann-o280-24-cannelures\\\/#breadcrumb\",\"itemListElement\":[{\"@type\":\"ListItem\",\"position\":1,\"name\":\"Pi\u00e8ce Tracteur\",\"item\":\"http:\\\/\\\/www.edel.fr\\\/en\\\/\"},{\"@type\":\"ListItem\",\"position\":2,\"name\":\"Toutes nos pi\u00e8ces Tracteur\",\"item\":\"https:\\\/\\\/edel.fr\\\/shop\\\/\"},{\"@type\":\"ListItem\",\"position\":3,\"name\":\"Kit Embrayage Lsh Lamborghini Same H\u00fcrlimann Complet Tracteur\"}]},{\"@type\":\"WebSite\",\"@id\":\"http:\\\/\\\/www.edel.fr\\\/en\\\/#website\",\"url\":\"http:\\\/\\\/www.edel.fr\\\/en\\\/\",\"name\":\"Edel\",\"description\":\"Pi\u00e8ce d\u00e9tach\u00e9e de Tracteur Agricole\",\"publisher\":{\"@id\":\"http:\\\/\\\/www.edel.fr\\\/en\\\/#organization\"},\"potentialAction\":[{\"@type\":\"SearchAction\",\"target\":{\"@type\":\"EntryPoint\",\"urlTemplate\":\"http:\\\/\\\/www.edel.fr\\\/en\\\/?s={search_term_string}\"},\"query-input\":{\"@type\":\"PropertyValueSpecification\",\"valueRequired\":true,\"valueName\":\"search_term_string\"}}],\"inLanguage\":\"en-US\"},{\"@type\":\"Organization\",\"@id\":\"http:\\\/\\\/www.edel.fr\\\/en\\\/#organization\",\"name\":\"Edel\",\"url\":\"http:\\\/\\\/www.edel.fr\\\/en\\\/\",\"logo\":{\"@type\":\"ImageObject\",\"inLanguage\":\"en-US\",\"@id\":\"http:\\\/\\\/www.edel.fr\\\/en\\\/#\\\/schema\\\/logo\\\/image\\\/\",\"url\":\"https:\\\/\\\/www.edel.fr\\\/uploads\\\/2018\\\/11\\\/logo-edel.png\",\"contentUrl\":\"https:\\\/\\\/www.edel.fr\\\/uploads\\\/2018\\\/11\\\/logo-edel.png\",\"width\":257,\"height\":68,\"caption\":\"Edel\"},\"image\":{\"@id\":\"http:\\\/\\\/www.edel.fr\\\/en\\\/#\\\/schema\\\/logo\\\/image\\\/\"}}]}<\/script>\n<!-- \/ Yoast SEO plugin. -->","yoast_head_json":{"title":"Kit Embrayage Lsh Lamborghini Same H\u00fcrlimann Complet Tracteur - Edel","description":"Kit Embrayage Lsh Lamborghini Same - M\u00e9canisme simple \u00e0 diaphragme, disque AV. Organique et but\u00e9e - \u00d8280 - Explorer 50 Explorer 60 Explorer 65 Explorer 70","robots":{"index":"index","follow":"follow","max-snippet":"max-snippet:-1","max-image-preview":"max-image-preview:large","max-video-preview":"max-video-preview:-1"},"canonical":"https:\/\/edel.fr\/produit\/kit-complet-mecanisme-simple-a-diaphragme-disque-av-organique-et-butee-lsh-lamborghini-same-hurlimann-o280-24-cannelures\/","og_locale":"en_US","og_type":"article","og_title":"Kit Embrayage Lsh Lamborghini Same H\u00fcrlimann Complet Tracteur - Edel","og_description":"Kit Embrayage Lsh Lamborghini Same - M\u00e9canisme simple \u00e0 diaphragme, disque AV. Organique et but\u00e9e - \u00d8280 - Explorer 50 Explorer 60 Explorer 65 Explorer 70","og_url":"https:\/\/edel.fr\/produit\/kit-complet-mecanisme-simple-a-diaphragme-disque-av-organique-et-butee-lsh-lamborghini-same-hurlimann-o280-24-cannelures\/","og_site_name":"Edel","article_modified_time":"2025-11-05T20:06:22+00:00","og_image":[{"width":1920,"height":1920,"url":"https:\/\/edel.fr\/uploads\/2018\/11\/K52.jpg","type":"image\/jpeg"}],"twitter_card":"summary_large_image","twitter_misc":{"Est. reading time":"2 minutes"},"schema":{"@context":"https:\/\/schema.org","@graph":[{"@type":"WebPage","@id":"https:\/\/edel.fr\/produit\/kit-complet-mecanisme-simple-a-diaphragme-disque-av-organique-et-butee-lsh-lamborghini-same-hurlimann-o280-24-cannelures\/","url":"https:\/\/edel.fr\/produit\/kit-complet-mecanisme-simple-a-diaphragme-disque-av-organique-et-butee-lsh-lamborghini-same-hurlimann-o280-24-cannelures\/","name":"Kit Embrayage Lsh Lamborghini Same H\u00fcrlimann Complet Tracteur - Edel","isPartOf":{"@id":"http:\/\/www.edel.fr\/en\/#website"},"primaryImageOfPage":{"@id":"https:\/\/edel.fr\/produit\/kit-complet-mecanisme-simple-a-diaphragme-disque-av-organique-et-butee-lsh-lamborghini-same-hurlimann-o280-24-cannelures\/#primaryimage"},"image":{"@id":"https:\/\/edel.fr\/produit\/kit-complet-mecanisme-simple-a-diaphragme-disque-av-organique-et-butee-lsh-lamborghini-same-hurlimann-o280-24-cannelures\/#primaryimage"},"thumbnailUrl":"https:\/\/www.edel.fr\/uploads\/2018\/11\/K52.jpg","datePublished":"2019-03-11T08:24:50+00:00","dateModified":"2025-11-05T20:06:22+00:00","description":"Kit Embrayage Lsh Lamborghini Same - M\u00e9canisme simple \u00e0 diaphragme, disque AV. Organique et but\u00e9e - \u00d8280 - Explorer 50 Explorer 60 Explorer 65 Explorer 70","breadcrumb":{"@id":"https:\/\/edel.fr\/produit\/kit-complet-mecanisme-simple-a-diaphragme-disque-av-organique-et-butee-lsh-lamborghini-same-hurlimann-o280-24-cannelures\/#breadcrumb"},"inLanguage":"en-US","potentialAction":[{"@type":"ReadAction","target":["https:\/\/edel.fr\/produit\/kit-complet-mecanisme-simple-a-diaphragme-disque-av-organique-et-butee-lsh-lamborghini-same-hurlimann-o280-24-cannelures\/"]}]},{"@type":"ImageObject","inLanguage":"en-US","@id":"https:\/\/edel.fr\/produit\/kit-complet-mecanisme-simple-a-diaphragme-disque-av-organique-et-butee-lsh-lamborghini-same-hurlimann-o280-24-cannelures\/#primaryimage","url":"https:\/\/www.edel.fr\/uploads\/2018\/11\/K52.jpg","contentUrl":"https:\/\/www.edel.fr\/uploads\/2018\/11\/K52.jpg","width":1920,"height":1920,"caption":"Kit Embrayage Lsh Lamborghini Same H\u00fcrlimann Complet"},{"@type":"BreadcrumbList","@id":"https:\/\/edel.fr\/produit\/kit-complet-mecanisme-simple-a-diaphragme-disque-av-organique-et-butee-lsh-lamborghini-same-hurlimann-o280-24-cannelures\/#breadcrumb","itemListElement":[{"@type":"ListItem","position":1,"name":"Pi\u00e8ce Tracteur","item":"http:\/\/www.edel.fr\/en\/"},{"@type":"ListItem","position":2,"name":"Toutes nos pi\u00e8ces Tracteur","item":"https:\/\/edel.fr\/shop\/"},{"@type":"ListItem","position":3,"name":"Kit Embrayage Lsh Lamborghini Same H\u00fcrlimann Complet Tracteur"}]},{"@type":"WebSite","@id":"http:\/\/www.edel.fr\/en\/#website","url":"http:\/\/www.edel.fr\/en\/","name":"Edel","description":"Pi\u00e8ce d\u00e9tach\u00e9e de Tracteur Agricole","publisher":{"@id":"http:\/\/www.edel.fr\/en\/#organization"},"potentialAction":[{"@type":"SearchAction","target":{"@type":"EntryPoint","urlTemplate":"http:\/\/www.edel.fr\/en\/?s={search_term_string}"},"query-input":{"@type":"PropertyValueSpecification","valueRequired":true,"valueName":"search_term_string"}}],"inLanguage":"en-US"},{"@type":"Organization","@id":"http:\/\/www.edel.fr\/en\/#organization","name":"Edel","url":"http:\/\/www.edel.fr\/en\/","logo":{"@type":"ImageObject","inLanguage":"en-US","@id":"http:\/\/www.edel.fr\/en\/#\/schema\/logo\/image\/","url":"https:\/\/www.edel.fr\/uploads\/2018\/11\/logo-edel.png","contentUrl":"https:\/\/www.edel.fr\/uploads\/2018\/11\/logo-edel.png","width":257,"height":68,"caption":"Edel"},"image":{"@id":"http:\/\/www.edel.fr\/en\/#\/schema\/logo\/image\/"}}]}},"_links":{"self":[{"href":"https:\/\/www.edel.fr\/en\/wp-json\/wp\/v2\/product\/6000","targetHints":{"allow":["GET"]}}],"collection":[{"href":"https:\/\/www.edel.fr\/en\/wp-json\/wp\/v2\/product"}],"about":[{"href":"https:\/\/www.edel.fr\/en\/wp-json\/wp\/v2\/types\/product"}],"version-history":[{"count":2,"href":"https:\/\/www.edel.fr\/en\/wp-json\/wp\/v2\/product\/6000\/revisions"}],"predecessor-version":[{"id":18433,"href":"https:\/\/www.edel.fr\/en\/wp-json\/wp\/v2\/product\/6000\/revisions\/18433"}],"wp:featuredmedia":[{"embeddable":true,"href":"https:\/\/www.edel.fr\/en\/wp-json\/wp\/v2\/media\/4203"}],"wp:attachment":[{"href":"https:\/\/www.edel.fr\/en\/wp-json\/wp\/v2\/media?parent=6000"}],"wp:term":[{"taxonomy":"product_brand","embeddable":true,"href":"https:\/\/www.edel.fr\/en\/wp-json\/wp\/v2\/product_brand?post=6000"},{"taxonomy":"product_cat","embeddable":true,"href":"https:\/\/www.edel.fr\/en\/wp-json\/wp\/v2\/product_cat?post=6000"},{"taxonomy":"product_tag","embeddable":true,"href":"https:\/\/www.edel.fr\/en\/wp-json\/wp\/v2\/product_tag?post=6000"},{"taxonomy":"tracteur","embeddable":true,"href":"https:\/\/www.edel.fr\/en\/wp-json\/wp\/v2\/tracteur?post=6000"}],"curies":[{"name":"wp","href":"https:\/\/api.w.org\/{rel}","templated":true}]}}