{"id":5999,"date":"2019-03-11T09:24:50","date_gmt":"2019-03-11T08:24:50","guid":{"rendered":"http:\/\/edel.stephanie.ct.webcd.lan\/shop\/kit-complet-mecanisme-double-disque-av-cerametallique-2-butees-et-roulement-pilote-renault-claas-o350-18-16-cannelures\/"},"modified":"2026-03-27T02:00:47","modified_gmt":"2026-03-27T01:00:47","slug":"kit-complet-mecanisme-double-disque-av-cerametallique-2-butees-et-roulement-pilote-renault-claas-o350-18-16-cannelures","status":"publish","type":"product","link":"https:\/\/www.edel.fr\/en\/product\/kit-complet-mecanisme-double-disque-av-cerametallique-2-butees-et-roulement-pilote-renault-claas-o350-18-16-cannelures\/","title":{"rendered":"Kit Embrayage Renault \u00d8350 115\/54 145\/54 TEMIS 650"},"content":{"rendered":"<h2>KIT EMBRAYAGE COMPLET<\/h2>\n<h2>M\u00c9CANISME DOUBLE, DISQUE AV. C\u00c9RAM\u00c9TALLIQUE, 2 BUT\u00c9ES ET ROULEMENT PILOTE<\/h2>\n<p>\u00d8 350 MM \u2013 18 \/ 16 CANNELURES<\/p>\n<h3>Information du produit :<\/h3>\n<p>Pour tracteur Renault Claas 1181\/4, 14.14, 145.54, 1451, 155.54, Temis 650<\/p>\n<p>Le kit d\u2019embrayage tracteur agricole est compos\u00e9 d\u2019un m\u00e9canisme, d\u2019un ou deux disques, d\u2019une ou deux but\u00e9es et du roulement pilote. Le kit complet comprend la totalit\u00e9 des pi\u00e8ces \u00e0 changer en atelier, les pi\u00e8ces de rechange qui le composent sont rigoureusement s\u00e9lectionn\u00e9es pour leur qualit\u00e9 et leur fiabilit\u00e9.<\/p>\n<p>Choisir de remplacer une pi\u00e8ce de rechange au d\u00e9tail peut s\u2019av\u00e9rer \u00eatre moins avantageux que de remplacer l\u2019ensemble des pi\u00e8ces, en optant pour la fourniture d\u2019un kit complet. Nos kits se distinguent par la qualit\u00e9 de nos but\u00e9es d\u2019embrayages et roulements pilotes ; une but\u00e9e adaptable qui grippe conduit irr\u00e9m\u00e9diablement \u00e0 la destruction du m\u00e9canisme.<\/p>\n<p>Avant montage d\u2019un kit d\u2019embrayage agricole, nous recommandons de proc\u00e9der \u00e0 un examen minutieux des pi\u00e8ces p\u00e9riph\u00e9riques, notamment le volant moteur et les diff\u00e9rents joints spi. Une attention particuli\u00e8re est \u00e0 porter au syst\u00e8me de commande (c\u00e2ble, tringlerie, circuit hydraulique). En cas de doute, ces composants doivent imp\u00e9rativement \u00eatre remis \u00e0 niveau pour permettre le parfait fonctionnement de l\u2019embrayage.<\/p>","protected":false},"excerpt":{"rendered":"<p>\u00d8350 &#8211; 18\/16 Cannelures<\/p>","protected":false},"featured_media":4202,"template":"","meta":[],"product_brand":[],"product_cat":[1141,3965,119,120],"product_tag":[143,124],"tracteur":[],"class_list":{"0":"post-5999","1":"product","2":"type-product","3":"status-publish","4":"has-post-thumbnail","6":"product_cat-kits-dembrayage","7":"product_cat-renault-claas","8":"product_cat-tracteurs-agricoles","9":"product_cat-transmissions","10":"product_tag-kits-dembrayage","11":"product_tag-transmissions","12":"product_shipping_class-142","13":"pa_fabriquant-kawe","14":"pa_marque-tracteur-renault-claas","15":"pa_modele-tracteur-1181-4","16":"pa_modele-tracteur-14-14","17":"pa_modele-tracteur-145-54","18":"pa_modele-tracteur-4464","19":"pa_modele-tracteur-155-54","20":"pa_modele-tracteur-temis-650","21":"badges-style-2","23":"first","24":"instock","25":"taxable","26":"shipping-taxable","27":"purchasable","28":"product-type-simple"},"acf":[],"yoast_head":"<!-- This site is optimized with the Yoast SEO plugin v27.3 - https:\/\/yoast.com\/product\/yoast-seo-wordpress\/ -->\n<title>Kit Embrayage Renault \u00d8350 115\/54 145\/54 TEMIS 650 - Edel<\/title>\n<meta name=\"robots\" content=\"index, follow, max-snippet:-1, max-image-preview:large, max-video-preview:-1\" \/>\n<link rel=\"canonical\" href=\"https:\/\/www.edel.fr\/en\/product\/kit-complet-mecanisme-double-disque-av-cerametallique-2-butees-et-roulement-pilote-renault-claas-o350-18-16-cannelures\/\" \/>\n<meta property=\"og:locale\" content=\"en_US\" \/>\n<meta property=\"og:type\" content=\"article\" \/>\n<meta property=\"og:title\" content=\"Kit Embrayage Renault \u00d8350 115\/54 145\/54 TEMIS 650 - Edel\" \/>\n<meta property=\"og:description\" content=\"\u00d8350 - 18\/16 Cannelures\" \/>\n<meta property=\"og:url\" content=\"https:\/\/www.edel.fr\/en\/product\/kit-complet-mecanisme-double-disque-av-cerametallique-2-butees-et-roulement-pilote-renault-claas-o350-18-16-cannelures\/\" \/>\n<meta property=\"og:site_name\" content=\"Edel\" \/>\n<meta property=\"article:modified_time\" content=\"2026-03-27T01:00:47+00:00\" \/>\n<meta property=\"og:image\" content=\"https:\/\/www.edel.fr\/uploads\/2018\/11\/K51.jpg\" \/>\n\t<meta property=\"og:image:width\" content=\"1920\" \/>\n\t<meta property=\"og:image:height\" content=\"1920\" \/>\n\t<meta property=\"og:image:type\" content=\"image\/jpeg\" \/>\n<meta name=\"twitter:card\" content=\"summary_large_image\" \/>\n<meta name=\"twitter:label1\" content=\"Est. reading time\" \/>\n\t<meta name=\"twitter:data1\" content=\"2 minutes\" \/>\n<script type=\"application\/ld+json\" class=\"yoast-schema-graph\">{\"@context\":\"https:\\\/\\\/schema.org\",\"@graph\":[{\"@type\":\"WebPage\",\"@id\":\"https:\\\/\\\/www.edel.fr\\\/en\\\/product\\\/kit-complet-mecanisme-double-disque-av-cerametallique-2-butees-et-roulement-pilote-renault-claas-o350-18-16-cannelures\\\/\",\"url\":\"https:\\\/\\\/www.edel.fr\\\/en\\\/product\\\/kit-complet-mecanisme-double-disque-av-cerametallique-2-butees-et-roulement-pilote-renault-claas-o350-18-16-cannelures\\\/\",\"name\":\"Kit Embrayage Renault \u00d8350 115\\\/54 145\\\/54 TEMIS 650 - Edel\",\"isPartOf\":{\"@id\":\"http:\\\/\\\/www.edel.fr\\\/en\\\/#website\"},\"primaryImageOfPage\":{\"@id\":\"https:\\\/\\\/www.edel.fr\\\/en\\\/product\\\/kit-complet-mecanisme-double-disque-av-cerametallique-2-butees-et-roulement-pilote-renault-claas-o350-18-16-cannelures\\\/#primaryimage\"},\"image\":{\"@id\":\"https:\\\/\\\/www.edel.fr\\\/en\\\/product\\\/kit-complet-mecanisme-double-disque-av-cerametallique-2-butees-et-roulement-pilote-renault-claas-o350-18-16-cannelures\\\/#primaryimage\"},\"thumbnailUrl\":\"https:\\\/\\\/www.edel.fr\\\/uploads\\\/2018\\\/11\\\/K51.jpg\",\"datePublished\":\"2019-03-11T08:24:50+00:00\",\"dateModified\":\"2026-03-27T01:00:47+00:00\",\"breadcrumb\":{\"@id\":\"https:\\\/\\\/www.edel.fr\\\/en\\\/product\\\/kit-complet-mecanisme-double-disque-av-cerametallique-2-butees-et-roulement-pilote-renault-claas-o350-18-16-cannelures\\\/#breadcrumb\"},\"inLanguage\":\"en-US\",\"potentialAction\":[{\"@type\":\"ReadAction\",\"target\":[\"https:\\\/\\\/www.edel.fr\\\/en\\\/product\\\/kit-complet-mecanisme-double-disque-av-cerametallique-2-butees-et-roulement-pilote-renault-claas-o350-18-16-cannelures\\\/\"]}]},{\"@type\":\"ImageObject\",\"inLanguage\":\"en-US\",\"@id\":\"https:\\\/\\\/www.edel.fr\\\/en\\\/product\\\/kit-complet-mecanisme-double-disque-av-cerametallique-2-butees-et-roulement-pilote-renault-claas-o350-18-16-cannelures\\\/#primaryimage\",\"url\":\"https:\\\/\\\/www.edel.fr\\\/uploads\\\/2018\\\/11\\\/K51.jpg\",\"contentUrl\":\"https:\\\/\\\/www.edel.fr\\\/uploads\\\/2018\\\/11\\\/K51.jpg\",\"width\":1920,\"height\":1920},{\"@type\":\"BreadcrumbList\",\"@id\":\"https:\\\/\\\/www.edel.fr\\\/en\\\/product\\\/kit-complet-mecanisme-double-disque-av-cerametallique-2-butees-et-roulement-pilote-renault-claas-o350-18-16-cannelures\\\/#breadcrumb\",\"itemListElement\":[{\"@type\":\"ListItem\",\"position\":1,\"name\":\"Pi\u00e8ce Tracteur\",\"item\":\"http:\\\/\\\/www.edel.fr\\\/en\\\/\"},{\"@type\":\"ListItem\",\"position\":2,\"name\":\"Toutes nos pi\u00e8ces Tracteur\",\"item\":\"https:\\\/\\\/edel.fr\\\/shop\\\/\"},{\"@type\":\"ListItem\",\"position\":3,\"name\":\"Kit Embrayage Renault \u00d8350 115\\\/54 145\\\/54 TEMIS 650\"}]},{\"@type\":\"WebSite\",\"@id\":\"http:\\\/\\\/www.edel.fr\\\/en\\\/#website\",\"url\":\"http:\\\/\\\/www.edel.fr\\\/en\\\/\",\"name\":\"Edel\",\"description\":\"Pi\u00e8ce d\u00e9tach\u00e9e de Tracteur Agricole\",\"publisher\":{\"@id\":\"http:\\\/\\\/www.edel.fr\\\/en\\\/#organization\"},\"potentialAction\":[{\"@type\":\"SearchAction\",\"target\":{\"@type\":\"EntryPoint\",\"urlTemplate\":\"http:\\\/\\\/www.edel.fr\\\/en\\\/?s={search_term_string}\"},\"query-input\":{\"@type\":\"PropertyValueSpecification\",\"valueRequired\":true,\"valueName\":\"search_term_string\"}}],\"inLanguage\":\"en-US\"},{\"@type\":\"Organization\",\"@id\":\"http:\\\/\\\/www.edel.fr\\\/en\\\/#organization\",\"name\":\"Edel\",\"url\":\"http:\\\/\\\/www.edel.fr\\\/en\\\/\",\"logo\":{\"@type\":\"ImageObject\",\"inLanguage\":\"en-US\",\"@id\":\"http:\\\/\\\/www.edel.fr\\\/en\\\/#\\\/schema\\\/logo\\\/image\\\/\",\"url\":\"https:\\\/\\\/www.edel.fr\\\/uploads\\\/2018\\\/11\\\/logo-edel.png\",\"contentUrl\":\"https:\\\/\\\/www.edel.fr\\\/uploads\\\/2018\\\/11\\\/logo-edel.png\",\"width\":257,\"height\":68,\"caption\":\"Edel\"},\"image\":{\"@id\":\"http:\\\/\\\/www.edel.fr\\\/en\\\/#\\\/schema\\\/logo\\\/image\\\/\"}}]}<\/script>\n<!-- \/ Yoast SEO plugin. -->","yoast_head_json":{"title":"Kit Embrayage Renault \u00d8350 115\/54 145\/54 TEMIS 650 - Edel","robots":{"index":"index","follow":"follow","max-snippet":"max-snippet:-1","max-image-preview":"max-image-preview:large","max-video-preview":"max-video-preview:-1"},"canonical":"https:\/\/www.edel.fr\/en\/product\/kit-complet-mecanisme-double-disque-av-cerametallique-2-butees-et-roulement-pilote-renault-claas-o350-18-16-cannelures\/","og_locale":"en_US","og_type":"article","og_title":"Kit Embrayage Renault \u00d8350 115\/54 145\/54 TEMIS 650 - Edel","og_description":"\u00d8350 - 18\/16 Cannelures","og_url":"https:\/\/www.edel.fr\/en\/product\/kit-complet-mecanisme-double-disque-av-cerametallique-2-butees-et-roulement-pilote-renault-claas-o350-18-16-cannelures\/","og_site_name":"Edel","article_modified_time":"2026-03-27T01:00:47+00:00","og_image":[{"width":1920,"height":1920,"url":"https:\/\/www.edel.fr\/uploads\/2018\/11\/K51.jpg","type":"image\/jpeg"}],"twitter_card":"summary_large_image","twitter_misc":{"Est. reading time":"2 minutes"},"schema":{"@context":"https:\/\/schema.org","@graph":[{"@type":"WebPage","@id":"https:\/\/www.edel.fr\/en\/product\/kit-complet-mecanisme-double-disque-av-cerametallique-2-butees-et-roulement-pilote-renault-claas-o350-18-16-cannelures\/","url":"https:\/\/www.edel.fr\/en\/product\/kit-complet-mecanisme-double-disque-av-cerametallique-2-butees-et-roulement-pilote-renault-claas-o350-18-16-cannelures\/","name":"Kit Embrayage Renault \u00d8350 115\/54 145\/54 TEMIS 650 - Edel","isPartOf":{"@id":"http:\/\/www.edel.fr\/en\/#website"},"primaryImageOfPage":{"@id":"https:\/\/www.edel.fr\/en\/product\/kit-complet-mecanisme-double-disque-av-cerametallique-2-butees-et-roulement-pilote-renault-claas-o350-18-16-cannelures\/#primaryimage"},"image":{"@id":"https:\/\/www.edel.fr\/en\/product\/kit-complet-mecanisme-double-disque-av-cerametallique-2-butees-et-roulement-pilote-renault-claas-o350-18-16-cannelures\/#primaryimage"},"thumbnailUrl":"https:\/\/www.edel.fr\/uploads\/2018\/11\/K51.jpg","datePublished":"2019-03-11T08:24:50+00:00","dateModified":"2026-03-27T01:00:47+00:00","breadcrumb":{"@id":"https:\/\/www.edel.fr\/en\/product\/kit-complet-mecanisme-double-disque-av-cerametallique-2-butees-et-roulement-pilote-renault-claas-o350-18-16-cannelures\/#breadcrumb"},"inLanguage":"en-US","potentialAction":[{"@type":"ReadAction","target":["https:\/\/www.edel.fr\/en\/product\/kit-complet-mecanisme-double-disque-av-cerametallique-2-butees-et-roulement-pilote-renault-claas-o350-18-16-cannelures\/"]}]},{"@type":"ImageObject","inLanguage":"en-US","@id":"https:\/\/www.edel.fr\/en\/product\/kit-complet-mecanisme-double-disque-av-cerametallique-2-butees-et-roulement-pilote-renault-claas-o350-18-16-cannelures\/#primaryimage","url":"https:\/\/www.edel.fr\/uploads\/2018\/11\/K51.jpg","contentUrl":"https:\/\/www.edel.fr\/uploads\/2018\/11\/K51.jpg","width":1920,"height":1920},{"@type":"BreadcrumbList","@id":"https:\/\/www.edel.fr\/en\/product\/kit-complet-mecanisme-double-disque-av-cerametallique-2-butees-et-roulement-pilote-renault-claas-o350-18-16-cannelures\/#breadcrumb","itemListElement":[{"@type":"ListItem","position":1,"name":"Pi\u00e8ce Tracteur","item":"http:\/\/www.edel.fr\/en\/"},{"@type":"ListItem","position":2,"name":"Toutes nos pi\u00e8ces Tracteur","item":"https:\/\/edel.fr\/shop\/"},{"@type":"ListItem","position":3,"name":"Kit Embrayage Renault \u00d8350 115\/54 145\/54 TEMIS 650"}]},{"@type":"WebSite","@id":"http:\/\/www.edel.fr\/en\/#website","url":"http:\/\/www.edel.fr\/en\/","name":"Edel","description":"Pi\u00e8ce d\u00e9tach\u00e9e de Tracteur Agricole","publisher":{"@id":"http:\/\/www.edel.fr\/en\/#organization"},"potentialAction":[{"@type":"SearchAction","target":{"@type":"EntryPoint","urlTemplate":"http:\/\/www.edel.fr\/en\/?s={search_term_string}"},"query-input":{"@type":"PropertyValueSpecification","valueRequired":true,"valueName":"search_term_string"}}],"inLanguage":"en-US"},{"@type":"Organization","@id":"http:\/\/www.edel.fr\/en\/#organization","name":"Edel","url":"http:\/\/www.edel.fr\/en\/","logo":{"@type":"ImageObject","inLanguage":"en-US","@id":"http:\/\/www.edel.fr\/en\/#\/schema\/logo\/image\/","url":"https:\/\/www.edel.fr\/uploads\/2018\/11\/logo-edel.png","contentUrl":"https:\/\/www.edel.fr\/uploads\/2018\/11\/logo-edel.png","width":257,"height":68,"caption":"Edel"},"image":{"@id":"http:\/\/www.edel.fr\/en\/#\/schema\/logo\/image\/"}}]}},"_links":{"self":[{"href":"https:\/\/www.edel.fr\/en\/wp-json\/wp\/v2\/product\/5999","targetHints":{"allow":["GET"]}}],"collection":[{"href":"https:\/\/www.edel.fr\/en\/wp-json\/wp\/v2\/product"}],"about":[{"href":"https:\/\/www.edel.fr\/en\/wp-json\/wp\/v2\/types\/product"}],"version-history":[{"count":2,"href":"https:\/\/www.edel.fr\/en\/wp-json\/wp\/v2\/product\/5999\/revisions"}],"predecessor-version":[{"id":15412,"href":"https:\/\/www.edel.fr\/en\/wp-json\/wp\/v2\/product\/5999\/revisions\/15412"}],"wp:featuredmedia":[{"embeddable":true,"href":"https:\/\/www.edel.fr\/en\/wp-json\/wp\/v2\/media\/4202"}],"wp:attachment":[{"href":"https:\/\/www.edel.fr\/en\/wp-json\/wp\/v2\/media?parent=5999"}],"wp:term":[{"taxonomy":"product_brand","embeddable":true,"href":"https:\/\/www.edel.fr\/en\/wp-json\/wp\/v2\/product_brand?post=5999"},{"taxonomy":"product_cat","embeddable":true,"href":"https:\/\/www.edel.fr\/en\/wp-json\/wp\/v2\/product_cat?post=5999"},{"taxonomy":"product_tag","embeddable":true,"href":"https:\/\/www.edel.fr\/en\/wp-json\/wp\/v2\/product_tag?post=5999"},{"taxonomy":"tracteur","embeddable":true,"href":"https:\/\/www.edel.fr\/en\/wp-json\/wp\/v2\/tracteur?post=5999"}],"curies":[{"name":"wp","href":"https:\/\/api.w.org\/{rel}","templated":true}]}}