{"id":5997,"date":"2019-03-11T09:24:50","date_gmt":"2019-03-11T08:24:50","guid":{"rendered":"http:\/\/edel.stephanie.ct.webcd.lan\/shop\/kit-complet-mecanisme-double-disque-av-organique-2-butees-et-roulement-pilote-renault-claas-o280-2-0-12-13-cannelures\/"},"modified":"2026-04-03T03:00:46","modified_gmt":"2026-04-03T01:00:46","slug":"kit-complet-mecanisme-double-disque-av-organique-2-butees-et-roulement-pilote-renault-claas-o280-280-12-13-cannelures","status":"publish","type":"product","link":"https:\/\/www.edel.fr\/en\/product\/kit-complet-mecanisme-double-disque-av-organique-2-butees-et-roulement-pilote-renault-claas-o280-280-12-13-cannelures\/","title":{"rendered":"Kit Embrayage Renault, Deutz, Case IH- 2100 21400 PJN PJ"},"content":{"rendered":"<div data-elementor-type=\"wp-post\" data-elementor-id=\"5997\" class=\"elementor elementor-5997\">\n\t\t\t\t\t\t<section class=\"elementor-section elementor-top-section elementor-element elementor-element-afb316c elementor-section-boxed elementor-section-height-default elementor-section-height-default\" data-id=\"afb316c\" data-element_type=\"section\" data-e-type=\"section\">\n\t\t\t\t\t\t<div class=\"elementor-container elementor-column-gap-default\">\n\t\t\t\t\t<div class=\"elementor-column elementor-col-100 elementor-top-column elementor-element elementor-element-064195c\" data-id=\"064195c\" data-element_type=\"column\" data-e-type=\"column\">\n\t\t\t<div class=\"elementor-widget-wrap elementor-element-populated\">\n\t\t\t\t\t\t<div class=\"elementor-element elementor-element-a96355c elementor-widget elementor-widget-heading\" data-id=\"a96355c\" data-element_type=\"widget\" data-e-type=\"widget\" data-widget_type=\"heading.default\">\n\t\t\t\t<div class=\"elementor-widget-container\">\n\t\t\t\t\t<h2 class=\"elementor-heading-title elementor-size-default\">Kit COMPLET Embrayage Renault Claas, Deutz, Case IH <br><br>M\u00c9CANISME DOUBLE, DISQUE AVANCEMENT ORGANIQUE, 2 BUT\u00c9ES ET ROULEMENT PILOTE<br><br>\u00d8 280\/280 MM \u2013 12 \/ 13 CANNELURES<\/h2>\t\t\t\t<\/div>\n\t\t\t\t<\/div>\n\t\t\t\t\t<\/div>\n\t\t<\/div>\n\t\t\t\t\t<\/div>\n\t\t<\/section>\n\t\t\t\t<section class=\"elementor-section elementor-top-section elementor-element elementor-element-76f2ef6 elementor-section-boxed elementor-section-height-default elementor-section-height-default\" data-id=\"76f2ef6\" data-element_type=\"section\" data-e-type=\"section\">\n\t\t\t\t\t\t<div class=\"elementor-container elementor-column-gap-default\">\n\t\t\t\t\t<div class=\"elementor-column elementor-col-100 elementor-top-column elementor-element elementor-element-ecd09fd\" data-id=\"ecd09fd\" data-element_type=\"column\" data-e-type=\"column\">\n\t\t\t<div class=\"elementor-widget-wrap elementor-element-populated\">\n\t\t\t\t\t\t<div class=\"elementor-element elementor-element-959faa1 elementor-widget elementor-widget-heading\" data-id=\"959faa1\" data-element_type=\"widget\" data-e-type=\"widget\" data-widget_type=\"heading.default\">\n\t\t\t\t<div class=\"elementor-widget-container\">\n\t\t\t\t\t<h3 class=\"elementor-heading-title elementor-size-default\">Information du produit :<\/h3>\t\t\t\t<\/div>\n\t\t\t\t<\/div>\n\t\t\t\t\t<\/div>\n\t\t<\/div>\n\t\t\t\t\t<\/div>\n\t\t<\/section>\n\t\t\t\t<section class=\"elementor-section elementor-top-section elementor-element elementor-element-532d9cd9 elementor-section-boxed elementor-section-height-default elementor-section-height-default\" data-id=\"532d9cd9\" data-element_type=\"section\" data-e-type=\"section\">\n\t\t\t\t\t\t<div class=\"elementor-container elementor-column-gap-default\">\n\t\t\t\t\t<div class=\"elementor-column elementor-col-100 elementor-top-column elementor-element elementor-element-1b6392ae\" data-id=\"1b6392ae\" data-element_type=\"column\" data-e-type=\"column\">\n\t\t\t<div class=\"elementor-widget-wrap elementor-element-populated\">\n\t\t\t\t\t\t<div class=\"elementor-element elementor-element-295743c8 elementor-widget elementor-widget-text-editor\" data-id=\"295743c8\" data-element_type=\"widget\" data-e-type=\"widget\" data-widget_type=\"text-editor.default\">\n\t\t\t\t<div class=\"elementor-widget-container\">\n\t\t\t\t\t\t\t\t\t<div>Renault\u00a0<span style=\"background-color: #ffffff\">5512, 5514, 6814, 7012, 7014, 8012, 8014, Fructus 130 140 150, Pales 210 220 230 240, Dionis 110 120 130 140<\/span><br \/><span style=\"background-color: #ffffff\"><br \/><\/span><\/div><p>Deutz\u00a0 3500, 3700, 3900<\/p><p>Case 2100, 2120, 2130, 2140, 2150, PJN75, PJ65, PJV65<\/p><p>Le kit d\u2019embrayage tracteur agricole est compos\u00e9 d\u2019un m\u00e9canisme, d\u2019un ou deux disques, d\u2019une ou deux but\u00e9es et du roulement pilote. De plus le kit complet comprend la totalit\u00e9 des pi\u00e8ces \u00e0 changer en atelier. Cependant les pi\u00e8ces de rechange qui le composent sont rigoureusement s\u00e9lectionn\u00e9es pour leur qualit\u00e9 et leur fiabilit\u00e9.\u00a0<\/p><p>Toutefois choisir de remplacer une pi\u00e8ce au d\u00e9tail peut s\u2019av\u00e9rer \u00eatre moins avantageux que de remplacer un ensemble complet. Nos kits se distinguent par la qualit\u00e9 de nos but\u00e9es d\u2019embrayages et roulements pilotes. Une but\u00e9e adaptable qui grippe conduit irr\u00e9m\u00e9diablement \u00e0 la destruction du m\u00e9canisme.<\/p><p>Car pour le montage d\u2019un kit d\u2019embrayage agricole, les pi\u00e8ces p\u00e9riph\u00e9riques doivent proc\u00e9der \u00e0 un examen minutieux. Notamment, le volant moteur et les diff\u00e9rents joints spi.<\/p><p>En effet, pour le syst\u00e8me de commande, une vigilance particuli\u00e8re est \u00e0 porter au c\u00e2ble, a la tringlerie et au circuit hydraulique. En cas de doute, ces composants doivent absolument \u00eatre remis \u00e0 niveau pour permettre le parfait fonctionnement de l\u2019embrayage.<\/p><p>Bien s\u00fbr, pour plus de renseignements, n&rsquo;h\u00e9sitez pas \u00e0 nous consulter !<\/p>\t\t\t\t\t\t\t\t<\/div>\n\t\t\t\t<\/div>\n\t\t\t\t\t<\/div>\n\t\t<\/div>\n\t\t\t\t\t<\/div>\n\t\t<\/section>\n\t\t\t\t<\/div>","protected":false},"excerpt":{"rendered":"<p>Kit COMPLET Embrayage Renault Claas, Deutz, Case IH M\u00c9CANISME DOUBLE, DISQUE AVANCEMENT ORGANIQUE, 2 BUT\u00c9ES ET ROULEMENT PILOTE \u00d8 280\/280 MM \u2013 12 \/ 13 CANNELURES Information du produit : Renault\u00a05512, 5514, 6814, 7012, 7014, 8012, 8014, Fructus 130 140 150, Pales 210 220 230 240, Dionis 110 120 130 140 Deutz\u00a0 3500, 3700, 3900<br \/><a class=\"more-link\" href=\"https:\/\/www.edel.fr\/en\/product\/kit-complet-mecanisme-double-disque-av-organique-2-butees-et-roulement-pilote-renault-claas-o280-280-12-13-cannelures\/\"><br \/>\n        Read More<span class=\"screen-reader-text\"> \u00ab\u00a0Kit Embrayage Renault, Deutz, Case IH- 2100 21400 PJN PJ\u00a0\u00bb<\/span><\/a><\/p>","protected":false},"featured_media":4200,"template":"","meta":[],"product_brand":[],"product_cat":[1141,3945,3960,3965,3968,119,120],"product_tag":[143,124],"tracteur":[],"class_list":{"0":"post-5997","1":"product","2":"type-product","3":"status-publish","4":"has-post-thumbnail","6":"product_cat-kits-dembrayage","7":"product_cat-case-ih","8":"product_cat-khd-deutz","9":"product_cat-renault-claas","10":"product_cat-valmet","11":"product_cat-tracteurs-agricoles","12":"product_cat-transmissions","13":"product_tag-kits-dembrayage","14":"product_tag-transmissions","15":"product_shipping_class-142","16":"pa_fabriquant-kawe","17":"pa_marque-tracteur-case-ih","18":"pa_marque-tracteur-khd-deutz","19":"pa_marque-tracteur-renault-claas","20":"pa_marque-tracteur-valtra","21":"pa_modele-tracteur-3555","22":"pa_modele-tracteur-4387","23":"pa_modele-tracteur-3608","24":"pa_modele-tracteur-4388","25":"pa_modele-tracteur-4389","26":"pa_modele-tracteur-3559","27":"pa_modele-tracteur-4386","28":"pa_modele-tracteur-3552","29":"pa_modele-tracteur-3744","30":"pa_modele-tracteur-3745","31":"pa_modele-tracteur-3729","32":"pa_modele-tracteur-3747","33":"pa_modele-tracteur-3748","34":"pa_modele-tracteur-3750","35":"pa_modele-tracteur-3751","36":"pa_modele-tracteur-dionis-110","37":"pa_modele-tracteur-dionis-120","38":"pa_modele-tracteur-dionis-130","39":"pa_modele-tracteur-dionis-140","40":"pa_modele-tracteur-fructus-130","41":"pa_modele-tracteur-fructus-140","42":"pa_modele-tracteur-fructus-150","43":"pa_modele-tracteur-pales-210","44":"pa_modele-tracteur-pales-220","45":"pa_modele-tracteur-pales-230","46":"pa_modele-tracteur-pales-240","47":"pa_modele-tracteur-pj65","48":"pa_modele-tracteur-pjn75","49":"pa_modele-tracteur-pjv65","50":"badges-style-2","52":"first","53":"instock","54":"taxable","55":"shipping-taxable","56":"purchasable","57":"product-type-simple"},"acf":[],"yoast_head":"<!-- This site is optimized with the Yoast SEO plugin v27.3 - https:\/\/yoast.com\/product\/yoast-seo-wordpress\/ -->\n<title>Kit Embrayage Renault, Deutz, Case IH- 2100 21400 PJN PJ - Edel<\/title>\n<meta name=\"description\" content=\"Kit Embrayage Renault Claas, Deutz, Case IH Complet - Disque AV. Organique, 2 but\u00e9es et roulement pilote - \u00d8280\/280 - 5512 5514 6814 7012 7014 8012 8014\" \/>\n<meta name=\"robots\" content=\"index, follow, max-snippet:-1, max-image-preview:large, max-video-preview:-1\" \/>\n<link rel=\"canonical\" href=\"https:\/\/edel.fr\/produit\/kit-complet-mecanisme-double-disque-av-organique-2-butees-et-roulement-pilote-renault-claas-o280-280-12-13-cannelures\/\" \/>\n<meta property=\"og:locale\" content=\"en_US\" \/>\n<meta property=\"og:type\" content=\"article\" \/>\n<meta property=\"og:title\" content=\"Kit Embrayage Renault, Deutz, Case IH- 2100 21400 PJN PJ - Edel\" \/>\n<meta property=\"og:description\" content=\"Kit Embrayage Renault Claas, Deutz, Case IH Complet - Disque AV. Organique, 2 but\u00e9es et roulement pilote - \u00d8280\/280 - 5512 5514 6814 7012 7014 8012 8014\" \/>\n<meta property=\"og:url\" content=\"https:\/\/edel.fr\/produit\/kit-complet-mecanisme-double-disque-av-organique-2-butees-et-roulement-pilote-renault-claas-o280-280-12-13-cannelures\/\" \/>\n<meta property=\"og:site_name\" content=\"Edel\" \/>\n<meta property=\"article:modified_time\" content=\"2026-04-03T01:00:46+00:00\" \/>\n<meta property=\"og:image\" content=\"https:\/\/edel.fr\/uploads\/2018\/11\/K49.jpg\" \/>\n\t<meta property=\"og:image:width\" content=\"1920\" \/>\n\t<meta property=\"og:image:height\" content=\"1920\" \/>\n\t<meta property=\"og:image:type\" content=\"image\/jpeg\" \/>\n<meta name=\"twitter:card\" content=\"summary_large_image\" \/>\n<meta name=\"twitter:label1\" content=\"Est. reading time\" \/>\n\t<meta name=\"twitter:data1\" content=\"2 minutes\" \/>\n<script type=\"application\/ld+json\" class=\"yoast-schema-graph\">{\"@context\":\"https:\\\/\\\/schema.org\",\"@graph\":[{\"@type\":\"WebPage\",\"@id\":\"https:\\\/\\\/edel.fr\\\/produit\\\/kit-complet-mecanisme-double-disque-av-organique-2-butees-et-roulement-pilote-renault-claas-o280-280-12-13-cannelures\\\/\",\"url\":\"https:\\\/\\\/edel.fr\\\/produit\\\/kit-complet-mecanisme-double-disque-av-organique-2-butees-et-roulement-pilote-renault-claas-o280-280-12-13-cannelures\\\/\",\"name\":\"Kit Embrayage Renault, Deutz, Case IH- 2100 21400 PJN PJ - Edel\",\"isPartOf\":{\"@id\":\"https:\\\/\\\/www.edel.fr\\\/en\\\/#website\"},\"primaryImageOfPage\":{\"@id\":\"https:\\\/\\\/edel.fr\\\/produit\\\/kit-complet-mecanisme-double-disque-av-organique-2-butees-et-roulement-pilote-renault-claas-o280-280-12-13-cannelures\\\/#primaryimage\"},\"image\":{\"@id\":\"https:\\\/\\\/edel.fr\\\/produit\\\/kit-complet-mecanisme-double-disque-av-organique-2-butees-et-roulement-pilote-renault-claas-o280-280-12-13-cannelures\\\/#primaryimage\"},\"thumbnailUrl\":\"https:\\\/\\\/www.edel.fr\\\/uploads\\\/2018\\\/11\\\/K49.jpg\",\"datePublished\":\"2019-03-11T08:24:50+00:00\",\"dateModified\":\"2026-04-03T01:00:46+00:00\",\"description\":\"Kit Embrayage Renault Claas, Deutz, Case IH Complet - Disque AV. Organique, 2 but\u00e9es et roulement pilote - \u00d8280\\\/280 - 5512 5514 6814 7012 7014 8012 8014\",\"breadcrumb\":{\"@id\":\"https:\\\/\\\/edel.fr\\\/produit\\\/kit-complet-mecanisme-double-disque-av-organique-2-butees-et-roulement-pilote-renault-claas-o280-280-12-13-cannelures\\\/#breadcrumb\"},\"inLanguage\":\"en-US\",\"potentialAction\":[{\"@type\":\"ReadAction\",\"target\":[\"https:\\\/\\\/edel.fr\\\/produit\\\/kit-complet-mecanisme-double-disque-av-organique-2-butees-et-roulement-pilote-renault-claas-o280-280-12-13-cannelures\\\/\"]}]},{\"@type\":\"ImageObject\",\"inLanguage\":\"en-US\",\"@id\":\"https:\\\/\\\/edel.fr\\\/produit\\\/kit-complet-mecanisme-double-disque-av-organique-2-butees-et-roulement-pilote-renault-claas-o280-280-12-13-cannelures\\\/#primaryimage\",\"url\":\"https:\\\/\\\/www.edel.fr\\\/uploads\\\/2018\\\/11\\\/K49.jpg\",\"contentUrl\":\"https:\\\/\\\/www.edel.fr\\\/uploads\\\/2018\\\/11\\\/K49.jpg\",\"width\":1920,\"height\":1920,\"caption\":\"KIT COMPLET M\u00e9canisme double, disque AV. Organique, 2 but\u00e9es et roulement pilote - Renault Claas - \u00d8280\\\/280 - 12\\\/13 Cannelures\"},{\"@type\":\"BreadcrumbList\",\"@id\":\"https:\\\/\\\/edel.fr\\\/produit\\\/kit-complet-mecanisme-double-disque-av-organique-2-butees-et-roulement-pilote-renault-claas-o280-280-12-13-cannelures\\\/#breadcrumb\",\"itemListElement\":[{\"@type\":\"ListItem\",\"position\":1,\"name\":\"Pi\u00e8ce Tracteur\",\"item\":\"https:\\\/\\\/www.edel.fr\\\/en\\\/\"},{\"@type\":\"ListItem\",\"position\":2,\"name\":\"Toutes nos pi\u00e8ces Tracteur\",\"item\":\"https:\\\/\\\/edel.fr\\\/shop\\\/\"},{\"@type\":\"ListItem\",\"position\":3,\"name\":\"Kit Embrayage Renault, Deutz, Case IH- 2100 21400 PJN PJ\"}]},{\"@type\":\"WebSite\",\"@id\":\"https:\\\/\\\/www.edel.fr\\\/en\\\/#website\",\"url\":\"https:\\\/\\\/www.edel.fr\\\/en\\\/\",\"name\":\"Edel\",\"description\":\"Pi\u00e8ce d\u00e9tach\u00e9e de Tracteur Agricole\",\"publisher\":{\"@id\":\"https:\\\/\\\/www.edel.fr\\\/en\\\/#organization\"},\"potentialAction\":[{\"@type\":\"SearchAction\",\"target\":{\"@type\":\"EntryPoint\",\"urlTemplate\":\"https:\\\/\\\/www.edel.fr\\\/en\\\/?s={search_term_string}\"},\"query-input\":{\"@type\":\"PropertyValueSpecification\",\"valueRequired\":true,\"valueName\":\"search_term_string\"}}],\"inLanguage\":\"en-US\"},{\"@type\":\"Organization\",\"@id\":\"https:\\\/\\\/www.edel.fr\\\/en\\\/#organization\",\"name\":\"Edel\",\"url\":\"https:\\\/\\\/www.edel.fr\\\/en\\\/\",\"logo\":{\"@type\":\"ImageObject\",\"inLanguage\":\"en-US\",\"@id\":\"https:\\\/\\\/www.edel.fr\\\/en\\\/#\\\/schema\\\/logo\\\/image\\\/\",\"url\":\"https:\\\/\\\/www.edel.fr\\\/uploads\\\/2018\\\/11\\\/logo-edel.png\",\"contentUrl\":\"https:\\\/\\\/www.edel.fr\\\/uploads\\\/2018\\\/11\\\/logo-edel.png\",\"width\":257,\"height\":68,\"caption\":\"Edel\"},\"image\":{\"@id\":\"https:\\\/\\\/www.edel.fr\\\/en\\\/#\\\/schema\\\/logo\\\/image\\\/\"}}]}<\/script>\n<!-- \/ Yoast SEO plugin. -->","yoast_head_json":{"title":"Kit Embrayage Renault, Deutz, Case IH- 2100 21400 PJN PJ - Edel","description":"Kit Embrayage Renault Claas, Deutz, Case IH Complet - Disque AV. Organique, 2 but\u00e9es et roulement pilote - \u00d8280\/280 - 5512 5514 6814 7012 7014 8012 8014","robots":{"index":"index","follow":"follow","max-snippet":"max-snippet:-1","max-image-preview":"max-image-preview:large","max-video-preview":"max-video-preview:-1"},"canonical":"https:\/\/edel.fr\/produit\/kit-complet-mecanisme-double-disque-av-organique-2-butees-et-roulement-pilote-renault-claas-o280-280-12-13-cannelures\/","og_locale":"en_US","og_type":"article","og_title":"Kit Embrayage Renault, Deutz, Case IH- 2100 21400 PJN PJ - Edel","og_description":"Kit Embrayage Renault Claas, Deutz, Case IH Complet - Disque AV. Organique, 2 but\u00e9es et roulement pilote - \u00d8280\/280 - 5512 5514 6814 7012 7014 8012 8014","og_url":"https:\/\/edel.fr\/produit\/kit-complet-mecanisme-double-disque-av-organique-2-butees-et-roulement-pilote-renault-claas-o280-280-12-13-cannelures\/","og_site_name":"Edel","article_modified_time":"2026-04-03T01:00:46+00:00","og_image":[{"width":1920,"height":1920,"url":"https:\/\/edel.fr\/uploads\/2018\/11\/K49.jpg","type":"image\/jpeg"}],"twitter_card":"summary_large_image","twitter_misc":{"Est. reading time":"2 minutes"},"schema":{"@context":"https:\/\/schema.org","@graph":[{"@type":"WebPage","@id":"https:\/\/edel.fr\/produit\/kit-complet-mecanisme-double-disque-av-organique-2-butees-et-roulement-pilote-renault-claas-o280-280-12-13-cannelures\/","url":"https:\/\/edel.fr\/produit\/kit-complet-mecanisme-double-disque-av-organique-2-butees-et-roulement-pilote-renault-claas-o280-280-12-13-cannelures\/","name":"Kit Embrayage Renault, Deutz, Case IH- 2100 21400 PJN PJ - Edel","isPartOf":{"@id":"https:\/\/www.edel.fr\/en\/#website"},"primaryImageOfPage":{"@id":"https:\/\/edel.fr\/produit\/kit-complet-mecanisme-double-disque-av-organique-2-butees-et-roulement-pilote-renault-claas-o280-280-12-13-cannelures\/#primaryimage"},"image":{"@id":"https:\/\/edel.fr\/produit\/kit-complet-mecanisme-double-disque-av-organique-2-butees-et-roulement-pilote-renault-claas-o280-280-12-13-cannelures\/#primaryimage"},"thumbnailUrl":"https:\/\/www.edel.fr\/uploads\/2018\/11\/K49.jpg","datePublished":"2019-03-11T08:24:50+00:00","dateModified":"2026-04-03T01:00:46+00:00","description":"Kit Embrayage Renault Claas, Deutz, Case IH Complet - Disque AV. Organique, 2 but\u00e9es et roulement pilote - \u00d8280\/280 - 5512 5514 6814 7012 7014 8012 8014","breadcrumb":{"@id":"https:\/\/edel.fr\/produit\/kit-complet-mecanisme-double-disque-av-organique-2-butees-et-roulement-pilote-renault-claas-o280-280-12-13-cannelures\/#breadcrumb"},"inLanguage":"en-US","potentialAction":[{"@type":"ReadAction","target":["https:\/\/edel.fr\/produit\/kit-complet-mecanisme-double-disque-av-organique-2-butees-et-roulement-pilote-renault-claas-o280-280-12-13-cannelures\/"]}]},{"@type":"ImageObject","inLanguage":"en-US","@id":"https:\/\/edel.fr\/produit\/kit-complet-mecanisme-double-disque-av-organique-2-butees-et-roulement-pilote-renault-claas-o280-280-12-13-cannelures\/#primaryimage","url":"https:\/\/www.edel.fr\/uploads\/2018\/11\/K49.jpg","contentUrl":"https:\/\/www.edel.fr\/uploads\/2018\/11\/K49.jpg","width":1920,"height":1920,"caption":"KIT COMPLET M\u00e9canisme double, disque AV. Organique, 2 but\u00e9es et roulement pilote - Renault Claas - \u00d8280\/280 - 12\/13 Cannelures"},{"@type":"BreadcrumbList","@id":"https:\/\/edel.fr\/produit\/kit-complet-mecanisme-double-disque-av-organique-2-butees-et-roulement-pilote-renault-claas-o280-280-12-13-cannelures\/#breadcrumb","itemListElement":[{"@type":"ListItem","position":1,"name":"Pi\u00e8ce Tracteur","item":"https:\/\/www.edel.fr\/en\/"},{"@type":"ListItem","position":2,"name":"Toutes nos pi\u00e8ces Tracteur","item":"https:\/\/edel.fr\/shop\/"},{"@type":"ListItem","position":3,"name":"Kit Embrayage Renault, Deutz, Case IH- 2100 21400 PJN PJ"}]},{"@type":"WebSite","@id":"https:\/\/www.edel.fr\/en\/#website","url":"https:\/\/www.edel.fr\/en\/","name":"Edel","description":"Pi\u00e8ce d\u00e9tach\u00e9e de Tracteur Agricole","publisher":{"@id":"https:\/\/www.edel.fr\/en\/#organization"},"potentialAction":[{"@type":"SearchAction","target":{"@type":"EntryPoint","urlTemplate":"https:\/\/www.edel.fr\/en\/?s={search_term_string}"},"query-input":{"@type":"PropertyValueSpecification","valueRequired":true,"valueName":"search_term_string"}}],"inLanguage":"en-US"},{"@type":"Organization","@id":"https:\/\/www.edel.fr\/en\/#organization","name":"Edel","url":"https:\/\/www.edel.fr\/en\/","logo":{"@type":"ImageObject","inLanguage":"en-US","@id":"https:\/\/www.edel.fr\/en\/#\/schema\/logo\/image\/","url":"https:\/\/www.edel.fr\/uploads\/2018\/11\/logo-edel.png","contentUrl":"https:\/\/www.edel.fr\/uploads\/2018\/11\/logo-edel.png","width":257,"height":68,"caption":"Edel"},"image":{"@id":"https:\/\/www.edel.fr\/en\/#\/schema\/logo\/image\/"}}]}},"_links":{"self":[{"href":"https:\/\/www.edel.fr\/en\/wp-json\/wp\/v2\/product\/5997","targetHints":{"allow":["GET"]}}],"collection":[{"href":"https:\/\/www.edel.fr\/en\/wp-json\/wp\/v2\/product"}],"about":[{"href":"https:\/\/www.edel.fr\/en\/wp-json\/wp\/v2\/types\/product"}],"version-history":[{"count":2,"href":"https:\/\/www.edel.fr\/en\/wp-json\/wp\/v2\/product\/5997\/revisions"}],"predecessor-version":[{"id":15031,"href":"https:\/\/www.edel.fr\/en\/wp-json\/wp\/v2\/product\/5997\/revisions\/15031"}],"wp:featuredmedia":[{"embeddable":true,"href":"https:\/\/www.edel.fr\/en\/wp-json\/wp\/v2\/media\/4200"}],"wp:attachment":[{"href":"https:\/\/www.edel.fr\/en\/wp-json\/wp\/v2\/media?parent=5997"}],"wp:term":[{"taxonomy":"product_brand","embeddable":true,"href":"https:\/\/www.edel.fr\/en\/wp-json\/wp\/v2\/product_brand?post=5997"},{"taxonomy":"product_cat","embeddable":true,"href":"https:\/\/www.edel.fr\/en\/wp-json\/wp\/v2\/product_cat?post=5997"},{"taxonomy":"product_tag","embeddable":true,"href":"https:\/\/www.edel.fr\/en\/wp-json\/wp\/v2\/product_tag?post=5997"},{"taxonomy":"tracteur","embeddable":true,"href":"https:\/\/www.edel.fr\/en\/wp-json\/wp\/v2\/tracteur?post=5997"}],"curies":[{"name":"wp","href":"https:\/\/api.w.org\/{rel}","templated":true}]}}