{"id":5996,"date":"2019-03-11T09:24:50","date_gmt":"2019-03-11T08:24:50","guid":{"rendered":"http:\/\/edel.stephanie.ct.webcd.lan\/shop\/kit-complet-mecanisme-double-disque-av-cerametallique-2-butees-et-roulement-pilote-renault-claas-o330-330-16-18-cannelures\/"},"modified":"2026-03-27T02:00:54","modified_gmt":"2026-03-27T01:00:54","slug":"kit-complet-mecanisme-double-disque-av-cerametallique-2-butees-et-roulement-pilote-renault-claas-o330-330-16-18-cannelures","status":"publish","type":"product","link":"https:\/\/www.edel.fr\/en\/product\/kit-complet-mecanisme-double-disque-av-cerametallique-2-butees-et-roulement-pilote-renault-claas-o330-330-16-18-cannelures\/","title":{"rendered":"Kit Embrayage Renault 106\/14 110\/14 120\/14 110\/54 133\/54"},"content":{"rendered":"<div data-elementor-type=\"wp-post\" data-elementor-id=\"5996\" class=\"elementor elementor-5996\">\n\t\t\t\t\t\t<section class=\"elementor-section elementor-top-section elementor-element elementor-element-06853d2 elementor-section-boxed elementor-section-height-default elementor-section-height-default\" data-id=\"06853d2\" data-element_type=\"section\" data-e-type=\"section\">\n\t\t\t\t\t\t<div class=\"elementor-container elementor-column-gap-default\">\n\t\t\t\t\t<div class=\"elementor-column elementor-col-100 elementor-top-column elementor-element elementor-element-4bc59ee\" data-id=\"4bc59ee\" data-element_type=\"column\" data-e-type=\"column\">\n\t\t\t<div class=\"elementor-widget-wrap elementor-element-populated\">\n\t\t\t\t\t\t<div class=\"elementor-element elementor-element-900c147 elementor-widget elementor-widget-heading\" data-id=\"900c147\" data-element_type=\"widget\" data-e-type=\"widget\" data-widget_type=\"heading.default\">\n\t\t\t\t<div class=\"elementor-widget-container\">\n\t\t\t\t\t<h2 class=\"elementor-heading-title elementor-size-default\">KIT COMPLET <br><br>M\u00e9canisme double, disque AVANCEMENT C\u00e9ram\u00e9tallique, 2 but\u00e9es et roulement pilote <br><br>\u00d8 330 \/ 330 MM - 16 \/ 18 Cannelures<\/h2>\t\t\t\t<\/div>\n\t\t\t\t<\/div>\n\t\t\t\t\t<\/div>\n\t\t<\/div>\n\t\t\t\t\t<\/div>\n\t\t<\/section>\n\t\t\t\t<section class=\"elementor-section elementor-top-section elementor-element elementor-element-d051399 elementor-section-boxed elementor-section-height-default elementor-section-height-default\" data-id=\"d051399\" data-element_type=\"section\" data-e-type=\"section\">\n\t\t\t\t\t\t<div class=\"elementor-container elementor-column-gap-default\">\n\t\t\t\t\t<div class=\"elementor-column elementor-col-100 elementor-top-column elementor-element elementor-element-96a84e5\" data-id=\"96a84e5\" data-element_type=\"column\" data-e-type=\"column\">\n\t\t\t<div class=\"elementor-widget-wrap elementor-element-populated\">\n\t\t\t\t\t\t<div class=\"elementor-element elementor-element-ccfc4d1 elementor-widget elementor-widget-heading\" data-id=\"ccfc4d1\" data-element_type=\"widget\" data-e-type=\"widget\" data-widget_type=\"heading.default\">\n\t\t\t\t<div class=\"elementor-widget-container\">\n\t\t\t\t\t<h3 class=\"elementor-heading-title elementor-size-default\">Information du produit :<\/h3>\t\t\t\t<\/div>\n\t\t\t\t<\/div>\n\t\t\t\t\t<\/div>\n\t\t<\/div>\n\t\t\t\t\t<\/div>\n\t\t<\/section>\n\t\t\t\t<section class=\"elementor-section elementor-top-section elementor-element elementor-element-459ab7d elementor-section-boxed elementor-section-height-default elementor-section-height-default\" data-id=\"459ab7d\" data-element_type=\"section\" data-e-type=\"section\">\n\t\t\t\t\t\t<div class=\"elementor-container elementor-column-gap-default\">\n\t\t\t\t\t<div class=\"elementor-column elementor-col-100 elementor-top-column elementor-element elementor-element-6fcfeb9\" data-id=\"6fcfeb9\" data-element_type=\"column\" data-e-type=\"column\">\n\t\t\t<div class=\"elementor-widget-wrap elementor-element-populated\">\n\t\t\t\t\t\t<div class=\"elementor-element elementor-element-e6aa69c elementor-widget elementor-widget-text-editor\" data-id=\"e6aa69c\" data-element_type=\"widget\" data-e-type=\"widget\" data-widget_type=\"text-editor.default\">\n\t\t\t\t<div class=\"elementor-widget-container\">\n\t\t\t\t\t\t\t\t\t<p>Kit embrayage de la marque : Renault Claas<\/p><p>Renault Claas\u00a0 : 106\/14, 110\/14, 113\/14, 1151, 1181, 120\/54, 133\/14, 891, 951, 981.<\/p><p>Le kit d\u2019embrayage tracteur agricole est compos\u00e9 d\u2019un m\u00e9canisme, d\u2019un ou deux disques, d\u2019une ou deux but\u00e9es et du roulement pilote. De plus le kit complet comprend la totalit\u00e9 des pi\u00e8ces \u00e0 changer en atelier. Cependant les pi\u00e8ces de rechange qui le composent sont rigoureusement s\u00e9lectionn\u00e9es pour leur qualit\u00e9 et leur fiabilit\u00e9.\u00a0<\/p><p>Toutefois choisir de remplacer une pi\u00e8ce au d\u00e9tail peut s\u2019av\u00e9rer \u00eatre moins avantageux que de remplacer un ensemble complet. Nos kits se distinguent par la qualit\u00e9 de nos but\u00e9es d\u2019embrayages et roulements pilotes. Une but\u00e9e adaptable qui grippe conduit irr\u00e9m\u00e9diablement \u00e0 la destruction du m\u00e9canisme.<\/p><p>Car pour le montage d\u2019un kit d\u2019embrayage agricole, les pi\u00e8ces p\u00e9riph\u00e9riques doivent proc\u00e9der \u00e0 un examen minutieux. Notamment, le volant moteur et les diff\u00e9rents joints spi.<\/p><p>En effet, pour le syst\u00e8me de commande, une vigilance particuli\u00e8re est \u00e0 porter au c\u00e2ble, a la tringlerie et au circuit hydraulique. En cas de doute, ces composants doivent absolument \u00eatre remis \u00e0 niveau pour permettre le parfait fonctionnement de l\u2019embrayage.<\/p><p>Bien s\u00fbr, pour plus de renseignements, n&rsquo;h\u00e9sitez pas \u00e0 nous consulter !<\/p>\t\t\t\t\t\t\t\t<\/div>\n\t\t\t\t<\/div>\n\t\t\t\t\t<\/div>\n\t\t<\/div>\n\t\t\t\t\t<\/div>\n\t\t<\/section>\n\t\t\t\t<\/div>","protected":false},"excerpt":{"rendered":"<p>KIT COMPLET M\u00e9canisme double, disque AVANCEMENT C\u00e9ram\u00e9tallique, 2 but\u00e9es et roulement pilote \u00d8 330 \/ 330 MM &#8211; 16 \/ 18 Cannelures Information du produit : Kit embrayage de la marque : Renault Claas Renault Claas\u00a0 : 106\/14, 110\/14, 113\/14, 1151, 1181, 120\/54, 133\/14, 891, 951, 981. Le kit d\u2019embrayage tracteur agricole est compos\u00e9 d\u2019un<br \/><a class=\"more-link\" href=\"https:\/\/www.edel.fr\/en\/product\/kit-complet-mecanisme-double-disque-av-cerametallique-2-butees-et-roulement-pilote-renault-claas-o330-330-16-18-cannelures\/\"><br \/>\n        Read More<span class=\"screen-reader-text\"> \u00ab\u00a0Kit Embrayage Renault 106\/14 110\/14 120\/14 110\/54 133\/54\u00a0\u00bb<\/span><\/a><\/p>","protected":false},"featured_media":4199,"template":"","meta":[],"product_brand":[],"product_cat":[1141,3965,119,120],"product_tag":[143,124],"tracteur":[],"class_list":{"0":"post-5996","1":"product","2":"type-product","3":"status-publish","4":"has-post-thumbnail","6":"product_cat-kits-dembrayage","7":"product_cat-renault-claas","8":"product_cat-tracteurs-agricoles","9":"product_cat-transmissions","10":"product_tag-kits-dembrayage","11":"product_tag-transmissions","12":"product_shipping_class-142","13":"pa_fabriquant-kawe","14":"pa_marque-tracteur-renault-claas","15":"pa_modele-tracteur-106-14","16":"pa_modele-tracteur-110-14","17":"pa_modele-tracteur-113-14","18":"pa_modele-tracteur-4457","19":"pa_modele-tracteur-4458","20":"pa_modele-tracteur-120-54","21":"pa_modele-tracteur-133-14","22":"pa_modele-tracteur-3780","23":"pa_modele-tracteur-4451","24":"pa_modele-tracteur-3781","25":"badges-style-2","27":"first","28":"instock","29":"taxable","30":"shipping-taxable","31":"purchasable","32":"product-type-simple"},"acf":[],"yoast_head":"<!-- This site is optimized with the Yoast SEO plugin v27.3 - https:\/\/yoast.com\/product\/yoast-seo-wordpress\/ -->\n<title>Kit Embrayage Renault 106\/14 110\/14 120\/14 110\/54 133\/54 - Edel<\/title>\n<meta name=\"description\" content=\"Renault Claas Kit Embrayage Complet - M\u00e9canisme double, disque AV. C\u00e9ram\u00e9tallique, 2 but\u00e9es et roulement pilote - \u00d8330\/330 - 110\/14 113\/14 120\/54 133\/14 981\" \/>\n<meta name=\"robots\" content=\"index, follow, max-snippet:-1, max-image-preview:large, max-video-preview:-1\" \/>\n<link rel=\"canonical\" href=\"http:\/\/www.edel.fr\/en\/product\/kit-complet-mecanisme-double-disque-av-cerametallique-2-butees-et-roulement-pilote-renault-claas-o330-330-16-18-cannelures\/\" \/>\n<meta property=\"og:locale\" content=\"en_US\" \/>\n<meta property=\"og:type\" content=\"article\" \/>\n<meta property=\"og:title\" content=\"Kit Embrayage Renault 106\/14 110\/14 120\/14 110\/54 133\/54 - Edel\" \/>\n<meta property=\"og:description\" content=\"Renault Claas Kit Embrayage Complet - M\u00e9canisme double, disque AV. C\u00e9ram\u00e9tallique, 2 but\u00e9es et roulement pilote - \u00d8330\/330 - 110\/14 113\/14 120\/54 133\/14 981\" \/>\n<meta property=\"og:url\" content=\"http:\/\/www.edel.fr\/en\/product\/kit-complet-mecanisme-double-disque-av-cerametallique-2-butees-et-roulement-pilote-renault-claas-o330-330-16-18-cannelures\/\" \/>\n<meta property=\"og:site_name\" content=\"Edel\" \/>\n<meta property=\"article:modified_time\" content=\"2026-03-27T01:00:54+00:00\" \/>\n<meta property=\"og:image\" content=\"http:\/\/www.edel.fr\/uploads\/2018\/11\/K48.jpg\" \/>\n\t<meta property=\"og:image:width\" content=\"1920\" \/>\n\t<meta property=\"og:image:height\" content=\"1920\" \/>\n\t<meta property=\"og:image:type\" content=\"image\/jpeg\" \/>\n<meta name=\"twitter:card\" content=\"summary_large_image\" \/>\n<meta name=\"twitter:label1\" content=\"Est. reading time\" \/>\n\t<meta name=\"twitter:data1\" content=\"2 minutes\" \/>\n<script type=\"application\/ld+json\" class=\"yoast-schema-graph\">{\"@context\":\"https:\\\/\\\/schema.org\",\"@graph\":[{\"@type\":\"WebPage\",\"@id\":\"http:\\\/\\\/www.edel.fr\\\/en\\\/product\\\/kit-complet-mecanisme-double-disque-av-cerametallique-2-butees-et-roulement-pilote-renault-claas-o330-330-16-18-cannelures\\\/\",\"url\":\"http:\\\/\\\/www.edel.fr\\\/en\\\/product\\\/kit-complet-mecanisme-double-disque-av-cerametallique-2-butees-et-roulement-pilote-renault-claas-o330-330-16-18-cannelures\\\/\",\"name\":\"Kit Embrayage Renault 106\\\/14 110\\\/14 120\\\/14 110\\\/54 133\\\/54 - Edel\",\"isPartOf\":{\"@id\":\"https:\\\/\\\/www.edel.fr\\\/en\\\/#website\"},\"primaryImageOfPage\":{\"@id\":\"http:\\\/\\\/www.edel.fr\\\/en\\\/product\\\/kit-complet-mecanisme-double-disque-av-cerametallique-2-butees-et-roulement-pilote-renault-claas-o330-330-16-18-cannelures\\\/#primaryimage\"},\"image\":{\"@id\":\"http:\\\/\\\/www.edel.fr\\\/en\\\/product\\\/kit-complet-mecanisme-double-disque-av-cerametallique-2-butees-et-roulement-pilote-renault-claas-o330-330-16-18-cannelures\\\/#primaryimage\"},\"thumbnailUrl\":\"https:\\\/\\\/www.edel.fr\\\/uploads\\\/2018\\\/11\\\/K48.jpg\",\"datePublished\":\"2019-03-11T08:24:50+00:00\",\"dateModified\":\"2026-03-27T01:00:54+00:00\",\"description\":\"Renault Claas Kit Embrayage Complet - M\u00e9canisme double, disque AV. C\u00e9ram\u00e9tallique, 2 but\u00e9es et roulement pilote - \u00d8330\\\/330 - 110\\\/14 113\\\/14 120\\\/54 133\\\/14 981\",\"breadcrumb\":{\"@id\":\"http:\\\/\\\/www.edel.fr\\\/en\\\/product\\\/kit-complet-mecanisme-double-disque-av-cerametallique-2-butees-et-roulement-pilote-renault-claas-o330-330-16-18-cannelures\\\/#breadcrumb\"},\"inLanguage\":\"en-US\",\"potentialAction\":[{\"@type\":\"ReadAction\",\"target\":[\"http:\\\/\\\/www.edel.fr\\\/en\\\/product\\\/kit-complet-mecanisme-double-disque-av-cerametallique-2-butees-et-roulement-pilote-renault-claas-o330-330-16-18-cannelures\\\/\"]}]},{\"@type\":\"ImageObject\",\"inLanguage\":\"en-US\",\"@id\":\"http:\\\/\\\/www.edel.fr\\\/en\\\/product\\\/kit-complet-mecanisme-double-disque-av-cerametallique-2-butees-et-roulement-pilote-renault-claas-o330-330-16-18-cannelures\\\/#primaryimage\",\"url\":\"https:\\\/\\\/www.edel.fr\\\/uploads\\\/2018\\\/11\\\/K48.jpg\",\"contentUrl\":\"https:\\\/\\\/www.edel.fr\\\/uploads\\\/2018\\\/11\\\/K48.jpg\",\"width\":1920,\"height\":1920,\"caption\":\"Renault Claas Kit Embrayage Complet - 106\\\/14 1151 1181 891 951\"},{\"@type\":\"BreadcrumbList\",\"@id\":\"http:\\\/\\\/www.edel.fr\\\/en\\\/product\\\/kit-complet-mecanisme-double-disque-av-cerametallique-2-butees-et-roulement-pilote-renault-claas-o330-330-16-18-cannelures\\\/#breadcrumb\",\"itemListElement\":[{\"@type\":\"ListItem\",\"position\":1,\"name\":\"Pi\u00e8ce Tracteur\",\"item\":\"https:\\\/\\\/www.edel.fr\\\/en\\\/\"},{\"@type\":\"ListItem\",\"position\":2,\"name\":\"Toutes nos pi\u00e8ces Tracteur\",\"item\":\"https:\\\/\\\/edel.fr\\\/shop\\\/\"},{\"@type\":\"ListItem\",\"position\":3,\"name\":\"Kit Embrayage Renault 106\\\/14 110\\\/14 120\\\/14 110\\\/54 133\\\/54\"}]},{\"@type\":\"WebSite\",\"@id\":\"https:\\\/\\\/www.edel.fr\\\/en\\\/#website\",\"url\":\"https:\\\/\\\/www.edel.fr\\\/en\\\/\",\"name\":\"Edel\",\"description\":\"Pi\u00e8ce d\u00e9tach\u00e9e de Tracteur Agricole\",\"publisher\":{\"@id\":\"https:\\\/\\\/www.edel.fr\\\/en\\\/#organization\"},\"potentialAction\":[{\"@type\":\"SearchAction\",\"target\":{\"@type\":\"EntryPoint\",\"urlTemplate\":\"https:\\\/\\\/www.edel.fr\\\/en\\\/?s={search_term_string}\"},\"query-input\":{\"@type\":\"PropertyValueSpecification\",\"valueRequired\":true,\"valueName\":\"search_term_string\"}}],\"inLanguage\":\"en-US\"},{\"@type\":\"Organization\",\"@id\":\"https:\\\/\\\/www.edel.fr\\\/en\\\/#organization\",\"name\":\"Edel\",\"url\":\"https:\\\/\\\/www.edel.fr\\\/en\\\/\",\"logo\":{\"@type\":\"ImageObject\",\"inLanguage\":\"en-US\",\"@id\":\"https:\\\/\\\/www.edel.fr\\\/en\\\/#\\\/schema\\\/logo\\\/image\\\/\",\"url\":\"https:\\\/\\\/www.edel.fr\\\/uploads\\\/2018\\\/11\\\/logo-edel.png\",\"contentUrl\":\"https:\\\/\\\/www.edel.fr\\\/uploads\\\/2018\\\/11\\\/logo-edel.png\",\"width\":257,\"height\":68,\"caption\":\"Edel\"},\"image\":{\"@id\":\"https:\\\/\\\/www.edel.fr\\\/en\\\/#\\\/schema\\\/logo\\\/image\\\/\"}}]}<\/script>\n<!-- \/ Yoast SEO plugin. -->","yoast_head_json":{"title":"Kit Embrayage Renault 106\/14 110\/14 120\/14 110\/54 133\/54 - Edel","description":"Renault Claas Kit Embrayage Complet - M\u00e9canisme double, disque AV. C\u00e9ram\u00e9tallique, 2 but\u00e9es et roulement pilote - \u00d8330\/330 - 110\/14 113\/14 120\/54 133\/14 981","robots":{"index":"index","follow":"follow","max-snippet":"max-snippet:-1","max-image-preview":"max-image-preview:large","max-video-preview":"max-video-preview:-1"},"canonical":"http:\/\/www.edel.fr\/en\/product\/kit-complet-mecanisme-double-disque-av-cerametallique-2-butees-et-roulement-pilote-renault-claas-o330-330-16-18-cannelures\/","og_locale":"en_US","og_type":"article","og_title":"Kit Embrayage Renault 106\/14 110\/14 120\/14 110\/54 133\/54 - Edel","og_description":"Renault Claas Kit Embrayage Complet - M\u00e9canisme double, disque AV. C\u00e9ram\u00e9tallique, 2 but\u00e9es et roulement pilote - \u00d8330\/330 - 110\/14 113\/14 120\/54 133\/14 981","og_url":"http:\/\/www.edel.fr\/en\/product\/kit-complet-mecanisme-double-disque-av-cerametallique-2-butees-et-roulement-pilote-renault-claas-o330-330-16-18-cannelures\/","og_site_name":"Edel","article_modified_time":"2026-03-27T01:00:54+00:00","og_image":[{"width":1920,"height":1920,"url":"http:\/\/www.edel.fr\/uploads\/2018\/11\/K48.jpg","type":"image\/jpeg"}],"twitter_card":"summary_large_image","twitter_misc":{"Est. reading time":"2 minutes"},"schema":{"@context":"https:\/\/schema.org","@graph":[{"@type":"WebPage","@id":"http:\/\/www.edel.fr\/en\/product\/kit-complet-mecanisme-double-disque-av-cerametallique-2-butees-et-roulement-pilote-renault-claas-o330-330-16-18-cannelures\/","url":"http:\/\/www.edel.fr\/en\/product\/kit-complet-mecanisme-double-disque-av-cerametallique-2-butees-et-roulement-pilote-renault-claas-o330-330-16-18-cannelures\/","name":"Kit Embrayage Renault 106\/14 110\/14 120\/14 110\/54 133\/54 - Edel","isPartOf":{"@id":"https:\/\/www.edel.fr\/en\/#website"},"primaryImageOfPage":{"@id":"http:\/\/www.edel.fr\/en\/product\/kit-complet-mecanisme-double-disque-av-cerametallique-2-butees-et-roulement-pilote-renault-claas-o330-330-16-18-cannelures\/#primaryimage"},"image":{"@id":"http:\/\/www.edel.fr\/en\/product\/kit-complet-mecanisme-double-disque-av-cerametallique-2-butees-et-roulement-pilote-renault-claas-o330-330-16-18-cannelures\/#primaryimage"},"thumbnailUrl":"https:\/\/www.edel.fr\/uploads\/2018\/11\/K48.jpg","datePublished":"2019-03-11T08:24:50+00:00","dateModified":"2026-03-27T01:00:54+00:00","description":"Renault Claas Kit Embrayage Complet - M\u00e9canisme double, disque AV. C\u00e9ram\u00e9tallique, 2 but\u00e9es et roulement pilote - \u00d8330\/330 - 110\/14 113\/14 120\/54 133\/14 981","breadcrumb":{"@id":"http:\/\/www.edel.fr\/en\/product\/kit-complet-mecanisme-double-disque-av-cerametallique-2-butees-et-roulement-pilote-renault-claas-o330-330-16-18-cannelures\/#breadcrumb"},"inLanguage":"en-US","potentialAction":[{"@type":"ReadAction","target":["http:\/\/www.edel.fr\/en\/product\/kit-complet-mecanisme-double-disque-av-cerametallique-2-butees-et-roulement-pilote-renault-claas-o330-330-16-18-cannelures\/"]}]},{"@type":"ImageObject","inLanguage":"en-US","@id":"http:\/\/www.edel.fr\/en\/product\/kit-complet-mecanisme-double-disque-av-cerametallique-2-butees-et-roulement-pilote-renault-claas-o330-330-16-18-cannelures\/#primaryimage","url":"https:\/\/www.edel.fr\/uploads\/2018\/11\/K48.jpg","contentUrl":"https:\/\/www.edel.fr\/uploads\/2018\/11\/K48.jpg","width":1920,"height":1920,"caption":"Renault Claas Kit Embrayage Complet - 106\/14 1151 1181 891 951"},{"@type":"BreadcrumbList","@id":"http:\/\/www.edel.fr\/en\/product\/kit-complet-mecanisme-double-disque-av-cerametallique-2-butees-et-roulement-pilote-renault-claas-o330-330-16-18-cannelures\/#breadcrumb","itemListElement":[{"@type":"ListItem","position":1,"name":"Pi\u00e8ce Tracteur","item":"https:\/\/www.edel.fr\/en\/"},{"@type":"ListItem","position":2,"name":"Toutes nos pi\u00e8ces Tracteur","item":"https:\/\/edel.fr\/shop\/"},{"@type":"ListItem","position":3,"name":"Kit Embrayage Renault 106\/14 110\/14 120\/14 110\/54 133\/54"}]},{"@type":"WebSite","@id":"https:\/\/www.edel.fr\/en\/#website","url":"https:\/\/www.edel.fr\/en\/","name":"Edel","description":"Pi\u00e8ce d\u00e9tach\u00e9e de Tracteur Agricole","publisher":{"@id":"https:\/\/www.edel.fr\/en\/#organization"},"potentialAction":[{"@type":"SearchAction","target":{"@type":"EntryPoint","urlTemplate":"https:\/\/www.edel.fr\/en\/?s={search_term_string}"},"query-input":{"@type":"PropertyValueSpecification","valueRequired":true,"valueName":"search_term_string"}}],"inLanguage":"en-US"},{"@type":"Organization","@id":"https:\/\/www.edel.fr\/en\/#organization","name":"Edel","url":"https:\/\/www.edel.fr\/en\/","logo":{"@type":"ImageObject","inLanguage":"en-US","@id":"https:\/\/www.edel.fr\/en\/#\/schema\/logo\/image\/","url":"https:\/\/www.edel.fr\/uploads\/2018\/11\/logo-edel.png","contentUrl":"https:\/\/www.edel.fr\/uploads\/2018\/11\/logo-edel.png","width":257,"height":68,"caption":"Edel"},"image":{"@id":"https:\/\/www.edel.fr\/en\/#\/schema\/logo\/image\/"}}]}},"_links":{"self":[{"href":"https:\/\/www.edel.fr\/en\/wp-json\/wp\/v2\/product\/5996","targetHints":{"allow":["GET"]}}],"collection":[{"href":"https:\/\/www.edel.fr\/en\/wp-json\/wp\/v2\/product"}],"about":[{"href":"https:\/\/www.edel.fr\/en\/wp-json\/wp\/v2\/types\/product"}],"version-history":[{"count":2,"href":"https:\/\/www.edel.fr\/en\/wp-json\/wp\/v2\/product\/5996\/revisions"}],"predecessor-version":[{"id":15028,"href":"https:\/\/www.edel.fr\/en\/wp-json\/wp\/v2\/product\/5996\/revisions\/15028"}],"wp:featuredmedia":[{"embeddable":true,"href":"https:\/\/www.edel.fr\/en\/wp-json\/wp\/v2\/media\/4199"}],"wp:attachment":[{"href":"https:\/\/www.edel.fr\/en\/wp-json\/wp\/v2\/media?parent=5996"}],"wp:term":[{"taxonomy":"product_brand","embeddable":true,"href":"https:\/\/www.edel.fr\/en\/wp-json\/wp\/v2\/product_brand?post=5996"},{"taxonomy":"product_cat","embeddable":true,"href":"https:\/\/www.edel.fr\/en\/wp-json\/wp\/v2\/product_cat?post=5996"},{"taxonomy":"product_tag","embeddable":true,"href":"https:\/\/www.edel.fr\/en\/wp-json\/wp\/v2\/product_tag?post=5996"},{"taxonomy":"tracteur","embeddable":true,"href":"https:\/\/www.edel.fr\/en\/wp-json\/wp\/v2\/tracteur?post=5996"}],"curies":[{"name":"wp","href":"https:\/\/api.w.org\/{rel}","templated":true}]}}