{"id":5990,"date":"2019-03-11T09:24:50","date_gmt":"2019-03-11T08:24:50","guid":{"rendered":"http:\/\/edel.stephanie.ct.webcd.lan\/shop\/kit-complet-mecanisme-double-disque-av-organique-2-butees-et-roulement-pilote-renault-claas-o310-310-16-13-cannelures\/"},"modified":"2025-11-05T21:07:36","modified_gmt":"2025-11-05T20:07:36","slug":"kit-complet-mecanisme-double-disque-av-organique-2-butees-et-roulement-pilote-renault-claas-o310-310-16-13-cannelures","status":"publish","type":"product","link":"https:\/\/www.edel.fr\/en\/product\/kit-complet-mecanisme-double-disque-av-organique-2-butees-et-roulement-pilote-renault-claas-o310-310-16-13-cannelures\/","title":{"rendered":"Kit Embrayage Renault Ceres 95 8012 8514 8032 8034 LUK"},"content":{"rendered":"<div data-elementor-type=\"wp-post\" data-elementor-id=\"5990\" class=\"elementor elementor-5990\">\n\t\t\t\t\t\t<section class=\"elementor-section elementor-top-section elementor-element elementor-element-205beb3 elementor-section-boxed elementor-section-height-default elementor-section-height-default\" data-id=\"205beb3\" data-element_type=\"section\" data-e-type=\"section\">\n\t\t\t\t\t\t<div class=\"elementor-container elementor-column-gap-default\">\n\t\t\t\t\t<div class=\"elementor-column elementor-col-100 elementor-top-column elementor-element elementor-element-472b612\" data-id=\"472b612\" data-element_type=\"column\" data-e-type=\"column\">\n\t\t\t<div class=\"elementor-widget-wrap elementor-element-populated\">\n\t\t\t\t\t\t<div class=\"elementor-element elementor-element-9f100e6 elementor-widget elementor-widget-heading\" data-id=\"9f100e6\" data-element_type=\"widget\" data-e-type=\"widget\" data-widget_type=\"heading.default\">\n\t\t\t\t<div class=\"elementor-widget-container\">\n\t\t\t\t\t<h2 class=\"elementor-heading-title elementor-size-default\">kit Embrayage origine luk<br><br>Renault series 3000, 4000, 5000, 6000, 7000, 8000, 9000, CERES<br><br>\u00d8 310 \/ 310 mm - 16 \/ 13 cannelures - disque avancement organique<br><\/h2>\t\t\t\t<\/div>\n\t\t\t\t<\/div>\n\t\t\t\t\t<\/div>\n\t\t<\/div>\n\t\t\t\t\t<\/div>\n\t\t<\/section>\n\t\t\t\t<section class=\"elementor-section elementor-top-section elementor-element elementor-element-38e0844 elementor-section-boxed elementor-section-height-default elementor-section-height-default\" data-id=\"38e0844\" data-element_type=\"section\" data-e-type=\"section\">\n\t\t\t\t\t\t<div class=\"elementor-container elementor-column-gap-default\">\n\t\t\t\t\t<div class=\"elementor-column elementor-col-100 elementor-top-column elementor-element elementor-element-35f8faa\" data-id=\"35f8faa\" data-element_type=\"column\" data-e-type=\"column\">\n\t\t\t<div class=\"elementor-widget-wrap elementor-element-populated\">\n\t\t\t\t\t\t<div class=\"elementor-element elementor-element-ee0f8fc elementor-widget elementor-widget-heading\" data-id=\"ee0f8fc\" data-element_type=\"widget\" data-e-type=\"widget\" data-widget_type=\"heading.default\">\n\t\t\t\t<div class=\"elementor-widget-container\">\n\t\t\t\t\t<h3 class=\"elementor-heading-title elementor-size-default\">Information du produit :<\/h3>\t\t\t\t<\/div>\n\t\t\t\t<\/div>\n\t\t\t\t\t<\/div>\n\t\t<\/div>\n\t\t\t\t\t<\/div>\n\t\t<\/section>\n\t\t\t\t<section class=\"elementor-section elementor-top-section elementor-element elementor-element-1c4498da elementor-section-boxed elementor-section-height-default elementor-section-height-default\" data-id=\"1c4498da\" data-element_type=\"section\" data-e-type=\"section\">\n\t\t\t\t\t\t<div class=\"elementor-container elementor-column-gap-default\">\n\t\t\t\t\t<div class=\"elementor-column elementor-col-100 elementor-top-column elementor-element elementor-element-1de6687b\" data-id=\"1de6687b\" data-element_type=\"column\" data-e-type=\"column\">\n\t\t\t<div class=\"elementor-widget-wrap elementor-element-populated\">\n\t\t\t\t\t\t<div class=\"elementor-element elementor-element-3ddbc346 elementor-widget elementor-widget-text-editor\" data-id=\"3ddbc346\" data-element_type=\"widget\" data-e-type=\"widget\" data-widget_type=\"text-editor.default\">\n\t\t\t\t<div class=\"elementor-widget-container\">\n\t\t\t\t\t\t\t\t\t<p>Kit embrayage de la marque : Renault Claas<\/p><p>Comprend le m\u00e9canisme d&#8217;embrayage avec disque d&rsquo;avancement organique, le disque de prise de force, les 2 but\u00e9es et le roulement pilote.<\/p><p>Renault : 3144, 5834, 68\/12, 6814, 6834, 70 M, 700M, 702M, 704M, 720MI, 724MI, 75\/12, 750MI, 750TP, 7514, 7534, 754MI, 7714, 80\/12, 80\/14, 800M, 8014, 8032, 8034, 85\/12, 85\/14, 850MI, 8534, 854MI, 9034, 9514, Ceres85, Ceres95.<\/p><p>Le kit d\u2019embrayage tracteur agricole est compos\u00e9 d\u2019un m\u00e9canisme, d\u2019un ou deux disques, d\u2019une ou deux but\u00e9es et du roulement pilote. De plus le kit complet comprend la totalit\u00e9 des pi\u00e8ces \u00e0 changer en atelier. Cependant les pi\u00e8ces de rechange qui le composent sont rigoureusement s\u00e9lectionn\u00e9es pour leur qualit\u00e9 et leur fiabilit\u00e9.\u00a0<\/p><p>Toutefois choisir de remplacer une pi\u00e8ce au d\u00e9tail peut s\u2019av\u00e9rer \u00eatre moins avantageux que de remplacer un ensemble complet. Nos kits se distinguent par la qualit\u00e9 de nos but\u00e9es d\u2019embrayages et roulements pilotes. Une but\u00e9e adaptable qui grippe conduit irr\u00e9m\u00e9diablement \u00e0 la destruction du m\u00e9canisme.<\/p><p>Car pour le montage d\u2019un kit d\u2019embrayage agricole, les pi\u00e8ces p\u00e9riph\u00e9riques doivent proc\u00e9der \u00e0 un examen minutieux. Notamment, le volant moteur et les diff\u00e9rents joints spi.<\/p><p>En effet, pour le syst\u00e8me de commande, une vigilance particuli\u00e8re est \u00e0 porter au c\u00e2ble, a la tringlerie et au circuit hydraulique. En cas de doute, ces composants doivent absolument \u00eatre remis \u00e0 niveau pour permettre le parfait fonctionnement de l\u2019embrayage.<\/p><p>Bien s\u00fbr, pour plus de renseignements, n&rsquo;h\u00e9sitez pas \u00e0 nous consulter !<\/p>\t\t\t\t\t\t\t\t<\/div>\n\t\t\t\t<\/div>\n\t\t\t\t\t<\/div>\n\t\t<\/div>\n\t\t\t\t\t<\/div>\n\t\t<\/section>\n\t\t\t\t<\/div>","protected":false},"excerpt":{"rendered":"<p>kit Embrayage origine luk Renault series 3000, 4000, 5000, 6000, 7000, 8000, 9000, CERES \u00d8 310 \/ 310 mm &#8211; 16 \/ 13 cannelures &#8211; disque avancement organique Information du produit : Kit embrayage de la marque : Renault Claas Comprend le m\u00e9canisme d&#8217;embrayage avec disque d&rsquo;avancement organique, le disque de prise de force, les<br \/><a class=\"more-link\" href=\"https:\/\/www.edel.fr\/en\/product\/kit-complet-mecanisme-double-disque-av-organique-2-butees-et-roulement-pilote-renault-claas-o310-310-16-13-cannelures\/\"><br \/>\n        Read More<span class=\"screen-reader-text\"> \u00ab\u00a0Kit Embrayage Renault Ceres 95 8012 8514 8032 8034 LUK\u00a0\u00bb<\/span><\/a><\/p>","protected":false},"featured_media":4193,"template":"","meta":[],"product_brand":[],"product_cat":[1141,3965,119,120],"product_tag":[143,124],"tracteur":[],"class_list":{"0":"post-5990","1":"product","2":"type-product","3":"status-publish","4":"has-post-thumbnail","6":"product_cat-kits-dembrayage","7":"product_cat-renault-claas","8":"product_cat-tracteurs-agricoles","9":"product_cat-transmissions","10":"product_tag-kits-dembrayage","11":"product_tag-transmissions","12":"product_shipping_class-142","13":"pa_fabriquant-luk","14":"pa_marque-tracteur-renault-claas","15":"pa_modele-tracteur-ceres","16":"pa_type-2-2850","17":"pa_type-2-2278","18":"pa_type-2-68-12","19":"pa_type-2-2412","20":"pa_type-2-2389","21":"pa_type-2-70-m","22":"pa_type-2-700m","23":"pa_type-2-702m","24":"pa_type-2-704m","25":"pa_type-2-720mi","26":"pa_type-2-724mi","27":"pa_type-2-75-12-2","28":"pa_type-2-750mi","29":"pa_type-2-750tp","30":"pa_type-2-1528","31":"pa_type-2-2710","32":"pa_type-2-754mi","33":"pa_type-2-2390","34":"pa_type-2-80-12-2","35":"pa_type-2-80-14-2","36":"pa_type-2-800m","37":"pa_type-2-1529","38":"pa_type-2-2391","39":"pa_type-2-2392","40":"pa_type-2-85-12","41":"pa_type-2-85-14-2","42":"pa_type-2-850mi","43":"pa_type-2-2393","44":"pa_type-2-854mi","45":"pa_type-2-1727","46":"pa_type-2-1531","47":"pa_type-2-ceres85","48":"pa_type-2-ceres95","49":"badges-style-2","51":"first","52":"instock","53":"taxable","54":"shipping-taxable","55":"purchasable","56":"product-type-simple"},"acf":[],"yoast_head":"<!-- This site is optimized with the Yoast SEO plugin v27.3 - https:\/\/yoast.com\/product\/yoast-seo-wordpress\/ -->\n<title>Kit Embrayage Renault Ceres 95 8012 8514 8032 8034 LUK - Edel<\/title>\n<meta name=\"description\" content=\"Embrayage Renault Claas Kit - Disque AV. Organique, 2 but\u00e9es et roulement pilote - \u00d8310 - 5834 6834 700M 702M 7514 7714 8014 8032 8034 8534 9034 Ceres85\" \/>\n<meta name=\"robots\" content=\"index, follow, max-snippet:-1, max-image-preview:large, max-video-preview:-1\" \/>\n<link rel=\"canonical\" href=\"https:\/\/www.edel.fr\/en\/product\/kit-complet-mecanisme-double-disque-av-organique-2-butees-et-roulement-pilote-renault-claas-o310-310-16-13-cannelures\/\" \/>\n<meta property=\"og:locale\" content=\"en_US\" \/>\n<meta property=\"og:type\" content=\"article\" \/>\n<meta property=\"og:title\" content=\"Kit Embrayage Renault Ceres 95 8012 8514 8032 8034 LUK - Edel\" \/>\n<meta property=\"og:description\" content=\"Embrayage Renault Claas Kit - Disque AV. Organique, 2 but\u00e9es et roulement pilote - \u00d8310 - 5834 6834 700M 702M 7514 7714 8014 8032 8034 8534 9034 Ceres85\" \/>\n<meta property=\"og:url\" content=\"https:\/\/www.edel.fr\/en\/product\/kit-complet-mecanisme-double-disque-av-organique-2-butees-et-roulement-pilote-renault-claas-o310-310-16-13-cannelures\/\" \/>\n<meta property=\"og:site_name\" content=\"Edel\" \/>\n<meta property=\"article:modified_time\" content=\"2025-11-05T20:07:36+00:00\" \/>\n<meta property=\"og:image\" content=\"https:\/\/www.edel.fr\/uploads\/2018\/11\/K41.jpg\" \/>\n\t<meta property=\"og:image:width\" content=\"1920\" \/>\n\t<meta property=\"og:image:height\" content=\"1920\" \/>\n\t<meta property=\"og:image:type\" content=\"image\/jpeg\" \/>\n<meta name=\"twitter:card\" content=\"summary_large_image\" \/>\n<meta name=\"twitter:label1\" content=\"Est. reading time\" \/>\n\t<meta name=\"twitter:data1\" content=\"2 minutes\" \/>\n<script type=\"application\/ld+json\" class=\"yoast-schema-graph\">{\"@context\":\"https:\\\/\\\/schema.org\",\"@graph\":[{\"@type\":\"WebPage\",\"@id\":\"https:\\\/\\\/www.edel.fr\\\/en\\\/product\\\/kit-complet-mecanisme-double-disque-av-organique-2-butees-et-roulement-pilote-renault-claas-o310-310-16-13-cannelures\\\/\",\"url\":\"https:\\\/\\\/www.edel.fr\\\/en\\\/product\\\/kit-complet-mecanisme-double-disque-av-organique-2-butees-et-roulement-pilote-renault-claas-o310-310-16-13-cannelures\\\/\",\"name\":\"Kit Embrayage Renault Ceres 95 8012 8514 8032 8034 LUK - Edel\",\"isPartOf\":{\"@id\":\"http:\\\/\\\/www.edel.fr\\\/en\\\/#website\"},\"primaryImageOfPage\":{\"@id\":\"https:\\\/\\\/www.edel.fr\\\/en\\\/product\\\/kit-complet-mecanisme-double-disque-av-organique-2-butees-et-roulement-pilote-renault-claas-o310-310-16-13-cannelures\\\/#primaryimage\"},\"image\":{\"@id\":\"https:\\\/\\\/www.edel.fr\\\/en\\\/product\\\/kit-complet-mecanisme-double-disque-av-organique-2-butees-et-roulement-pilote-renault-claas-o310-310-16-13-cannelures\\\/#primaryimage\"},\"thumbnailUrl\":\"https:\\\/\\\/www.edel.fr\\\/uploads\\\/2018\\\/11\\\/K41.jpg\",\"datePublished\":\"2019-03-11T08:24:50+00:00\",\"dateModified\":\"2025-11-05T20:07:36+00:00\",\"description\":\"Embrayage Renault Claas Kit - Disque AV. Organique, 2 but\u00e9es et roulement pilote - \u00d8310 - 5834 6834 700M 702M 7514 7714 8014 8032 8034 8534 9034 Ceres85\",\"breadcrumb\":{\"@id\":\"https:\\\/\\\/www.edel.fr\\\/en\\\/product\\\/kit-complet-mecanisme-double-disque-av-organique-2-butees-et-roulement-pilote-renault-claas-o310-310-16-13-cannelures\\\/#breadcrumb\"},\"inLanguage\":\"en-US\",\"potentialAction\":[{\"@type\":\"ReadAction\",\"target\":[\"https:\\\/\\\/www.edel.fr\\\/en\\\/product\\\/kit-complet-mecanisme-double-disque-av-organique-2-butees-et-roulement-pilote-renault-claas-o310-310-16-13-cannelures\\\/\"]}]},{\"@type\":\"ImageObject\",\"inLanguage\":\"en-US\",\"@id\":\"https:\\\/\\\/www.edel.fr\\\/en\\\/product\\\/kit-complet-mecanisme-double-disque-av-organique-2-butees-et-roulement-pilote-renault-claas-o310-310-16-13-cannelures\\\/#primaryimage\",\"url\":\"https:\\\/\\\/www.edel.fr\\\/uploads\\\/2018\\\/11\\\/K41.jpg\",\"contentUrl\":\"https:\\\/\\\/www.edel.fr\\\/uploads\\\/2018\\\/11\\\/K41.jpg\",\"width\":1920,\"height\":1920,\"caption\":\"Embrayage Renault Claas Kit Complet\"},{\"@type\":\"BreadcrumbList\",\"@id\":\"https:\\\/\\\/www.edel.fr\\\/en\\\/product\\\/kit-complet-mecanisme-double-disque-av-organique-2-butees-et-roulement-pilote-renault-claas-o310-310-16-13-cannelures\\\/#breadcrumb\",\"itemListElement\":[{\"@type\":\"ListItem\",\"position\":1,\"name\":\"Pi\u00e8ce Tracteur\",\"item\":\"http:\\\/\\\/www.edel.fr\\\/en\\\/\"},{\"@type\":\"ListItem\",\"position\":2,\"name\":\"Toutes nos pi\u00e8ces Tracteur\",\"item\":\"https:\\\/\\\/edel.fr\\\/shop\\\/\"},{\"@type\":\"ListItem\",\"position\":3,\"name\":\"Kit Embrayage Renault Ceres 95 8012 8514 8032 8034 LUK\"}]},{\"@type\":\"WebSite\",\"@id\":\"http:\\\/\\\/www.edel.fr\\\/en\\\/#website\",\"url\":\"http:\\\/\\\/www.edel.fr\\\/en\\\/\",\"name\":\"Edel\",\"description\":\"Pi\u00e8ce d\u00e9tach\u00e9e de Tracteur Agricole\",\"publisher\":{\"@id\":\"http:\\\/\\\/www.edel.fr\\\/en\\\/#organization\"},\"potentialAction\":[{\"@type\":\"SearchAction\",\"target\":{\"@type\":\"EntryPoint\",\"urlTemplate\":\"http:\\\/\\\/www.edel.fr\\\/en\\\/?s={search_term_string}\"},\"query-input\":{\"@type\":\"PropertyValueSpecification\",\"valueRequired\":true,\"valueName\":\"search_term_string\"}}],\"inLanguage\":\"en-US\"},{\"@type\":\"Organization\",\"@id\":\"http:\\\/\\\/www.edel.fr\\\/en\\\/#organization\",\"name\":\"Edel\",\"url\":\"http:\\\/\\\/www.edel.fr\\\/en\\\/\",\"logo\":{\"@type\":\"ImageObject\",\"inLanguage\":\"en-US\",\"@id\":\"http:\\\/\\\/www.edel.fr\\\/en\\\/#\\\/schema\\\/logo\\\/image\\\/\",\"url\":\"https:\\\/\\\/www.edel.fr\\\/uploads\\\/2018\\\/11\\\/logo-edel.png\",\"contentUrl\":\"https:\\\/\\\/www.edel.fr\\\/uploads\\\/2018\\\/11\\\/logo-edel.png\",\"width\":257,\"height\":68,\"caption\":\"Edel\"},\"image\":{\"@id\":\"http:\\\/\\\/www.edel.fr\\\/en\\\/#\\\/schema\\\/logo\\\/image\\\/\"}}]}<\/script>\n<!-- \/ Yoast SEO plugin. -->","yoast_head_json":{"title":"Kit Embrayage Renault Ceres 95 8012 8514 8032 8034 LUK - Edel","description":"Embrayage Renault Claas Kit - Disque AV. Organique, 2 but\u00e9es et roulement pilote - \u00d8310 - 5834 6834 700M 702M 7514 7714 8014 8032 8034 8534 9034 Ceres85","robots":{"index":"index","follow":"follow","max-snippet":"max-snippet:-1","max-image-preview":"max-image-preview:large","max-video-preview":"max-video-preview:-1"},"canonical":"https:\/\/www.edel.fr\/en\/product\/kit-complet-mecanisme-double-disque-av-organique-2-butees-et-roulement-pilote-renault-claas-o310-310-16-13-cannelures\/","og_locale":"en_US","og_type":"article","og_title":"Kit Embrayage Renault Ceres 95 8012 8514 8032 8034 LUK - Edel","og_description":"Embrayage Renault Claas Kit - Disque AV. Organique, 2 but\u00e9es et roulement pilote - \u00d8310 - 5834 6834 700M 702M 7514 7714 8014 8032 8034 8534 9034 Ceres85","og_url":"https:\/\/www.edel.fr\/en\/product\/kit-complet-mecanisme-double-disque-av-organique-2-butees-et-roulement-pilote-renault-claas-o310-310-16-13-cannelures\/","og_site_name":"Edel","article_modified_time":"2025-11-05T20:07:36+00:00","og_image":[{"width":1920,"height":1920,"url":"https:\/\/www.edel.fr\/uploads\/2018\/11\/K41.jpg","type":"image\/jpeg"}],"twitter_card":"summary_large_image","twitter_misc":{"Est. reading time":"2 minutes"},"schema":{"@context":"https:\/\/schema.org","@graph":[{"@type":"WebPage","@id":"https:\/\/www.edel.fr\/en\/product\/kit-complet-mecanisme-double-disque-av-organique-2-butees-et-roulement-pilote-renault-claas-o310-310-16-13-cannelures\/","url":"https:\/\/www.edel.fr\/en\/product\/kit-complet-mecanisme-double-disque-av-organique-2-butees-et-roulement-pilote-renault-claas-o310-310-16-13-cannelures\/","name":"Kit Embrayage Renault Ceres 95 8012 8514 8032 8034 LUK - Edel","isPartOf":{"@id":"http:\/\/www.edel.fr\/en\/#website"},"primaryImageOfPage":{"@id":"https:\/\/www.edel.fr\/en\/product\/kit-complet-mecanisme-double-disque-av-organique-2-butees-et-roulement-pilote-renault-claas-o310-310-16-13-cannelures\/#primaryimage"},"image":{"@id":"https:\/\/www.edel.fr\/en\/product\/kit-complet-mecanisme-double-disque-av-organique-2-butees-et-roulement-pilote-renault-claas-o310-310-16-13-cannelures\/#primaryimage"},"thumbnailUrl":"https:\/\/www.edel.fr\/uploads\/2018\/11\/K41.jpg","datePublished":"2019-03-11T08:24:50+00:00","dateModified":"2025-11-05T20:07:36+00:00","description":"Embrayage Renault Claas Kit - Disque AV. Organique, 2 but\u00e9es et roulement pilote - \u00d8310 - 5834 6834 700M 702M 7514 7714 8014 8032 8034 8534 9034 Ceres85","breadcrumb":{"@id":"https:\/\/www.edel.fr\/en\/product\/kit-complet-mecanisme-double-disque-av-organique-2-butees-et-roulement-pilote-renault-claas-o310-310-16-13-cannelures\/#breadcrumb"},"inLanguage":"en-US","potentialAction":[{"@type":"ReadAction","target":["https:\/\/www.edel.fr\/en\/product\/kit-complet-mecanisme-double-disque-av-organique-2-butees-et-roulement-pilote-renault-claas-o310-310-16-13-cannelures\/"]}]},{"@type":"ImageObject","inLanguage":"en-US","@id":"https:\/\/www.edel.fr\/en\/product\/kit-complet-mecanisme-double-disque-av-organique-2-butees-et-roulement-pilote-renault-claas-o310-310-16-13-cannelures\/#primaryimage","url":"https:\/\/www.edel.fr\/uploads\/2018\/11\/K41.jpg","contentUrl":"https:\/\/www.edel.fr\/uploads\/2018\/11\/K41.jpg","width":1920,"height":1920,"caption":"Embrayage Renault Claas Kit Complet"},{"@type":"BreadcrumbList","@id":"https:\/\/www.edel.fr\/en\/product\/kit-complet-mecanisme-double-disque-av-organique-2-butees-et-roulement-pilote-renault-claas-o310-310-16-13-cannelures\/#breadcrumb","itemListElement":[{"@type":"ListItem","position":1,"name":"Pi\u00e8ce Tracteur","item":"http:\/\/www.edel.fr\/en\/"},{"@type":"ListItem","position":2,"name":"Toutes nos pi\u00e8ces Tracteur","item":"https:\/\/edel.fr\/shop\/"},{"@type":"ListItem","position":3,"name":"Kit Embrayage Renault Ceres 95 8012 8514 8032 8034 LUK"}]},{"@type":"WebSite","@id":"http:\/\/www.edel.fr\/en\/#website","url":"http:\/\/www.edel.fr\/en\/","name":"Edel","description":"Pi\u00e8ce d\u00e9tach\u00e9e de Tracteur Agricole","publisher":{"@id":"http:\/\/www.edel.fr\/en\/#organization"},"potentialAction":[{"@type":"SearchAction","target":{"@type":"EntryPoint","urlTemplate":"http:\/\/www.edel.fr\/en\/?s={search_term_string}"},"query-input":{"@type":"PropertyValueSpecification","valueRequired":true,"valueName":"search_term_string"}}],"inLanguage":"en-US"},{"@type":"Organization","@id":"http:\/\/www.edel.fr\/en\/#organization","name":"Edel","url":"http:\/\/www.edel.fr\/en\/","logo":{"@type":"ImageObject","inLanguage":"en-US","@id":"http:\/\/www.edel.fr\/en\/#\/schema\/logo\/image\/","url":"https:\/\/www.edel.fr\/uploads\/2018\/11\/logo-edel.png","contentUrl":"https:\/\/www.edel.fr\/uploads\/2018\/11\/logo-edel.png","width":257,"height":68,"caption":"Edel"},"image":{"@id":"http:\/\/www.edel.fr\/en\/#\/schema\/logo\/image\/"}}]}},"_links":{"self":[{"href":"https:\/\/www.edel.fr\/en\/wp-json\/wp\/v2\/product\/5990","targetHints":{"allow":["GET"]}}],"collection":[{"href":"https:\/\/www.edel.fr\/en\/wp-json\/wp\/v2\/product"}],"about":[{"href":"https:\/\/www.edel.fr\/en\/wp-json\/wp\/v2\/types\/product"}],"version-history":[{"count":2,"href":"https:\/\/www.edel.fr\/en\/wp-json\/wp\/v2\/product\/5990\/revisions"}],"predecessor-version":[{"id":15010,"href":"https:\/\/www.edel.fr\/en\/wp-json\/wp\/v2\/product\/5990\/revisions\/15010"}],"wp:featuredmedia":[{"embeddable":true,"href":"https:\/\/www.edel.fr\/en\/wp-json\/wp\/v2\/media\/4193"}],"wp:attachment":[{"href":"https:\/\/www.edel.fr\/en\/wp-json\/wp\/v2\/media?parent=5990"}],"wp:term":[{"taxonomy":"product_brand","embeddable":true,"href":"https:\/\/www.edel.fr\/en\/wp-json\/wp\/v2\/product_brand?post=5990"},{"taxonomy":"product_cat","embeddable":true,"href":"https:\/\/www.edel.fr\/en\/wp-json\/wp\/v2\/product_cat?post=5990"},{"taxonomy":"product_tag","embeddable":true,"href":"https:\/\/www.edel.fr\/en\/wp-json\/wp\/v2\/product_tag?post=5990"},{"taxonomy":"tracteur","embeddable":true,"href":"https:\/\/www.edel.fr\/en\/wp-json\/wp\/v2\/tracteur?post=5990"}],"curies":[{"name":"wp","href":"https:\/\/api.w.org\/{rel}","templated":true}]}}