{"id":5988,"date":"2019-03-11T09:24:50","date_gmt":"2019-03-11T08:24:50","guid":{"rendered":"http:\/\/edel.stephanie.ct.webcd.lan\/shop\/kit-complet-mecanisme-double-disque-av-organique-2-butees-et-roulement-pilote-renault-claas-o280-280-16-16-cannelures\/"},"modified":"2026-03-31T03:00:53","modified_gmt":"2026-03-31T01:00:53","slug":"kit-complet-mecanisme-double-disque-av-organique-2-butees-et-roulement-pilote-renault-claas-o280-280-16-16-cannelures","status":"publish","type":"product","link":"https:\/\/www.edel.fr\/en\/product\/kit-complet-mecanisme-double-disque-av-organique-2-butees-et-roulement-pilote-renault-claas-o280-280-16-16-cannelures\/","title":{"rendered":"Kit Embrayage Renault &#8211; R461 R462 R498 R551 R556 R581"},"content":{"rendered":"<h2>KIT COMPLET D&rsquo;EMBRAYAGE &#8211; RENAULT SERIES R, 90, 400, 500, 600<\/h2>\n<p>\u00d8 280 \/ 280 MM \u2013 16 \/ 16 CANNELURES<\/p>\n<h3>Information du produit :<\/h3>\n<p>Renault Claas : R461, R462, R498, R551, R556, R581, R601, R651, R652, R656, R91, R92, R94, R98.\u00a0\u00a0Comprend le m\u00e9canisme d&#8217;embrayage avec disque d&rsquo;avancement organique, le disque de prise de force, les 2 but\u00e9es et le roulement pilote.<\/p>\n<ul>\n<li><b>En option<\/b>, vous trouverez \u00e9galement\u00a0pour ce montage :<br \/>\n<a href=\"https:\/\/www.edel.fr\/en\/joint-spi-mwm-arriere\/\" target=\"_blank\" rel=\"noopener\"><b>&#8211; le joint spi moteur<\/b><\/a><\/li>\n<\/ul>\n<p>Le kit d\u2019embrayage tracteur agricole est compos\u00e9 d\u2019un m\u00e9canisme, d\u2019un ou deux disques, d\u2019une ou deux but\u00e9es et du roulement pilote. De plus le kit complet comprend la totalit\u00e9 des pi\u00e8ces \u00e0 changer en atelier. Cependant les pi\u00e8ces de rechange qui le composent sont rigoureusement s\u00e9lectionn\u00e9es pour leur qualit\u00e9 et leur fiabilit\u00e9.<\/p>\n<p>Toutefois choisir de remplacer une pi\u00e8ce au d\u00e9tail peut s\u2019av\u00e9rer \u00eatre moins avantageux que de remplacer un ensemble complet. Nos kits se distinguent par la qualit\u00e9 de nos but\u00e9es d\u2019embrayages et roulements pilotes. Une but\u00e9e adaptable qui grippe conduit irr\u00e9m\u00e9diablement \u00e0 la destruction du m\u00e9canisme.<\/p>\n<p>Car pour le montage d\u2019un kit d\u2019embrayage agricole, les pi\u00e8ces p\u00e9riph\u00e9riques doivent proc\u00e9der \u00e0 un examen minutieux. Notamment, le volant moteur et les diff\u00e9rents joints spi.<\/p>\n<p>En effet, pour le syst\u00e8me de commande, une vigilance particuli\u00e8re est \u00e0 porter au c\u00e2ble, a la tringlerie et au circuit hydraulique. En cas de doute, ces composants doivent absolument \u00eatre remis \u00e0 niveau pour permettre le parfait fonctionnement de l\u2019embrayage.<\/p>\n<p>Bien s\u00fbr, pour plus de renseignements, n&rsquo;h\u00e9sitez pas \u00e0 nous consulter !<\/p>","protected":false},"excerpt":{"rendered":"<p>KIT COMPLET D&rsquo;EMBRAYAGE &#8211; RENAULT SERIES R, 90, 400, 500, 600 \u00d8 280 \/ 280 MM \u2013 16 \/ 16 CANNELURES Information du produit : Renault Claas : R461, R462, R498, R551, R556, R581, R601, R651, R652, R656, R91, R92, R94, R98.\u00a0\u00a0Comprend le m\u00e9canisme d&#8217;embrayage avec disque d&rsquo;avancement organique, le disque de prise de force,<br \/><a class=\"more-link\" href=\"https:\/\/www.edel.fr\/en\/product\/kit-complet-mecanisme-double-disque-av-organique-2-butees-et-roulement-pilote-renault-claas-o280-280-16-16-cannelures\/\"><br \/>\n        Read More<span class=\"screen-reader-text\"> \u00ab\u00a0Kit Embrayage Renault &#8211; R461 R462 R498 R551 R556 R581\u00a0\u00bb<\/span><\/a><\/p>","protected":false},"featured_media":4191,"template":"","meta":[],"product_brand":[],"product_cat":[1141,3965,119,120],"product_tag":[143,124],"tracteur":[],"class_list":{"0":"post-5988","1":"product","2":"type-product","3":"status-publish","4":"has-post-thumbnail","6":"product_cat-kits-dembrayage","7":"product_cat-renault-claas","8":"product_cat-tracteurs-agricoles","9":"product_cat-transmissions","10":"product_tag-kits-dembrayage","11":"product_tag-transmissions","12":"product_shipping_class-142","13":"pa_fabriquant-kawe","14":"pa_marque-tracteur-renault-claas","15":"pa_modele-tracteur-r461","16":"pa_modele-tracteur-r462","17":"pa_modele-tracteur-r498","18":"pa_modele-tracteur-r551","19":"pa_modele-tracteur-r556","20":"pa_modele-tracteur-r581","21":"pa_modele-tracteur-r601","22":"pa_modele-tracteur-r651","23":"pa_modele-tracteur-r652","24":"pa_modele-tracteur-r656","25":"pa_modele-tracteur-r91","26":"pa_modele-tracteur-r92","27":"pa_modele-tracteur-r94","28":"pa_modele-tracteur-r98","29":"badges-style-2","31":"first","32":"instock","33":"taxable","34":"shipping-taxable","35":"purchasable","36":"product-type-simple"},"acf":[],"yoast_head":"<!-- This site is optimized with the Yoast SEO plugin v27.3 - https:\/\/yoast.com\/product\/yoast-seo-wordpress\/ -->\n<title>Kit Embrayage Renault - R461 R462 R498 R551 R556 R581 - Edel<\/title>\n<meta name=\"description\" content=\"Embrayage Renault Claas Kit - Disque AV. Organique, 2 but\u00e9es et roulement pilote - \u00d8280 - R461 R462 R498 R551 R556 R581 R601 R651 R652 R656 R91 R92 R94 R98\" \/>\n<meta name=\"robots\" content=\"index, follow, max-snippet:-1, max-image-preview:large, max-video-preview:-1\" \/>\n<link rel=\"canonical\" href=\"https:\/\/edel.fr\/produit\/kit-complet-mecanisme-double-disque-av-organique-2-butees-et-roulement-pilote-renault-claas-o280-280-16-16-cannelures\/\" \/>\n<meta property=\"og:locale\" content=\"en_US\" \/>\n<meta property=\"og:type\" content=\"article\" \/>\n<meta property=\"og:title\" content=\"Kit Embrayage Renault - R461 R462 R498 R551 R556 R581 - Edel\" \/>\n<meta property=\"og:description\" content=\"Embrayage Renault Claas Kit - Disque AV. Organique, 2 but\u00e9es et roulement pilote - \u00d8280 - R461 R462 R498 R551 R556 R581 R601 R651 R652 R656 R91 R92 R94 R98\" \/>\n<meta property=\"og:url\" content=\"https:\/\/edel.fr\/produit\/kit-complet-mecanisme-double-disque-av-organique-2-butees-et-roulement-pilote-renault-claas-o280-280-16-16-cannelures\/\" \/>\n<meta property=\"og:site_name\" content=\"Edel\" \/>\n<meta property=\"article:modified_time\" content=\"2026-03-31T01:00:53+00:00\" \/>\n<meta property=\"og:image\" content=\"https:\/\/edel.fr\/uploads\/2018\/11\/K38.jpg\" \/>\n\t<meta property=\"og:image:width\" content=\"1920\" \/>\n\t<meta property=\"og:image:height\" content=\"1920\" \/>\n\t<meta property=\"og:image:type\" content=\"image\/jpeg\" \/>\n<meta name=\"twitter:card\" content=\"summary_large_image\" \/>\n<meta name=\"twitter:label1\" content=\"Est. reading time\" \/>\n\t<meta name=\"twitter:data1\" content=\"2 minutes\" \/>\n<script type=\"application\/ld+json\" class=\"yoast-schema-graph\">{\"@context\":\"https:\\\/\\\/schema.org\",\"@graph\":[{\"@type\":\"WebPage\",\"@id\":\"https:\\\/\\\/edel.fr\\\/produit\\\/kit-complet-mecanisme-double-disque-av-organique-2-butees-et-roulement-pilote-renault-claas-o280-280-16-16-cannelures\\\/\",\"url\":\"https:\\\/\\\/edel.fr\\\/produit\\\/kit-complet-mecanisme-double-disque-av-organique-2-butees-et-roulement-pilote-renault-claas-o280-280-16-16-cannelures\\\/\",\"name\":\"Kit Embrayage Renault - R461 R462 R498 R551 R556 R581 - Edel\",\"isPartOf\":{\"@id\":\"https:\\\/\\\/www.edel.fr\\\/en\\\/#website\"},\"primaryImageOfPage\":{\"@id\":\"https:\\\/\\\/edel.fr\\\/produit\\\/kit-complet-mecanisme-double-disque-av-organique-2-butees-et-roulement-pilote-renault-claas-o280-280-16-16-cannelures\\\/#primaryimage\"},\"image\":{\"@id\":\"https:\\\/\\\/edel.fr\\\/produit\\\/kit-complet-mecanisme-double-disque-av-organique-2-butees-et-roulement-pilote-renault-claas-o280-280-16-16-cannelures\\\/#primaryimage\"},\"thumbnailUrl\":\"https:\\\/\\\/www.edel.fr\\\/uploads\\\/2018\\\/11\\\/K38.jpg\",\"datePublished\":\"2019-03-11T08:24:50+00:00\",\"dateModified\":\"2026-03-31T01:00:53+00:00\",\"description\":\"Embrayage Renault Claas Kit - Disque AV. Organique, 2 but\u00e9es et roulement pilote - \u00d8280 - R461 R462 R498 R551 R556 R581 R601 R651 R652 R656 R91 R92 R94 R98\",\"breadcrumb\":{\"@id\":\"https:\\\/\\\/edel.fr\\\/produit\\\/kit-complet-mecanisme-double-disque-av-organique-2-butees-et-roulement-pilote-renault-claas-o280-280-16-16-cannelures\\\/#breadcrumb\"},\"inLanguage\":\"en-US\",\"potentialAction\":[{\"@type\":\"ReadAction\",\"target\":[\"https:\\\/\\\/edel.fr\\\/produit\\\/kit-complet-mecanisme-double-disque-av-organique-2-butees-et-roulement-pilote-renault-claas-o280-280-16-16-cannelures\\\/\"]}]},{\"@type\":\"ImageObject\",\"inLanguage\":\"en-US\",\"@id\":\"https:\\\/\\\/edel.fr\\\/produit\\\/kit-complet-mecanisme-double-disque-av-organique-2-butees-et-roulement-pilote-renault-claas-o280-280-16-16-cannelures\\\/#primaryimage\",\"url\":\"https:\\\/\\\/www.edel.fr\\\/uploads\\\/2018\\\/11\\\/K38.jpg\",\"contentUrl\":\"https:\\\/\\\/www.edel.fr\\\/uploads\\\/2018\\\/11\\\/K38.jpg\",\"width\":1920,\"height\":1920,\"caption\":\"Embrayage Renault Claas Kit\"},{\"@type\":\"BreadcrumbList\",\"@id\":\"https:\\\/\\\/edel.fr\\\/produit\\\/kit-complet-mecanisme-double-disque-av-organique-2-butees-et-roulement-pilote-renault-claas-o280-280-16-16-cannelures\\\/#breadcrumb\",\"itemListElement\":[{\"@type\":\"ListItem\",\"position\":1,\"name\":\"Pi\u00e8ce Tracteur\",\"item\":\"https:\\\/\\\/www.edel.fr\\\/en\\\/\"},{\"@type\":\"ListItem\",\"position\":2,\"name\":\"Toutes nos pi\u00e8ces Tracteur\",\"item\":\"https:\\\/\\\/edel.fr\\\/shop\\\/\"},{\"@type\":\"ListItem\",\"position\":3,\"name\":\"Kit Embrayage Renault &#8211; R461 R462 R498 R551 R556 R581\"}]},{\"@type\":\"WebSite\",\"@id\":\"https:\\\/\\\/www.edel.fr\\\/en\\\/#website\",\"url\":\"https:\\\/\\\/www.edel.fr\\\/en\\\/\",\"name\":\"Edel\",\"description\":\"Pi\u00e8ce d\u00e9tach\u00e9e de Tracteur Agricole\",\"publisher\":{\"@id\":\"https:\\\/\\\/www.edel.fr\\\/en\\\/#organization\"},\"potentialAction\":[{\"@type\":\"SearchAction\",\"target\":{\"@type\":\"EntryPoint\",\"urlTemplate\":\"https:\\\/\\\/www.edel.fr\\\/en\\\/?s={search_term_string}\"},\"query-input\":{\"@type\":\"PropertyValueSpecification\",\"valueRequired\":true,\"valueName\":\"search_term_string\"}}],\"inLanguage\":\"en-US\"},{\"@type\":\"Organization\",\"@id\":\"https:\\\/\\\/www.edel.fr\\\/en\\\/#organization\",\"name\":\"Edel\",\"url\":\"https:\\\/\\\/www.edel.fr\\\/en\\\/\",\"logo\":{\"@type\":\"ImageObject\",\"inLanguage\":\"en-US\",\"@id\":\"https:\\\/\\\/www.edel.fr\\\/en\\\/#\\\/schema\\\/logo\\\/image\\\/\",\"url\":\"https:\\\/\\\/www.edel.fr\\\/uploads\\\/2018\\\/11\\\/logo-edel.png\",\"contentUrl\":\"https:\\\/\\\/www.edel.fr\\\/uploads\\\/2018\\\/11\\\/logo-edel.png\",\"width\":257,\"height\":68,\"caption\":\"Edel\"},\"image\":{\"@id\":\"https:\\\/\\\/www.edel.fr\\\/en\\\/#\\\/schema\\\/logo\\\/image\\\/\"}}]}<\/script>\n<!-- \/ Yoast SEO plugin. -->","yoast_head_json":{"title":"Kit Embrayage Renault - R461 R462 R498 R551 R556 R581 - Edel","description":"Embrayage Renault Claas Kit - Disque AV. Organique, 2 but\u00e9es et roulement pilote - \u00d8280 - R461 R462 R498 R551 R556 R581 R601 R651 R652 R656 R91 R92 R94 R98","robots":{"index":"index","follow":"follow","max-snippet":"max-snippet:-1","max-image-preview":"max-image-preview:large","max-video-preview":"max-video-preview:-1"},"canonical":"https:\/\/edel.fr\/produit\/kit-complet-mecanisme-double-disque-av-organique-2-butees-et-roulement-pilote-renault-claas-o280-280-16-16-cannelures\/","og_locale":"en_US","og_type":"article","og_title":"Kit Embrayage Renault - R461 R462 R498 R551 R556 R581 - Edel","og_description":"Embrayage Renault Claas Kit - Disque AV. Organique, 2 but\u00e9es et roulement pilote - \u00d8280 - R461 R462 R498 R551 R556 R581 R601 R651 R652 R656 R91 R92 R94 R98","og_url":"https:\/\/edel.fr\/produit\/kit-complet-mecanisme-double-disque-av-organique-2-butees-et-roulement-pilote-renault-claas-o280-280-16-16-cannelures\/","og_site_name":"Edel","article_modified_time":"2026-03-31T01:00:53+00:00","og_image":[{"width":1920,"height":1920,"url":"https:\/\/edel.fr\/uploads\/2018\/11\/K38.jpg","type":"image\/jpeg"}],"twitter_card":"summary_large_image","twitter_misc":{"Est. reading time":"2 minutes"},"schema":{"@context":"https:\/\/schema.org","@graph":[{"@type":"WebPage","@id":"https:\/\/edel.fr\/produit\/kit-complet-mecanisme-double-disque-av-organique-2-butees-et-roulement-pilote-renault-claas-o280-280-16-16-cannelures\/","url":"https:\/\/edel.fr\/produit\/kit-complet-mecanisme-double-disque-av-organique-2-butees-et-roulement-pilote-renault-claas-o280-280-16-16-cannelures\/","name":"Kit Embrayage Renault - R461 R462 R498 R551 R556 R581 - Edel","isPartOf":{"@id":"https:\/\/www.edel.fr\/en\/#website"},"primaryImageOfPage":{"@id":"https:\/\/edel.fr\/produit\/kit-complet-mecanisme-double-disque-av-organique-2-butees-et-roulement-pilote-renault-claas-o280-280-16-16-cannelures\/#primaryimage"},"image":{"@id":"https:\/\/edel.fr\/produit\/kit-complet-mecanisme-double-disque-av-organique-2-butees-et-roulement-pilote-renault-claas-o280-280-16-16-cannelures\/#primaryimage"},"thumbnailUrl":"https:\/\/www.edel.fr\/uploads\/2018\/11\/K38.jpg","datePublished":"2019-03-11T08:24:50+00:00","dateModified":"2026-03-31T01:00:53+00:00","description":"Embrayage Renault Claas Kit - Disque AV. Organique, 2 but\u00e9es et roulement pilote - \u00d8280 - R461 R462 R498 R551 R556 R581 R601 R651 R652 R656 R91 R92 R94 R98","breadcrumb":{"@id":"https:\/\/edel.fr\/produit\/kit-complet-mecanisme-double-disque-av-organique-2-butees-et-roulement-pilote-renault-claas-o280-280-16-16-cannelures\/#breadcrumb"},"inLanguage":"en-US","potentialAction":[{"@type":"ReadAction","target":["https:\/\/edel.fr\/produit\/kit-complet-mecanisme-double-disque-av-organique-2-butees-et-roulement-pilote-renault-claas-o280-280-16-16-cannelures\/"]}]},{"@type":"ImageObject","inLanguage":"en-US","@id":"https:\/\/edel.fr\/produit\/kit-complet-mecanisme-double-disque-av-organique-2-butees-et-roulement-pilote-renault-claas-o280-280-16-16-cannelures\/#primaryimage","url":"https:\/\/www.edel.fr\/uploads\/2018\/11\/K38.jpg","contentUrl":"https:\/\/www.edel.fr\/uploads\/2018\/11\/K38.jpg","width":1920,"height":1920,"caption":"Embrayage Renault Claas Kit"},{"@type":"BreadcrumbList","@id":"https:\/\/edel.fr\/produit\/kit-complet-mecanisme-double-disque-av-organique-2-butees-et-roulement-pilote-renault-claas-o280-280-16-16-cannelures\/#breadcrumb","itemListElement":[{"@type":"ListItem","position":1,"name":"Pi\u00e8ce Tracteur","item":"https:\/\/www.edel.fr\/en\/"},{"@type":"ListItem","position":2,"name":"Toutes nos pi\u00e8ces Tracteur","item":"https:\/\/edel.fr\/shop\/"},{"@type":"ListItem","position":3,"name":"Kit Embrayage Renault &#8211; R461 R462 R498 R551 R556 R581"}]},{"@type":"WebSite","@id":"https:\/\/www.edel.fr\/en\/#website","url":"https:\/\/www.edel.fr\/en\/","name":"Edel","description":"Pi\u00e8ce d\u00e9tach\u00e9e de Tracteur Agricole","publisher":{"@id":"https:\/\/www.edel.fr\/en\/#organization"},"potentialAction":[{"@type":"SearchAction","target":{"@type":"EntryPoint","urlTemplate":"https:\/\/www.edel.fr\/en\/?s={search_term_string}"},"query-input":{"@type":"PropertyValueSpecification","valueRequired":true,"valueName":"search_term_string"}}],"inLanguage":"en-US"},{"@type":"Organization","@id":"https:\/\/www.edel.fr\/en\/#organization","name":"Edel","url":"https:\/\/www.edel.fr\/en\/","logo":{"@type":"ImageObject","inLanguage":"en-US","@id":"https:\/\/www.edel.fr\/en\/#\/schema\/logo\/image\/","url":"https:\/\/www.edel.fr\/uploads\/2018\/11\/logo-edel.png","contentUrl":"https:\/\/www.edel.fr\/uploads\/2018\/11\/logo-edel.png","width":257,"height":68,"caption":"Edel"},"image":{"@id":"https:\/\/www.edel.fr\/en\/#\/schema\/logo\/image\/"}}]}},"_links":{"self":[{"href":"https:\/\/www.edel.fr\/en\/wp-json\/wp\/v2\/product\/5988","targetHints":{"allow":["GET"]}}],"collection":[{"href":"https:\/\/www.edel.fr\/en\/wp-json\/wp\/v2\/product"}],"about":[{"href":"https:\/\/www.edel.fr\/en\/wp-json\/wp\/v2\/types\/product"}],"version-history":[{"count":3,"href":"https:\/\/www.edel.fr\/en\/wp-json\/wp\/v2\/product\/5988\/revisions"}],"predecessor-version":[{"id":15640,"href":"https:\/\/www.edel.fr\/en\/wp-json\/wp\/v2\/product\/5988\/revisions\/15640"}],"wp:featuredmedia":[{"embeddable":true,"href":"https:\/\/www.edel.fr\/en\/wp-json\/wp\/v2\/media\/4191"}],"wp:attachment":[{"href":"https:\/\/www.edel.fr\/en\/wp-json\/wp\/v2\/media?parent=5988"}],"wp:term":[{"taxonomy":"product_brand","embeddable":true,"href":"https:\/\/www.edel.fr\/en\/wp-json\/wp\/v2\/product_brand?post=5988"},{"taxonomy":"product_cat","embeddable":true,"href":"https:\/\/www.edel.fr\/en\/wp-json\/wp\/v2\/product_cat?post=5988"},{"taxonomy":"product_tag","embeddable":true,"href":"https:\/\/www.edel.fr\/en\/wp-json\/wp\/v2\/product_tag?post=5988"},{"taxonomy":"tracteur","embeddable":true,"href":"https:\/\/www.edel.fr\/en\/wp-json\/wp\/v2\/tracteur?post=5988"}],"curies":[{"name":"wp","href":"https:\/\/api.w.org\/{rel}","templated":true}]}}