{"id":5985,"date":"2019-03-11T09:24:50","date_gmt":"2019-03-11T08:24:50","guid":{"rendered":"http:\/\/edel.stephanie.ct.webcd.lan\/shop\/kit-mecanisme-simple-a-diaphragme-disque-av-cerametallique-massey-ferguson-o330\/"},"modified":"2025-11-05T21:06:59","modified_gmt":"2025-11-05T20:06:59","slug":"kit-mecanisme-simple-a-diaphragme-disque-av-cerametallique-massey-ferguson-o330","status":"publish","type":"product","link":"https:\/\/www.edel.fr\/en\/product\/kit-mecanisme-simple-a-diaphragme-disque-av-cerametallique-massey-ferguson-o330\/","title":{"rendered":"Kit embrayage Massey Ferguson 3050 3060 3065 3070"},"content":{"rendered":"<div data-elementor-type=\"wp-post\" data-elementor-id=\"5985\" class=\"elementor elementor-5985\">\n\t\t\t\t\t\t<section class=\"elementor-section elementor-top-section elementor-element elementor-element-ce60767 elementor-section-boxed elementor-section-height-default elementor-section-height-default\" data-id=\"ce60767\" data-element_type=\"section\" data-e-type=\"section\">\n\t\t\t\t\t\t<div class=\"elementor-container elementor-column-gap-default\">\n\t\t\t\t\t<div class=\"elementor-column elementor-col-100 elementor-top-column elementor-element elementor-element-e98dbdd\" data-id=\"e98dbdd\" data-element_type=\"column\" data-e-type=\"column\">\n\t\t\t<div class=\"elementor-widget-wrap elementor-element-populated\">\n\t\t\t\t\t\t<div class=\"elementor-element elementor-element-a9831c1 elementor-widget elementor-widget-heading\" data-id=\"a9831c1\" data-element_type=\"widget\" data-e-type=\"widget\" data-widget_type=\"heading.default\">\n\t\t\t\t<div class=\"elementor-widget-container\">\n\t\t\t\t\t<h2 class=\"elementor-heading-title elementor-size-default\"><b>KIT EMBRAYAGE ORIGINE VALEO<\/b><br><br><b>MASSEY FERGUSON SERIE 3000<br><\/b><br>\u00d8 330 MM - DISQUE CERAMETALLIQUE 23 CANNELURES <\/h2>\t\t\t\t<\/div>\n\t\t\t\t<\/div>\n\t\t\t\t\t<\/div>\n\t\t<\/div>\n\t\t\t\t\t<\/div>\n\t\t<\/section>\n\t\t\t\t<section class=\"elementor-section elementor-top-section elementor-element elementor-element-5adc7cf elementor-section-boxed elementor-section-height-default elementor-section-height-default\" data-id=\"5adc7cf\" data-element_type=\"section\" data-e-type=\"section\">\n\t\t\t\t\t\t<div class=\"elementor-container elementor-column-gap-default\">\n\t\t\t\t\t<div class=\"elementor-column elementor-col-100 elementor-top-column elementor-element elementor-element-8bca487\" data-id=\"8bca487\" data-element_type=\"column\" data-e-type=\"column\">\n\t\t\t<div class=\"elementor-widget-wrap elementor-element-populated\">\n\t\t\t\t\t\t<div class=\"elementor-element elementor-element-1057b7f elementor-widget elementor-widget-heading\" data-id=\"1057b7f\" data-element_type=\"widget\" data-e-type=\"widget\" data-widget_type=\"heading.default\">\n\t\t\t\t<div class=\"elementor-widget-container\">\n\t\t\t\t\t<h3 class=\"elementor-heading-title elementor-size-default\">Information du produit :<\/h3>\t\t\t\t<\/div>\n\t\t\t\t<\/div>\n\t\t\t\t\t<\/div>\n\t\t<\/div>\n\t\t\t\t\t<\/div>\n\t\t<\/section>\n\t\t\t\t<section class=\"elementor-section elementor-top-section elementor-element elementor-element-2bfebe95 elementor-section-boxed elementor-section-height-default elementor-section-height-default\" data-id=\"2bfebe95\" data-element_type=\"section\" data-e-type=\"section\">\n\t\t\t\t\t\t<div class=\"elementor-container elementor-column-gap-default\">\n\t\t\t\t\t<div class=\"elementor-column elementor-col-100 elementor-top-column elementor-element elementor-element-1a7e101a\" data-id=\"1a7e101a\" data-element_type=\"column\" data-e-type=\"column\">\n\t\t\t<div class=\"elementor-widget-wrap elementor-element-populated\">\n\t\t\t\t\t\t<div class=\"elementor-element elementor-element-18e0cd50 elementor-widget elementor-widget-text-editor\" data-id=\"18e0cd50\" data-element_type=\"widget\" data-e-type=\"widget\" data-widget_type=\"text-editor.default\">\n\t\t\t\t<div class=\"elementor-widget-container\">\n\t\t\t\t\t\t\t\t\t<p>Massey Ferguson : 3050, 3060, 3065, 3070, 3075, 3080, 3085, 3090, 3095.<br><\/p><div>\n<p><span style=\"font-family: Rubik, serif;font-size: 11.5pt\">Comprend le m\u00e9canisme d&#8217;embrayage et le disque d&rsquo;avancement c\u00e9ram\u00e9tallique. B<\/span>ut\u00e9e \u00e0 ajouter au d\u00e9tail :<\/p><p><span><strong><span>Attention, deux mod\u00e8les de but\u00e9es possibles :<\/span><\/strong><\/span><\/p><ul><li><a href=\"https:\/\/www.edel.fr\/en\/butee-dembrayage-64x111x46-tracteur-agricole\/\" target=\"_blank\" rel=\"noopener\">203 057 30<\/a>&nbsp;&#8211; hauteur de but\u00e9e 45 mm<\/li><li><a href=\"https:\/\/www.edel.fr\/en\/butee-dembrayage-65x100x27-massey-ferguson-tracteur\/\" target=\"_blank\" rel=\"noopener\">203 097 30<\/a>&nbsp;&#8211; hauteur de but\u00e9e 27 mm<\/li><\/ul>\n<ul>\n<li><strong><span style=\"text-decoration: underline\">En option<\/span>,<\/strong> vous trouverez \u00e9galement&nbsp;pour ce montage :<br><a href=\"https:\/\/www.edel.fr\/en\/joint-spi-arriere-perkins-1338-x-1586-x-11\/\" target=\"_blank\" rel=\"noopener\">&#8211; le joint spi moteur<\/a><\/li>\n<\/ul>\n<\/div>\n<p>Le kit d\u2019embrayage tracteur agricole est compos\u00e9 d\u2019un m\u00e9canisme et d&rsquo;un disque.<\/p>\n<p>De plus le kit complet comprend la totalit\u00e9 des pi\u00e8ces \u00e0 changer en atelier. Cependant, les pi\u00e8ces de rechange qui le composent sont rigoureusement s\u00e9lectionn\u00e9es pour leur qualit\u00e9 et leur fiabilit\u00e9.<\/p>\n<p>Toutefois, choisir de remplacer une pi\u00e8ce au d\u00e9tail peut s\u2019av\u00e9rer \u00eatre moins avantageux que de remplacer un ensemble complet. Nos kits se distinguent par la qualit\u00e9 de nos but\u00e9es d\u2019embrayages et roulements pilotes. Une but\u00e9e adaptable qui grippe conduit irr\u00e9m\u00e9diablement \u00e0 la destruction du m\u00e9canisme.<\/p>\n<p>Car pour le montage d\u2019un kit d\u2019embrayage agricole, les pi\u00e8ces p\u00e9riph\u00e9riques doivent proc\u00e9der \u00e0 un examen minutieux. Notamment, le volant moteur et les diff\u00e9rents joints spi que nous tenons \u00e9galement en stock.<\/p>\n<p>En effet, pour le syst\u00e8me de commande, une vigilance particuli\u00e8re est \u00e0 porter au c\u00e2ble, a la tringlerie et au circuit hydraulique. En cas de doute, ces composants doivent absolument \u00eatre remis \u00e0 niveau pour permettre le parfait fonctionnement de l\u2019embrayage.<\/p>\n<p>Bien s\u00fbr, pour plus de renseignements, n&rsquo;h\u00e9sitez pas \u00e0 nous consulter !<\/p>\t\t\t\t\t\t\t\t<\/div>\n\t\t\t\t<\/div>\n\t\t\t\t\t<\/div>\n\t\t<\/div>\n\t\t\t\t\t<\/div>\n\t\t<\/section>\n\t\t\t\t<\/div>","protected":false},"excerpt":{"rendered":"<p>KIT EMBRAYAGE ORIGINE VALEO MASSEY FERGUSON SERIE 3000 \u00d8 330 MM &#8211; DISQUE CERAMETALLIQUE 23 CANNELURES Information du produit : Massey Ferguson : 3050, 3060, 3065, 3070, 3075, 3080, 3085, 3090, 3095. Comprend le m\u00e9canisme d&#8217;embrayage et le disque d&rsquo;avancement c\u00e9ram\u00e9tallique. But\u00e9e \u00e0 ajouter au d\u00e9tail : Attention, deux mod\u00e8les de but\u00e9es possibles : 203<br \/><a class=\"more-link\" href=\"https:\/\/www.edel.fr\/en\/product\/kit-mecanisme-simple-a-diaphragme-disque-av-cerametallique-massey-ferguson-o330\/\"><br \/>\n        Read More<span class=\"screen-reader-text\"> \u00ab\u00a0Kit embrayage Massey Ferguson 3050 3060 3065 3070\u00a0\u00bb<\/span><\/a><\/p>","protected":false},"featured_media":4188,"template":"","meta":[],"product_brand":[],"product_cat":[1141,3949,119,120],"product_tag":[143,124],"tracteur":[],"class_list":{"0":"post-5985","1":"product","2":"type-product","3":"status-publish","4":"has-post-thumbnail","6":"product_cat-kits-dembrayage","7":"product_cat-massey-ferguson","8":"product_cat-tracteurs-agricoles","9":"product_cat-transmissions","10":"product_tag-kits-dembrayage","11":"product_tag-transmissions","12":"product_shipping_class-142","13":"pa_fabriquant-selection-edel","14":"pa_marque-tracteur-massey-ferguson","15":"pa_type-2-1446","16":"pa_type-2-1447","17":"pa_type-2-2016","18":"pa_type-2-1448","19":"pa_type-2-1449","20":"pa_type-2-1450","21":"pa_type-2-1318","22":"pa_type-2-1451","23":"pa_type-2-1319","24":"badges-style-2","26":"first","27":"instock","28":"taxable","29":"shipping-taxable","30":"purchasable","31":"product-type-simple"},"acf":[],"yoast_head":"<!-- This site is optimized with the Yoast SEO plugin v27.3 - https:\/\/yoast.com\/product\/yoast-seo-wordpress\/ -->\n<title>Kit embrayage Massey Ferguson 3050 3060 3065 3070 - Edel<\/title>\n<meta name=\"description\" content=\"Kit Embrayage Massey Ferguson Complet - M\u00e9canisme simple \u00e0 diaphragme, disque AV. C\u00e9ram\u00e9tallique - \u00d8330 - 3050 3060 3065 3070 3075 3080 3085 3090 3095\" \/>\n<meta name=\"robots\" content=\"index, follow, max-snippet:-1, max-image-preview:large, max-video-preview:-1\" \/>\n<link rel=\"canonical\" href=\"http:\/\/www.edel.fr\/en\/product\/kit-mecanisme-simple-a-diaphragme-disque-av-cerametallique-massey-ferguson-o330\/\" \/>\n<meta property=\"og:locale\" content=\"en_US\" \/>\n<meta property=\"og:type\" content=\"article\" \/>\n<meta property=\"og:title\" content=\"Kit embrayage Massey Ferguson 3050 3060 3065 3070 - Edel\" \/>\n<meta property=\"og:description\" content=\"Kit Embrayage Massey Ferguson Complet - M\u00e9canisme simple \u00e0 diaphragme, disque AV. C\u00e9ram\u00e9tallique - \u00d8330 - 3050 3060 3065 3070 3075 3080 3085 3090 3095\" \/>\n<meta property=\"og:url\" content=\"http:\/\/www.edel.fr\/en\/product\/kit-mecanisme-simple-a-diaphragme-disque-av-cerametallique-massey-ferguson-o330\/\" \/>\n<meta property=\"og:site_name\" content=\"Edel\" \/>\n<meta property=\"article:modified_time\" content=\"2025-11-05T20:06:59+00:00\" \/>\n<meta property=\"og:image\" content=\"http:\/\/www.edel.fr\/uploads\/2018\/11\/K34.jpg\" \/>\n\t<meta property=\"og:image:width\" content=\"1920\" \/>\n\t<meta property=\"og:image:height\" content=\"1920\" \/>\n\t<meta property=\"og:image:type\" content=\"image\/jpeg\" \/>\n<meta name=\"twitter:card\" content=\"summary_large_image\" \/>\n<meta name=\"twitter:label1\" content=\"Est. reading time\" \/>\n\t<meta name=\"twitter:data1\" content=\"2 minutes\" \/>\n<script type=\"application\/ld+json\" class=\"yoast-schema-graph\">{\"@context\":\"https:\\\/\\\/schema.org\",\"@graph\":[{\"@type\":\"WebPage\",\"@id\":\"http:\\\/\\\/www.edel.fr\\\/produit\\\/kit-mecanisme-simple-a-diaphragme-disque-av-cerametallique-massey-ferguson-o330\\\/\",\"url\":\"http:\\\/\\\/www.edel.fr\\\/produit\\\/kit-mecanisme-simple-a-diaphragme-disque-av-cerametallique-massey-ferguson-o330\\\/\",\"name\":\"Kit embrayage Massey Ferguson 3050 3060 3065 3070 - Edel\",\"isPartOf\":{\"@id\":\"https:\\\/\\\/www.edel.fr\\\/en\\\/#website\"},\"primaryImageOfPage\":{\"@id\":\"http:\\\/\\\/www.edel.fr\\\/produit\\\/kit-mecanisme-simple-a-diaphragme-disque-av-cerametallique-massey-ferguson-o330\\\/#primaryimage\"},\"image\":{\"@id\":\"http:\\\/\\\/www.edel.fr\\\/produit\\\/kit-mecanisme-simple-a-diaphragme-disque-av-cerametallique-massey-ferguson-o330\\\/#primaryimage\"},\"thumbnailUrl\":\"https:\\\/\\\/www.edel.fr\\\/uploads\\\/2018\\\/11\\\/K34.jpg\",\"datePublished\":\"2019-03-11T08:24:50+00:00\",\"dateModified\":\"2025-11-05T20:06:59+00:00\",\"description\":\"Kit Embrayage Massey Ferguson Complet - M\u00e9canisme simple \u00e0 diaphragme, disque AV. C\u00e9ram\u00e9tallique - \u00d8330 - 3050 3060 3065 3070 3075 3080 3085 3090 3095\",\"breadcrumb\":{\"@id\":\"http:\\\/\\\/www.edel.fr\\\/produit\\\/kit-mecanisme-simple-a-diaphragme-disque-av-cerametallique-massey-ferguson-o330\\\/#breadcrumb\"},\"inLanguage\":\"en-US\",\"potentialAction\":[{\"@type\":\"ReadAction\",\"target\":[\"http:\\\/\\\/www.edel.fr\\\/produit\\\/kit-mecanisme-simple-a-diaphragme-disque-av-cerametallique-massey-ferguson-o330\\\/\"]}]},{\"@type\":\"ImageObject\",\"inLanguage\":\"en-US\",\"@id\":\"http:\\\/\\\/www.edel.fr\\\/produit\\\/kit-mecanisme-simple-a-diaphragme-disque-av-cerametallique-massey-ferguson-o330\\\/#primaryimage\",\"url\":\"https:\\\/\\\/www.edel.fr\\\/uploads\\\/2018\\\/11\\\/K34.jpg\",\"contentUrl\":\"https:\\\/\\\/www.edel.fr\\\/uploads\\\/2018\\\/11\\\/K34.jpg\",\"width\":1920,\"height\":1920,\"caption\":\"Kit Embrayage Massey Ferguson Complet\"},{\"@type\":\"BreadcrumbList\",\"@id\":\"http:\\\/\\\/www.edel.fr\\\/produit\\\/kit-mecanisme-simple-a-diaphragme-disque-av-cerametallique-massey-ferguson-o330\\\/#breadcrumb\",\"itemListElement\":[{\"@type\":\"ListItem\",\"position\":1,\"name\":\"Pi\u00e8ce Tracteur\",\"item\":\"https:\\\/\\\/www.edel.fr\\\/en\\\/\"},{\"@type\":\"ListItem\",\"position\":2,\"name\":\"Toutes nos pi\u00e8ces Tracteur\",\"item\":\"https:\\\/\\\/edel.fr\\\/shop\\\/\"},{\"@type\":\"ListItem\",\"position\":3,\"name\":\"Kit embrayage Massey Ferguson 3050 3060 3065 3070\"}]},{\"@type\":\"WebSite\",\"@id\":\"https:\\\/\\\/www.edel.fr\\\/en\\\/#website\",\"url\":\"https:\\\/\\\/www.edel.fr\\\/en\\\/\",\"name\":\"Edel\",\"description\":\"Pi\u00e8ce d\u00e9tach\u00e9e de Tracteur Agricole\",\"publisher\":{\"@id\":\"https:\\\/\\\/www.edel.fr\\\/en\\\/#organization\"},\"potentialAction\":[{\"@type\":\"SearchAction\",\"target\":{\"@type\":\"EntryPoint\",\"urlTemplate\":\"https:\\\/\\\/www.edel.fr\\\/en\\\/?s={search_term_string}\"},\"query-input\":{\"@type\":\"PropertyValueSpecification\",\"valueRequired\":true,\"valueName\":\"search_term_string\"}}],\"inLanguage\":\"en-US\"},{\"@type\":\"Organization\",\"@id\":\"https:\\\/\\\/www.edel.fr\\\/en\\\/#organization\",\"name\":\"Edel\",\"url\":\"https:\\\/\\\/www.edel.fr\\\/en\\\/\",\"logo\":{\"@type\":\"ImageObject\",\"inLanguage\":\"en-US\",\"@id\":\"https:\\\/\\\/www.edel.fr\\\/en\\\/#\\\/schema\\\/logo\\\/image\\\/\",\"url\":\"https:\\\/\\\/www.edel.fr\\\/uploads\\\/2018\\\/11\\\/logo-edel.png\",\"contentUrl\":\"https:\\\/\\\/www.edel.fr\\\/uploads\\\/2018\\\/11\\\/logo-edel.png\",\"width\":257,\"height\":68,\"caption\":\"Edel\"},\"image\":{\"@id\":\"https:\\\/\\\/www.edel.fr\\\/en\\\/#\\\/schema\\\/logo\\\/image\\\/\"}}]}<\/script>\n<!-- \/ Yoast SEO plugin. -->","yoast_head_json":{"title":"Kit embrayage Massey Ferguson 3050 3060 3065 3070 - Edel","description":"Kit Embrayage Massey Ferguson Complet - M\u00e9canisme simple \u00e0 diaphragme, disque AV. C\u00e9ram\u00e9tallique - \u00d8330 - 3050 3060 3065 3070 3075 3080 3085 3090 3095","robots":{"index":"index","follow":"follow","max-snippet":"max-snippet:-1","max-image-preview":"max-image-preview:large","max-video-preview":"max-video-preview:-1"},"canonical":"http:\/\/www.edel.fr\/en\/product\/kit-mecanisme-simple-a-diaphragme-disque-av-cerametallique-massey-ferguson-o330\/","og_locale":"en_US","og_type":"article","og_title":"Kit embrayage Massey Ferguson 3050 3060 3065 3070 - Edel","og_description":"Kit Embrayage Massey Ferguson Complet - M\u00e9canisme simple \u00e0 diaphragme, disque AV. C\u00e9ram\u00e9tallique - \u00d8330 - 3050 3060 3065 3070 3075 3080 3085 3090 3095","og_url":"http:\/\/www.edel.fr\/en\/product\/kit-mecanisme-simple-a-diaphragme-disque-av-cerametallique-massey-ferguson-o330\/","og_site_name":"Edel","article_modified_time":"2025-11-05T20:06:59+00:00","og_image":[{"width":1920,"height":1920,"url":"http:\/\/www.edel.fr\/uploads\/2018\/11\/K34.jpg","type":"image\/jpeg"}],"twitter_card":"summary_large_image","twitter_misc":{"Est. reading time":"2 minutes"},"schema":{"@context":"https:\/\/schema.org","@graph":[{"@type":"WebPage","@id":"http:\/\/www.edel.fr\/produit\/kit-mecanisme-simple-a-diaphragme-disque-av-cerametallique-massey-ferguson-o330\/","url":"http:\/\/www.edel.fr\/produit\/kit-mecanisme-simple-a-diaphragme-disque-av-cerametallique-massey-ferguson-o330\/","name":"Kit embrayage Massey Ferguson 3050 3060 3065 3070 - Edel","isPartOf":{"@id":"https:\/\/www.edel.fr\/en\/#website"},"primaryImageOfPage":{"@id":"http:\/\/www.edel.fr\/produit\/kit-mecanisme-simple-a-diaphragme-disque-av-cerametallique-massey-ferguson-o330\/#primaryimage"},"image":{"@id":"http:\/\/www.edel.fr\/produit\/kit-mecanisme-simple-a-diaphragme-disque-av-cerametallique-massey-ferguson-o330\/#primaryimage"},"thumbnailUrl":"https:\/\/www.edel.fr\/uploads\/2018\/11\/K34.jpg","datePublished":"2019-03-11T08:24:50+00:00","dateModified":"2025-11-05T20:06:59+00:00","description":"Kit Embrayage Massey Ferguson Complet - M\u00e9canisme simple \u00e0 diaphragme, disque AV. C\u00e9ram\u00e9tallique - \u00d8330 - 3050 3060 3065 3070 3075 3080 3085 3090 3095","breadcrumb":{"@id":"http:\/\/www.edel.fr\/produit\/kit-mecanisme-simple-a-diaphragme-disque-av-cerametallique-massey-ferguson-o330\/#breadcrumb"},"inLanguage":"en-US","potentialAction":[{"@type":"ReadAction","target":["http:\/\/www.edel.fr\/produit\/kit-mecanisme-simple-a-diaphragme-disque-av-cerametallique-massey-ferguson-o330\/"]}]},{"@type":"ImageObject","inLanguage":"en-US","@id":"http:\/\/www.edel.fr\/produit\/kit-mecanisme-simple-a-diaphragme-disque-av-cerametallique-massey-ferguson-o330\/#primaryimage","url":"https:\/\/www.edel.fr\/uploads\/2018\/11\/K34.jpg","contentUrl":"https:\/\/www.edel.fr\/uploads\/2018\/11\/K34.jpg","width":1920,"height":1920,"caption":"Kit Embrayage Massey Ferguson Complet"},{"@type":"BreadcrumbList","@id":"http:\/\/www.edel.fr\/produit\/kit-mecanisme-simple-a-diaphragme-disque-av-cerametallique-massey-ferguson-o330\/#breadcrumb","itemListElement":[{"@type":"ListItem","position":1,"name":"Pi\u00e8ce Tracteur","item":"https:\/\/www.edel.fr\/en\/"},{"@type":"ListItem","position":2,"name":"Toutes nos pi\u00e8ces Tracteur","item":"https:\/\/edel.fr\/shop\/"},{"@type":"ListItem","position":3,"name":"Kit embrayage Massey Ferguson 3050 3060 3065 3070"}]},{"@type":"WebSite","@id":"https:\/\/www.edel.fr\/en\/#website","url":"https:\/\/www.edel.fr\/en\/","name":"Edel","description":"Pi\u00e8ce d\u00e9tach\u00e9e de Tracteur Agricole","publisher":{"@id":"https:\/\/www.edel.fr\/en\/#organization"},"potentialAction":[{"@type":"SearchAction","target":{"@type":"EntryPoint","urlTemplate":"https:\/\/www.edel.fr\/en\/?s={search_term_string}"},"query-input":{"@type":"PropertyValueSpecification","valueRequired":true,"valueName":"search_term_string"}}],"inLanguage":"en-US"},{"@type":"Organization","@id":"https:\/\/www.edel.fr\/en\/#organization","name":"Edel","url":"https:\/\/www.edel.fr\/en\/","logo":{"@type":"ImageObject","inLanguage":"en-US","@id":"https:\/\/www.edel.fr\/en\/#\/schema\/logo\/image\/","url":"https:\/\/www.edel.fr\/uploads\/2018\/11\/logo-edel.png","contentUrl":"https:\/\/www.edel.fr\/uploads\/2018\/11\/logo-edel.png","width":257,"height":68,"caption":"Edel"},"image":{"@id":"https:\/\/www.edel.fr\/en\/#\/schema\/logo\/image\/"}}]}},"_links":{"self":[{"href":"https:\/\/www.edel.fr\/en\/wp-json\/wp\/v2\/product\/5985","targetHints":{"allow":["GET"]}}],"collection":[{"href":"https:\/\/www.edel.fr\/en\/wp-json\/wp\/v2\/product"}],"about":[{"href":"https:\/\/www.edel.fr\/en\/wp-json\/wp\/v2\/types\/product"}],"version-history":[{"count":3,"href":"https:\/\/www.edel.fr\/en\/wp-json\/wp\/v2\/product\/5985\/revisions"}],"predecessor-version":[{"id":18429,"href":"https:\/\/www.edel.fr\/en\/wp-json\/wp\/v2\/product\/5985\/revisions\/18429"}],"wp:featuredmedia":[{"embeddable":true,"href":"https:\/\/www.edel.fr\/en\/wp-json\/wp\/v2\/media\/4188"}],"wp:attachment":[{"href":"https:\/\/www.edel.fr\/en\/wp-json\/wp\/v2\/media?parent=5985"}],"wp:term":[{"taxonomy":"product_brand","embeddable":true,"href":"https:\/\/www.edel.fr\/en\/wp-json\/wp\/v2\/product_brand?post=5985"},{"taxonomy":"product_cat","embeddable":true,"href":"https:\/\/www.edel.fr\/en\/wp-json\/wp\/v2\/product_cat?post=5985"},{"taxonomy":"product_tag","embeddable":true,"href":"https:\/\/www.edel.fr\/en\/wp-json\/wp\/v2\/product_tag?post=5985"},{"taxonomy":"tracteur","embeddable":true,"href":"https:\/\/www.edel.fr\/en\/wp-json\/wp\/v2\/tracteur?post=5985"}],"curies":[{"name":"wp","href":"https:\/\/api.w.org\/{rel}","templated":true}]}}