{"id":5984,"date":"2019-03-11T09:24:50","date_gmt":"2019-03-11T08:24:50","guid":{"rendered":"http:\/\/edel.stephanie.ct.webcd.lan\/shop\/kit-complet-mecanisme-simple-renforce-moyeu-25-cannelures-disque-av-cerametallique-butee-et-roulement-pilote-massey-ferguson-o300-21-cannelures\/"},"modified":"2026-02-23T22:11:41","modified_gmt":"2026-02-23T21:11:41","slug":"kit-complet-mecanisme-simple-renforce-moyeu-25-cannelures-disque-av-cerametallique-butee-et-roulement-pilote-massey-ferguson-o300-21-cannelures","status":"publish","type":"product","link":"https:\/\/www.edel.fr\/en\/product\/kit-complet-mecanisme-simple-renforce-moyeu-25-cannelures-disque-av-cerametallique-butee-et-roulement-pilote-massey-ferguson-o300-21-cannelures\/","title":{"rendered":"Embrayage Massey Ferguson Kit Complet &#8211; 350 4335 4325 355 360"},"content":{"rendered":"<div data-elementor-type=\"wp-post\" data-elementor-id=\"5984\" class=\"elementor elementor-5984\">\n\t\t\t\t\t\t<section class=\"elementor-section elementor-top-section elementor-element elementor-element-2280686 elementor-section-boxed elementor-section-height-default elementor-section-height-default\" data-id=\"2280686\" data-element_type=\"section\" data-e-type=\"section\">\n\t\t\t\t\t\t<div class=\"elementor-container elementor-column-gap-default\">\n\t\t\t\t\t<div class=\"elementor-column elementor-col-100 elementor-top-column elementor-element elementor-element-01ed617\" data-id=\"01ed617\" data-element_type=\"column\" data-e-type=\"column\">\n\t\t\t<div class=\"elementor-widget-wrap elementor-element-populated\">\n\t\t\t\t\t\t<div class=\"elementor-element elementor-element-bc16b3e elementor-widget elementor-widget-heading\" data-id=\"bc16b3e\" data-element_type=\"widget\" data-e-type=\"widget\" data-widget_type=\"heading.default\">\n\t\t\t\t<div class=\"elementor-widget-container\">\n\t\t\t\t\t<h2 class=\"elementor-heading-title elementor-size-default\">KIT EMBRAYAGE MASSEY FERGUSON - SERIES 300, 4200, 4300<br><br>\u00d8 300 MM \u2013 DISQUE 21 CANNELURES \/ MOYEU FIXE MECANISME 25 CANNELURES <\/h2>\t\t\t\t<\/div>\n\t\t\t\t<\/div>\n\t\t\t\t\t<\/div>\n\t\t<\/div>\n\t\t\t\t\t<\/div>\n\t\t<\/section>\n\t\t\t\t<section class=\"elementor-section elementor-top-section elementor-element elementor-element-e529088 elementor-section-boxed elementor-section-height-default elementor-section-height-default\" data-id=\"e529088\" data-element_type=\"section\" data-e-type=\"section\">\n\t\t\t\t\t\t<div class=\"elementor-container elementor-column-gap-default\">\n\t\t\t\t\t<div class=\"elementor-column elementor-col-100 elementor-top-column elementor-element elementor-element-8393e4c\" data-id=\"8393e4c\" data-element_type=\"column\" data-e-type=\"column\">\n\t\t\t<div class=\"elementor-widget-wrap elementor-element-populated\">\n\t\t\t\t\t\t<div class=\"elementor-element elementor-element-9cddc12 elementor-widget elementor-widget-heading\" data-id=\"9cddc12\" data-element_type=\"widget\" data-e-type=\"widget\" data-widget_type=\"heading.default\">\n\t\t\t\t<div class=\"elementor-widget-container\">\n\t\t\t\t\t<h3 class=\"elementor-heading-title elementor-size-default\">Information du produit :<\/h3>\t\t\t\t<\/div>\n\t\t\t\t<\/div>\n\t\t\t\t\t<\/div>\n\t\t<\/div>\n\t\t\t\t\t<\/div>\n\t\t<\/section>\n\t\t\t\t<section class=\"elementor-section elementor-top-section elementor-element elementor-element-632a31bf elementor-section-boxed elementor-section-height-default elementor-section-height-default\" data-id=\"632a31bf\" data-element_type=\"section\" data-e-type=\"section\">\n\t\t\t\t\t\t<div class=\"elementor-container elementor-column-gap-default\">\n\t\t\t\t\t<div class=\"elementor-column elementor-col-100 elementor-top-column elementor-element elementor-element-516d755a\" data-id=\"516d755a\" data-element_type=\"column\" data-e-type=\"column\">\n\t\t\t<div class=\"elementor-widget-wrap elementor-element-populated\">\n\t\t\t\t\t\t<div class=\"elementor-element elementor-element-329afe95 elementor-widget elementor-widget-text-editor\" data-id=\"329afe95\" data-element_type=\"widget\" data-e-type=\"widget\" data-widget_type=\"text-editor.default\">\n\t\t\t\t<div class=\"elementor-widget-container\">\n\t\t\t\t\t\t\t\t\t<p>Massey Fergusson 350, 355, 360, 362, 365, 372, 375, 382, 390, 4215, 4220, 4225, 4226, 4235, 4240, 4255, 4325, 4335.<\/p><ul><li><span style=\"text-decoration: underline;color: #fdb819\">En option<\/span><span style=\"color: #fdb819\">,<\/span> vous trouverez \u00e9galement\u00a0pour ce montage :<br \/><a href=\"https:\/\/www.edel.fr\/en\/joint-spi-arriere-perkins-1338-x-1586-x-11\/\" target=\"_blank\" rel=\"noopener\">&#8211; le joint spi<\/a><\/li><\/ul><p style=\"margin: 0cm 0cm 18pt;background-image: initial;background-position: initial;background-size: initial;background-attachment: initial\"><span style=\"font-size: 11.5pt;font-family: Rubik, serif\">Comprend le m\u00e9canisme d&#8217;embrayage, le disque d&rsquo;avancement c\u00e9ram\u00e9tallique, la but\u00e9e et le roulement pilote.<\/span><\/p><p>Le kit d\u2019embrayage tracteur agricole est compos\u00e9 d\u2019un m\u00e9canisme, d\u2019un ou deux disques, d\u2019une ou deux but\u00e9es et du roulement pilote. De plus le kit complet comprend la totalit\u00e9 des pi\u00e8ces \u00e0 changer en atelier. Cependant les pi\u00e8ces de rechange qui le composent sont rigoureusement s\u00e9lectionn\u00e9es pour leur qualit\u00e9 et leur fiabilit\u00e9.\u00a0<\/p><p>Toutefois choisir de remplacer une pi\u00e8ce au d\u00e9tail peut s\u2019av\u00e9rer \u00eatre moins avantageux que de remplacer un ensemble complet. Nos kits se distinguent par la qualit\u00e9 de nos but\u00e9es d\u2019embrayages et roulements pilotes. Une but\u00e9e adaptable qui grippe conduit irr\u00e9m\u00e9diablement \u00e0 la destruction du m\u00e9canisme.<\/p><p>Car pour le montage d\u2019un kit d\u2019embrayage agricole, les pi\u00e8ces p\u00e9riph\u00e9riques doivent proc\u00e9der \u00e0 un examen minutieux. Notamment, le volant moteur et les diff\u00e9rents joints spi.<\/p><p>En effet, pour le syst\u00e8me de commande, une vigilance particuli\u00e8re est \u00e0 porter au c\u00e2ble, a la tringlerie et au circuit hydraulique. En cas de doute, ces composants doivent absolument \u00eatre remis \u00e0 niveau pour permettre le parfait fonctionnement de l\u2019embrayage.<\/p><p>Bien s\u00fbr, pour plus de renseignements, n&rsquo;h\u00e9sitez pas \u00e0 nous consulter !<\/p>\t\t\t\t\t\t\t\t<\/div>\n\t\t\t\t<\/div>\n\t\t\t\t\t<\/div>\n\t\t<\/div>\n\t\t\t\t\t<\/div>\n\t\t<\/section>\n\t\t\t\t<\/div>","protected":false},"excerpt":{"rendered":"<p>KIT EMBRAYAGE MASSEY FERGUSON &#8211; SERIES 300, 4200, 4300 \u00d8 300 MM \u2013 DISQUE 21 CANNELURES \/ MOYEU FIXE MECANISME 25 CANNELURES Information du produit : Massey Fergusson 350, 355, 360, 362, 365, 372, 375, 382, 390, 4215, 4220, 4225, 4226, 4235, 4240, 4255, 4325, 4335. En option, vous trouverez \u00e9galement\u00a0pour ce montage : &#8211;<br \/><a class=\"more-link\" href=\"https:\/\/www.edel.fr\/en\/product\/kit-complet-mecanisme-simple-renforce-moyeu-25-cannelures-disque-av-cerametallique-butee-et-roulement-pilote-massey-ferguson-o300-21-cannelures\/\"><br \/>\n        Read More<span class=\"screen-reader-text\"> \u00ab\u00a0Embrayage Massey Ferguson Kit Complet &#8211; 350 4335 4325 355 360\u00a0\u00bb<\/span><\/a><\/p>","protected":false},"featured_media":4187,"template":"","meta":[],"product_brand":[],"product_cat":[1141,3949,119,120],"product_tag":[143,124],"tracteur":[],"class_list":{"0":"post-5984","1":"product","2":"type-product","3":"status-publish","4":"has-post-thumbnail","6":"product_cat-kits-dembrayage","7":"product_cat-massey-ferguson","8":"product_cat-tracteurs-agricoles","9":"product_cat-transmissions","10":"product_tag-kits-dembrayage","11":"product_tag-transmissions","12":"product_shipping_class-142","13":"pa_marque-tracteur-massey-ferguson","14":"pa_type-2-1919","15":"pa_type-2-1883","16":"pa_type-2-1310","17":"pa_type-2-2003","18":"pa_type-2-1311","19":"pa_type-2-2832","20":"pa_type-2-1313","21":"pa_type-2-2833","22":"pa_type-2-1314","23":"pa_type-2-2355","24":"pa_type-2-1298","25":"pa_type-2-2356","26":"pa_type-2-2834","27":"pa_type-2-1325","28":"pa_type-2-1300","29":"pa_type-2-1327","30":"pa_type-2-2835","31":"pa_type-2-2836","32":"badges-style-2","34":"first","35":"instock","36":"taxable","37":"shipping-taxable","38":"purchasable","39":"product-type-simple"},"acf":[],"yoast_head":"<!-- This site is optimized with the Yoast SEO plugin v27.3 - https:\/\/yoast.com\/product\/yoast-seo-wordpress\/ -->\n<title>Kit Embrayage Massey Ferguson - 350 4335 4325 355 360 - Edel<\/title>\n<meta name=\"description\" content=\"Embrayage Massey Ferguson Kit - Disque AV. C\u00e9ram\u00e9tallique, but\u00e9e et roulement pilote - 355 360 362 365 372 375 382 390 4215 4220 4225 4226 4235 4240 4255\" \/>\n<meta name=\"robots\" content=\"index, follow, max-snippet:-1, max-image-preview:large, max-video-preview:-1\" \/>\n<link rel=\"canonical\" href=\"https:\/\/www.edel.fr\/en\/product\/kit-complet-mecanisme-simple-renforce-moyeu-25-cannelures-disque-av-cerametallique-butee-et-roulement-pilote-massey-ferguson-o300-21-cannelures\/\" \/>\n<meta property=\"og:locale\" content=\"en_US\" \/>\n<meta property=\"og:type\" content=\"article\" \/>\n<meta property=\"og:title\" content=\"Kit Embrayage Massey Ferguson - 350 4335 4325 355 360 - Edel\" \/>\n<meta property=\"og:description\" content=\"Embrayage Massey Ferguson Kit - Disque AV. C\u00e9ram\u00e9tallique, but\u00e9e et roulement pilote - 355 360 362 365 372 375 382 390 4215 4220 4225 4226 4235 4240 4255\" \/>\n<meta property=\"og:url\" content=\"https:\/\/www.edel.fr\/en\/product\/kit-complet-mecanisme-simple-renforce-moyeu-25-cannelures-disque-av-cerametallique-butee-et-roulement-pilote-massey-ferguson-o300-21-cannelures\/\" \/>\n<meta property=\"og:site_name\" content=\"Edel\" \/>\n<meta property=\"article:modified_time\" content=\"2026-02-23T21:11:41+00:00\" \/>\n<meta property=\"og:image\" content=\"https:\/\/www.edel.fr\/uploads\/2018\/11\/K33.jpg\" \/>\n\t<meta property=\"og:image:width\" content=\"2709\" \/>\n\t<meta property=\"og:image:height\" content=\"2709\" \/>\n\t<meta property=\"og:image:type\" content=\"image\/jpeg\" \/>\n<meta name=\"twitter:card\" content=\"summary_large_image\" \/>\n<meta name=\"twitter:label1\" content=\"Est. reading time\" \/>\n\t<meta name=\"twitter:data1\" content=\"2 minutes\" \/>\n<script type=\"application\/ld+json\" class=\"yoast-schema-graph\">{\"@context\":\"https:\\\/\\\/schema.org\",\"@graph\":[{\"@type\":\"WebPage\",\"@id\":\"https:\\\/\\\/www.edel.fr\\\/produit\\\/kit-complet-mecanisme-simple-renforce-moyeu-25-cannelures-disque-av-cerametallique-butee-et-roulement-pilote-massey-ferguson-o300-21-cannelures\\\/\",\"url\":\"https:\\\/\\\/www.edel.fr\\\/produit\\\/kit-complet-mecanisme-simple-renforce-moyeu-25-cannelures-disque-av-cerametallique-butee-et-roulement-pilote-massey-ferguson-o300-21-cannelures\\\/\",\"name\":\"Kit Embrayage Massey Ferguson - 350 4335 4325 355 360 - Edel\",\"isPartOf\":{\"@id\":\"https:\\\/\\\/www.edel.fr\\\/en\\\/#website\"},\"primaryImageOfPage\":{\"@id\":\"https:\\\/\\\/www.edel.fr\\\/produit\\\/kit-complet-mecanisme-simple-renforce-moyeu-25-cannelures-disque-av-cerametallique-butee-et-roulement-pilote-massey-ferguson-o300-21-cannelures\\\/#primaryimage\"},\"image\":{\"@id\":\"https:\\\/\\\/www.edel.fr\\\/produit\\\/kit-complet-mecanisme-simple-renforce-moyeu-25-cannelures-disque-av-cerametallique-butee-et-roulement-pilote-massey-ferguson-o300-21-cannelures\\\/#primaryimage\"},\"thumbnailUrl\":\"https:\\\/\\\/www.edel.fr\\\/uploads\\\/2018\\\/11\\\/K33.jpg\",\"datePublished\":\"2019-03-11T08:24:50+00:00\",\"dateModified\":\"2026-02-23T21:11:41+00:00\",\"description\":\"Embrayage Massey Ferguson Kit - Disque AV. C\u00e9ram\u00e9tallique, but\u00e9e et roulement pilote - 355 360 362 365 372 375 382 390 4215 4220 4225 4226 4235 4240 4255\",\"breadcrumb\":{\"@id\":\"https:\\\/\\\/www.edel.fr\\\/produit\\\/kit-complet-mecanisme-simple-renforce-moyeu-25-cannelures-disque-av-cerametallique-butee-et-roulement-pilote-massey-ferguson-o300-21-cannelures\\\/#breadcrumb\"},\"inLanguage\":\"en-US\",\"potentialAction\":[{\"@type\":\"ReadAction\",\"target\":[\"https:\\\/\\\/www.edel.fr\\\/produit\\\/kit-complet-mecanisme-simple-renforce-moyeu-25-cannelures-disque-av-cerametallique-butee-et-roulement-pilote-massey-ferguson-o300-21-cannelures\\\/\"]}]},{\"@type\":\"ImageObject\",\"inLanguage\":\"en-US\",\"@id\":\"https:\\\/\\\/www.edel.fr\\\/produit\\\/kit-complet-mecanisme-simple-renforce-moyeu-25-cannelures-disque-av-cerametallique-butee-et-roulement-pilote-massey-ferguson-o300-21-cannelures\\\/#primaryimage\",\"url\":\"https:\\\/\\\/www.edel.fr\\\/uploads\\\/2018\\\/11\\\/K33.jpg\",\"contentUrl\":\"https:\\\/\\\/www.edel.fr\\\/uploads\\\/2018\\\/11\\\/K33.jpg\",\"width\":2709,\"height\":2709,\"caption\":\"Embrayage Massey Ferguson Kit Complet\"},{\"@type\":\"BreadcrumbList\",\"@id\":\"https:\\\/\\\/www.edel.fr\\\/produit\\\/kit-complet-mecanisme-simple-renforce-moyeu-25-cannelures-disque-av-cerametallique-butee-et-roulement-pilote-massey-ferguson-o300-21-cannelures\\\/#breadcrumb\",\"itemListElement\":[{\"@type\":\"ListItem\",\"position\":1,\"name\":\"Pi\u00e8ce Tracteur\",\"item\":\"https:\\\/\\\/www.edel.fr\\\/en\\\/\"},{\"@type\":\"ListItem\",\"position\":2,\"name\":\"Toutes nos pi\u00e8ces Tracteur\",\"item\":\"https:\\\/\\\/edel.fr\\\/shop\\\/\"},{\"@type\":\"ListItem\",\"position\":3,\"name\":\"Embrayage Massey Ferguson Kit Complet &#8211; 350 4335 4325 355 360\"}]},{\"@type\":\"WebSite\",\"@id\":\"https:\\\/\\\/www.edel.fr\\\/en\\\/#website\",\"url\":\"https:\\\/\\\/www.edel.fr\\\/en\\\/\",\"name\":\"Edel\",\"description\":\"Pi\u00e8ce d\u00e9tach\u00e9e de Tracteur Agricole\",\"publisher\":{\"@id\":\"https:\\\/\\\/www.edel.fr\\\/en\\\/#organization\"},\"potentialAction\":[{\"@type\":\"SearchAction\",\"target\":{\"@type\":\"EntryPoint\",\"urlTemplate\":\"https:\\\/\\\/www.edel.fr\\\/en\\\/?s={search_term_string}\"},\"query-input\":{\"@type\":\"PropertyValueSpecification\",\"valueRequired\":true,\"valueName\":\"search_term_string\"}}],\"inLanguage\":\"en-US\"},{\"@type\":\"Organization\",\"@id\":\"https:\\\/\\\/www.edel.fr\\\/en\\\/#organization\",\"name\":\"Edel\",\"url\":\"https:\\\/\\\/www.edel.fr\\\/en\\\/\",\"logo\":{\"@type\":\"ImageObject\",\"inLanguage\":\"en-US\",\"@id\":\"https:\\\/\\\/www.edel.fr\\\/en\\\/#\\\/schema\\\/logo\\\/image\\\/\",\"url\":\"https:\\\/\\\/www.edel.fr\\\/uploads\\\/2018\\\/11\\\/logo-edel.png\",\"contentUrl\":\"https:\\\/\\\/www.edel.fr\\\/uploads\\\/2018\\\/11\\\/logo-edel.png\",\"width\":257,\"height\":68,\"caption\":\"Edel\"},\"image\":{\"@id\":\"https:\\\/\\\/www.edel.fr\\\/en\\\/#\\\/schema\\\/logo\\\/image\\\/\"}}]}<\/script>\n<!-- \/ Yoast SEO plugin. -->","yoast_head_json":{"title":"Kit Embrayage Massey Ferguson - 350 4335 4325 355 360 - Edel","description":"Embrayage Massey Ferguson Kit - Disque AV. C\u00e9ram\u00e9tallique, but\u00e9e et roulement pilote - 355 360 362 365 372 375 382 390 4215 4220 4225 4226 4235 4240 4255","robots":{"index":"index","follow":"follow","max-snippet":"max-snippet:-1","max-image-preview":"max-image-preview:large","max-video-preview":"max-video-preview:-1"},"canonical":"https:\/\/www.edel.fr\/en\/product\/kit-complet-mecanisme-simple-renforce-moyeu-25-cannelures-disque-av-cerametallique-butee-et-roulement-pilote-massey-ferguson-o300-21-cannelures\/","og_locale":"en_US","og_type":"article","og_title":"Kit Embrayage Massey Ferguson - 350 4335 4325 355 360 - Edel","og_description":"Embrayage Massey Ferguson Kit - Disque AV. C\u00e9ram\u00e9tallique, but\u00e9e et roulement pilote - 355 360 362 365 372 375 382 390 4215 4220 4225 4226 4235 4240 4255","og_url":"https:\/\/www.edel.fr\/en\/product\/kit-complet-mecanisme-simple-renforce-moyeu-25-cannelures-disque-av-cerametallique-butee-et-roulement-pilote-massey-ferguson-o300-21-cannelures\/","og_site_name":"Edel","article_modified_time":"2026-02-23T21:11:41+00:00","og_image":[{"width":2709,"height":2709,"url":"https:\/\/www.edel.fr\/uploads\/2018\/11\/K33.jpg","type":"image\/jpeg"}],"twitter_card":"summary_large_image","twitter_misc":{"Est. reading time":"2 minutes"},"schema":{"@context":"https:\/\/schema.org","@graph":[{"@type":"WebPage","@id":"https:\/\/www.edel.fr\/produit\/kit-complet-mecanisme-simple-renforce-moyeu-25-cannelures-disque-av-cerametallique-butee-et-roulement-pilote-massey-ferguson-o300-21-cannelures\/","url":"https:\/\/www.edel.fr\/produit\/kit-complet-mecanisme-simple-renforce-moyeu-25-cannelures-disque-av-cerametallique-butee-et-roulement-pilote-massey-ferguson-o300-21-cannelures\/","name":"Kit Embrayage Massey Ferguson - 350 4335 4325 355 360 - Edel","isPartOf":{"@id":"https:\/\/www.edel.fr\/en\/#website"},"primaryImageOfPage":{"@id":"https:\/\/www.edel.fr\/produit\/kit-complet-mecanisme-simple-renforce-moyeu-25-cannelures-disque-av-cerametallique-butee-et-roulement-pilote-massey-ferguson-o300-21-cannelures\/#primaryimage"},"image":{"@id":"https:\/\/www.edel.fr\/produit\/kit-complet-mecanisme-simple-renforce-moyeu-25-cannelures-disque-av-cerametallique-butee-et-roulement-pilote-massey-ferguson-o300-21-cannelures\/#primaryimage"},"thumbnailUrl":"https:\/\/www.edel.fr\/uploads\/2018\/11\/K33.jpg","datePublished":"2019-03-11T08:24:50+00:00","dateModified":"2026-02-23T21:11:41+00:00","description":"Embrayage Massey Ferguson Kit - Disque AV. C\u00e9ram\u00e9tallique, but\u00e9e et roulement pilote - 355 360 362 365 372 375 382 390 4215 4220 4225 4226 4235 4240 4255","breadcrumb":{"@id":"https:\/\/www.edel.fr\/produit\/kit-complet-mecanisme-simple-renforce-moyeu-25-cannelures-disque-av-cerametallique-butee-et-roulement-pilote-massey-ferguson-o300-21-cannelures\/#breadcrumb"},"inLanguage":"en-US","potentialAction":[{"@type":"ReadAction","target":["https:\/\/www.edel.fr\/produit\/kit-complet-mecanisme-simple-renforce-moyeu-25-cannelures-disque-av-cerametallique-butee-et-roulement-pilote-massey-ferguson-o300-21-cannelures\/"]}]},{"@type":"ImageObject","inLanguage":"en-US","@id":"https:\/\/www.edel.fr\/produit\/kit-complet-mecanisme-simple-renforce-moyeu-25-cannelures-disque-av-cerametallique-butee-et-roulement-pilote-massey-ferguson-o300-21-cannelures\/#primaryimage","url":"https:\/\/www.edel.fr\/uploads\/2018\/11\/K33.jpg","contentUrl":"https:\/\/www.edel.fr\/uploads\/2018\/11\/K33.jpg","width":2709,"height":2709,"caption":"Embrayage Massey Ferguson Kit Complet"},{"@type":"BreadcrumbList","@id":"https:\/\/www.edel.fr\/produit\/kit-complet-mecanisme-simple-renforce-moyeu-25-cannelures-disque-av-cerametallique-butee-et-roulement-pilote-massey-ferguson-o300-21-cannelures\/#breadcrumb","itemListElement":[{"@type":"ListItem","position":1,"name":"Pi\u00e8ce Tracteur","item":"https:\/\/www.edel.fr\/en\/"},{"@type":"ListItem","position":2,"name":"Toutes nos pi\u00e8ces Tracteur","item":"https:\/\/edel.fr\/shop\/"},{"@type":"ListItem","position":3,"name":"Embrayage Massey Ferguson Kit Complet &#8211; 350 4335 4325 355 360"}]},{"@type":"WebSite","@id":"https:\/\/www.edel.fr\/en\/#website","url":"https:\/\/www.edel.fr\/en\/","name":"Edel","description":"Pi\u00e8ce d\u00e9tach\u00e9e de Tracteur Agricole","publisher":{"@id":"https:\/\/www.edel.fr\/en\/#organization"},"potentialAction":[{"@type":"SearchAction","target":{"@type":"EntryPoint","urlTemplate":"https:\/\/www.edel.fr\/en\/?s={search_term_string}"},"query-input":{"@type":"PropertyValueSpecification","valueRequired":true,"valueName":"search_term_string"}}],"inLanguage":"en-US"},{"@type":"Organization","@id":"https:\/\/www.edel.fr\/en\/#organization","name":"Edel","url":"https:\/\/www.edel.fr\/en\/","logo":{"@type":"ImageObject","inLanguage":"en-US","@id":"https:\/\/www.edel.fr\/en\/#\/schema\/logo\/image\/","url":"https:\/\/www.edel.fr\/uploads\/2018\/11\/logo-edel.png","contentUrl":"https:\/\/www.edel.fr\/uploads\/2018\/11\/logo-edel.png","width":257,"height":68,"caption":"Edel"},"image":{"@id":"https:\/\/www.edel.fr\/en\/#\/schema\/logo\/image\/"}}]}},"_links":{"self":[{"href":"https:\/\/www.edel.fr\/en\/wp-json\/wp\/v2\/product\/5984","targetHints":{"allow":["GET"]}}],"collection":[{"href":"https:\/\/www.edel.fr\/en\/wp-json\/wp\/v2\/product"}],"about":[{"href":"https:\/\/www.edel.fr\/en\/wp-json\/wp\/v2\/types\/product"}],"version-history":[{"count":2,"href":"https:\/\/www.edel.fr\/en\/wp-json\/wp\/v2\/product\/5984\/revisions"}],"predecessor-version":[{"id":19142,"href":"https:\/\/www.edel.fr\/en\/wp-json\/wp\/v2\/product\/5984\/revisions\/19142"}],"wp:featuredmedia":[{"embeddable":true,"href":"https:\/\/www.edel.fr\/en\/wp-json\/wp\/v2\/media\/4187"}],"wp:attachment":[{"href":"https:\/\/www.edel.fr\/en\/wp-json\/wp\/v2\/media?parent=5984"}],"wp:term":[{"taxonomy":"product_brand","embeddable":true,"href":"https:\/\/www.edel.fr\/en\/wp-json\/wp\/v2\/product_brand?post=5984"},{"taxonomy":"product_cat","embeddable":true,"href":"https:\/\/www.edel.fr\/en\/wp-json\/wp\/v2\/product_cat?post=5984"},{"taxonomy":"product_tag","embeddable":true,"href":"https:\/\/www.edel.fr\/en\/wp-json\/wp\/v2\/product_tag?post=5984"},{"taxonomy":"tracteur","embeddable":true,"href":"https:\/\/www.edel.fr\/en\/wp-json\/wp\/v2\/tracteur?post=5984"}],"curies":[{"name":"wp","href":"https:\/\/api.w.org\/{rel}","templated":true}]}}