{"id":5980,"date":"2019-03-11T09:24:43","date_gmt":"2019-03-11T08:24:43","guid":{"rendered":"http:\/\/edel.stephanie.ct.webcd.lan\/shop\/kit-complet-mecanisme-simple-disque-av-cerametallique-butee-et-roulement-pilote-landini-o350-24-cannelures\/"},"modified":"2026-02-12T20:54:47","modified_gmt":"2026-02-12T19:54:47","slug":"kit-complet-mecanisme-simple-disque-av-cerametallique-butee-et-roulement-pilote-landini-o350-24-cannelures","status":"publish","type":"product","link":"https:\/\/www.edel.fr\/en\/product\/kit-complet-mecanisme-simple-disque-av-cerametallique-butee-et-roulement-pilote-landini-o350-24-cannelures\/","title":{"rendered":"Embrayage Landini Kit Complet &#8211; Legend Top145 Legend Top165"},"content":{"rendered":"<div data-elementor-type=\"wp-post\" data-elementor-id=\"5980\" class=\"elementor elementor-5980\">\n\t\t\t\t\t\t<section class=\"elementor-section elementor-top-section elementor-element elementor-element-e08fcb9 elementor-section-boxed elementor-section-height-default elementor-section-height-default\" data-id=\"e08fcb9\" data-element_type=\"section\" data-e-type=\"section\">\n\t\t\t\t\t\t<div class=\"elementor-container elementor-column-gap-default\">\n\t\t\t\t\t<div class=\"elementor-column elementor-col-100 elementor-top-column elementor-element elementor-element-bfb2a84\" data-id=\"bfb2a84\" data-element_type=\"column\" data-e-type=\"column\">\n\t\t\t<div class=\"elementor-widget-wrap elementor-element-populated\">\n\t\t\t\t\t\t<div class=\"elementor-element elementor-element-c6a8ad7 elementor-widget elementor-widget-heading\" data-id=\"c6a8ad7\" data-element_type=\"widget\" data-e-type=\"widget\" data-widget_type=\"heading.default\">\n\t\t\t\t<div class=\"elementor-widget-container\">\n\t\t\t\t\t<h2 class=\"elementor-heading-title elementor-size-default\">KIT COMPLET M\u00c9CANISME SIMPLE, DISQUE AV. C\u00c9RAM\u00c9TALLIQUE, BUT\u00c9E ET ROULEMENT PILOTE\u00a0 \u00d8350 \u2013 24 CANNELURES<\/h2>\t\t\t\t<\/div>\n\t\t\t\t<\/div>\n\t\t\t\t\t<\/div>\n\t\t<\/div>\n\t\t\t\t\t<\/div>\n\t\t<\/section>\n\t\t\t\t<section class=\"elementor-section elementor-top-section elementor-element elementor-element-c5e4858 elementor-section-boxed elementor-section-height-default elementor-section-height-default\" data-id=\"c5e4858\" data-element_type=\"section\" data-e-type=\"section\">\n\t\t\t\t\t\t<div class=\"elementor-container elementor-column-gap-default\">\n\t\t\t\t\t<div class=\"elementor-column elementor-col-100 elementor-top-column elementor-element elementor-element-325ef06\" data-id=\"325ef06\" data-element_type=\"column\" data-e-type=\"column\">\n\t\t\t<div class=\"elementor-widget-wrap elementor-element-populated\">\n\t\t\t\t\t\t<div class=\"elementor-element elementor-element-a25fc41 elementor-widget elementor-widget-heading\" data-id=\"a25fc41\" data-element_type=\"widget\" data-e-type=\"widget\" data-widget_type=\"heading.default\">\n\t\t\t\t<div class=\"elementor-widget-container\">\n\t\t\t\t\t<h3 class=\"elementor-heading-title elementor-size-default\">Information du produit :<\/h3>\t\t\t\t<\/div>\n\t\t\t\t<\/div>\n\t\t\t\t\t<\/div>\n\t\t<\/div>\n\t\t\t\t\t<\/div>\n\t\t<\/section>\n\t\t\t\t<section class=\"elementor-section elementor-top-section elementor-element elementor-element-56003120 elementor-section-boxed elementor-section-height-default elementor-section-height-default\" data-id=\"56003120\" data-element_type=\"section\" data-e-type=\"section\">\n\t\t\t\t\t\t<div class=\"elementor-container elementor-column-gap-default\">\n\t\t\t\t\t<div class=\"elementor-column elementor-col-100 elementor-top-column elementor-element elementor-element-7018166d\" data-id=\"7018166d\" data-element_type=\"column\" data-e-type=\"column\">\n\t\t\t<div class=\"elementor-widget-wrap elementor-element-populated\">\n\t\t\t\t\t\t<div class=\"elementor-element elementor-element-5632c705 elementor-widget elementor-widget-text-editor\" data-id=\"5632c705\" data-element_type=\"widget\" data-e-type=\"widget\" data-widget_type=\"text-editor.default\">\n\t\t\t\t<div class=\"elementor-widget-container\">\n\t\t\t\t\t\t\t\t\t<div><p>Kit embrayage de la marque : Landini<\/p><\/div><p>Landini : Legend Top105, Legend Top115, Legend Top120, Legend Top130, Legend Top140, Legend Top145, Legend Top165.<\/p><p>Le kit d\u2019embrayage tracteur agricole est compos\u00e9 d\u2019un m\u00e9canisme, d\u2019un ou deux disques, d\u2019une ou deux but\u00e9es et du roulement pilote. De plus le kit complet comprend la totalit\u00e9 des pi\u00e8ces \u00e0 changer en atelier. Cependant les pi\u00e8ces de rechange qui le composent sont rigoureusement s\u00e9lectionn\u00e9es pour leur qualit\u00e9 et leur fiabilit\u00e9.\u00a0<\/p><p>Toutefois choisir de remplacer une pi\u00e8ce au d\u00e9tail peut s\u2019av\u00e9rer \u00eatre moins avantageux que de remplacer un ensemble complet. Nos kits se distinguent par la qualit\u00e9 de nos but\u00e9es d\u2019embrayages et roulements pilotes. Une but\u00e9e adaptable qui grippe conduit irr\u00e9m\u00e9diablement \u00e0 la destruction du m\u00e9canisme.<\/p><p>Car pour le montage d\u2019un kit d\u2019embrayage agricole, les pi\u00e8ces p\u00e9riph\u00e9riques doivent proc\u00e9der \u00e0 un examen minutieux. Notamment, le volant moteur et les diff\u00e9rents joints spi.<\/p><p>En effet, pour le syst\u00e8me de commande, une vigilance particuli\u00e8re est \u00e0 porter au c\u00e2ble, a la tringlerie et au circuit hydraulique. En cas de doute, ces composants doivent absolument \u00eatre remis \u00e0 niveau pour permettre le parfait fonctionnement de l\u2019embrayage.<\/p><p>Bien s\u00fbr, pour plus de renseignements, n&rsquo;h\u00e9sitez pas \u00e0 nous consulter !<\/p>\t\t\t\t\t\t\t\t<\/div>\n\t\t\t\t<\/div>\n\t\t\t\t\t<\/div>\n\t\t<\/div>\n\t\t\t\t\t<\/div>\n\t\t<\/section>\n\t\t\t\t<\/div>","protected":false},"excerpt":{"rendered":"<p>KIT COMPLET M\u00c9CANISME SIMPLE, DISQUE AV. C\u00c9RAM\u00c9TALLIQUE, BUT\u00c9E ET ROULEMENT PILOTE\u00a0 \u00d8350 \u2013 24 CANNELURES Information du produit : Kit embrayage de la marque : Landini Landini : Legend Top105, Legend Top115, Legend Top120, Legend Top130, Legend Top140, Legend Top145, Legend Top165. Le kit d\u2019embrayage tracteur agricole est compos\u00e9 d\u2019un m\u00e9canisme, d\u2019un ou deux disques,<br \/><a class=\"more-link\" href=\"https:\/\/www.edel.fr\/en\/product\/kit-complet-mecanisme-simple-disque-av-cerametallique-butee-et-roulement-pilote-landini-o350-24-cannelures\/\"><br \/>\n        Read More<span class=\"screen-reader-text\"> \u00ab\u00a0Embrayage Landini Kit Complet &#8211; Legend Top145 Legend Top165\u00a0\u00bb<\/span><\/a><\/p>","protected":false},"featured_media":4183,"template":"","meta":[],"product_brand":[],"product_cat":[1141,3944,119,120],"product_tag":[143,124],"tracteur":[],"class_list":{"0":"post-5980","1":"product","2":"type-product","3":"status-publish","4":"has-post-thumbnail","6":"product_cat-kits-dembrayage","7":"product_cat-landini","8":"product_cat-tracteurs-agricoles","9":"product_cat-transmissions","10":"product_tag-kits-dembrayage","11":"product_tag-transmissions","12":"product_shipping_class-142","13":"pa_fabriquant-luk","14":"pa_marque-tracteur-landini","15":"pa_modele-tracteur-legend","16":"pa_type-2-legend-top105","17":"pa_type-2-legend-top115","18":"pa_type-2-legend-top120","19":"pa_type-2-legend-top130","20":"pa_type-2-legend-top140","21":"pa_type-2-legend-top145","22":"pa_type-2-legend-top165","23":"badges-style-2","25":"first","26":"instock","27":"taxable","28":"shipping-taxable","29":"purchasable","30":"product-type-simple"},"acf":[],"yoast_head":"<!-- This site is optimized with the Yoast SEO plugin v27.3 - https:\/\/yoast.com\/product\/yoast-seo-wordpress\/ -->\n<title>Embrayage Landini Kit Complet - Legend Top145 Legend Top165 - Edel<\/title>\n<meta name=\"description\" content=\"Embrayage Landini Kit Complet - Disque AV. C\u00e9ram\u00e9tallique, but\u00e9e et roulement pilote - \u00d8350 - Legend Top105 Legend Top115 Legend Top120 Legend Top130\" \/>\n<meta name=\"robots\" content=\"index, follow, max-snippet:-1, max-image-preview:large, max-video-preview:-1\" \/>\n<link rel=\"canonical\" href=\"http:\/\/edel.fr\/produit\/kit-complet-mecanisme-simple-disque-av-cerametallique-butee-et-roulement-pilote-landini-o350-24-cannelures\/\" \/>\n<meta property=\"og:locale\" content=\"en_US\" \/>\n<meta property=\"og:type\" content=\"article\" \/>\n<meta property=\"og:title\" content=\"Embrayage Landini Kit Complet - Legend Top145 Legend Top165 - Edel\" \/>\n<meta property=\"og:description\" content=\"Embrayage Landini Kit Complet - Disque AV. C\u00e9ram\u00e9tallique, but\u00e9e et roulement pilote - \u00d8350 - Legend Top105 Legend Top115 Legend Top120 Legend Top130\" \/>\n<meta property=\"og:url\" content=\"http:\/\/edel.fr\/produit\/kit-complet-mecanisme-simple-disque-av-cerametallique-butee-et-roulement-pilote-landini-o350-24-cannelures\/\" \/>\n<meta property=\"og:site_name\" content=\"Edel\" \/>\n<meta property=\"article:modified_time\" content=\"2026-02-12T19:54:47+00:00\" \/>\n<meta property=\"og:image\" content=\"http:\/\/edel.fr\/uploads\/2018\/11\/K29.jpg\" \/>\n\t<meta property=\"og:image:width\" content=\"1920\" \/>\n\t<meta property=\"og:image:height\" content=\"1920\" \/>\n\t<meta property=\"og:image:type\" content=\"image\/jpeg\" \/>\n<meta name=\"twitter:card\" content=\"summary_large_image\" \/>\n<meta name=\"twitter:label1\" content=\"Est. reading time\" \/>\n\t<meta name=\"twitter:data1\" content=\"2 minutes\" \/>\n<script type=\"application\/ld+json\" class=\"yoast-schema-graph\">{\"@context\":\"https:\\\/\\\/schema.org\",\"@graph\":[{\"@type\":\"WebPage\",\"@id\":\"http:\\\/\\\/edel.fr\\\/produit\\\/kit-complet-mecanisme-simple-disque-av-cerametallique-butee-et-roulement-pilote-landini-o350-24-cannelures\\\/\",\"url\":\"http:\\\/\\\/edel.fr\\\/produit\\\/kit-complet-mecanisme-simple-disque-av-cerametallique-butee-et-roulement-pilote-landini-o350-24-cannelures\\\/\",\"name\":\"Embrayage Landini Kit Complet - Legend Top145 Legend Top165 - Edel\",\"isPartOf\":{\"@id\":\"http:\\\/\\\/www.edel.fr\\\/en\\\/#website\"},\"primaryImageOfPage\":{\"@id\":\"http:\\\/\\\/edel.fr\\\/produit\\\/kit-complet-mecanisme-simple-disque-av-cerametallique-butee-et-roulement-pilote-landini-o350-24-cannelures\\\/#primaryimage\"},\"image\":{\"@id\":\"http:\\\/\\\/edel.fr\\\/produit\\\/kit-complet-mecanisme-simple-disque-av-cerametallique-butee-et-roulement-pilote-landini-o350-24-cannelures\\\/#primaryimage\"},\"thumbnailUrl\":\"https:\\\/\\\/www.edel.fr\\\/uploads\\\/2018\\\/11\\\/K29.jpg\",\"datePublished\":\"2019-03-11T08:24:43+00:00\",\"dateModified\":\"2026-02-12T19:54:47+00:00\",\"description\":\"Embrayage Landini Kit Complet - Disque AV. C\u00e9ram\u00e9tallique, but\u00e9e et roulement pilote - \u00d8350 - Legend Top105 Legend Top115 Legend Top120 Legend Top130\",\"breadcrumb\":{\"@id\":\"http:\\\/\\\/edel.fr\\\/produit\\\/kit-complet-mecanisme-simple-disque-av-cerametallique-butee-et-roulement-pilote-landini-o350-24-cannelures\\\/#breadcrumb\"},\"inLanguage\":\"en-US\",\"potentialAction\":[{\"@type\":\"ReadAction\",\"target\":[\"http:\\\/\\\/edel.fr\\\/produit\\\/kit-complet-mecanisme-simple-disque-av-cerametallique-butee-et-roulement-pilote-landini-o350-24-cannelures\\\/\"]}]},{\"@type\":\"ImageObject\",\"inLanguage\":\"en-US\",\"@id\":\"http:\\\/\\\/edel.fr\\\/produit\\\/kit-complet-mecanisme-simple-disque-av-cerametallique-butee-et-roulement-pilote-landini-o350-24-cannelures\\\/#primaryimage\",\"url\":\"https:\\\/\\\/www.edel.fr\\\/uploads\\\/2018\\\/11\\\/K29.jpg\",\"contentUrl\":\"https:\\\/\\\/www.edel.fr\\\/uploads\\\/2018\\\/11\\\/K29.jpg\",\"width\":1920,\"height\":1920,\"caption\":\"Embrayage Landini Kit Complet\"},{\"@type\":\"BreadcrumbList\",\"@id\":\"http:\\\/\\\/edel.fr\\\/produit\\\/kit-complet-mecanisme-simple-disque-av-cerametallique-butee-et-roulement-pilote-landini-o350-24-cannelures\\\/#breadcrumb\",\"itemListElement\":[{\"@type\":\"ListItem\",\"position\":1,\"name\":\"Pi\u00e8ce Tracteur\",\"item\":\"http:\\\/\\\/www.edel.fr\\\/en\\\/\"},{\"@type\":\"ListItem\",\"position\":2,\"name\":\"Toutes nos pi\u00e8ces Tracteur\",\"item\":\"https:\\\/\\\/edel.fr\\\/shop\\\/\"},{\"@type\":\"ListItem\",\"position\":3,\"name\":\"Embrayage Landini Kit Complet &#8211; Legend Top145 Legend Top165\"}]},{\"@type\":\"WebSite\",\"@id\":\"http:\\\/\\\/www.edel.fr\\\/en\\\/#website\",\"url\":\"http:\\\/\\\/www.edel.fr\\\/en\\\/\",\"name\":\"Edel\",\"description\":\"Pi\u00e8ce d\u00e9tach\u00e9e de Tracteur Agricole\",\"publisher\":{\"@id\":\"http:\\\/\\\/www.edel.fr\\\/en\\\/#organization\"},\"potentialAction\":[{\"@type\":\"SearchAction\",\"target\":{\"@type\":\"EntryPoint\",\"urlTemplate\":\"http:\\\/\\\/www.edel.fr\\\/en\\\/?s={search_term_string}\"},\"query-input\":{\"@type\":\"PropertyValueSpecification\",\"valueRequired\":true,\"valueName\":\"search_term_string\"}}],\"inLanguage\":\"en-US\"},{\"@type\":\"Organization\",\"@id\":\"http:\\\/\\\/www.edel.fr\\\/en\\\/#organization\",\"name\":\"Edel\",\"url\":\"http:\\\/\\\/www.edel.fr\\\/en\\\/\",\"logo\":{\"@type\":\"ImageObject\",\"inLanguage\":\"en-US\",\"@id\":\"http:\\\/\\\/www.edel.fr\\\/en\\\/#\\\/schema\\\/logo\\\/image\\\/\",\"url\":\"https:\\\/\\\/www.edel.fr\\\/uploads\\\/2018\\\/11\\\/logo-edel.png\",\"contentUrl\":\"https:\\\/\\\/www.edel.fr\\\/uploads\\\/2018\\\/11\\\/logo-edel.png\",\"width\":257,\"height\":68,\"caption\":\"Edel\"},\"image\":{\"@id\":\"http:\\\/\\\/www.edel.fr\\\/en\\\/#\\\/schema\\\/logo\\\/image\\\/\"}}]}<\/script>\n<!-- \/ Yoast SEO plugin. -->","yoast_head_json":{"title":"Embrayage Landini Kit Complet - Legend Top145 Legend Top165 - Edel","description":"Embrayage Landini Kit Complet - Disque AV. C\u00e9ram\u00e9tallique, but\u00e9e et roulement pilote - \u00d8350 - Legend Top105 Legend Top115 Legend Top120 Legend Top130","robots":{"index":"index","follow":"follow","max-snippet":"max-snippet:-1","max-image-preview":"max-image-preview:large","max-video-preview":"max-video-preview:-1"},"canonical":"http:\/\/edel.fr\/produit\/kit-complet-mecanisme-simple-disque-av-cerametallique-butee-et-roulement-pilote-landini-o350-24-cannelures\/","og_locale":"en_US","og_type":"article","og_title":"Embrayage Landini Kit Complet - Legend Top145 Legend Top165 - Edel","og_description":"Embrayage Landini Kit Complet - Disque AV. C\u00e9ram\u00e9tallique, but\u00e9e et roulement pilote - \u00d8350 - Legend Top105 Legend Top115 Legend Top120 Legend Top130","og_url":"http:\/\/edel.fr\/produit\/kit-complet-mecanisme-simple-disque-av-cerametallique-butee-et-roulement-pilote-landini-o350-24-cannelures\/","og_site_name":"Edel","article_modified_time":"2026-02-12T19:54:47+00:00","og_image":[{"width":1920,"height":1920,"url":"http:\/\/edel.fr\/uploads\/2018\/11\/K29.jpg","type":"image\/jpeg"}],"twitter_card":"summary_large_image","twitter_misc":{"Est. reading time":"2 minutes"},"schema":{"@context":"https:\/\/schema.org","@graph":[{"@type":"WebPage","@id":"http:\/\/edel.fr\/produit\/kit-complet-mecanisme-simple-disque-av-cerametallique-butee-et-roulement-pilote-landini-o350-24-cannelures\/","url":"http:\/\/edel.fr\/produit\/kit-complet-mecanisme-simple-disque-av-cerametallique-butee-et-roulement-pilote-landini-o350-24-cannelures\/","name":"Embrayage Landini Kit Complet - Legend Top145 Legend Top165 - Edel","isPartOf":{"@id":"http:\/\/www.edel.fr\/en\/#website"},"primaryImageOfPage":{"@id":"http:\/\/edel.fr\/produit\/kit-complet-mecanisme-simple-disque-av-cerametallique-butee-et-roulement-pilote-landini-o350-24-cannelures\/#primaryimage"},"image":{"@id":"http:\/\/edel.fr\/produit\/kit-complet-mecanisme-simple-disque-av-cerametallique-butee-et-roulement-pilote-landini-o350-24-cannelures\/#primaryimage"},"thumbnailUrl":"https:\/\/www.edel.fr\/uploads\/2018\/11\/K29.jpg","datePublished":"2019-03-11T08:24:43+00:00","dateModified":"2026-02-12T19:54:47+00:00","description":"Embrayage Landini Kit Complet - Disque AV. C\u00e9ram\u00e9tallique, but\u00e9e et roulement pilote - \u00d8350 - Legend Top105 Legend Top115 Legend Top120 Legend Top130","breadcrumb":{"@id":"http:\/\/edel.fr\/produit\/kit-complet-mecanisme-simple-disque-av-cerametallique-butee-et-roulement-pilote-landini-o350-24-cannelures\/#breadcrumb"},"inLanguage":"en-US","potentialAction":[{"@type":"ReadAction","target":["http:\/\/edel.fr\/produit\/kit-complet-mecanisme-simple-disque-av-cerametallique-butee-et-roulement-pilote-landini-o350-24-cannelures\/"]}]},{"@type":"ImageObject","inLanguage":"en-US","@id":"http:\/\/edel.fr\/produit\/kit-complet-mecanisme-simple-disque-av-cerametallique-butee-et-roulement-pilote-landini-o350-24-cannelures\/#primaryimage","url":"https:\/\/www.edel.fr\/uploads\/2018\/11\/K29.jpg","contentUrl":"https:\/\/www.edel.fr\/uploads\/2018\/11\/K29.jpg","width":1920,"height":1920,"caption":"Embrayage Landini Kit Complet"},{"@type":"BreadcrumbList","@id":"http:\/\/edel.fr\/produit\/kit-complet-mecanisme-simple-disque-av-cerametallique-butee-et-roulement-pilote-landini-o350-24-cannelures\/#breadcrumb","itemListElement":[{"@type":"ListItem","position":1,"name":"Pi\u00e8ce Tracteur","item":"http:\/\/www.edel.fr\/en\/"},{"@type":"ListItem","position":2,"name":"Toutes nos pi\u00e8ces Tracteur","item":"https:\/\/edel.fr\/shop\/"},{"@type":"ListItem","position":3,"name":"Embrayage Landini Kit Complet &#8211; Legend Top145 Legend Top165"}]},{"@type":"WebSite","@id":"http:\/\/www.edel.fr\/en\/#website","url":"http:\/\/www.edel.fr\/en\/","name":"Edel","description":"Pi\u00e8ce d\u00e9tach\u00e9e de Tracteur Agricole","publisher":{"@id":"http:\/\/www.edel.fr\/en\/#organization"},"potentialAction":[{"@type":"SearchAction","target":{"@type":"EntryPoint","urlTemplate":"http:\/\/www.edel.fr\/en\/?s={search_term_string}"},"query-input":{"@type":"PropertyValueSpecification","valueRequired":true,"valueName":"search_term_string"}}],"inLanguage":"en-US"},{"@type":"Organization","@id":"http:\/\/www.edel.fr\/en\/#organization","name":"Edel","url":"http:\/\/www.edel.fr\/en\/","logo":{"@type":"ImageObject","inLanguage":"en-US","@id":"http:\/\/www.edel.fr\/en\/#\/schema\/logo\/image\/","url":"https:\/\/www.edel.fr\/uploads\/2018\/11\/logo-edel.png","contentUrl":"https:\/\/www.edel.fr\/uploads\/2018\/11\/logo-edel.png","width":257,"height":68,"caption":"Edel"},"image":{"@id":"http:\/\/www.edel.fr\/en\/#\/schema\/logo\/image\/"}}]}},"_links":{"self":[{"href":"https:\/\/www.edel.fr\/en\/wp-json\/wp\/v2\/product\/5980","targetHints":{"allow":["GET"]}}],"collection":[{"href":"https:\/\/www.edel.fr\/en\/wp-json\/wp\/v2\/product"}],"about":[{"href":"https:\/\/www.edel.fr\/en\/wp-json\/wp\/v2\/types\/product"}],"version-history":[{"count":2,"href":"https:\/\/www.edel.fr\/en\/wp-json\/wp\/v2\/product\/5980\/revisions"}],"predecessor-version":[{"id":14338,"href":"https:\/\/www.edel.fr\/en\/wp-json\/wp\/v2\/product\/5980\/revisions\/14338"}],"wp:featuredmedia":[{"embeddable":true,"href":"https:\/\/www.edel.fr\/en\/wp-json\/wp\/v2\/media\/4183"}],"wp:attachment":[{"href":"https:\/\/www.edel.fr\/en\/wp-json\/wp\/v2\/media?parent=5980"}],"wp:term":[{"taxonomy":"product_brand","embeddable":true,"href":"https:\/\/www.edel.fr\/en\/wp-json\/wp\/v2\/product_brand?post=5980"},{"taxonomy":"product_cat","embeddable":true,"href":"https:\/\/www.edel.fr\/en\/wp-json\/wp\/v2\/product_cat?post=5980"},{"taxonomy":"product_tag","embeddable":true,"href":"https:\/\/www.edel.fr\/en\/wp-json\/wp\/v2\/product_tag?post=5980"},{"taxonomy":"tracteur","embeddable":true,"href":"https:\/\/www.edel.fr\/en\/wp-json\/wp\/v2\/tracteur?post=5980"}],"curies":[{"name":"wp","href":"https:\/\/api.w.org\/{rel}","templated":true}]}}