{"id":5976,"date":"2019-03-11T09:24:43","date_gmt":"2019-03-11T08:24:43","guid":{"rendered":"http:\/\/edel.stephanie.ct.webcd.lan\/shop\/kit-complet-mecanisme-simple-disque-av-cerametallique-butee-pdf-1065-mm-butee-et-roulement-pilote-deutz-o310-21-16-cannelures\/"},"modified":"2026-03-19T02:00:27","modified_gmt":"2026-03-19T01:00:27","slug":"kit-complet-mecanisme-simple-disque-av-cerametallique-butee-pdf-1065-mm-butee-et-roulement-pilote-deutz-o310-21-16-cannelures","status":"publish","type":"product","link":"https:\/\/www.edel.fr\/en\/product\/kit-complet-mecanisme-simple-disque-av-cerametallique-butee-pdf-1065-mm-butee-et-roulement-pilote-deutz-o310-21-16-cannelures\/","title":{"rendered":"Embrayage Deutz Kit Complet &#8211; DX110 DX430 DX451 DX470"},"content":{"rendered":"<div data-elementor-type=\"wp-post\" data-elementor-id=\"5976\" class=\"elementor elementor-5976\">\n\t\t\t\t\t\t<section class=\"elementor-section elementor-top-section elementor-element elementor-element-929cfdb elementor-section-boxed elementor-section-height-default elementor-section-height-default\" data-id=\"929cfdb\" data-element_type=\"section\" data-e-type=\"section\">\n\t\t\t\t\t\t<div class=\"elementor-container elementor-column-gap-default\">\n\t\t\t\t\t<div class=\"elementor-column elementor-col-100 elementor-top-column elementor-element elementor-element-aedd2d6\" data-id=\"aedd2d6\" data-element_type=\"column\" data-e-type=\"column\">\n\t\t\t<div class=\"elementor-widget-wrap elementor-element-populated\">\n\t\t\t\t\t\t<div class=\"elementor-element elementor-element-eaaba3a elementor-widget elementor-widget-heading\" data-id=\"eaaba3a\" data-element_type=\"widget\" data-e-type=\"widget\" data-widget_type=\"heading.default\">\n\t\t\t\t<div class=\"elementor-widget-container\">\n\t\t\t\t\t<h2 class=\"elementor-heading-title elementor-size-default\">Kit Embrayage Deutz Complet - M\u00c9CANISME SIMPLE, DISQUE AV. C\u00c9RAM\u00c9TALLIQUE, BUT\u00c9E PDF 106,5 MM, BUT\u00c9E ET ROULEMENT PILOTE \u2013 \u00d8310 \u2013 21\/16 CANNELURES<\/h2>\t\t\t\t<\/div>\n\t\t\t\t<\/div>\n\t\t\t\t\t<\/div>\n\t\t<\/div>\n\t\t\t\t\t<\/div>\n\t\t<\/section>\n\t\t\t\t<section class=\"elementor-section elementor-top-section elementor-element elementor-element-64b8c6b elementor-section-boxed elementor-section-height-default elementor-section-height-default\" data-id=\"64b8c6b\" data-element_type=\"section\" data-e-type=\"section\">\n\t\t\t\t\t\t<div class=\"elementor-container elementor-column-gap-default\">\n\t\t\t\t\t<div class=\"elementor-column elementor-col-100 elementor-top-column elementor-element elementor-element-9bd492a\" data-id=\"9bd492a\" data-element_type=\"column\" data-e-type=\"column\">\n\t\t\t<div class=\"elementor-widget-wrap elementor-element-populated\">\n\t\t\t\t\t\t<div class=\"elementor-element elementor-element-6e55485 elementor-widget elementor-widget-heading\" data-id=\"6e55485\" data-element_type=\"widget\" data-e-type=\"widget\" data-widget_type=\"heading.default\">\n\t\t\t\t<div class=\"elementor-widget-container\">\n\t\t\t\t\t<h3 class=\"elementor-heading-title elementor-size-default\">Information du produit :<\/h3>\t\t\t\t<\/div>\n\t\t\t\t<\/div>\n\t\t\t\t\t<\/div>\n\t\t<\/div>\n\t\t\t\t\t<\/div>\n\t\t<\/section>\n\t\t\t\t<section class=\"elementor-section elementor-top-section elementor-element elementor-element-44c34c94 elementor-section-boxed elementor-section-height-default elementor-section-height-default\" data-id=\"44c34c94\" data-element_type=\"section\" data-e-type=\"section\">\n\t\t\t\t\t\t<div class=\"elementor-container elementor-column-gap-default\">\n\t\t\t\t\t<div class=\"elementor-column elementor-col-100 elementor-top-column elementor-element elementor-element-45f5354e\" data-id=\"45f5354e\" data-element_type=\"column\" data-e-type=\"column\">\n\t\t\t<div class=\"elementor-widget-wrap elementor-element-populated\">\n\t\t\t\t\t\t<div class=\"elementor-element elementor-element-23d4ada8 elementor-widget elementor-widget-text-editor\" data-id=\"23d4ada8\" data-element_type=\"widget\" data-e-type=\"widget\" data-widget_type=\"text-editor.default\">\n\t\t\t\t<div class=\"elementor-widget-container\">\n\t\t\t\t\t\t\t\t\t<div><p>Kit embrayage de la marque : KHD Deutz<\/p><\/div><p>KHD Deutz &#8211; DX110, DX430, DX431, DX451, DX470, DX530, DX550, DX570, DX605, DX606, DX607, DX616, DX630.<\/p><ul><li><span style=\"text-decoration: underline;color: #fdb819\">En option<\/span><span style=\"color: #fdb819\">,<\/span> vous trouverez \u00e9galement\u00a0pour ce montage :<br \/><a href=\"https:\/\/www.edel.fr\/en\/joint-spi-arriere-deutz-115-x-140-x-16-qualite-origine\/\" target=\"_blank\" rel=\"noopener\">&#8211; le joint spi<\/a><\/li><\/ul><p>Le kit d\u2019embrayage tracteur agricole est compos\u00e9 d\u2019un m\u00e9canisme, d\u2019un ou deux disques, d\u2019une ou deux but\u00e9es et du roulement pilote. De plus le kit complet comprend la totalit\u00e9 des pi\u00e8ces \u00e0 changer en atelier. Cependant les pi\u00e8ces de rechange qui le composent sont rigoureusement s\u00e9lectionn\u00e9es pour leur qualit\u00e9 et leur fiabilit\u00e9.\u00a0<\/p><p>Toutefois choisir de remplacer une pi\u00e8ce au d\u00e9tail peut s\u2019av\u00e9rer \u00eatre moins avantageux que de remplacer un ensemble complet. Nos kits se distinguent par la qualit\u00e9 de nos but\u00e9es d\u2019embrayages et roulements pilotes. Une but\u00e9e adaptable qui grippe conduit irr\u00e9m\u00e9diablement \u00e0 la destruction du m\u00e9canisme.<\/p><p>Car pour le montage d\u2019un kit d\u2019embrayage agricole, les pi\u00e8ces p\u00e9riph\u00e9riques doivent proc\u00e9der \u00e0 un examen minutieux. Notamment, le volant moteur et les diff\u00e9rents joints spi.<\/p><p>En effet, pour le syst\u00e8me de commande, une vigilance particuli\u00e8re est \u00e0 porter au c\u00e2ble, a la tringlerie et au circuit hydraulique. En cas de doute, ces composants doivent absolument \u00eatre remis \u00e0 niveau pour permettre le parfait fonctionnement de l\u2019embrayage.<\/p><p>Bien s\u00fbr, pour plus de renseignements, n&rsquo;h\u00e9sitez pas \u00e0 nous consulter !<\/p>\t\t\t\t\t\t\t\t<\/div>\n\t\t\t\t<\/div>\n\t\t\t\t\t<\/div>\n\t\t<\/div>\n\t\t\t\t\t<\/div>\n\t\t<\/section>\n\t\t\t\t<\/div>","protected":false},"excerpt":{"rendered":"<p>Kit Embrayage Deutz Complet &#8211; M\u00c9CANISME SIMPLE, DISQUE AV. C\u00c9RAM\u00c9TALLIQUE, BUT\u00c9E PDF 106,5 MM, BUT\u00c9E ET ROULEMENT PILOTE \u2013 \u00d8310 \u2013 21\/16 CANNELURES Information du produit : Kit embrayage de la marque : KHD Deutz KHD Deutz &#8211; DX110, DX430, DX431, DX451, DX470, DX530, DX550, DX570, DX605, DX606, DX607, DX616, DX630. En option, vous trouverez<br \/><a class=\"more-link\" href=\"https:\/\/www.edel.fr\/en\/product\/kit-complet-mecanisme-simple-disque-av-cerametallique-butee-pdf-1065-mm-butee-et-roulement-pilote-deutz-o310-21-16-cannelures\/\"><br \/>\n        Read More<span class=\"screen-reader-text\"> \u00ab\u00a0Embrayage Deutz Kit Complet &#8211; DX110 DX430 DX451 DX470\u00a0\u00bb<\/span><\/a><\/p>","protected":false},"featured_media":4179,"template":"","meta":[],"product_brand":[],"product_cat":[1141,3960,119,120],"product_tag":[143,124],"tracteur":[],"class_list":{"0":"post-5976","1":"product","2":"type-product","3":"status-publish","4":"has-post-thumbnail","6":"product_cat-kits-dembrayage","7":"product_cat-khd-deutz","8":"product_cat-tracteurs-agricoles","9":"product_cat-transmissions","10":"product_tag-kits-dembrayage","11":"product_tag-transmissions","12":"product_shipping_class-142","13":"pa_fabriquant-kawe","14":"pa_marque-tracteur-khd-deutz","15":"pa_modele-tracteur-dx110","16":"pa_modele-tracteur-dx430","17":"pa_modele-tracteur-dx431","18":"pa_modele-tracteur-dx451","19":"pa_modele-tracteur-dx470","20":"pa_modele-tracteur-dx530","21":"pa_modele-tracteur-dx550","22":"pa_modele-tracteur-dx570","23":"pa_modele-tracteur-dx605","24":"pa_modele-tracteur-dx606","25":"pa_modele-tracteur-dx607","26":"pa_modele-tracteur-dx616","27":"pa_modele-tracteur-dx630","28":"badges-style-2","30":"first","31":"instock","32":"taxable","33":"shipping-taxable","34":"purchasable","35":"product-type-simple"},"acf":[],"yoast_head":"<!-- This site is optimized with the Yoast SEO plugin v27.3 - https:\/\/yoast.com\/product\/yoast-seo-wordpress\/ -->\n<title>Kit Embrayage Deutz DX110 DX430 DX451 DX470 Tracteur - Edel<\/title>\n<meta name=\"description\" content=\"Embrayage Deutz Kit Complet - Disque AVANCEMENT C\u00e9ram\u00e9tallique, but\u00e9e PDF 106,5 mm, but\u00e9e et roulement pilote - \u00d8310 - DX110 DX430 DX431 DX451 DX530 DX605\" \/>\n<meta name=\"robots\" content=\"index, follow, max-snippet:-1, max-image-preview:large, max-video-preview:-1\" \/>\n<link rel=\"canonical\" href=\"https:\/\/edel.fr\/produit\/kit-complet-mecanisme-simple-disque-av-cerametallique-butee-pdf-1065-mm-butee-et-roulement-pilote-deutz-o310-21-16-cannelures\/\" \/>\n<meta property=\"og:locale\" content=\"en_US\" \/>\n<meta property=\"og:type\" content=\"article\" \/>\n<meta property=\"og:title\" content=\"Kit Embrayage Deutz DX110 DX430 DX451 DX470 Tracteur - Edel\" \/>\n<meta property=\"og:description\" content=\"Embrayage Deutz Kit Complet - Disque AVANCEMENT C\u00e9ram\u00e9tallique, but\u00e9e PDF 106,5 mm, but\u00e9e et roulement pilote - \u00d8310 - DX110 DX430 DX431 DX451 DX530 DX605\" \/>\n<meta property=\"og:url\" content=\"https:\/\/edel.fr\/produit\/kit-complet-mecanisme-simple-disque-av-cerametallique-butee-pdf-1065-mm-butee-et-roulement-pilote-deutz-o310-21-16-cannelures\/\" \/>\n<meta property=\"og:site_name\" content=\"Edel\" \/>\n<meta property=\"article:modified_time\" content=\"2026-03-19T01:00:27+00:00\" \/>\n<meta property=\"og:image\" content=\"https:\/\/edel.fr\/uploads\/2018\/11\/K25.jpg\" \/>\n\t<meta property=\"og:image:width\" content=\"1920\" \/>\n\t<meta property=\"og:image:height\" content=\"1920\" \/>\n\t<meta property=\"og:image:type\" content=\"image\/jpeg\" \/>\n<meta name=\"twitter:card\" content=\"summary_large_image\" \/>\n<meta name=\"twitter:label1\" content=\"Est. reading time\" \/>\n\t<meta name=\"twitter:data1\" content=\"2 minutes\" \/>\n<script type=\"application\/ld+json\" class=\"yoast-schema-graph\">{\"@context\":\"https:\\\/\\\/schema.org\",\"@graph\":[{\"@type\":\"WebPage\",\"@id\":\"https:\\\/\\\/edel.fr\\\/produit\\\/kit-complet-mecanisme-simple-disque-av-cerametallique-butee-pdf-1065-mm-butee-et-roulement-pilote-deutz-o310-21-16-cannelures\\\/\",\"url\":\"https:\\\/\\\/edel.fr\\\/produit\\\/kit-complet-mecanisme-simple-disque-av-cerametallique-butee-pdf-1065-mm-butee-et-roulement-pilote-deutz-o310-21-16-cannelures\\\/\",\"name\":\"Kit Embrayage Deutz DX110 DX430 DX451 DX470 Tracteur - Edel\",\"isPartOf\":{\"@id\":\"https:\\\/\\\/www.edel.fr\\\/en\\\/#website\"},\"primaryImageOfPage\":{\"@id\":\"https:\\\/\\\/edel.fr\\\/produit\\\/kit-complet-mecanisme-simple-disque-av-cerametallique-butee-pdf-1065-mm-butee-et-roulement-pilote-deutz-o310-21-16-cannelures\\\/#primaryimage\"},\"image\":{\"@id\":\"https:\\\/\\\/edel.fr\\\/produit\\\/kit-complet-mecanisme-simple-disque-av-cerametallique-butee-pdf-1065-mm-butee-et-roulement-pilote-deutz-o310-21-16-cannelures\\\/#primaryimage\"},\"thumbnailUrl\":\"https:\\\/\\\/www.edel.fr\\\/uploads\\\/2018\\\/11\\\/K25.jpg\",\"datePublished\":\"2019-03-11T08:24:43+00:00\",\"dateModified\":\"2026-03-19T01:00:27+00:00\",\"description\":\"Embrayage Deutz Kit Complet - Disque AVANCEMENT C\u00e9ram\u00e9tallique, but\u00e9e PDF 106,5 mm, but\u00e9e et roulement pilote - \u00d8310 - DX110 DX430 DX431 DX451 DX530 DX605\",\"breadcrumb\":{\"@id\":\"https:\\\/\\\/edel.fr\\\/produit\\\/kit-complet-mecanisme-simple-disque-av-cerametallique-butee-pdf-1065-mm-butee-et-roulement-pilote-deutz-o310-21-16-cannelures\\\/#breadcrumb\"},\"inLanguage\":\"en-US\",\"potentialAction\":[{\"@type\":\"ReadAction\",\"target\":[\"https:\\\/\\\/edel.fr\\\/produit\\\/kit-complet-mecanisme-simple-disque-av-cerametallique-butee-pdf-1065-mm-butee-et-roulement-pilote-deutz-o310-21-16-cannelures\\\/\"]}]},{\"@type\":\"ImageObject\",\"inLanguage\":\"en-US\",\"@id\":\"https:\\\/\\\/edel.fr\\\/produit\\\/kit-complet-mecanisme-simple-disque-av-cerametallique-butee-pdf-1065-mm-butee-et-roulement-pilote-deutz-o310-21-16-cannelures\\\/#primaryimage\",\"url\":\"https:\\\/\\\/www.edel.fr\\\/uploads\\\/2018\\\/11\\\/K25.jpg\",\"contentUrl\":\"https:\\\/\\\/www.edel.fr\\\/uploads\\\/2018\\\/11\\\/K25.jpg\",\"width\":1920,\"height\":1920,\"caption\":\"Kit Embrayage Deutz Complet\"},{\"@type\":\"BreadcrumbList\",\"@id\":\"https:\\\/\\\/edel.fr\\\/produit\\\/kit-complet-mecanisme-simple-disque-av-cerametallique-butee-pdf-1065-mm-butee-et-roulement-pilote-deutz-o310-21-16-cannelures\\\/#breadcrumb\",\"itemListElement\":[{\"@type\":\"ListItem\",\"position\":1,\"name\":\"Pi\u00e8ce Tracteur\",\"item\":\"https:\\\/\\\/www.edel.fr\\\/en\\\/\"},{\"@type\":\"ListItem\",\"position\":2,\"name\":\"Toutes nos pi\u00e8ces Tracteur\",\"item\":\"https:\\\/\\\/edel.fr\\\/shop\\\/\"},{\"@type\":\"ListItem\",\"position\":3,\"name\":\"Embrayage Deutz Kit Complet &#8211; DX110 DX430 DX451 DX470\"}]},{\"@type\":\"WebSite\",\"@id\":\"https:\\\/\\\/www.edel.fr\\\/en\\\/#website\",\"url\":\"https:\\\/\\\/www.edel.fr\\\/en\\\/\",\"name\":\"Edel\",\"description\":\"Pi\u00e8ce d\u00e9tach\u00e9e de Tracteur Agricole\",\"publisher\":{\"@id\":\"https:\\\/\\\/www.edel.fr\\\/en\\\/#organization\"},\"potentialAction\":[{\"@type\":\"SearchAction\",\"target\":{\"@type\":\"EntryPoint\",\"urlTemplate\":\"https:\\\/\\\/www.edel.fr\\\/en\\\/?s={search_term_string}\"},\"query-input\":{\"@type\":\"PropertyValueSpecification\",\"valueRequired\":true,\"valueName\":\"search_term_string\"}}],\"inLanguage\":\"en-US\"},{\"@type\":\"Organization\",\"@id\":\"https:\\\/\\\/www.edel.fr\\\/en\\\/#organization\",\"name\":\"Edel\",\"url\":\"https:\\\/\\\/www.edel.fr\\\/en\\\/\",\"logo\":{\"@type\":\"ImageObject\",\"inLanguage\":\"en-US\",\"@id\":\"https:\\\/\\\/www.edel.fr\\\/en\\\/#\\\/schema\\\/logo\\\/image\\\/\",\"url\":\"https:\\\/\\\/www.edel.fr\\\/uploads\\\/2018\\\/11\\\/logo-edel.png\",\"contentUrl\":\"https:\\\/\\\/www.edel.fr\\\/uploads\\\/2018\\\/11\\\/logo-edel.png\",\"width\":257,\"height\":68,\"caption\":\"Edel\"},\"image\":{\"@id\":\"https:\\\/\\\/www.edel.fr\\\/en\\\/#\\\/schema\\\/logo\\\/image\\\/\"}}]}<\/script>\n<!-- \/ Yoast SEO plugin. -->","yoast_head_json":{"title":"Kit Embrayage Deutz DX110 DX430 DX451 DX470 Tracteur - Edel","description":"Embrayage Deutz Kit Complet - Disque AVANCEMENT C\u00e9ram\u00e9tallique, but\u00e9e PDF 106,5 mm, but\u00e9e et roulement pilote - \u00d8310 - DX110 DX430 DX431 DX451 DX530 DX605","robots":{"index":"index","follow":"follow","max-snippet":"max-snippet:-1","max-image-preview":"max-image-preview:large","max-video-preview":"max-video-preview:-1"},"canonical":"https:\/\/edel.fr\/produit\/kit-complet-mecanisme-simple-disque-av-cerametallique-butee-pdf-1065-mm-butee-et-roulement-pilote-deutz-o310-21-16-cannelures\/","og_locale":"en_US","og_type":"article","og_title":"Kit Embrayage Deutz DX110 DX430 DX451 DX470 Tracteur - Edel","og_description":"Embrayage Deutz Kit Complet - Disque AVANCEMENT C\u00e9ram\u00e9tallique, but\u00e9e PDF 106,5 mm, but\u00e9e et roulement pilote - \u00d8310 - DX110 DX430 DX431 DX451 DX530 DX605","og_url":"https:\/\/edel.fr\/produit\/kit-complet-mecanisme-simple-disque-av-cerametallique-butee-pdf-1065-mm-butee-et-roulement-pilote-deutz-o310-21-16-cannelures\/","og_site_name":"Edel","article_modified_time":"2026-03-19T01:00:27+00:00","og_image":[{"width":1920,"height":1920,"url":"https:\/\/edel.fr\/uploads\/2018\/11\/K25.jpg","type":"image\/jpeg"}],"twitter_card":"summary_large_image","twitter_misc":{"Est. reading time":"2 minutes"},"schema":{"@context":"https:\/\/schema.org","@graph":[{"@type":"WebPage","@id":"https:\/\/edel.fr\/produit\/kit-complet-mecanisme-simple-disque-av-cerametallique-butee-pdf-1065-mm-butee-et-roulement-pilote-deutz-o310-21-16-cannelures\/","url":"https:\/\/edel.fr\/produit\/kit-complet-mecanisme-simple-disque-av-cerametallique-butee-pdf-1065-mm-butee-et-roulement-pilote-deutz-o310-21-16-cannelures\/","name":"Kit Embrayage Deutz DX110 DX430 DX451 DX470 Tracteur - Edel","isPartOf":{"@id":"https:\/\/www.edel.fr\/en\/#website"},"primaryImageOfPage":{"@id":"https:\/\/edel.fr\/produit\/kit-complet-mecanisme-simple-disque-av-cerametallique-butee-pdf-1065-mm-butee-et-roulement-pilote-deutz-o310-21-16-cannelures\/#primaryimage"},"image":{"@id":"https:\/\/edel.fr\/produit\/kit-complet-mecanisme-simple-disque-av-cerametallique-butee-pdf-1065-mm-butee-et-roulement-pilote-deutz-o310-21-16-cannelures\/#primaryimage"},"thumbnailUrl":"https:\/\/www.edel.fr\/uploads\/2018\/11\/K25.jpg","datePublished":"2019-03-11T08:24:43+00:00","dateModified":"2026-03-19T01:00:27+00:00","description":"Embrayage Deutz Kit Complet - Disque AVANCEMENT C\u00e9ram\u00e9tallique, but\u00e9e PDF 106,5 mm, but\u00e9e et roulement pilote - \u00d8310 - DX110 DX430 DX431 DX451 DX530 DX605","breadcrumb":{"@id":"https:\/\/edel.fr\/produit\/kit-complet-mecanisme-simple-disque-av-cerametallique-butee-pdf-1065-mm-butee-et-roulement-pilote-deutz-o310-21-16-cannelures\/#breadcrumb"},"inLanguage":"en-US","potentialAction":[{"@type":"ReadAction","target":["https:\/\/edel.fr\/produit\/kit-complet-mecanisme-simple-disque-av-cerametallique-butee-pdf-1065-mm-butee-et-roulement-pilote-deutz-o310-21-16-cannelures\/"]}]},{"@type":"ImageObject","inLanguage":"en-US","@id":"https:\/\/edel.fr\/produit\/kit-complet-mecanisme-simple-disque-av-cerametallique-butee-pdf-1065-mm-butee-et-roulement-pilote-deutz-o310-21-16-cannelures\/#primaryimage","url":"https:\/\/www.edel.fr\/uploads\/2018\/11\/K25.jpg","contentUrl":"https:\/\/www.edel.fr\/uploads\/2018\/11\/K25.jpg","width":1920,"height":1920,"caption":"Kit Embrayage Deutz Complet"},{"@type":"BreadcrumbList","@id":"https:\/\/edel.fr\/produit\/kit-complet-mecanisme-simple-disque-av-cerametallique-butee-pdf-1065-mm-butee-et-roulement-pilote-deutz-o310-21-16-cannelures\/#breadcrumb","itemListElement":[{"@type":"ListItem","position":1,"name":"Pi\u00e8ce Tracteur","item":"https:\/\/www.edel.fr\/en\/"},{"@type":"ListItem","position":2,"name":"Toutes nos pi\u00e8ces Tracteur","item":"https:\/\/edel.fr\/shop\/"},{"@type":"ListItem","position":3,"name":"Embrayage Deutz Kit Complet &#8211; DX110 DX430 DX451 DX470"}]},{"@type":"WebSite","@id":"https:\/\/www.edel.fr\/en\/#website","url":"https:\/\/www.edel.fr\/en\/","name":"Edel","description":"Pi\u00e8ce d\u00e9tach\u00e9e de Tracteur Agricole","publisher":{"@id":"https:\/\/www.edel.fr\/en\/#organization"},"potentialAction":[{"@type":"SearchAction","target":{"@type":"EntryPoint","urlTemplate":"https:\/\/www.edel.fr\/en\/?s={search_term_string}"},"query-input":{"@type":"PropertyValueSpecification","valueRequired":true,"valueName":"search_term_string"}}],"inLanguage":"en-US"},{"@type":"Organization","@id":"https:\/\/www.edel.fr\/en\/#organization","name":"Edel","url":"https:\/\/www.edel.fr\/en\/","logo":{"@type":"ImageObject","inLanguage":"en-US","@id":"https:\/\/www.edel.fr\/en\/#\/schema\/logo\/image\/","url":"https:\/\/www.edel.fr\/uploads\/2018\/11\/logo-edel.png","contentUrl":"https:\/\/www.edel.fr\/uploads\/2018\/11\/logo-edel.png","width":257,"height":68,"caption":"Edel"},"image":{"@id":"https:\/\/www.edel.fr\/en\/#\/schema\/logo\/image\/"}}]}},"_links":{"self":[{"href":"https:\/\/www.edel.fr\/en\/wp-json\/wp\/v2\/product\/5976","targetHints":{"allow":["GET"]}}],"collection":[{"href":"https:\/\/www.edel.fr\/en\/wp-json\/wp\/v2\/product"}],"about":[{"href":"https:\/\/www.edel.fr\/en\/wp-json\/wp\/v2\/types\/product"}],"version-history":[{"count":2,"href":"https:\/\/www.edel.fr\/en\/wp-json\/wp\/v2\/product\/5976\/revisions"}],"predecessor-version":[{"id":14389,"href":"https:\/\/www.edel.fr\/en\/wp-json\/wp\/v2\/product\/5976\/revisions\/14389"}],"wp:featuredmedia":[{"embeddable":true,"href":"https:\/\/www.edel.fr\/en\/wp-json\/wp\/v2\/media\/4179"}],"wp:attachment":[{"href":"https:\/\/www.edel.fr\/en\/wp-json\/wp\/v2\/media?parent=5976"}],"wp:term":[{"taxonomy":"product_brand","embeddable":true,"href":"https:\/\/www.edel.fr\/en\/wp-json\/wp\/v2\/product_brand?post=5976"},{"taxonomy":"product_cat","embeddable":true,"href":"https:\/\/www.edel.fr\/en\/wp-json\/wp\/v2\/product_cat?post=5976"},{"taxonomy":"product_tag","embeddable":true,"href":"https:\/\/www.edel.fr\/en\/wp-json\/wp\/v2\/product_tag?post=5976"},{"taxonomy":"tracteur","embeddable":true,"href":"https:\/\/www.edel.fr\/en\/wp-json\/wp\/v2\/tracteur?post=5976"}],"curies":[{"name":"wp","href":"https:\/\/api.w.org\/{rel}","templated":true}]}}