{"id":5972,"date":"2019-03-11T09:24:43","date_gmt":"2019-03-11T08:24:43","guid":{"rendered":"http:\/\/edel.stephanie.ct.webcd.lan\/shop\/kit-complet-mecanisme-simple-a-diaphragme-disque-av-cerametallique-butee-et-roulement-pilote-john-deere-o330-10-cannelures\/"},"modified":"2025-11-20T02:00:18","modified_gmt":"2025-11-20T01:00:18","slug":"kit-complet-mecanisme-simple-a-diaphragme-disque-av-cerametallique-butee-et-roulement-pilote-john-deere-o330-10-cannelures","status":"publish","type":"product","link":"https:\/\/www.edel.fr\/en\/product\/kit-complet-mecanisme-simple-a-diaphragme-disque-av-cerametallique-butee-et-roulement-pilote-john-deere-o330-10-cannelures\/","title":{"rendered":"Kit Embrayage John Deere Complet &#8211; 2040 2140 2650 2850 2940"},"content":{"rendered":"<div data-elementor-type=\"wp-post\" data-elementor-id=\"5972\" class=\"elementor elementor-5972\">\n\t\t\t\t\t\t<section class=\"elementor-section elementor-top-section elementor-element elementor-element-1cefa67 elementor-section-boxed elementor-section-height-default elementor-section-height-default\" data-id=\"1cefa67\" data-element_type=\"section\" data-e-type=\"section\">\n\t\t\t\t\t\t<div class=\"elementor-container elementor-column-gap-default\">\n\t\t\t\t\t<div class=\"elementor-column elementor-col-100 elementor-top-column elementor-element elementor-element-acce2f9\" data-id=\"acce2f9\" data-element_type=\"column\" data-e-type=\"column\">\n\t\t\t<div class=\"elementor-widget-wrap elementor-element-populated\">\n\t\t\t\t\t\t<div class=\"elementor-element elementor-element-c38813e elementor-widget elementor-widget-heading\" data-id=\"c38813e\" data-element_type=\"widget\" data-e-type=\"widget\" data-widget_type=\"heading.default\">\n\t\t\t\t<div class=\"elementor-widget-container\">\n\t\t\t\t\t<h2 class=\"elementor-heading-title elementor-size-default\">KIT COMPLET M\u00c9CANISME SIMPLE \u00c0 DIAPHRAGME, DISQUE AV. C\u00c9RAM\u00c9TALLIQUE, BUT\u00c9E ET ROULEMENT PILOTE \u00d8330 \u2013 10 CANNELURES<\/h2>\t\t\t\t<\/div>\n\t\t\t\t<\/div>\n\t\t\t\t\t<\/div>\n\t\t<\/div>\n\t\t\t\t\t<\/div>\n\t\t<\/section>\n\t\t\t\t<section class=\"elementor-section elementor-top-section elementor-element elementor-element-5c6e951 elementor-section-boxed elementor-section-height-default elementor-section-height-default\" data-id=\"5c6e951\" data-element_type=\"section\" data-e-type=\"section\">\n\t\t\t\t\t\t<div class=\"elementor-container elementor-column-gap-default\">\n\t\t\t\t\t<div class=\"elementor-column elementor-col-100 elementor-top-column elementor-element elementor-element-794381c\" data-id=\"794381c\" data-element_type=\"column\" data-e-type=\"column\">\n\t\t\t<div class=\"elementor-widget-wrap elementor-element-populated\">\n\t\t\t\t\t\t<div class=\"elementor-element elementor-element-9dcc672 elementor-widget elementor-widget-heading\" data-id=\"9dcc672\" data-element_type=\"widget\" data-e-type=\"widget\" data-widget_type=\"heading.default\">\n\t\t\t\t<div class=\"elementor-widget-container\">\n\t\t\t\t\t<h3 class=\"elementor-heading-title elementor-size-default\">Information du produit :<\/h3>\t\t\t\t<\/div>\n\t\t\t\t<\/div>\n\t\t\t\t\t<\/div>\n\t\t<\/div>\n\t\t\t\t\t<\/div>\n\t\t<\/section>\n\t\t\t\t<section class=\"elementor-section elementor-top-section elementor-element elementor-element-2aa1f0cf elementor-section-boxed elementor-section-height-default elementor-section-height-default\" data-id=\"2aa1f0cf\" data-element_type=\"section\" data-e-type=\"section\">\n\t\t\t\t\t\t<div class=\"elementor-container elementor-column-gap-default\">\n\t\t\t\t\t<div class=\"elementor-column elementor-col-100 elementor-top-column elementor-element elementor-element-4c69fca9\" data-id=\"4c69fca9\" data-element_type=\"column\" data-e-type=\"column\">\n\t\t\t<div class=\"elementor-widget-wrap elementor-element-populated\">\n\t\t\t\t\t\t<div class=\"elementor-element elementor-element-431b27f6 elementor-widget elementor-widget-text-editor\" data-id=\"431b27f6\" data-element_type=\"widget\" data-e-type=\"widget\" data-widget_type=\"text-editor.default\">\n\t\t\t\t<div class=\"elementor-widget-container\">\n\t\t\t\t\t\t\t\t\t<div>\n<p>Kit embrayage de la marque : John Deere<\/p>\n<\/div>\n<div>\n<p><span style=\"background-color: #ffffff\">John Deere 1040, 1140, 2040, 2140, 2250, 2650, 2850, 2940, 3040, 3050, 3140, 3350, 3640, 940.<\/span><\/p>\n<ul>\n<li><span style=\"text-decoration: underline;color: #fdb819\">En option<\/span><span style=\"color: #fdb819\">,<\/span> vous trouverez \u00e9galement&nbsp;pour ce montage :<\/li><li><a href=\"https:\/\/www.edel.fr\/en\/joint-spi-arriere-john-deere-118-x-146-x-13\/\" target=\"_blank\" rel=\"noopener\">&#8211; le joint spi<\/a><\/li><li>&#8211;&nbsp;<a href=\"https:\/\/www.edel.fr\/en\/volant-moteur-john-deere-avec-couronne-2040-2140-2650-3350\/\" target=\"_blank\">le volant moteur<\/a><\/li>\n<\/ul>\n<\/div>\n<p>Le kit d\u2019embrayage tracteur agricole est compos\u00e9 d\u2019un m\u00e9canisme, d\u2019un ou deux disques, d\u2019une ou deux but\u00e9es et du roulement pilote. De plus le kit complet comprend la totalit\u00e9 des pi\u00e8ces \u00e0 changer en atelier. Cependant les pi\u00e8ces de rechange qui le composent sont rigoureusement s\u00e9lectionn\u00e9es pour leur qualit\u00e9 et leur fiabilit\u00e9.&nbsp;<\/p>\n<p>Toutefois choisir de remplacer une pi\u00e8ce au d\u00e9tail peut s\u2019av\u00e9rer \u00eatre moins avantageux que de remplacer un ensemble complet. Nos kits se distinguent par la qualit\u00e9 de nos but\u00e9es d\u2019embrayages et roulements pilotes. Une but\u00e9e adaptable qui grippe conduit irr\u00e9m\u00e9diablement \u00e0 la destruction du m\u00e9canisme.<\/p>\n<p>Car pour le montage d\u2019un kit d\u2019embrayage agricole, les pi\u00e8ces p\u00e9riph\u00e9riques doivent proc\u00e9der \u00e0 un examen minutieux. Notamment, le volant moteur et les diff\u00e9rents joints spi.<\/p>\n<p>En effet, pour le syst\u00e8me de commande, une vigilance particuli\u00e8re est \u00e0 porter au c\u00e2ble, a la tringlerie et au circuit hydraulique. En cas de doute, ces composants doivent absolument \u00eatre remis \u00e0 niveau pour permettre le parfait fonctionnement de l\u2019embrayage.<\/p>\n<p>Bien s\u00fbr, pour plus de renseignements, n&rsquo;h\u00e9sitez pas \u00e0 nous consulter !<\/p>\t\t\t\t\t\t\t\t<\/div>\n\t\t\t\t<\/div>\n\t\t\t\t\t<\/div>\n\t\t<\/div>\n\t\t\t\t\t<\/div>\n\t\t<\/section>\n\t\t\t\t<\/div>","protected":false},"excerpt":{"rendered":"<p>KIT COMPLET M\u00c9CANISME SIMPLE \u00c0 DIAPHRAGME, DISQUE AV. C\u00c9RAM\u00c9TALLIQUE, BUT\u00c9E ET ROULEMENT PILOTE \u00d8330 \u2013 10 CANNELURES Information du produit : Kit embrayage de la marque : John Deere John Deere 1040, 1140, 2040, 2140, 2250, 2650, 2850, 2940, 3040, 3050, 3140, 3350, 3640, 940. En option, vous trouverez \u00e9galement\u00a0pour ce montage : &#8211; le<br \/><a class=\"more-link\" href=\"https:\/\/www.edel.fr\/en\/product\/kit-complet-mecanisme-simple-a-diaphragme-disque-av-cerametallique-butee-et-roulement-pilote-john-deere-o330-10-cannelures\/\"><br \/>\n        Read More<span class=\"screen-reader-text\"> \u00ab\u00a0Kit Embrayage John Deere Complet &#8211; 2040 2140 2650 2850 2940\u00a0\u00bb<\/span><\/a><\/p>","protected":false},"featured_media":4175,"template":"","meta":[],"product_brand":[],"product_cat":[1141,3943,119,120],"product_tag":[143,124],"tracteur":[],"class_list":{"0":"post-5972","1":"product","2":"type-product","3":"status-publish","4":"has-post-thumbnail","6":"product_cat-kits-dembrayage","7":"product_cat-john-deere","8":"product_cat-tracteurs-agricoles","9":"product_cat-transmissions","10":"product_tag-kits-dembrayage","11":"product_tag-transmissions","12":"product_shipping_class-142","13":"pa_marque-tracteur-john-deere","14":"pa_type-2-1650","15":"pa_type-2-1651","16":"pa_type-2-1652","17":"pa_type-2-1474","18":"pa_type-2-2854","19":"pa_type-2-1442","20":"pa_type-2-1653","21":"pa_type-2-2310","22":"pa_type-2-1654","23":"pa_type-2-1446","24":"pa_type-2-1655","25":"pa_type-2-1561","26":"pa_type-2-2855","27":"pa_type-2-2479","28":"badges-style-2","30":"first","31":"instock","32":"taxable","33":"shipping-taxable","34":"purchasable","35":"product-type-simple"},"acf":[],"yoast_head":"<!-- This site is optimized with the Yoast SEO plugin v27.3 - https:\/\/yoast.com\/product\/yoast-seo-wordpress\/ -->\n<title>Kit Embrayage John Deere Complet - 2040 2140 2650 2850 2940 - Edel<\/title>\n<meta name=\"description\" content=\"Kit Embrayage John Deere - Disque AV. C\u00e9ram\u00e9tallique, but\u00e9e et roulement pilote - \u00d8330 - 2040 2140 2650 2850 2940 3040 3350 1040 1140 940 3640 2250\" \/>\n<meta name=\"robots\" content=\"index, follow, max-snippet:-1, max-image-preview:large, max-video-preview:-1\" \/>\n<link rel=\"canonical\" href=\"https:\/\/www.edel.fr\/en\/product\/kit-complet-mecanisme-simple-a-diaphragme-disque-av-cerametallique-butee-et-roulement-pilote-john-deere-o330-10-cannelures\/\" \/>\n<meta property=\"og:locale\" content=\"en_US\" \/>\n<meta property=\"og:type\" content=\"article\" \/>\n<meta property=\"og:title\" content=\"Kit Embrayage John Deere Complet - 2040 2140 2650 2850 2940 - Edel\" \/>\n<meta property=\"og:description\" content=\"Kit Embrayage John Deere - Disque AV. C\u00e9ram\u00e9tallique, but\u00e9e et roulement pilote - \u00d8330 - 2040 2140 2650 2850 2940 3040 3350 1040 1140 940 3640 2250\" \/>\n<meta property=\"og:url\" content=\"https:\/\/www.edel.fr\/en\/product\/kit-complet-mecanisme-simple-a-diaphragme-disque-av-cerametallique-butee-et-roulement-pilote-john-deere-o330-10-cannelures\/\" \/>\n<meta property=\"og:site_name\" content=\"Edel\" \/>\n<meta property=\"article:modified_time\" content=\"2025-11-20T01:00:18+00:00\" \/>\n<meta property=\"og:image\" content=\"https:\/\/www.edel.fr\/uploads\/2018\/11\/K20.jpg\" \/>\n\t<meta property=\"og:image:width\" content=\"2857\" \/>\n\t<meta property=\"og:image:height\" content=\"2857\" \/>\n\t<meta property=\"og:image:type\" content=\"image\/jpeg\" \/>\n<meta name=\"twitter:card\" content=\"summary_large_image\" \/>\n<meta name=\"twitter:label1\" content=\"Est. reading time\" \/>\n\t<meta name=\"twitter:data1\" content=\"2 minutes\" \/>\n<script type=\"application\/ld+json\" class=\"yoast-schema-graph\">{\"@context\":\"https:\\\/\\\/schema.org\",\"@graph\":[{\"@type\":\"WebPage\",\"@id\":\"https:\\\/\\\/www.edel.fr\\\/produit\\\/kit-complet-mecanisme-simple-a-diaphragme-disque-av-cerametallique-butee-et-roulement-pilote-john-deere-o330-10-cannelures\\\/\",\"url\":\"https:\\\/\\\/www.edel.fr\\\/produit\\\/kit-complet-mecanisme-simple-a-diaphragme-disque-av-cerametallique-butee-et-roulement-pilote-john-deere-o330-10-cannelures\\\/\",\"name\":\"Kit Embrayage John Deere Complet - 2040 2140 2650 2850 2940 - Edel\",\"isPartOf\":{\"@id\":\"http:\\\/\\\/www.edel.fr\\\/en\\\/#website\"},\"primaryImageOfPage\":{\"@id\":\"https:\\\/\\\/www.edel.fr\\\/produit\\\/kit-complet-mecanisme-simple-a-diaphragme-disque-av-cerametallique-butee-et-roulement-pilote-john-deere-o330-10-cannelures\\\/#primaryimage\"},\"image\":{\"@id\":\"https:\\\/\\\/www.edel.fr\\\/produit\\\/kit-complet-mecanisme-simple-a-diaphragme-disque-av-cerametallique-butee-et-roulement-pilote-john-deere-o330-10-cannelures\\\/#primaryimage\"},\"thumbnailUrl\":\"https:\\\/\\\/www.edel.fr\\\/uploads\\\/2018\\\/11\\\/K20.jpg\",\"datePublished\":\"2019-03-11T08:24:43+00:00\",\"dateModified\":\"2025-11-20T01:00:18+00:00\",\"description\":\"Kit Embrayage John Deere - Disque AV. C\u00e9ram\u00e9tallique, but\u00e9e et roulement pilote - \u00d8330 - 2040 2140 2650 2850 2940 3040 3350 1040 1140 940 3640 2250\",\"breadcrumb\":{\"@id\":\"https:\\\/\\\/www.edel.fr\\\/produit\\\/kit-complet-mecanisme-simple-a-diaphragme-disque-av-cerametallique-butee-et-roulement-pilote-john-deere-o330-10-cannelures\\\/#breadcrumb\"},\"inLanguage\":\"en-US\",\"potentialAction\":[{\"@type\":\"ReadAction\",\"target\":[\"https:\\\/\\\/www.edel.fr\\\/produit\\\/kit-complet-mecanisme-simple-a-diaphragme-disque-av-cerametallique-butee-et-roulement-pilote-john-deere-o330-10-cannelures\\\/\"]}]},{\"@type\":\"ImageObject\",\"inLanguage\":\"en-US\",\"@id\":\"https:\\\/\\\/www.edel.fr\\\/produit\\\/kit-complet-mecanisme-simple-a-diaphragme-disque-av-cerametallique-butee-et-roulement-pilote-john-deere-o330-10-cannelures\\\/#primaryimage\",\"url\":\"https:\\\/\\\/www.edel.fr\\\/uploads\\\/2018\\\/11\\\/K20.jpg\",\"contentUrl\":\"https:\\\/\\\/www.edel.fr\\\/uploads\\\/2018\\\/11\\\/K20.jpg\",\"width\":2857,\"height\":2857,\"caption\":\"Kit Embrayage John Deere Complet\"},{\"@type\":\"BreadcrumbList\",\"@id\":\"https:\\\/\\\/www.edel.fr\\\/produit\\\/kit-complet-mecanisme-simple-a-diaphragme-disque-av-cerametallique-butee-et-roulement-pilote-john-deere-o330-10-cannelures\\\/#breadcrumb\",\"itemListElement\":[{\"@type\":\"ListItem\",\"position\":1,\"name\":\"Pi\u00e8ce Tracteur\",\"item\":\"http:\\\/\\\/www.edel.fr\\\/en\\\/\"},{\"@type\":\"ListItem\",\"position\":2,\"name\":\"Toutes nos pi\u00e8ces Tracteur\",\"item\":\"https:\\\/\\\/edel.fr\\\/shop\\\/\"},{\"@type\":\"ListItem\",\"position\":3,\"name\":\"Kit Embrayage John Deere Complet &#8211; 2040 2140 2650 2850 2940\"}]},{\"@type\":\"WebSite\",\"@id\":\"http:\\\/\\\/www.edel.fr\\\/en\\\/#website\",\"url\":\"http:\\\/\\\/www.edel.fr\\\/en\\\/\",\"name\":\"Edel\",\"description\":\"Pi\u00e8ce d\u00e9tach\u00e9e de Tracteur Agricole\",\"publisher\":{\"@id\":\"http:\\\/\\\/www.edel.fr\\\/en\\\/#organization\"},\"potentialAction\":[{\"@type\":\"SearchAction\",\"target\":{\"@type\":\"EntryPoint\",\"urlTemplate\":\"http:\\\/\\\/www.edel.fr\\\/en\\\/?s={search_term_string}\"},\"query-input\":{\"@type\":\"PropertyValueSpecification\",\"valueRequired\":true,\"valueName\":\"search_term_string\"}}],\"inLanguage\":\"en-US\"},{\"@type\":\"Organization\",\"@id\":\"http:\\\/\\\/www.edel.fr\\\/en\\\/#organization\",\"name\":\"Edel\",\"url\":\"http:\\\/\\\/www.edel.fr\\\/en\\\/\",\"logo\":{\"@type\":\"ImageObject\",\"inLanguage\":\"en-US\",\"@id\":\"http:\\\/\\\/www.edel.fr\\\/en\\\/#\\\/schema\\\/logo\\\/image\\\/\",\"url\":\"https:\\\/\\\/www.edel.fr\\\/uploads\\\/2018\\\/11\\\/logo-edel.png\",\"contentUrl\":\"https:\\\/\\\/www.edel.fr\\\/uploads\\\/2018\\\/11\\\/logo-edel.png\",\"width\":257,\"height\":68,\"caption\":\"Edel\"},\"image\":{\"@id\":\"http:\\\/\\\/www.edel.fr\\\/en\\\/#\\\/schema\\\/logo\\\/image\\\/\"}}]}<\/script>\n<!-- \/ Yoast SEO plugin. -->","yoast_head_json":{"title":"Kit Embrayage John Deere Complet - 2040 2140 2650 2850 2940 - Edel","description":"Kit Embrayage John Deere - Disque AV. C\u00e9ram\u00e9tallique, but\u00e9e et roulement pilote - \u00d8330 - 2040 2140 2650 2850 2940 3040 3350 1040 1140 940 3640 2250","robots":{"index":"index","follow":"follow","max-snippet":"max-snippet:-1","max-image-preview":"max-image-preview:large","max-video-preview":"max-video-preview:-1"},"canonical":"https:\/\/www.edel.fr\/en\/product\/kit-complet-mecanisme-simple-a-diaphragme-disque-av-cerametallique-butee-et-roulement-pilote-john-deere-o330-10-cannelures\/","og_locale":"en_US","og_type":"article","og_title":"Kit Embrayage John Deere Complet - 2040 2140 2650 2850 2940 - Edel","og_description":"Kit Embrayage John Deere - Disque AV. C\u00e9ram\u00e9tallique, but\u00e9e et roulement pilote - \u00d8330 - 2040 2140 2650 2850 2940 3040 3350 1040 1140 940 3640 2250","og_url":"https:\/\/www.edel.fr\/en\/product\/kit-complet-mecanisme-simple-a-diaphragme-disque-av-cerametallique-butee-et-roulement-pilote-john-deere-o330-10-cannelures\/","og_site_name":"Edel","article_modified_time":"2025-11-20T01:00:18+00:00","og_image":[{"width":2857,"height":2857,"url":"https:\/\/www.edel.fr\/uploads\/2018\/11\/K20.jpg","type":"image\/jpeg"}],"twitter_card":"summary_large_image","twitter_misc":{"Est. reading time":"2 minutes"},"schema":{"@context":"https:\/\/schema.org","@graph":[{"@type":"WebPage","@id":"https:\/\/www.edel.fr\/produit\/kit-complet-mecanisme-simple-a-diaphragme-disque-av-cerametallique-butee-et-roulement-pilote-john-deere-o330-10-cannelures\/","url":"https:\/\/www.edel.fr\/produit\/kit-complet-mecanisme-simple-a-diaphragme-disque-av-cerametallique-butee-et-roulement-pilote-john-deere-o330-10-cannelures\/","name":"Kit Embrayage John Deere Complet - 2040 2140 2650 2850 2940 - Edel","isPartOf":{"@id":"http:\/\/www.edel.fr\/en\/#website"},"primaryImageOfPage":{"@id":"https:\/\/www.edel.fr\/produit\/kit-complet-mecanisme-simple-a-diaphragme-disque-av-cerametallique-butee-et-roulement-pilote-john-deere-o330-10-cannelures\/#primaryimage"},"image":{"@id":"https:\/\/www.edel.fr\/produit\/kit-complet-mecanisme-simple-a-diaphragme-disque-av-cerametallique-butee-et-roulement-pilote-john-deere-o330-10-cannelures\/#primaryimage"},"thumbnailUrl":"https:\/\/www.edel.fr\/uploads\/2018\/11\/K20.jpg","datePublished":"2019-03-11T08:24:43+00:00","dateModified":"2025-11-20T01:00:18+00:00","description":"Kit Embrayage John Deere - Disque AV. C\u00e9ram\u00e9tallique, but\u00e9e et roulement pilote - \u00d8330 - 2040 2140 2650 2850 2940 3040 3350 1040 1140 940 3640 2250","breadcrumb":{"@id":"https:\/\/www.edel.fr\/produit\/kit-complet-mecanisme-simple-a-diaphragme-disque-av-cerametallique-butee-et-roulement-pilote-john-deere-o330-10-cannelures\/#breadcrumb"},"inLanguage":"en-US","potentialAction":[{"@type":"ReadAction","target":["https:\/\/www.edel.fr\/produit\/kit-complet-mecanisme-simple-a-diaphragme-disque-av-cerametallique-butee-et-roulement-pilote-john-deere-o330-10-cannelures\/"]}]},{"@type":"ImageObject","inLanguage":"en-US","@id":"https:\/\/www.edel.fr\/produit\/kit-complet-mecanisme-simple-a-diaphragme-disque-av-cerametallique-butee-et-roulement-pilote-john-deere-o330-10-cannelures\/#primaryimage","url":"https:\/\/www.edel.fr\/uploads\/2018\/11\/K20.jpg","contentUrl":"https:\/\/www.edel.fr\/uploads\/2018\/11\/K20.jpg","width":2857,"height":2857,"caption":"Kit Embrayage John Deere Complet"},{"@type":"BreadcrumbList","@id":"https:\/\/www.edel.fr\/produit\/kit-complet-mecanisme-simple-a-diaphragme-disque-av-cerametallique-butee-et-roulement-pilote-john-deere-o330-10-cannelures\/#breadcrumb","itemListElement":[{"@type":"ListItem","position":1,"name":"Pi\u00e8ce Tracteur","item":"http:\/\/www.edel.fr\/en\/"},{"@type":"ListItem","position":2,"name":"Toutes nos pi\u00e8ces Tracteur","item":"https:\/\/edel.fr\/shop\/"},{"@type":"ListItem","position":3,"name":"Kit Embrayage John Deere Complet &#8211; 2040 2140 2650 2850 2940"}]},{"@type":"WebSite","@id":"http:\/\/www.edel.fr\/en\/#website","url":"http:\/\/www.edel.fr\/en\/","name":"Edel","description":"Pi\u00e8ce d\u00e9tach\u00e9e de Tracteur Agricole","publisher":{"@id":"http:\/\/www.edel.fr\/en\/#organization"},"potentialAction":[{"@type":"SearchAction","target":{"@type":"EntryPoint","urlTemplate":"http:\/\/www.edel.fr\/en\/?s={search_term_string}"},"query-input":{"@type":"PropertyValueSpecification","valueRequired":true,"valueName":"search_term_string"}}],"inLanguage":"en-US"},{"@type":"Organization","@id":"http:\/\/www.edel.fr\/en\/#organization","name":"Edel","url":"http:\/\/www.edel.fr\/en\/","logo":{"@type":"ImageObject","inLanguage":"en-US","@id":"http:\/\/www.edel.fr\/en\/#\/schema\/logo\/image\/","url":"https:\/\/www.edel.fr\/uploads\/2018\/11\/logo-edel.png","contentUrl":"https:\/\/www.edel.fr\/uploads\/2018\/11\/logo-edel.png","width":257,"height":68,"caption":"Edel"},"image":{"@id":"http:\/\/www.edel.fr\/en\/#\/schema\/logo\/image\/"}}]}},"_links":{"self":[{"href":"https:\/\/www.edel.fr\/en\/wp-json\/wp\/v2\/product\/5972","targetHints":{"allow":["GET"]}}],"collection":[{"href":"https:\/\/www.edel.fr\/en\/wp-json\/wp\/v2\/product"}],"about":[{"href":"https:\/\/www.edel.fr\/en\/wp-json\/wp\/v2\/types\/product"}],"version-history":[{"count":3,"href":"https:\/\/www.edel.fr\/en\/wp-json\/wp\/v2\/product\/5972\/revisions"}],"predecessor-version":[{"id":19155,"href":"https:\/\/www.edel.fr\/en\/wp-json\/wp\/v2\/product\/5972\/revisions\/19155"}],"wp:featuredmedia":[{"embeddable":true,"href":"https:\/\/www.edel.fr\/en\/wp-json\/wp\/v2\/media\/4175"}],"wp:attachment":[{"href":"https:\/\/www.edel.fr\/en\/wp-json\/wp\/v2\/media?parent=5972"}],"wp:term":[{"taxonomy":"product_brand","embeddable":true,"href":"https:\/\/www.edel.fr\/en\/wp-json\/wp\/v2\/product_brand?post=5972"},{"taxonomy":"product_cat","embeddable":true,"href":"https:\/\/www.edel.fr\/en\/wp-json\/wp\/v2\/product_cat?post=5972"},{"taxonomy":"product_tag","embeddable":true,"href":"https:\/\/www.edel.fr\/en\/wp-json\/wp\/v2\/product_tag?post=5972"},{"taxonomy":"tracteur","embeddable":true,"href":"https:\/\/www.edel.fr\/en\/wp-json\/wp\/v2\/tracteur?post=5972"}],"curies":[{"name":"wp","href":"https:\/\/api.w.org\/{rel}","templated":true}]}}