{"id":5955,"date":"2019-03-11T09:24:39","date_gmt":"2019-03-11T08:24:39","guid":{"rendered":"http:\/\/edel.stephanie.ct.webcd.lan\/shop\/kit-complet-mecanisme-double-disque-av-organique-2-butees-et-roulement-pilote-case-ih-o280-295-10-22-cannelures\/"},"modified":"2026-04-01T03:00:20","modified_gmt":"2026-04-01T01:00:20","slug":"kit-complet-mecanisme-double-disque-av-organique-2-butees-et-roulement-pilote-case-ih-o280-295-10-22-cannelures","status":"publish","type":"product","link":"https:\/\/www.edel.fr\/en\/product\/kit-complet-mecanisme-double-disque-av-organique-2-butees-et-roulement-pilote-case-ih-o280-295-10-22-cannelures\/","title":{"rendered":"Case Ih Embrayage Kit Complet &#8211; 845 523 553 554 623 624 644"},"content":{"rendered":"<div data-elementor-type=\"wp-post\" data-elementor-id=\"5955\" class=\"elementor elementor-5955\">\n\t\t\t\t\t\t<section class=\"elementor-section elementor-top-section elementor-element elementor-element-9e8dff7 elementor-section-boxed elementor-section-height-default elementor-section-height-default\" data-id=\"9e8dff7\" data-element_type=\"section\" data-e-type=\"section\">\n\t\t\t\t\t\t<div class=\"elementor-container elementor-column-gap-default\">\n\t\t\t\t\t<div class=\"elementor-column elementor-col-100 elementor-top-column elementor-element elementor-element-52f2ce8\" data-id=\"52f2ce8\" data-element_type=\"column\" data-e-type=\"column\">\n\t\t\t<div class=\"elementor-widget-wrap elementor-element-populated\">\n\t\t\t\t\t\t<div class=\"elementor-element elementor-element-cc271ab elementor-widget elementor-widget-heading\" data-id=\"cc271ab\" data-element_type=\"widget\" data-e-type=\"widget\" data-widget_type=\"heading.default\">\n\t\t\t\t<div class=\"elementor-widget-container\">\n\t\t\t\t\t<h2 class=\"elementor-heading-title elementor-size-default\">CASE IH EMBRAYAGE KIT COMPLET TRACTEUR - M\u00c9CANISME DOUBLE, DISQUE AV. ORGANIQUE, 2 BUT\u00c9ES ET ROULEMENT PILOTE\u00a0\n\u00d8280\/295 \u2013 10\/22 CANNELURES<\/h2>\t\t\t\t<\/div>\n\t\t\t\t<\/div>\n\t\t\t\t\t<\/div>\n\t\t<\/div>\n\t\t\t\t\t<\/div>\n\t\t<\/section>\n\t\t\t\t<section class=\"elementor-section elementor-top-section elementor-element elementor-element-2106ed8 elementor-section-boxed elementor-section-height-default elementor-section-height-default\" data-id=\"2106ed8\" data-element_type=\"section\" data-e-type=\"section\">\n\t\t\t\t\t\t<div class=\"elementor-container elementor-column-gap-default\">\n\t\t\t\t\t<div class=\"elementor-column elementor-col-100 elementor-top-column elementor-element elementor-element-13c9a03\" data-id=\"13c9a03\" data-element_type=\"column\" data-e-type=\"column\">\n\t\t\t<div class=\"elementor-widget-wrap elementor-element-populated\">\n\t\t\t\t\t\t<div class=\"elementor-element elementor-element-c0d25be elementor-widget elementor-widget-heading\" data-id=\"c0d25be\" data-element_type=\"widget\" data-e-type=\"widget\" data-widget_type=\"heading.default\">\n\t\t\t\t<div class=\"elementor-widget-container\">\n\t\t\t\t\t<h3 class=\"elementor-heading-title elementor-size-default\">Information du produit :<\/h3>\t\t\t\t<\/div>\n\t\t\t\t<\/div>\n\t\t\t\t\t<\/div>\n\t\t<\/div>\n\t\t\t\t\t<\/div>\n\t\t<\/section>\n\t\t\t\t<section class=\"elementor-section elementor-top-section elementor-element elementor-element-2892e675 elementor-section-boxed elementor-section-height-default elementor-section-height-default\" data-id=\"2892e675\" data-element_type=\"section\" data-e-type=\"section\">\n\t\t\t\t\t\t<div class=\"elementor-container elementor-column-gap-default\">\n\t\t\t\t\t<div class=\"elementor-column elementor-col-100 elementor-top-column elementor-element elementor-element-49d1570a\" data-id=\"49d1570a\" data-element_type=\"column\" data-e-type=\"column\">\n\t\t\t<div class=\"elementor-widget-wrap elementor-element-populated\">\n\t\t\t\t\t\t<div class=\"elementor-element elementor-element-3b2e91c elementor-widget elementor-widget-text-editor\" data-id=\"3b2e91c\" data-element_type=\"widget\" data-e-type=\"widget\" data-widget_type=\"text-editor.default\">\n\t\t\t\t<div class=\"elementor-widget-container\">\n\t\t\t\t\t\t\t\t\t<div><p>Kit embrayage de la marque : Case Ih<\/p><\/div><div>Case IH &#8211;\u00a0<span style=\"background-color: #ffffff\">523, 553, 554, 623, 624, 644, 645, 654, 724, 734, 743, 744, 745, 754, 824, 834, 844, 845.<\/span><br \/><span style=\"background-color: #ffffff\"><br \/><\/span><\/div><p>Avec disque d&rsquo;avancement ORGANIQUE<\/p><p>Nous proposons aussi la\u00a0<a style=\"background-color: #ffffff\" href=\"https:\/\/www.edel.fr\/en\/kit-complet-mecanisme-double-disque-av-cerametallique-2-butees-et-roulement-pilote-case-ih-o280-295-10-22-cannelures\/\" target=\"_blank\" rel=\"noopener\"><b>version avec disque d&rsquo;avancement c\u00e9ram\u00e9tallique.<\/b><\/a><\/p><ul><li><span style=\"text-decoration: underline;color: #fdb819\">En option<\/span><span style=\"color: #fdb819\">,<\/span> vous trouverez \u00e9galement\u00a0pour ce montage :<br \/><a href=\"https:\/\/www.edel.fr\/en\/joint-spi-mwm-arriere\/\" target=\"_blank\" rel=\"noopener\">&#8211; le joint spi<\/a><br \/><a href=\"https:\/\/www.edel.fr\/en\/joint-couvercle-papier-case-ih-montage-ihc\/\" target=\"_blank\" rel=\"noopener\">&#8211; le joint de plaque<\/a>\u00a0<\/li><\/ul><p>Le kit d\u2019embrayage tracteur agricole est compos\u00e9 d\u2019un m\u00e9canisme, d\u2019un ou deux disques, d\u2019une ou deux but\u00e9es et du roulement pilote. De plus le kit complet comprend la totalit\u00e9 des pi\u00e8ces \u00e0 changer en atelier. Cependant les pi\u00e8ces de rechange qui le composent sont rigoureusement s\u00e9lectionn\u00e9es pour leur qualit\u00e9 et leur fiabilit\u00e9.\u00a0<\/p><p>Toutefois choisir de remplacer une pi\u00e8ce au d\u00e9tail peut s\u2019av\u00e9rer \u00eatre moins avantageux que de remplacer un ensemble complet. Nos kits se distinguent par la qualit\u00e9 de nos but\u00e9es d\u2019embrayages et roulements pilotes. Une but\u00e9e adaptable qui grippe conduit irr\u00e9m\u00e9diablement \u00e0 la destruction du m\u00e9canisme.<\/p><p>Car pour le montage d\u2019un kit d\u2019embrayage agricole, les pi\u00e8ces p\u00e9riph\u00e9riques doivent proc\u00e9der \u00e0 un examen minutieux. Notamment, le volant moteur et les diff\u00e9rents joints spi.<\/p><p>En effet, pour le syst\u00e8me de commande, une vigilance particuli\u00e8re est \u00e0 porter au c\u00e2ble, a la tringlerie et au circuit hydraulique. En cas de doute, ces composants doivent absolument \u00eatre remis \u00e0 niveau pour permettre le parfait fonctionnement de l\u2019embrayage.<\/p><p>Bien s\u00fbr, pour plus de renseignements, n&rsquo;h\u00e9sitez pas \u00e0 nous consulter !<\/p><p>EDEL<\/p>\t\t\t\t\t\t\t\t<\/div>\n\t\t\t\t<\/div>\n\t\t\t\t\t<\/div>\n\t\t<\/div>\n\t\t\t\t\t<\/div>\n\t\t<\/section>\n\t\t\t\t<\/div>","protected":false},"excerpt":{"rendered":"<p>CASE IH EMBRAYAGE KIT COMPLET TRACTEUR &#8211; M\u00c9CANISME DOUBLE, DISQUE AV. ORGANIQUE, 2 BUT\u00c9ES ET ROULEMENT PILOTE \u00d8280\/295 \u2013 10\/22 CANNELURES Information du produit : Kit embrayage de la marque : Case Ih Case IH &#8211;\u00a0523, 553, 554, 623, 624, 644, 645, 654, 724, 734, 743, 744, 745, 754, 824, 834, 844, 845. Avec disque<br \/><a class=\"more-link\" href=\"https:\/\/www.edel.fr\/en\/product\/kit-complet-mecanisme-double-disque-av-organique-2-butees-et-roulement-pilote-case-ih-o280-295-10-22-cannelures\/\"><br \/>\n        Read More<span class=\"screen-reader-text\"> \u00ab\u00a0Case Ih Embrayage Kit Complet &#8211; 845 523 553 554 623 624 644\u00a0\u00bb<\/span><\/a><\/p>","protected":false},"featured_media":4299,"template":"","meta":[],"product_brand":[],"product_cat":[1141,3945,119,120],"product_tag":[143,124],"tracteur":[],"class_list":{"0":"post-5955","1":"product","2":"type-product","3":"status-publish","4":"has-post-thumbnail","6":"product_cat-kits-dembrayage","7":"product_cat-case-ih","8":"product_cat-tracteurs-agricoles","9":"product_cat-transmissions","10":"product_tag-kits-dembrayage","11":"product_tag-transmissions","12":"product_shipping_class-142","13":"pa_fabriquant-kawe","14":"pa_marque-tracteur-case-ih","15":"pa_modele-tracteur-4293","16":"pa_modele-tracteur-3785","17":"pa_modele-tracteur-4294","18":"pa_modele-tracteur-4295","19":"pa_modele-tracteur-4296","20":"pa_modele-tracteur-4297","21":"pa_modele-tracteur-4298","22":"pa_modele-tracteur-3790","23":"pa_modele-tracteur-3793","24":"pa_modele-tracteur-4299","25":"pa_modele-tracteur-4300","26":"pa_modele-tracteur-4301","27":"pa_modele-tracteur-4302","28":"pa_modele-tracteur-4303","29":"pa_modele-tracteur-3794","30":"pa_modele-tracteur-4304","31":"pa_modele-tracteur-4305","32":"pa_modele-tracteur-3795","33":"badges-style-2","35":"first","36":"instock","37":"taxable","38":"shipping-taxable","39":"purchasable","40":"product-type-simple"},"acf":[],"yoast_head":"<!-- This site is optimized with the Yoast SEO plugin v27.3 - https:\/\/yoast.com\/product\/yoast-seo-wordpress\/ -->\n<title>Case Ih Embrayage Kit Complet - 845 523 553 554 623 624 644 - Edel<\/title>\n<meta name=\"description\" content=\"Case Ih Embrayage Kit - Disque AV. Organique, 2 but\u00e9es et roulement pilote - \u00d8280\/295 - 523 553 554 623 624 644 645 654 724 734 743 744 745 754 824 834 844\" \/>\n<meta name=\"robots\" content=\"index, follow, max-snippet:-1, max-image-preview:large, max-video-preview:-1\" \/>\n<link rel=\"canonical\" href=\"https:\/\/www.edel.fr\/en\/product\/kit-complet-mecanisme-double-disque-av-organique-2-butees-et-roulement-pilote-case-ih-o280-295-10-22-cannelures\/\" \/>\n<meta property=\"og:locale\" content=\"en_US\" \/>\n<meta property=\"og:type\" content=\"article\" \/>\n<meta property=\"og:title\" content=\"Case Ih Embrayage Kit Complet - 845 523 553 554 623 624 644 - Edel\" \/>\n<meta property=\"og:description\" content=\"Case Ih Embrayage Kit - Disque AV. Organique, 2 but\u00e9es et roulement pilote - \u00d8280\/295 - 523 553 554 623 624 644 645 654 724 734 743 744 745 754 824 834 844\" \/>\n<meta property=\"og:url\" content=\"https:\/\/www.edel.fr\/en\/product\/kit-complet-mecanisme-double-disque-av-organique-2-butees-et-roulement-pilote-case-ih-o280-295-10-22-cannelures\/\" \/>\n<meta property=\"og:site_name\" content=\"Edel\" \/>\n<meta property=\"article:modified_time\" content=\"2026-04-01T01:00:20+00:00\" \/>\n<meta property=\"og:image\" content=\"https:\/\/www.edel.fr\/uploads\/2018\/11\/K03.jpg\" \/>\n\t<meta property=\"og:image:width\" content=\"1920\" \/>\n\t<meta property=\"og:image:height\" content=\"1920\" \/>\n\t<meta property=\"og:image:type\" content=\"image\/jpeg\" \/>\n<meta name=\"twitter:card\" content=\"summary_large_image\" \/>\n<meta name=\"twitter:label1\" content=\"Est. reading time\" \/>\n\t<meta name=\"twitter:data1\" content=\"2 minutes\" \/>\n<script type=\"application\/ld+json\" class=\"yoast-schema-graph\">{\"@context\":\"https:\\\/\\\/schema.org\",\"@graph\":[{\"@type\":\"WebPage\",\"@id\":\"https:\\\/\\\/www.edel.fr\\\/produit\\\/kit-complet-mecanisme-double-disque-av-organique-2-butees-et-roulement-pilote-case-ih-o280-295-10-22-cannelures\\\/\",\"url\":\"https:\\\/\\\/www.edel.fr\\\/produit\\\/kit-complet-mecanisme-double-disque-av-organique-2-butees-et-roulement-pilote-case-ih-o280-295-10-22-cannelures\\\/\",\"name\":\"Case Ih Embrayage Kit Complet - 845 523 553 554 623 624 644 - Edel\",\"isPartOf\":{\"@id\":\"https:\\\/\\\/www.edel.fr\\\/en\\\/#website\"},\"primaryImageOfPage\":{\"@id\":\"https:\\\/\\\/www.edel.fr\\\/produit\\\/kit-complet-mecanisme-double-disque-av-organique-2-butees-et-roulement-pilote-case-ih-o280-295-10-22-cannelures\\\/#primaryimage\"},\"image\":{\"@id\":\"https:\\\/\\\/www.edel.fr\\\/produit\\\/kit-complet-mecanisme-double-disque-av-organique-2-butees-et-roulement-pilote-case-ih-o280-295-10-22-cannelures\\\/#primaryimage\"},\"thumbnailUrl\":\"https:\\\/\\\/www.edel.fr\\\/uploads\\\/2018\\\/11\\\/K03.jpg\",\"datePublished\":\"2019-03-11T08:24:39+00:00\",\"dateModified\":\"2026-04-01T01:00:20+00:00\",\"description\":\"Case Ih Embrayage Kit - Disque AV. Organique, 2 but\u00e9es et roulement pilote - \u00d8280\\\/295 - 523 553 554 623 624 644 645 654 724 734 743 744 745 754 824 834 844\",\"breadcrumb\":{\"@id\":\"https:\\\/\\\/www.edel.fr\\\/produit\\\/kit-complet-mecanisme-double-disque-av-organique-2-butees-et-roulement-pilote-case-ih-o280-295-10-22-cannelures\\\/#breadcrumb\"},\"inLanguage\":\"en-US\",\"potentialAction\":[{\"@type\":\"ReadAction\",\"target\":[\"https:\\\/\\\/www.edel.fr\\\/produit\\\/kit-complet-mecanisme-double-disque-av-organique-2-butees-et-roulement-pilote-case-ih-o280-295-10-22-cannelures\\\/\"]}]},{\"@type\":\"ImageObject\",\"inLanguage\":\"en-US\",\"@id\":\"https:\\\/\\\/www.edel.fr\\\/produit\\\/kit-complet-mecanisme-double-disque-av-organique-2-butees-et-roulement-pilote-case-ih-o280-295-10-22-cannelures\\\/#primaryimage\",\"url\":\"https:\\\/\\\/www.edel.fr\\\/uploads\\\/2018\\\/11\\\/K03.jpg\",\"contentUrl\":\"https:\\\/\\\/www.edel.fr\\\/uploads\\\/2018\\\/11\\\/K03.jpg\",\"width\":1920,\"height\":1920,\"caption\":\"Case Ih Embrayage Kit Complet\"},{\"@type\":\"BreadcrumbList\",\"@id\":\"https:\\\/\\\/www.edel.fr\\\/produit\\\/kit-complet-mecanisme-double-disque-av-organique-2-butees-et-roulement-pilote-case-ih-o280-295-10-22-cannelures\\\/#breadcrumb\",\"itemListElement\":[{\"@type\":\"ListItem\",\"position\":1,\"name\":\"Pi\u00e8ce Tracteur\",\"item\":\"https:\\\/\\\/www.edel.fr\\\/en\\\/\"},{\"@type\":\"ListItem\",\"position\":2,\"name\":\"Toutes nos pi\u00e8ces Tracteur\",\"item\":\"https:\\\/\\\/edel.fr\\\/shop\\\/\"},{\"@type\":\"ListItem\",\"position\":3,\"name\":\"Case Ih Embrayage Kit Complet &#8211; 845 523 553 554 623 624 644\"}]},{\"@type\":\"WebSite\",\"@id\":\"https:\\\/\\\/www.edel.fr\\\/en\\\/#website\",\"url\":\"https:\\\/\\\/www.edel.fr\\\/en\\\/\",\"name\":\"Edel\",\"description\":\"Pi\u00e8ce d\u00e9tach\u00e9e de Tracteur Agricole\",\"publisher\":{\"@id\":\"https:\\\/\\\/www.edel.fr\\\/en\\\/#organization\"},\"potentialAction\":[{\"@type\":\"SearchAction\",\"target\":{\"@type\":\"EntryPoint\",\"urlTemplate\":\"https:\\\/\\\/www.edel.fr\\\/en\\\/?s={search_term_string}\"},\"query-input\":{\"@type\":\"PropertyValueSpecification\",\"valueRequired\":true,\"valueName\":\"search_term_string\"}}],\"inLanguage\":\"en-US\"},{\"@type\":\"Organization\",\"@id\":\"https:\\\/\\\/www.edel.fr\\\/en\\\/#organization\",\"name\":\"Edel\",\"url\":\"https:\\\/\\\/www.edel.fr\\\/en\\\/\",\"logo\":{\"@type\":\"ImageObject\",\"inLanguage\":\"en-US\",\"@id\":\"https:\\\/\\\/www.edel.fr\\\/en\\\/#\\\/schema\\\/logo\\\/image\\\/\",\"url\":\"https:\\\/\\\/www.edel.fr\\\/uploads\\\/2018\\\/11\\\/logo-edel.png\",\"contentUrl\":\"https:\\\/\\\/www.edel.fr\\\/uploads\\\/2018\\\/11\\\/logo-edel.png\",\"width\":257,\"height\":68,\"caption\":\"Edel\"},\"image\":{\"@id\":\"https:\\\/\\\/www.edel.fr\\\/en\\\/#\\\/schema\\\/logo\\\/image\\\/\"}}]}<\/script>\n<!-- \/ Yoast SEO plugin. -->","yoast_head_json":{"title":"Case Ih Embrayage Kit Complet - 845 523 553 554 623 624 644 - Edel","description":"Case Ih Embrayage Kit - Disque AV. Organique, 2 but\u00e9es et roulement pilote - \u00d8280\/295 - 523 553 554 623 624 644 645 654 724 734 743 744 745 754 824 834 844","robots":{"index":"index","follow":"follow","max-snippet":"max-snippet:-1","max-image-preview":"max-image-preview:large","max-video-preview":"max-video-preview:-1"},"canonical":"https:\/\/www.edel.fr\/en\/product\/kit-complet-mecanisme-double-disque-av-organique-2-butees-et-roulement-pilote-case-ih-o280-295-10-22-cannelures\/","og_locale":"en_US","og_type":"article","og_title":"Case Ih Embrayage Kit Complet - 845 523 553 554 623 624 644 - Edel","og_description":"Case Ih Embrayage Kit - Disque AV. Organique, 2 but\u00e9es et roulement pilote - \u00d8280\/295 - 523 553 554 623 624 644 645 654 724 734 743 744 745 754 824 834 844","og_url":"https:\/\/www.edel.fr\/en\/product\/kit-complet-mecanisme-double-disque-av-organique-2-butees-et-roulement-pilote-case-ih-o280-295-10-22-cannelures\/","og_site_name":"Edel","article_modified_time":"2026-04-01T01:00:20+00:00","og_image":[{"width":1920,"height":1920,"url":"https:\/\/www.edel.fr\/uploads\/2018\/11\/K03.jpg","type":"image\/jpeg"}],"twitter_card":"summary_large_image","twitter_misc":{"Est. reading time":"2 minutes"},"schema":{"@context":"https:\/\/schema.org","@graph":[{"@type":"WebPage","@id":"https:\/\/www.edel.fr\/produit\/kit-complet-mecanisme-double-disque-av-organique-2-butees-et-roulement-pilote-case-ih-o280-295-10-22-cannelures\/","url":"https:\/\/www.edel.fr\/produit\/kit-complet-mecanisme-double-disque-av-organique-2-butees-et-roulement-pilote-case-ih-o280-295-10-22-cannelures\/","name":"Case Ih Embrayage Kit Complet - 845 523 553 554 623 624 644 - Edel","isPartOf":{"@id":"https:\/\/www.edel.fr\/en\/#website"},"primaryImageOfPage":{"@id":"https:\/\/www.edel.fr\/produit\/kit-complet-mecanisme-double-disque-av-organique-2-butees-et-roulement-pilote-case-ih-o280-295-10-22-cannelures\/#primaryimage"},"image":{"@id":"https:\/\/www.edel.fr\/produit\/kit-complet-mecanisme-double-disque-av-organique-2-butees-et-roulement-pilote-case-ih-o280-295-10-22-cannelures\/#primaryimage"},"thumbnailUrl":"https:\/\/www.edel.fr\/uploads\/2018\/11\/K03.jpg","datePublished":"2019-03-11T08:24:39+00:00","dateModified":"2026-04-01T01:00:20+00:00","description":"Case Ih Embrayage Kit - Disque AV. Organique, 2 but\u00e9es et roulement pilote - \u00d8280\/295 - 523 553 554 623 624 644 645 654 724 734 743 744 745 754 824 834 844","breadcrumb":{"@id":"https:\/\/www.edel.fr\/produit\/kit-complet-mecanisme-double-disque-av-organique-2-butees-et-roulement-pilote-case-ih-o280-295-10-22-cannelures\/#breadcrumb"},"inLanguage":"en-US","potentialAction":[{"@type":"ReadAction","target":["https:\/\/www.edel.fr\/produit\/kit-complet-mecanisme-double-disque-av-organique-2-butees-et-roulement-pilote-case-ih-o280-295-10-22-cannelures\/"]}]},{"@type":"ImageObject","inLanguage":"en-US","@id":"https:\/\/www.edel.fr\/produit\/kit-complet-mecanisme-double-disque-av-organique-2-butees-et-roulement-pilote-case-ih-o280-295-10-22-cannelures\/#primaryimage","url":"https:\/\/www.edel.fr\/uploads\/2018\/11\/K03.jpg","contentUrl":"https:\/\/www.edel.fr\/uploads\/2018\/11\/K03.jpg","width":1920,"height":1920,"caption":"Case Ih Embrayage Kit Complet"},{"@type":"BreadcrumbList","@id":"https:\/\/www.edel.fr\/produit\/kit-complet-mecanisme-double-disque-av-organique-2-butees-et-roulement-pilote-case-ih-o280-295-10-22-cannelures\/#breadcrumb","itemListElement":[{"@type":"ListItem","position":1,"name":"Pi\u00e8ce Tracteur","item":"https:\/\/www.edel.fr\/en\/"},{"@type":"ListItem","position":2,"name":"Toutes nos pi\u00e8ces Tracteur","item":"https:\/\/edel.fr\/shop\/"},{"@type":"ListItem","position":3,"name":"Case Ih Embrayage Kit Complet &#8211; 845 523 553 554 623 624 644"}]},{"@type":"WebSite","@id":"https:\/\/www.edel.fr\/en\/#website","url":"https:\/\/www.edel.fr\/en\/","name":"Edel","description":"Pi\u00e8ce d\u00e9tach\u00e9e de Tracteur Agricole","publisher":{"@id":"https:\/\/www.edel.fr\/en\/#organization"},"potentialAction":[{"@type":"SearchAction","target":{"@type":"EntryPoint","urlTemplate":"https:\/\/www.edel.fr\/en\/?s={search_term_string}"},"query-input":{"@type":"PropertyValueSpecification","valueRequired":true,"valueName":"search_term_string"}}],"inLanguage":"en-US"},{"@type":"Organization","@id":"https:\/\/www.edel.fr\/en\/#organization","name":"Edel","url":"https:\/\/www.edel.fr\/en\/","logo":{"@type":"ImageObject","inLanguage":"en-US","@id":"https:\/\/www.edel.fr\/en\/#\/schema\/logo\/image\/","url":"https:\/\/www.edel.fr\/uploads\/2018\/11\/logo-edel.png","contentUrl":"https:\/\/www.edel.fr\/uploads\/2018\/11\/logo-edel.png","width":257,"height":68,"caption":"Edel"},"image":{"@id":"https:\/\/www.edel.fr\/en\/#\/schema\/logo\/image\/"}}]}},"_links":{"self":[{"href":"https:\/\/www.edel.fr\/en\/wp-json\/wp\/v2\/product\/5955","targetHints":{"allow":["GET"]}}],"collection":[{"href":"https:\/\/www.edel.fr\/en\/wp-json\/wp\/v2\/product"}],"about":[{"href":"https:\/\/www.edel.fr\/en\/wp-json\/wp\/v2\/types\/product"}],"version-history":[{"count":2,"href":"https:\/\/www.edel.fr\/en\/wp-json\/wp\/v2\/product\/5955\/revisions"}],"predecessor-version":[{"id":18212,"href":"https:\/\/www.edel.fr\/en\/wp-json\/wp\/v2\/product\/5955\/revisions\/18212"}],"wp:featuredmedia":[{"embeddable":true,"href":"https:\/\/www.edel.fr\/en\/wp-json\/wp\/v2\/media\/4299"}],"wp:attachment":[{"href":"https:\/\/www.edel.fr\/en\/wp-json\/wp\/v2\/media?parent=5955"}],"wp:term":[{"taxonomy":"product_brand","embeddable":true,"href":"https:\/\/www.edel.fr\/en\/wp-json\/wp\/v2\/product_brand?post=5955"},{"taxonomy":"product_cat","embeddable":true,"href":"https:\/\/www.edel.fr\/en\/wp-json\/wp\/v2\/product_cat?post=5955"},{"taxonomy":"product_tag","embeddable":true,"href":"https:\/\/www.edel.fr\/en\/wp-json\/wp\/v2\/product_tag?post=5955"},{"taxonomy":"tracteur","embeddable":true,"href":"https:\/\/www.edel.fr\/en\/wp-json\/wp\/v2\/tracteur?post=5955"}],"curies":[{"name":"wp","href":"https:\/\/api.w.org\/{rel}","templated":true}]}}