{"id":5944,"date":"2019-03-11T09:24:39","date_gmt":"2019-03-11T08:24:39","guid":{"rendered":"http:\/\/edel.stephanie.ct.webcd.lan\/shop\/demarreur-valmet-volt-kw-12-42\/"},"modified":"2026-03-17T02:00:41","modified_gmt":"2026-03-17T01:00:41","slug":"demarreur-valmet-volt-kw-12-42","status":"publish","type":"product","link":"https:\/\/www.edel.fr\/en\/product\/demarreur-valmet-volt-kw-12-42\/","title":{"rendered":"D\u00e9marreur &#8211; Valmet &#8211; 12 Volt \/ 4,2 Kw &#8211; Tracteur Agricole"},"content":{"rendered":"<div data-elementor-type=\"wp-post\" data-elementor-id=\"5944\" class=\"elementor elementor-5944\">\n\t\t\t\t\t\t<section class=\"elementor-section elementor-top-section elementor-element elementor-element-7a60c9fa elementor-section-boxed elementor-section-height-default elementor-section-height-default\" data-id=\"7a60c9fa\" data-element_type=\"section\" data-e-type=\"section\">\n\t\t\t\t\t\t<div class=\"elementor-container elementor-column-gap-default\">\n\t\t\t\t\t<div class=\"elementor-column elementor-col-100 elementor-top-column elementor-element elementor-element-5d6f12a0\" data-id=\"5d6f12a0\" data-element_type=\"column\" data-e-type=\"column\">\n\t\t\t<div class=\"elementor-widget-wrap elementor-element-populated\">\n\t\t\t\t\t\t<div class=\"elementor-element elementor-element-13d4bf23 elementor-widget elementor-widget-heading\" data-id=\"13d4bf23\" data-element_type=\"widget\" data-e-type=\"widget\" data-widget_type=\"heading.default\">\n\t\t\t\t<div class=\"elementor-widget-container\">\n\t\t\t\t\t<h2 class=\"elementor-heading-title elementor-size-default\">D\u00e9marreur - Valmet<\/h2>\t\t\t\t<\/div>\n\t\t\t\t<\/div>\n\t\t\t\t<div class=\"elementor-element elementor-element-44dd4c1c elementor-widget elementor-widget-heading\" data-id=\"44dd4c1c\" data-element_type=\"widget\" data-e-type=\"widget\" data-widget_type=\"heading.default\">\n\t\t\t\t<div class=\"elementor-widget-container\">\n\t\t\t\t\t<h3 class=\"elementor-heading-title elementor-size-default\">Information du produit :<\/h3>\t\t\t\t<\/div>\n\t\t\t\t<\/div>\n\t\t\t\t\t<\/div>\n\t\t<\/div>\n\t\t\t\t\t<\/div>\n\t\t<\/section>\n\t\t\t\t<section class=\"elementor-section elementor-top-section elementor-element elementor-element-482df3ec elementor-section-boxed elementor-section-height-default elementor-section-height-default\" data-id=\"482df3ec\" data-element_type=\"section\" data-e-type=\"section\">\n\t\t\t\t\t\t<div class=\"elementor-container elementor-column-gap-default\">\n\t\t\t\t\t<div class=\"elementor-column elementor-col-100 elementor-top-column elementor-element elementor-element-1385bb34\" data-id=\"1385bb34\" data-element_type=\"column\" data-e-type=\"column\">\n\t\t\t<div class=\"elementor-widget-wrap elementor-element-populated\">\n\t\t\t\t\t\t<div class=\"elementor-element elementor-element-47b76482 elementor-widget elementor-widget-text-editor\" data-id=\"47b76482\" data-element_type=\"widget\" data-e-type=\"widget\" data-widget_type=\"text-editor.default\">\n\t\t\t\t<div class=\"elementor-widget-container\">\n\t\t\t\t\t\t\t\t\t<p><strong>12 Volt \/ 4,2 Kw <\/strong><\/p><p>Le d\u00e9marreur de votre tracteur est indispensable, le tracteur ne pourra pas d\u00e9marrer correctement si le d\u00e9marreur n&rsquo;est pas fonctionnel. Il se pr\u00e9sente sous la forme d\u2019un petit moteur \u00e9lectrique, rattach\u00e9 au volant moteur. Il est directement aliment\u00e9 par la batterie et il a pour r\u00f4le de mettre en marche le moteur\u00a0de votre tracteur.<\/p><p>Pour trouver le bon <strong>d\u00e9marreur tracteur<\/strong> qui s\u2019adaptera au mieux \u00e0 votre engin agricole, il est \u00e9galement pr\u00e9f\u00e9rable de se r\u00e9f\u00e9rer \u00e0 sa r\u00e9f\u00e9rence d\u2019origine. Elle est en g\u00e9n\u00e9ral inscrite sur le d\u00e9marreur. Sans cette r\u00e9f\u00e9rence, il faudra vous appuyer sur la marque et le mod\u00e8le de votre <strong>tracteur agricole.<\/strong><\/p><p>Avant le d\u00e9montage de votre d\u00e9marreur, nous vous conseillons d&rsquo;abord de d\u00e9brancher votre batterie. Mais aussi de rep\u00e9rer les diff\u00e9rents branchements d\u2019alimentation du d\u00e9marreur.<\/p><p>Pour choisir son <strong>d\u00e9marreur de tracteur<\/strong>, il faut choisir entre les d\u00e9marreurs classiques ou les <strong>d\u00e9marreurs avec r\u00e9ducteur droit ou d\u00e9cal\u00e9.<\/strong><\/p><p>Il est possible de changer le d\u00e9marreur classique par un <strong>d\u00e9marreur avec r\u00e9ducteur.<\/strong> Par exemple, sur un <strong>tracteur ancien<\/strong>, cela lui simplifiera consid\u00e9rablement son d\u00e9marrage.<\/p><p>C\u2019est pourquoi nous vous proposons une pi\u00e8ce de marque\u00a0<a href=\"https:\/\/www.edel.fr\/en\/constructeur\/mahle\/\">Mahle<\/a>\u00a0\/\u00a0<a href=\"https:\/\/www.edel.fr\/en\/constructeur\/letrika\/\">Letrika<\/a>\u00a0reconnue pour sa fiabilit\u00e9.<\/p><p>D\u00e9marreur &#8211; Valmet : 6350, CVX 150, T131.<\/p><p><strong>R\u00e9f\u00e9rences constructeur\u00a0<\/strong><\/p><p>AGCO : 569 018 D1, 8368 730 88, 8368 734 57, V836866817, V836873457.<\/p><p>AGCO POWER (SISU DIESEL) : 8366 732 90, 8368 668 17.<\/p><p>BOSCH : 0001260025, 0001260026.<\/p><p>CASE : 4711 15 75, 8428 45 40.<\/p><p>CNH \/ FIAT AGRI : 162000090722, 87751000.<\/p><p>HESSTON : 8368 73290<\/p><p>LUCAS : LRS02361<\/p><p>NEW HOLLAND : 162000090722, 87693781, 87751000.<\/p><p>PRESTOLITE : 35259360<\/p><p>SPAREX : 36208<\/p><p>VALTRA (VALMET) : 89732200, VPF7263.<\/p><p>VALTRA DO BRASIL : 83646500, 89732200.<\/p><p>Edel vous propose \u00e9galement une large gamme de d\u00e9marreur pour des applications sp\u00e9cifiques, et de diff\u00e9rentes marques.<\/p><p>Donc, pour plus de renseignements, n\u2019h\u00e9sitez pas \u00e0 nous consulter !<\/p>\t\t\t\t\t\t\t\t<\/div>\n\t\t\t\t<\/div>\n\t\t\t\t\t<\/div>\n\t\t<\/div>\n\t\t\t\t\t<\/div>\n\t\t<\/section>\n\t\t\t\t<\/div>","protected":false},"excerpt":{"rendered":"<p>D\u00e9marreur &#8211; Valmet Information du produit : 12 Volt \/ 4,2 Kw Le d\u00e9marreur de votre tracteur est indispensable, le tracteur ne pourra pas d\u00e9marrer correctement si le d\u00e9marreur n&rsquo;est pas fonctionnel. Il se pr\u00e9sente sous la forme d\u2019un petit moteur \u00e9lectrique, rattach\u00e9 au volant moteur. Il est directement aliment\u00e9 par la batterie et il<br \/><a class=\"more-link\" href=\"https:\/\/www.edel.fr\/en\/product\/demarreur-valmet-volt-kw-12-42\/\"><br \/>\n        Read More<span class=\"screen-reader-text\"> \u00ab\u00a0D\u00e9marreur &#8211; Valmet &#8211; 12 Volt \/ 4,2 Kw &#8211; Tracteur Agricole\u00a0\u00bb<\/span><\/a><\/p>","protected":false},"featured_media":5672,"template":"","meta":[],"product_brand":[],"product_cat":[165,4014,154,119],"product_tag":[2460,180],"tracteur":[],"class_list":{"0":"post-5944","1":"product","2":"type-product","3":"status-publish","4":"has-post-thumbnail","6":"product_cat-demarreurs","7":"product_cat-demarreur-valmet","8":"product_cat-electricite","9":"product_cat-tracteurs-agricoles","10":"product_tag-demarreurs","11":"product_tag-electricite","12":"product_shipping_class-142","13":"pa_fabriquant-mahle","14":"pa_marque-tracteur-valtra-valmet","15":"pa_modele-tracteur-cs","16":"pa_type-2-2183","17":"pa_type-2-cvx-150","18":"pa_type-2-t131","19":"badges-style-2","21":"first","22":"instock","23":"taxable","24":"shipping-taxable","25":"purchasable","26":"product-type-simple"},"acf":[],"yoast_head":"<!-- This site is optimized with the Yoast SEO plugin v27.3 - https:\/\/yoast.com\/product\/yoast-seo-wordpress\/ -->\n<title>D\u00e9marreur - Valmet - 12 Volt \/ 4,2 Kw - Tracteur Agricole - Edel<\/title>\n<meta name=\"description\" content=\"D\u00e9marreur - Valmet - 12 Volt \/ 4,2 Kw - 6350 CVX 150 T131 - 89732200, VPF7263, 0001260025, 0001260026, 4711 15 75, 8428 45 40 - Tracteur Agricole\" \/>\n<meta name=\"robots\" content=\"index, follow, max-snippet:-1, max-image-preview:large, max-video-preview:-1\" \/>\n<link rel=\"canonical\" href=\"https:\/\/edel.fr\/produit\/demarreur-valmet-volt-kw-12-42\/\" \/>\n<meta property=\"og:locale\" content=\"en_US\" \/>\n<meta property=\"og:type\" content=\"article\" \/>\n<meta property=\"og:title\" content=\"D\u00e9marreur - Valmet - 12 Volt \/ 4,2 Kw - Tracteur Agricole - Edel\" \/>\n<meta property=\"og:description\" content=\"D\u00e9marreur - Valmet - 12 Volt \/ 4,2 Kw - 6350 CVX 150 T131 - 89732200, VPF7263, 0001260025, 0001260026, 4711 15 75, 8428 45 40 - Tracteur Agricole\" \/>\n<meta property=\"og:url\" content=\"https:\/\/edel.fr\/produit\/demarreur-valmet-volt-kw-12-42\/\" \/>\n<meta property=\"og:site_name\" content=\"Edel\" \/>\n<meta property=\"article:modified_time\" content=\"2026-03-17T01:00:41+00:00\" \/>\n<meta property=\"og:image\" content=\"https:\/\/edel.fr\/uploads\/2019\/03\/D49.jpg\" \/>\n\t<meta property=\"og:image:width\" content=\"1920\" \/>\n\t<meta property=\"og:image:height\" content=\"1280\" \/>\n\t<meta property=\"og:image:type\" content=\"image\/jpeg\" \/>\n<meta name=\"twitter:card\" content=\"summary_large_image\" \/>\n<meta name=\"twitter:label1\" content=\"Est. reading time\" \/>\n\t<meta name=\"twitter:data1\" content=\"2 minutes\" \/>\n<script type=\"application\/ld+json\" class=\"yoast-schema-graph\">{\"@context\":\"https:\\\/\\\/schema.org\",\"@graph\":[{\"@type\":\"WebPage\",\"@id\":\"https:\\\/\\\/edel.fr\\\/produit\\\/demarreur-valmet-volt-kw-12-42\\\/\",\"url\":\"https:\\\/\\\/edel.fr\\\/produit\\\/demarreur-valmet-volt-kw-12-42\\\/\",\"name\":\"D\u00e9marreur - Valmet - 12 Volt \\\/ 4,2 Kw - Tracteur Agricole - Edel\",\"isPartOf\":{\"@id\":\"https:\\\/\\\/www.edel.fr\\\/en\\\/#website\"},\"primaryImageOfPage\":{\"@id\":\"https:\\\/\\\/edel.fr\\\/produit\\\/demarreur-valmet-volt-kw-12-42\\\/#primaryimage\"},\"image\":{\"@id\":\"https:\\\/\\\/edel.fr\\\/produit\\\/demarreur-valmet-volt-kw-12-42\\\/#primaryimage\"},\"thumbnailUrl\":\"https:\\\/\\\/www.edel.fr\\\/uploads\\\/2019\\\/03\\\/D49.jpg\",\"datePublished\":\"2019-03-11T08:24:39+00:00\",\"dateModified\":\"2026-03-17T01:00:41+00:00\",\"description\":\"D\u00e9marreur - Valmet - 12 Volt \\\/ 4,2 Kw - 6350 CVX 150 T131 - 89732200, VPF7263, 0001260025, 0001260026, 4711 15 75, 8428 45 40 - Tracteur Agricole\",\"breadcrumb\":{\"@id\":\"https:\\\/\\\/edel.fr\\\/produit\\\/demarreur-valmet-volt-kw-12-42\\\/#breadcrumb\"},\"inLanguage\":\"en-US\",\"potentialAction\":[{\"@type\":\"ReadAction\",\"target\":[\"https:\\\/\\\/edel.fr\\\/produit\\\/demarreur-valmet-volt-kw-12-42\\\/\"]}]},{\"@type\":\"ImageObject\",\"inLanguage\":\"en-US\",\"@id\":\"https:\\\/\\\/edel.fr\\\/produit\\\/demarreur-valmet-volt-kw-12-42\\\/#primaryimage\",\"url\":\"https:\\\/\\\/www.edel.fr\\\/uploads\\\/2019\\\/03\\\/D49.jpg\",\"contentUrl\":\"https:\\\/\\\/www.edel.fr\\\/uploads\\\/2019\\\/03\\\/D49.jpg\",\"width\":1920,\"height\":1280,\"caption\":\"D\u00e9marreur Valmet - 12 Volt \\\/ 4,2 Kw - Tracteur Agricole\"},{\"@type\":\"BreadcrumbList\",\"@id\":\"https:\\\/\\\/edel.fr\\\/produit\\\/demarreur-valmet-volt-kw-12-42\\\/#breadcrumb\",\"itemListElement\":[{\"@type\":\"ListItem\",\"position\":1,\"name\":\"Pi\u00e8ce Tracteur\",\"item\":\"https:\\\/\\\/www.edel.fr\\\/en\\\/\"},{\"@type\":\"ListItem\",\"position\":2,\"name\":\"Toutes nos pi\u00e8ces Tracteur\",\"item\":\"https:\\\/\\\/edel.fr\\\/shop\\\/\"},{\"@type\":\"ListItem\",\"position\":3,\"name\":\"D\u00e9marreur &#8211; Valmet &#8211; 12 Volt \\\/ 4,2 Kw &#8211; Tracteur Agricole\"}]},{\"@type\":\"WebSite\",\"@id\":\"https:\\\/\\\/www.edel.fr\\\/en\\\/#website\",\"url\":\"https:\\\/\\\/www.edel.fr\\\/en\\\/\",\"name\":\"Edel\",\"description\":\"Pi\u00e8ce d\u00e9tach\u00e9e de Tracteur Agricole\",\"publisher\":{\"@id\":\"https:\\\/\\\/www.edel.fr\\\/en\\\/#organization\"},\"potentialAction\":[{\"@type\":\"SearchAction\",\"target\":{\"@type\":\"EntryPoint\",\"urlTemplate\":\"https:\\\/\\\/www.edel.fr\\\/en\\\/?s={search_term_string}\"},\"query-input\":{\"@type\":\"PropertyValueSpecification\",\"valueRequired\":true,\"valueName\":\"search_term_string\"}}],\"inLanguage\":\"en-US\"},{\"@type\":\"Organization\",\"@id\":\"https:\\\/\\\/www.edel.fr\\\/en\\\/#organization\",\"name\":\"Edel\",\"url\":\"https:\\\/\\\/www.edel.fr\\\/en\\\/\",\"logo\":{\"@type\":\"ImageObject\",\"inLanguage\":\"en-US\",\"@id\":\"https:\\\/\\\/www.edel.fr\\\/en\\\/#\\\/schema\\\/logo\\\/image\\\/\",\"url\":\"https:\\\/\\\/www.edel.fr\\\/uploads\\\/2018\\\/11\\\/logo-edel.png\",\"contentUrl\":\"https:\\\/\\\/www.edel.fr\\\/uploads\\\/2018\\\/11\\\/logo-edel.png\",\"width\":257,\"height\":68,\"caption\":\"Edel\"},\"image\":{\"@id\":\"https:\\\/\\\/www.edel.fr\\\/en\\\/#\\\/schema\\\/logo\\\/image\\\/\"}}]}<\/script>\n<!-- \/ Yoast SEO plugin. -->","yoast_head_json":{"title":"D\u00e9marreur - Valmet - 12 Volt \/ 4,2 Kw - Tracteur Agricole - Edel","description":"D\u00e9marreur - Valmet - 12 Volt \/ 4,2 Kw - 6350 CVX 150 T131 - 89732200, VPF7263, 0001260025, 0001260026, 4711 15 75, 8428 45 40 - Tracteur Agricole","robots":{"index":"index","follow":"follow","max-snippet":"max-snippet:-1","max-image-preview":"max-image-preview:large","max-video-preview":"max-video-preview:-1"},"canonical":"https:\/\/edel.fr\/produit\/demarreur-valmet-volt-kw-12-42\/","og_locale":"en_US","og_type":"article","og_title":"D\u00e9marreur - Valmet - 12 Volt \/ 4,2 Kw - Tracteur Agricole - Edel","og_description":"D\u00e9marreur - Valmet - 12 Volt \/ 4,2 Kw - 6350 CVX 150 T131 - 89732200, VPF7263, 0001260025, 0001260026, 4711 15 75, 8428 45 40 - Tracteur Agricole","og_url":"https:\/\/edel.fr\/produit\/demarreur-valmet-volt-kw-12-42\/","og_site_name":"Edel","article_modified_time":"2026-03-17T01:00:41+00:00","og_image":[{"width":1920,"height":1280,"url":"https:\/\/edel.fr\/uploads\/2019\/03\/D49.jpg","type":"image\/jpeg"}],"twitter_card":"summary_large_image","twitter_misc":{"Est. reading time":"2 minutes"},"schema":{"@context":"https:\/\/schema.org","@graph":[{"@type":"WebPage","@id":"https:\/\/edel.fr\/produit\/demarreur-valmet-volt-kw-12-42\/","url":"https:\/\/edel.fr\/produit\/demarreur-valmet-volt-kw-12-42\/","name":"D\u00e9marreur - Valmet - 12 Volt \/ 4,2 Kw - Tracteur Agricole - Edel","isPartOf":{"@id":"https:\/\/www.edel.fr\/en\/#website"},"primaryImageOfPage":{"@id":"https:\/\/edel.fr\/produit\/demarreur-valmet-volt-kw-12-42\/#primaryimage"},"image":{"@id":"https:\/\/edel.fr\/produit\/demarreur-valmet-volt-kw-12-42\/#primaryimage"},"thumbnailUrl":"https:\/\/www.edel.fr\/uploads\/2019\/03\/D49.jpg","datePublished":"2019-03-11T08:24:39+00:00","dateModified":"2026-03-17T01:00:41+00:00","description":"D\u00e9marreur - Valmet - 12 Volt \/ 4,2 Kw - 6350 CVX 150 T131 - 89732200, VPF7263, 0001260025, 0001260026, 4711 15 75, 8428 45 40 - Tracteur Agricole","breadcrumb":{"@id":"https:\/\/edel.fr\/produit\/demarreur-valmet-volt-kw-12-42\/#breadcrumb"},"inLanguage":"en-US","potentialAction":[{"@type":"ReadAction","target":["https:\/\/edel.fr\/produit\/demarreur-valmet-volt-kw-12-42\/"]}]},{"@type":"ImageObject","inLanguage":"en-US","@id":"https:\/\/edel.fr\/produit\/demarreur-valmet-volt-kw-12-42\/#primaryimage","url":"https:\/\/www.edel.fr\/uploads\/2019\/03\/D49.jpg","contentUrl":"https:\/\/www.edel.fr\/uploads\/2019\/03\/D49.jpg","width":1920,"height":1280,"caption":"D\u00e9marreur Valmet - 12 Volt \/ 4,2 Kw - Tracteur Agricole"},{"@type":"BreadcrumbList","@id":"https:\/\/edel.fr\/produit\/demarreur-valmet-volt-kw-12-42\/#breadcrumb","itemListElement":[{"@type":"ListItem","position":1,"name":"Pi\u00e8ce Tracteur","item":"https:\/\/www.edel.fr\/en\/"},{"@type":"ListItem","position":2,"name":"Toutes nos pi\u00e8ces Tracteur","item":"https:\/\/edel.fr\/shop\/"},{"@type":"ListItem","position":3,"name":"D\u00e9marreur &#8211; Valmet &#8211; 12 Volt \/ 4,2 Kw &#8211; Tracteur Agricole"}]},{"@type":"WebSite","@id":"https:\/\/www.edel.fr\/en\/#website","url":"https:\/\/www.edel.fr\/en\/","name":"Edel","description":"Pi\u00e8ce d\u00e9tach\u00e9e de Tracteur Agricole","publisher":{"@id":"https:\/\/www.edel.fr\/en\/#organization"},"potentialAction":[{"@type":"SearchAction","target":{"@type":"EntryPoint","urlTemplate":"https:\/\/www.edel.fr\/en\/?s={search_term_string}"},"query-input":{"@type":"PropertyValueSpecification","valueRequired":true,"valueName":"search_term_string"}}],"inLanguage":"en-US"},{"@type":"Organization","@id":"https:\/\/www.edel.fr\/en\/#organization","name":"Edel","url":"https:\/\/www.edel.fr\/en\/","logo":{"@type":"ImageObject","inLanguage":"en-US","@id":"https:\/\/www.edel.fr\/en\/#\/schema\/logo\/image\/","url":"https:\/\/www.edel.fr\/uploads\/2018\/11\/logo-edel.png","contentUrl":"https:\/\/www.edel.fr\/uploads\/2018\/11\/logo-edel.png","width":257,"height":68,"caption":"Edel"},"image":{"@id":"https:\/\/www.edel.fr\/en\/#\/schema\/logo\/image\/"}}]}},"_links":{"self":[{"href":"https:\/\/www.edel.fr\/en\/wp-json\/wp\/v2\/product\/5944","targetHints":{"allow":["GET"]}}],"collection":[{"href":"https:\/\/www.edel.fr\/en\/wp-json\/wp\/v2\/product"}],"about":[{"href":"https:\/\/www.edel.fr\/en\/wp-json\/wp\/v2\/types\/product"}],"version-history":[{"count":2,"href":"https:\/\/www.edel.fr\/en\/wp-json\/wp\/v2\/product\/5944\/revisions"}],"predecessor-version":[{"id":15122,"href":"https:\/\/www.edel.fr\/en\/wp-json\/wp\/v2\/product\/5944\/revisions\/15122"}],"wp:featuredmedia":[{"embeddable":true,"href":"https:\/\/www.edel.fr\/en\/wp-json\/wp\/v2\/media\/5672"}],"wp:attachment":[{"href":"https:\/\/www.edel.fr\/en\/wp-json\/wp\/v2\/media?parent=5944"}],"wp:term":[{"taxonomy":"product_brand","embeddable":true,"href":"https:\/\/www.edel.fr\/en\/wp-json\/wp\/v2\/product_brand?post=5944"},{"taxonomy":"product_cat","embeddable":true,"href":"https:\/\/www.edel.fr\/en\/wp-json\/wp\/v2\/product_cat?post=5944"},{"taxonomy":"product_tag","embeddable":true,"href":"https:\/\/www.edel.fr\/en\/wp-json\/wp\/v2\/product_tag?post=5944"},{"taxonomy":"tracteur","embeddable":true,"href":"https:\/\/www.edel.fr\/en\/wp-json\/wp\/v2\/tracteur?post=5944"}],"curies":[{"name":"wp","href":"https:\/\/api.w.org\/{rel}","templated":true}]}}