{"id":5939,"date":"2019-03-11T09:24:31","date_gmt":"2019-03-11T08:24:31","guid":{"rendered":"http:\/\/edel.stephanie.ct.webcd.lan\/shop\/demarreur-case-ihfiat-new-hollandmassey-ferguson-volt-kw-12-3-fixation-a-droite\/"},"modified":"2026-03-31T03:00:40","modified_gmt":"2026-03-31T01:00:40","slug":"demarreur-case-ihfiat-new-hollandmassey-ferguson-volt-kw-12-3-fixation-a-droite","status":"publish","type":"product","link":"https:\/\/www.edel.fr\/en\/product\/demarreur-case-ihfiat-new-hollandmassey-ferguson-volt-kw-12-3-fixation-a-droite\/","title":{"rendered":"D\u00e9marreur | Case Ih, Fiat, Massey Ferg. &#8211; 12V\/3Kw, Fixation \u00e0 droite"},"content":{"rendered":"<div data-elementor-type=\"wp-post\" data-elementor-id=\"5939\" class=\"elementor elementor-5939\">\n\t\t\t\t\t\t<section class=\"elementor-section elementor-top-section elementor-element elementor-element-20e02dae elementor-section-boxed elementor-section-height-default elementor-section-height-default\" data-id=\"20e02dae\" data-element_type=\"section\" data-e-type=\"section\">\n\t\t\t\t\t\t<div class=\"elementor-container elementor-column-gap-default\">\n\t\t\t\t\t<div class=\"elementor-column elementor-col-100 elementor-top-column elementor-element elementor-element-1539122\" data-id=\"1539122\" data-element_type=\"column\" data-e-type=\"column\">\n\t\t\t<div class=\"elementor-widget-wrap elementor-element-populated\">\n\t\t\t\t\t\t<div class=\"elementor-element elementor-element-d6fa490 elementor-widget elementor-widget-heading\" data-id=\"d6fa490\" data-element_type=\"widget\" data-e-type=\"widget\" data-widget_type=\"heading.default\">\n\t\t\t\t<div class=\"elementor-widget-container\">\n\t\t\t\t\t<h2 class=\"elementor-heading-title elementor-size-default\">D\u00e9marreur | Case Ih, JCB, Landini, Manitou<\/h2>\t\t\t\t<\/div>\n\t\t\t\t<\/div>\n\t\t\t\t<div class=\"elementor-element elementor-element-1398fa61 elementor-widget elementor-widget-heading\" data-id=\"1398fa61\" data-element_type=\"widget\" data-e-type=\"widget\" data-widget_type=\"heading.default\">\n\t\t\t\t<div class=\"elementor-widget-container\">\n\t\t\t\t\t<h3 class=\"elementor-heading-title elementor-size-default\">Information du produit :<\/h3>\t\t\t\t<\/div>\n\t\t\t\t<\/div>\n\t\t\t\t\t<\/div>\n\t\t<\/div>\n\t\t\t\t\t<\/div>\n\t\t<\/section>\n\t\t\t\t<section class=\"elementor-section elementor-top-section elementor-element elementor-element-592b46ef elementor-section-boxed elementor-section-height-default elementor-section-height-default\" data-id=\"592b46ef\" data-element_type=\"section\" data-e-type=\"section\">\n\t\t\t\t\t\t<div class=\"elementor-container elementor-column-gap-default\">\n\t\t\t\t\t<div class=\"elementor-column elementor-col-100 elementor-top-column elementor-element elementor-element-1407a4ee\" data-id=\"1407a4ee\" data-element_type=\"column\" data-e-type=\"column\">\n\t\t\t<div class=\"elementor-widget-wrap elementor-element-populated\">\n\t\t\t\t\t\t<div class=\"elementor-element elementor-element-27cfa33b elementor-widget elementor-widget-text-editor\" data-id=\"27cfa33b\" data-element_type=\"widget\" data-e-type=\"widget\" data-widget_type=\"text-editor.default\">\n\t\t\t\t<div class=\"elementor-widget-container\">\n\t\t\t\t\t\t\t\t\t<p><strong>12 Volt \/ 3 Kw, Moteur Perkins \u00e0 r\u00e9ducteur<\/strong><\/p><p>Le d\u00e9marreur de votre tracteur est indispensable, le tracteur ne pourra pas d\u00e9marrer correctement si le d\u00e9marreur n&rsquo;est pas fonctionnel. Il se pr\u00e9sente sous la forme d\u2019un petit moteur \u00e9lectrique, rattach\u00e9 au volant moteur. Il est directement aliment\u00e9 par la batterie et il a pour r\u00f4le de mettre en marche le moteur\u00a0de votre tracteur.<\/p><p>Pour trouver le bon <strong>d\u00e9marreur tracteur<\/strong> qui s\u2019adaptera au mieux \u00e0 votre engin agricole, il est \u00e9galement pr\u00e9f\u00e9rable de se r\u00e9f\u00e9rer \u00e0 sa r\u00e9f\u00e9rence d\u2019origine. Elle est en g\u00e9n\u00e9ral inscrite sur le d\u00e9marreur. Sans cette r\u00e9f\u00e9rence, il faudra vous appuyer sur la marque et le mod\u00e8le de votre <strong>tracteur agricole.<\/strong><\/p><p>Avant le d\u00e9montage de votre d\u00e9marreur, nous vous conseillons d&rsquo;abord de d\u00e9brancher votre batterie. Mais aussi de rep\u00e9rer les diff\u00e9rents branchements d\u2019alimentation du d\u00e9marreur.<\/p><p>Pour choisir son <strong>d\u00e9marreur de tracteur<\/strong>, il faut choisir entre les d\u00e9marreurs classiques ou les <strong>d\u00e9marreurs avec r\u00e9ducteur droit ou d\u00e9cal\u00e9.<\/strong><\/p><p>Il est possible de changer le d\u00e9marreur classique par un <strong>d\u00e9marreur avec r\u00e9ducteur.<\/strong> Par exemple, sur un <strong>tracteur ancien<\/strong>, cela lui simplifiera consid\u00e9rablement son d\u00e9marrage.<\/p><p>C\u2019est pourquoi nous vous proposons une pi\u00e8ce de marque\u00a0<a href=\"https:\/\/www.edel.fr\/en\/constructeur\/mahle\/\">Mahle<\/a>\u00a0\/\u00a0<a href=\"https:\/\/www.edel.fr\/en\/constructeur\/letrika\/\">Letrika<\/a>\u00a0reconnue pour sa fiabilit\u00e9.<\/p><p>Case Ih, Fiat New Holland, Massey Ferguson : 6465, 7485, 8220, 8247, 8260, CX50, CX60, Merlo Telescopic, MLT628, P337, TL80.<\/p><h3><strong>R\u00e9f\u00e9rences constructeur\u00a0<\/strong><\/h3><p>BOSCH : 0986018151<\/p><p>HELLA : 8EA 730 209-001, 8EA 730 219-001, CS 693, CS 703.<\/p><p>JCB : 714\/29300R<\/p><p>LANDINI : 3551 773 M91, 3648 190 M91.<\/p><p>LESTER : 17649<\/p><p>LINDE : 0009710184<\/p><p>LUCAS : 27 518, 27 520, 27 570, 27 588, LRS00124, LRS00161, LRS00195, LRS00968, NSB 524, NSB 529.<\/p><p>MAGNETI MARELLI : 542 932 84, 632 274 78, 632 274 86, 632 275 18, 632 275 20, 632 275 85, 632 275 88, 632 275 96, 632 963 57, 9432 262 94, 9432 263 29, 9432 263 48, 9432 263 57, 9432 263 66, 9432 275 02, 9432 275 18, 9432 275 20, 9432 275 24, 9432 275 70, 9432 275 72, 9432 520 75, 9432 520 76, MSN 180, MSN 191.<\/p><p>MASSEY-FERGUSON : 1447 773 R1, 2873 001 T.<\/p><p>PERKINS : 1446 802 M91, 1447 732 M1, 1447 732 R1, 2873001, 2873A030, 2873A102, 2873B056, 2873B071, 3581 576 M1, 3581 576 R1.<\/p><p>Edel vous propose \u00e9galement une large gamme de d\u00e9marreur pour des applications sp\u00e9cifiques, et de diff\u00e9rentes marques.<\/p><p>Donc, pour plus de renseignements, n\u2019h\u00e9sitez pas \u00e0 nous consulter !<\/p>\t\t\t\t\t\t\t\t<\/div>\n\t\t\t\t<\/div>\n\t\t\t\t\t<\/div>\n\t\t<\/div>\n\t\t\t\t\t<\/div>\n\t\t<\/section>\n\t\t\t\t<\/div>","protected":false},"excerpt":{"rendered":"<p>D\u00e9marreur | Case Ih, JCB, Landini, Manitou Information du produit : 12 Volt \/ 3 Kw, Moteur Perkins \u00e0 r\u00e9ducteur Le d\u00e9marreur de votre tracteur est indispensable, le tracteur ne pourra pas d\u00e9marrer correctement si le d\u00e9marreur n&rsquo;est pas fonctionnel. Il se pr\u00e9sente sous la forme d\u2019un petit moteur \u00e9lectrique, rattach\u00e9 au volant moteur. Il<br \/><a class=\"more-link\" href=\"https:\/\/www.edel.fr\/en\/product\/demarreur-case-ihfiat-new-hollandmassey-ferguson-volt-kw-12-3-fixation-a-droite\/\"><br \/>\n        Read More<span class=\"screen-reader-text\"> \u00ab\u00a0D\u00e9marreur | Case Ih, Fiat, Massey Ferg. &#8211; 12V\/3Kw, Fixation \u00e0 droite\u00a0\u00bb<\/span><\/a><\/p>","protected":false},"featured_media":5669,"template":"","meta":[],"product_brand":[],"product_cat":[3994,3998,4007,165,154,119],"product_tag":[2460,180],"tracteur":[],"class_list":{"0":"post-5939","1":"product","2":"type-product","3":"status-publish","4":"has-post-thumbnail","6":"product_cat-demarreur-case-ih","7":"product_cat-demarreur-fiat-new-holland","8":"product_cat-demarreur-massey-ferguson","9":"product_cat-demarreurs","10":"product_cat-electricite","11":"product_cat-tracteurs-agricoles","12":"product_tag-demarreurs","13":"product_tag-electricite","14":"product_shipping_class-142","15":"pa_fabriquant-mahle","16":"pa_marque-tracteur-case-ih","17":"pa_marque-tracteur-fiat-new-holland","18":"pa_marque-tracteur-massey-ferguson","19":"pa_modele-tracteur-cx","20":"pa_modele-tracteur-largo","21":"pa_modele-tracteur-merlo","22":"pa_modele-tracteur-mlt","23":"pa_type-2-1716","24":"pa_type-2-1719","25":"pa_type-2-2220","26":"pa_type-2-2221","27":"pa_type-2-1703","28":"pa_type-2-cx50","29":"pa_type-2-cx60","30":"pa_type-2-merlo-telescopic","31":"pa_type-2-mlt628","32":"pa_type-2-p337","33":"pa_type-2-tl80","34":"badges-style-2","36":"first","37":"instock","38":"taxable","39":"shipping-taxable","40":"purchasable","41":"product-type-simple"},"acf":[],"yoast_head":"<!-- This site is optimized with the Yoast SEO plugin v27.3 - https:\/\/yoast.com\/product\/yoast-seo-wordpress\/ -->\n<title>D\u00e9marreur | Case Ih, Fiat, Massey Ferg. - 12V\/3Kw, Fixation \u00e0 droite - Edel<\/title>\n<meta name=\"description\" content=\"D\u00e9marreur | Case Ih, Fiat New Holland, Massey Ferguson - 12V\/3Kw, Fixation \u00e0 droite - 6465 7485 8220 8247 8260 CX50 CX60 Merlo Telescopic MLT628 P337 TL80\" \/>\n<meta name=\"robots\" content=\"index, follow, max-snippet:-1, max-image-preview:large, max-video-preview:-1\" \/>\n<link rel=\"canonical\" href=\"http:\/\/edel.fr\/en\/product\/demarreur-case-ihfiat-new-hollandmassey-ferguson-volt-kw-12-3-fixation-a-droite\/\" \/>\n<meta property=\"og:locale\" content=\"en_US\" \/>\n<meta property=\"og:type\" content=\"article\" \/>\n<meta property=\"og:title\" content=\"D\u00e9marreur | Case Ih, Fiat, Massey Ferg. - 12V\/3Kw, Fixation \u00e0 droite - Edel\" \/>\n<meta property=\"og:description\" content=\"D\u00e9marreur | Case Ih, Fiat New Holland, Massey Ferguson - 12V\/3Kw, Fixation \u00e0 droite - 6465 7485 8220 8247 8260 CX50 CX60 Merlo Telescopic MLT628 P337 TL80\" \/>\n<meta property=\"og:url\" content=\"http:\/\/edel.fr\/en\/product\/demarreur-case-ihfiat-new-hollandmassey-ferguson-volt-kw-12-3-fixation-a-droite\/\" \/>\n<meta property=\"og:site_name\" content=\"Edel\" \/>\n<meta property=\"article:modified_time\" content=\"2026-03-31T01:00:40+00:00\" \/>\n<meta property=\"og:image\" content=\"http:\/\/edel.fr\/uploads\/2019\/03\/D44.jpg\" \/>\n\t<meta property=\"og:image:width\" content=\"1920\" \/>\n\t<meta property=\"og:image:height\" content=\"1280\" \/>\n\t<meta property=\"og:image:type\" content=\"image\/jpeg\" \/>\n<meta name=\"twitter:card\" content=\"summary_large_image\" \/>\n<meta name=\"twitter:label1\" content=\"Est. reading time\" \/>\n\t<meta name=\"twitter:data1\" content=\"3 minutes\" \/>\n<script type=\"application\/ld+json\" class=\"yoast-schema-graph\">{\"@context\":\"https:\\\/\\\/schema.org\",\"@graph\":[{\"@type\":\"WebPage\",\"@id\":\"http:\\\/\\\/edel.fr\\\/en\\\/product\\\/demarreur-case-ihfiat-new-hollandmassey-ferguson-volt-kw-12-3-fixation-a-droite\\\/\",\"url\":\"http:\\\/\\\/edel.fr\\\/en\\\/product\\\/demarreur-case-ihfiat-new-hollandmassey-ferguson-volt-kw-12-3-fixation-a-droite\\\/\",\"name\":\"D\u00e9marreur | Case Ih, Fiat, Massey Ferg. - 12V\\\/3Kw, Fixation \u00e0 droite - Edel\",\"isPartOf\":{\"@id\":\"http:\\\/\\\/www.edel.fr\\\/en\\\/#website\"},\"primaryImageOfPage\":{\"@id\":\"http:\\\/\\\/edel.fr\\\/en\\\/product\\\/demarreur-case-ihfiat-new-hollandmassey-ferguson-volt-kw-12-3-fixation-a-droite\\\/#primaryimage\"},\"image\":{\"@id\":\"http:\\\/\\\/edel.fr\\\/en\\\/product\\\/demarreur-case-ihfiat-new-hollandmassey-ferguson-volt-kw-12-3-fixation-a-droite\\\/#primaryimage\"},\"thumbnailUrl\":\"https:\\\/\\\/www.edel.fr\\\/uploads\\\/2019\\\/03\\\/D44.jpg\",\"datePublished\":\"2019-03-11T08:24:31+00:00\",\"dateModified\":\"2026-03-31T01:00:40+00:00\",\"description\":\"D\u00e9marreur | Case Ih, Fiat New Holland, Massey Ferguson - 12V\\\/3Kw, Fixation \u00e0 droite - 6465 7485 8220 8247 8260 CX50 CX60 Merlo Telescopic MLT628 P337 TL80\",\"breadcrumb\":{\"@id\":\"http:\\\/\\\/edel.fr\\\/en\\\/product\\\/demarreur-case-ihfiat-new-hollandmassey-ferguson-volt-kw-12-3-fixation-a-droite\\\/#breadcrumb\"},\"inLanguage\":\"en-US\",\"potentialAction\":[{\"@type\":\"ReadAction\",\"target\":[\"http:\\\/\\\/edel.fr\\\/en\\\/product\\\/demarreur-case-ihfiat-new-hollandmassey-ferguson-volt-kw-12-3-fixation-a-droite\\\/\"]}]},{\"@type\":\"ImageObject\",\"inLanguage\":\"en-US\",\"@id\":\"http:\\\/\\\/edel.fr\\\/en\\\/product\\\/demarreur-case-ihfiat-new-hollandmassey-ferguson-volt-kw-12-3-fixation-a-droite\\\/#primaryimage\",\"url\":\"https:\\\/\\\/www.edel.fr\\\/uploads\\\/2019\\\/03\\\/D44.jpg\",\"contentUrl\":\"https:\\\/\\\/www.edel.fr\\\/uploads\\\/2019\\\/03\\\/D44.jpg\",\"width\":1920,\"height\":1280,\"caption\":\"D\u00e9marreur Case Ih, Fiat, Massey Ferg. - 12V\\\/3Kw, Fixation \u00e0 droite\"},{\"@type\":\"BreadcrumbList\",\"@id\":\"http:\\\/\\\/edel.fr\\\/en\\\/product\\\/demarreur-case-ihfiat-new-hollandmassey-ferguson-volt-kw-12-3-fixation-a-droite\\\/#breadcrumb\",\"itemListElement\":[{\"@type\":\"ListItem\",\"position\":1,\"name\":\"Pi\u00e8ce Tracteur\",\"item\":\"http:\\\/\\\/www.edel.fr\\\/en\\\/\"},{\"@type\":\"ListItem\",\"position\":2,\"name\":\"Toutes nos pi\u00e8ces Tracteur\",\"item\":\"https:\\\/\\\/edel.fr\\\/shop\\\/\"},{\"@type\":\"ListItem\",\"position\":3,\"name\":\"D\u00e9marreur | Case Ih, Fiat, Massey Ferg. &#8211; 12V\\\/3Kw, Fixation \u00e0 droite\"}]},{\"@type\":\"WebSite\",\"@id\":\"http:\\\/\\\/www.edel.fr\\\/en\\\/#website\",\"url\":\"http:\\\/\\\/www.edel.fr\\\/en\\\/\",\"name\":\"Edel\",\"description\":\"Pi\u00e8ce d\u00e9tach\u00e9e de Tracteur Agricole\",\"publisher\":{\"@id\":\"http:\\\/\\\/www.edel.fr\\\/en\\\/#organization\"},\"potentialAction\":[{\"@type\":\"SearchAction\",\"target\":{\"@type\":\"EntryPoint\",\"urlTemplate\":\"http:\\\/\\\/www.edel.fr\\\/en\\\/?s={search_term_string}\"},\"query-input\":{\"@type\":\"PropertyValueSpecification\",\"valueRequired\":true,\"valueName\":\"search_term_string\"}}],\"inLanguage\":\"en-US\"},{\"@type\":\"Organization\",\"@id\":\"http:\\\/\\\/www.edel.fr\\\/en\\\/#organization\",\"name\":\"Edel\",\"url\":\"http:\\\/\\\/www.edel.fr\\\/en\\\/\",\"logo\":{\"@type\":\"ImageObject\",\"inLanguage\":\"en-US\",\"@id\":\"http:\\\/\\\/www.edel.fr\\\/en\\\/#\\\/schema\\\/logo\\\/image\\\/\",\"url\":\"https:\\\/\\\/www.edel.fr\\\/uploads\\\/2018\\\/11\\\/logo-edel.png\",\"contentUrl\":\"https:\\\/\\\/www.edel.fr\\\/uploads\\\/2018\\\/11\\\/logo-edel.png\",\"width\":257,\"height\":68,\"caption\":\"Edel\"},\"image\":{\"@id\":\"http:\\\/\\\/www.edel.fr\\\/en\\\/#\\\/schema\\\/logo\\\/image\\\/\"}}]}<\/script>\n<!-- \/ Yoast SEO plugin. -->","yoast_head_json":{"title":"D\u00e9marreur | Case Ih, Fiat, Massey Ferg. - 12V\/3Kw, Fixation \u00e0 droite - Edel","description":"D\u00e9marreur | Case Ih, Fiat New Holland, Massey Ferguson - 12V\/3Kw, Fixation \u00e0 droite - 6465 7485 8220 8247 8260 CX50 CX60 Merlo Telescopic MLT628 P337 TL80","robots":{"index":"index","follow":"follow","max-snippet":"max-snippet:-1","max-image-preview":"max-image-preview:large","max-video-preview":"max-video-preview:-1"},"canonical":"http:\/\/edel.fr\/en\/product\/demarreur-case-ihfiat-new-hollandmassey-ferguson-volt-kw-12-3-fixation-a-droite\/","og_locale":"en_US","og_type":"article","og_title":"D\u00e9marreur | Case Ih, Fiat, Massey Ferg. - 12V\/3Kw, Fixation \u00e0 droite - Edel","og_description":"D\u00e9marreur | Case Ih, Fiat New Holland, Massey Ferguson - 12V\/3Kw, Fixation \u00e0 droite - 6465 7485 8220 8247 8260 CX50 CX60 Merlo Telescopic MLT628 P337 TL80","og_url":"http:\/\/edel.fr\/en\/product\/demarreur-case-ihfiat-new-hollandmassey-ferguson-volt-kw-12-3-fixation-a-droite\/","og_site_name":"Edel","article_modified_time":"2026-03-31T01:00:40+00:00","og_image":[{"width":1920,"height":1280,"url":"http:\/\/edel.fr\/uploads\/2019\/03\/D44.jpg","type":"image\/jpeg"}],"twitter_card":"summary_large_image","twitter_misc":{"Est. reading time":"3 minutes"},"schema":{"@context":"https:\/\/schema.org","@graph":[{"@type":"WebPage","@id":"http:\/\/edel.fr\/en\/product\/demarreur-case-ihfiat-new-hollandmassey-ferguson-volt-kw-12-3-fixation-a-droite\/","url":"http:\/\/edel.fr\/en\/product\/demarreur-case-ihfiat-new-hollandmassey-ferguson-volt-kw-12-3-fixation-a-droite\/","name":"D\u00e9marreur | Case Ih, Fiat, Massey Ferg. - 12V\/3Kw, Fixation \u00e0 droite - Edel","isPartOf":{"@id":"http:\/\/www.edel.fr\/en\/#website"},"primaryImageOfPage":{"@id":"http:\/\/edel.fr\/en\/product\/demarreur-case-ihfiat-new-hollandmassey-ferguson-volt-kw-12-3-fixation-a-droite\/#primaryimage"},"image":{"@id":"http:\/\/edel.fr\/en\/product\/demarreur-case-ihfiat-new-hollandmassey-ferguson-volt-kw-12-3-fixation-a-droite\/#primaryimage"},"thumbnailUrl":"https:\/\/www.edel.fr\/uploads\/2019\/03\/D44.jpg","datePublished":"2019-03-11T08:24:31+00:00","dateModified":"2026-03-31T01:00:40+00:00","description":"D\u00e9marreur | Case Ih, Fiat New Holland, Massey Ferguson - 12V\/3Kw, Fixation \u00e0 droite - 6465 7485 8220 8247 8260 CX50 CX60 Merlo Telescopic MLT628 P337 TL80","breadcrumb":{"@id":"http:\/\/edel.fr\/en\/product\/demarreur-case-ihfiat-new-hollandmassey-ferguson-volt-kw-12-3-fixation-a-droite\/#breadcrumb"},"inLanguage":"en-US","potentialAction":[{"@type":"ReadAction","target":["http:\/\/edel.fr\/en\/product\/demarreur-case-ihfiat-new-hollandmassey-ferguson-volt-kw-12-3-fixation-a-droite\/"]}]},{"@type":"ImageObject","inLanguage":"en-US","@id":"http:\/\/edel.fr\/en\/product\/demarreur-case-ihfiat-new-hollandmassey-ferguson-volt-kw-12-3-fixation-a-droite\/#primaryimage","url":"https:\/\/www.edel.fr\/uploads\/2019\/03\/D44.jpg","contentUrl":"https:\/\/www.edel.fr\/uploads\/2019\/03\/D44.jpg","width":1920,"height":1280,"caption":"D\u00e9marreur Case Ih, Fiat, Massey Ferg. - 12V\/3Kw, Fixation \u00e0 droite"},{"@type":"BreadcrumbList","@id":"http:\/\/edel.fr\/en\/product\/demarreur-case-ihfiat-new-hollandmassey-ferguson-volt-kw-12-3-fixation-a-droite\/#breadcrumb","itemListElement":[{"@type":"ListItem","position":1,"name":"Pi\u00e8ce Tracteur","item":"http:\/\/www.edel.fr\/en\/"},{"@type":"ListItem","position":2,"name":"Toutes nos pi\u00e8ces Tracteur","item":"https:\/\/edel.fr\/shop\/"},{"@type":"ListItem","position":3,"name":"D\u00e9marreur | Case Ih, Fiat, Massey Ferg. &#8211; 12V\/3Kw, Fixation \u00e0 droite"}]},{"@type":"WebSite","@id":"http:\/\/www.edel.fr\/en\/#website","url":"http:\/\/www.edel.fr\/en\/","name":"Edel","description":"Pi\u00e8ce d\u00e9tach\u00e9e de Tracteur Agricole","publisher":{"@id":"http:\/\/www.edel.fr\/en\/#organization"},"potentialAction":[{"@type":"SearchAction","target":{"@type":"EntryPoint","urlTemplate":"http:\/\/www.edel.fr\/en\/?s={search_term_string}"},"query-input":{"@type":"PropertyValueSpecification","valueRequired":true,"valueName":"search_term_string"}}],"inLanguage":"en-US"},{"@type":"Organization","@id":"http:\/\/www.edel.fr\/en\/#organization","name":"Edel","url":"http:\/\/www.edel.fr\/en\/","logo":{"@type":"ImageObject","inLanguage":"en-US","@id":"http:\/\/www.edel.fr\/en\/#\/schema\/logo\/image\/","url":"https:\/\/www.edel.fr\/uploads\/2018\/11\/logo-edel.png","contentUrl":"https:\/\/www.edel.fr\/uploads\/2018\/11\/logo-edel.png","width":257,"height":68,"caption":"Edel"},"image":{"@id":"http:\/\/www.edel.fr\/en\/#\/schema\/logo\/image\/"}}]}},"_links":{"self":[{"href":"https:\/\/www.edel.fr\/en\/wp-json\/wp\/v2\/product\/5939","targetHints":{"allow":["GET"]}}],"collection":[{"href":"https:\/\/www.edel.fr\/en\/wp-json\/wp\/v2\/product"}],"about":[{"href":"https:\/\/www.edel.fr\/en\/wp-json\/wp\/v2\/types\/product"}],"version-history":[{"count":2,"href":"https:\/\/www.edel.fr\/en\/wp-json\/wp\/v2\/product\/5939\/revisions"}],"predecessor-version":[{"id":15081,"href":"https:\/\/www.edel.fr\/en\/wp-json\/wp\/v2\/product\/5939\/revisions\/15081"}],"wp:featuredmedia":[{"embeddable":true,"href":"https:\/\/www.edel.fr\/en\/wp-json\/wp\/v2\/media\/5669"}],"wp:attachment":[{"href":"https:\/\/www.edel.fr\/en\/wp-json\/wp\/v2\/media?parent=5939"}],"wp:term":[{"taxonomy":"product_brand","embeddable":true,"href":"https:\/\/www.edel.fr\/en\/wp-json\/wp\/v2\/product_brand?post=5939"},{"taxonomy":"product_cat","embeddable":true,"href":"https:\/\/www.edel.fr\/en\/wp-json\/wp\/v2\/product_cat?post=5939"},{"taxonomy":"product_tag","embeddable":true,"href":"https:\/\/www.edel.fr\/en\/wp-json\/wp\/v2\/product_tag?post=5939"},{"taxonomy":"tracteur","embeddable":true,"href":"https:\/\/www.edel.fr\/en\/wp-json\/wp\/v2\/tracteur?post=5939"}],"curies":[{"name":"wp","href":"https:\/\/api.w.org\/{rel}","templated":true}]}}