{"id":5935,"date":"2019-03-11T09:24:31","date_gmt":"2019-03-11T08:24:31","guid":{"rendered":"http:\/\/edel.stephanie.ct.webcd.lan\/shop\/demarreur-landinirenault-claas-volt-kw-12-27-moteur-3-cylindres-court-fixation-a-droitevolt-kw-12-27-moteur-3-cylindres-court-fixation-a-droite\/"},"modified":"2026-02-04T02:00:26","modified_gmt":"2026-02-04T01:00:26","slug":"demarreur-landinirenault-claas-volt-kw-12-27-moteur-3-cylindres-court-fixation-a-droite","status":"publish","type":"product","link":"https:\/\/www.edel.fr\/en\/product\/demarreur-landinirenault-claas-volt-kw-12-27-moteur-3-cylindres-court-fixation-a-droite\/","title":{"rendered":"D\u00e9marreur &#8211; Landini,Renault Claas &#8211; Volt\/Kw 12\/2,7 Moteur 3 Cylindres court Fixation \u00e0 droite"},"content":{"rendered":"<p>Votre d\u00e9marreur fournit l\u2019\u00e9nergie \u00e9lectrique \u00e0 votre moteur, il permet d\u2019assister le moteur dans sa phase de d\u00e9marrage.Nous vous proposons une pi\u00e8ce de marque Mahle \/ Letrika reconnue pour sa fiabilit\u00e9.<\/p>","protected":false},"excerpt":{"rendered":"<p>Votre d\u00e9marreur fournit l\u2019\u00e9nergie \u00e9lectrique \u00e0 votre moteur, il permet d\u2019assister le moteur dans sa phase de d\u00e9marrage.Nous vous proposons une pi\u00e8ce de marque Mahle \/ Letrika reconnue pour sa fiabilit\u00e9.<\/p>","protected":false},"featured_media":0,"template":"","meta":[],"product_brand":[],"product_cat":[4005,4011,165,154,119],"product_tag":[2460,180],"tracteur":[],"class_list":{"0":"post-5935","1":"product","2":"type-product","3":"status-publish","5":"product_cat-demarreur-landini","6":"product_cat-demarreur-renault-claas","7":"product_cat-demarreurs","8":"product_cat-electricite","9":"product_cat-tracteurs-agricoles","10":"product_tag-demarreurs","11":"product_tag-electricite","12":"product_shipping_class-142","13":"pa_fabriquant-mahle","14":"pa_marque-tracteur-landini","15":"pa_marque-tracteur-renault-claas","16":"pa_modele-tracteur-blizard","17":"pa_modele-tracteur-carraro","18":"pa_type-2-501-4","19":"pa_type-2-1391","20":"pa_type-2-1671","21":"pa_type-2-2209","22":"pa_type-2-blizard-60","23":"pa_type-2-carraro-301","24":"badges-style-2","26":"first","27":"outofstock","28":"taxable","29":"shipping-taxable","30":"purchasable","31":"product-type-simple"},"acf":[],"yoast_head":"<!-- This site is optimized with the Yoast SEO plugin v27.3 - https:\/\/yoast.com\/product\/yoast-seo-wordpress\/ -->\n<title>D\u00e9marreur - Landini,Renault Claas - Volt\/Kw 12\/2,7 Moteur 3 Cylindres court Fixation \u00e0 droite - Edel<\/title>\n<meta name=\"robots\" content=\"index, follow, max-snippet:-1, max-image-preview:large, max-video-preview:-1\" \/>\n<link rel=\"canonical\" href=\"https:\/\/www.edel.fr\/en\/product\/demarreur-landinirenault-claas-volt-kw-12-27-moteur-3-cylindres-court-fixation-a-droite\/\" \/>\n<meta property=\"og:locale\" content=\"en_US\" \/>\n<meta property=\"og:type\" content=\"article\" \/>\n<meta property=\"og:title\" content=\"D\u00e9marreur - Landini,Renault Claas - Volt\/Kw 12\/2,7 Moteur 3 Cylindres court Fixation \u00e0 droite - Edel\" \/>\n<meta property=\"og:description\" content=\"Votre d\u00e9marreur fournit l\u2019\u00e9nergie \u00e9lectrique \u00e0 votre moteur, il permet d\u2019assister le moteur dans sa phase de d\u00e9marrage.Nous vous proposons une pi\u00e8ce de marque Mahle \/ Letrika reconnue pour sa fiabilit\u00e9.\" \/>\n<meta property=\"og:url\" content=\"https:\/\/www.edel.fr\/en\/product\/demarreur-landinirenault-claas-volt-kw-12-27-moteur-3-cylindres-court-fixation-a-droite\/\" \/>\n<meta property=\"og:site_name\" content=\"Edel\" \/>\n<meta property=\"article:modified_time\" content=\"2026-02-04T01:00:26+00:00\" \/>\n<meta name=\"twitter:card\" content=\"summary_large_image\" \/>\n<meta name=\"twitter:label1\" content=\"Est. reading time\" \/>\n\t<meta name=\"twitter:data1\" content=\"1 minute\" \/>\n<script type=\"application\/ld+json\" class=\"yoast-schema-graph\">{\"@context\":\"https:\\\/\\\/schema.org\",\"@graph\":[{\"@type\":\"WebPage\",\"@id\":\"https:\\\/\\\/www.edel.fr\\\/en\\\/product\\\/demarreur-landinirenault-claas-volt-kw-12-27-moteur-3-cylindres-court-fixation-a-droite\\\/\",\"url\":\"https:\\\/\\\/www.edel.fr\\\/en\\\/product\\\/demarreur-landinirenault-claas-volt-kw-12-27-moteur-3-cylindres-court-fixation-a-droite\\\/\",\"name\":\"D\u00e9marreur - Landini,Renault Claas - Volt\\\/Kw 12\\\/2,7 Moteur 3 Cylindres court Fixation \u00e0 droite - Edel\",\"isPartOf\":{\"@id\":\"http:\\\/\\\/www.edel.fr\\\/en\\\/#website\"},\"datePublished\":\"2019-03-11T08:24:31+00:00\",\"dateModified\":\"2026-02-04T01:00:26+00:00\",\"breadcrumb\":{\"@id\":\"https:\\\/\\\/www.edel.fr\\\/en\\\/product\\\/demarreur-landinirenault-claas-volt-kw-12-27-moteur-3-cylindres-court-fixation-a-droite\\\/#breadcrumb\"},\"inLanguage\":\"en-US\",\"potentialAction\":[{\"@type\":\"ReadAction\",\"target\":[\"https:\\\/\\\/www.edel.fr\\\/en\\\/product\\\/demarreur-landinirenault-claas-volt-kw-12-27-moteur-3-cylindres-court-fixation-a-droite\\\/\"]}]},{\"@type\":\"BreadcrumbList\",\"@id\":\"https:\\\/\\\/www.edel.fr\\\/en\\\/product\\\/demarreur-landinirenault-claas-volt-kw-12-27-moteur-3-cylindres-court-fixation-a-droite\\\/#breadcrumb\",\"itemListElement\":[{\"@type\":\"ListItem\",\"position\":1,\"name\":\"Pi\u00e8ce Tracteur\",\"item\":\"http:\\\/\\\/www.edel.fr\\\/en\\\/\"},{\"@type\":\"ListItem\",\"position\":2,\"name\":\"Toutes nos pi\u00e8ces Tracteur\",\"item\":\"https:\\\/\\\/edel.fr\\\/shop\\\/\"},{\"@type\":\"ListItem\",\"position\":3,\"name\":\"D\u00e9marreur &#8211; Landini,Renault Claas &#8211; Volt\\\/Kw 12\\\/2,7 Moteur 3 Cylindres court Fixation \u00e0 droite\"}]},{\"@type\":\"WebSite\",\"@id\":\"http:\\\/\\\/www.edel.fr\\\/en\\\/#website\",\"url\":\"http:\\\/\\\/www.edel.fr\\\/en\\\/\",\"name\":\"Edel\",\"description\":\"Pi\u00e8ce d\u00e9tach\u00e9e de Tracteur Agricole\",\"publisher\":{\"@id\":\"http:\\\/\\\/www.edel.fr\\\/en\\\/#organization\"},\"potentialAction\":[{\"@type\":\"SearchAction\",\"target\":{\"@type\":\"EntryPoint\",\"urlTemplate\":\"http:\\\/\\\/www.edel.fr\\\/en\\\/?s={search_term_string}\"},\"query-input\":{\"@type\":\"PropertyValueSpecification\",\"valueRequired\":true,\"valueName\":\"search_term_string\"}}],\"inLanguage\":\"en-US\"},{\"@type\":\"Organization\",\"@id\":\"http:\\\/\\\/www.edel.fr\\\/en\\\/#organization\",\"name\":\"Edel\",\"url\":\"http:\\\/\\\/www.edel.fr\\\/en\\\/\",\"logo\":{\"@type\":\"ImageObject\",\"inLanguage\":\"en-US\",\"@id\":\"http:\\\/\\\/www.edel.fr\\\/en\\\/#\\\/schema\\\/logo\\\/image\\\/\",\"url\":\"https:\\\/\\\/www.edel.fr\\\/uploads\\\/2018\\\/11\\\/logo-edel.png\",\"contentUrl\":\"https:\\\/\\\/www.edel.fr\\\/uploads\\\/2018\\\/11\\\/logo-edel.png\",\"width\":257,\"height\":68,\"caption\":\"Edel\"},\"image\":{\"@id\":\"http:\\\/\\\/www.edel.fr\\\/en\\\/#\\\/schema\\\/logo\\\/image\\\/\"}}]}<\/script>\n<!-- \/ Yoast SEO plugin. -->","yoast_head_json":{"title":"D\u00e9marreur - Landini,Renault Claas - Volt\/Kw 12\/2,7 Moteur 3 Cylindres court Fixation \u00e0 droite - Edel","robots":{"index":"index","follow":"follow","max-snippet":"max-snippet:-1","max-image-preview":"max-image-preview:large","max-video-preview":"max-video-preview:-1"},"canonical":"https:\/\/www.edel.fr\/en\/product\/demarreur-landinirenault-claas-volt-kw-12-27-moteur-3-cylindres-court-fixation-a-droite\/","og_locale":"en_US","og_type":"article","og_title":"D\u00e9marreur - Landini,Renault Claas - Volt\/Kw 12\/2,7 Moteur 3 Cylindres court Fixation \u00e0 droite - Edel","og_description":"Votre d\u00e9marreur fournit l\u2019\u00e9nergie \u00e9lectrique \u00e0 votre moteur, il permet d\u2019assister le moteur dans sa phase de d\u00e9marrage.Nous vous proposons une pi\u00e8ce de marque Mahle \/ Letrika reconnue pour sa fiabilit\u00e9.","og_url":"https:\/\/www.edel.fr\/en\/product\/demarreur-landinirenault-claas-volt-kw-12-27-moteur-3-cylindres-court-fixation-a-droite\/","og_site_name":"Edel","article_modified_time":"2026-02-04T01:00:26+00:00","twitter_card":"summary_large_image","twitter_misc":{"Est. reading time":"1 minute"},"schema":{"@context":"https:\/\/schema.org","@graph":[{"@type":"WebPage","@id":"https:\/\/www.edel.fr\/en\/product\/demarreur-landinirenault-claas-volt-kw-12-27-moteur-3-cylindres-court-fixation-a-droite\/","url":"https:\/\/www.edel.fr\/en\/product\/demarreur-landinirenault-claas-volt-kw-12-27-moteur-3-cylindres-court-fixation-a-droite\/","name":"D\u00e9marreur - Landini,Renault Claas - Volt\/Kw 12\/2,7 Moteur 3 Cylindres court Fixation \u00e0 droite - Edel","isPartOf":{"@id":"http:\/\/www.edel.fr\/en\/#website"},"datePublished":"2019-03-11T08:24:31+00:00","dateModified":"2026-02-04T01:00:26+00:00","breadcrumb":{"@id":"https:\/\/www.edel.fr\/en\/product\/demarreur-landinirenault-claas-volt-kw-12-27-moteur-3-cylindres-court-fixation-a-droite\/#breadcrumb"},"inLanguage":"en-US","potentialAction":[{"@type":"ReadAction","target":["https:\/\/www.edel.fr\/en\/product\/demarreur-landinirenault-claas-volt-kw-12-27-moteur-3-cylindres-court-fixation-a-droite\/"]}]},{"@type":"BreadcrumbList","@id":"https:\/\/www.edel.fr\/en\/product\/demarreur-landinirenault-claas-volt-kw-12-27-moteur-3-cylindres-court-fixation-a-droite\/#breadcrumb","itemListElement":[{"@type":"ListItem","position":1,"name":"Pi\u00e8ce Tracteur","item":"http:\/\/www.edel.fr\/en\/"},{"@type":"ListItem","position":2,"name":"Toutes nos pi\u00e8ces Tracteur","item":"https:\/\/edel.fr\/shop\/"},{"@type":"ListItem","position":3,"name":"D\u00e9marreur &#8211; Landini,Renault Claas &#8211; Volt\/Kw 12\/2,7 Moteur 3 Cylindres court Fixation \u00e0 droite"}]},{"@type":"WebSite","@id":"http:\/\/www.edel.fr\/en\/#website","url":"http:\/\/www.edel.fr\/en\/","name":"Edel","description":"Pi\u00e8ce d\u00e9tach\u00e9e de Tracteur Agricole","publisher":{"@id":"http:\/\/www.edel.fr\/en\/#organization"},"potentialAction":[{"@type":"SearchAction","target":{"@type":"EntryPoint","urlTemplate":"http:\/\/www.edel.fr\/en\/?s={search_term_string}"},"query-input":{"@type":"PropertyValueSpecification","valueRequired":true,"valueName":"search_term_string"}}],"inLanguage":"en-US"},{"@type":"Organization","@id":"http:\/\/www.edel.fr\/en\/#organization","name":"Edel","url":"http:\/\/www.edel.fr\/en\/","logo":{"@type":"ImageObject","inLanguage":"en-US","@id":"http:\/\/www.edel.fr\/en\/#\/schema\/logo\/image\/","url":"https:\/\/www.edel.fr\/uploads\/2018\/11\/logo-edel.png","contentUrl":"https:\/\/www.edel.fr\/uploads\/2018\/11\/logo-edel.png","width":257,"height":68,"caption":"Edel"},"image":{"@id":"http:\/\/www.edel.fr\/en\/#\/schema\/logo\/image\/"}}]}},"_links":{"self":[{"href":"https:\/\/www.edel.fr\/en\/wp-json\/wp\/v2\/product\/5935","targetHints":{"allow":["GET"]}}],"collection":[{"href":"https:\/\/www.edel.fr\/en\/wp-json\/wp\/v2\/product"}],"about":[{"href":"https:\/\/www.edel.fr\/en\/wp-json\/wp\/v2\/types\/product"}],"version-history":[{"count":1,"href":"https:\/\/www.edel.fr\/en\/wp-json\/wp\/v2\/product\/5935\/revisions"}],"predecessor-version":[{"id":6162,"href":"https:\/\/www.edel.fr\/en\/wp-json\/wp\/v2\/product\/5935\/revisions\/6162"}],"wp:attachment":[{"href":"https:\/\/www.edel.fr\/en\/wp-json\/wp\/v2\/media?parent=5935"}],"wp:term":[{"taxonomy":"product_brand","embeddable":true,"href":"https:\/\/www.edel.fr\/en\/wp-json\/wp\/v2\/product_brand?post=5935"},{"taxonomy":"product_cat","embeddable":true,"href":"https:\/\/www.edel.fr\/en\/wp-json\/wp\/v2\/product_cat?post=5935"},{"taxonomy":"product_tag","embeddable":true,"href":"https:\/\/www.edel.fr\/en\/wp-json\/wp\/v2\/product_tag?post=5935"},{"taxonomy":"tracteur","embeddable":true,"href":"https:\/\/www.edel.fr\/en\/wp-json\/wp\/v2\/tracteur?post=5935"}],"curies":[{"name":"wp","href":"https:\/\/api.w.org\/{rel}","templated":true}]}}