{"id":5934,"date":"2019-03-11T09:24:31","date_gmt":"2019-03-11T08:24:31","guid":{"rendered":"http:\/\/edel.stephanie.ct.webcd.lan\/shop\/demarreur-fendt-volt-kw-24-4-moteur-man-fixation-a-gauche\/"},"modified":"2026-02-04T02:00:40","modified_gmt":"2026-02-04T01:00:40","slug":"demarreur-fendt-volt-kw-24-4-moteur-man-fixation-a-gauche","status":"publish","type":"product","link":"https:\/\/www.edel.fr\/en\/product\/demarreur-fendt-volt-kw-24-4-moteur-man-fixation-a-gauche\/","title":{"rendered":"D\u00e9marreur Fendt &#8211; 24 Volt \/ 4 Kw, Moteur MAN Fixation \u00e0 gauche"},"content":{"rendered":"<div data-elementor-type=\"wp-post\" data-elementor-id=\"5934\" class=\"elementor elementor-5934\">\n\t\t\t\t\t\t<section class=\"elementor-section elementor-top-section elementor-element elementor-element-18a094d8 elementor-section-boxed elementor-section-height-default elementor-section-height-default\" data-id=\"18a094d8\" data-element_type=\"section\" data-e-type=\"section\">\n\t\t\t\t\t\t<div class=\"elementor-container elementor-column-gap-default\">\n\t\t\t\t\t<div class=\"elementor-column elementor-col-100 elementor-top-column elementor-element elementor-element-6efd1771\" data-id=\"6efd1771\" data-element_type=\"column\" data-e-type=\"column\">\n\t\t\t<div class=\"elementor-widget-wrap elementor-element-populated\">\n\t\t\t\t\t\t<div class=\"elementor-element elementor-element-426bc916 elementor-widget elementor-widget-heading\" data-id=\"426bc916\" data-element_type=\"widget\" data-e-type=\"widget\" data-widget_type=\"heading.default\">\n\t\t\t\t<div class=\"elementor-widget-container\">\n\t\t\t\t\t<h2 class=\"elementor-heading-title elementor-size-default\">D\u00e9marreur Fendt<\/h2>\t\t\t\t<\/div>\n\t\t\t\t<\/div>\n\t\t\t\t<div class=\"elementor-element elementor-element-ac72129 elementor-widget elementor-widget-heading\" data-id=\"ac72129\" data-element_type=\"widget\" data-e-type=\"widget\" data-widget_type=\"heading.default\">\n\t\t\t\t<div class=\"elementor-widget-container\">\n\t\t\t\t\t<h3 class=\"elementor-heading-title elementor-size-default\">Information du produit :<\/h3>\t\t\t\t<\/div>\n\t\t\t\t<\/div>\n\t\t\t\t\t<\/div>\n\t\t<\/div>\n\t\t\t\t\t<\/div>\n\t\t<\/section>\n\t\t\t\t<section class=\"elementor-section elementor-top-section elementor-element elementor-element-2f72f070 elementor-section-boxed elementor-section-height-default elementor-section-height-default\" data-id=\"2f72f070\" data-element_type=\"section\" data-e-type=\"section\">\n\t\t\t\t\t\t<div class=\"elementor-container elementor-column-gap-default\">\n\t\t\t\t\t<div class=\"elementor-column elementor-col-100 elementor-top-column elementor-element elementor-element-1a49bd26\" data-id=\"1a49bd26\" data-element_type=\"column\" data-e-type=\"column\">\n\t\t\t<div class=\"elementor-widget-wrap elementor-element-populated\">\n\t\t\t\t\t\t<div class=\"elementor-element elementor-element-4ec18a37 elementor-widget elementor-widget-text-editor\" data-id=\"4ec18a37\" data-element_type=\"widget\" data-e-type=\"widget\" data-widget_type=\"text-editor.default\">\n\t\t\t\t<div class=\"elementor-widget-container\">\n\t\t\t\t\t\t\t\t\t<p><strong>24 Volt \/ 4 Kw, Moteur MAN Fixation \u00e0 gauche<\/strong><\/p><p>Le d\u00e9marreur de votre tracteur est indispensable, le tracteur ne pourra pas d\u00e9marrer correctement si le d\u00e9marreur n&rsquo;est pas fonctionnel. Il se pr\u00e9sente sous la forme d\u2019un petit moteur \u00e9lectrique, rattach\u00e9 au volant moteur. Il est directement aliment\u00e9 par la batterie et il a pour r\u00f4le de mettre en marche le moteur\u00a0de votre tracteur.<\/p><p>Pour trouver le bon <strong>d\u00e9marreur tracteur<\/strong> qui s\u2019adaptera au mieux \u00e0 votre engin agricole, il est \u00e9galement pr\u00e9f\u00e9rable de se r\u00e9f\u00e9rer \u00e0 sa r\u00e9f\u00e9rence d\u2019origine. Elle est en g\u00e9n\u00e9ral inscrite sur le d\u00e9marreur. Sans cette r\u00e9f\u00e9rence, il faudra vous appuyer sur la marque et le mod\u00e8le de votre <strong>tracteur agricole.<\/strong><\/p><p>Avant le d\u00e9montage de votre d\u00e9marreur, nous vous conseillons d&rsquo;abord de d\u00e9brancher votre batterie. Mais aussi de rep\u00e9rer les diff\u00e9rents branchements d\u2019alimentation du d\u00e9marreur.<\/p><p>Pour choisir son <strong>d\u00e9marreur de tracteur<\/strong>, il faut choisir entre les d\u00e9marreurs classiques ou les <strong>d\u00e9marreurs avec r\u00e9ducteur droit ou d\u00e9cal\u00e9.<\/strong><\/p><p>Il est possible de changer le d\u00e9marreur classique par un <strong>d\u00e9marreur avec r\u00e9ducteur.<\/strong> Par exemple, sur un <strong>tracteur ancien<\/strong>, cela lui simplifiera consid\u00e9rablement son d\u00e9marrage.<\/p><p>C\u2019est pourquoi nous vous proposons une pi\u00e8ce de marque\u00a0<a href=\"https:\/\/www.edel.fr\/en\/constructeur\/mahle\/\">Mahle<\/a>\u00a0\/\u00a0<a href=\"https:\/\/www.edel.fr\/en\/constructeur\/letrika\/\">Letrika<\/a>\u00a0reconnue pour sa fiabilit\u00e9.<\/p><p>Fendt : 816, 818, 822, 824, 826, 916, 918, 920, 924, 926.<\/p><h4><strong>R\u00e9f\u00e9rences constructeur\u00a0<\/strong><\/h4><p>AGCO : F926 900 060 130<\/p><p>BOSCH : 0001231007, 0001231019, 0001231030, 0001231119, 0001368056, 0001368310, 0986017870, 0986018990.<\/p><p>DAF : 1516694R<\/p><p>DELCO REMY : 19024286, DRS3720.<\/p><p>FENDT : F 524 900 060 050, F 926 900 060 041.<\/p><p>HELLA : 8EA 737 912-001, CS 1243.<\/p><p>LESTER : 30105, 30124, 30126.<\/p><p>LUCAS : LRS01943, LRS01970.<\/p><p>MAN : 51 26201 7143, 51 26201 7157, 51 26201 7183, 51 26201 7189, 51 26201 7192, 51 26201 7210, 51 26201 7213, 51 26201 7245, 51 26201 9118, 51 26201 9143, 51 26201 9157, 51 26201 9183, 51 26201 9213.<\/p><p>SPAREX : 39908<\/p><p>VALEO : 458 335, 458 843.<\/p><p>Edel vous propose \u00e9galement une large gamme de d\u00e9marreur pour des applications sp\u00e9cifiques, et de diff\u00e9rentes marques.<\/p><p>Donc, pour plus de renseignements, n\u2019h\u00e9sitez pas \u00e0 nous consulter !<\/p>\t\t\t\t\t\t\t\t<\/div>\n\t\t\t\t<\/div>\n\t\t\t\t\t<\/div>\n\t\t<\/div>\n\t\t\t\t\t<\/div>\n\t\t<\/section>\n\t\t\t\t<\/div>","protected":false},"excerpt":{"rendered":"<p>D\u00e9marreur Fendt Information du produit : 24 Volt \/ 4 Kw, Moteur MAN Fixation \u00e0 gauche Le d\u00e9marreur de votre tracteur est indispensable, le tracteur ne pourra pas d\u00e9marrer correctement si le d\u00e9marreur n&rsquo;est pas fonctionnel. Il se pr\u00e9sente sous la forme d\u2019un petit moteur \u00e9lectrique, rattach\u00e9 au volant moteur. Il est directement aliment\u00e9 par<br \/><a class=\"more-link\" href=\"https:\/\/www.edel.fr\/en\/product\/demarreur-fendt-volt-kw-24-4-moteur-man-fixation-a-gauche\/\"><br \/>\n        Read More<span class=\"screen-reader-text\"> \u00ab\u00a0D\u00e9marreur Fendt &#8211; 24 Volt \/ 4 Kw, Moteur MAN Fixation \u00e0 gauche\u00a0\u00bb<\/span><\/a><\/p>","protected":false},"featured_media":5665,"template":"","meta":[],"product_brand":[],"product_cat":[3997,165,154,119],"product_tag":[2460,180],"tracteur":[],"class_list":{"0":"post-5934","1":"product","2":"type-product","3":"status-publish","4":"has-post-thumbnail","6":"product_cat-demarreur-fendt","7":"product_cat-demarreurs","8":"product_cat-electricite","9":"product_cat-tracteurs-agricoles","10":"product_tag-demarreurs","11":"product_tag-electricite","12":"product_shipping_class-142","13":"pa_fabriquant-mahle","14":"pa_marque-tracteur-fendt","15":"pa_type-2-1800","16":"pa_type-2-1744","17":"pa_type-2-2204","18":"pa_type-2-2205","19":"pa_type-2-1796","20":"pa_type-2-1836","21":"pa_type-2-2206","22":"pa_type-2-1797","23":"pa_type-2-2207","24":"pa_type-2-1798","25":"badges-style-2","27":"first","28":"outofstock","29":"taxable","30":"shipping-taxable","31":"purchasable","32":"product-type-simple"},"acf":[],"yoast_head":"<!-- This site is optimized with the Yoast SEO plugin v27.3 - https:\/\/yoast.com\/product\/yoast-seo-wordpress\/ -->\n<title>D\u00e9marreur Fendt - 24 Volt \/ 4 Kw, Moteur MAN Fixation \u00e0 gauche - Edel<\/title>\n<meta name=\"description\" content=\"D\u00e9marreur Fendt - 24 Volt \/ 4 Kw, Moteur MAN Fixation \u00e0 gauche - 816 818 822 824 826 916 918 920 924 926 - Tracteur Agricole\" \/>\n<meta name=\"robots\" content=\"index, follow, max-snippet:-1, max-image-preview:large, max-video-preview:-1\" \/>\n<link rel=\"canonical\" href=\"http:\/\/edel.fr\/produit\/demarreur-fendt-volt-kw-24-4-moteur-man-fixation-a-gauche\/\" \/>\n<meta property=\"og:locale\" content=\"en_US\" \/>\n<meta property=\"og:type\" content=\"article\" \/>\n<meta property=\"og:title\" content=\"D\u00e9marreur Fendt - 24 Volt \/ 4 Kw, Moteur MAN Fixation \u00e0 gauche - Edel\" \/>\n<meta property=\"og:description\" content=\"D\u00e9marreur Fendt - 24 Volt \/ 4 Kw, Moteur MAN Fixation \u00e0 gauche - 816 818 822 824 826 916 918 920 924 926 - Tracteur Agricole\" \/>\n<meta property=\"og:url\" content=\"http:\/\/edel.fr\/produit\/demarreur-fendt-volt-kw-24-4-moteur-man-fixation-a-gauche\/\" \/>\n<meta property=\"og:site_name\" content=\"Edel\" \/>\n<meta property=\"article:modified_time\" content=\"2026-02-04T01:00:40+00:00\" \/>\n<meta property=\"og:image\" content=\"http:\/\/edel.fr\/uploads\/2019\/03\/D39.jpg\" \/>\n\t<meta property=\"og:image:width\" content=\"1920\" \/>\n\t<meta property=\"og:image:height\" content=\"1280\" \/>\n\t<meta property=\"og:image:type\" content=\"image\/jpeg\" \/>\n<meta name=\"twitter:card\" content=\"summary_large_image\" \/>\n<meta name=\"twitter:label1\" content=\"Est. reading time\" \/>\n\t<meta name=\"twitter:data1\" content=\"2 minutes\" \/>\n<script type=\"application\/ld+json\" class=\"yoast-schema-graph\">{\"@context\":\"https:\\\/\\\/schema.org\",\"@graph\":[{\"@type\":\"WebPage\",\"@id\":\"http:\\\/\\\/edel.fr\\\/produit\\\/demarreur-fendt-volt-kw-24-4-moteur-man-fixation-a-gauche\\\/\",\"url\":\"http:\\\/\\\/edel.fr\\\/produit\\\/demarreur-fendt-volt-kw-24-4-moteur-man-fixation-a-gauche\\\/\",\"name\":\"D\u00e9marreur Fendt - 24 Volt \\\/ 4 Kw, Moteur MAN Fixation \u00e0 gauche - Edel\",\"isPartOf\":{\"@id\":\"https:\\\/\\\/www.edel.fr\\\/en\\\/#website\"},\"primaryImageOfPage\":{\"@id\":\"http:\\\/\\\/edel.fr\\\/produit\\\/demarreur-fendt-volt-kw-24-4-moteur-man-fixation-a-gauche\\\/#primaryimage\"},\"image\":{\"@id\":\"http:\\\/\\\/edel.fr\\\/produit\\\/demarreur-fendt-volt-kw-24-4-moteur-man-fixation-a-gauche\\\/#primaryimage\"},\"thumbnailUrl\":\"https:\\\/\\\/www.edel.fr\\\/uploads\\\/2019\\\/03\\\/D39.jpg\",\"datePublished\":\"2019-03-11T08:24:31+00:00\",\"dateModified\":\"2026-02-04T01:00:40+00:00\",\"description\":\"D\u00e9marreur Fendt - 24 Volt \\\/ 4 Kw, Moteur MAN Fixation \u00e0 gauche - 816 818 822 824 826 916 918 920 924 926 - Tracteur Agricole\",\"breadcrumb\":{\"@id\":\"http:\\\/\\\/edel.fr\\\/produit\\\/demarreur-fendt-volt-kw-24-4-moteur-man-fixation-a-gauche\\\/#breadcrumb\"},\"inLanguage\":\"en-US\",\"potentialAction\":[{\"@type\":\"ReadAction\",\"target\":[\"http:\\\/\\\/edel.fr\\\/produit\\\/demarreur-fendt-volt-kw-24-4-moteur-man-fixation-a-gauche\\\/\"]}]},{\"@type\":\"ImageObject\",\"inLanguage\":\"en-US\",\"@id\":\"http:\\\/\\\/edel.fr\\\/produit\\\/demarreur-fendt-volt-kw-24-4-moteur-man-fixation-a-gauche\\\/#primaryimage\",\"url\":\"https:\\\/\\\/www.edel.fr\\\/uploads\\\/2019\\\/03\\\/D39.jpg\",\"contentUrl\":\"https:\\\/\\\/www.edel.fr\\\/uploads\\\/2019\\\/03\\\/D39.jpg\",\"width\":1920,\"height\":1280,\"caption\":\"D\u00e9marreur Fendt - 24 Volt \\\/ 4 Kw, Moteur MAN Fixation \u00e0 gauche\"},{\"@type\":\"BreadcrumbList\",\"@id\":\"http:\\\/\\\/edel.fr\\\/produit\\\/demarreur-fendt-volt-kw-24-4-moteur-man-fixation-a-gauche\\\/#breadcrumb\",\"itemListElement\":[{\"@type\":\"ListItem\",\"position\":1,\"name\":\"Pi\u00e8ce Tracteur\",\"item\":\"https:\\\/\\\/www.edel.fr\\\/en\\\/\"},{\"@type\":\"ListItem\",\"position\":2,\"name\":\"Toutes nos pi\u00e8ces Tracteur\",\"item\":\"https:\\\/\\\/edel.fr\\\/shop\\\/\"},{\"@type\":\"ListItem\",\"position\":3,\"name\":\"D\u00e9marreur Fendt &#8211; 24 Volt \\\/ 4 Kw, Moteur MAN Fixation \u00e0 gauche\"}]},{\"@type\":\"WebSite\",\"@id\":\"https:\\\/\\\/www.edel.fr\\\/en\\\/#website\",\"url\":\"https:\\\/\\\/www.edel.fr\\\/en\\\/\",\"name\":\"Edel\",\"description\":\"Pi\u00e8ce d\u00e9tach\u00e9e de Tracteur Agricole\",\"publisher\":{\"@id\":\"https:\\\/\\\/www.edel.fr\\\/en\\\/#organization\"},\"potentialAction\":[{\"@type\":\"SearchAction\",\"target\":{\"@type\":\"EntryPoint\",\"urlTemplate\":\"https:\\\/\\\/www.edel.fr\\\/en\\\/?s={search_term_string}\"},\"query-input\":{\"@type\":\"PropertyValueSpecification\",\"valueRequired\":true,\"valueName\":\"search_term_string\"}}],\"inLanguage\":\"en-US\"},{\"@type\":\"Organization\",\"@id\":\"https:\\\/\\\/www.edel.fr\\\/en\\\/#organization\",\"name\":\"Edel\",\"url\":\"https:\\\/\\\/www.edel.fr\\\/en\\\/\",\"logo\":{\"@type\":\"ImageObject\",\"inLanguage\":\"en-US\",\"@id\":\"https:\\\/\\\/www.edel.fr\\\/en\\\/#\\\/schema\\\/logo\\\/image\\\/\",\"url\":\"https:\\\/\\\/www.edel.fr\\\/uploads\\\/2018\\\/11\\\/logo-edel.png\",\"contentUrl\":\"https:\\\/\\\/www.edel.fr\\\/uploads\\\/2018\\\/11\\\/logo-edel.png\",\"width\":257,\"height\":68,\"caption\":\"Edel\"},\"image\":{\"@id\":\"https:\\\/\\\/www.edel.fr\\\/en\\\/#\\\/schema\\\/logo\\\/image\\\/\"}}]}<\/script>\n<!-- \/ Yoast SEO plugin. -->","yoast_head_json":{"title":"D\u00e9marreur Fendt - 24 Volt \/ 4 Kw, Moteur MAN Fixation \u00e0 gauche - Edel","description":"D\u00e9marreur Fendt - 24 Volt \/ 4 Kw, Moteur MAN Fixation \u00e0 gauche - 816 818 822 824 826 916 918 920 924 926 - Tracteur Agricole","robots":{"index":"index","follow":"follow","max-snippet":"max-snippet:-1","max-image-preview":"max-image-preview:large","max-video-preview":"max-video-preview:-1"},"canonical":"http:\/\/edel.fr\/produit\/demarreur-fendt-volt-kw-24-4-moteur-man-fixation-a-gauche\/","og_locale":"en_US","og_type":"article","og_title":"D\u00e9marreur Fendt - 24 Volt \/ 4 Kw, Moteur MAN Fixation \u00e0 gauche - Edel","og_description":"D\u00e9marreur Fendt - 24 Volt \/ 4 Kw, Moteur MAN Fixation \u00e0 gauche - 816 818 822 824 826 916 918 920 924 926 - Tracteur Agricole","og_url":"http:\/\/edel.fr\/produit\/demarreur-fendt-volt-kw-24-4-moteur-man-fixation-a-gauche\/","og_site_name":"Edel","article_modified_time":"2026-02-04T01:00:40+00:00","og_image":[{"width":1920,"height":1280,"url":"http:\/\/edel.fr\/uploads\/2019\/03\/D39.jpg","type":"image\/jpeg"}],"twitter_card":"summary_large_image","twitter_misc":{"Est. reading time":"2 minutes"},"schema":{"@context":"https:\/\/schema.org","@graph":[{"@type":"WebPage","@id":"http:\/\/edel.fr\/produit\/demarreur-fendt-volt-kw-24-4-moteur-man-fixation-a-gauche\/","url":"http:\/\/edel.fr\/produit\/demarreur-fendt-volt-kw-24-4-moteur-man-fixation-a-gauche\/","name":"D\u00e9marreur Fendt - 24 Volt \/ 4 Kw, Moteur MAN Fixation \u00e0 gauche - Edel","isPartOf":{"@id":"https:\/\/www.edel.fr\/en\/#website"},"primaryImageOfPage":{"@id":"http:\/\/edel.fr\/produit\/demarreur-fendt-volt-kw-24-4-moteur-man-fixation-a-gauche\/#primaryimage"},"image":{"@id":"http:\/\/edel.fr\/produit\/demarreur-fendt-volt-kw-24-4-moteur-man-fixation-a-gauche\/#primaryimage"},"thumbnailUrl":"https:\/\/www.edel.fr\/uploads\/2019\/03\/D39.jpg","datePublished":"2019-03-11T08:24:31+00:00","dateModified":"2026-02-04T01:00:40+00:00","description":"D\u00e9marreur Fendt - 24 Volt \/ 4 Kw, Moteur MAN Fixation \u00e0 gauche - 816 818 822 824 826 916 918 920 924 926 - Tracteur Agricole","breadcrumb":{"@id":"http:\/\/edel.fr\/produit\/demarreur-fendt-volt-kw-24-4-moteur-man-fixation-a-gauche\/#breadcrumb"},"inLanguage":"en-US","potentialAction":[{"@type":"ReadAction","target":["http:\/\/edel.fr\/produit\/demarreur-fendt-volt-kw-24-4-moteur-man-fixation-a-gauche\/"]}]},{"@type":"ImageObject","inLanguage":"en-US","@id":"http:\/\/edel.fr\/produit\/demarreur-fendt-volt-kw-24-4-moteur-man-fixation-a-gauche\/#primaryimage","url":"https:\/\/www.edel.fr\/uploads\/2019\/03\/D39.jpg","contentUrl":"https:\/\/www.edel.fr\/uploads\/2019\/03\/D39.jpg","width":1920,"height":1280,"caption":"D\u00e9marreur Fendt - 24 Volt \/ 4 Kw, Moteur MAN Fixation \u00e0 gauche"},{"@type":"BreadcrumbList","@id":"http:\/\/edel.fr\/produit\/demarreur-fendt-volt-kw-24-4-moteur-man-fixation-a-gauche\/#breadcrumb","itemListElement":[{"@type":"ListItem","position":1,"name":"Pi\u00e8ce Tracteur","item":"https:\/\/www.edel.fr\/en\/"},{"@type":"ListItem","position":2,"name":"Toutes nos pi\u00e8ces Tracteur","item":"https:\/\/edel.fr\/shop\/"},{"@type":"ListItem","position":3,"name":"D\u00e9marreur Fendt &#8211; 24 Volt \/ 4 Kw, Moteur MAN Fixation \u00e0 gauche"}]},{"@type":"WebSite","@id":"https:\/\/www.edel.fr\/en\/#website","url":"https:\/\/www.edel.fr\/en\/","name":"Edel","description":"Pi\u00e8ce d\u00e9tach\u00e9e de Tracteur Agricole","publisher":{"@id":"https:\/\/www.edel.fr\/en\/#organization"},"potentialAction":[{"@type":"SearchAction","target":{"@type":"EntryPoint","urlTemplate":"https:\/\/www.edel.fr\/en\/?s={search_term_string}"},"query-input":{"@type":"PropertyValueSpecification","valueRequired":true,"valueName":"search_term_string"}}],"inLanguage":"en-US"},{"@type":"Organization","@id":"https:\/\/www.edel.fr\/en\/#organization","name":"Edel","url":"https:\/\/www.edel.fr\/en\/","logo":{"@type":"ImageObject","inLanguage":"en-US","@id":"https:\/\/www.edel.fr\/en\/#\/schema\/logo\/image\/","url":"https:\/\/www.edel.fr\/uploads\/2018\/11\/logo-edel.png","contentUrl":"https:\/\/www.edel.fr\/uploads\/2018\/11\/logo-edel.png","width":257,"height":68,"caption":"Edel"},"image":{"@id":"https:\/\/www.edel.fr\/en\/#\/schema\/logo\/image\/"}}]}},"_links":{"self":[{"href":"https:\/\/www.edel.fr\/en\/wp-json\/wp\/v2\/product\/5934","targetHints":{"allow":["GET"]}}],"collection":[{"href":"https:\/\/www.edel.fr\/en\/wp-json\/wp\/v2\/product"}],"about":[{"href":"https:\/\/www.edel.fr\/en\/wp-json\/wp\/v2\/types\/product"}],"version-history":[{"count":2,"href":"https:\/\/www.edel.fr\/en\/wp-json\/wp\/v2\/product\/5934\/revisions"}],"predecessor-version":[{"id":15100,"href":"https:\/\/www.edel.fr\/en\/wp-json\/wp\/v2\/product\/5934\/revisions\/15100"}],"wp:featuredmedia":[{"embeddable":true,"href":"https:\/\/www.edel.fr\/en\/wp-json\/wp\/v2\/media\/5665"}],"wp:attachment":[{"href":"https:\/\/www.edel.fr\/en\/wp-json\/wp\/v2\/media?parent=5934"}],"wp:term":[{"taxonomy":"product_brand","embeddable":true,"href":"https:\/\/www.edel.fr\/en\/wp-json\/wp\/v2\/product_brand?post=5934"},{"taxonomy":"product_cat","embeddable":true,"href":"https:\/\/www.edel.fr\/en\/wp-json\/wp\/v2\/product_cat?post=5934"},{"taxonomy":"product_tag","embeddable":true,"href":"https:\/\/www.edel.fr\/en\/wp-json\/wp\/v2\/product_tag?post=5934"},{"taxonomy":"tracteur","embeddable":true,"href":"https:\/\/www.edel.fr\/en\/wp-json\/wp\/v2\/tracteur?post=5934"}],"curies":[{"name":"wp","href":"https:\/\/api.w.org\/{rel}","templated":true}]}}