{"id":5929,"date":"2019-03-11T09:24:31","date_gmt":"2019-03-11T08:24:31","guid":{"rendered":"http:\/\/edel.stephanie.ct.webcd.lan\/shop\/demarreur-case-ih-volt-kw-12-31-moteur-cummins-9-dents\/"},"modified":"2026-03-25T02:00:07","modified_gmt":"2026-03-25T01:00:07","slug":"demarreur-case-ih-volt-kw-12-31-moteur-cummins-9-dents","status":"publish","type":"product","link":"https:\/\/www.edel.fr\/en\/product\/demarreur-case-ih-volt-kw-12-31-moteur-cummins-9-dents\/","title":{"rendered":"D\u00e9marreur &#8211; Case Ih &#8211; 12 Volt \/ 3,1 Kw, Moteur Cummins 9 Dents"},"content":{"rendered":"<div data-elementor-type=\"wp-post\" data-elementor-id=\"5929\" class=\"elementor elementor-5929\">\n\t\t\t\t\t\t<section class=\"elementor-section elementor-top-section elementor-element elementor-element-1492067 elementor-section-boxed elementor-section-height-default elementor-section-height-default\" data-id=\"1492067\" data-element_type=\"section\" data-e-type=\"section\">\n\t\t\t\t\t\t<div class=\"elementor-container elementor-column-gap-default\">\n\t\t\t\t\t<div class=\"elementor-column elementor-col-100 elementor-top-column elementor-element elementor-element-6b10e72a\" data-id=\"6b10e72a\" data-element_type=\"column\" data-e-type=\"column\">\n\t\t\t<div class=\"elementor-widget-wrap elementor-element-populated\">\n\t\t\t\t\t\t<div class=\"elementor-element elementor-element-22a32241 elementor-widget elementor-widget-heading\" data-id=\"22a32241\" data-element_type=\"widget\" data-e-type=\"widget\" data-widget_type=\"heading.default\">\n\t\t\t\t<div class=\"elementor-widget-container\">\n\t\t\t\t\t<h2 class=\"elementor-heading-title elementor-size-default\">D\u00e9marreur - Case Ih<\/h2>\t\t\t\t<\/div>\n\t\t\t\t<\/div>\n\t\t\t\t<div class=\"elementor-element elementor-element-286c7dd6 elementor-widget elementor-widget-heading\" data-id=\"286c7dd6\" data-element_type=\"widget\" data-e-type=\"widget\" data-widget_type=\"heading.default\">\n\t\t\t\t<div class=\"elementor-widget-container\">\n\t\t\t\t\t<h3 class=\"elementor-heading-title elementor-size-default\">Information du produit :<\/h3>\t\t\t\t<\/div>\n\t\t\t\t<\/div>\n\t\t\t\t\t<\/div>\n\t\t<\/div>\n\t\t\t\t\t<\/div>\n\t\t<\/section>\n\t\t\t\t<section class=\"elementor-section elementor-top-section elementor-element elementor-element-220fff06 elementor-section-boxed elementor-section-height-default elementor-section-height-default\" data-id=\"220fff06\" data-element_type=\"section\" data-e-type=\"section\">\n\t\t\t\t\t\t<div class=\"elementor-container elementor-column-gap-default\">\n\t\t\t\t\t<div class=\"elementor-column elementor-col-100 elementor-top-column elementor-element elementor-element-1bec56a5\" data-id=\"1bec56a5\" data-element_type=\"column\" data-e-type=\"column\">\n\t\t\t<div class=\"elementor-widget-wrap elementor-element-populated\">\n\t\t\t\t\t\t<div class=\"elementor-element elementor-element-690d373c elementor-widget elementor-widget-text-editor\" data-id=\"690d373c\" data-element_type=\"widget\" data-e-type=\"widget\" data-widget_type=\"text-editor.default\">\n\t\t\t\t<div class=\"elementor-widget-container\">\n\t\t\t\t\t\t\t\t\t<p><strong>12 Volt \/ 3,1 Kw, Moteur Cummins 9 Dents<\/strong><\/p><p>Le d\u00e9marreur de votre tracteur est indispensable, le tracteur ne pourra pas d\u00e9marrer correctement si le d\u00e9marreur n&rsquo;est pas fonctionnel. Il se pr\u00e9sente sous la forme d\u2019un petit moteur \u00e9lectrique, rattach\u00e9 au volant moteur. Il est directement aliment\u00e9 par la batterie et il a pour r\u00f4le de mettre en marche le moteur\u00a0de votre tracteur.<\/p><p>Pour trouver le bon <strong>d\u00e9marreur tracteur<\/strong> qui s\u2019adaptera au mieux \u00e0 votre engin agricole, il est \u00e9galement pr\u00e9f\u00e9rable de se r\u00e9f\u00e9rer \u00e0 sa r\u00e9f\u00e9rence d\u2019origine. Elle est en g\u00e9n\u00e9ral inscrite sur le d\u00e9marreur. Sans cette r\u00e9f\u00e9rence, il faudra vous appuyer sur la marque et le mod\u00e8le de votre <strong>tracteur agricole.<\/strong><\/p><p>Avant le d\u00e9montage de votre d\u00e9marreur, nous vous conseillons d&rsquo;abord de d\u00e9brancher votre batterie. Mais aussi de rep\u00e9rer les diff\u00e9rents branchements d\u2019alimentation du d\u00e9marreur.<\/p><p>Pour choisir son <strong>d\u00e9marreur de tracteur<\/strong>, il faut choisir entre les d\u00e9marreurs classiques ou les <strong>d\u00e9marreurs avec r\u00e9ducteur droit ou d\u00e9cal\u00e9.<\/strong><\/p><p>Il est possible de changer le d\u00e9marreur classique par un <strong>d\u00e9marreur avec r\u00e9ducteur.<\/strong> Par exemple, sur un <strong>tracteur ancien<\/strong>, cela lui simplifiera consid\u00e9rablement son d\u00e9marrage.<\/p><p>C\u2019est pourquoi nous vous proposons une pi\u00e8ce de marque\u00a0<a href=\"https:\/\/www.edel.fr\/en\/constructeur\/mahle\/\">Mahle<\/a>\u00a0\/\u00a0<a href=\"https:\/\/www.edel.fr\/en\/constructeur\/letrika\/\">Letrika<\/a> reconnue pour sa fiabilit\u00e9. Ce d\u00e9marreur est aussi compatible avec les tracteurs et les moissonneuses-batteuses \u00e9quip\u00e9s de moteurs Cummins Case.<\/p><p>D\u00e9marreur &#8211; Case Ih, JCB, Landini, Manitou : 5120, 5130, 5140, 5150, 5240 Maxum, MX135.<\/p><p><strong>R\u00e9f\u00e9rences constructeur\u00a0<\/strong><\/p><p>AGCO : C000900060210<\/p><p>BOSCH : 0001367072, 0001369007, 0001369019, 0001369025, SR 9940 X.<\/p><p>CASE : 114 799 A1, 114 800 A1, A 187 597.<\/p><p>CUMMINS : 3 283 812<\/p><p>HELLA : 8EA 737 443-001, CS 1069.<\/p><p>LESTER : 17307<\/p><p>PRESTOLITE : 20513045<\/p><p>SPAREX : 36186<\/p><p>Edel vous propose \u00e9galement une large gamme de d\u00e9marreur pour des applications sp\u00e9cifiques, et de diff\u00e9rentes marques.<\/p><p>Donc, pour plus de renseignements, n\u2019h\u00e9sitez pas \u00e0 nous consulter !<\/p>\t\t\t\t\t\t\t\t<\/div>\n\t\t\t\t<\/div>\n\t\t\t\t\t<\/div>\n\t\t<\/div>\n\t\t\t\t\t<\/div>\n\t\t<\/section>\n\t\t\t\t<\/div>","protected":false},"excerpt":{"rendered":"<p>D\u00e9marreur &#8211; Case Ih Information du produit : 12 Volt \/ 3,1 Kw, Moteur Cummins 9 Dents Le d\u00e9marreur de votre tracteur est indispensable, le tracteur ne pourra pas d\u00e9marrer correctement si le d\u00e9marreur n&rsquo;est pas fonctionnel. Il se pr\u00e9sente sous la forme d\u2019un petit moteur \u00e9lectrique, rattach\u00e9 au volant moteur. Il est directement aliment\u00e9<br \/><a class=\"more-link\" href=\"https:\/\/www.edel.fr\/en\/product\/demarreur-case-ih-volt-kw-12-31-moteur-cummins-9-dents\/\"><br \/>\n        Read More<span class=\"screen-reader-text\"> \u00ab\u00a0D\u00e9marreur &#8211; Case Ih &#8211; 12 Volt \/ 3,1 Kw, Moteur Cummins 9 Dents\u00a0\u00bb<\/span><\/a><\/p>","protected":false},"featured_media":5660,"template":"","meta":[],"product_brand":[],"product_cat":[3994,165,154,119],"product_tag":[2460,180],"tracteur":[],"class_list":{"0":"post-5929","1":"product","2":"type-product","3":"status-publish","4":"has-post-thumbnail","6":"product_cat-demarreur-case-ih","7":"product_cat-demarreurs","8":"product_cat-electricite","9":"product_cat-tracteurs-agricoles","10":"product_tag-demarreurs","11":"product_tag-electricite","12":"product_shipping_class-142","13":"pa_fabriquant-mahle","14":"pa_marque-tracteur-case-ih","15":"pa_modele-tracteur-maxum","16":"pa_modele-tracteur-mx","17":"pa_type-2-1871","18":"pa_type-2-1764","19":"pa_type-2-1872","20":"pa_type-2-2179","21":"pa_type-2-5240-maxum","22":"pa_type-2-mx135","23":"badges-style-2","25":"first","26":"instock","27":"taxable","28":"shipping-taxable","29":"purchasable","30":"product-type-simple"},"acf":[],"yoast_head":"<!-- This site is optimized with the Yoast SEO plugin v27.3 - https:\/\/yoast.com\/product\/yoast-seo-wordpress\/ -->\n<title>D\u00e9marreur - Case Ih - 12 Volt \/ 3,1 Kw, Moteur Cummins 9 Dents - Edel<\/title>\n<meta name=\"description\" content=\"D\u00e9marreur - Case Ih - 12 Volt \/ 3,1 Kw, Moteur Cummins 9 Dents - 5120 5130 5140 5150 5240 Maxum MX135 - 114 799 A1, 114 800 A1 - Tracteur Agricole\" \/>\n<meta name=\"robots\" content=\"index, follow, max-snippet:-1, max-image-preview:large, max-video-preview:-1\" \/>\n<link rel=\"canonical\" href=\"http:\/\/edel.fr\/produit\/demarreur-case-ih-volt-kw-12-31-moteur-cummins-9-dents\/\" \/>\n<meta property=\"og:locale\" content=\"en_US\" \/>\n<meta property=\"og:type\" content=\"article\" \/>\n<meta property=\"og:title\" content=\"D\u00e9marreur - Case Ih - 12 Volt \/ 3,1 Kw, Moteur Cummins 9 Dents - Edel\" \/>\n<meta property=\"og:description\" content=\"D\u00e9marreur - Case Ih - 12 Volt \/ 3,1 Kw, Moteur Cummins 9 Dents - 5120 5130 5140 5150 5240 Maxum MX135 - 114 799 A1, 114 800 A1 - Tracteur Agricole\" \/>\n<meta property=\"og:url\" content=\"http:\/\/edel.fr\/produit\/demarreur-case-ih-volt-kw-12-31-moteur-cummins-9-dents\/\" \/>\n<meta property=\"og:site_name\" content=\"Edel\" \/>\n<meta property=\"article:modified_time\" content=\"2026-03-25T01:00:07+00:00\" \/>\n<meta property=\"og:image\" content=\"http:\/\/edel.fr\/uploads\/2019\/03\/D34.jpg\" \/>\n\t<meta property=\"og:image:width\" content=\"1920\" \/>\n\t<meta property=\"og:image:height\" content=\"1280\" \/>\n\t<meta property=\"og:image:type\" content=\"image\/jpeg\" \/>\n<meta name=\"twitter:card\" content=\"summary_large_image\" \/>\n<meta name=\"twitter:label1\" content=\"Est. reading time\" \/>\n\t<meta name=\"twitter:data1\" content=\"2 minutes\" \/>\n<script type=\"application\/ld+json\" class=\"yoast-schema-graph\">{\"@context\":\"https:\\\/\\\/schema.org\",\"@graph\":[{\"@type\":\"WebPage\",\"@id\":\"http:\\\/\\\/edel.fr\\\/produit\\\/demarreur-case-ih-volt-kw-12-31-moteur-cummins-9-dents\\\/\",\"url\":\"http:\\\/\\\/edel.fr\\\/produit\\\/demarreur-case-ih-volt-kw-12-31-moteur-cummins-9-dents\\\/\",\"name\":\"D\u00e9marreur - Case Ih - 12 Volt \\\/ 3,1 Kw, Moteur Cummins 9 Dents - Edel\",\"isPartOf\":{\"@id\":\"http:\\\/\\\/www.edel.fr\\\/en\\\/#website\"},\"primaryImageOfPage\":{\"@id\":\"http:\\\/\\\/edel.fr\\\/produit\\\/demarreur-case-ih-volt-kw-12-31-moteur-cummins-9-dents\\\/#primaryimage\"},\"image\":{\"@id\":\"http:\\\/\\\/edel.fr\\\/produit\\\/demarreur-case-ih-volt-kw-12-31-moteur-cummins-9-dents\\\/#primaryimage\"},\"thumbnailUrl\":\"https:\\\/\\\/www.edel.fr\\\/uploads\\\/2019\\\/03\\\/D34.jpg\",\"datePublished\":\"2019-03-11T08:24:31+00:00\",\"dateModified\":\"2026-03-25T01:00:07+00:00\",\"description\":\"D\u00e9marreur - Case Ih - 12 Volt \\\/ 3,1 Kw, Moteur Cummins 9 Dents - 5120 5130 5140 5150 5240 Maxum MX135 - 114 799 A1, 114 800 A1 - Tracteur Agricole\",\"breadcrumb\":{\"@id\":\"http:\\\/\\\/edel.fr\\\/produit\\\/demarreur-case-ih-volt-kw-12-31-moteur-cummins-9-dents\\\/#breadcrumb\"},\"inLanguage\":\"en-US\",\"potentialAction\":[{\"@type\":\"ReadAction\",\"target\":[\"http:\\\/\\\/edel.fr\\\/produit\\\/demarreur-case-ih-volt-kw-12-31-moteur-cummins-9-dents\\\/\"]}]},{\"@type\":\"ImageObject\",\"inLanguage\":\"en-US\",\"@id\":\"http:\\\/\\\/edel.fr\\\/produit\\\/demarreur-case-ih-volt-kw-12-31-moteur-cummins-9-dents\\\/#primaryimage\",\"url\":\"https:\\\/\\\/www.edel.fr\\\/uploads\\\/2019\\\/03\\\/D34.jpg\",\"contentUrl\":\"https:\\\/\\\/www.edel.fr\\\/uploads\\\/2019\\\/03\\\/D34.jpg\",\"width\":1920,\"height\":1280,\"caption\":\"D\u00e9marreur - Case Ih - 12 Volt \\\/ 3,1 Kw, Moteur Cummins 9 Dents\"},{\"@type\":\"BreadcrumbList\",\"@id\":\"http:\\\/\\\/edel.fr\\\/produit\\\/demarreur-case-ih-volt-kw-12-31-moteur-cummins-9-dents\\\/#breadcrumb\",\"itemListElement\":[{\"@type\":\"ListItem\",\"position\":1,\"name\":\"Pi\u00e8ce Tracteur\",\"item\":\"http:\\\/\\\/www.edel.fr\\\/en\\\/\"},{\"@type\":\"ListItem\",\"position\":2,\"name\":\"Toutes nos pi\u00e8ces Tracteur\",\"item\":\"https:\\\/\\\/edel.fr\\\/shop\\\/\"},{\"@type\":\"ListItem\",\"position\":3,\"name\":\"D\u00e9marreur &#8211; Case Ih &#8211; 12 Volt \\\/ 3,1 Kw, Moteur Cummins 9 Dents\"}]},{\"@type\":\"WebSite\",\"@id\":\"http:\\\/\\\/www.edel.fr\\\/en\\\/#website\",\"url\":\"http:\\\/\\\/www.edel.fr\\\/en\\\/\",\"name\":\"Edel\",\"description\":\"Pi\u00e8ce d\u00e9tach\u00e9e de Tracteur Agricole\",\"publisher\":{\"@id\":\"http:\\\/\\\/www.edel.fr\\\/en\\\/#organization\"},\"potentialAction\":[{\"@type\":\"SearchAction\",\"target\":{\"@type\":\"EntryPoint\",\"urlTemplate\":\"http:\\\/\\\/www.edel.fr\\\/en\\\/?s={search_term_string}\"},\"query-input\":{\"@type\":\"PropertyValueSpecification\",\"valueRequired\":true,\"valueName\":\"search_term_string\"}}],\"inLanguage\":\"en-US\"},{\"@type\":\"Organization\",\"@id\":\"http:\\\/\\\/www.edel.fr\\\/en\\\/#organization\",\"name\":\"Edel\",\"url\":\"http:\\\/\\\/www.edel.fr\\\/en\\\/\",\"logo\":{\"@type\":\"ImageObject\",\"inLanguage\":\"en-US\",\"@id\":\"http:\\\/\\\/www.edel.fr\\\/en\\\/#\\\/schema\\\/logo\\\/image\\\/\",\"url\":\"https:\\\/\\\/www.edel.fr\\\/uploads\\\/2018\\\/11\\\/logo-edel.png\",\"contentUrl\":\"https:\\\/\\\/www.edel.fr\\\/uploads\\\/2018\\\/11\\\/logo-edel.png\",\"width\":257,\"height\":68,\"caption\":\"Edel\"},\"image\":{\"@id\":\"http:\\\/\\\/www.edel.fr\\\/en\\\/#\\\/schema\\\/logo\\\/image\\\/\"}}]}<\/script>\n<!-- \/ Yoast SEO plugin. -->","yoast_head_json":{"title":"D\u00e9marreur - Case Ih - 12 Volt \/ 3,1 Kw, Moteur Cummins 9 Dents - Edel","description":"D\u00e9marreur - Case Ih - 12 Volt \/ 3,1 Kw, Moteur Cummins 9 Dents - 5120 5130 5140 5150 5240 Maxum MX135 - 114 799 A1, 114 800 A1 - Tracteur Agricole","robots":{"index":"index","follow":"follow","max-snippet":"max-snippet:-1","max-image-preview":"max-image-preview:large","max-video-preview":"max-video-preview:-1"},"canonical":"http:\/\/edel.fr\/produit\/demarreur-case-ih-volt-kw-12-31-moteur-cummins-9-dents\/","og_locale":"en_US","og_type":"article","og_title":"D\u00e9marreur - Case Ih - 12 Volt \/ 3,1 Kw, Moteur Cummins 9 Dents - Edel","og_description":"D\u00e9marreur - Case Ih - 12 Volt \/ 3,1 Kw, Moteur Cummins 9 Dents - 5120 5130 5140 5150 5240 Maxum MX135 - 114 799 A1, 114 800 A1 - Tracteur Agricole","og_url":"http:\/\/edel.fr\/produit\/demarreur-case-ih-volt-kw-12-31-moteur-cummins-9-dents\/","og_site_name":"Edel","article_modified_time":"2026-03-25T01:00:07+00:00","og_image":[{"width":1920,"height":1280,"url":"http:\/\/edel.fr\/uploads\/2019\/03\/D34.jpg","type":"image\/jpeg"}],"twitter_card":"summary_large_image","twitter_misc":{"Est. reading time":"2 minutes"},"schema":{"@context":"https:\/\/schema.org","@graph":[{"@type":"WebPage","@id":"http:\/\/edel.fr\/produit\/demarreur-case-ih-volt-kw-12-31-moteur-cummins-9-dents\/","url":"http:\/\/edel.fr\/produit\/demarreur-case-ih-volt-kw-12-31-moteur-cummins-9-dents\/","name":"D\u00e9marreur - Case Ih - 12 Volt \/ 3,1 Kw, Moteur Cummins 9 Dents - Edel","isPartOf":{"@id":"http:\/\/www.edel.fr\/en\/#website"},"primaryImageOfPage":{"@id":"http:\/\/edel.fr\/produit\/demarreur-case-ih-volt-kw-12-31-moteur-cummins-9-dents\/#primaryimage"},"image":{"@id":"http:\/\/edel.fr\/produit\/demarreur-case-ih-volt-kw-12-31-moteur-cummins-9-dents\/#primaryimage"},"thumbnailUrl":"https:\/\/www.edel.fr\/uploads\/2019\/03\/D34.jpg","datePublished":"2019-03-11T08:24:31+00:00","dateModified":"2026-03-25T01:00:07+00:00","description":"D\u00e9marreur - Case Ih - 12 Volt \/ 3,1 Kw, Moteur Cummins 9 Dents - 5120 5130 5140 5150 5240 Maxum MX135 - 114 799 A1, 114 800 A1 - Tracteur Agricole","breadcrumb":{"@id":"http:\/\/edel.fr\/produit\/demarreur-case-ih-volt-kw-12-31-moteur-cummins-9-dents\/#breadcrumb"},"inLanguage":"en-US","potentialAction":[{"@type":"ReadAction","target":["http:\/\/edel.fr\/produit\/demarreur-case-ih-volt-kw-12-31-moteur-cummins-9-dents\/"]}]},{"@type":"ImageObject","inLanguage":"en-US","@id":"http:\/\/edel.fr\/produit\/demarreur-case-ih-volt-kw-12-31-moteur-cummins-9-dents\/#primaryimage","url":"https:\/\/www.edel.fr\/uploads\/2019\/03\/D34.jpg","contentUrl":"https:\/\/www.edel.fr\/uploads\/2019\/03\/D34.jpg","width":1920,"height":1280,"caption":"D\u00e9marreur - Case Ih - 12 Volt \/ 3,1 Kw, Moteur Cummins 9 Dents"},{"@type":"BreadcrumbList","@id":"http:\/\/edel.fr\/produit\/demarreur-case-ih-volt-kw-12-31-moteur-cummins-9-dents\/#breadcrumb","itemListElement":[{"@type":"ListItem","position":1,"name":"Pi\u00e8ce Tracteur","item":"http:\/\/www.edel.fr\/en\/"},{"@type":"ListItem","position":2,"name":"Toutes nos pi\u00e8ces Tracteur","item":"https:\/\/edel.fr\/shop\/"},{"@type":"ListItem","position":3,"name":"D\u00e9marreur &#8211; Case Ih &#8211; 12 Volt \/ 3,1 Kw, Moteur Cummins 9 Dents"}]},{"@type":"WebSite","@id":"http:\/\/www.edel.fr\/en\/#website","url":"http:\/\/www.edel.fr\/en\/","name":"Edel","description":"Pi\u00e8ce d\u00e9tach\u00e9e de Tracteur Agricole","publisher":{"@id":"http:\/\/www.edel.fr\/en\/#organization"},"potentialAction":[{"@type":"SearchAction","target":{"@type":"EntryPoint","urlTemplate":"http:\/\/www.edel.fr\/en\/?s={search_term_string}"},"query-input":{"@type":"PropertyValueSpecification","valueRequired":true,"valueName":"search_term_string"}}],"inLanguage":"en-US"},{"@type":"Organization","@id":"http:\/\/www.edel.fr\/en\/#organization","name":"Edel","url":"http:\/\/www.edel.fr\/en\/","logo":{"@type":"ImageObject","inLanguage":"en-US","@id":"http:\/\/www.edel.fr\/en\/#\/schema\/logo\/image\/","url":"https:\/\/www.edel.fr\/uploads\/2018\/11\/logo-edel.png","contentUrl":"https:\/\/www.edel.fr\/uploads\/2018\/11\/logo-edel.png","width":257,"height":68,"caption":"Edel"},"image":{"@id":"http:\/\/www.edel.fr\/en\/#\/schema\/logo\/image\/"}}]}},"_links":{"self":[{"href":"https:\/\/www.edel.fr\/en\/wp-json\/wp\/v2\/product\/5929","targetHints":{"allow":["GET"]}}],"collection":[{"href":"https:\/\/www.edel.fr\/en\/wp-json\/wp\/v2\/product"}],"about":[{"href":"https:\/\/www.edel.fr\/en\/wp-json\/wp\/v2\/types\/product"}],"version-history":[{"count":2,"href":"https:\/\/www.edel.fr\/en\/wp-json\/wp\/v2\/product\/5929\/revisions"}],"predecessor-version":[{"id":15085,"href":"https:\/\/www.edel.fr\/en\/wp-json\/wp\/v2\/product\/5929\/revisions\/15085"}],"wp:featuredmedia":[{"embeddable":true,"href":"https:\/\/www.edel.fr\/en\/wp-json\/wp\/v2\/media\/5660"}],"wp:attachment":[{"href":"https:\/\/www.edel.fr\/en\/wp-json\/wp\/v2\/media?parent=5929"}],"wp:term":[{"taxonomy":"product_brand","embeddable":true,"href":"https:\/\/www.edel.fr\/en\/wp-json\/wp\/v2\/product_brand?post=5929"},{"taxonomy":"product_cat","embeddable":true,"href":"https:\/\/www.edel.fr\/en\/wp-json\/wp\/v2\/product_cat?post=5929"},{"taxonomy":"product_tag","embeddable":true,"href":"https:\/\/www.edel.fr\/en\/wp-json\/wp\/v2\/product_tag?post=5929"},{"taxonomy":"tracteur","embeddable":true,"href":"https:\/\/www.edel.fr\/en\/wp-json\/wp\/v2\/tracteur?post=5929"}],"curies":[{"name":"wp","href":"https:\/\/api.w.org\/{rel}","templated":true}]}}