{"id":5917,"date":"2019-03-11T09:24:24","date_gmt":"2019-03-11T08:24:24","guid":{"rendered":"http:\/\/edel.stephanie.ct.webcd.lan\/shop\/demarreur-mercedesrenault-claas-volt-kw-12-3-moteur-mercedes-9-dents\/"},"modified":"2025-11-05T21:07:57","modified_gmt":"2025-11-05T20:07:57","slug":"demarreur-mercedesrenault-claas-volt-kw-12-3-moteur-mercedes-9-dents","status":"publish","type":"product","link":"https:\/\/www.edel.fr\/en\/product\/demarreur-mercedesrenault-claas-volt-kw-12-3-moteur-mercedes-9-dents\/","title":{"rendered":"D\u00e9marreur &#8211; Mercedes,Renault Claas &#8211; Volt\/Kw 12\/3 Moteur Mercedes 9 Dents"},"content":{"rendered":"<p>Votre d\u00e9marreur fournit l\u2019\u00e9nergie \u00e9lectrique \u00e0 votre moteur, il permet d\u2019assister le moteur dans sa phase de d\u00e9marrage.Nous vous proposons une pi\u00e8ce de marque Mahle \/ Letrika reconnue pour sa fiabilit\u00e9.<\/p>","protected":false},"excerpt":{"rendered":"<p>Votre d\u00e9marreur fournit l\u2019\u00e9nergie \u00e9lectrique \u00e0 votre moteur, il permet d\u2019assister le moteur dans sa phase de d\u00e9marrage.Nous vous proposons une pi\u00e8ce de marque Mahle \/ Letrika reconnue pour sa fiabilit\u00e9.<\/p>","protected":false},"featured_media":0,"template":"","meta":[],"product_brand":[],"product_cat":[4009,4011,165,154,119],"product_tag":[2460,180],"tracteur":[],"class_list":{"0":"post-5917","1":"product","2":"type-product","3":"status-publish","5":"product_cat-demarreur-mercedes","6":"product_cat-demarreur-renault-claas","7":"product_cat-demarreurs","8":"product_cat-electricite","9":"product_cat-tracteurs-agricoles","10":"product_tag-demarreurs","11":"product_tag-electricite","12":"product_shipping_class-142","13":"pa_fabriquant-mahle","14":"pa_marque-tracteur-mercedes","15":"pa_marque-tracteur-renault-claas","16":"pa_modele-tracteur-moissonneuse-batteuse","17":"badges-style-2","19":"first","20":"outofstock","21":"taxable","22":"shipping-taxable","23":"purchasable","24":"product-type-simple"},"acf":[],"yoast_head":"<!-- This site is optimized with the Yoast SEO plugin v27.3 - https:\/\/yoast.com\/product\/yoast-seo-wordpress\/ -->\n<title>D\u00e9marreur - Mercedes,Renault Claas - Volt\/Kw 12\/3 Moteur Mercedes 9 Dents - Edel<\/title>\n<meta name=\"robots\" content=\"index, follow, max-snippet:-1, max-image-preview:large, max-video-preview:-1\" \/>\n<link rel=\"canonical\" href=\"http:\/\/www.edel.fr\/en\/product\/demarreur-mercedesrenault-claas-volt-kw-12-3-moteur-mercedes-9-dents\/\" \/>\n<meta property=\"og:locale\" content=\"en_US\" \/>\n<meta property=\"og:type\" content=\"article\" \/>\n<meta property=\"og:title\" content=\"D\u00e9marreur - Mercedes,Renault Claas - Volt\/Kw 12\/3 Moteur Mercedes 9 Dents - Edel\" \/>\n<meta property=\"og:description\" content=\"Votre d\u00e9marreur fournit l\u2019\u00e9nergie \u00e9lectrique \u00e0 votre moteur, il permet d\u2019assister le moteur dans sa phase de d\u00e9marrage.Nous vous proposons une pi\u00e8ce de marque Mahle \/ Letrika reconnue pour sa fiabilit\u00e9.\" \/>\n<meta property=\"og:url\" content=\"http:\/\/www.edel.fr\/en\/product\/demarreur-mercedesrenault-claas-volt-kw-12-3-moteur-mercedes-9-dents\/\" \/>\n<meta property=\"og:site_name\" content=\"Edel\" \/>\n<meta property=\"article:modified_time\" content=\"2025-11-05T20:07:57+00:00\" \/>\n<meta name=\"twitter:card\" content=\"summary_large_image\" \/>\n<meta name=\"twitter:label1\" content=\"Est. reading time\" \/>\n\t<meta name=\"twitter:data1\" content=\"1 minute\" \/>\n<script type=\"application\/ld+json\" class=\"yoast-schema-graph\">{\"@context\":\"https:\\\/\\\/schema.org\",\"@graph\":[{\"@type\":\"WebPage\",\"@id\":\"http:\\\/\\\/www.edel.fr\\\/en\\\/product\\\/demarreur-mercedesrenault-claas-volt-kw-12-3-moteur-mercedes-9-dents\\\/\",\"url\":\"http:\\\/\\\/www.edel.fr\\\/en\\\/product\\\/demarreur-mercedesrenault-claas-volt-kw-12-3-moteur-mercedes-9-dents\\\/\",\"name\":\"D\u00e9marreur - Mercedes,Renault Claas - Volt\\\/Kw 12\\\/3 Moteur Mercedes 9 Dents - Edel\",\"isPartOf\":{\"@id\":\"https:\\\/\\\/www.edel.fr\\\/en\\\/#website\"},\"datePublished\":\"2019-03-11T08:24:24+00:00\",\"dateModified\":\"2025-11-05T20:07:57+00:00\",\"breadcrumb\":{\"@id\":\"http:\\\/\\\/www.edel.fr\\\/en\\\/product\\\/demarreur-mercedesrenault-claas-volt-kw-12-3-moteur-mercedes-9-dents\\\/#breadcrumb\"},\"inLanguage\":\"en-US\",\"potentialAction\":[{\"@type\":\"ReadAction\",\"target\":[\"http:\\\/\\\/www.edel.fr\\\/en\\\/product\\\/demarreur-mercedesrenault-claas-volt-kw-12-3-moteur-mercedes-9-dents\\\/\"]}]},{\"@type\":\"BreadcrumbList\",\"@id\":\"http:\\\/\\\/www.edel.fr\\\/en\\\/product\\\/demarreur-mercedesrenault-claas-volt-kw-12-3-moteur-mercedes-9-dents\\\/#breadcrumb\",\"itemListElement\":[{\"@type\":\"ListItem\",\"position\":1,\"name\":\"Pi\u00e8ce Tracteur\",\"item\":\"https:\\\/\\\/www.edel.fr\\\/en\\\/\"},{\"@type\":\"ListItem\",\"position\":2,\"name\":\"Toutes nos pi\u00e8ces Tracteur\",\"item\":\"https:\\\/\\\/edel.fr\\\/shop\\\/\"},{\"@type\":\"ListItem\",\"position\":3,\"name\":\"D\u00e9marreur &#8211; Mercedes,Renault Claas &#8211; Volt\\\/Kw 12\\\/3 Moteur Mercedes 9 Dents\"}]},{\"@type\":\"WebSite\",\"@id\":\"https:\\\/\\\/www.edel.fr\\\/en\\\/#website\",\"url\":\"https:\\\/\\\/www.edel.fr\\\/en\\\/\",\"name\":\"Edel\",\"description\":\"Pi\u00e8ce d\u00e9tach\u00e9e de Tracteur Agricole\",\"publisher\":{\"@id\":\"https:\\\/\\\/www.edel.fr\\\/en\\\/#organization\"},\"potentialAction\":[{\"@type\":\"SearchAction\",\"target\":{\"@type\":\"EntryPoint\",\"urlTemplate\":\"https:\\\/\\\/www.edel.fr\\\/en\\\/?s={search_term_string}\"},\"query-input\":{\"@type\":\"PropertyValueSpecification\",\"valueRequired\":true,\"valueName\":\"search_term_string\"}}],\"inLanguage\":\"en-US\"},{\"@type\":\"Organization\",\"@id\":\"https:\\\/\\\/www.edel.fr\\\/en\\\/#organization\",\"name\":\"Edel\",\"url\":\"https:\\\/\\\/www.edel.fr\\\/en\\\/\",\"logo\":{\"@type\":\"ImageObject\",\"inLanguage\":\"en-US\",\"@id\":\"https:\\\/\\\/www.edel.fr\\\/en\\\/#\\\/schema\\\/logo\\\/image\\\/\",\"url\":\"https:\\\/\\\/www.edel.fr\\\/uploads\\\/2018\\\/11\\\/logo-edel.png\",\"contentUrl\":\"https:\\\/\\\/www.edel.fr\\\/uploads\\\/2018\\\/11\\\/logo-edel.png\",\"width\":257,\"height\":68,\"caption\":\"Edel\"},\"image\":{\"@id\":\"https:\\\/\\\/www.edel.fr\\\/en\\\/#\\\/schema\\\/logo\\\/image\\\/\"}}]}<\/script>\n<!-- \/ Yoast SEO plugin. -->","yoast_head_json":{"title":"D\u00e9marreur - Mercedes,Renault Claas - Volt\/Kw 12\/3 Moteur Mercedes 9 Dents - Edel","robots":{"index":"index","follow":"follow","max-snippet":"max-snippet:-1","max-image-preview":"max-image-preview:large","max-video-preview":"max-video-preview:-1"},"canonical":"http:\/\/www.edel.fr\/en\/product\/demarreur-mercedesrenault-claas-volt-kw-12-3-moteur-mercedes-9-dents\/","og_locale":"en_US","og_type":"article","og_title":"D\u00e9marreur - Mercedes,Renault Claas - Volt\/Kw 12\/3 Moteur Mercedes 9 Dents - Edel","og_description":"Votre d\u00e9marreur fournit l\u2019\u00e9nergie \u00e9lectrique \u00e0 votre moteur, il permet d\u2019assister le moteur dans sa phase de d\u00e9marrage.Nous vous proposons une pi\u00e8ce de marque Mahle \/ Letrika reconnue pour sa fiabilit\u00e9.","og_url":"http:\/\/www.edel.fr\/en\/product\/demarreur-mercedesrenault-claas-volt-kw-12-3-moteur-mercedes-9-dents\/","og_site_name":"Edel","article_modified_time":"2025-11-05T20:07:57+00:00","twitter_card":"summary_large_image","twitter_misc":{"Est. reading time":"1 minute"},"schema":{"@context":"https:\/\/schema.org","@graph":[{"@type":"WebPage","@id":"http:\/\/www.edel.fr\/en\/product\/demarreur-mercedesrenault-claas-volt-kw-12-3-moteur-mercedes-9-dents\/","url":"http:\/\/www.edel.fr\/en\/product\/demarreur-mercedesrenault-claas-volt-kw-12-3-moteur-mercedes-9-dents\/","name":"D\u00e9marreur - Mercedes,Renault Claas - Volt\/Kw 12\/3 Moteur Mercedes 9 Dents - Edel","isPartOf":{"@id":"https:\/\/www.edel.fr\/en\/#website"},"datePublished":"2019-03-11T08:24:24+00:00","dateModified":"2025-11-05T20:07:57+00:00","breadcrumb":{"@id":"http:\/\/www.edel.fr\/en\/product\/demarreur-mercedesrenault-claas-volt-kw-12-3-moteur-mercedes-9-dents\/#breadcrumb"},"inLanguage":"en-US","potentialAction":[{"@type":"ReadAction","target":["http:\/\/www.edel.fr\/en\/product\/demarreur-mercedesrenault-claas-volt-kw-12-3-moteur-mercedes-9-dents\/"]}]},{"@type":"BreadcrumbList","@id":"http:\/\/www.edel.fr\/en\/product\/demarreur-mercedesrenault-claas-volt-kw-12-3-moteur-mercedes-9-dents\/#breadcrumb","itemListElement":[{"@type":"ListItem","position":1,"name":"Pi\u00e8ce Tracteur","item":"https:\/\/www.edel.fr\/en\/"},{"@type":"ListItem","position":2,"name":"Toutes nos pi\u00e8ces Tracteur","item":"https:\/\/edel.fr\/shop\/"},{"@type":"ListItem","position":3,"name":"D\u00e9marreur &#8211; Mercedes,Renault Claas &#8211; Volt\/Kw 12\/3 Moteur Mercedes 9 Dents"}]},{"@type":"WebSite","@id":"https:\/\/www.edel.fr\/en\/#website","url":"https:\/\/www.edel.fr\/en\/","name":"Edel","description":"Pi\u00e8ce d\u00e9tach\u00e9e de Tracteur Agricole","publisher":{"@id":"https:\/\/www.edel.fr\/en\/#organization"},"potentialAction":[{"@type":"SearchAction","target":{"@type":"EntryPoint","urlTemplate":"https:\/\/www.edel.fr\/en\/?s={search_term_string}"},"query-input":{"@type":"PropertyValueSpecification","valueRequired":true,"valueName":"search_term_string"}}],"inLanguage":"en-US"},{"@type":"Organization","@id":"https:\/\/www.edel.fr\/en\/#organization","name":"Edel","url":"https:\/\/www.edel.fr\/en\/","logo":{"@type":"ImageObject","inLanguage":"en-US","@id":"https:\/\/www.edel.fr\/en\/#\/schema\/logo\/image\/","url":"https:\/\/www.edel.fr\/uploads\/2018\/11\/logo-edel.png","contentUrl":"https:\/\/www.edel.fr\/uploads\/2018\/11\/logo-edel.png","width":257,"height":68,"caption":"Edel"},"image":{"@id":"https:\/\/www.edel.fr\/en\/#\/schema\/logo\/image\/"}}]}},"_links":{"self":[{"href":"https:\/\/www.edel.fr\/en\/wp-json\/wp\/v2\/product\/5917","targetHints":{"allow":["GET"]}}],"collection":[{"href":"https:\/\/www.edel.fr\/en\/wp-json\/wp\/v2\/product"}],"about":[{"href":"https:\/\/www.edel.fr\/en\/wp-json\/wp\/v2\/types\/product"}],"version-history":[{"count":1,"href":"https:\/\/www.edel.fr\/en\/wp-json\/wp\/v2\/product\/5917\/revisions"}],"predecessor-version":[{"id":6144,"href":"https:\/\/www.edel.fr\/en\/wp-json\/wp\/v2\/product\/5917\/revisions\/6144"}],"wp:attachment":[{"href":"https:\/\/www.edel.fr\/en\/wp-json\/wp\/v2\/media?parent=5917"}],"wp:term":[{"taxonomy":"product_brand","embeddable":true,"href":"https:\/\/www.edel.fr\/en\/wp-json\/wp\/v2\/product_brand?post=5917"},{"taxonomy":"product_cat","embeddable":true,"href":"https:\/\/www.edel.fr\/en\/wp-json\/wp\/v2\/product_cat?post=5917"},{"taxonomy":"product_tag","embeddable":true,"href":"https:\/\/www.edel.fr\/en\/wp-json\/wp\/v2\/product_tag?post=5917"},{"taxonomy":"tracteur","embeddable":true,"href":"https:\/\/www.edel.fr\/en\/wp-json\/wp\/v2\/tracteur?post=5917"}],"curies":[{"name":"wp","href":"https:\/\/api.w.org\/{rel}","templated":true}]}}