{"id":5912,"date":"2019-03-11T09:24:24","date_gmt":"2019-03-11T08:24:24","guid":{"rendered":"http:\/\/edel.stephanie.ct.webcd.lan\/shop\/demarreur-case-ihmassey-ferguson-volt-kw-12-28-fixation-a-droitevolt-kw-12-28-fixation-a-droite\/"},"modified":"2026-03-28T02:00:14","modified_gmt":"2026-03-28T01:00:14","slug":"demarreur-case-ihmassey-ferguson-volt-kw-12-28-fixation-a-droite","status":"publish","type":"product","link":"https:\/\/www.edel.fr\/en\/product\/demarreur-case-ihmassey-ferguson-volt-kw-12-28-fixation-a-droite\/","title":{"rendered":"D\u00e9marreur Case Ih, Massey Ferguson &#8211; 12V\/2,8Kw, Fixation droite"},"content":{"rendered":"<div data-elementor-type=\"wp-post\" data-elementor-id=\"5912\" class=\"elementor elementor-5912\">\n\t\t\t\t\t\t<section class=\"elementor-section elementor-top-section elementor-element elementor-element-665f9dcc elementor-section-boxed elementor-section-height-default elementor-section-height-default\" data-id=\"665f9dcc\" data-element_type=\"section\" data-e-type=\"section\">\n\t\t\t\t\t\t<div class=\"elementor-container elementor-column-gap-default\">\n\t\t\t\t\t<div class=\"elementor-column elementor-col-100 elementor-top-column elementor-element elementor-element-37fb076b\" data-id=\"37fb076b\" data-element_type=\"column\" data-e-type=\"column\">\n\t\t\t<div class=\"elementor-widget-wrap elementor-element-populated\">\n\t\t\t\t\t\t<div class=\"elementor-element elementor-element-36d83008 elementor-widget elementor-widget-heading\" data-id=\"36d83008\" data-element_type=\"widget\" data-e-type=\"widget\" data-widget_type=\"heading.default\">\n\t\t\t\t<div class=\"elementor-widget-container\">\n\t\t\t\t\t<h2 class=\"elementor-heading-title elementor-size-default\">D\u00e9marreur Case Ih, Massey Ferguson<\/h2>\t\t\t\t<\/div>\n\t\t\t\t<\/div>\n\t\t\t\t<div class=\"elementor-element elementor-element-3ec9e43f elementor-widget elementor-widget-heading\" data-id=\"3ec9e43f\" data-element_type=\"widget\" data-e-type=\"widget\" data-widget_type=\"heading.default\">\n\t\t\t\t<div class=\"elementor-widget-container\">\n\t\t\t\t\t<h3 class=\"elementor-heading-title elementor-size-default\">Information du produit :<\/h3>\t\t\t\t<\/div>\n\t\t\t\t<\/div>\n\t\t\t\t\t<\/div>\n\t\t<\/div>\n\t\t\t\t\t<\/div>\n\t\t<\/section>\n\t\t\t\t<section class=\"elementor-section elementor-top-section elementor-element elementor-element-6453f486 elementor-section-boxed elementor-section-height-default elementor-section-height-default\" data-id=\"6453f486\" data-element_type=\"section\" data-e-type=\"section\">\n\t\t\t\t\t\t<div class=\"elementor-container elementor-column-gap-default\">\n\t\t\t\t\t<div class=\"elementor-column elementor-col-100 elementor-top-column elementor-element elementor-element-2fcc2da7\" data-id=\"2fcc2da7\" data-element_type=\"column\" data-e-type=\"column\">\n\t\t\t<div class=\"elementor-widget-wrap elementor-element-populated\">\n\t\t\t\t\t\t<div class=\"elementor-element elementor-element-25de1d39 elementor-widget elementor-widget-text-editor\" data-id=\"25de1d39\" data-element_type=\"widget\" data-e-type=\"widget\" data-widget_type=\"text-editor.default\">\n\t\t\t\t<div class=\"elementor-widget-container\">\n\t\t\t\t\t\t\t\t\t<p><strong>12 Volt \/ 2,8 Kw, Fixation \u00e0 droite<\/strong><\/p><p>Le d\u00e9marreur de votre tracteur est indispensable, le tracteur ne pourra pas d\u00e9marrer correctement si le d\u00e9marreur n&rsquo;est pas fonctionnel. Il se pr\u00e9sente sous la forme d\u2019un petit moteur \u00e9lectrique, rattach\u00e9 au volant moteur. Il est directement aliment\u00e9 par la batterie et il a pour r\u00f4le de mettre en marche le moteur\u00a0de votre tracteur.<\/p><p>Pour trouver le bon <strong>d\u00e9marreur tracteur<\/strong> qui s\u2019adaptera au mieux \u00e0 votre engin agricole, il est \u00e9galement pr\u00e9f\u00e9rable de se r\u00e9f\u00e9rer \u00e0 sa r\u00e9f\u00e9rence d\u2019origine. Elle est en g\u00e9n\u00e9ral inscrite sur le d\u00e9marreur. Sans cette r\u00e9f\u00e9rence, il faudra vous appuyer sur la marque et le mod\u00e8le de votre <strong>tracteur agricole.<\/strong><\/p><p>Avant le d\u00e9montage de votre d\u00e9marreur, nous vous conseillons d&rsquo;abord de d\u00e9brancher votre batterie. Mais aussi de rep\u00e9rer les diff\u00e9rents branchements d\u2019alimentation du d\u00e9marreur.<\/p><p>Pour choisir son <strong>d\u00e9marreur de tracteur<\/strong>, il faut choisir entre les d\u00e9marreurs classiques ou les <strong>d\u00e9marreurs avec r\u00e9ducteur droit ou d\u00e9cal\u00e9.<\/strong><\/p><p>Il est possible de changer le d\u00e9marreur classique par un <strong>d\u00e9marreur avec r\u00e9ducteur.<\/strong> Par exemple, sur un <strong>tracteur ancien<\/strong>, cela lui simplifiera consid\u00e9rablement son d\u00e9marrage.<\/p><p>C\u2019est pourquoi nous vous proposons une pi\u00e8ce de marque\u00a0<a href=\"https:\/\/www.edel.fr\/en\/constructeur\/mahle\/\">Mahle<\/a>\u00a0\/\u00a0<a href=\"https:\/\/www.edel.fr\/en\/constructeur\/letrika\/\">Letrika<\/a>\u00a0reconnue pour sa fiabilit\u00e9.<\/p><p>D\u00e9marreur Case Ih, Massey Ferguson : 135, 140, 145, 148, 152, 155, 158, 165, 235, 240, 245, 250, 255, 260, 35, 355, 37, 42, 560, 65, CS58.<\/p><p><strong>R\u00e9f\u00e9rences constructeur\u00a0<\/strong><\/p><p>BOSCH : 0001362084<\/p><p>CARGO : 110818<\/p><p>CLAAS : 6005706637<\/p><p>LESTER : 17653<\/p><p>LUCAS : 26 344, 26 411, 26365, 27 522, 27 540, 27 571.<\/p><p>MAGNETON : 9142 764<\/p><p>MASSEY-FERGUSON : 168065M3, 1691805R2, 1808449R2, 1868 283 M5, 1893705T, 3597371R2, 968296M1, 968856M1.<\/p><p>SPAREX : 41138<\/p><p>Edel vous propose \u00e9galement une large gamme de d\u00e9marreur pour des applications sp\u00e9cifiques, et de diff\u00e9rentes marques.<\/p><p>Donc, pour plus de renseignements, n\u2019h\u00e9sitez pas \u00e0 nous consulter !<\/p>\t\t\t\t\t\t\t\t<\/div>\n\t\t\t\t<\/div>\n\t\t\t\t\t<\/div>\n\t\t<\/div>\n\t\t\t\t\t<\/div>\n\t\t<\/section>\n\t\t\t\t<\/div>","protected":false},"excerpt":{"rendered":"<p>D\u00e9marreur Case Ih, Massey Ferguson Information du produit : 12 Volt \/ 2,8 Kw, Fixation \u00e0 droite Le d\u00e9marreur de votre tracteur est indispensable, le tracteur ne pourra pas d\u00e9marrer correctement si le d\u00e9marreur n&rsquo;est pas fonctionnel. Il se pr\u00e9sente sous la forme d\u2019un petit moteur \u00e9lectrique, rattach\u00e9 au volant moteur. Il est directement aliment\u00e9<br \/><a class=\"more-link\" href=\"https:\/\/www.edel.fr\/en\/product\/demarreur-case-ihmassey-ferguson-volt-kw-12-28-fixation-a-droite\/\"><br \/>\n        Read More<span class=\"screen-reader-text\"> \u00ab\u00a0D\u00e9marreur Case Ih, Massey Ferguson &#8211; 12V\/2,8Kw, Fixation droite\u00a0\u00bb<\/span><\/a><\/p>","protected":false},"featured_media":5647,"template":"","meta":[],"product_brand":[],"product_cat":[3994,4007,165,154,119],"product_tag":[2460,180],"tracteur":[],"class_list":{"0":"post-5912","1":"product","2":"type-product","3":"status-publish","4":"has-post-thumbnail","6":"product_cat-demarreur-case-ih","7":"product_cat-demarreur-massey-ferguson","8":"product_cat-demarreurs","9":"product_cat-electricite","10":"product_cat-tracteurs-agricoles","11":"product_tag-demarreurs","12":"product_tag-electricite","13":"product_shipping_class-142","14":"pa_fabriquant-mahle","15":"pa_marque-tracteur-case-ih","16":"pa_marque-tracteur-massey-ferguson","17":"pa_modele-tracteur-cs","18":"pa_type-2-1190","19":"pa_type-2-1191","20":"pa_type-2-1192","21":"pa_type-2-1193","22":"pa_type-2-2090","23":"pa_type-2-1194","24":"pa_type-2-1195","25":"pa_type-2-1196","26":"pa_type-2-1372","27":"pa_type-2-1201","28":"pa_type-2-1202","29":"pa_type-2-1203","30":"pa_type-2-1428","31":"pa_type-2-1204","32":"pa_type-2-2086","33":"pa_type-2-1883","34":"pa_type-2-2088","35":"pa_type-2-2089","36":"pa_type-2-1431","37":"pa_type-2-1287","38":"pa_type-2-cs58","39":"badges-style-2","41":"first","42":"instock","43":"taxable","44":"shipping-taxable","45":"purchasable","46":"product-type-simple"},"acf":[],"yoast_head":"<!-- This site is optimized with the Yoast SEO plugin v27.3 - https:\/\/yoast.com\/product\/yoast-seo-wordpress\/ -->\n<title>D\u00e9marreur Case Ih, Massey Ferguson - 12V\/2,8Kw, Fixation droite - Edel<\/title>\n<meta name=\"description\" content=\"D\u00e9marreur Case Ih \/ Massey Ferguson - 12 Volt \/ 2,8 Kw, Fixation \u00e0 droite - 135 140 145 148 152 155 158 165 235 240 245 250 255 260 35 355 37 42 560 65 CS58\" \/>\n<meta name=\"robots\" content=\"index, follow, max-snippet:-1, max-image-preview:large, max-video-preview:-1\" \/>\n<link rel=\"canonical\" href=\"https:\/\/edel.fr\/produit\/demarreur-case-ihmassey-ferguson-volt-kw-12-28-fixation-a-droite\/\" \/>\n<meta property=\"og:locale\" content=\"en_US\" \/>\n<meta property=\"og:type\" content=\"article\" \/>\n<meta property=\"og:title\" content=\"D\u00e9marreur Case Ih, Massey Ferguson - 12V\/2,8Kw, Fixation droite - Edel\" \/>\n<meta property=\"og:description\" content=\"D\u00e9marreur Case Ih \/ Massey Ferguson - 12 Volt \/ 2,8 Kw, Fixation \u00e0 droite - 135 140 145 148 152 155 158 165 235 240 245 250 255 260 35 355 37 42 560 65 CS58\" \/>\n<meta property=\"og:url\" content=\"https:\/\/edel.fr\/produit\/demarreur-case-ihmassey-ferguson-volt-kw-12-28-fixation-a-droite\/\" \/>\n<meta property=\"og:site_name\" content=\"Edel\" \/>\n<meta property=\"article:modified_time\" content=\"2026-03-28T01:00:14+00:00\" \/>\n<meta property=\"og:image\" content=\"https:\/\/edel.fr\/uploads\/2019\/03\/D17.jpg\" \/>\n\t<meta property=\"og:image:width\" content=\"1920\" \/>\n\t<meta property=\"og:image:height\" content=\"1280\" \/>\n\t<meta property=\"og:image:type\" content=\"image\/jpeg\" \/>\n<meta name=\"twitter:card\" content=\"summary_large_image\" \/>\n<meta name=\"twitter:label1\" content=\"Est. reading time\" \/>\n\t<meta name=\"twitter:data1\" content=\"2 minutes\" \/>\n<script type=\"application\/ld+json\" class=\"yoast-schema-graph\">{\"@context\":\"https:\\\/\\\/schema.org\",\"@graph\":[{\"@type\":\"WebPage\",\"@id\":\"https:\\\/\\\/edel.fr\\\/produit\\\/demarreur-case-ihmassey-ferguson-volt-kw-12-28-fixation-a-droite\\\/\",\"url\":\"https:\\\/\\\/edel.fr\\\/produit\\\/demarreur-case-ihmassey-ferguson-volt-kw-12-28-fixation-a-droite\\\/\",\"name\":\"D\u00e9marreur Case Ih, Massey Ferguson - 12V\\\/2,8Kw, Fixation droite - Edel\",\"isPartOf\":{\"@id\":\"https:\\\/\\\/www.edel.fr\\\/en\\\/#website\"},\"primaryImageOfPage\":{\"@id\":\"https:\\\/\\\/edel.fr\\\/produit\\\/demarreur-case-ihmassey-ferguson-volt-kw-12-28-fixation-a-droite\\\/#primaryimage\"},\"image\":{\"@id\":\"https:\\\/\\\/edel.fr\\\/produit\\\/demarreur-case-ihmassey-ferguson-volt-kw-12-28-fixation-a-droite\\\/#primaryimage\"},\"thumbnailUrl\":\"https:\\\/\\\/www.edel.fr\\\/uploads\\\/2019\\\/03\\\/D17.jpg\",\"datePublished\":\"2019-03-11T08:24:24+00:00\",\"dateModified\":\"2026-03-28T01:00:14+00:00\",\"description\":\"D\u00e9marreur Case Ih \\\/ Massey Ferguson - 12 Volt \\\/ 2,8 Kw, Fixation \u00e0 droite - 135 140 145 148 152 155 158 165 235 240 245 250 255 260 35 355 37 42 560 65 CS58\",\"breadcrumb\":{\"@id\":\"https:\\\/\\\/edel.fr\\\/produit\\\/demarreur-case-ihmassey-ferguson-volt-kw-12-28-fixation-a-droite\\\/#breadcrumb\"},\"inLanguage\":\"en-US\",\"potentialAction\":[{\"@type\":\"ReadAction\",\"target\":[\"https:\\\/\\\/edel.fr\\\/produit\\\/demarreur-case-ihmassey-ferguson-volt-kw-12-28-fixation-a-droite\\\/\"]}]},{\"@type\":\"ImageObject\",\"inLanguage\":\"en-US\",\"@id\":\"https:\\\/\\\/edel.fr\\\/produit\\\/demarreur-case-ihmassey-ferguson-volt-kw-12-28-fixation-a-droite\\\/#primaryimage\",\"url\":\"https:\\\/\\\/www.edel.fr\\\/uploads\\\/2019\\\/03\\\/D17.jpg\",\"contentUrl\":\"https:\\\/\\\/www.edel.fr\\\/uploads\\\/2019\\\/03\\\/D17.jpg\",\"width\":1920,\"height\":1280,\"caption\":\"D\u00e9marreur Case Ih \\\/ Massey Ferguson - 12V\\\/2,8Kw, Fixation droite\"},{\"@type\":\"BreadcrumbList\",\"@id\":\"https:\\\/\\\/edel.fr\\\/produit\\\/demarreur-case-ihmassey-ferguson-volt-kw-12-28-fixation-a-droite\\\/#breadcrumb\",\"itemListElement\":[{\"@type\":\"ListItem\",\"position\":1,\"name\":\"Pi\u00e8ce Tracteur\",\"item\":\"https:\\\/\\\/www.edel.fr\\\/en\\\/\"},{\"@type\":\"ListItem\",\"position\":2,\"name\":\"Toutes nos pi\u00e8ces Tracteur\",\"item\":\"https:\\\/\\\/edel.fr\\\/shop\\\/\"},{\"@type\":\"ListItem\",\"position\":3,\"name\":\"D\u00e9marreur Case Ih, Massey Ferguson &#8211; 12V\\\/2,8Kw, Fixation droite\"}]},{\"@type\":\"WebSite\",\"@id\":\"https:\\\/\\\/www.edel.fr\\\/en\\\/#website\",\"url\":\"https:\\\/\\\/www.edel.fr\\\/en\\\/\",\"name\":\"Edel\",\"description\":\"Pi\u00e8ce d\u00e9tach\u00e9e de Tracteur Agricole\",\"publisher\":{\"@id\":\"https:\\\/\\\/www.edel.fr\\\/en\\\/#organization\"},\"potentialAction\":[{\"@type\":\"SearchAction\",\"target\":{\"@type\":\"EntryPoint\",\"urlTemplate\":\"https:\\\/\\\/www.edel.fr\\\/en\\\/?s={search_term_string}\"},\"query-input\":{\"@type\":\"PropertyValueSpecification\",\"valueRequired\":true,\"valueName\":\"search_term_string\"}}],\"inLanguage\":\"en-US\"},{\"@type\":\"Organization\",\"@id\":\"https:\\\/\\\/www.edel.fr\\\/en\\\/#organization\",\"name\":\"Edel\",\"url\":\"https:\\\/\\\/www.edel.fr\\\/en\\\/\",\"logo\":{\"@type\":\"ImageObject\",\"inLanguage\":\"en-US\",\"@id\":\"https:\\\/\\\/www.edel.fr\\\/en\\\/#\\\/schema\\\/logo\\\/image\\\/\",\"url\":\"https:\\\/\\\/www.edel.fr\\\/uploads\\\/2018\\\/11\\\/logo-edel.png\",\"contentUrl\":\"https:\\\/\\\/www.edel.fr\\\/uploads\\\/2018\\\/11\\\/logo-edel.png\",\"width\":257,\"height\":68,\"caption\":\"Edel\"},\"image\":{\"@id\":\"https:\\\/\\\/www.edel.fr\\\/en\\\/#\\\/schema\\\/logo\\\/image\\\/\"}}]}<\/script>\n<!-- \/ Yoast SEO plugin. -->","yoast_head_json":{"title":"D\u00e9marreur Case Ih, Massey Ferguson - 12V\/2,8Kw, Fixation droite - Edel","description":"D\u00e9marreur Case Ih \/ Massey Ferguson - 12 Volt \/ 2,8 Kw, Fixation \u00e0 droite - 135 140 145 148 152 155 158 165 235 240 245 250 255 260 35 355 37 42 560 65 CS58","robots":{"index":"index","follow":"follow","max-snippet":"max-snippet:-1","max-image-preview":"max-image-preview:large","max-video-preview":"max-video-preview:-1"},"canonical":"https:\/\/edel.fr\/produit\/demarreur-case-ihmassey-ferguson-volt-kw-12-28-fixation-a-droite\/","og_locale":"en_US","og_type":"article","og_title":"D\u00e9marreur Case Ih, Massey Ferguson - 12V\/2,8Kw, Fixation droite - Edel","og_description":"D\u00e9marreur Case Ih \/ Massey Ferguson - 12 Volt \/ 2,8 Kw, Fixation \u00e0 droite - 135 140 145 148 152 155 158 165 235 240 245 250 255 260 35 355 37 42 560 65 CS58","og_url":"https:\/\/edel.fr\/produit\/demarreur-case-ihmassey-ferguson-volt-kw-12-28-fixation-a-droite\/","og_site_name":"Edel","article_modified_time":"2026-03-28T01:00:14+00:00","og_image":[{"width":1920,"height":1280,"url":"https:\/\/edel.fr\/uploads\/2019\/03\/D17.jpg","type":"image\/jpeg"}],"twitter_card":"summary_large_image","twitter_misc":{"Est. reading time":"2 minutes"},"schema":{"@context":"https:\/\/schema.org","@graph":[{"@type":"WebPage","@id":"https:\/\/edel.fr\/produit\/demarreur-case-ihmassey-ferguson-volt-kw-12-28-fixation-a-droite\/","url":"https:\/\/edel.fr\/produit\/demarreur-case-ihmassey-ferguson-volt-kw-12-28-fixation-a-droite\/","name":"D\u00e9marreur Case Ih, Massey Ferguson - 12V\/2,8Kw, Fixation droite - Edel","isPartOf":{"@id":"https:\/\/www.edel.fr\/en\/#website"},"primaryImageOfPage":{"@id":"https:\/\/edel.fr\/produit\/demarreur-case-ihmassey-ferguson-volt-kw-12-28-fixation-a-droite\/#primaryimage"},"image":{"@id":"https:\/\/edel.fr\/produit\/demarreur-case-ihmassey-ferguson-volt-kw-12-28-fixation-a-droite\/#primaryimage"},"thumbnailUrl":"https:\/\/www.edel.fr\/uploads\/2019\/03\/D17.jpg","datePublished":"2019-03-11T08:24:24+00:00","dateModified":"2026-03-28T01:00:14+00:00","description":"D\u00e9marreur Case Ih \/ Massey Ferguson - 12 Volt \/ 2,8 Kw, Fixation \u00e0 droite - 135 140 145 148 152 155 158 165 235 240 245 250 255 260 35 355 37 42 560 65 CS58","breadcrumb":{"@id":"https:\/\/edel.fr\/produit\/demarreur-case-ihmassey-ferguson-volt-kw-12-28-fixation-a-droite\/#breadcrumb"},"inLanguage":"en-US","potentialAction":[{"@type":"ReadAction","target":["https:\/\/edel.fr\/produit\/demarreur-case-ihmassey-ferguson-volt-kw-12-28-fixation-a-droite\/"]}]},{"@type":"ImageObject","inLanguage":"en-US","@id":"https:\/\/edel.fr\/produit\/demarreur-case-ihmassey-ferguson-volt-kw-12-28-fixation-a-droite\/#primaryimage","url":"https:\/\/www.edel.fr\/uploads\/2019\/03\/D17.jpg","contentUrl":"https:\/\/www.edel.fr\/uploads\/2019\/03\/D17.jpg","width":1920,"height":1280,"caption":"D\u00e9marreur Case Ih \/ Massey Ferguson - 12V\/2,8Kw, Fixation droite"},{"@type":"BreadcrumbList","@id":"https:\/\/edel.fr\/produit\/demarreur-case-ihmassey-ferguson-volt-kw-12-28-fixation-a-droite\/#breadcrumb","itemListElement":[{"@type":"ListItem","position":1,"name":"Pi\u00e8ce Tracteur","item":"https:\/\/www.edel.fr\/en\/"},{"@type":"ListItem","position":2,"name":"Toutes nos pi\u00e8ces Tracteur","item":"https:\/\/edel.fr\/shop\/"},{"@type":"ListItem","position":3,"name":"D\u00e9marreur Case Ih, Massey Ferguson &#8211; 12V\/2,8Kw, Fixation droite"}]},{"@type":"WebSite","@id":"https:\/\/www.edel.fr\/en\/#website","url":"https:\/\/www.edel.fr\/en\/","name":"Edel","description":"Pi\u00e8ce d\u00e9tach\u00e9e de Tracteur Agricole","publisher":{"@id":"https:\/\/www.edel.fr\/en\/#organization"},"potentialAction":[{"@type":"SearchAction","target":{"@type":"EntryPoint","urlTemplate":"https:\/\/www.edel.fr\/en\/?s={search_term_string}"},"query-input":{"@type":"PropertyValueSpecification","valueRequired":true,"valueName":"search_term_string"}}],"inLanguage":"en-US"},{"@type":"Organization","@id":"https:\/\/www.edel.fr\/en\/#organization","name":"Edel","url":"https:\/\/www.edel.fr\/en\/","logo":{"@type":"ImageObject","inLanguage":"en-US","@id":"https:\/\/www.edel.fr\/en\/#\/schema\/logo\/image\/","url":"https:\/\/www.edel.fr\/uploads\/2018\/11\/logo-edel.png","contentUrl":"https:\/\/www.edel.fr\/uploads\/2018\/11\/logo-edel.png","width":257,"height":68,"caption":"Edel"},"image":{"@id":"https:\/\/www.edel.fr\/en\/#\/schema\/logo\/image\/"}}]}},"_links":{"self":[{"href":"https:\/\/www.edel.fr\/en\/wp-json\/wp\/v2\/product\/5912","targetHints":{"allow":["GET"]}}],"collection":[{"href":"https:\/\/www.edel.fr\/en\/wp-json\/wp\/v2\/product"}],"about":[{"href":"https:\/\/www.edel.fr\/en\/wp-json\/wp\/v2\/types\/product"}],"version-history":[{"count":2,"href":"https:\/\/www.edel.fr\/en\/wp-json\/wp\/v2\/product\/5912\/revisions"}],"predecessor-version":[{"id":15091,"href":"https:\/\/www.edel.fr\/en\/wp-json\/wp\/v2\/product\/5912\/revisions\/15091"}],"wp:featuredmedia":[{"embeddable":true,"href":"https:\/\/www.edel.fr\/en\/wp-json\/wp\/v2\/media\/5647"}],"wp:attachment":[{"href":"https:\/\/www.edel.fr\/en\/wp-json\/wp\/v2\/media?parent=5912"}],"wp:term":[{"taxonomy":"product_brand","embeddable":true,"href":"https:\/\/www.edel.fr\/en\/wp-json\/wp\/v2\/product_brand?post=5912"},{"taxonomy":"product_cat","embeddable":true,"href":"https:\/\/www.edel.fr\/en\/wp-json\/wp\/v2\/product_cat?post=5912"},{"taxonomy":"product_tag","embeddable":true,"href":"https:\/\/www.edel.fr\/en\/wp-json\/wp\/v2\/product_tag?post=5912"},{"taxonomy":"tracteur","embeddable":true,"href":"https:\/\/www.edel.fr\/en\/wp-json\/wp\/v2\/tracteur?post=5912"}],"curies":[{"name":"wp","href":"https:\/\/api.w.org\/{rel}","templated":true}]}}