{"id":5911,"date":"2019-03-11T09:24:24","date_gmt":"2019-03-11T08:24:24","guid":{"rendered":"http:\/\/edel.stephanie.ct.webcd.lan\/shop\/demarreur-case-ihdavid-brownford-new-hollandjcbmanitoumassey-ferguson-volt-kw-12-28-10-dentsvolt-kw-12-28-10-dentsvolt-kw-12-28-10-dentsvolt-kw-12-28-10-dentsvolt-kw-12-28-10-dentsv\/"},"modified":"2026-02-25T02:01:05","modified_gmt":"2026-02-25T01:01:05","slug":"demarreur-case-ihdavid-brownford-new-hollandjcbmanitoumassey-ferguson-volt-kw-12-28-10-dents","status":"publish","type":"product","link":"https:\/\/www.edel.fr\/en\/product\/demarreur-case-ihdavid-brownford-new-hollandjcbmanitoumassey-ferguson-volt-kw-12-28-10-dents\/","title":{"rendered":"D\u00e9marreur Case Ih David Brown Ford JCB Manitou MF &#8211; 12V\/2,8Kw"},"content":{"rendered":"<div data-elementor-type=\"wp-post\" data-elementor-id=\"5911\" class=\"elementor elementor-5911\">\n\t\t\t\t\t\t<section class=\"elementor-section elementor-top-section elementor-element elementor-element-5d1e195c elementor-section-boxed elementor-section-height-default elementor-section-height-default\" data-id=\"5d1e195c\" data-element_type=\"section\" data-e-type=\"section\">\n\t\t\t\t\t\t<div class=\"elementor-container elementor-column-gap-default\">\n\t\t\t\t\t<div class=\"elementor-column elementor-col-100 elementor-top-column elementor-element elementor-element-45df9eff\" data-id=\"45df9eff\" data-element_type=\"column\" data-e-type=\"column\">\n\t\t\t<div class=\"elementor-widget-wrap elementor-element-populated\">\n\t\t\t\t\t\t<div class=\"elementor-element elementor-element-182f65e6 elementor-widget elementor-widget-heading\" data-id=\"182f65e6\" data-element_type=\"widget\" data-e-type=\"widget\" data-widget_type=\"heading.default\">\n\t\t\t\t<div class=\"elementor-widget-container\">\n\t\t\t\t\t<h2 class=\"elementor-heading-title elementor-size-default\">D\u00e9marreur Case Ih David Brown, Ford New Holland, JCB, Manitou, Massey Ferguson<\/h2>\t\t\t\t<\/div>\n\t\t\t\t<\/div>\n\t\t\t\t<div class=\"elementor-element elementor-element-1146d607 elementor-widget elementor-widget-heading\" data-id=\"1146d607\" data-element_type=\"widget\" data-e-type=\"widget\" data-widget_type=\"heading.default\">\n\t\t\t\t<div class=\"elementor-widget-container\">\n\t\t\t\t\t<h3 class=\"elementor-heading-title elementor-size-default\">Information du produit :<\/h3>\t\t\t\t<\/div>\n\t\t\t\t<\/div>\n\t\t\t\t\t<\/div>\n\t\t<\/div>\n\t\t\t\t\t<\/div>\n\t\t<\/section>\n\t\t\t\t<section class=\"elementor-section elementor-top-section elementor-element elementor-element-1011c612 elementor-section-boxed elementor-section-height-default elementor-section-height-default\" data-id=\"1011c612\" data-element_type=\"section\" data-e-type=\"section\">\n\t\t\t\t\t\t<div class=\"elementor-container elementor-column-gap-default\">\n\t\t\t\t\t<div class=\"elementor-column elementor-col-100 elementor-top-column elementor-element elementor-element-29c4b5b9\" data-id=\"29c4b5b9\" data-element_type=\"column\" data-e-type=\"column\">\n\t\t\t<div class=\"elementor-widget-wrap elementor-element-populated\">\n\t\t\t\t\t\t<div class=\"elementor-element elementor-element-411ce533 elementor-widget elementor-widget-text-editor\" data-id=\"411ce533\" data-element_type=\"widget\" data-e-type=\"widget\" data-widget_type=\"text-editor.default\">\n\t\t\t\t<div class=\"elementor-widget-container\">\n\t\t\t\t\t\t\t\t\t<p><strong>12 Volt \/ 2,8 Kw, 10 Dents<\/strong><\/p><p>Le d\u00e9marreur de votre tracteur est indispensable, le tracteur ne pourra pas d\u00e9marrer correctement si le d\u00e9marreur n&rsquo;est pas fonctionnel. Il se pr\u00e9sente sous la forme d\u2019un petit moteur \u00e9lectrique, rattach\u00e9 au volant moteur. Il est directement aliment\u00e9 par la batterie et il a pour r\u00f4le de mettre en marche le moteur\u00a0de votre tracteur.<\/p><p>Pour trouver le bon <strong>d\u00e9marreur tracteur<\/strong> qui s\u2019adaptera au mieux \u00e0 votre engin agricole, il est \u00e9galement pr\u00e9f\u00e9rable de se r\u00e9f\u00e9rer \u00e0 sa r\u00e9f\u00e9rence d\u2019origine. Elle est en g\u00e9n\u00e9ral inscrite sur le d\u00e9marreur. Sans cette r\u00e9f\u00e9rence, il faudra vous appuyer sur la marque et le mod\u00e8le de votre <strong>tracteur agricole.<\/strong><\/p><p>Avant le d\u00e9montage de votre d\u00e9marreur, nous vous conseillons d&rsquo;abord de d\u00e9brancher votre batterie. Mais aussi de rep\u00e9rer les diff\u00e9rents branchements d\u2019alimentation du d\u00e9marreur.<\/p><p>Pour choisir son <strong>d\u00e9marreur de tracteur<\/strong>, il faut choisir entre les d\u00e9marreurs classiques ou les <strong>d\u00e9marreurs avec r\u00e9ducteur droit ou d\u00e9cal\u00e9.<\/strong><\/p><p>Il est possible de changer le d\u00e9marreur classique par un <strong>d\u00e9marreur avec r\u00e9ducteur.<\/strong> Par exemple, sur un <strong>tracteur ancien<\/strong>, cela lui simplifiera consid\u00e9rablement son d\u00e9marrage.<\/p><p>C\u2019est pourquoi nous vous proposons une pi\u00e8ce de marque\u00a0<a href=\"https:\/\/www.edel.fr\/en\/constructeur\/mahle\/\">Mahle<\/a>\u00a0\/\u00a0<a href=\"https:\/\/www.edel.fr\/en\/constructeur\/letrika\/\">Letrika<\/a>\u00a0reconnue pour sa fiabilit\u00e9.<\/p><p>D\u00e9marreur Case Ih David Brown, Ford New Holland, JCB, Manitou, Massey Ferguson : 1210, 1290, 1294, 1390, 1394, 1410, 1690, 20, 2000, 2275, 25, 2610, 3000, 3055, 35, 352000, 3610, 3910, 3930, 4000, 4100, 4110, 4600, 4610, 5000, 550, 5600, 5610, 580, 580 G, 580F, 580G, 5900, 655, 6600, 6610, 6700, 6710, 6810, 7000, 7610, 770, 7710, 7810, 7910, 8000, 8060, 8160, 8200, 8210, 8340, 835, 8360, 8460, 850, 855, 8600, 8700, 880, 8830, 9000, 9600, 9700, 990, 995, 996, MB8060, T85, TL80, TM160, TW15.<\/p><h4><strong>R\u00e9f\u00e9rences constructeur\u00a0<\/strong><\/h4><p>AGCO : C000900060130<\/p><p>BOSCH : 0986022750<\/p><p>CNH \/ FIAT AGRI : K262761<\/p><p>DAVID BROWN (CASE) : K308650<\/p><p>FORD : 70 20 0015 0<\/p><p>FORD NEW HOLLAND : 70 3F 11000 AA, 71 YB 11000 AA, D1 NN 11000 A, D2 NN 11000 B, D4 NN 11000 B, D7 NN 11000 B, D8 NN 11000 BA, D8 NN 11000 CA, D8 NN 11000 CB, D8 NN 11000 CE, D9 NN 11000 AA.<\/p><p>HELLA : 8EA 726 026-001, 8EA 737 236-001, CS 200, CS 987.<\/p><p>HITACHI : S13-61, S13-61A.<\/p><p>LESTER : 16608, 17294, 17646, 17655, 32766, 32767.<\/p><p>LUCAS : 26 211, 26 227, 26 291, 26 338, 26 339, 26 379, 26 395, 27 500, 27 528, 27 569, LRS00115, LRS00129, LRS00134, LRS00212, LRS00552, S 5012.<\/p><p>MAGNETI MARELLI : 632 275 69, MSN 202.<\/p><p>NEW HOLLAND : 82005342, 83949348, 83981923.<\/p><p>PRESTOLITE : 205000212, 35262480.<\/p><p>SPAREX : 65575<\/p><p>WILSON : 91-17-8862, 91-17-8882.<\/p><p>Edel vous propose \u00e9galement une large gamme de d\u00e9marreur pour des applications sp\u00e9cifiques, et de diff\u00e9rentes marques.<\/p><p>Donc, pour plus de renseignements, n\u2019h\u00e9sitez pas \u00e0 nous consulter !<\/p>\t\t\t\t\t\t\t\t<\/div>\n\t\t\t\t<\/div>\n\t\t\t\t\t<\/div>\n\t\t<\/div>\n\t\t\t\t\t<\/div>\n\t\t<\/section>\n\t\t\t\t<\/div>","protected":false},"excerpt":{"rendered":"<p>D\u00e9marreur Case Ih David Brown, Ford New Holland, JCB, Manitou, Massey Ferguson Information du produit : 12 Volt \/ 2,8 Kw, 10 Dents Le d\u00e9marreur de votre tracteur est indispensable, le tracteur ne pourra pas d\u00e9marrer correctement si le d\u00e9marreur n&rsquo;est pas fonctionnel. Il se pr\u00e9sente sous la forme d\u2019un petit moteur \u00e9lectrique, rattach\u00e9 au<br \/><a class=\"more-link\" href=\"https:\/\/www.edel.fr\/en\/product\/demarreur-case-ihdavid-brownford-new-hollandjcbmanitoumassey-ferguson-volt-kw-12-28-10-dents\/\"><br \/>\n        Read More<span class=\"screen-reader-text\"> \u00ab\u00a0D\u00e9marreur Case Ih David Brown Ford JCB Manitou MF &#8211; 12V\/2,8Kw\u00a0\u00bb<\/span><\/a><\/p>","protected":false},"featured_media":5646,"template":"","meta":[],"product_brand":[],"product_cat":[3994,3996,3999,4001,4006,4007,165,154,119],"product_tag":[2460,180],"tracteur":[],"class_list":{"0":"post-5911","1":"product","2":"type-product","3":"status-publish","4":"has-post-thumbnail","6":"product_cat-demarreur-case-ih","7":"product_cat-demarreur-david-brown","8":"product_cat-demarreur-ford-new-holland","9":"product_cat-demarreur-jcb","10":"product_cat-demarreur-manitou","11":"product_cat-demarreur-massey-ferguson","12":"product_cat-demarreurs","13":"product_cat-electricite","14":"product_cat-tracteurs-agricoles","15":"product_tag-demarreurs","16":"product_tag-electricite","17":"product_shipping_class-142","18":"pa_fabriquant-mahle","19":"pa_marque-tracteur-case-ih","20":"pa_marque-tracteur-david-brown","21":"pa_marque-tracteur-ford-new-holland","22":"pa_marque-tracteur-jcb","23":"pa_marque-tracteur-manitou","24":"pa_marque-tracteur-massey-ferguson","25":"pa_modele-tracteur-elevateurs","26":"pa_modele-tracteur-manuscop","27":"pa_modele-tracteur-portos","28":"pa_modele-tracteur-t","29":"pa_modele-tracteur-tl","30":"pa_modele-tracteur-tm","31":"pa_modele-tracteur-tw","32":"pa_type-2-2059","33":"pa_type-2-1359","34":"pa_type-2-2060","35":"pa_type-2-1360","36":"pa_type-2-1601","37":"pa_type-2-2061","38":"pa_type-2-2062","39":"pa_type-2-2032","40":"pa_type-2-1439","41":"pa_type-2-2063","42":"pa_type-2-2064","43":"pa_type-2-1665","44":"pa_type-2-1445","45":"pa_type-2-2066","46":"pa_type-2-2086","47":"pa_type-2-2085","48":"pa_type-2-1453","49":"pa_type-2-1666","50":"pa_type-2-2067","51":"pa_type-2-2017","52":"pa_type-2-2068","53":"pa_type-2-2069","54":"pa_type-2-2070","55":"pa_type-2-1667","56":"pa_type-2-1669","57":"pa_type-2-1430","58":"pa_type-2-2071","59":"pa_type-2-1639","60":"pa_type-2-1168","61":"pa_type-2-580-g","62":"pa_type-2-580f","63":"pa_type-2-580g","64":"pa_type-2-2072","65":"pa_type-2-2065","66":"pa_type-2-1615","67":"pa_type-2-1673","68":"pa_type-2-1674","69":"pa_type-2-1675","70":"pa_type-2-1676","71":"pa_type-2-2073","72":"pa_type-2-1304","73":"pa_type-2-2056","74":"pa_type-2-1678","75":"pa_type-2-1305","76":"pa_type-2-1641","77":"pa_type-2-2074","78":"pa_type-2-1303","79":"pa_type-2-1338","80":"pa_type-2-1722","81":"pa_type-2-2075","82":"pa_type-2-1704","83":"pa_type-2-2087","84":"pa_type-2-2076","85":"pa_type-2-2077","86":"pa_type-2-1632","87":"pa_type-2-1171","88":"pa_type-2-2078","89":"pa_type-2-1643","90":"pa_type-2-1172","91":"pa_type-2-1770","92":"pa_type-2-2079","93":"pa_type-2-2080","94":"pa_type-2-1644","95":"pa_type-2-2057","96":"pa_type-2-1358","97":"pa_type-2-2058","98":"pa_type-2-mb8060","99":"pa_type-2-t85","100":"pa_type-2-tl80","101":"pa_type-2-tm160","102":"pa_type-2-tw15","103":"badges-style-2","105":"first","106":"instock","107":"taxable","108":"shipping-taxable","109":"purchasable","110":"product-type-simple"},"acf":[],"yoast_head":"<!-- This site is optimized with the Yoast SEO plugin v27.3 - https:\/\/yoast.com\/product\/yoast-seo-wordpress\/ -->\n<title>D\u00e9marreur Case Ih David Brown Ford JCB Manitou MF - 12V\/2,8Kw - Edel<\/title>\n<meta name=\"description\" content=\"D\u00e9marreur Case Ih David Brown, Ford New Holland, JCB, Manitou, Massey Ferguson - 12 Volt \/ 2,8 Kw, 10 Dents - Tracteur Agricole\" \/>\n<meta name=\"robots\" content=\"index, follow, max-snippet:-1, max-image-preview:large, max-video-preview:-1\" \/>\n<link rel=\"canonical\" href=\"http:\/\/www.edel.fr\/en\/product\/demarreur-case-ihdavid-brownford-new-hollandjcbmanitoumassey-ferguson-volt-kw-12-28-10-dents\/\" \/>\n<meta property=\"og:locale\" content=\"en_US\" \/>\n<meta property=\"og:type\" content=\"article\" \/>\n<meta property=\"og:title\" content=\"D\u00e9marreur Case Ih David Brown Ford JCB Manitou MF - 12V\/2,8Kw - Edel\" \/>\n<meta property=\"og:description\" content=\"D\u00e9marreur Case Ih David Brown, Ford New Holland, JCB, Manitou, Massey Ferguson - 12 Volt \/ 2,8 Kw, 10 Dents - Tracteur Agricole\" \/>\n<meta property=\"og:url\" content=\"http:\/\/www.edel.fr\/en\/product\/demarreur-case-ihdavid-brownford-new-hollandjcbmanitoumassey-ferguson-volt-kw-12-28-10-dents\/\" \/>\n<meta property=\"og:site_name\" content=\"Edel\" \/>\n<meta property=\"article:modified_time\" content=\"2026-02-25T01:01:05+00:00\" \/>\n<meta property=\"og:image\" content=\"http:\/\/www.edel.fr\/uploads\/2019\/03\/D16.jpg\" \/>\n\t<meta property=\"og:image:width\" content=\"1920\" \/>\n\t<meta property=\"og:image:height\" content=\"1280\" \/>\n\t<meta property=\"og:image:type\" content=\"image\/jpeg\" \/>\n<meta name=\"twitter:card\" content=\"summary_large_image\" \/>\n<meta name=\"twitter:label1\" content=\"Est. reading time\" \/>\n\t<meta name=\"twitter:data1\" content=\"3 minutes\" \/>\n<script type=\"application\/ld+json\" class=\"yoast-schema-graph\">{\"@context\":\"https:\\\/\\\/schema.org\",\"@graph\":[{\"@type\":\"WebPage\",\"@id\":\"http:\\\/\\\/www.edel.fr\\\/produit\\\/demarreur-case-ihdavid-brownford-new-hollandjcbmanitoumassey-ferguson-volt-kw-12-28-10-dents\\\/\",\"url\":\"http:\\\/\\\/www.edel.fr\\\/produit\\\/demarreur-case-ihdavid-brownford-new-hollandjcbmanitoumassey-ferguson-volt-kw-12-28-10-dents\\\/\",\"name\":\"D\u00e9marreur Case Ih David Brown Ford JCB Manitou MF - 12V\\\/2,8Kw - Edel\",\"isPartOf\":{\"@id\":\"https:\\\/\\\/www.edel.fr\\\/en\\\/#website\"},\"primaryImageOfPage\":{\"@id\":\"http:\\\/\\\/www.edel.fr\\\/produit\\\/demarreur-case-ihdavid-brownford-new-hollandjcbmanitoumassey-ferguson-volt-kw-12-28-10-dents\\\/#primaryimage\"},\"image\":{\"@id\":\"http:\\\/\\\/www.edel.fr\\\/produit\\\/demarreur-case-ihdavid-brownford-new-hollandjcbmanitoumassey-ferguson-volt-kw-12-28-10-dents\\\/#primaryimage\"},\"thumbnailUrl\":\"https:\\\/\\\/www.edel.fr\\\/uploads\\\/2019\\\/03\\\/D16.jpg\",\"datePublished\":\"2019-03-11T08:24:24+00:00\",\"dateModified\":\"2026-02-25T01:01:05+00:00\",\"description\":\"D\u00e9marreur Case Ih David Brown, Ford New Holland, JCB, Manitou, Massey Ferguson - 12 Volt \\\/ 2,8 Kw, 10 Dents - Tracteur Agricole\",\"breadcrumb\":{\"@id\":\"http:\\\/\\\/www.edel.fr\\\/produit\\\/demarreur-case-ihdavid-brownford-new-hollandjcbmanitoumassey-ferguson-volt-kw-12-28-10-dents\\\/#breadcrumb\"},\"inLanguage\":\"en-US\",\"potentialAction\":[{\"@type\":\"ReadAction\",\"target\":[\"http:\\\/\\\/www.edel.fr\\\/produit\\\/demarreur-case-ihdavid-brownford-new-hollandjcbmanitoumassey-ferguson-volt-kw-12-28-10-dents\\\/\"]}]},{\"@type\":\"ImageObject\",\"inLanguage\":\"en-US\",\"@id\":\"http:\\\/\\\/www.edel.fr\\\/produit\\\/demarreur-case-ihdavid-brownford-new-hollandjcbmanitoumassey-ferguson-volt-kw-12-28-10-dents\\\/#primaryimage\",\"url\":\"https:\\\/\\\/www.edel.fr\\\/uploads\\\/2019\\\/03\\\/D16.jpg\",\"contentUrl\":\"https:\\\/\\\/www.edel.fr\\\/uploads\\\/2019\\\/03\\\/D16.jpg\",\"width\":1920,\"height\":1280,\"caption\":\"D\u00e9marreur Case Ih David Brown Ford JCB Manitou MF - 12V\\\/2,8Kw\"},{\"@type\":\"BreadcrumbList\",\"@id\":\"http:\\\/\\\/www.edel.fr\\\/produit\\\/demarreur-case-ihdavid-brownford-new-hollandjcbmanitoumassey-ferguson-volt-kw-12-28-10-dents\\\/#breadcrumb\",\"itemListElement\":[{\"@type\":\"ListItem\",\"position\":1,\"name\":\"Pi\u00e8ce Tracteur\",\"item\":\"https:\\\/\\\/www.edel.fr\\\/en\\\/\"},{\"@type\":\"ListItem\",\"position\":2,\"name\":\"Toutes nos pi\u00e8ces Tracteur\",\"item\":\"https:\\\/\\\/edel.fr\\\/shop\\\/\"},{\"@type\":\"ListItem\",\"position\":3,\"name\":\"D\u00e9marreur Case Ih David Brown Ford JCB Manitou MF &#8211; 12V\\\/2,8Kw\"}]},{\"@type\":\"WebSite\",\"@id\":\"https:\\\/\\\/www.edel.fr\\\/en\\\/#website\",\"url\":\"https:\\\/\\\/www.edel.fr\\\/en\\\/\",\"name\":\"Edel\",\"description\":\"Pi\u00e8ce d\u00e9tach\u00e9e de Tracteur Agricole\",\"publisher\":{\"@id\":\"https:\\\/\\\/www.edel.fr\\\/en\\\/#organization\"},\"potentialAction\":[{\"@type\":\"SearchAction\",\"target\":{\"@type\":\"EntryPoint\",\"urlTemplate\":\"https:\\\/\\\/www.edel.fr\\\/en\\\/?s={search_term_string}\"},\"query-input\":{\"@type\":\"PropertyValueSpecification\",\"valueRequired\":true,\"valueName\":\"search_term_string\"}}],\"inLanguage\":\"en-US\"},{\"@type\":\"Organization\",\"@id\":\"https:\\\/\\\/www.edel.fr\\\/en\\\/#organization\",\"name\":\"Edel\",\"url\":\"https:\\\/\\\/www.edel.fr\\\/en\\\/\",\"logo\":{\"@type\":\"ImageObject\",\"inLanguage\":\"en-US\",\"@id\":\"https:\\\/\\\/www.edel.fr\\\/en\\\/#\\\/schema\\\/logo\\\/image\\\/\",\"url\":\"https:\\\/\\\/www.edel.fr\\\/uploads\\\/2018\\\/11\\\/logo-edel.png\",\"contentUrl\":\"https:\\\/\\\/www.edel.fr\\\/uploads\\\/2018\\\/11\\\/logo-edel.png\",\"width\":257,\"height\":68,\"caption\":\"Edel\"},\"image\":{\"@id\":\"https:\\\/\\\/www.edel.fr\\\/en\\\/#\\\/schema\\\/logo\\\/image\\\/\"}}]}<\/script>\n<!-- \/ Yoast SEO plugin. -->","yoast_head_json":{"title":"D\u00e9marreur Case Ih David Brown Ford JCB Manitou MF - 12V\/2,8Kw - Edel","description":"D\u00e9marreur Case Ih David Brown, Ford New Holland, JCB, Manitou, Massey Ferguson - 12 Volt \/ 2,8 Kw, 10 Dents - Tracteur Agricole","robots":{"index":"index","follow":"follow","max-snippet":"max-snippet:-1","max-image-preview":"max-image-preview:large","max-video-preview":"max-video-preview:-1"},"canonical":"http:\/\/www.edel.fr\/en\/product\/demarreur-case-ihdavid-brownford-new-hollandjcbmanitoumassey-ferguson-volt-kw-12-28-10-dents\/","og_locale":"en_US","og_type":"article","og_title":"D\u00e9marreur Case Ih David Brown Ford JCB Manitou MF - 12V\/2,8Kw - Edel","og_description":"D\u00e9marreur Case Ih David Brown, Ford New Holland, JCB, Manitou, Massey Ferguson - 12 Volt \/ 2,8 Kw, 10 Dents - Tracteur Agricole","og_url":"http:\/\/www.edel.fr\/en\/product\/demarreur-case-ihdavid-brownford-new-hollandjcbmanitoumassey-ferguson-volt-kw-12-28-10-dents\/","og_site_name":"Edel","article_modified_time":"2026-02-25T01:01:05+00:00","og_image":[{"width":1920,"height":1280,"url":"http:\/\/www.edel.fr\/uploads\/2019\/03\/D16.jpg","type":"image\/jpeg"}],"twitter_card":"summary_large_image","twitter_misc":{"Est. reading time":"3 minutes"},"schema":{"@context":"https:\/\/schema.org","@graph":[{"@type":"WebPage","@id":"http:\/\/www.edel.fr\/produit\/demarreur-case-ihdavid-brownford-new-hollandjcbmanitoumassey-ferguson-volt-kw-12-28-10-dents\/","url":"http:\/\/www.edel.fr\/produit\/demarreur-case-ihdavid-brownford-new-hollandjcbmanitoumassey-ferguson-volt-kw-12-28-10-dents\/","name":"D\u00e9marreur Case Ih David Brown Ford JCB Manitou MF - 12V\/2,8Kw - Edel","isPartOf":{"@id":"https:\/\/www.edel.fr\/en\/#website"},"primaryImageOfPage":{"@id":"http:\/\/www.edel.fr\/produit\/demarreur-case-ihdavid-brownford-new-hollandjcbmanitoumassey-ferguson-volt-kw-12-28-10-dents\/#primaryimage"},"image":{"@id":"http:\/\/www.edel.fr\/produit\/demarreur-case-ihdavid-brownford-new-hollandjcbmanitoumassey-ferguson-volt-kw-12-28-10-dents\/#primaryimage"},"thumbnailUrl":"https:\/\/www.edel.fr\/uploads\/2019\/03\/D16.jpg","datePublished":"2019-03-11T08:24:24+00:00","dateModified":"2026-02-25T01:01:05+00:00","description":"D\u00e9marreur Case Ih David Brown, Ford New Holland, JCB, Manitou, Massey Ferguson - 12 Volt \/ 2,8 Kw, 10 Dents - Tracteur Agricole","breadcrumb":{"@id":"http:\/\/www.edel.fr\/produit\/demarreur-case-ihdavid-brownford-new-hollandjcbmanitoumassey-ferguson-volt-kw-12-28-10-dents\/#breadcrumb"},"inLanguage":"en-US","potentialAction":[{"@type":"ReadAction","target":["http:\/\/www.edel.fr\/produit\/demarreur-case-ihdavid-brownford-new-hollandjcbmanitoumassey-ferguson-volt-kw-12-28-10-dents\/"]}]},{"@type":"ImageObject","inLanguage":"en-US","@id":"http:\/\/www.edel.fr\/produit\/demarreur-case-ihdavid-brownford-new-hollandjcbmanitoumassey-ferguson-volt-kw-12-28-10-dents\/#primaryimage","url":"https:\/\/www.edel.fr\/uploads\/2019\/03\/D16.jpg","contentUrl":"https:\/\/www.edel.fr\/uploads\/2019\/03\/D16.jpg","width":1920,"height":1280,"caption":"D\u00e9marreur Case Ih David Brown Ford JCB Manitou MF - 12V\/2,8Kw"},{"@type":"BreadcrumbList","@id":"http:\/\/www.edel.fr\/produit\/demarreur-case-ihdavid-brownford-new-hollandjcbmanitoumassey-ferguson-volt-kw-12-28-10-dents\/#breadcrumb","itemListElement":[{"@type":"ListItem","position":1,"name":"Pi\u00e8ce Tracteur","item":"https:\/\/www.edel.fr\/en\/"},{"@type":"ListItem","position":2,"name":"Toutes nos pi\u00e8ces Tracteur","item":"https:\/\/edel.fr\/shop\/"},{"@type":"ListItem","position":3,"name":"D\u00e9marreur Case Ih David Brown Ford JCB Manitou MF &#8211; 12V\/2,8Kw"}]},{"@type":"WebSite","@id":"https:\/\/www.edel.fr\/en\/#website","url":"https:\/\/www.edel.fr\/en\/","name":"Edel","description":"Pi\u00e8ce d\u00e9tach\u00e9e de Tracteur Agricole","publisher":{"@id":"https:\/\/www.edel.fr\/en\/#organization"},"potentialAction":[{"@type":"SearchAction","target":{"@type":"EntryPoint","urlTemplate":"https:\/\/www.edel.fr\/en\/?s={search_term_string}"},"query-input":{"@type":"PropertyValueSpecification","valueRequired":true,"valueName":"search_term_string"}}],"inLanguage":"en-US"},{"@type":"Organization","@id":"https:\/\/www.edel.fr\/en\/#organization","name":"Edel","url":"https:\/\/www.edel.fr\/en\/","logo":{"@type":"ImageObject","inLanguage":"en-US","@id":"https:\/\/www.edel.fr\/en\/#\/schema\/logo\/image\/","url":"https:\/\/www.edel.fr\/uploads\/2018\/11\/logo-edel.png","contentUrl":"https:\/\/www.edel.fr\/uploads\/2018\/11\/logo-edel.png","width":257,"height":68,"caption":"Edel"},"image":{"@id":"https:\/\/www.edel.fr\/en\/#\/schema\/logo\/image\/"}}]}},"_links":{"self":[{"href":"https:\/\/www.edel.fr\/en\/wp-json\/wp\/v2\/product\/5911","targetHints":{"allow":["GET"]}}],"collection":[{"href":"https:\/\/www.edel.fr\/en\/wp-json\/wp\/v2\/product"}],"about":[{"href":"https:\/\/www.edel.fr\/en\/wp-json\/wp\/v2\/types\/product"}],"version-history":[{"count":2,"href":"https:\/\/www.edel.fr\/en\/wp-json\/wp\/v2\/product\/5911\/revisions"}],"predecessor-version":[{"id":15092,"href":"https:\/\/www.edel.fr\/en\/wp-json\/wp\/v2\/product\/5911\/revisions\/15092"}],"wp:featuredmedia":[{"embeddable":true,"href":"https:\/\/www.edel.fr\/en\/wp-json\/wp\/v2\/media\/5646"}],"wp:attachment":[{"href":"https:\/\/www.edel.fr\/en\/wp-json\/wp\/v2\/media?parent=5911"}],"wp:term":[{"taxonomy":"product_brand","embeddable":true,"href":"https:\/\/www.edel.fr\/en\/wp-json\/wp\/v2\/product_brand?post=5911"},{"taxonomy":"product_cat","embeddable":true,"href":"https:\/\/www.edel.fr\/en\/wp-json\/wp\/v2\/product_cat?post=5911"},{"taxonomy":"product_tag","embeddable":true,"href":"https:\/\/www.edel.fr\/en\/wp-json\/wp\/v2\/product_tag?post=5911"},{"taxonomy":"tracteur","embeddable":true,"href":"https:\/\/www.edel.fr\/en\/wp-json\/wp\/v2\/tracteur?post=5911"}],"curies":[{"name":"wp","href":"https:\/\/api.w.org\/{rel}","templated":true}]}}