{"id":5907,"date":"2019-03-11T09:24:24","date_gmt":"2019-03-11T08:24:24","guid":{"rendered":"http:\/\/edel.stephanie.ct.webcd.lan\/shop\/demarreur-deutzlsh-lamborghini-same-hurlimann-volt-kw-12-27-11-dents-2-trous-de-fixationvolt-kw-12-27-11-dents-2-trous-de-fixation\/"},"modified":"2026-04-02T03:00:53","modified_gmt":"2026-04-02T01:00:53","slug":"demarreur-deutzlsh-lamborghini-same-hurlimann-volt-kw-12-27-11-dents-2-trous-de-fixation","status":"publish","type":"product","link":"https:\/\/www.edel.fr\/en\/product\/demarreur-deutzlsh-lamborghini-same-hurlimann-volt-kw-12-27-11-dents-2-trous-de-fixation\/","title":{"rendered":"D\u00e9marreur &#8211; Deutz, Lsh Lamborghini Same &#8211; 12Volt\/2,7Kw, 11 Dents"},"content":{"rendered":"<div data-elementor-type=\"wp-post\" data-elementor-id=\"5907\" class=\"elementor elementor-5907\">\n\t\t\t\t\t\t<section class=\"elementor-section elementor-top-section elementor-element elementor-element-592b482 elementor-section-boxed elementor-section-height-default elementor-section-height-default\" data-id=\"592b482\" data-element_type=\"section\" data-e-type=\"section\">\n\t\t\t\t\t\t<div class=\"elementor-container elementor-column-gap-default\">\n\t\t\t\t\t<div class=\"elementor-column elementor-col-100 elementor-top-column elementor-element elementor-element-1aead5c0\" data-id=\"1aead5c0\" data-element_type=\"column\" data-e-type=\"column\">\n\t\t\t<div class=\"elementor-widget-wrap elementor-element-populated\">\n\t\t\t\t\t\t<div class=\"elementor-element elementor-element-12d237fd elementor-widget elementor-widget-heading\" data-id=\"12d237fd\" data-element_type=\"widget\" data-e-type=\"widget\" data-widget_type=\"heading.default\">\n\t\t\t\t<div class=\"elementor-widget-container\">\n\t\t\t\t\t<h2 class=\"elementor-heading-title elementor-size-default\">D\u00e9marreur - Deutz, Lsh Lamborghini Same H\u00fcrlimann<\/h2>\t\t\t\t<\/div>\n\t\t\t\t<\/div>\n\t\t\t\t<div class=\"elementor-element elementor-element-1b5b8226 elementor-widget elementor-widget-heading\" data-id=\"1b5b8226\" data-element_type=\"widget\" data-e-type=\"widget\" data-widget_type=\"heading.default\">\n\t\t\t\t<div class=\"elementor-widget-container\">\n\t\t\t\t\t<h3 class=\"elementor-heading-title elementor-size-default\">Information du produit :<\/h3>\t\t\t\t<\/div>\n\t\t\t\t<\/div>\n\t\t\t\t\t<\/div>\n\t\t<\/div>\n\t\t\t\t\t<\/div>\n\t\t<\/section>\n\t\t\t\t<section class=\"elementor-section elementor-top-section elementor-element elementor-element-17dd18c7 elementor-section-boxed elementor-section-height-default elementor-section-height-default\" data-id=\"17dd18c7\" data-element_type=\"section\" data-e-type=\"section\">\n\t\t\t\t\t\t<div class=\"elementor-container elementor-column-gap-default\">\n\t\t\t\t\t<div class=\"elementor-column elementor-col-100 elementor-top-column elementor-element elementor-element-3d960118\" data-id=\"3d960118\" data-element_type=\"column\" data-e-type=\"column\">\n\t\t\t<div class=\"elementor-widget-wrap elementor-element-populated\">\n\t\t\t\t\t\t<div class=\"elementor-element elementor-element-37d3534b elementor-widget elementor-widget-text-editor\" data-id=\"37d3534b\" data-element_type=\"widget\" data-e-type=\"widget\" data-widget_type=\"text-editor.default\">\n\t\t\t\t<div class=\"elementor-widget-container\">\n\t\t\t\t\t\t\t\t\t<p><strong>12 Volt \/ 2,7 Kw, 11 Dents 2 Trous de Fixation<\/strong><\/p><p>Le d\u00e9marreur de votre tracteur est indispensable, le tracteur ne pourra pas d\u00e9marrer correctement si le d\u00e9marreur n&rsquo;est pas fonctionnel. Il se pr\u00e9sente sous la forme d\u2019un petit moteur \u00e9lectrique, rattach\u00e9 au volant moteur. Il est directement aliment\u00e9 par la batterie et il a pour r\u00f4le de mettre en marche le moteur\u00a0de votre tracteur.<\/p><p>Pour trouver le bon <strong>d\u00e9marreur tracteur<\/strong> qui s\u2019adaptera au mieux \u00e0 votre engin agricole, il est \u00e9galement pr\u00e9f\u00e9rable de se r\u00e9f\u00e9rer \u00e0 sa r\u00e9f\u00e9rence d\u2019origine. Elle est en g\u00e9n\u00e9ral inscrite sur le d\u00e9marreur. Sans cette r\u00e9f\u00e9rence, il faudra vous appuyer sur la marque et le mod\u00e8le de votre <strong>tracteur agricole.<\/strong><\/p><p>Avant le d\u00e9montage de votre d\u00e9marreur, nous vous conseillons d&rsquo;abord de d\u00e9brancher votre batterie. Mais aussi de rep\u00e9rer les diff\u00e9rents branchements d\u2019alimentation du d\u00e9marreur.<\/p><p>Pour choisir son <strong>d\u00e9marreur de tracteur<\/strong>, il faut choisir entre les d\u00e9marreurs classiques ou les <strong>d\u00e9marreurs avec r\u00e9ducteur droit ou d\u00e9cal\u00e9.<\/strong><\/p><p>Il est possible de changer le d\u00e9marreur classique par un <strong>d\u00e9marreur avec r\u00e9ducteur.<\/strong> Par exemple, sur un <strong>tracteur ancien<\/strong>, cela lui simplifiera consid\u00e9rablement son d\u00e9marrage.<\/p><p>C\u2019est pourquoi nous vous proposons une pi\u00e8ce de marque\u00a0<a href=\"https:\/\/www.edel.fr\/en\/constructeur\/mahle\/\">Mahle<\/a>\u00a0\/\u00a0<a href=\"https:\/\/www.edel.fr\/en\/constructeur\/letrika\/\">Letrika<\/a>\u00a0reconnue pour sa fiabilit\u00e9.<\/p><p>D\u00e9marreur &#8211; Deutz, Lsh Lamborghini Same : 235, 350, 503, 513, 754, 775, D15, D25, D2505, D30, Dorado 65, Mercury 85, Minitauro 60, Solar 50.<\/p><p><strong>R\u00e9f\u00e9rences constructeur\u00a0<\/strong><\/p><p>BOSCH : 0001314011, 0001354010, 0001354090, 0001362022, 0001362035.<\/p><p>CLAAS : 6005706627<\/p><p>DEUTZ DITER : 605720100084<\/p><p>FIAT : 2961928<\/p><p>LESTER : 17114, 19671.<\/p><p>LUCAS : LRS02050<\/p><p>MAGNETI MARELLI : 632 171 38, 632 171 63, MSN 233, MT 71 FB.<\/p><p>MAN : 51 26201 7011<\/p><p>MWM-DIESEL : 6 0572 01 0 0084<\/p><p>SAME (DEUTZ- FAHR GROUP) : 2 9619 030 0, 2 9619 080 0, 2 9619 360 0, 2 9619 370 0.<\/p><p>SPAREX : 399020<\/p><p>STEYR : 207 09 0002<\/p><p>Edel vous propose \u00e9galement une large gamme de d\u00e9marreur pour des applications sp\u00e9cifiques, et de diff\u00e9rentes marques.<\/p><p>Donc, pour plus de renseignements, n\u2019h\u00e9sitez pas \u00e0 nous consulter !<\/p>\t\t\t\t\t\t\t\t<\/div>\n\t\t\t\t<\/div>\n\t\t\t\t\t<\/div>\n\t\t<\/div>\n\t\t\t\t\t<\/div>\n\t\t<\/section>\n\t\t\t\t<\/div>","protected":false},"excerpt":{"rendered":"<p>D\u00e9marreur &#8211; Deutz, Lsh Lamborghini Same H\u00fcrlimann Information du produit : 12 Volt \/ 2,7 Kw, 11 Dents 2 Trous de Fixation Le d\u00e9marreur de votre tracteur est indispensable, le tracteur ne pourra pas d\u00e9marrer correctement si le d\u00e9marreur n&rsquo;est pas fonctionnel. Il se pr\u00e9sente sous la forme d\u2019un petit moteur \u00e9lectrique, rattach\u00e9 au volant<br \/><a class=\"more-link\" href=\"https:\/\/www.edel.fr\/en\/product\/demarreur-deutzlsh-lamborghini-same-hurlimann-volt-kw-12-27-11-dents-2-trous-de-fixation\/\"><br \/>\n        Read More<span class=\"screen-reader-text\"> \u00ab\u00a0D\u00e9marreur &#8211; Deutz, Lsh Lamborghini Same &#8211; 12Volt\/2,7Kw, 11 Dents\u00a0\u00bb<\/span><\/a><\/p>","protected":false},"featured_media":5642,"template":"","meta":[],"product_brand":[],"product_cat":[4003,4004,165,154,119],"product_tag":[2460,180],"tracteur":[],"class_list":{"0":"post-5907","1":"product","2":"type-product","3":"status-publish","4":"has-post-thumbnail","6":"product_cat-demarreur-deutz","7":"product_cat-demarreur-lamborghini-same","8":"product_cat-demarreurs","9":"product_cat-electricite","10":"product_cat-tracteurs-agricoles","11":"product_tag-demarreurs","12":"product_tag-electricite","13":"product_shipping_class-142","14":"pa_fabriquant-mahle","15":"pa_marque-tracteur-khd-deutz","16":"pa_marque-tracteur-lsh","17":"pa_modele-tracteur-aster","18":"pa_modele-tracteur-aurora","19":"pa_modele-tracteur-d","20":"pa_modele-tracteur-delfino","21":"pa_modele-tracteur-dorado","22":"pa_modele-tracteur-mercury","23":"pa_modele-tracteur-minitauro","24":"pa_modele-tracteur-saturno","25":"pa_modele-tracteur-solar","26":"pa_type-2-1372","27":"pa_type-2-1919","28":"pa_type-2-1243","29":"pa_type-2-2028","30":"pa_type-2-1161","31":"pa_type-2-2029","32":"pa_type-2-d15","33":"pa_type-2-d25","34":"pa_type-2-d2505","35":"pa_type-2-d30","36":"pa_type-2-dorado-65","37":"pa_type-2-mercury-85","38":"pa_type-2-minitauro-60","39":"pa_type-2-solar-50","40":"badges-style-2","42":"first","43":"outofstock","44":"taxable","45":"shipping-taxable","46":"purchasable","47":"product-type-simple"},"acf":[],"yoast_head":"<!-- This site is optimized with the Yoast SEO plugin v27.3 - https:\/\/yoast.com\/product\/yoast-seo-wordpress\/ -->\n<title>D\u00e9marreur - Deutz, Lsh Lamborghini Same - 12Volt\/2,7Kw, 11 Dents - Edel<\/title>\n<meta name=\"description\" content=\"D\u00e9marreur - Deutz, Lsh Lamborghini Same H\u00fcrlimann - 12 Volt \/ 2,7 Kw, 11 Dents 2 Trous de Fixation - 235 350 503 513 754 775 D15 D25 D2505 D30 Dorado 65\" \/>\n<meta name=\"robots\" content=\"index, follow, max-snippet:-1, max-image-preview:large, max-video-preview:-1\" \/>\n<link rel=\"canonical\" href=\"https:\/\/edel.fr\/produit\/demarreur-deutzlsh-lamborghini-same-hurlimann-volt-kw-12-27-11-dents-2-trous-de-fixation\/\" \/>\n<meta property=\"og:locale\" content=\"en_US\" \/>\n<meta property=\"og:type\" content=\"article\" \/>\n<meta property=\"og:title\" content=\"D\u00e9marreur - Deutz, Lsh Lamborghini Same - 12Volt\/2,7Kw, 11 Dents - Edel\" \/>\n<meta property=\"og:description\" content=\"D\u00e9marreur - Deutz, Lsh Lamborghini Same H\u00fcrlimann - 12 Volt \/ 2,7 Kw, 11 Dents 2 Trous de Fixation - 235 350 503 513 754 775 D15 D25 D2505 D30 Dorado 65\" \/>\n<meta property=\"og:url\" content=\"https:\/\/edel.fr\/produit\/demarreur-deutzlsh-lamborghini-same-hurlimann-volt-kw-12-27-11-dents-2-trous-de-fixation\/\" \/>\n<meta property=\"og:site_name\" content=\"Edel\" \/>\n<meta property=\"article:modified_time\" content=\"2026-04-02T01:00:53+00:00\" \/>\n<meta property=\"og:image\" content=\"https:\/\/edel.fr\/uploads\/2019\/03\/D12.jpg\" \/>\n\t<meta property=\"og:image:width\" content=\"1920\" \/>\n\t<meta property=\"og:image:height\" content=\"1280\" \/>\n\t<meta property=\"og:image:type\" content=\"image\/jpeg\" \/>\n<meta name=\"twitter:card\" content=\"summary_large_image\" \/>\n<meta name=\"twitter:label1\" content=\"Est. reading time\" \/>\n\t<meta name=\"twitter:data1\" content=\"2 minutes\" \/>\n<script type=\"application\/ld+json\" class=\"yoast-schema-graph\">{\"@context\":\"https:\\\/\\\/schema.org\",\"@graph\":[{\"@type\":\"WebPage\",\"@id\":\"https:\\\/\\\/edel.fr\\\/produit\\\/demarreur-deutzlsh-lamborghini-same-hurlimann-volt-kw-12-27-11-dents-2-trous-de-fixation\\\/\",\"url\":\"https:\\\/\\\/edel.fr\\\/produit\\\/demarreur-deutzlsh-lamborghini-same-hurlimann-volt-kw-12-27-11-dents-2-trous-de-fixation\\\/\",\"name\":\"D\u00e9marreur - Deutz, Lsh Lamborghini Same - 12Volt\\\/2,7Kw, 11 Dents - Edel\",\"isPartOf\":{\"@id\":\"http:\\\/\\\/www.edel.fr\\\/en\\\/#website\"},\"primaryImageOfPage\":{\"@id\":\"https:\\\/\\\/edel.fr\\\/produit\\\/demarreur-deutzlsh-lamborghini-same-hurlimann-volt-kw-12-27-11-dents-2-trous-de-fixation\\\/#primaryimage\"},\"image\":{\"@id\":\"https:\\\/\\\/edel.fr\\\/produit\\\/demarreur-deutzlsh-lamborghini-same-hurlimann-volt-kw-12-27-11-dents-2-trous-de-fixation\\\/#primaryimage\"},\"thumbnailUrl\":\"https:\\\/\\\/www.edel.fr\\\/uploads\\\/2019\\\/03\\\/D12.jpg\",\"datePublished\":\"2019-03-11T08:24:24+00:00\",\"dateModified\":\"2026-04-02T01:00:53+00:00\",\"description\":\"D\u00e9marreur - Deutz, Lsh Lamborghini Same H\u00fcrlimann - 12 Volt \\\/ 2,7 Kw, 11 Dents 2 Trous de Fixation - 235 350 503 513 754 775 D15 D25 D2505 D30 Dorado 65\",\"breadcrumb\":{\"@id\":\"https:\\\/\\\/edel.fr\\\/produit\\\/demarreur-deutzlsh-lamborghini-same-hurlimann-volt-kw-12-27-11-dents-2-trous-de-fixation\\\/#breadcrumb\"},\"inLanguage\":\"en-US\",\"potentialAction\":[{\"@type\":\"ReadAction\",\"target\":[\"https:\\\/\\\/edel.fr\\\/produit\\\/demarreur-deutzlsh-lamborghini-same-hurlimann-volt-kw-12-27-11-dents-2-trous-de-fixation\\\/\"]}]},{\"@type\":\"ImageObject\",\"inLanguage\":\"en-US\",\"@id\":\"https:\\\/\\\/edel.fr\\\/produit\\\/demarreur-deutzlsh-lamborghini-same-hurlimann-volt-kw-12-27-11-dents-2-trous-de-fixation\\\/#primaryimage\",\"url\":\"https:\\\/\\\/www.edel.fr\\\/uploads\\\/2019\\\/03\\\/D12.jpg\",\"contentUrl\":\"https:\\\/\\\/www.edel.fr\\\/uploads\\\/2019\\\/03\\\/D12.jpg\",\"width\":1920,\"height\":1280,\"caption\":\"D\u00e9marreur - Deutz, Lsh Lamborghini Same - 12Volt\\\/2,7Kw, 11 Dents\"},{\"@type\":\"BreadcrumbList\",\"@id\":\"https:\\\/\\\/edel.fr\\\/produit\\\/demarreur-deutzlsh-lamborghini-same-hurlimann-volt-kw-12-27-11-dents-2-trous-de-fixation\\\/#breadcrumb\",\"itemListElement\":[{\"@type\":\"ListItem\",\"position\":1,\"name\":\"Pi\u00e8ce Tracteur\",\"item\":\"http:\\\/\\\/www.edel.fr\\\/en\\\/\"},{\"@type\":\"ListItem\",\"position\":2,\"name\":\"Toutes nos pi\u00e8ces Tracteur\",\"item\":\"https:\\\/\\\/edel.fr\\\/shop\\\/\"},{\"@type\":\"ListItem\",\"position\":3,\"name\":\"D\u00e9marreur &#8211; Deutz, Lsh Lamborghini Same &#8211; 12Volt\\\/2,7Kw, 11 Dents\"}]},{\"@type\":\"WebSite\",\"@id\":\"http:\\\/\\\/www.edel.fr\\\/en\\\/#website\",\"url\":\"http:\\\/\\\/www.edel.fr\\\/en\\\/\",\"name\":\"Edel\",\"description\":\"Pi\u00e8ce d\u00e9tach\u00e9e de Tracteur Agricole\",\"publisher\":{\"@id\":\"http:\\\/\\\/www.edel.fr\\\/en\\\/#organization\"},\"potentialAction\":[{\"@type\":\"SearchAction\",\"target\":{\"@type\":\"EntryPoint\",\"urlTemplate\":\"http:\\\/\\\/www.edel.fr\\\/en\\\/?s={search_term_string}\"},\"query-input\":{\"@type\":\"PropertyValueSpecification\",\"valueRequired\":true,\"valueName\":\"search_term_string\"}}],\"inLanguage\":\"en-US\"},{\"@type\":\"Organization\",\"@id\":\"http:\\\/\\\/www.edel.fr\\\/en\\\/#organization\",\"name\":\"Edel\",\"url\":\"http:\\\/\\\/www.edel.fr\\\/en\\\/\",\"logo\":{\"@type\":\"ImageObject\",\"inLanguage\":\"en-US\",\"@id\":\"http:\\\/\\\/www.edel.fr\\\/en\\\/#\\\/schema\\\/logo\\\/image\\\/\",\"url\":\"https:\\\/\\\/www.edel.fr\\\/uploads\\\/2018\\\/11\\\/logo-edel.png\",\"contentUrl\":\"https:\\\/\\\/www.edel.fr\\\/uploads\\\/2018\\\/11\\\/logo-edel.png\",\"width\":257,\"height\":68,\"caption\":\"Edel\"},\"image\":{\"@id\":\"http:\\\/\\\/www.edel.fr\\\/en\\\/#\\\/schema\\\/logo\\\/image\\\/\"}}]}<\/script>\n<!-- \/ Yoast SEO plugin. -->","yoast_head_json":{"title":"D\u00e9marreur - Deutz, Lsh Lamborghini Same - 12Volt\/2,7Kw, 11 Dents - Edel","description":"D\u00e9marreur - Deutz, Lsh Lamborghini Same H\u00fcrlimann - 12 Volt \/ 2,7 Kw, 11 Dents 2 Trous de Fixation - 235 350 503 513 754 775 D15 D25 D2505 D30 Dorado 65","robots":{"index":"index","follow":"follow","max-snippet":"max-snippet:-1","max-image-preview":"max-image-preview:large","max-video-preview":"max-video-preview:-1"},"canonical":"https:\/\/edel.fr\/produit\/demarreur-deutzlsh-lamborghini-same-hurlimann-volt-kw-12-27-11-dents-2-trous-de-fixation\/","og_locale":"en_US","og_type":"article","og_title":"D\u00e9marreur - Deutz, Lsh Lamborghini Same - 12Volt\/2,7Kw, 11 Dents - Edel","og_description":"D\u00e9marreur - Deutz, Lsh Lamborghini Same H\u00fcrlimann - 12 Volt \/ 2,7 Kw, 11 Dents 2 Trous de Fixation - 235 350 503 513 754 775 D15 D25 D2505 D30 Dorado 65","og_url":"https:\/\/edel.fr\/produit\/demarreur-deutzlsh-lamborghini-same-hurlimann-volt-kw-12-27-11-dents-2-trous-de-fixation\/","og_site_name":"Edel","article_modified_time":"2026-04-02T01:00:53+00:00","og_image":[{"width":1920,"height":1280,"url":"https:\/\/edel.fr\/uploads\/2019\/03\/D12.jpg","type":"image\/jpeg"}],"twitter_card":"summary_large_image","twitter_misc":{"Est. reading time":"2 minutes"},"schema":{"@context":"https:\/\/schema.org","@graph":[{"@type":"WebPage","@id":"https:\/\/edel.fr\/produit\/demarreur-deutzlsh-lamborghini-same-hurlimann-volt-kw-12-27-11-dents-2-trous-de-fixation\/","url":"https:\/\/edel.fr\/produit\/demarreur-deutzlsh-lamborghini-same-hurlimann-volt-kw-12-27-11-dents-2-trous-de-fixation\/","name":"D\u00e9marreur - Deutz, Lsh Lamborghini Same - 12Volt\/2,7Kw, 11 Dents - Edel","isPartOf":{"@id":"http:\/\/www.edel.fr\/en\/#website"},"primaryImageOfPage":{"@id":"https:\/\/edel.fr\/produit\/demarreur-deutzlsh-lamborghini-same-hurlimann-volt-kw-12-27-11-dents-2-trous-de-fixation\/#primaryimage"},"image":{"@id":"https:\/\/edel.fr\/produit\/demarreur-deutzlsh-lamborghini-same-hurlimann-volt-kw-12-27-11-dents-2-trous-de-fixation\/#primaryimage"},"thumbnailUrl":"https:\/\/www.edel.fr\/uploads\/2019\/03\/D12.jpg","datePublished":"2019-03-11T08:24:24+00:00","dateModified":"2026-04-02T01:00:53+00:00","description":"D\u00e9marreur - Deutz, Lsh Lamborghini Same H\u00fcrlimann - 12 Volt \/ 2,7 Kw, 11 Dents 2 Trous de Fixation - 235 350 503 513 754 775 D15 D25 D2505 D30 Dorado 65","breadcrumb":{"@id":"https:\/\/edel.fr\/produit\/demarreur-deutzlsh-lamborghini-same-hurlimann-volt-kw-12-27-11-dents-2-trous-de-fixation\/#breadcrumb"},"inLanguage":"en-US","potentialAction":[{"@type":"ReadAction","target":["https:\/\/edel.fr\/produit\/demarreur-deutzlsh-lamborghini-same-hurlimann-volt-kw-12-27-11-dents-2-trous-de-fixation\/"]}]},{"@type":"ImageObject","inLanguage":"en-US","@id":"https:\/\/edel.fr\/produit\/demarreur-deutzlsh-lamborghini-same-hurlimann-volt-kw-12-27-11-dents-2-trous-de-fixation\/#primaryimage","url":"https:\/\/www.edel.fr\/uploads\/2019\/03\/D12.jpg","contentUrl":"https:\/\/www.edel.fr\/uploads\/2019\/03\/D12.jpg","width":1920,"height":1280,"caption":"D\u00e9marreur - Deutz, Lsh Lamborghini Same - 12Volt\/2,7Kw, 11 Dents"},{"@type":"BreadcrumbList","@id":"https:\/\/edel.fr\/produit\/demarreur-deutzlsh-lamborghini-same-hurlimann-volt-kw-12-27-11-dents-2-trous-de-fixation\/#breadcrumb","itemListElement":[{"@type":"ListItem","position":1,"name":"Pi\u00e8ce Tracteur","item":"http:\/\/www.edel.fr\/en\/"},{"@type":"ListItem","position":2,"name":"Toutes nos pi\u00e8ces Tracteur","item":"https:\/\/edel.fr\/shop\/"},{"@type":"ListItem","position":3,"name":"D\u00e9marreur &#8211; Deutz, Lsh Lamborghini Same &#8211; 12Volt\/2,7Kw, 11 Dents"}]},{"@type":"WebSite","@id":"http:\/\/www.edel.fr\/en\/#website","url":"http:\/\/www.edel.fr\/en\/","name":"Edel","description":"Pi\u00e8ce d\u00e9tach\u00e9e de Tracteur Agricole","publisher":{"@id":"http:\/\/www.edel.fr\/en\/#organization"},"potentialAction":[{"@type":"SearchAction","target":{"@type":"EntryPoint","urlTemplate":"http:\/\/www.edel.fr\/en\/?s={search_term_string}"},"query-input":{"@type":"PropertyValueSpecification","valueRequired":true,"valueName":"search_term_string"}}],"inLanguage":"en-US"},{"@type":"Organization","@id":"http:\/\/www.edel.fr\/en\/#organization","name":"Edel","url":"http:\/\/www.edel.fr\/en\/","logo":{"@type":"ImageObject","inLanguage":"en-US","@id":"http:\/\/www.edel.fr\/en\/#\/schema\/logo\/image\/","url":"https:\/\/www.edel.fr\/uploads\/2018\/11\/logo-edel.png","contentUrl":"https:\/\/www.edel.fr\/uploads\/2018\/11\/logo-edel.png","width":257,"height":68,"caption":"Edel"},"image":{"@id":"http:\/\/www.edel.fr\/en\/#\/schema\/logo\/image\/"}}]}},"_links":{"self":[{"href":"https:\/\/www.edel.fr\/en\/wp-json\/wp\/v2\/product\/5907","targetHints":{"allow":["GET"]}}],"collection":[{"href":"https:\/\/www.edel.fr\/en\/wp-json\/wp\/v2\/product"}],"about":[{"href":"https:\/\/www.edel.fr\/en\/wp-json\/wp\/v2\/types\/product"}],"version-history":[{"count":2,"href":"https:\/\/www.edel.fr\/en\/wp-json\/wp\/v2\/product\/5907\/revisions"}],"predecessor-version":[{"id":15115,"href":"https:\/\/www.edel.fr\/en\/wp-json\/wp\/v2\/product\/5907\/revisions\/15115"}],"wp:featuredmedia":[{"embeddable":true,"href":"https:\/\/www.edel.fr\/en\/wp-json\/wp\/v2\/media\/5642"}],"wp:attachment":[{"href":"https:\/\/www.edel.fr\/en\/wp-json\/wp\/v2\/media?parent=5907"}],"wp:term":[{"taxonomy":"product_brand","embeddable":true,"href":"https:\/\/www.edel.fr\/en\/wp-json\/wp\/v2\/product_brand?post=5907"},{"taxonomy":"product_cat","embeddable":true,"href":"https:\/\/www.edel.fr\/en\/wp-json\/wp\/v2\/product_cat?post=5907"},{"taxonomy":"product_tag","embeddable":true,"href":"https:\/\/www.edel.fr\/en\/wp-json\/wp\/v2\/product_tag?post=5907"},{"taxonomy":"tracteur","embeddable":true,"href":"https:\/\/www.edel.fr\/en\/wp-json\/wp\/v2\/tracteur?post=5907"}],"curies":[{"name":"wp","href":"https:\/\/api.w.org\/{rel}","templated":true}]}}