{"id":5901,"date":"2019-03-11T09:24:17","date_gmt":"2019-03-11T08:24:17","guid":{"rendered":"http:\/\/edel.stephanie.ct.webcd.lan\/shop\/demarreur-fiat-new-hollandrenault-claas-volt-kw-12-30-moteur-ivecovolt-kw-12-30-moteur-iveco\/"},"modified":"2026-02-04T02:00:41","modified_gmt":"2026-02-04T01:00:41","slug":"demarreur-fiat-new-hollandrenault-claas-volt-kw-12-30-moteur-iveco","status":"publish","type":"product","link":"https:\/\/www.edel.fr\/en\/product\/demarreur-fiat-new-hollandrenault-claas-volt-kw-12-30-moteur-iveco\/","title":{"rendered":"D\u00e9marreur &#8211; Fiat New Holland, Renault Claas &#8211; 12V\/3,0Kw, Iveco"},"content":{"rendered":"<div data-elementor-type=\"wp-post\" data-elementor-id=\"5901\" class=\"elementor elementor-5901\">\n\t\t\t\t\t\t<section class=\"elementor-section elementor-top-section elementor-element elementor-element-608feb7d elementor-section-boxed elementor-section-height-default elementor-section-height-default\" data-id=\"608feb7d\" data-element_type=\"section\" data-e-type=\"section\">\n\t\t\t\t\t\t<div class=\"elementor-container elementor-column-gap-default\">\n\t\t\t\t\t<div class=\"elementor-column elementor-col-100 elementor-top-column elementor-element elementor-element-8a8adf6\" data-id=\"8a8adf6\" data-element_type=\"column\" data-e-type=\"column\">\n\t\t\t<div class=\"elementor-widget-wrap elementor-element-populated\">\n\t\t\t\t\t\t<div class=\"elementor-element elementor-element-45d2d271 elementor-widget elementor-widget-heading\" data-id=\"45d2d271\" data-element_type=\"widget\" data-e-type=\"widget\" data-widget_type=\"heading.default\">\n\t\t\t\t<div class=\"elementor-widget-container\">\n\t\t\t\t\t<h2 class=\"elementor-heading-title elementor-size-default\">D\u00e9marreur - Fiat New Holland, Renault Claas<\/h2>\t\t\t\t<\/div>\n\t\t\t\t<\/div>\n\t\t\t\t<div class=\"elementor-element elementor-element-297e1582 elementor-widget elementor-widget-heading\" data-id=\"297e1582\" data-element_type=\"widget\" data-e-type=\"widget\" data-widget_type=\"heading.default\">\n\t\t\t\t<div class=\"elementor-widget-container\">\n\t\t\t\t\t<h3 class=\"elementor-heading-title elementor-size-default\">Information du produit :<\/h3>\t\t\t\t<\/div>\n\t\t\t\t<\/div>\n\t\t\t\t\t<\/div>\n\t\t<\/div>\n\t\t\t\t\t<\/div>\n\t\t<\/section>\n\t\t\t\t<section class=\"elementor-section elementor-top-section elementor-element elementor-element-6f084488 elementor-section-boxed elementor-section-height-default elementor-section-height-default\" data-id=\"6f084488\" data-element_type=\"section\" data-e-type=\"section\">\n\t\t\t\t\t\t<div class=\"elementor-container elementor-column-gap-default\">\n\t\t\t\t\t<div class=\"elementor-column elementor-col-100 elementor-top-column elementor-element elementor-element-11e0d655\" data-id=\"11e0d655\" data-element_type=\"column\" data-e-type=\"column\">\n\t\t\t<div class=\"elementor-widget-wrap elementor-element-populated\">\n\t\t\t\t\t\t<div class=\"elementor-element elementor-element-20bc0ec6 elementor-widget elementor-widget-text-editor\" data-id=\"20bc0ec6\" data-element_type=\"widget\" data-e-type=\"widget\" data-widget_type=\"text-editor.default\">\n\t\t\t\t<div class=\"elementor-widget-container\">\n\t\t\t\t\t\t\t\t\t<p><strong>12 Volt \/ 3,0 Kw, Moteur Iveco<\/strong><\/p><p>Le d\u00e9marreur de votre tracteur est indispensable, le tracteur ne pourra pas d\u00e9marrer correctement si le d\u00e9marreur n&rsquo;est pas fonctionnel. Il se pr\u00e9sente sous la forme d\u2019un petit moteur \u00e9lectrique, rattach\u00e9 au volant moteur. Il est directement aliment\u00e9 par la batterie et il a pour r\u00f4le de mettre en marche le moteur\u00a0de votre tracteur.<\/p><p>Pour trouver le bon <strong>d\u00e9marreur tracteur<\/strong> qui s\u2019adaptera au mieux \u00e0 votre engin agricole, il est \u00e9galement pr\u00e9f\u00e9rable de se r\u00e9f\u00e9rer \u00e0 sa r\u00e9f\u00e9rence d\u2019origine. Elle est en g\u00e9n\u00e9ral inscrite sur le d\u00e9marreur. Sans cette r\u00e9f\u00e9rence, il faudra vous appuyer sur la marque et le mod\u00e8le de votre <strong>tracteur agricole.<\/strong><\/p><p>Avant le d\u00e9montage de votre d\u00e9marreur, nous vous conseillons d&rsquo;abord de d\u00e9brancher votre batterie. Mais aussi de rep\u00e9rer les diff\u00e9rents branchements d\u2019alimentation du d\u00e9marreur.<\/p><p>Pour choisir son <strong>d\u00e9marreur de tracteur<\/strong>, il faut choisir entre les d\u00e9marreurs classiques ou les <strong>d\u00e9marreurs avec r\u00e9ducteur droit ou d\u00e9cal\u00e9.<\/strong><\/p><p>Il est possible de changer le d\u00e9marreur classique par un <strong>d\u00e9marreur avec r\u00e9ducteur.<\/strong> Par exemple, sur un <strong>tracteur ancien<\/strong>, cela lui simplifiera consid\u00e9rablement son d\u00e9marrage.<\/p><p>C\u2019est pourquoi nous vous proposons une pi\u00e8ce de marque\u00a0<a href=\"https:\/\/www.edel.fr\/en\/constructeur\/mahle\/\">Mahle<\/a>\u00a0\/\u00a0<a href=\"https:\/\/www.edel.fr\/en\/constructeur\/letrika\/\">Letrika<\/a>\u00a0reconnue pour sa fiabilit\u00e9.<\/p><p>D\u00e9marreur &#8211; Fiat New Holland, Renault Claas : 10090, 11090, 1180, 1280, 13090, 14090, 1580, 16090, 18090, 1880, 880, 9090, 955, 980, F110, NHTF42, Temis 610, Temis 630, Temis 650.<\/p><p><strong>R\u00e9f\u00e9rences constructeur\u00a0<\/strong><\/p><p>BOSCH : 0001359122, 0001367029, 0986012720, SR 911 X.<\/p><p>CLAAS : 6005706619<\/p><p>CNH \/ FIAT AGRI : 4755110<\/p><p>EFEL : 11420, 14650.<\/p><p>FIAT : 4713806, 4737759, 4755110.<\/p><p>FIAT NEW HOLLAND : 4719666, 4737759, 4807376, 9972215.<\/p><p>HELLA : 8EA 726 118-001, 8EA 730 198-001, CS 370, CS 682.<\/p><p>IVECO : 4807376<\/p><p>LESTER : 16559, 17092.<\/p><p>MAGNETI MARELLI : 632 168 73, 632 168 96, 9432 168 96, MSN 224, MT 68 L, MT 68 LA, MT 68 LB, MT 68 LC.<\/p><p>SPAREX : 359810<\/p><p>UNIC : 475 5110<\/p><p>Edel vous propose \u00e9galement une large gamme de d\u00e9marreur pour des applications sp\u00e9cifiques, et de diff\u00e9rentes marques.<\/p><p>Donc, pour plus de renseignements, n\u2019h\u00e9sitez pas \u00e0 nous consulter !<\/p>\t\t\t\t\t\t\t\t<\/div>\n\t\t\t\t<\/div>\n\t\t\t\t\t<\/div>\n\t\t<\/div>\n\t\t\t\t\t<\/div>\n\t\t<\/section>\n\t\t\t\t<\/div>","protected":false},"excerpt":{"rendered":"<p>D\u00e9marreur &#8211; Fiat New Holland, Renault Claas Information du produit : 12 Volt \/ 3,0 Kw, Moteur Iveco Le d\u00e9marreur de votre tracteur est indispensable, le tracteur ne pourra pas d\u00e9marrer correctement si le d\u00e9marreur n&rsquo;est pas fonctionnel. Il se pr\u00e9sente sous la forme d\u2019un petit moteur \u00e9lectrique, rattach\u00e9 au volant moteur. Il est directement<br \/><a class=\"more-link\" href=\"https:\/\/www.edel.fr\/en\/product\/demarreur-fiat-new-hollandrenault-claas-volt-kw-12-30-moteur-iveco\/\"><br \/>\n        Read More<span class=\"screen-reader-text\"> \u00ab\u00a0D\u00e9marreur &#8211; Fiat New Holland, Renault Claas &#8211; 12V\/3,0Kw, Iveco\u00a0\u00bb<\/span><\/a><\/p>","protected":false},"featured_media":5636,"template":"","meta":[],"product_brand":[],"product_cat":[3998,4011,165,154,119],"product_tag":[2460,180],"tracteur":[],"class_list":{"0":"post-5901","1":"product","2":"type-product","3":"status-publish","4":"has-post-thumbnail","6":"product_cat-demarreur-fiat-new-holland","7":"product_cat-demarreur-renault-claas","8":"product_cat-demarreurs","9":"product_cat-electricite","10":"product_cat-tracteurs-agricoles","11":"product_tag-demarreurs","12":"product_tag-electricite","13":"product_shipping_class-142","14":"pa_fabriquant-mahle","15":"pa_marque-tracteur-fiat-new-holland","16":"pa_marque-tracteur-renault-claas","17":"pa_modele-tracteur-temis","18":"pa_modele-tracteur-winner","19":"pa_type-2-1504","20":"pa_type-2-1948","21":"pa_type-2-1175","22":"pa_type-2-1176","23":"pa_type-2-1505","24":"pa_type-2-1949","25":"pa_type-2-1178","26":"pa_type-2-1950","27":"pa_type-2-1951","28":"pa_type-2-1179","29":"pa_type-2-1172","30":"pa_type-2-1503","31":"pa_type-2-1173","32":"pa_type-2-1174","33":"pa_type-2-f110","34":"pa_type-2-nhtf42","35":"pa_type-2-temis-610","36":"pa_type-2-temis-630","37":"pa_type-2-temis-650","38":"badges-style-2","40":"first","41":"instock","42":"taxable","43":"shipping-taxable","44":"purchasable","45":"product-type-simple"},"acf":[],"yoast_head":"<!-- This site is optimized with the Yoast SEO plugin v27.3 - https:\/\/yoast.com\/product\/yoast-seo-wordpress\/ -->\n<title>D\u00e9marreur - Fiat New Holland, Renault Claas - 12V\/3,0Kw, Iveco - Edel<\/title>\n<meta name=\"description\" content=\"D\u00e9marreur - Fiat New Holland, Renault Claas - 12 Volt \/ 3,0 Kw, Moteur Iveco - 10090 11090 1180 1280 13090 14090 1580 16090 18090 1880 880 9090 955 980 F110\" \/>\n<meta name=\"robots\" content=\"index, follow, max-snippet:-1, max-image-preview:large, max-video-preview:-1\" \/>\n<link rel=\"canonical\" href=\"http:\/\/edel.fr\/en\/product\/demarreur-fiat-new-hollandrenault-claas-volt-kw-12-30-moteur-iveco\/\" \/>\n<meta property=\"og:locale\" content=\"en_US\" \/>\n<meta property=\"og:type\" content=\"article\" \/>\n<meta property=\"og:title\" content=\"D\u00e9marreur - Fiat New Holland, Renault Claas - 12V\/3,0Kw, Iveco - Edel\" \/>\n<meta property=\"og:description\" content=\"D\u00e9marreur - Fiat New Holland, Renault Claas - 12 Volt \/ 3,0 Kw, Moteur Iveco - 10090 11090 1180 1280 13090 14090 1580 16090 18090 1880 880 9090 955 980 F110\" \/>\n<meta property=\"og:url\" content=\"http:\/\/edel.fr\/en\/product\/demarreur-fiat-new-hollandrenault-claas-volt-kw-12-30-moteur-iveco\/\" \/>\n<meta property=\"og:site_name\" content=\"Edel\" \/>\n<meta property=\"article:modified_time\" content=\"2026-02-04T01:00:41+00:00\" \/>\n<meta property=\"og:image\" content=\"http:\/\/edel.fr\/uploads\/2019\/03\/D6.jpg\" \/>\n\t<meta property=\"og:image:width\" content=\"1920\" \/>\n\t<meta property=\"og:image:height\" content=\"1280\" \/>\n\t<meta property=\"og:image:type\" content=\"image\/jpeg\" \/>\n<meta name=\"twitter:card\" content=\"summary_large_image\" \/>\n<meta name=\"twitter:label1\" content=\"Est. reading time\" \/>\n\t<meta name=\"twitter:data1\" content=\"2 minutes\" \/>\n<script type=\"application\/ld+json\" class=\"yoast-schema-graph\">{\"@context\":\"https:\\\/\\\/schema.org\",\"@graph\":[{\"@type\":\"WebPage\",\"@id\":\"http:\\\/\\\/edel.fr\\\/en\\\/product\\\/demarreur-fiat-new-hollandrenault-claas-volt-kw-12-30-moteur-iveco\\\/\",\"url\":\"http:\\\/\\\/edel.fr\\\/en\\\/product\\\/demarreur-fiat-new-hollandrenault-claas-volt-kw-12-30-moteur-iveco\\\/\",\"name\":\"D\u00e9marreur - Fiat New Holland, Renault Claas - 12V\\\/3,0Kw, Iveco - Edel\",\"isPartOf\":{\"@id\":\"https:\\\/\\\/www.edel.fr\\\/en\\\/#website\"},\"primaryImageOfPage\":{\"@id\":\"http:\\\/\\\/edel.fr\\\/en\\\/product\\\/demarreur-fiat-new-hollandrenault-claas-volt-kw-12-30-moteur-iveco\\\/#primaryimage\"},\"image\":{\"@id\":\"http:\\\/\\\/edel.fr\\\/en\\\/product\\\/demarreur-fiat-new-hollandrenault-claas-volt-kw-12-30-moteur-iveco\\\/#primaryimage\"},\"thumbnailUrl\":\"https:\\\/\\\/www.edel.fr\\\/uploads\\\/2019\\\/03\\\/D6.jpg\",\"datePublished\":\"2019-03-11T08:24:17+00:00\",\"dateModified\":\"2026-02-04T01:00:41+00:00\",\"description\":\"D\u00e9marreur - Fiat New Holland, Renault Claas - 12 Volt \\\/ 3,0 Kw, Moteur Iveco - 10090 11090 1180 1280 13090 14090 1580 16090 18090 1880 880 9090 955 980 F110\",\"breadcrumb\":{\"@id\":\"http:\\\/\\\/edel.fr\\\/en\\\/product\\\/demarreur-fiat-new-hollandrenault-claas-volt-kw-12-30-moteur-iveco\\\/#breadcrumb\"},\"inLanguage\":\"en-US\",\"potentialAction\":[{\"@type\":\"ReadAction\",\"target\":[\"http:\\\/\\\/edel.fr\\\/en\\\/product\\\/demarreur-fiat-new-hollandrenault-claas-volt-kw-12-30-moteur-iveco\\\/\"]}]},{\"@type\":\"ImageObject\",\"inLanguage\":\"en-US\",\"@id\":\"http:\\\/\\\/edel.fr\\\/en\\\/product\\\/demarreur-fiat-new-hollandrenault-claas-volt-kw-12-30-moteur-iveco\\\/#primaryimage\",\"url\":\"https:\\\/\\\/www.edel.fr\\\/uploads\\\/2019\\\/03\\\/D6.jpg\",\"contentUrl\":\"https:\\\/\\\/www.edel.fr\\\/uploads\\\/2019\\\/03\\\/D6.jpg\",\"width\":1920,\"height\":1280,\"caption\":\"D\u00e9marreur - Fiat New Holland, Renault Claas - 12V\\\/3,0Kw, Iveco\"},{\"@type\":\"BreadcrumbList\",\"@id\":\"http:\\\/\\\/edel.fr\\\/en\\\/product\\\/demarreur-fiat-new-hollandrenault-claas-volt-kw-12-30-moteur-iveco\\\/#breadcrumb\",\"itemListElement\":[{\"@type\":\"ListItem\",\"position\":1,\"name\":\"Pi\u00e8ce Tracteur\",\"item\":\"https:\\\/\\\/www.edel.fr\\\/en\\\/\"},{\"@type\":\"ListItem\",\"position\":2,\"name\":\"Toutes nos pi\u00e8ces Tracteur\",\"item\":\"https:\\\/\\\/edel.fr\\\/shop\\\/\"},{\"@type\":\"ListItem\",\"position\":3,\"name\":\"D\u00e9marreur &#8211; Fiat New Holland, Renault Claas &#8211; 12V\\\/3,0Kw, Iveco\"}]},{\"@type\":\"WebSite\",\"@id\":\"https:\\\/\\\/www.edel.fr\\\/en\\\/#website\",\"url\":\"https:\\\/\\\/www.edel.fr\\\/en\\\/\",\"name\":\"Edel\",\"description\":\"Pi\u00e8ce d\u00e9tach\u00e9e de Tracteur Agricole\",\"publisher\":{\"@id\":\"https:\\\/\\\/www.edel.fr\\\/en\\\/#organization\"},\"potentialAction\":[{\"@type\":\"SearchAction\",\"target\":{\"@type\":\"EntryPoint\",\"urlTemplate\":\"https:\\\/\\\/www.edel.fr\\\/en\\\/?s={search_term_string}\"},\"query-input\":{\"@type\":\"PropertyValueSpecification\",\"valueRequired\":true,\"valueName\":\"search_term_string\"}}],\"inLanguage\":\"en-US\"},{\"@type\":\"Organization\",\"@id\":\"https:\\\/\\\/www.edel.fr\\\/en\\\/#organization\",\"name\":\"Edel\",\"url\":\"https:\\\/\\\/www.edel.fr\\\/en\\\/\",\"logo\":{\"@type\":\"ImageObject\",\"inLanguage\":\"en-US\",\"@id\":\"https:\\\/\\\/www.edel.fr\\\/en\\\/#\\\/schema\\\/logo\\\/image\\\/\",\"url\":\"https:\\\/\\\/www.edel.fr\\\/uploads\\\/2018\\\/11\\\/logo-edel.png\",\"contentUrl\":\"https:\\\/\\\/www.edel.fr\\\/uploads\\\/2018\\\/11\\\/logo-edel.png\",\"width\":257,\"height\":68,\"caption\":\"Edel\"},\"image\":{\"@id\":\"https:\\\/\\\/www.edel.fr\\\/en\\\/#\\\/schema\\\/logo\\\/image\\\/\"}}]}<\/script>\n<!-- \/ Yoast SEO plugin. -->","yoast_head_json":{"title":"D\u00e9marreur - Fiat New Holland, Renault Claas - 12V\/3,0Kw, Iveco - Edel","description":"D\u00e9marreur - Fiat New Holland, Renault Claas - 12 Volt \/ 3,0 Kw, Moteur Iveco - 10090 11090 1180 1280 13090 14090 1580 16090 18090 1880 880 9090 955 980 F110","robots":{"index":"index","follow":"follow","max-snippet":"max-snippet:-1","max-image-preview":"max-image-preview:large","max-video-preview":"max-video-preview:-1"},"canonical":"http:\/\/edel.fr\/en\/product\/demarreur-fiat-new-hollandrenault-claas-volt-kw-12-30-moteur-iveco\/","og_locale":"en_US","og_type":"article","og_title":"D\u00e9marreur - Fiat New Holland, Renault Claas - 12V\/3,0Kw, Iveco - Edel","og_description":"D\u00e9marreur - Fiat New Holland, Renault Claas - 12 Volt \/ 3,0 Kw, Moteur Iveco - 10090 11090 1180 1280 13090 14090 1580 16090 18090 1880 880 9090 955 980 F110","og_url":"http:\/\/edel.fr\/en\/product\/demarreur-fiat-new-hollandrenault-claas-volt-kw-12-30-moteur-iveco\/","og_site_name":"Edel","article_modified_time":"2026-02-04T01:00:41+00:00","og_image":[{"width":1920,"height":1280,"url":"http:\/\/edel.fr\/uploads\/2019\/03\/D6.jpg","type":"image\/jpeg"}],"twitter_card":"summary_large_image","twitter_misc":{"Est. reading time":"2 minutes"},"schema":{"@context":"https:\/\/schema.org","@graph":[{"@type":"WebPage","@id":"http:\/\/edel.fr\/en\/product\/demarreur-fiat-new-hollandrenault-claas-volt-kw-12-30-moteur-iveco\/","url":"http:\/\/edel.fr\/en\/product\/demarreur-fiat-new-hollandrenault-claas-volt-kw-12-30-moteur-iveco\/","name":"D\u00e9marreur - Fiat New Holland, Renault Claas - 12V\/3,0Kw, Iveco - Edel","isPartOf":{"@id":"https:\/\/www.edel.fr\/en\/#website"},"primaryImageOfPage":{"@id":"http:\/\/edel.fr\/en\/product\/demarreur-fiat-new-hollandrenault-claas-volt-kw-12-30-moteur-iveco\/#primaryimage"},"image":{"@id":"http:\/\/edel.fr\/en\/product\/demarreur-fiat-new-hollandrenault-claas-volt-kw-12-30-moteur-iveco\/#primaryimage"},"thumbnailUrl":"https:\/\/www.edel.fr\/uploads\/2019\/03\/D6.jpg","datePublished":"2019-03-11T08:24:17+00:00","dateModified":"2026-02-04T01:00:41+00:00","description":"D\u00e9marreur - Fiat New Holland, Renault Claas - 12 Volt \/ 3,0 Kw, Moteur Iveco - 10090 11090 1180 1280 13090 14090 1580 16090 18090 1880 880 9090 955 980 F110","breadcrumb":{"@id":"http:\/\/edel.fr\/en\/product\/demarreur-fiat-new-hollandrenault-claas-volt-kw-12-30-moteur-iveco\/#breadcrumb"},"inLanguage":"en-US","potentialAction":[{"@type":"ReadAction","target":["http:\/\/edel.fr\/en\/product\/demarreur-fiat-new-hollandrenault-claas-volt-kw-12-30-moteur-iveco\/"]}]},{"@type":"ImageObject","inLanguage":"en-US","@id":"http:\/\/edel.fr\/en\/product\/demarreur-fiat-new-hollandrenault-claas-volt-kw-12-30-moteur-iveco\/#primaryimage","url":"https:\/\/www.edel.fr\/uploads\/2019\/03\/D6.jpg","contentUrl":"https:\/\/www.edel.fr\/uploads\/2019\/03\/D6.jpg","width":1920,"height":1280,"caption":"D\u00e9marreur - Fiat New Holland, Renault Claas - 12V\/3,0Kw, Iveco"},{"@type":"BreadcrumbList","@id":"http:\/\/edel.fr\/en\/product\/demarreur-fiat-new-hollandrenault-claas-volt-kw-12-30-moteur-iveco\/#breadcrumb","itemListElement":[{"@type":"ListItem","position":1,"name":"Pi\u00e8ce Tracteur","item":"https:\/\/www.edel.fr\/en\/"},{"@type":"ListItem","position":2,"name":"Toutes nos pi\u00e8ces Tracteur","item":"https:\/\/edel.fr\/shop\/"},{"@type":"ListItem","position":3,"name":"D\u00e9marreur &#8211; Fiat New Holland, Renault Claas &#8211; 12V\/3,0Kw, Iveco"}]},{"@type":"WebSite","@id":"https:\/\/www.edel.fr\/en\/#website","url":"https:\/\/www.edel.fr\/en\/","name":"Edel","description":"Pi\u00e8ce d\u00e9tach\u00e9e de Tracteur Agricole","publisher":{"@id":"https:\/\/www.edel.fr\/en\/#organization"},"potentialAction":[{"@type":"SearchAction","target":{"@type":"EntryPoint","urlTemplate":"https:\/\/www.edel.fr\/en\/?s={search_term_string}"},"query-input":{"@type":"PropertyValueSpecification","valueRequired":true,"valueName":"search_term_string"}}],"inLanguage":"en-US"},{"@type":"Organization","@id":"https:\/\/www.edel.fr\/en\/#organization","name":"Edel","url":"https:\/\/www.edel.fr\/en\/","logo":{"@type":"ImageObject","inLanguage":"en-US","@id":"https:\/\/www.edel.fr\/en\/#\/schema\/logo\/image\/","url":"https:\/\/www.edel.fr\/uploads\/2018\/11\/logo-edel.png","contentUrl":"https:\/\/www.edel.fr\/uploads\/2018\/11\/logo-edel.png","width":257,"height":68,"caption":"Edel"},"image":{"@id":"https:\/\/www.edel.fr\/en\/#\/schema\/logo\/image\/"}}]}},"_links":{"self":[{"href":"https:\/\/www.edel.fr\/en\/wp-json\/wp\/v2\/product\/5901","targetHints":{"allow":["GET"]}}],"collection":[{"href":"https:\/\/www.edel.fr\/en\/wp-json\/wp\/v2\/product"}],"about":[{"href":"https:\/\/www.edel.fr\/en\/wp-json\/wp\/v2\/types\/product"}],"version-history":[{"count":2,"href":"https:\/\/www.edel.fr\/en\/wp-json\/wp\/v2\/product\/5901\/revisions"}],"predecessor-version":[{"id":15106,"href":"https:\/\/www.edel.fr\/en\/wp-json\/wp\/v2\/product\/5901\/revisions\/15106"}],"wp:featuredmedia":[{"embeddable":true,"href":"https:\/\/www.edel.fr\/en\/wp-json\/wp\/v2\/media\/5636"}],"wp:attachment":[{"href":"https:\/\/www.edel.fr\/en\/wp-json\/wp\/v2\/media?parent=5901"}],"wp:term":[{"taxonomy":"product_brand","embeddable":true,"href":"https:\/\/www.edel.fr\/en\/wp-json\/wp\/v2\/product_brand?post=5901"},{"taxonomy":"product_cat","embeddable":true,"href":"https:\/\/www.edel.fr\/en\/wp-json\/wp\/v2\/product_cat?post=5901"},{"taxonomy":"product_tag","embeddable":true,"href":"https:\/\/www.edel.fr\/en\/wp-json\/wp\/v2\/product_tag?post=5901"},{"taxonomy":"tracteur","embeddable":true,"href":"https:\/\/www.edel.fr\/en\/wp-json\/wp\/v2\/tracteur?post=5901"}],"curies":[{"name":"wp","href":"https:\/\/api.w.org\/{rel}","templated":true}]}}