{"id":5891,"date":"2019-03-11T09:24:17","date_gmt":"2019-03-11T08:24:17","guid":{"rendered":"http:\/\/edel.stephanie.ct.webcd.lan\/shop\/alternateur-massey-ferguson-volt-ampere-14-120-2\/"},"modified":"2026-02-04T02:00:45","modified_gmt":"2026-02-04T01:00:45","slug":"alternateur-massey-ferguson-volt-ampere-14-120-2","status":"publish","type":"product","link":"https:\/\/www.edel.fr\/en\/product\/alternateur-massey-ferguson-volt-ampere-14-120-2\/","title":{"rendered":"Alternateur &#8211; Massey Ferguson &#8211; 14 Volt \/ 120 Amp\u00e8re"},"content":{"rendered":"<div data-elementor-type=\"wp-post\" data-elementor-id=\"5891\" class=\"elementor elementor-5891\">\n\t\t\t\t\t\t<section class=\"elementor-section elementor-top-section elementor-element elementor-element-5936432b elementor-section-boxed elementor-section-height-default elementor-section-height-default\" data-id=\"5936432b\" data-element_type=\"section\" data-e-type=\"section\">\n\t\t\t\t\t\t<div class=\"elementor-container elementor-column-gap-default\">\n\t\t\t\t\t<div class=\"elementor-column elementor-col-100 elementor-top-column elementor-element elementor-element-73bd13c1\" data-id=\"73bd13c1\" data-element_type=\"column\" data-e-type=\"column\">\n\t\t\t<div class=\"elementor-widget-wrap elementor-element-populated\">\n\t\t\t\t\t\t<div class=\"elementor-element elementor-element-37036a67 elementor-widget elementor-widget-heading\" data-id=\"37036a67\" data-element_type=\"widget\" data-e-type=\"widget\" data-widget_type=\"heading.default\">\n\t\t\t\t<div class=\"elementor-widget-container\">\n\t\t\t\t\t<h2 class=\"elementor-heading-title elementor-size-default\">Alternateur - Massey Ferguson - 14 Volt \/ 120 Amp\u00e8re<\/h2>\t\t\t\t<\/div>\n\t\t\t\t<\/div>\n\t\t\t\t<div class=\"elementor-element elementor-element-100e1fa elementor-widget elementor-widget-heading\" data-id=\"100e1fa\" data-element_type=\"widget\" data-e-type=\"widget\" data-widget_type=\"heading.default\">\n\t\t\t\t<div class=\"elementor-widget-container\">\n\t\t\t\t\t<h3 class=\"elementor-heading-title elementor-size-default\">Information du produit :<\/h3>\t\t\t\t<\/div>\n\t\t\t\t<\/div>\n\t\t\t\t\t<\/div>\n\t\t<\/div>\n\t\t\t\t\t<\/div>\n\t\t<\/section>\n\t\t\t\t<section class=\"elementor-section elementor-top-section elementor-element elementor-element-6f076dc2 elementor-section-boxed elementor-section-height-default elementor-section-height-default\" data-id=\"6f076dc2\" data-element_type=\"section\" data-e-type=\"section\">\n\t\t\t\t\t\t<div class=\"elementor-container elementor-column-gap-default\">\n\t\t\t\t\t<div class=\"elementor-column elementor-col-100 elementor-top-column elementor-element elementor-element-635561d2\" data-id=\"635561d2\" data-element_type=\"column\" data-e-type=\"column\">\n\t\t\t<div class=\"elementor-widget-wrap elementor-element-populated\">\n\t\t\t\t\t\t<div class=\"elementor-element elementor-element-4d16f0ab elementor-widget elementor-widget-text-editor\" data-id=\"4d16f0ab\" data-element_type=\"widget\" data-e-type=\"widget\" data-widget_type=\"text-editor.default\">\n\t\t\t\t<div class=\"elementor-widget-container\">\n\t\t\t\t\t\t\t\t\t<p>Votre alternateur g\u00e9n\u00e8re de l\u2019\u00e9nergie \u00e9lectrique en convertissant l&rsquo;\u00e9nergie cin\u00e9tique. Cette \u00e9nergie est stock\u00e9e par la batterie et consomm\u00e9e par les diff\u00e9rents organes \u00e9lectriques et \u00e9lectroniques.<\/p><p>C&rsquo;est pourquoi nous vous proposons une pi\u00e8ce de marque <a href=\"https:\/\/www.edel.fr\/en\/constructeur\/mahle\/\">Mahle<\/a> \/ <a href=\"https:\/\/www.edel.fr\/en\/constructeur\/letrika\/\">Letrika<\/a> reconnue pour sa fiabilit\u00e9.<\/p><p>Massey Ferguson : 6475, 6480, 6495.<\/p><p><strong>R\u00e9f\u00e9rences du constructeur :<\/strong><\/p><p>AGCO : 3788 017 M92, 3821 976 M92, 3821 977 M91, 3821 978 M91, 3823 654 M2, 3909 794 M1, 4271 312 M91, 4279 541 M92.<\/p><p>LESTER : 12690<\/p><p>MASSEY-FERGUSON : 4271 312 M93<\/p><p>SPAREX : 43795<\/p><p>Edel vous propose \u00e9galement une large gamme d&rsquo;alternateurs et d\u00e9marreurs pour des applications sp\u00e9cifiques, et de diff\u00e9rentes marques.<\/p><p>Donc, pour plus de renseignements, n&rsquo;h\u00e9sitez pas \u00e0 nous consulter !<\/p>\t\t\t\t\t\t\t\t<\/div>\n\t\t\t\t<\/div>\n\t\t\t\t\t<\/div>\n\t\t<\/div>\n\t\t\t\t\t<\/div>\n\t\t<\/section>\n\t\t\t\t<\/div>","protected":false},"excerpt":{"rendered":"<p>Alternateur &#8211; Massey Ferguson &#8211; 14 Volt \/ 120 Amp\u00e8re Information du produit : Votre alternateur g\u00e9n\u00e8re de l\u2019\u00e9nergie \u00e9lectrique en convertissant l&rsquo;\u00e9nergie cin\u00e9tique. Cette \u00e9nergie est stock\u00e9e par la batterie et consomm\u00e9e par les diff\u00e9rents organes \u00e9lectriques et \u00e9lectroniques. C&rsquo;est pourquoi nous vous proposons une pi\u00e8ce de marque Mahle \/ Letrika reconnue pour sa<br \/><a class=\"more-link\" href=\"https:\/\/www.edel.fr\/en\/product\/alternateur-massey-ferguson-volt-ampere-14-120-2\/\"><br \/>\n        Read More<span class=\"screen-reader-text\"> \u00ab\u00a0Alternateur &#8211; Massey Ferguson &#8211; 14 Volt \/ 120 Amp\u00e8re\u00a0\u00bb<\/span><\/a><\/p>","protected":false},"featured_media":5627,"template":"","meta":[],"product_brand":[],"product_cat":[4029,164,154,119],"product_tag":[2459,180],"tracteur":[],"class_list":{"0":"post-5891","1":"product","2":"type-product","3":"status-publish","4":"has-post-thumbnail","6":"product_cat-alternateur-massey-ferguson","7":"product_cat-alternateurs","8":"product_cat-electricite","9":"product_cat-tracteurs-agricoles","10":"product_tag-alternateurs","11":"product_tag-electricite","12":"product_shipping_class-142","13":"pa_fabriquant-mahle","14":"pa_marque-tracteur-massey-ferguson","15":"pa_type-2-1845","16":"pa_type-2-1846","17":"pa_type-2-1847","18":"badges-style-2","20":"first","21":"instock","22":"taxable","23":"shipping-taxable","24":"purchasable","25":"product-type-simple"},"acf":[],"yoast_head":"<!-- This site is optimized with the Yoast SEO plugin v27.3 - https:\/\/yoast.com\/product\/yoast-seo-wordpress\/ -->\n<title>Alternateur - Massey Ferguson - 14 Volt \/ 120 Amp\u00e8re - Edel<\/title>\n<meta name=\"description\" content=\"Alternateur - Massey Ferguson - 14 Volt \/ 120 Amp\u00e8re - 6475 6480 6495 - Nous vous proposons une pi\u00e8ce qui est reconnue pour sa fiabilit\u00e9.\" \/>\n<meta name=\"robots\" content=\"index, follow, max-snippet:-1, max-image-preview:large, max-video-preview:-1\" \/>\n<link rel=\"canonical\" href=\"https:\/\/www.edel.fr\/en\/product\/alternateur-massey-ferguson-volt-ampere-14-120-2\/\" \/>\n<meta property=\"og:locale\" content=\"en_US\" \/>\n<meta property=\"og:type\" content=\"article\" \/>\n<meta property=\"og:title\" content=\"Alternateur - Massey Ferguson - 14 Volt \/ 120 Amp\u00e8re - Edel\" \/>\n<meta property=\"og:description\" content=\"Alternateur - Massey Ferguson - 14 Volt \/ 120 Amp\u00e8re - 6475 6480 6495 - Nous vous proposons une pi\u00e8ce qui est reconnue pour sa fiabilit\u00e9.\" \/>\n<meta property=\"og:url\" content=\"https:\/\/www.edel.fr\/en\/product\/alternateur-massey-ferguson-volt-ampere-14-120-2\/\" \/>\n<meta property=\"og:site_name\" content=\"Edel\" \/>\n<meta property=\"article:modified_time\" content=\"2026-02-04T01:00:45+00:00\" \/>\n<meta property=\"og:image\" content=\"https:\/\/www.edel.fr\/uploads\/2019\/03\/A47.jpg\" \/>\n\t<meta property=\"og:image:width\" content=\"1920\" \/>\n\t<meta property=\"og:image:height\" content=\"1168\" \/>\n\t<meta property=\"og:image:type\" content=\"image\/jpeg\" \/>\n<meta name=\"twitter:card\" content=\"summary_large_image\" \/>\n<meta name=\"twitter:label1\" content=\"Est. reading time\" \/>\n\t<meta name=\"twitter:data1\" content=\"1 minute\" \/>\n<script type=\"application\/ld+json\" class=\"yoast-schema-graph\">{\"@context\":\"https:\\\/\\\/schema.org\",\"@graph\":[{\"@type\":\"WebPage\",\"@id\":\"https:\\\/\\\/www.edel.fr\\\/en\\\/product\\\/alternateur-massey-ferguson-volt-ampere-14-120-2\\\/\",\"url\":\"https:\\\/\\\/www.edel.fr\\\/en\\\/product\\\/alternateur-massey-ferguson-volt-ampere-14-120-2\\\/\",\"name\":\"Alternateur - Massey Ferguson - 14 Volt \\\/ 120 Amp\u00e8re - Edel\",\"isPartOf\":{\"@id\":\"https:\\\/\\\/www.edel.fr\\\/#website\"},\"primaryImageOfPage\":{\"@id\":\"https:\\\/\\\/www.edel.fr\\\/en\\\/product\\\/alternateur-massey-ferguson-volt-ampere-14-120-2\\\/#primaryimage\"},\"image\":{\"@id\":\"https:\\\/\\\/www.edel.fr\\\/en\\\/product\\\/alternateur-massey-ferguson-volt-ampere-14-120-2\\\/#primaryimage\"},\"thumbnailUrl\":\"https:\\\/\\\/www.edel.fr\\\/uploads\\\/2019\\\/03\\\/A47.jpg\",\"datePublished\":\"2019-03-11T08:24:17+00:00\",\"dateModified\":\"2026-02-04T01:00:45+00:00\",\"description\":\"Alternateur - Massey Ferguson - 14 Volt \\\/ 120 Amp\u00e8re - 6475 6480 6495 - Nous vous proposons une pi\u00e8ce qui est reconnue pour sa fiabilit\u00e9.\",\"breadcrumb\":{\"@id\":\"https:\\\/\\\/www.edel.fr\\\/en\\\/product\\\/alternateur-massey-ferguson-volt-ampere-14-120-2\\\/#breadcrumb\"},\"inLanguage\":\"en-US\",\"potentialAction\":[{\"@type\":\"ReadAction\",\"target\":[\"https:\\\/\\\/www.edel.fr\\\/en\\\/product\\\/alternateur-massey-ferguson-volt-ampere-14-120-2\\\/\"]}]},{\"@type\":\"ImageObject\",\"inLanguage\":\"en-US\",\"@id\":\"https:\\\/\\\/www.edel.fr\\\/en\\\/product\\\/alternateur-massey-ferguson-volt-ampere-14-120-2\\\/#primaryimage\",\"url\":\"https:\\\/\\\/www.edel.fr\\\/uploads\\\/2019\\\/03\\\/A47.jpg\",\"contentUrl\":\"https:\\\/\\\/www.edel.fr\\\/uploads\\\/2019\\\/03\\\/A47.jpg\",\"width\":1920,\"height\":1168},{\"@type\":\"BreadcrumbList\",\"@id\":\"https:\\\/\\\/www.edel.fr\\\/en\\\/product\\\/alternateur-massey-ferguson-volt-ampere-14-120-2\\\/#breadcrumb\",\"itemListElement\":[{\"@type\":\"ListItem\",\"position\":1,\"name\":\"Pi\u00e8ce Tracteur\",\"item\":\"https:\\\/\\\/www.edel.fr\\\/\"},{\"@type\":\"ListItem\",\"position\":2,\"name\":\"Toutes nos pi\u00e8ces Tracteur\",\"item\":\"https:\\\/\\\/www.edel.fr\\\/en\\\/shop\\\/\"},{\"@type\":\"ListItem\",\"position\":3,\"name\":\"Alternateur &#8211; Massey Ferguson &#8211; 14 Volt \\\/ 120 Amp\u00e8re\"}]},{\"@type\":\"WebSite\",\"@id\":\"https:\\\/\\\/www.edel.fr\\\/#website\",\"url\":\"https:\\\/\\\/www.edel.fr\\\/\",\"name\":\"Edel\",\"description\":\"Pi\u00e8ce d\u00e9tach\u00e9e de Tracteur Agricole\",\"publisher\":{\"@id\":\"https:\\\/\\\/www.edel.fr\\\/#organization\"},\"potentialAction\":[{\"@type\":\"SearchAction\",\"target\":{\"@type\":\"EntryPoint\",\"urlTemplate\":\"https:\\\/\\\/www.edel.fr\\\/?s={search_term_string}\"},\"query-input\":{\"@type\":\"PropertyValueSpecification\",\"valueRequired\":true,\"valueName\":\"search_term_string\"}}],\"inLanguage\":\"en-US\"},{\"@type\":\"Organization\",\"@id\":\"https:\\\/\\\/www.edel.fr\\\/#organization\",\"name\":\"Edel\",\"url\":\"https:\\\/\\\/www.edel.fr\\\/\",\"logo\":{\"@type\":\"ImageObject\",\"inLanguage\":\"en-US\",\"@id\":\"https:\\\/\\\/www.edel.fr\\\/#\\\/schema\\\/logo\\\/image\\\/\",\"url\":\"https:\\\/\\\/www.edel.fr\\\/uploads\\\/2018\\\/11\\\/logo-edel.png\",\"contentUrl\":\"https:\\\/\\\/www.edel.fr\\\/uploads\\\/2018\\\/11\\\/logo-edel.png\",\"width\":257,\"height\":68,\"caption\":\"Edel\"},\"image\":{\"@id\":\"https:\\\/\\\/www.edel.fr\\\/#\\\/schema\\\/logo\\\/image\\\/\"}}]}<\/script>\n<!-- \/ Yoast SEO plugin. -->","yoast_head_json":{"title":"Alternateur - Massey Ferguson - 14 Volt \/ 120 Amp\u00e8re - Edel","description":"Alternateur - Massey Ferguson - 14 Volt \/ 120 Amp\u00e8re - 6475 6480 6495 - Nous vous proposons une pi\u00e8ce qui est reconnue pour sa fiabilit\u00e9.","robots":{"index":"index","follow":"follow","max-snippet":"max-snippet:-1","max-image-preview":"max-image-preview:large","max-video-preview":"max-video-preview:-1"},"canonical":"https:\/\/www.edel.fr\/en\/product\/alternateur-massey-ferguson-volt-ampere-14-120-2\/","og_locale":"en_US","og_type":"article","og_title":"Alternateur - Massey Ferguson - 14 Volt \/ 120 Amp\u00e8re - Edel","og_description":"Alternateur - Massey Ferguson - 14 Volt \/ 120 Amp\u00e8re - 6475 6480 6495 - Nous vous proposons une pi\u00e8ce qui est reconnue pour sa fiabilit\u00e9.","og_url":"https:\/\/www.edel.fr\/en\/product\/alternateur-massey-ferguson-volt-ampere-14-120-2\/","og_site_name":"Edel","article_modified_time":"2026-02-04T01:00:45+00:00","og_image":[{"width":1920,"height":1168,"url":"https:\/\/www.edel.fr\/uploads\/2019\/03\/A47.jpg","type":"image\/jpeg"}],"twitter_card":"summary_large_image","twitter_misc":{"Est. reading time":"1 minute"},"schema":{"@context":"https:\/\/schema.org","@graph":[{"@type":"WebPage","@id":"https:\/\/www.edel.fr\/en\/product\/alternateur-massey-ferguson-volt-ampere-14-120-2\/","url":"https:\/\/www.edel.fr\/en\/product\/alternateur-massey-ferguson-volt-ampere-14-120-2\/","name":"Alternateur - Massey Ferguson - 14 Volt \/ 120 Amp\u00e8re - Edel","isPartOf":{"@id":"https:\/\/www.edel.fr\/#website"},"primaryImageOfPage":{"@id":"https:\/\/www.edel.fr\/en\/product\/alternateur-massey-ferguson-volt-ampere-14-120-2\/#primaryimage"},"image":{"@id":"https:\/\/www.edel.fr\/en\/product\/alternateur-massey-ferguson-volt-ampere-14-120-2\/#primaryimage"},"thumbnailUrl":"https:\/\/www.edel.fr\/uploads\/2019\/03\/A47.jpg","datePublished":"2019-03-11T08:24:17+00:00","dateModified":"2026-02-04T01:00:45+00:00","description":"Alternateur - Massey Ferguson - 14 Volt \/ 120 Amp\u00e8re - 6475 6480 6495 - Nous vous proposons une pi\u00e8ce qui est reconnue pour sa fiabilit\u00e9.","breadcrumb":{"@id":"https:\/\/www.edel.fr\/en\/product\/alternateur-massey-ferguson-volt-ampere-14-120-2\/#breadcrumb"},"inLanguage":"en-US","potentialAction":[{"@type":"ReadAction","target":["https:\/\/www.edel.fr\/en\/product\/alternateur-massey-ferguson-volt-ampere-14-120-2\/"]}]},{"@type":"ImageObject","inLanguage":"en-US","@id":"https:\/\/www.edel.fr\/en\/product\/alternateur-massey-ferguson-volt-ampere-14-120-2\/#primaryimage","url":"https:\/\/www.edel.fr\/uploads\/2019\/03\/A47.jpg","contentUrl":"https:\/\/www.edel.fr\/uploads\/2019\/03\/A47.jpg","width":1920,"height":1168},{"@type":"BreadcrumbList","@id":"https:\/\/www.edel.fr\/en\/product\/alternateur-massey-ferguson-volt-ampere-14-120-2\/#breadcrumb","itemListElement":[{"@type":"ListItem","position":1,"name":"Pi\u00e8ce Tracteur","item":"https:\/\/www.edel.fr\/"},{"@type":"ListItem","position":2,"name":"Toutes nos pi\u00e8ces Tracteur","item":"https:\/\/www.edel.fr\/en\/shop\/"},{"@type":"ListItem","position":3,"name":"Alternateur &#8211; Massey Ferguson &#8211; 14 Volt \/ 120 Amp\u00e8re"}]},{"@type":"WebSite","@id":"https:\/\/www.edel.fr\/#website","url":"https:\/\/www.edel.fr\/","name":"Edel","description":"Pi\u00e8ce d\u00e9tach\u00e9e de Tracteur Agricole","publisher":{"@id":"https:\/\/www.edel.fr\/#organization"},"potentialAction":[{"@type":"SearchAction","target":{"@type":"EntryPoint","urlTemplate":"https:\/\/www.edel.fr\/?s={search_term_string}"},"query-input":{"@type":"PropertyValueSpecification","valueRequired":true,"valueName":"search_term_string"}}],"inLanguage":"en-US"},{"@type":"Organization","@id":"https:\/\/www.edel.fr\/#organization","name":"Edel","url":"https:\/\/www.edel.fr\/","logo":{"@type":"ImageObject","inLanguage":"en-US","@id":"https:\/\/www.edel.fr\/#\/schema\/logo\/image\/","url":"https:\/\/www.edel.fr\/uploads\/2018\/11\/logo-edel.png","contentUrl":"https:\/\/www.edel.fr\/uploads\/2018\/11\/logo-edel.png","width":257,"height":68,"caption":"Edel"},"image":{"@id":"https:\/\/www.edel.fr\/#\/schema\/logo\/image\/"}}]}},"_links":{"self":[{"href":"https:\/\/www.edel.fr\/en\/wp-json\/wp\/v2\/product\/5891","targetHints":{"allow":["GET"]}}],"collection":[{"href":"https:\/\/www.edel.fr\/en\/wp-json\/wp\/v2\/product"}],"about":[{"href":"https:\/\/www.edel.fr\/en\/wp-json\/wp\/v2\/types\/product"}],"version-history":[{"count":2,"href":"https:\/\/www.edel.fr\/en\/wp-json\/wp\/v2\/product\/5891\/revisions"}],"predecessor-version":[{"id":15161,"href":"https:\/\/www.edel.fr\/en\/wp-json\/wp\/v2\/product\/5891\/revisions\/15161"}],"wp:featuredmedia":[{"embeddable":true,"href":"https:\/\/www.edel.fr\/en\/wp-json\/wp\/v2\/media\/5627"}],"wp:attachment":[{"href":"https:\/\/www.edel.fr\/en\/wp-json\/wp\/v2\/media?parent=5891"}],"wp:term":[{"taxonomy":"product_brand","embeddable":true,"href":"https:\/\/www.edel.fr\/en\/wp-json\/wp\/v2\/product_brand?post=5891"},{"taxonomy":"product_cat","embeddable":true,"href":"https:\/\/www.edel.fr\/en\/wp-json\/wp\/v2\/product_cat?post=5891"},{"taxonomy":"product_tag","embeddable":true,"href":"https:\/\/www.edel.fr\/en\/wp-json\/wp\/v2\/product_tag?post=5891"},{"taxonomy":"tracteur","embeddable":true,"href":"https:\/\/www.edel.fr\/en\/wp-json\/wp\/v2\/tracteur?post=5891"}],"curies":[{"name":"wp","href":"https:\/\/api.w.org\/{rel}","templated":true}]}}