{"id":5888,"date":"2019-03-11T09:24:17","date_gmt":"2019-03-11T08:24:17","guid":{"rendered":"http:\/\/edel.stephanie.ct.webcd.lan\/shop\/alternateur-lsh-lamborghini-same-hurlimann-volt-ampere-14-85-2\/"},"modified":"2026-02-04T02:00:34","modified_gmt":"2026-02-04T01:00:34","slug":"alternateur-lsh-lamborghini-same-hurlimann-volt-ampere-14-85-2","status":"publish","type":"product","link":"https:\/\/www.edel.fr\/en\/product\/alternateur-lsh-lamborghini-same-hurlimann-volt-ampere-14-85-2\/","title":{"rendered":"Alternateur Lsh Lamborghini Same H\u00fcrlimann &#8211; 14 Volt \/ 85 Amp\u00e8re"},"content":{"rendered":"<div data-elementor-type=\"wp-post\" data-elementor-id=\"5888\" class=\"elementor elementor-5888\">\n\t\t\t\t\t\t<section class=\"elementor-section elementor-top-section elementor-element elementor-element-6ae38024 elementor-section-boxed elementor-section-height-default elementor-section-height-default\" data-id=\"6ae38024\" data-element_type=\"section\" data-e-type=\"section\">\n\t\t\t\t\t\t<div class=\"elementor-container elementor-column-gap-default\">\n\t\t\t\t\t<div class=\"elementor-column elementor-col-100 elementor-top-column elementor-element elementor-element-376740df\" data-id=\"376740df\" data-element_type=\"column\" data-e-type=\"column\">\n\t\t\t<div class=\"elementor-widget-wrap elementor-element-populated\">\n\t\t\t\t\t\t<div class=\"elementor-element elementor-element-6a321861 elementor-widget elementor-widget-heading\" data-id=\"6a321861\" data-element_type=\"widget\" data-e-type=\"widget\" data-widget_type=\"heading.default\">\n\t\t\t\t<div class=\"elementor-widget-container\">\n\t\t\t\t\t<h2 class=\"elementor-heading-title elementor-size-default\">Alternateur Lsh Lamborghini Same H\u00fcrlimann - 14 Volt \/ 85 Amp\u00e8re<\/h2>\t\t\t\t<\/div>\n\t\t\t\t<\/div>\n\t\t\t\t<div class=\"elementor-element elementor-element-210318c elementor-widget elementor-widget-heading\" data-id=\"210318c\" data-element_type=\"widget\" data-e-type=\"widget\" data-widget_type=\"heading.default\">\n\t\t\t\t<div class=\"elementor-widget-container\">\n\t\t\t\t\t<h3 class=\"elementor-heading-title elementor-size-default\">Information du produit :<\/h3>\t\t\t\t<\/div>\n\t\t\t\t<\/div>\n\t\t\t\t\t<\/div>\n\t\t<\/div>\n\t\t\t\t\t<\/div>\n\t\t<\/section>\n\t\t\t\t<section class=\"elementor-section elementor-top-section elementor-element elementor-element-400d437 elementor-section-boxed elementor-section-height-default elementor-section-height-default\" data-id=\"400d437\" data-element_type=\"section\" data-e-type=\"section\">\n\t\t\t\t\t\t<div class=\"elementor-container elementor-column-gap-default\">\n\t\t\t\t\t<div class=\"elementor-column elementor-col-100 elementor-top-column elementor-element elementor-element-76b59826\" data-id=\"76b59826\" data-element_type=\"column\" data-e-type=\"column\">\n\t\t\t<div class=\"elementor-widget-wrap elementor-element-populated\">\n\t\t\t\t\t\t<div class=\"elementor-element elementor-element-1a1acf32 elementor-widget elementor-widget-text-editor\" data-id=\"1a1acf32\" data-element_type=\"widget\" data-e-type=\"widget\" data-widget_type=\"text-editor.default\">\n\t\t\t\t<div class=\"elementor-widget-container\">\n\t\t\t\t\t\t\t\t\t<p>Votre alternateur g\u00e9n\u00e8re de l\u2019\u00e9nergie \u00e9lectrique en convertissant l&rsquo;\u00e9nergie cin\u00e9tique. Cette \u00e9nergie est stock\u00e9e par la batterie et consomm\u00e9e par les diff\u00e9rents organes \u00e9lectriques et \u00e9lectroniques.<\/p><p>C&rsquo;est pourquoi nous vous proposons une pi\u00e8ce de marque <a href=\"https:\/\/www.edel.fr\/en\/constructeur\/mahle\/\">Mahle<\/a> \/ <a href=\"https:\/\/www.edel.fr\/en\/constructeur\/letrika\/\">Letrika<\/a> reconnue pour sa fiabilit\u00e9.<\/p><p>Lsh Lamborghini Same H\u00fcrlimann : 100.6, Silver 100.4.<\/p><p><strong>R\u00e9f\u00e9rences constructeur\u00a0<\/strong><\/p><p>CLAAS : 6005706659<\/p><p>CNH \/ FIAT AGRI : 73327981<\/p><p>DELCO REMY : DRA0683<\/p><p>LESTER : 12679<\/p><p>SAME (DEUTZ- FAHR GROUP) : 2 9439 450 0<\/p><p>SPAREX : 35926<\/p><p>Edel vous propose \u00e9galement une large gamme d&rsquo;alternateurs et d\u00e9marreurs pour des applications sp\u00e9cifiques, et de diff\u00e9rentes marques.<\/p><p>Donc, pour plus de renseignements, n&rsquo;h\u00e9sitez pas \u00e0 nous consulter !<\/p>\t\t\t\t\t\t\t\t<\/div>\n\t\t\t\t<\/div>\n\t\t\t\t\t<\/div>\n\t\t<\/div>\n\t\t\t\t\t<\/div>\n\t\t<\/section>\n\t\t\t\t<\/div>","protected":false},"excerpt":{"rendered":"<p>Alternateur Lsh Lamborghini Same H\u00fcrlimann &#8211; 14 Volt \/ 85 Amp\u00e8re Information du produit : Votre alternateur g\u00e9n\u00e8re de l\u2019\u00e9nergie \u00e9lectrique en convertissant l&rsquo;\u00e9nergie cin\u00e9tique. Cette \u00e9nergie est stock\u00e9e par la batterie et consomm\u00e9e par les diff\u00e9rents organes \u00e9lectriques et \u00e9lectroniques. C&rsquo;est pourquoi nous vous proposons une pi\u00e8ce de marque Mahle \/ Letrika reconnue pour<br \/><a class=\"more-link\" href=\"https:\/\/www.edel.fr\/en\/product\/alternateur-lsh-lamborghini-same-hurlimann-volt-ampere-14-85-2\/\"><br \/>\n        Read More<span class=\"screen-reader-text\"> \u00ab\u00a0Alternateur Lsh Lamborghini Same H\u00fcrlimann &#8211; 14 Volt \/ 85 Amp\u00e8re\u00a0\u00bb<\/span><\/a><\/p>","protected":false},"featured_media":5624,"template":"","meta":[],"product_brand":[],"product_cat":[4024,164,154,119],"product_tag":[2459,180],"tracteur":[],"class_list":{"0":"post-5888","1":"product","2":"type-product","3":"status-publish","4":"has-post-thumbnail","6":"product_cat-alternateur-lamborghini-same","7":"product_cat-alternateurs","8":"product_cat-electricite","9":"product_cat-tracteurs-agricoles","10":"product_tag-alternateurs","11":"product_tag-electricite","12":"product_shipping_class-142","13":"pa_fabriquant-mahle","14":"pa_marque-tracteur-lsh","15":"pa_modele-tracteur-silver","16":"pa_type-2-100-6","17":"pa_type-2-silver-100-4","18":"badges-style-2","20":"first","21":"outofstock","22":"taxable","23":"shipping-taxable","24":"purchasable","25":"product-type-simple"},"acf":[],"yoast_head":"<!-- This site is optimized with the Yoast SEO plugin v27.3 - https:\/\/yoast.com\/product\/yoast-seo-wordpress\/ -->\n<title>Alternateur Lsh Lamborghini Same H\u00fcrlimann - 14 Volt \/ 85 Amp\u00e8re - Edel<\/title>\n<meta name=\"description\" content=\"Alternateur Lsh Lamborghini Same H\u00fcrlimann - 14 Volt \/ 85 Amp\u00e8re - 100.6 Silver 100.4 - Nous vous proposons une pi\u00e8ce qui est reconnue pour sa fiabilit\u00e9.\" \/>\n<meta name=\"robots\" content=\"index, follow, max-snippet:-1, max-image-preview:large, max-video-preview:-1\" \/>\n<link rel=\"canonical\" href=\"http:\/\/www.edel.fr\/en\/product\/alternateur-lsh-lamborghini-same-hurlimann-volt-ampere-14-85-2\/\" \/>\n<meta property=\"og:locale\" content=\"en_US\" \/>\n<meta property=\"og:type\" content=\"article\" \/>\n<meta property=\"og:title\" content=\"Alternateur Lsh Lamborghini Same H\u00fcrlimann - 14 Volt \/ 85 Amp\u00e8re - Edel\" \/>\n<meta property=\"og:description\" content=\"Alternateur Lsh Lamborghini Same H\u00fcrlimann - 14 Volt \/ 85 Amp\u00e8re - 100.6 Silver 100.4 - Nous vous proposons une pi\u00e8ce qui est reconnue pour sa fiabilit\u00e9.\" \/>\n<meta property=\"og:url\" content=\"http:\/\/www.edel.fr\/en\/product\/alternateur-lsh-lamborghini-same-hurlimann-volt-ampere-14-85-2\/\" \/>\n<meta property=\"og:site_name\" content=\"Edel\" \/>\n<meta property=\"article:modified_time\" content=\"2026-02-04T01:00:34+00:00\" \/>\n<meta property=\"og:image\" content=\"http:\/\/www.edel.fr\/uploads\/2019\/03\/A44.jpg\" \/>\n\t<meta property=\"og:image:width\" content=\"1920\" \/>\n\t<meta property=\"og:image:height\" content=\"1207\" \/>\n\t<meta property=\"og:image:type\" content=\"image\/jpeg\" \/>\n<meta name=\"twitter:card\" content=\"summary_large_image\" \/>\n<meta name=\"twitter:label1\" content=\"Est. reading time\" \/>\n\t<meta name=\"twitter:data1\" content=\"1 minute\" \/>\n<script type=\"application\/ld+json\" class=\"yoast-schema-graph\">{\"@context\":\"https:\\\/\\\/schema.org\",\"@graph\":[{\"@type\":\"WebPage\",\"@id\":\"http:\\\/\\\/www.edel.fr\\\/produit\\\/alternateur-lsh-lamborghini-same-hurlimann-volt-ampere-14-85-2\\\/\",\"url\":\"http:\\\/\\\/www.edel.fr\\\/produit\\\/alternateur-lsh-lamborghini-same-hurlimann-volt-ampere-14-85-2\\\/\",\"name\":\"Alternateur Lsh Lamborghini Same H\u00fcrlimann - 14 Volt \\\/ 85 Amp\u00e8re - Edel\",\"isPartOf\":{\"@id\":\"https:\\\/\\\/www.edel.fr\\\/en\\\/#website\"},\"primaryImageOfPage\":{\"@id\":\"http:\\\/\\\/www.edel.fr\\\/produit\\\/alternateur-lsh-lamborghini-same-hurlimann-volt-ampere-14-85-2\\\/#primaryimage\"},\"image\":{\"@id\":\"http:\\\/\\\/www.edel.fr\\\/produit\\\/alternateur-lsh-lamborghini-same-hurlimann-volt-ampere-14-85-2\\\/#primaryimage\"},\"thumbnailUrl\":\"https:\\\/\\\/www.edel.fr\\\/uploads\\\/2019\\\/03\\\/A44.jpg\",\"datePublished\":\"2019-03-11T08:24:17+00:00\",\"dateModified\":\"2026-02-04T01:00:34+00:00\",\"description\":\"Alternateur Lsh Lamborghini Same H\u00fcrlimann - 14 Volt \\\/ 85 Amp\u00e8re - 100.6 Silver 100.4 - Nous vous proposons une pi\u00e8ce qui est reconnue pour sa fiabilit\u00e9.\",\"breadcrumb\":{\"@id\":\"http:\\\/\\\/www.edel.fr\\\/produit\\\/alternateur-lsh-lamborghini-same-hurlimann-volt-ampere-14-85-2\\\/#breadcrumb\"},\"inLanguage\":\"en-US\",\"potentialAction\":[{\"@type\":\"ReadAction\",\"target\":[\"http:\\\/\\\/www.edel.fr\\\/produit\\\/alternateur-lsh-lamborghini-same-hurlimann-volt-ampere-14-85-2\\\/\"]}]},{\"@type\":\"ImageObject\",\"inLanguage\":\"en-US\",\"@id\":\"http:\\\/\\\/www.edel.fr\\\/produit\\\/alternateur-lsh-lamborghini-same-hurlimann-volt-ampere-14-85-2\\\/#primaryimage\",\"url\":\"https:\\\/\\\/www.edel.fr\\\/uploads\\\/2019\\\/03\\\/A44.jpg\",\"contentUrl\":\"https:\\\/\\\/www.edel.fr\\\/uploads\\\/2019\\\/03\\\/A44.jpg\",\"width\":1920,\"height\":1207,\"caption\":\"Alternateur Lsh Lamborghini Same H\u00fcrlimann - 14 Volt \\\/ 85 Amp\u00e8re\"},{\"@type\":\"BreadcrumbList\",\"@id\":\"http:\\\/\\\/www.edel.fr\\\/produit\\\/alternateur-lsh-lamborghini-same-hurlimann-volt-ampere-14-85-2\\\/#breadcrumb\",\"itemListElement\":[{\"@type\":\"ListItem\",\"position\":1,\"name\":\"Pi\u00e8ce Tracteur\",\"item\":\"https:\\\/\\\/www.edel.fr\\\/en\\\/\"},{\"@type\":\"ListItem\",\"position\":2,\"name\":\"Toutes nos pi\u00e8ces Tracteur\",\"item\":\"https:\\\/\\\/edel.fr\\\/shop\\\/\"},{\"@type\":\"ListItem\",\"position\":3,\"name\":\"Alternateur Lsh Lamborghini Same H\u00fcrlimann &#8211; 14 Volt \\\/ 85 Amp\u00e8re\"}]},{\"@type\":\"WebSite\",\"@id\":\"https:\\\/\\\/www.edel.fr\\\/en\\\/#website\",\"url\":\"https:\\\/\\\/www.edel.fr\\\/en\\\/\",\"name\":\"Edel\",\"description\":\"Pi\u00e8ce d\u00e9tach\u00e9e de Tracteur Agricole\",\"publisher\":{\"@id\":\"https:\\\/\\\/www.edel.fr\\\/en\\\/#organization\"},\"potentialAction\":[{\"@type\":\"SearchAction\",\"target\":{\"@type\":\"EntryPoint\",\"urlTemplate\":\"https:\\\/\\\/www.edel.fr\\\/en\\\/?s={search_term_string}\"},\"query-input\":{\"@type\":\"PropertyValueSpecification\",\"valueRequired\":true,\"valueName\":\"search_term_string\"}}],\"inLanguage\":\"en-US\"},{\"@type\":\"Organization\",\"@id\":\"https:\\\/\\\/www.edel.fr\\\/en\\\/#organization\",\"name\":\"Edel\",\"url\":\"https:\\\/\\\/www.edel.fr\\\/en\\\/\",\"logo\":{\"@type\":\"ImageObject\",\"inLanguage\":\"en-US\",\"@id\":\"https:\\\/\\\/www.edel.fr\\\/en\\\/#\\\/schema\\\/logo\\\/image\\\/\",\"url\":\"https:\\\/\\\/www.edel.fr\\\/uploads\\\/2018\\\/11\\\/logo-edel.png\",\"contentUrl\":\"https:\\\/\\\/www.edel.fr\\\/uploads\\\/2018\\\/11\\\/logo-edel.png\",\"width\":257,\"height\":68,\"caption\":\"Edel\"},\"image\":{\"@id\":\"https:\\\/\\\/www.edel.fr\\\/en\\\/#\\\/schema\\\/logo\\\/image\\\/\"}}]}<\/script>\n<!-- \/ Yoast SEO plugin. -->","yoast_head_json":{"title":"Alternateur Lsh Lamborghini Same H\u00fcrlimann - 14 Volt \/ 85 Amp\u00e8re - Edel","description":"Alternateur Lsh Lamborghini Same H\u00fcrlimann - 14 Volt \/ 85 Amp\u00e8re - 100.6 Silver 100.4 - Nous vous proposons une pi\u00e8ce qui est reconnue pour sa fiabilit\u00e9.","robots":{"index":"index","follow":"follow","max-snippet":"max-snippet:-1","max-image-preview":"max-image-preview:large","max-video-preview":"max-video-preview:-1"},"canonical":"http:\/\/www.edel.fr\/en\/product\/alternateur-lsh-lamborghini-same-hurlimann-volt-ampere-14-85-2\/","og_locale":"en_US","og_type":"article","og_title":"Alternateur Lsh Lamborghini Same H\u00fcrlimann - 14 Volt \/ 85 Amp\u00e8re - Edel","og_description":"Alternateur Lsh Lamborghini Same H\u00fcrlimann - 14 Volt \/ 85 Amp\u00e8re - 100.6 Silver 100.4 - Nous vous proposons une pi\u00e8ce qui est reconnue pour sa fiabilit\u00e9.","og_url":"http:\/\/www.edel.fr\/en\/product\/alternateur-lsh-lamborghini-same-hurlimann-volt-ampere-14-85-2\/","og_site_name":"Edel","article_modified_time":"2026-02-04T01:00:34+00:00","og_image":[{"width":1920,"height":1207,"url":"http:\/\/www.edel.fr\/uploads\/2019\/03\/A44.jpg","type":"image\/jpeg"}],"twitter_card":"summary_large_image","twitter_misc":{"Est. reading time":"1 minute"},"schema":{"@context":"https:\/\/schema.org","@graph":[{"@type":"WebPage","@id":"http:\/\/www.edel.fr\/produit\/alternateur-lsh-lamborghini-same-hurlimann-volt-ampere-14-85-2\/","url":"http:\/\/www.edel.fr\/produit\/alternateur-lsh-lamborghini-same-hurlimann-volt-ampere-14-85-2\/","name":"Alternateur Lsh Lamborghini Same H\u00fcrlimann - 14 Volt \/ 85 Amp\u00e8re - Edel","isPartOf":{"@id":"https:\/\/www.edel.fr\/en\/#website"},"primaryImageOfPage":{"@id":"http:\/\/www.edel.fr\/produit\/alternateur-lsh-lamborghini-same-hurlimann-volt-ampere-14-85-2\/#primaryimage"},"image":{"@id":"http:\/\/www.edel.fr\/produit\/alternateur-lsh-lamborghini-same-hurlimann-volt-ampere-14-85-2\/#primaryimage"},"thumbnailUrl":"https:\/\/www.edel.fr\/uploads\/2019\/03\/A44.jpg","datePublished":"2019-03-11T08:24:17+00:00","dateModified":"2026-02-04T01:00:34+00:00","description":"Alternateur Lsh Lamborghini Same H\u00fcrlimann - 14 Volt \/ 85 Amp\u00e8re - 100.6 Silver 100.4 - Nous vous proposons une pi\u00e8ce qui est reconnue pour sa fiabilit\u00e9.","breadcrumb":{"@id":"http:\/\/www.edel.fr\/produit\/alternateur-lsh-lamborghini-same-hurlimann-volt-ampere-14-85-2\/#breadcrumb"},"inLanguage":"en-US","potentialAction":[{"@type":"ReadAction","target":["http:\/\/www.edel.fr\/produit\/alternateur-lsh-lamborghini-same-hurlimann-volt-ampere-14-85-2\/"]}]},{"@type":"ImageObject","inLanguage":"en-US","@id":"http:\/\/www.edel.fr\/produit\/alternateur-lsh-lamborghini-same-hurlimann-volt-ampere-14-85-2\/#primaryimage","url":"https:\/\/www.edel.fr\/uploads\/2019\/03\/A44.jpg","contentUrl":"https:\/\/www.edel.fr\/uploads\/2019\/03\/A44.jpg","width":1920,"height":1207,"caption":"Alternateur Lsh Lamborghini Same H\u00fcrlimann - 14 Volt \/ 85 Amp\u00e8re"},{"@type":"BreadcrumbList","@id":"http:\/\/www.edel.fr\/produit\/alternateur-lsh-lamborghini-same-hurlimann-volt-ampere-14-85-2\/#breadcrumb","itemListElement":[{"@type":"ListItem","position":1,"name":"Pi\u00e8ce Tracteur","item":"https:\/\/www.edel.fr\/en\/"},{"@type":"ListItem","position":2,"name":"Toutes nos pi\u00e8ces Tracteur","item":"https:\/\/edel.fr\/shop\/"},{"@type":"ListItem","position":3,"name":"Alternateur Lsh Lamborghini Same H\u00fcrlimann &#8211; 14 Volt \/ 85 Amp\u00e8re"}]},{"@type":"WebSite","@id":"https:\/\/www.edel.fr\/en\/#website","url":"https:\/\/www.edel.fr\/en\/","name":"Edel","description":"Pi\u00e8ce d\u00e9tach\u00e9e de Tracteur Agricole","publisher":{"@id":"https:\/\/www.edel.fr\/en\/#organization"},"potentialAction":[{"@type":"SearchAction","target":{"@type":"EntryPoint","urlTemplate":"https:\/\/www.edel.fr\/en\/?s={search_term_string}"},"query-input":{"@type":"PropertyValueSpecification","valueRequired":true,"valueName":"search_term_string"}}],"inLanguage":"en-US"},{"@type":"Organization","@id":"https:\/\/www.edel.fr\/en\/#organization","name":"Edel","url":"https:\/\/www.edel.fr\/en\/","logo":{"@type":"ImageObject","inLanguage":"en-US","@id":"https:\/\/www.edel.fr\/en\/#\/schema\/logo\/image\/","url":"https:\/\/www.edel.fr\/uploads\/2018\/11\/logo-edel.png","contentUrl":"https:\/\/www.edel.fr\/uploads\/2018\/11\/logo-edel.png","width":257,"height":68,"caption":"Edel"},"image":{"@id":"https:\/\/www.edel.fr\/en\/#\/schema\/logo\/image\/"}}]}},"_links":{"self":[{"href":"https:\/\/www.edel.fr\/en\/wp-json\/wp\/v2\/product\/5888","targetHints":{"allow":["GET"]}}],"collection":[{"href":"https:\/\/www.edel.fr\/en\/wp-json\/wp\/v2\/product"}],"about":[{"href":"https:\/\/www.edel.fr\/en\/wp-json\/wp\/v2\/types\/product"}],"version-history":[{"count":2,"href":"https:\/\/www.edel.fr\/en\/wp-json\/wp\/v2\/product\/5888\/revisions"}],"predecessor-version":[{"id":15157,"href":"https:\/\/www.edel.fr\/en\/wp-json\/wp\/v2\/product\/5888\/revisions\/15157"}],"wp:featuredmedia":[{"embeddable":true,"href":"https:\/\/www.edel.fr\/en\/wp-json\/wp\/v2\/media\/5624"}],"wp:attachment":[{"href":"https:\/\/www.edel.fr\/en\/wp-json\/wp\/v2\/media?parent=5888"}],"wp:term":[{"taxonomy":"product_brand","embeddable":true,"href":"https:\/\/www.edel.fr\/en\/wp-json\/wp\/v2\/product_brand?post=5888"},{"taxonomy":"product_cat","embeddable":true,"href":"https:\/\/www.edel.fr\/en\/wp-json\/wp\/v2\/product_cat?post=5888"},{"taxonomy":"product_tag","embeddable":true,"href":"https:\/\/www.edel.fr\/en\/wp-json\/wp\/v2\/product_tag?post=5888"},{"taxonomy":"tracteur","embeddable":true,"href":"https:\/\/www.edel.fr\/en\/wp-json\/wp\/v2\/tracteur?post=5888"}],"curies":[{"name":"wp","href":"https:\/\/api.w.org\/{rel}","templated":true}]}}