{"id":5887,"date":"2019-03-11T09:24:17","date_gmt":"2019-03-11T08:24:17","guid":{"rendered":"http:\/\/edel.stephanie.ct.webcd.lan\/shop\/alternateur-massey-ferguson-volt-ampere-14-120\/"},"modified":"2026-03-12T02:01:01","modified_gmt":"2026-03-12T01:01:01","slug":"alternateur-massey-ferguson-volt-ampere-14-120","status":"publish","type":"product","link":"https:\/\/www.edel.fr\/en\/product\/alternateur-massey-ferguson-volt-ampere-14-120\/","title":{"rendered":"Alternateur &#8211; Massey Ferguson &#8211; 14 Volt \/ 120 Amp\u00e8re"},"content":{"rendered":"<div data-elementor-type=\"wp-post\" data-elementor-id=\"5887\" class=\"elementor elementor-5887\">\n\t\t\t\t\t\t<section class=\"elementor-section elementor-top-section elementor-element elementor-element-22d25dce elementor-section-boxed elementor-section-height-default elementor-section-height-default\" data-id=\"22d25dce\" data-element_type=\"section\" data-e-type=\"section\">\n\t\t\t\t\t\t<div class=\"elementor-container elementor-column-gap-default\">\n\t\t\t\t\t<div class=\"elementor-column elementor-col-100 elementor-top-column elementor-element elementor-element-5c0b47d8\" data-id=\"5c0b47d8\" data-element_type=\"column\" data-e-type=\"column\">\n\t\t\t<div class=\"elementor-widget-wrap elementor-element-populated\">\n\t\t\t\t\t\t<div class=\"elementor-element elementor-element-50e650ba elementor-widget elementor-widget-heading\" data-id=\"50e650ba\" data-element_type=\"widget\" data-e-type=\"widget\" data-widget_type=\"heading.default\">\n\t\t\t\t<div class=\"elementor-widget-container\">\n\t\t\t\t\t<h2 class=\"elementor-heading-title elementor-size-default\">Alternateur - Massey Ferguson\n- 14 Volt \/ 120 Amp\u00e8re <\/h2>\t\t\t\t<\/div>\n\t\t\t\t<\/div>\n\t\t\t\t<div class=\"elementor-element elementor-element-72322127 elementor-widget elementor-widget-heading\" data-id=\"72322127\" data-element_type=\"widget\" data-e-type=\"widget\" data-widget_type=\"heading.default\">\n\t\t\t\t<div class=\"elementor-widget-container\">\n\t\t\t\t\t<h3 class=\"elementor-heading-title elementor-size-default\">Information du produit :<\/h3>\t\t\t\t<\/div>\n\t\t\t\t<\/div>\n\t\t\t\t\t<\/div>\n\t\t<\/div>\n\t\t\t\t\t<\/div>\n\t\t<\/section>\n\t\t\t\t<section class=\"elementor-section elementor-top-section elementor-element elementor-element-58965de1 elementor-section-boxed elementor-section-height-default elementor-section-height-default\" data-id=\"58965de1\" data-element_type=\"section\" data-e-type=\"section\">\n\t\t\t\t\t\t<div class=\"elementor-container elementor-column-gap-default\">\n\t\t\t\t\t<div class=\"elementor-column elementor-col-100 elementor-top-column elementor-element elementor-element-6e8997\" data-id=\"6e8997\" data-element_type=\"column\" data-e-type=\"column\">\n\t\t\t<div class=\"elementor-widget-wrap elementor-element-populated\">\n\t\t\t\t\t\t<div class=\"elementor-element elementor-element-86913dc elementor-widget elementor-widget-text-editor\" data-id=\"86913dc\" data-element_type=\"widget\" data-e-type=\"widget\" data-widget_type=\"text-editor.default\">\n\t\t\t\t<div class=\"elementor-widget-container\">\n\t\t\t\t\t\t\t\t\t<p>Votre alternateur g\u00e9n\u00e8re de l\u2019\u00e9nergie \u00e9lectrique en convertissant l&rsquo;\u00e9nergie cin\u00e9tique. Cette \u00e9nergie est stock\u00e9e par la batterie et consomm\u00e9e par les diff\u00e9rents organes \u00e9lectriques et \u00e9lectroniques.<\/p><p>C&rsquo;est pourquoi nous vous proposons une pi\u00e8ce de marque <a href=\"https:\/\/www.edel.fr\/en\/constructeur\/mahle\/\">Mahle<\/a> \/ <a href=\"https:\/\/www.edel.fr\/en\/constructeur\/letrika\/\">Letrika<\/a> reconnue pour sa fiabilit\u00e9.<\/p><p>Massey Ferguson : 6000, 6180, 6245, 6255, 6260, 6270, 6280, 6290, 8100.<\/p><p><strong>R\u00e9f\u00e9rences\u00a0<\/strong><\/p><p>CATERPILLAR : 225 3145<\/p><p>CLAAS : 530 144 0<\/p><p>DELCO REMY : DRA0263<\/p><p>LESTER : 12421<\/p><p>MAGNETI MARELLI : 633 214 68<\/p><p>MASSEY-FERGUSON : 3777 677 M1, 3777 677 R1, 6299 0LJ.<\/p><p>PERKINS : 2871A305, 2871A310.<\/p><p>SPAREX : 36232<\/p><p>\u00a0<\/p><p>Donc, pour plus de renseignements, n&rsquo;h\u00e9sitez pas \u00e0 nous consulter !<\/p>\t\t\t\t\t\t\t\t<\/div>\n\t\t\t\t<\/div>\n\t\t\t\t\t<\/div>\n\t\t<\/div>\n\t\t\t\t\t<\/div>\n\t\t<\/section>\n\t\t\t\t<\/div>","protected":false},"excerpt":{"rendered":"<p>Alternateur &#8211; Massey Ferguson &#8211; 14 Volt \/ 120 Amp\u00e8re Information du produit : Votre alternateur g\u00e9n\u00e8re de l\u2019\u00e9nergie \u00e9lectrique en convertissant l&rsquo;\u00e9nergie cin\u00e9tique. Cette \u00e9nergie est stock\u00e9e par la batterie et consomm\u00e9e par les diff\u00e9rents organes \u00e9lectriques et \u00e9lectroniques. C&rsquo;est pourquoi nous vous proposons une pi\u00e8ce de marque Mahle \/ Letrika reconnue pour sa<br \/><a class=\"more-link\" href=\"https:\/\/www.edel.fr\/en\/product\/alternateur-massey-ferguson-volt-ampere-14-120\/\"><br \/>\n        Read More<span class=\"screen-reader-text\"> \u00ab\u00a0Alternateur &#8211; Massey Ferguson &#8211; 14 Volt \/ 120 Amp\u00e8re\u00a0\u00bb<\/span><\/a><\/p>","protected":false},"featured_media":5623,"template":"","meta":[],"product_brand":[],"product_cat":[4029,164,154,119],"product_tag":[2459,180],"tracteur":[],"class_list":{"0":"post-5887","1":"product","2":"type-product","3":"status-publish","4":"has-post-thumbnail","6":"product_cat-alternateur-massey-ferguson","7":"product_cat-alternateurs","8":"product_cat-electricite","9":"product_cat-tracteurs-agricoles","10":"product_tag-alternateurs","11":"product_tag-electricite","12":"product_shipping_class-142","13":"pa_fabriquant-mahle","14":"pa_marque-tracteur-massey-ferguson","15":"pa_type-2-1828","16":"pa_type-2-1333","17":"pa_type-2-1257","18":"pa_type-2-1826","19":"pa_type-2-1335","20":"pa_type-2-1829","21":"pa_type-2-1793","22":"pa_type-2-1830","23":"pa_type-2-1684","24":"badges-style-2","26":"first","27":"instock","28":"taxable","29":"shipping-taxable","30":"purchasable","31":"product-type-simple"},"acf":[],"yoast_head":"<!-- This site is optimized with the Yoast SEO plugin v27.3 - https:\/\/yoast.com\/product\/yoast-seo-wordpress\/ -->\n<title>Alternateur - Massey Ferguson - 14 Volt \/ 120 Amp\u00e8re - Edel<\/title>\n<meta name=\"description\" content=\"Alternateur - Massey Ferguson - 14 Volt \/ 120 Amp\u00e8re - 6000 6180 6245 6255 6260 6270 6280 6290 8100 - Une pi\u00e8ce reconnue pour sa fiabilit\u00e9.\" \/>\n<meta name=\"robots\" content=\"index, follow, max-snippet:-1, max-image-preview:large, max-video-preview:-1\" \/>\n<link rel=\"canonical\" href=\"https:\/\/edel.fr\/en\/product\/alternateur-massey-ferguson-volt-ampere-14-120\/\" \/>\n<meta property=\"og:locale\" content=\"en_US\" \/>\n<meta property=\"og:type\" content=\"article\" \/>\n<meta property=\"og:title\" content=\"Alternateur - Massey Ferguson - 14 Volt \/ 120 Amp\u00e8re - Edel\" \/>\n<meta property=\"og:description\" content=\"Alternateur - Massey Ferguson - 14 Volt \/ 120 Amp\u00e8re - 6000 6180 6245 6255 6260 6270 6280 6290 8100 - Une pi\u00e8ce reconnue pour sa fiabilit\u00e9.\" \/>\n<meta property=\"og:url\" content=\"https:\/\/edel.fr\/en\/product\/alternateur-massey-ferguson-volt-ampere-14-120\/\" \/>\n<meta property=\"og:site_name\" content=\"Edel\" \/>\n<meta property=\"article:modified_time\" content=\"2026-03-12T01:01:01+00:00\" \/>\n<meta property=\"og:image\" content=\"https:\/\/edel.fr\/uploads\/2019\/03\/A43.jpg\" \/>\n\t<meta property=\"og:image:width\" content=\"1920\" \/>\n\t<meta property=\"og:image:height\" content=\"1163\" \/>\n\t<meta property=\"og:image:type\" content=\"image\/jpeg\" \/>\n<meta name=\"twitter:card\" content=\"summary_large_image\" \/>\n<meta name=\"twitter:label1\" content=\"Est. reading time\" \/>\n\t<meta name=\"twitter:data1\" content=\"1 minute\" \/>\n<script type=\"application\/ld+json\" class=\"yoast-schema-graph\">{\"@context\":\"https:\\\/\\\/schema.org\",\"@graph\":[{\"@type\":\"WebPage\",\"@id\":\"https:\\\/\\\/edel.fr\\\/en\\\/product\\\/alternateur-massey-ferguson-volt-ampere-14-120\\\/\",\"url\":\"https:\\\/\\\/edel.fr\\\/en\\\/product\\\/alternateur-massey-ferguson-volt-ampere-14-120\\\/\",\"name\":\"Alternateur - Massey Ferguson - 14 Volt \\\/ 120 Amp\u00e8re - Edel\",\"isPartOf\":{\"@id\":\"http:\\\/\\\/www.edel.fr\\\/en\\\/#website\"},\"primaryImageOfPage\":{\"@id\":\"https:\\\/\\\/edel.fr\\\/en\\\/product\\\/alternateur-massey-ferguson-volt-ampere-14-120\\\/#primaryimage\"},\"image\":{\"@id\":\"https:\\\/\\\/edel.fr\\\/en\\\/product\\\/alternateur-massey-ferguson-volt-ampere-14-120\\\/#primaryimage\"},\"thumbnailUrl\":\"https:\\\/\\\/www.edel.fr\\\/uploads\\\/2019\\\/03\\\/A43.jpg\",\"datePublished\":\"2019-03-11T08:24:17+00:00\",\"dateModified\":\"2026-03-12T01:01:01+00:00\",\"description\":\"Alternateur - Massey Ferguson - 14 Volt \\\/ 120 Amp\u00e8re - 6000 6180 6245 6255 6260 6270 6280 6290 8100 - Une pi\u00e8ce reconnue pour sa fiabilit\u00e9.\",\"breadcrumb\":{\"@id\":\"https:\\\/\\\/edel.fr\\\/en\\\/product\\\/alternateur-massey-ferguson-volt-ampere-14-120\\\/#breadcrumb\"},\"inLanguage\":\"en-US\",\"potentialAction\":[{\"@type\":\"ReadAction\",\"target\":[\"https:\\\/\\\/edel.fr\\\/en\\\/product\\\/alternateur-massey-ferguson-volt-ampere-14-120\\\/\"]}]},{\"@type\":\"ImageObject\",\"inLanguage\":\"en-US\",\"@id\":\"https:\\\/\\\/edel.fr\\\/en\\\/product\\\/alternateur-massey-ferguson-volt-ampere-14-120\\\/#primaryimage\",\"url\":\"https:\\\/\\\/www.edel.fr\\\/uploads\\\/2019\\\/03\\\/A43.jpg\",\"contentUrl\":\"https:\\\/\\\/www.edel.fr\\\/uploads\\\/2019\\\/03\\\/A43.jpg\",\"width\":1920,\"height\":1163,\"caption\":\"Alternateur - Massey Ferguson - 14 Volt \\\/ 120 Amp\u00e8re\"},{\"@type\":\"BreadcrumbList\",\"@id\":\"https:\\\/\\\/edel.fr\\\/en\\\/product\\\/alternateur-massey-ferguson-volt-ampere-14-120\\\/#breadcrumb\",\"itemListElement\":[{\"@type\":\"ListItem\",\"position\":1,\"name\":\"Pi\u00e8ce Tracteur\",\"item\":\"http:\\\/\\\/www.edel.fr\\\/en\\\/\"},{\"@type\":\"ListItem\",\"position\":2,\"name\":\"Toutes nos pi\u00e8ces Tracteur\",\"item\":\"https:\\\/\\\/edel.fr\\\/shop\\\/\"},{\"@type\":\"ListItem\",\"position\":3,\"name\":\"Alternateur &#8211; Massey Ferguson &#8211; 14 Volt \\\/ 120 Amp\u00e8re\"}]},{\"@type\":\"WebSite\",\"@id\":\"http:\\\/\\\/www.edel.fr\\\/en\\\/#website\",\"url\":\"http:\\\/\\\/www.edel.fr\\\/en\\\/\",\"name\":\"Edel\",\"description\":\"Pi\u00e8ce d\u00e9tach\u00e9e de Tracteur Agricole\",\"publisher\":{\"@id\":\"http:\\\/\\\/www.edel.fr\\\/en\\\/#organization\"},\"potentialAction\":[{\"@type\":\"SearchAction\",\"target\":{\"@type\":\"EntryPoint\",\"urlTemplate\":\"http:\\\/\\\/www.edel.fr\\\/en\\\/?s={search_term_string}\"},\"query-input\":{\"@type\":\"PropertyValueSpecification\",\"valueRequired\":true,\"valueName\":\"search_term_string\"}}],\"inLanguage\":\"en-US\"},{\"@type\":\"Organization\",\"@id\":\"http:\\\/\\\/www.edel.fr\\\/en\\\/#organization\",\"name\":\"Edel\",\"url\":\"http:\\\/\\\/www.edel.fr\\\/en\\\/\",\"logo\":{\"@type\":\"ImageObject\",\"inLanguage\":\"en-US\",\"@id\":\"http:\\\/\\\/www.edel.fr\\\/en\\\/#\\\/schema\\\/logo\\\/image\\\/\",\"url\":\"https:\\\/\\\/www.edel.fr\\\/uploads\\\/2018\\\/11\\\/logo-edel.png\",\"contentUrl\":\"https:\\\/\\\/www.edel.fr\\\/uploads\\\/2018\\\/11\\\/logo-edel.png\",\"width\":257,\"height\":68,\"caption\":\"Edel\"},\"image\":{\"@id\":\"http:\\\/\\\/www.edel.fr\\\/en\\\/#\\\/schema\\\/logo\\\/image\\\/\"}}]}<\/script>\n<!-- \/ Yoast SEO plugin. -->","yoast_head_json":{"title":"Alternateur - Massey Ferguson - 14 Volt \/ 120 Amp\u00e8re - Edel","description":"Alternateur - Massey Ferguson - 14 Volt \/ 120 Amp\u00e8re - 6000 6180 6245 6255 6260 6270 6280 6290 8100 - Une pi\u00e8ce reconnue pour sa fiabilit\u00e9.","robots":{"index":"index","follow":"follow","max-snippet":"max-snippet:-1","max-image-preview":"max-image-preview:large","max-video-preview":"max-video-preview:-1"},"canonical":"https:\/\/edel.fr\/en\/product\/alternateur-massey-ferguson-volt-ampere-14-120\/","og_locale":"en_US","og_type":"article","og_title":"Alternateur - Massey Ferguson - 14 Volt \/ 120 Amp\u00e8re - Edel","og_description":"Alternateur - Massey Ferguson - 14 Volt \/ 120 Amp\u00e8re - 6000 6180 6245 6255 6260 6270 6280 6290 8100 - Une pi\u00e8ce reconnue pour sa fiabilit\u00e9.","og_url":"https:\/\/edel.fr\/en\/product\/alternateur-massey-ferguson-volt-ampere-14-120\/","og_site_name":"Edel","article_modified_time":"2026-03-12T01:01:01+00:00","og_image":[{"width":1920,"height":1163,"url":"https:\/\/edel.fr\/uploads\/2019\/03\/A43.jpg","type":"image\/jpeg"}],"twitter_card":"summary_large_image","twitter_misc":{"Est. reading time":"1 minute"},"schema":{"@context":"https:\/\/schema.org","@graph":[{"@type":"WebPage","@id":"https:\/\/edel.fr\/en\/product\/alternateur-massey-ferguson-volt-ampere-14-120\/","url":"https:\/\/edel.fr\/en\/product\/alternateur-massey-ferguson-volt-ampere-14-120\/","name":"Alternateur - Massey Ferguson - 14 Volt \/ 120 Amp\u00e8re - Edel","isPartOf":{"@id":"http:\/\/www.edel.fr\/en\/#website"},"primaryImageOfPage":{"@id":"https:\/\/edel.fr\/en\/product\/alternateur-massey-ferguson-volt-ampere-14-120\/#primaryimage"},"image":{"@id":"https:\/\/edel.fr\/en\/product\/alternateur-massey-ferguson-volt-ampere-14-120\/#primaryimage"},"thumbnailUrl":"https:\/\/www.edel.fr\/uploads\/2019\/03\/A43.jpg","datePublished":"2019-03-11T08:24:17+00:00","dateModified":"2026-03-12T01:01:01+00:00","description":"Alternateur - Massey Ferguson - 14 Volt \/ 120 Amp\u00e8re - 6000 6180 6245 6255 6260 6270 6280 6290 8100 - Une pi\u00e8ce reconnue pour sa fiabilit\u00e9.","breadcrumb":{"@id":"https:\/\/edel.fr\/en\/product\/alternateur-massey-ferguson-volt-ampere-14-120\/#breadcrumb"},"inLanguage":"en-US","potentialAction":[{"@type":"ReadAction","target":["https:\/\/edel.fr\/en\/product\/alternateur-massey-ferguson-volt-ampere-14-120\/"]}]},{"@type":"ImageObject","inLanguage":"en-US","@id":"https:\/\/edel.fr\/en\/product\/alternateur-massey-ferguson-volt-ampere-14-120\/#primaryimage","url":"https:\/\/www.edel.fr\/uploads\/2019\/03\/A43.jpg","contentUrl":"https:\/\/www.edel.fr\/uploads\/2019\/03\/A43.jpg","width":1920,"height":1163,"caption":"Alternateur - Massey Ferguson - 14 Volt \/ 120 Amp\u00e8re"},{"@type":"BreadcrumbList","@id":"https:\/\/edel.fr\/en\/product\/alternateur-massey-ferguson-volt-ampere-14-120\/#breadcrumb","itemListElement":[{"@type":"ListItem","position":1,"name":"Pi\u00e8ce Tracteur","item":"http:\/\/www.edel.fr\/en\/"},{"@type":"ListItem","position":2,"name":"Toutes nos pi\u00e8ces Tracteur","item":"https:\/\/edel.fr\/shop\/"},{"@type":"ListItem","position":3,"name":"Alternateur &#8211; Massey Ferguson &#8211; 14 Volt \/ 120 Amp\u00e8re"}]},{"@type":"WebSite","@id":"http:\/\/www.edel.fr\/en\/#website","url":"http:\/\/www.edel.fr\/en\/","name":"Edel","description":"Pi\u00e8ce d\u00e9tach\u00e9e de Tracteur Agricole","publisher":{"@id":"http:\/\/www.edel.fr\/en\/#organization"},"potentialAction":[{"@type":"SearchAction","target":{"@type":"EntryPoint","urlTemplate":"http:\/\/www.edel.fr\/en\/?s={search_term_string}"},"query-input":{"@type":"PropertyValueSpecification","valueRequired":true,"valueName":"search_term_string"}}],"inLanguage":"en-US"},{"@type":"Organization","@id":"http:\/\/www.edel.fr\/en\/#organization","name":"Edel","url":"http:\/\/www.edel.fr\/en\/","logo":{"@type":"ImageObject","inLanguage":"en-US","@id":"http:\/\/www.edel.fr\/en\/#\/schema\/logo\/image\/","url":"https:\/\/www.edel.fr\/uploads\/2018\/11\/logo-edel.png","contentUrl":"https:\/\/www.edel.fr\/uploads\/2018\/11\/logo-edel.png","width":257,"height":68,"caption":"Edel"},"image":{"@id":"http:\/\/www.edel.fr\/en\/#\/schema\/logo\/image\/"}}]}},"_links":{"self":[{"href":"https:\/\/www.edel.fr\/en\/wp-json\/wp\/v2\/product\/5887","targetHints":{"allow":["GET"]}}],"collection":[{"href":"https:\/\/www.edel.fr\/en\/wp-json\/wp\/v2\/product"}],"about":[{"href":"https:\/\/www.edel.fr\/en\/wp-json\/wp\/v2\/types\/product"}],"version-history":[{"count":2,"href":"https:\/\/www.edel.fr\/en\/wp-json\/wp\/v2\/product\/5887\/revisions"}],"predecessor-version":[{"id":15162,"href":"https:\/\/www.edel.fr\/en\/wp-json\/wp\/v2\/product\/5887\/revisions\/15162"}],"wp:featuredmedia":[{"embeddable":true,"href":"https:\/\/www.edel.fr\/en\/wp-json\/wp\/v2\/media\/5623"}],"wp:attachment":[{"href":"https:\/\/www.edel.fr\/en\/wp-json\/wp\/v2\/media?parent=5887"}],"wp:term":[{"taxonomy":"product_brand","embeddable":true,"href":"https:\/\/www.edel.fr\/en\/wp-json\/wp\/v2\/product_brand?post=5887"},{"taxonomy":"product_cat","embeddable":true,"href":"https:\/\/www.edel.fr\/en\/wp-json\/wp\/v2\/product_cat?post=5887"},{"taxonomy":"product_tag","embeddable":true,"href":"https:\/\/www.edel.fr\/en\/wp-json\/wp\/v2\/product_tag?post=5887"},{"taxonomy":"tracteur","embeddable":true,"href":"https:\/\/www.edel.fr\/en\/wp-json\/wp\/v2\/tracteur?post=5887"}],"curies":[{"name":"wp","href":"https:\/\/api.w.org\/{rel}","templated":true}]}}