{"id":5872,"date":"2019-03-11T09:24:09","date_gmt":"2019-03-11T08:24:09","guid":{"rendered":"http:\/\/edel.stephanie.ct.webcd.lan\/shop\/alternateur-renault-claas-volt-ampere-14-65-moteur-mwm\/"},"modified":"2025-11-05T21:07:38","modified_gmt":"2025-11-05T20:07:38","slug":"alternateur-renault-claas-volt-ampere-14-65-moteur-mwm","status":"publish","type":"product","link":"https:\/\/www.edel.fr\/en\/product\/alternateur-renault-claas-volt-ampere-14-65-moteur-mwm\/","title":{"rendered":"Alternateur &#8211; Renault Claas 14 Volt \/ 65 Amp\u00e8re, Moteur MWM"},"content":{"rendered":"<div data-elementor-type=\"wp-post\" data-elementor-id=\"5872\" class=\"elementor elementor-5872\">\n\t\t\t\t\t\t<section class=\"elementor-section elementor-top-section elementor-element elementor-element-56300045 elementor-section-boxed elementor-section-height-default elementor-section-height-default\" data-id=\"56300045\" data-element_type=\"section\" data-e-type=\"section\">\n\t\t\t\t\t\t<div class=\"elementor-container elementor-column-gap-default\">\n\t\t\t\t\t<div class=\"elementor-column elementor-col-100 elementor-top-column elementor-element elementor-element-507224e\" data-id=\"507224e\" data-element_type=\"column\" data-e-type=\"column\">\n\t\t\t<div class=\"elementor-widget-wrap elementor-element-populated\">\n\t\t\t\t\t\t<div class=\"elementor-element elementor-element-9ba7f46 elementor-widget elementor-widget-heading\" data-id=\"9ba7f46\" data-element_type=\"widget\" data-e-type=\"widget\" data-widget_type=\"heading.default\">\n\t\t\t\t<div class=\"elementor-widget-container\">\n\t\t\t\t\t<h2 class=\"elementor-heading-title elementor-size-default\">Alternateur - Renault Claas 14 Volt \/ 65 Amp\u00e8re, Moteur MWM<\/h2>\t\t\t\t<\/div>\n\t\t\t\t<\/div>\n\t\t\t\t<div class=\"elementor-element elementor-element-35ef3eed elementor-widget elementor-widget-heading\" data-id=\"35ef3eed\" data-element_type=\"widget\" data-e-type=\"widget\" data-widget_type=\"heading.default\">\n\t\t\t\t<div class=\"elementor-widget-container\">\n\t\t\t\t\t<h3 class=\"elementor-heading-title elementor-size-default\">Information du produit :<\/h3>\t\t\t\t<\/div>\n\t\t\t\t<\/div>\n\t\t\t\t\t<\/div>\n\t\t<\/div>\n\t\t\t\t\t<\/div>\n\t\t<\/section>\n\t\t\t\t<section class=\"elementor-section elementor-top-section elementor-element elementor-element-23522e37 elementor-section-boxed elementor-section-height-default elementor-section-height-default\" data-id=\"23522e37\" data-element_type=\"section\" data-e-type=\"section\">\n\t\t\t\t\t\t<div class=\"elementor-container elementor-column-gap-default\">\n\t\t\t\t\t<div class=\"elementor-column elementor-col-100 elementor-top-column elementor-element elementor-element-188beb80\" data-id=\"188beb80\" data-element_type=\"column\" data-e-type=\"column\">\n\t\t\t<div class=\"elementor-widget-wrap elementor-element-populated\">\n\t\t\t\t\t\t<div class=\"elementor-element elementor-element-4c81d2b elementor-widget elementor-widget-text-editor\" data-id=\"4c81d2b\" data-element_type=\"widget\" data-e-type=\"widget\" data-widget_type=\"text-editor.default\">\n\t\t\t\t<div class=\"elementor-widget-container\">\n\t\t\t\t\t\t\t\t\t<p>Votre alternateur g\u00e9n\u00e8re de l\u2019\u00e9nergie \u00e9lectrique en convertissant l&rsquo;\u00e9nergie cin\u00e9tique. Cette \u00e9nergie est stock\u00e9e par la batterie et consomm\u00e9e par les diff\u00e9rents organes \u00e9lectriques et \u00e9lectroniques.<\/p><p>C&rsquo;est pourquoi nous vous proposons une pi\u00e8ce de marque <a href=\"https:\/\/www.edel.fr\/en\/constructeur\/mahle\/\">Mahle<\/a> \/ <a href=\"https:\/\/www.edel.fr\/en\/constructeur\/letrika\/\">Letrika<\/a> reconnue pour sa fiabilit\u00e9.<\/p><p>Renault Claas : 3460, 421, 461, 462, 70, 80, 86, 90S, 9514.<\/p><p>Edel vous propose \u00e9galement une large gamme d&rsquo;alternateurs et d\u00e9marreurs pour des applications sp\u00e9cifiques, et de diff\u00e9rentes marques.<\/p><p>Donc, pour plus de renseignements, n&rsquo;h\u00e9sitez pas \u00e0 nous consulter !<\/p>\t\t\t\t\t\t\t\t<\/div>\n\t\t\t\t<\/div>\n\t\t\t\t\t<\/div>\n\t\t<\/div>\n\t\t\t\t\t<\/div>\n\t\t<\/section>\n\t\t\t\t<\/div>","protected":false},"excerpt":{"rendered":"<p>Alternateur &#8211; Renault Claas 14 Volt \/ 65 Amp\u00e8re, Moteur MWM Information du produit : Votre alternateur g\u00e9n\u00e8re de l\u2019\u00e9nergie \u00e9lectrique en convertissant l&rsquo;\u00e9nergie cin\u00e9tique. Cette \u00e9nergie est stock\u00e9e par la batterie et consomm\u00e9e par les diff\u00e9rents organes \u00e9lectriques et \u00e9lectroniques. C&rsquo;est pourquoi nous vous proposons une pi\u00e8ce de marque Mahle \/ Letrika reconnue pour<br \/><a class=\"more-link\" href=\"https:\/\/www.edel.fr\/en\/product\/alternateur-renault-claas-volt-ampere-14-65-moteur-mwm\/\"><br \/>\n        Read More<span class=\"screen-reader-text\"> \u00ab\u00a0Alternateur &#8211; Renault Claas 14 Volt \/ 65 Amp\u00e8re, Moteur MWM\u00a0\u00bb<\/span><\/a><\/p>","protected":false},"featured_media":5611,"template":"","meta":[],"product_brand":[],"product_cat":[4032,164,154,119],"product_tag":[2459,180],"tracteur":[],"class_list":{"0":"post-5872","1":"product","2":"type-product","3":"status-publish","4":"has-post-thumbnail","6":"product_cat-alternateur-renault-claas","7":"product_cat-alternateurs","8":"product_cat-electricite","9":"product_cat-tracteurs-agricoles","10":"product_tag-alternateurs","11":"product_tag-electricite","12":"product_shipping_class-142","13":"pa_fabriquant-mahle","14":"pa_marque-tracteur-renault-claas","15":"pa_type-2-1687","16":"pa_type-2-1210","17":"pa_type-2-1686","18":"pa_type-2-1212","19":"pa_type-2-1288","20":"pa_type-2-1238","21":"pa_type-2-1685","22":"pa_type-2-90s","23":"pa_type-2-1531","24":"badges-style-2","26":"first","27":"outofstock","28":"taxable","29":"shipping-taxable","30":"purchasable","31":"product-type-simple"},"acf":[],"yoast_head":"<!-- This site is optimized with the Yoast SEO plugin v27.3 - https:\/\/yoast.com\/product\/yoast-seo-wordpress\/ -->\n<title>Alternateur - Renault Claas 14 Volt \/ 65 Amp\u00e8re, Moteur MWM - Edel<\/title>\n<meta name=\"description\" content=\"Alternateur - Renault Claas 14 Volt \/ 65 Amp\u00e8re, Moteur MWM - 3460 421 461 462 70 80 86 90S 9514 - Une pi\u00e8ce reconnue pour sa fiabilit\u00e9.\" \/>\n<meta name=\"robots\" content=\"index, follow, max-snippet:-1, max-image-preview:large, max-video-preview:-1\" \/>\n<link rel=\"canonical\" href=\"https:\/\/edel.fr\/produit\/alternateur-renault-claas-volt-ampere-14-65-moteur-mwm\/\" \/>\n<meta property=\"og:locale\" content=\"en_US\" \/>\n<meta property=\"og:type\" content=\"article\" \/>\n<meta property=\"og:title\" content=\"Alternateur - Renault Claas 14 Volt \/ 65 Amp\u00e8re, Moteur MWM - Edel\" \/>\n<meta property=\"og:description\" content=\"Alternateur - Renault Claas 14 Volt \/ 65 Amp\u00e8re, Moteur MWM - 3460 421 461 462 70 80 86 90S 9514 - Une pi\u00e8ce reconnue pour sa fiabilit\u00e9.\" \/>\n<meta property=\"og:url\" content=\"https:\/\/edel.fr\/produit\/alternateur-renault-claas-volt-ampere-14-65-moteur-mwm\/\" \/>\n<meta property=\"og:site_name\" content=\"Edel\" \/>\n<meta property=\"article:modified_time\" content=\"2025-11-05T20:07:38+00:00\" \/>\n<meta property=\"og:image\" content=\"https:\/\/edel.fr\/uploads\/2019\/03\/A28.jpg\" \/>\n\t<meta property=\"og:image:width\" content=\"1920\" \/>\n\t<meta property=\"og:image:height\" content=\"1280\" \/>\n\t<meta property=\"og:image:type\" content=\"image\/jpeg\" \/>\n<meta name=\"twitter:card\" content=\"summary_large_image\" \/>\n<meta name=\"twitter:label1\" content=\"Est. reading time\" \/>\n\t<meta name=\"twitter:data1\" content=\"1 minute\" \/>\n<script type=\"application\/ld+json\" class=\"yoast-schema-graph\">{\"@context\":\"https:\\\/\\\/schema.org\",\"@graph\":[{\"@type\":\"WebPage\",\"@id\":\"https:\\\/\\\/edel.fr\\\/produit\\\/alternateur-renault-claas-volt-ampere-14-65-moteur-mwm\\\/\",\"url\":\"https:\\\/\\\/edel.fr\\\/produit\\\/alternateur-renault-claas-volt-ampere-14-65-moteur-mwm\\\/\",\"name\":\"Alternateur - Renault Claas 14 Volt \\\/ 65 Amp\u00e8re, Moteur MWM - Edel\",\"isPartOf\":{\"@id\":\"https:\\\/\\\/www.edel.fr\\\/en\\\/#website\"},\"primaryImageOfPage\":{\"@id\":\"https:\\\/\\\/edel.fr\\\/produit\\\/alternateur-renault-claas-volt-ampere-14-65-moteur-mwm\\\/#primaryimage\"},\"image\":{\"@id\":\"https:\\\/\\\/edel.fr\\\/produit\\\/alternateur-renault-claas-volt-ampere-14-65-moteur-mwm\\\/#primaryimage\"},\"thumbnailUrl\":\"https:\\\/\\\/www.edel.fr\\\/uploads\\\/2019\\\/03\\\/A28.jpg\",\"datePublished\":\"2019-03-11T08:24:09+00:00\",\"dateModified\":\"2025-11-05T20:07:38+00:00\",\"description\":\"Alternateur - Renault Claas 14 Volt \\\/ 65 Amp\u00e8re, Moteur MWM - 3460 421 461 462 70 80 86 90S 9514 - Une pi\u00e8ce reconnue pour sa fiabilit\u00e9.\",\"breadcrumb\":{\"@id\":\"https:\\\/\\\/edel.fr\\\/produit\\\/alternateur-renault-claas-volt-ampere-14-65-moteur-mwm\\\/#breadcrumb\"},\"inLanguage\":\"en-US\",\"potentialAction\":[{\"@type\":\"ReadAction\",\"target\":[\"https:\\\/\\\/edel.fr\\\/produit\\\/alternateur-renault-claas-volt-ampere-14-65-moteur-mwm\\\/\"]}]},{\"@type\":\"ImageObject\",\"inLanguage\":\"en-US\",\"@id\":\"https:\\\/\\\/edel.fr\\\/produit\\\/alternateur-renault-claas-volt-ampere-14-65-moteur-mwm\\\/#primaryimage\",\"url\":\"https:\\\/\\\/www.edel.fr\\\/uploads\\\/2019\\\/03\\\/A28.jpg\",\"contentUrl\":\"https:\\\/\\\/www.edel.fr\\\/uploads\\\/2019\\\/03\\\/A28.jpg\",\"width\":1920,\"height\":1280,\"caption\":\"Alternateur - Renault Claas 14 Volt \\\/ 65 Amp\u00e8re, Moteur MWM\"},{\"@type\":\"BreadcrumbList\",\"@id\":\"https:\\\/\\\/edel.fr\\\/produit\\\/alternateur-renault-claas-volt-ampere-14-65-moteur-mwm\\\/#breadcrumb\",\"itemListElement\":[{\"@type\":\"ListItem\",\"position\":1,\"name\":\"Pi\u00e8ce Tracteur\",\"item\":\"https:\\\/\\\/www.edel.fr\\\/en\\\/\"},{\"@type\":\"ListItem\",\"position\":2,\"name\":\"Toutes nos pi\u00e8ces Tracteur\",\"item\":\"https:\\\/\\\/edel.fr\\\/shop\\\/\"},{\"@type\":\"ListItem\",\"position\":3,\"name\":\"Alternateur &#8211; Renault Claas 14 Volt \\\/ 65 Amp\u00e8re, Moteur MWM\"}]},{\"@type\":\"WebSite\",\"@id\":\"https:\\\/\\\/www.edel.fr\\\/en\\\/#website\",\"url\":\"https:\\\/\\\/www.edel.fr\\\/en\\\/\",\"name\":\"Edel\",\"description\":\"Pi\u00e8ce d\u00e9tach\u00e9e de Tracteur Agricole\",\"publisher\":{\"@id\":\"https:\\\/\\\/www.edel.fr\\\/en\\\/#organization\"},\"potentialAction\":[{\"@type\":\"SearchAction\",\"target\":{\"@type\":\"EntryPoint\",\"urlTemplate\":\"https:\\\/\\\/www.edel.fr\\\/en\\\/?s={search_term_string}\"},\"query-input\":{\"@type\":\"PropertyValueSpecification\",\"valueRequired\":true,\"valueName\":\"search_term_string\"}}],\"inLanguage\":\"en-US\"},{\"@type\":\"Organization\",\"@id\":\"https:\\\/\\\/www.edel.fr\\\/en\\\/#organization\",\"name\":\"Edel\",\"url\":\"https:\\\/\\\/www.edel.fr\\\/en\\\/\",\"logo\":{\"@type\":\"ImageObject\",\"inLanguage\":\"en-US\",\"@id\":\"https:\\\/\\\/www.edel.fr\\\/en\\\/#\\\/schema\\\/logo\\\/image\\\/\",\"url\":\"https:\\\/\\\/www.edel.fr\\\/uploads\\\/2018\\\/11\\\/logo-edel.png\",\"contentUrl\":\"https:\\\/\\\/www.edel.fr\\\/uploads\\\/2018\\\/11\\\/logo-edel.png\",\"width\":257,\"height\":68,\"caption\":\"Edel\"},\"image\":{\"@id\":\"https:\\\/\\\/www.edel.fr\\\/en\\\/#\\\/schema\\\/logo\\\/image\\\/\"}}]}<\/script>\n<!-- \/ Yoast SEO plugin. -->","yoast_head_json":{"title":"Alternateur - Renault Claas 14 Volt \/ 65 Amp\u00e8re, Moteur MWM - Edel","description":"Alternateur - Renault Claas 14 Volt \/ 65 Amp\u00e8re, Moteur MWM - 3460 421 461 462 70 80 86 90S 9514 - Une pi\u00e8ce reconnue pour sa fiabilit\u00e9.","robots":{"index":"index","follow":"follow","max-snippet":"max-snippet:-1","max-image-preview":"max-image-preview:large","max-video-preview":"max-video-preview:-1"},"canonical":"https:\/\/edel.fr\/produit\/alternateur-renault-claas-volt-ampere-14-65-moteur-mwm\/","og_locale":"en_US","og_type":"article","og_title":"Alternateur - Renault Claas 14 Volt \/ 65 Amp\u00e8re, Moteur MWM - Edel","og_description":"Alternateur - Renault Claas 14 Volt \/ 65 Amp\u00e8re, Moteur MWM - 3460 421 461 462 70 80 86 90S 9514 - Une pi\u00e8ce reconnue pour sa fiabilit\u00e9.","og_url":"https:\/\/edel.fr\/produit\/alternateur-renault-claas-volt-ampere-14-65-moteur-mwm\/","og_site_name":"Edel","article_modified_time":"2025-11-05T20:07:38+00:00","og_image":[{"width":1920,"height":1280,"url":"https:\/\/edel.fr\/uploads\/2019\/03\/A28.jpg","type":"image\/jpeg"}],"twitter_card":"summary_large_image","twitter_misc":{"Est. reading time":"1 minute"},"schema":{"@context":"https:\/\/schema.org","@graph":[{"@type":"WebPage","@id":"https:\/\/edel.fr\/produit\/alternateur-renault-claas-volt-ampere-14-65-moteur-mwm\/","url":"https:\/\/edel.fr\/produit\/alternateur-renault-claas-volt-ampere-14-65-moteur-mwm\/","name":"Alternateur - Renault Claas 14 Volt \/ 65 Amp\u00e8re, Moteur MWM - Edel","isPartOf":{"@id":"https:\/\/www.edel.fr\/en\/#website"},"primaryImageOfPage":{"@id":"https:\/\/edel.fr\/produit\/alternateur-renault-claas-volt-ampere-14-65-moteur-mwm\/#primaryimage"},"image":{"@id":"https:\/\/edel.fr\/produit\/alternateur-renault-claas-volt-ampere-14-65-moteur-mwm\/#primaryimage"},"thumbnailUrl":"https:\/\/www.edel.fr\/uploads\/2019\/03\/A28.jpg","datePublished":"2019-03-11T08:24:09+00:00","dateModified":"2025-11-05T20:07:38+00:00","description":"Alternateur - Renault Claas 14 Volt \/ 65 Amp\u00e8re, Moteur MWM - 3460 421 461 462 70 80 86 90S 9514 - Une pi\u00e8ce reconnue pour sa fiabilit\u00e9.","breadcrumb":{"@id":"https:\/\/edel.fr\/produit\/alternateur-renault-claas-volt-ampere-14-65-moteur-mwm\/#breadcrumb"},"inLanguage":"en-US","potentialAction":[{"@type":"ReadAction","target":["https:\/\/edel.fr\/produit\/alternateur-renault-claas-volt-ampere-14-65-moteur-mwm\/"]}]},{"@type":"ImageObject","inLanguage":"en-US","@id":"https:\/\/edel.fr\/produit\/alternateur-renault-claas-volt-ampere-14-65-moteur-mwm\/#primaryimage","url":"https:\/\/www.edel.fr\/uploads\/2019\/03\/A28.jpg","contentUrl":"https:\/\/www.edel.fr\/uploads\/2019\/03\/A28.jpg","width":1920,"height":1280,"caption":"Alternateur - Renault Claas 14 Volt \/ 65 Amp\u00e8re, Moteur MWM"},{"@type":"BreadcrumbList","@id":"https:\/\/edel.fr\/produit\/alternateur-renault-claas-volt-ampere-14-65-moteur-mwm\/#breadcrumb","itemListElement":[{"@type":"ListItem","position":1,"name":"Pi\u00e8ce Tracteur","item":"https:\/\/www.edel.fr\/en\/"},{"@type":"ListItem","position":2,"name":"Toutes nos pi\u00e8ces Tracteur","item":"https:\/\/edel.fr\/shop\/"},{"@type":"ListItem","position":3,"name":"Alternateur &#8211; Renault Claas 14 Volt \/ 65 Amp\u00e8re, Moteur MWM"}]},{"@type":"WebSite","@id":"https:\/\/www.edel.fr\/en\/#website","url":"https:\/\/www.edel.fr\/en\/","name":"Edel","description":"Pi\u00e8ce d\u00e9tach\u00e9e de Tracteur Agricole","publisher":{"@id":"https:\/\/www.edel.fr\/en\/#organization"},"potentialAction":[{"@type":"SearchAction","target":{"@type":"EntryPoint","urlTemplate":"https:\/\/www.edel.fr\/en\/?s={search_term_string}"},"query-input":{"@type":"PropertyValueSpecification","valueRequired":true,"valueName":"search_term_string"}}],"inLanguage":"en-US"},{"@type":"Organization","@id":"https:\/\/www.edel.fr\/en\/#organization","name":"Edel","url":"https:\/\/www.edel.fr\/en\/","logo":{"@type":"ImageObject","inLanguage":"en-US","@id":"https:\/\/www.edel.fr\/en\/#\/schema\/logo\/image\/","url":"https:\/\/www.edel.fr\/uploads\/2018\/11\/logo-edel.png","contentUrl":"https:\/\/www.edel.fr\/uploads\/2018\/11\/logo-edel.png","width":257,"height":68,"caption":"Edel"},"image":{"@id":"https:\/\/www.edel.fr\/en\/#\/schema\/logo\/image\/"}}]}},"_links":{"self":[{"href":"https:\/\/www.edel.fr\/en\/wp-json\/wp\/v2\/product\/5872","targetHints":{"allow":["GET"]}}],"collection":[{"href":"https:\/\/www.edel.fr\/en\/wp-json\/wp\/v2\/product"}],"about":[{"href":"https:\/\/www.edel.fr\/en\/wp-json\/wp\/v2\/types\/product"}],"version-history":[{"count":2,"href":"https:\/\/www.edel.fr\/en\/wp-json\/wp\/v2\/product\/5872\/revisions"}],"predecessor-version":[{"id":15171,"href":"https:\/\/www.edel.fr\/en\/wp-json\/wp\/v2\/product\/5872\/revisions\/15171"}],"wp:featuredmedia":[{"embeddable":true,"href":"https:\/\/www.edel.fr\/en\/wp-json\/wp\/v2\/media\/5611"}],"wp:attachment":[{"href":"https:\/\/www.edel.fr\/en\/wp-json\/wp\/v2\/media?parent=5872"}],"wp:term":[{"taxonomy":"product_brand","embeddable":true,"href":"https:\/\/www.edel.fr\/en\/wp-json\/wp\/v2\/product_brand?post=5872"},{"taxonomy":"product_cat","embeddable":true,"href":"https:\/\/www.edel.fr\/en\/wp-json\/wp\/v2\/product_cat?post=5872"},{"taxonomy":"product_tag","embeddable":true,"href":"https:\/\/www.edel.fr\/en\/wp-json\/wp\/v2\/product_tag?post=5872"},{"taxonomy":"tracteur","embeddable":true,"href":"https:\/\/www.edel.fr\/en\/wp-json\/wp\/v2\/tracteur?post=5872"}],"curies":[{"name":"wp","href":"https:\/\/api.w.org\/{rel}","templated":true}]}}