{"id":5866,"date":"2019-03-11T09:24:09","date_gmt":"2019-03-11T08:24:09","guid":{"rendered":"http:\/\/edel.stephanie.ct.webcd.lan\/shop\/alternateur-fiat-new-hollandrenault-claas-volt-ampere-14-33-fiche-rapide\/"},"modified":"2026-02-04T02:00:51","modified_gmt":"2026-02-04T01:00:51","slug":"alternateur-fiat-new-hollandrenault-claas-volt-ampere-14-33-fiche-rapide","status":"publish","type":"product","link":"https:\/\/www.edel.fr\/en\/product\/alternateur-fiat-new-hollandrenault-claas-volt-ampere-14-33-fiche-rapide\/","title":{"rendered":"Alternateur Fiat New Holland, Renault Claas &#8211; 14V\/33A Fiche rapide"},"content":{"rendered":"<div data-elementor-type=\"wp-post\" data-elementor-id=\"5866\" class=\"elementor elementor-5866\">\n\t\t\t\t\t\t<section class=\"elementor-section elementor-top-section elementor-element elementor-element-4f6ab560 elementor-section-boxed elementor-section-height-default elementor-section-height-default\" data-id=\"4f6ab560\" data-element_type=\"section\" data-e-type=\"section\">\n\t\t\t\t\t\t<div class=\"elementor-container elementor-column-gap-default\">\n\t\t\t\t\t<div class=\"elementor-column elementor-col-100 elementor-top-column elementor-element elementor-element-697514b4\" data-id=\"697514b4\" data-element_type=\"column\" data-e-type=\"column\">\n\t\t\t<div class=\"elementor-widget-wrap elementor-element-populated\">\n\t\t\t\t\t\t<div class=\"elementor-element elementor-element-791955ca elementor-widget elementor-widget-heading\" data-id=\"791955ca\" data-element_type=\"widget\" data-e-type=\"widget\" data-widget_type=\"heading.default\">\n\t\t\t\t<div class=\"elementor-widget-container\">\n\t\t\t\t\t<h2 class=\"elementor-heading-title elementor-size-default\">Alternateur Fiat New Holland, Renault Claas - 14V\/33A Fiche rapide<\/h2>\t\t\t\t<\/div>\n\t\t\t\t<\/div>\n\t\t\t\t<div class=\"elementor-element elementor-element-1e579e3b elementor-widget elementor-widget-heading\" data-id=\"1e579e3b\" data-element_type=\"widget\" data-e-type=\"widget\" data-widget_type=\"heading.default\">\n\t\t\t\t<div class=\"elementor-widget-container\">\n\t\t\t\t\t<h3 class=\"elementor-heading-title elementor-size-default\">Information du produit :<\/h3>\t\t\t\t<\/div>\n\t\t\t\t<\/div>\n\t\t\t\t\t<\/div>\n\t\t<\/div>\n\t\t\t\t\t<\/div>\n\t\t<\/section>\n\t\t\t\t<section class=\"elementor-section elementor-top-section elementor-element elementor-element-76950b58 elementor-section-boxed elementor-section-height-default elementor-section-height-default\" data-id=\"76950b58\" data-element_type=\"section\" data-e-type=\"section\">\n\t\t\t\t\t\t<div class=\"elementor-container elementor-column-gap-default\">\n\t\t\t\t\t<div class=\"elementor-column elementor-col-100 elementor-top-column elementor-element elementor-element-6f5fb1ae\" data-id=\"6f5fb1ae\" data-element_type=\"column\" data-e-type=\"column\">\n\t\t\t<div class=\"elementor-widget-wrap elementor-element-populated\">\n\t\t\t\t\t\t<div class=\"elementor-element elementor-element-67290ecf elementor-widget elementor-widget-text-editor\" data-id=\"67290ecf\" data-element_type=\"widget\" data-e-type=\"widget\" data-widget_type=\"text-editor.default\">\n\t\t\t\t<div class=\"elementor-widget-container\">\n\t\t\t\t\t\t\t\t\t<p>Votre alternateur g\u00e9n\u00e8re de l\u2019\u00e9nergie \u00e9lectrique en convertissant l&rsquo;\u00e9nergie cin\u00e9tique. Cette \u00e9nergie est stock\u00e9e par la batterie et consomm\u00e9e par les diff\u00e9rents organes \u00e9lectriques et \u00e9lectroniques.<\/p><p>C&rsquo;est pourquoi nous vous proposons une pi\u00e8ce de marque <a href=\"https:\/\/www.edel.fr\/en\/constructeur\/mahle\/\">Mahle<\/a> \/ <a href=\"https:\/\/www.edel.fr\/en\/constructeur\/letrika\/\">Letrika<\/a> reconnue pour sa fiabilit\u00e9.<\/p><p>Fiat New Holland, Renault Claas : 446, 4800, 540, 55.66, 5512, 5514, 565, 570, 580, 640, 65.66, 666, 680, 70.66, 7012, 7014, 72.86, 766, 780, 80.14 F, 880, 955.<\/p><p><strong>R\u00e9f\u00e9rences du constructeur :<\/strong><\/p><p>CLAAS : 6005701124<\/p><p>RENAULT : 60 00 102 364, 60 05 701 124.<\/p><p>Edel vous propose \u00e9galement une large gamme d&rsquo;alternateurs et d\u00e9marreurs pour des applications sp\u00e9cifiques, et de diff\u00e9rentes marques.<\/p><p>Donc, pour plus de renseignements, n&rsquo;h\u00e9sitez pas \u00e0 nous consulter !<\/p>\t\t\t\t\t\t\t\t<\/div>\n\t\t\t\t<\/div>\n\t\t\t\t\t<\/div>\n\t\t<\/div>\n\t\t\t\t\t<\/div>\n\t\t<\/section>\n\t\t\t\t<\/div>","protected":false},"excerpt":{"rendered":"<p>Alternateur Fiat New Holland, Renault Claas &#8211; 14V\/33A Fiche rapide Information du produit : Votre alternateur g\u00e9n\u00e8re de l\u2019\u00e9nergie \u00e9lectrique en convertissant l&rsquo;\u00e9nergie cin\u00e9tique. Cette \u00e9nergie est stock\u00e9e par la batterie et consomm\u00e9e par les diff\u00e9rents organes \u00e9lectriques et \u00e9lectroniques. C&rsquo;est pourquoi nous vous proposons une pi\u00e8ce de marque Mahle \/ Letrika reconnue pour sa<br \/><a class=\"more-link\" href=\"https:\/\/www.edel.fr\/en\/product\/alternateur-fiat-new-hollandrenault-claas-volt-ampere-14-33-fiche-rapide\/\"><br \/>\n        Read More<span class=\"screen-reader-text\"> \u00ab\u00a0Alternateur Fiat New Holland, Renault Claas &#8211; 14V\/33A Fiche rapide\u00a0\u00bb<\/span><\/a><\/p>","protected":false},"featured_media":5607,"template":"","meta":[],"product_brand":[],"product_cat":[4019,4032,164,154,119],"product_tag":[2459,180],"tracteur":[],"class_list":{"0":"post-5866","1":"product","2":"type-product","3":"status-publish","4":"has-post-thumbnail","6":"product_cat-alternateur-fiat-new-holland","7":"product_cat-alternateur-renault-claas","8":"product_cat-alternateurs","9":"product_cat-electricite","10":"product_cat-tracteurs-agricoles","11":"product_tag-alternateurs","12":"product_tag-electricite","13":"product_shipping_class-142","14":"pa_fabriquant-mahle","15":"pa_marque-tracteur-fiat-new-holland","16":"pa_marque-tracteur-renault-claas","17":"pa_type-2-1475","18":"pa_type-2-1621","19":"pa_type-2-1622","20":"pa_type-2-55-66","21":"pa_type-2-1547","22":"pa_type-2-1548","23":"pa_type-2-1432","24":"pa_type-2-1623","25":"pa_type-2-1168","26":"pa_type-2-1147","27":"pa_type-2-65-66","28":"pa_type-2-1624","29":"pa_type-2-1169","30":"pa_type-2-70-66","31":"pa_type-2-1384","32":"pa_type-2-1385","33":"pa_type-2-72-86","34":"pa_type-2-1625","35":"pa_type-2-1170","36":"pa_type-2-80-14-f","37":"pa_type-2-1172","38":"pa_type-2-1173","39":"badges-style-2","41":"first","42":"instock","43":"taxable","44":"shipping-taxable","45":"purchasable","46":"product-type-simple"},"acf":[],"yoast_head":"<!-- This site is optimized with the Yoast SEO plugin v27.3 - https:\/\/yoast.com\/product\/yoast-seo-wordpress\/ -->\n<title>Alternateur Fiat New Holland, Renault Claas - 14V\/33A Fiche rapide - Edel<\/title>\n<meta name=\"description\" content=\"Alternateur Fiat New Holland, Renault Claas - 14V\/33A Fiche rapide - 446 4800 540 55.66 5512 565 570 580 640 65.66 666 680 70.66 7012 7014 766 780 880 955\" \/>\n<meta name=\"robots\" content=\"index, follow, max-snippet:-1, max-image-preview:large, max-video-preview:-1\" \/>\n<link rel=\"canonical\" href=\"https:\/\/edel.fr\/produit\/alternateur-fiat-new-hollandrenault-claas-volt-ampere-14-33-fiche-rapide\/\" \/>\n<meta property=\"og:locale\" content=\"en_US\" \/>\n<meta property=\"og:type\" content=\"article\" \/>\n<meta property=\"og:title\" content=\"Alternateur Fiat New Holland, Renault Claas - 14V\/33A Fiche rapide - Edel\" \/>\n<meta property=\"og:description\" content=\"Alternateur Fiat New Holland, Renault Claas - 14V\/33A Fiche rapide - 446 4800 540 55.66 5512 565 570 580 640 65.66 666 680 70.66 7012 7014 766 780 880 955\" \/>\n<meta property=\"og:url\" content=\"https:\/\/edel.fr\/produit\/alternateur-fiat-new-hollandrenault-claas-volt-ampere-14-33-fiche-rapide\/\" \/>\n<meta property=\"og:site_name\" content=\"Edel\" \/>\n<meta property=\"article:modified_time\" content=\"2026-02-04T01:00:51+00:00\" \/>\n<meta property=\"og:image\" content=\"https:\/\/edel.fr\/uploads\/2019\/03\/A24.jpg\" \/>\n\t<meta property=\"og:image:width\" content=\"1920\" \/>\n\t<meta property=\"og:image:height\" content=\"1280\" \/>\n\t<meta property=\"og:image:type\" content=\"image\/jpeg\" \/>\n<meta name=\"twitter:card\" content=\"summary_large_image\" \/>\n<meta name=\"twitter:label1\" content=\"Est. reading time\" \/>\n\t<meta name=\"twitter:data1\" content=\"1 minute\" \/>\n<script type=\"application\/ld+json\" class=\"yoast-schema-graph\">{\"@context\":\"https:\\\/\\\/schema.org\",\"@graph\":[{\"@type\":\"WebPage\",\"@id\":\"https:\\\/\\\/edel.fr\\\/produit\\\/alternateur-fiat-new-hollandrenault-claas-volt-ampere-14-33-fiche-rapide\\\/\",\"url\":\"https:\\\/\\\/edel.fr\\\/produit\\\/alternateur-fiat-new-hollandrenault-claas-volt-ampere-14-33-fiche-rapide\\\/\",\"name\":\"Alternateur Fiat New Holland, Renault Claas - 14V\\\/33A Fiche rapide - Edel\",\"isPartOf\":{\"@id\":\"https:\\\/\\\/www.edel.fr\\\/en\\\/#website\"},\"primaryImageOfPage\":{\"@id\":\"https:\\\/\\\/edel.fr\\\/produit\\\/alternateur-fiat-new-hollandrenault-claas-volt-ampere-14-33-fiche-rapide\\\/#primaryimage\"},\"image\":{\"@id\":\"https:\\\/\\\/edel.fr\\\/produit\\\/alternateur-fiat-new-hollandrenault-claas-volt-ampere-14-33-fiche-rapide\\\/#primaryimage\"},\"thumbnailUrl\":\"https:\\\/\\\/www.edel.fr\\\/uploads\\\/2019\\\/03\\\/A24.jpg\",\"datePublished\":\"2019-03-11T08:24:09+00:00\",\"dateModified\":\"2026-02-04T01:00:51+00:00\",\"description\":\"Alternateur Fiat New Holland, Renault Claas - 14V\\\/33A Fiche rapide - 446 4800 540 55.66 5512 565 570 580 640 65.66 666 680 70.66 7012 7014 766 780 880 955\",\"breadcrumb\":{\"@id\":\"https:\\\/\\\/edel.fr\\\/produit\\\/alternateur-fiat-new-hollandrenault-claas-volt-ampere-14-33-fiche-rapide\\\/#breadcrumb\"},\"inLanguage\":\"en-US\",\"potentialAction\":[{\"@type\":\"ReadAction\",\"target\":[\"https:\\\/\\\/edel.fr\\\/produit\\\/alternateur-fiat-new-hollandrenault-claas-volt-ampere-14-33-fiche-rapide\\\/\"]}]},{\"@type\":\"ImageObject\",\"inLanguage\":\"en-US\",\"@id\":\"https:\\\/\\\/edel.fr\\\/produit\\\/alternateur-fiat-new-hollandrenault-claas-volt-ampere-14-33-fiche-rapide\\\/#primaryimage\",\"url\":\"https:\\\/\\\/www.edel.fr\\\/uploads\\\/2019\\\/03\\\/A24.jpg\",\"contentUrl\":\"https:\\\/\\\/www.edel.fr\\\/uploads\\\/2019\\\/03\\\/A24.jpg\",\"width\":1920,\"height\":1280,\"caption\":\"Alternateur Fiat New Holland, Renault Claas - 14V\\\/33A Fiche rapide\"},{\"@type\":\"BreadcrumbList\",\"@id\":\"https:\\\/\\\/edel.fr\\\/produit\\\/alternateur-fiat-new-hollandrenault-claas-volt-ampere-14-33-fiche-rapide\\\/#breadcrumb\",\"itemListElement\":[{\"@type\":\"ListItem\",\"position\":1,\"name\":\"Pi\u00e8ce Tracteur\",\"item\":\"https:\\\/\\\/www.edel.fr\\\/en\\\/\"},{\"@type\":\"ListItem\",\"position\":2,\"name\":\"Toutes nos pi\u00e8ces Tracteur\",\"item\":\"https:\\\/\\\/edel.fr\\\/shop\\\/\"},{\"@type\":\"ListItem\",\"position\":3,\"name\":\"Alternateur Fiat New Holland, Renault Claas &#8211; 14V\\\/33A Fiche rapide\"}]},{\"@type\":\"WebSite\",\"@id\":\"https:\\\/\\\/www.edel.fr\\\/en\\\/#website\",\"url\":\"https:\\\/\\\/www.edel.fr\\\/en\\\/\",\"name\":\"Edel\",\"description\":\"Pi\u00e8ce d\u00e9tach\u00e9e de Tracteur Agricole\",\"publisher\":{\"@id\":\"https:\\\/\\\/www.edel.fr\\\/en\\\/#organization\"},\"potentialAction\":[{\"@type\":\"SearchAction\",\"target\":{\"@type\":\"EntryPoint\",\"urlTemplate\":\"https:\\\/\\\/www.edel.fr\\\/en\\\/?s={search_term_string}\"},\"query-input\":{\"@type\":\"PropertyValueSpecification\",\"valueRequired\":true,\"valueName\":\"search_term_string\"}}],\"inLanguage\":\"en-US\"},{\"@type\":\"Organization\",\"@id\":\"https:\\\/\\\/www.edel.fr\\\/en\\\/#organization\",\"name\":\"Edel\",\"url\":\"https:\\\/\\\/www.edel.fr\\\/en\\\/\",\"logo\":{\"@type\":\"ImageObject\",\"inLanguage\":\"en-US\",\"@id\":\"https:\\\/\\\/www.edel.fr\\\/en\\\/#\\\/schema\\\/logo\\\/image\\\/\",\"url\":\"https:\\\/\\\/www.edel.fr\\\/uploads\\\/2018\\\/11\\\/logo-edel.png\",\"contentUrl\":\"https:\\\/\\\/www.edel.fr\\\/uploads\\\/2018\\\/11\\\/logo-edel.png\",\"width\":257,\"height\":68,\"caption\":\"Edel\"},\"image\":{\"@id\":\"https:\\\/\\\/www.edel.fr\\\/en\\\/#\\\/schema\\\/logo\\\/image\\\/\"}}]}<\/script>\n<!-- \/ Yoast SEO plugin. -->","yoast_head_json":{"title":"Alternateur Fiat New Holland, Renault Claas - 14V\/33A Fiche rapide - Edel","description":"Alternateur Fiat New Holland, Renault Claas - 14V\/33A Fiche rapide - 446 4800 540 55.66 5512 565 570 580 640 65.66 666 680 70.66 7012 7014 766 780 880 955","robots":{"index":"index","follow":"follow","max-snippet":"max-snippet:-1","max-image-preview":"max-image-preview:large","max-video-preview":"max-video-preview:-1"},"canonical":"https:\/\/edel.fr\/produit\/alternateur-fiat-new-hollandrenault-claas-volt-ampere-14-33-fiche-rapide\/","og_locale":"en_US","og_type":"article","og_title":"Alternateur Fiat New Holland, Renault Claas - 14V\/33A Fiche rapide - Edel","og_description":"Alternateur Fiat New Holland, Renault Claas - 14V\/33A Fiche rapide - 446 4800 540 55.66 5512 565 570 580 640 65.66 666 680 70.66 7012 7014 766 780 880 955","og_url":"https:\/\/edel.fr\/produit\/alternateur-fiat-new-hollandrenault-claas-volt-ampere-14-33-fiche-rapide\/","og_site_name":"Edel","article_modified_time":"2026-02-04T01:00:51+00:00","og_image":[{"width":1920,"height":1280,"url":"https:\/\/edel.fr\/uploads\/2019\/03\/A24.jpg","type":"image\/jpeg"}],"twitter_card":"summary_large_image","twitter_misc":{"Est. reading time":"1 minute"},"schema":{"@context":"https:\/\/schema.org","@graph":[{"@type":"WebPage","@id":"https:\/\/edel.fr\/produit\/alternateur-fiat-new-hollandrenault-claas-volt-ampere-14-33-fiche-rapide\/","url":"https:\/\/edel.fr\/produit\/alternateur-fiat-new-hollandrenault-claas-volt-ampere-14-33-fiche-rapide\/","name":"Alternateur Fiat New Holland, Renault Claas - 14V\/33A Fiche rapide - Edel","isPartOf":{"@id":"https:\/\/www.edel.fr\/en\/#website"},"primaryImageOfPage":{"@id":"https:\/\/edel.fr\/produit\/alternateur-fiat-new-hollandrenault-claas-volt-ampere-14-33-fiche-rapide\/#primaryimage"},"image":{"@id":"https:\/\/edel.fr\/produit\/alternateur-fiat-new-hollandrenault-claas-volt-ampere-14-33-fiche-rapide\/#primaryimage"},"thumbnailUrl":"https:\/\/www.edel.fr\/uploads\/2019\/03\/A24.jpg","datePublished":"2019-03-11T08:24:09+00:00","dateModified":"2026-02-04T01:00:51+00:00","description":"Alternateur Fiat New Holland, Renault Claas - 14V\/33A Fiche rapide - 446 4800 540 55.66 5512 565 570 580 640 65.66 666 680 70.66 7012 7014 766 780 880 955","breadcrumb":{"@id":"https:\/\/edel.fr\/produit\/alternateur-fiat-new-hollandrenault-claas-volt-ampere-14-33-fiche-rapide\/#breadcrumb"},"inLanguage":"en-US","potentialAction":[{"@type":"ReadAction","target":["https:\/\/edel.fr\/produit\/alternateur-fiat-new-hollandrenault-claas-volt-ampere-14-33-fiche-rapide\/"]}]},{"@type":"ImageObject","inLanguage":"en-US","@id":"https:\/\/edel.fr\/produit\/alternateur-fiat-new-hollandrenault-claas-volt-ampere-14-33-fiche-rapide\/#primaryimage","url":"https:\/\/www.edel.fr\/uploads\/2019\/03\/A24.jpg","contentUrl":"https:\/\/www.edel.fr\/uploads\/2019\/03\/A24.jpg","width":1920,"height":1280,"caption":"Alternateur Fiat New Holland, Renault Claas - 14V\/33A Fiche rapide"},{"@type":"BreadcrumbList","@id":"https:\/\/edel.fr\/produit\/alternateur-fiat-new-hollandrenault-claas-volt-ampere-14-33-fiche-rapide\/#breadcrumb","itemListElement":[{"@type":"ListItem","position":1,"name":"Pi\u00e8ce Tracteur","item":"https:\/\/www.edel.fr\/en\/"},{"@type":"ListItem","position":2,"name":"Toutes nos pi\u00e8ces Tracteur","item":"https:\/\/edel.fr\/shop\/"},{"@type":"ListItem","position":3,"name":"Alternateur Fiat New Holland, Renault Claas &#8211; 14V\/33A Fiche rapide"}]},{"@type":"WebSite","@id":"https:\/\/www.edel.fr\/en\/#website","url":"https:\/\/www.edel.fr\/en\/","name":"Edel","description":"Pi\u00e8ce d\u00e9tach\u00e9e de Tracteur Agricole","publisher":{"@id":"https:\/\/www.edel.fr\/en\/#organization"},"potentialAction":[{"@type":"SearchAction","target":{"@type":"EntryPoint","urlTemplate":"https:\/\/www.edel.fr\/en\/?s={search_term_string}"},"query-input":{"@type":"PropertyValueSpecification","valueRequired":true,"valueName":"search_term_string"}}],"inLanguage":"en-US"},{"@type":"Organization","@id":"https:\/\/www.edel.fr\/en\/#organization","name":"Edel","url":"https:\/\/www.edel.fr\/en\/","logo":{"@type":"ImageObject","inLanguage":"en-US","@id":"https:\/\/www.edel.fr\/en\/#\/schema\/logo\/image\/","url":"https:\/\/www.edel.fr\/uploads\/2018\/11\/logo-edel.png","contentUrl":"https:\/\/www.edel.fr\/uploads\/2018\/11\/logo-edel.png","width":257,"height":68,"caption":"Edel"},"image":{"@id":"https:\/\/www.edel.fr\/en\/#\/schema\/logo\/image\/"}}]}},"_links":{"self":[{"href":"https:\/\/www.edel.fr\/en\/wp-json\/wp\/v2\/product\/5866","targetHints":{"allow":["GET"]}}],"collection":[{"href":"https:\/\/www.edel.fr\/en\/wp-json\/wp\/v2\/product"}],"about":[{"href":"https:\/\/www.edel.fr\/en\/wp-json\/wp\/v2\/types\/product"}],"version-history":[{"count":2,"href":"https:\/\/www.edel.fr\/en\/wp-json\/wp\/v2\/product\/5866\/revisions"}],"predecessor-version":[{"id":15147,"href":"https:\/\/www.edel.fr\/en\/wp-json\/wp\/v2\/product\/5866\/revisions\/15147"}],"wp:featuredmedia":[{"embeddable":true,"href":"https:\/\/www.edel.fr\/en\/wp-json\/wp\/v2\/media\/5607"}],"wp:attachment":[{"href":"https:\/\/www.edel.fr\/en\/wp-json\/wp\/v2\/media?parent=5866"}],"wp:term":[{"taxonomy":"product_brand","embeddable":true,"href":"https:\/\/www.edel.fr\/en\/wp-json\/wp\/v2\/product_brand?post=5866"},{"taxonomy":"product_cat","embeddable":true,"href":"https:\/\/www.edel.fr\/en\/wp-json\/wp\/v2\/product_cat?post=5866"},{"taxonomy":"product_tag","embeddable":true,"href":"https:\/\/www.edel.fr\/en\/wp-json\/wp\/v2\/product_tag?post=5866"},{"taxonomy":"tracteur","embeddable":true,"href":"https:\/\/www.edel.fr\/en\/wp-json\/wp\/v2\/tracteur?post=5866"}],"curies":[{"name":"wp","href":"https:\/\/api.w.org\/{rel}","templated":true}]}}