{"id":5863,"date":"2019-03-11T09:24:09","date_gmt":"2019-03-11T08:24:09","guid":{"rendered":"http:\/\/edel.stephanie.ct.webcd.lan\/shop\/alternateur-case-ihjohn-deerelsh-lamborghini-same-hurlimann-volt-ampere-14-33\/"},"modified":"2026-02-04T02:00:48","modified_gmt":"2026-02-04T01:00:48","slug":"alternateur-case-ihjohn-deerelsh-lamborghini-same-hurlimann-volt-ampere-14-33","status":"publish","type":"product","link":"https:\/\/www.edel.fr\/en\/product\/alternateur-case-ihjohn-deerelsh-lamborghini-same-hurlimann-volt-ampere-14-33\/","title":{"rendered":"Alternateur &#8211; Lsh Lamborghini Same, Case Ih, John Deere &#8211; 14V\/33A"},"content":{"rendered":"<div data-elementor-type=\"wp-post\" data-elementor-id=\"5863\" class=\"elementor elementor-5863\">\n\t\t\t\t\t\t<section class=\"elementor-section elementor-top-section elementor-element elementor-element-492a435d elementor-section-boxed elementor-section-height-default elementor-section-height-default\" data-id=\"492a435d\" data-element_type=\"section\" data-e-type=\"section\">\n\t\t\t\t\t\t<div class=\"elementor-container elementor-column-gap-default\">\n\t\t\t\t\t<div class=\"elementor-column elementor-col-100 elementor-top-column elementor-element elementor-element-1615d3cc\" data-id=\"1615d3cc\" data-element_type=\"column\" data-e-type=\"column\">\n\t\t\t<div class=\"elementor-widget-wrap elementor-element-populated\">\n\t\t\t\t\t\t<div class=\"elementor-element elementor-element-1e73c386 elementor-widget elementor-widget-heading\" data-id=\"1e73c386\" data-element_type=\"widget\" data-e-type=\"widget\" data-widget_type=\"heading.default\">\n\t\t\t\t<div class=\"elementor-widget-container\">\n\t\t\t\t\t<h2 class=\"elementor-heading-title elementor-size-default\">Alternateur - Lsh Lamborghini Same, Case Ih, John Deere - 14V\/33A<\/h2>\t\t\t\t<\/div>\n\t\t\t\t<\/div>\n\t\t\t\t<div class=\"elementor-element elementor-element-5a296799 elementor-widget elementor-widget-heading\" data-id=\"5a296799\" data-element_type=\"widget\" data-e-type=\"widget\" data-widget_type=\"heading.default\">\n\t\t\t\t<div class=\"elementor-widget-container\">\n\t\t\t\t\t<h3 class=\"elementor-heading-title elementor-size-default\">Information du produit :<\/h3>\t\t\t\t<\/div>\n\t\t\t\t<\/div>\n\t\t\t\t\t<\/div>\n\t\t<\/div>\n\t\t\t\t\t<\/div>\n\t\t<\/section>\n\t\t\t\t<section class=\"elementor-section elementor-top-section elementor-element elementor-element-2c535c75 elementor-section-boxed elementor-section-height-default elementor-section-height-default\" data-id=\"2c535c75\" data-element_type=\"section\" data-e-type=\"section\">\n\t\t\t\t\t\t<div class=\"elementor-container elementor-column-gap-default\">\n\t\t\t\t\t<div class=\"elementor-column elementor-col-100 elementor-top-column elementor-element elementor-element-7b76b4c7\" data-id=\"7b76b4c7\" data-element_type=\"column\" data-e-type=\"column\">\n\t\t\t<div class=\"elementor-widget-wrap elementor-element-populated\">\n\t\t\t\t\t\t<div class=\"elementor-element elementor-element-7fe82ea5 elementor-widget elementor-widget-text-editor\" data-id=\"7fe82ea5\" data-element_type=\"widget\" data-e-type=\"widget\" data-widget_type=\"text-editor.default\">\n\t\t\t\t<div class=\"elementor-widget-container\">\n\t\t\t\t\t\t\t\t\t<p>Votre alternateur g\u00e9n\u00e8re de l\u2019\u00e9nergie \u00e9lectrique en convertissant l&rsquo;\u00e9nergie cin\u00e9tique. Cette \u00e9nergie est stock\u00e9e par la batterie et consomm\u00e9e par les diff\u00e9rents organes \u00e9lectriques et \u00e9lectroniques.790 182 0<\/p><p>C&rsquo;est pourquoi nous vous proposons une pi\u00e8ce de marque <a href=\"https:\/\/www.edel.fr\/en\/constructeur\/mahle\/\">Mahle<\/a> \/ <a href=\"https:\/\/www.edel.fr\/en\/constructeur\/letrika\/\">Letrika<\/a> reconnue pour sa fiabilit\u00e9.<\/p><p>Alternateur Lsh Lamborghini Same, Case Ih, John Deere : 3120, 400A, 410, 450, 945, 975, Corsaro 70, MB925, Minitauro 50, Saturno 80.<\/p><p><strong>R\u00e9f\u00e9rences du constructeur :<\/strong><\/p><p>AGCO : C00090001018<\/p><p>AGRIA : 355 44, 517 50.<\/p><p>BOSCH : 0120143003, 0120300516, 0120300517, 0120300535, 0120300562, 0120339511, 0120339512, 0120339513, 0120339544, 0120339545, 0120400775, 0986030110, AL 902 X, AL 904 X.<\/p><p>CLAAS : 6005706662, 790 182 0.<\/p><p>DELCO REMY : DRA0110<\/p><p>HAKO : 90 158007<\/p><p>HATZ : 40099300<\/p><p>HELLA : 8EL 730 032-001, CA 734 IR.<\/p><p>JOHN DEERE : AL32141, AR62401, AZ23575, TY6605.<\/p><p>JUNGHEINRICH : 50152151, 50185642.<\/p><p>Edel vous propose \u00e9galement une large gamme d&rsquo;alternateurs et d\u00e9marreurs pour des applications sp\u00e9cifiques, et de diff\u00e9rentes marques.<\/p><p>Donc, pour plus de renseignements, n&rsquo;h\u00e9sitez pas \u00e0 nous consulter !<\/p>\t\t\t\t\t\t\t\t<\/div>\n\t\t\t\t<\/div>\n\t\t\t\t\t<\/div>\n\t\t<\/div>\n\t\t\t\t\t<\/div>\n\t\t<\/section>\n\t\t\t\t<\/div>","protected":false},"excerpt":{"rendered":"<p>Alternateur &#8211; Lsh Lamborghini Same, Case Ih, John Deere &#8211; 14V\/33A Information du produit : Votre alternateur g\u00e9n\u00e8re de l\u2019\u00e9nergie \u00e9lectrique en convertissant l&rsquo;\u00e9nergie cin\u00e9tique. Cette \u00e9nergie est stock\u00e9e par la batterie et consomm\u00e9e par les diff\u00e9rents organes \u00e9lectriques et \u00e9lectroniques.790 182 0 C&rsquo;est pourquoi nous vous proposons une pi\u00e8ce de marque Mahle \/ Letrika<br \/><a class=\"more-link\" href=\"https:\/\/www.edel.fr\/en\/product\/alternateur-case-ihjohn-deerelsh-lamborghini-same-hurlimann-volt-ampere-14-33\/\"><br \/>\n        Read More<span class=\"screen-reader-text\"> \u00ab\u00a0Alternateur &#8211; Lsh Lamborghini Same, Case Ih, John Deere &#8211; 14V\/33A\u00a0\u00bb<\/span><\/a><\/p>","protected":false},"featured_media":5604,"template":"","meta":[],"product_brand":[],"product_cat":[4016,4022,4024,164,154,119],"product_tag":[2459,180],"tracteur":[],"class_list":{"0":"post-5863","1":"product","2":"type-product","3":"status-publish","4":"has-post-thumbnail","6":"product_cat-alternateur-case-ih","7":"product_cat-alternateur-john-deere","8":"product_cat-alternateur-lamborghini-same","9":"product_cat-alternateurs","10":"product_cat-electricite","11":"product_cat-tracteurs-agricoles","12":"product_tag-alternateurs","13":"product_tag-electricite","14":"product_shipping_class-142","15":"pa_fabriquant-mahle","16":"pa_marque-tracteur-case-ih","17":"pa_marque-tracteur-john-deere","18":"pa_marque-tracteur-lsh","19":"pa_modele-tracteur-corsaro","20":"pa_modele-tracteur-minitauro","21":"pa_modele-tracteur-moissonneuse-batteuse","22":"pa_modele-tracteur-saturno","23":"pa_modele-tracteur-tracteurs-ih-us","24":"pa_type-2-1593","25":"pa_type-2-400a","26":"pa_type-2-1590","27":"pa_type-2-1146","28":"pa_type-2-1592","29":"pa_type-2-1250","30":"pa_type-2-corsaro-70","31":"pa_type-2-mb925","32":"pa_type-2-minitauro-50","33":"pa_type-2-saturno-80","34":"badges-style-2","36":"first","37":"instock","38":"taxable","39":"shipping-taxable","40":"purchasable","41":"product-type-simple"},"acf":[],"yoast_head":"<!-- This site is optimized with the Yoast SEO plugin v27.3 - https:\/\/yoast.com\/product\/yoast-seo-wordpress\/ -->\n<title>Alternateur - Lsh Lamborghini Same, Case Ih, John Deere - 14V\/33A - Edel<\/title>\n<meta name=\"description\" content=\"Alternateur - Lsh Lamborghini Same, Case Ih, John Deere - 14V\/33A - 3120, 400A, 410, 450, 945, 975, Corsaro 70, MB925, Minitauro 50, Saturno 80\" \/>\n<meta name=\"robots\" content=\"index, follow, max-snippet:-1, max-image-preview:large, max-video-preview:-1\" \/>\n<link rel=\"canonical\" href=\"https:\/\/edel.fr\/produit\/alternateur-case-ihjohn-deerelsh-lamborghini-same-hurlimann-volt-ampere-14-33\/\" \/>\n<meta property=\"og:locale\" content=\"en_US\" \/>\n<meta property=\"og:type\" content=\"article\" \/>\n<meta property=\"og:title\" content=\"Alternateur - Lsh Lamborghini Same, Case Ih, John Deere - 14V\/33A - Edel\" \/>\n<meta property=\"og:description\" content=\"Alternateur - Lsh Lamborghini Same, Case Ih, John Deere - 14V\/33A - 3120, 400A, 410, 450, 945, 975, Corsaro 70, MB925, Minitauro 50, Saturno 80\" \/>\n<meta property=\"og:url\" content=\"https:\/\/edel.fr\/produit\/alternateur-case-ihjohn-deerelsh-lamborghini-same-hurlimann-volt-ampere-14-33\/\" \/>\n<meta property=\"og:site_name\" content=\"Edel\" \/>\n<meta property=\"article:modified_time\" content=\"2026-02-04T01:00:48+00:00\" \/>\n<meta property=\"og:image\" content=\"https:\/\/edel.fr\/uploads\/2019\/03\/A21.jpg\" \/>\n\t<meta property=\"og:image:width\" content=\"1920\" \/>\n\t<meta property=\"og:image:height\" content=\"1280\" \/>\n\t<meta property=\"og:image:type\" content=\"image\/jpeg\" \/>\n<meta name=\"twitter:card\" content=\"summary_large_image\" \/>\n<meta name=\"twitter:label1\" content=\"Est. reading time\" \/>\n\t<meta name=\"twitter:data1\" content=\"1 minute\" \/>\n<script type=\"application\/ld+json\" class=\"yoast-schema-graph\">{\"@context\":\"https:\\\/\\\/schema.org\",\"@graph\":[{\"@type\":\"WebPage\",\"@id\":\"https:\\\/\\\/edel.fr\\\/produit\\\/alternateur-case-ihjohn-deerelsh-lamborghini-same-hurlimann-volt-ampere-14-33\\\/\",\"url\":\"https:\\\/\\\/edel.fr\\\/produit\\\/alternateur-case-ihjohn-deerelsh-lamborghini-same-hurlimann-volt-ampere-14-33\\\/\",\"name\":\"Alternateur - Lsh Lamborghini Same, Case Ih, John Deere - 14V\\\/33A - Edel\",\"isPartOf\":{\"@id\":\"https:\\\/\\\/www.edel.fr\\\/en\\\/#website\"},\"primaryImageOfPage\":{\"@id\":\"https:\\\/\\\/edel.fr\\\/produit\\\/alternateur-case-ihjohn-deerelsh-lamborghini-same-hurlimann-volt-ampere-14-33\\\/#primaryimage\"},\"image\":{\"@id\":\"https:\\\/\\\/edel.fr\\\/produit\\\/alternateur-case-ihjohn-deerelsh-lamborghini-same-hurlimann-volt-ampere-14-33\\\/#primaryimage\"},\"thumbnailUrl\":\"https:\\\/\\\/www.edel.fr\\\/uploads\\\/2019\\\/03\\\/A21.jpg\",\"datePublished\":\"2019-03-11T08:24:09+00:00\",\"dateModified\":\"2026-02-04T01:00:48+00:00\",\"description\":\"Alternateur - Lsh Lamborghini Same, Case Ih, John Deere - 14V\\\/33A - 3120, 400A, 410, 450, 945, 975, Corsaro 70, MB925, Minitauro 50, Saturno 80\",\"breadcrumb\":{\"@id\":\"https:\\\/\\\/edel.fr\\\/produit\\\/alternateur-case-ihjohn-deerelsh-lamborghini-same-hurlimann-volt-ampere-14-33\\\/#breadcrumb\"},\"inLanguage\":\"en-US\",\"potentialAction\":[{\"@type\":\"ReadAction\",\"target\":[\"https:\\\/\\\/edel.fr\\\/produit\\\/alternateur-case-ihjohn-deerelsh-lamborghini-same-hurlimann-volt-ampere-14-33\\\/\"]}]},{\"@type\":\"ImageObject\",\"inLanguage\":\"en-US\",\"@id\":\"https:\\\/\\\/edel.fr\\\/produit\\\/alternateur-case-ihjohn-deerelsh-lamborghini-same-hurlimann-volt-ampere-14-33\\\/#primaryimage\",\"url\":\"https:\\\/\\\/www.edel.fr\\\/uploads\\\/2019\\\/03\\\/A21.jpg\",\"contentUrl\":\"https:\\\/\\\/www.edel.fr\\\/uploads\\\/2019\\\/03\\\/A21.jpg\",\"width\":1920,\"height\":1280,\"caption\":\"Alternateur - Lsh Lamborghini Same, Case Ih, John Deere - 14V\\\/33A\"},{\"@type\":\"BreadcrumbList\",\"@id\":\"https:\\\/\\\/edel.fr\\\/produit\\\/alternateur-case-ihjohn-deerelsh-lamborghini-same-hurlimann-volt-ampere-14-33\\\/#breadcrumb\",\"itemListElement\":[{\"@type\":\"ListItem\",\"position\":1,\"name\":\"Pi\u00e8ce Tracteur\",\"item\":\"https:\\\/\\\/www.edel.fr\\\/en\\\/\"},{\"@type\":\"ListItem\",\"position\":2,\"name\":\"Toutes nos pi\u00e8ces Tracteur\",\"item\":\"https:\\\/\\\/edel.fr\\\/shop\\\/\"},{\"@type\":\"ListItem\",\"position\":3,\"name\":\"Alternateur &#8211; Lsh Lamborghini Same, Case Ih, John Deere &#8211; 14V\\\/33A\"}]},{\"@type\":\"WebSite\",\"@id\":\"https:\\\/\\\/www.edel.fr\\\/en\\\/#website\",\"url\":\"https:\\\/\\\/www.edel.fr\\\/en\\\/\",\"name\":\"Edel\",\"description\":\"Pi\u00e8ce d\u00e9tach\u00e9e de Tracteur Agricole\",\"publisher\":{\"@id\":\"https:\\\/\\\/www.edel.fr\\\/en\\\/#organization\"},\"potentialAction\":[{\"@type\":\"SearchAction\",\"target\":{\"@type\":\"EntryPoint\",\"urlTemplate\":\"https:\\\/\\\/www.edel.fr\\\/en\\\/?s={search_term_string}\"},\"query-input\":{\"@type\":\"PropertyValueSpecification\",\"valueRequired\":true,\"valueName\":\"search_term_string\"}}],\"inLanguage\":\"en-US\"},{\"@type\":\"Organization\",\"@id\":\"https:\\\/\\\/www.edel.fr\\\/en\\\/#organization\",\"name\":\"Edel\",\"url\":\"https:\\\/\\\/www.edel.fr\\\/en\\\/\",\"logo\":{\"@type\":\"ImageObject\",\"inLanguage\":\"en-US\",\"@id\":\"https:\\\/\\\/www.edel.fr\\\/en\\\/#\\\/schema\\\/logo\\\/image\\\/\",\"url\":\"https:\\\/\\\/www.edel.fr\\\/uploads\\\/2018\\\/11\\\/logo-edel.png\",\"contentUrl\":\"https:\\\/\\\/www.edel.fr\\\/uploads\\\/2018\\\/11\\\/logo-edel.png\",\"width\":257,\"height\":68,\"caption\":\"Edel\"},\"image\":{\"@id\":\"https:\\\/\\\/www.edel.fr\\\/en\\\/#\\\/schema\\\/logo\\\/image\\\/\"}}]}<\/script>\n<!-- \/ Yoast SEO plugin. -->","yoast_head_json":{"title":"Alternateur - Lsh Lamborghini Same, Case Ih, John Deere - 14V\/33A - Edel","description":"Alternateur - Lsh Lamborghini Same, Case Ih, John Deere - 14V\/33A - 3120, 400A, 410, 450, 945, 975, Corsaro 70, MB925, Minitauro 50, Saturno 80","robots":{"index":"index","follow":"follow","max-snippet":"max-snippet:-1","max-image-preview":"max-image-preview:large","max-video-preview":"max-video-preview:-1"},"canonical":"https:\/\/edel.fr\/produit\/alternateur-case-ihjohn-deerelsh-lamborghini-same-hurlimann-volt-ampere-14-33\/","og_locale":"en_US","og_type":"article","og_title":"Alternateur - Lsh Lamborghini Same, Case Ih, John Deere - 14V\/33A - Edel","og_description":"Alternateur - Lsh Lamborghini Same, Case Ih, John Deere - 14V\/33A - 3120, 400A, 410, 450, 945, 975, Corsaro 70, MB925, Minitauro 50, Saturno 80","og_url":"https:\/\/edel.fr\/produit\/alternateur-case-ihjohn-deerelsh-lamborghini-same-hurlimann-volt-ampere-14-33\/","og_site_name":"Edel","article_modified_time":"2026-02-04T01:00:48+00:00","og_image":[{"width":1920,"height":1280,"url":"https:\/\/edel.fr\/uploads\/2019\/03\/A21.jpg","type":"image\/jpeg"}],"twitter_card":"summary_large_image","twitter_misc":{"Est. reading time":"1 minute"},"schema":{"@context":"https:\/\/schema.org","@graph":[{"@type":"WebPage","@id":"https:\/\/edel.fr\/produit\/alternateur-case-ihjohn-deerelsh-lamborghini-same-hurlimann-volt-ampere-14-33\/","url":"https:\/\/edel.fr\/produit\/alternateur-case-ihjohn-deerelsh-lamborghini-same-hurlimann-volt-ampere-14-33\/","name":"Alternateur - Lsh Lamborghini Same, Case Ih, John Deere - 14V\/33A - Edel","isPartOf":{"@id":"https:\/\/www.edel.fr\/en\/#website"},"primaryImageOfPage":{"@id":"https:\/\/edel.fr\/produit\/alternateur-case-ihjohn-deerelsh-lamborghini-same-hurlimann-volt-ampere-14-33\/#primaryimage"},"image":{"@id":"https:\/\/edel.fr\/produit\/alternateur-case-ihjohn-deerelsh-lamborghini-same-hurlimann-volt-ampere-14-33\/#primaryimage"},"thumbnailUrl":"https:\/\/www.edel.fr\/uploads\/2019\/03\/A21.jpg","datePublished":"2019-03-11T08:24:09+00:00","dateModified":"2026-02-04T01:00:48+00:00","description":"Alternateur - Lsh Lamborghini Same, Case Ih, John Deere - 14V\/33A - 3120, 400A, 410, 450, 945, 975, Corsaro 70, MB925, Minitauro 50, Saturno 80","breadcrumb":{"@id":"https:\/\/edel.fr\/produit\/alternateur-case-ihjohn-deerelsh-lamborghini-same-hurlimann-volt-ampere-14-33\/#breadcrumb"},"inLanguage":"en-US","potentialAction":[{"@type":"ReadAction","target":["https:\/\/edel.fr\/produit\/alternateur-case-ihjohn-deerelsh-lamborghini-same-hurlimann-volt-ampere-14-33\/"]}]},{"@type":"ImageObject","inLanguage":"en-US","@id":"https:\/\/edel.fr\/produit\/alternateur-case-ihjohn-deerelsh-lamborghini-same-hurlimann-volt-ampere-14-33\/#primaryimage","url":"https:\/\/www.edel.fr\/uploads\/2019\/03\/A21.jpg","contentUrl":"https:\/\/www.edel.fr\/uploads\/2019\/03\/A21.jpg","width":1920,"height":1280,"caption":"Alternateur - Lsh Lamborghini Same, Case Ih, John Deere - 14V\/33A"},{"@type":"BreadcrumbList","@id":"https:\/\/edel.fr\/produit\/alternateur-case-ihjohn-deerelsh-lamborghini-same-hurlimann-volt-ampere-14-33\/#breadcrumb","itemListElement":[{"@type":"ListItem","position":1,"name":"Pi\u00e8ce Tracteur","item":"https:\/\/www.edel.fr\/en\/"},{"@type":"ListItem","position":2,"name":"Toutes nos pi\u00e8ces Tracteur","item":"https:\/\/edel.fr\/shop\/"},{"@type":"ListItem","position":3,"name":"Alternateur &#8211; Lsh Lamborghini Same, Case Ih, John Deere &#8211; 14V\/33A"}]},{"@type":"WebSite","@id":"https:\/\/www.edel.fr\/en\/#website","url":"https:\/\/www.edel.fr\/en\/","name":"Edel","description":"Pi\u00e8ce d\u00e9tach\u00e9e de Tracteur Agricole","publisher":{"@id":"https:\/\/www.edel.fr\/en\/#organization"},"potentialAction":[{"@type":"SearchAction","target":{"@type":"EntryPoint","urlTemplate":"https:\/\/www.edel.fr\/en\/?s={search_term_string}"},"query-input":{"@type":"PropertyValueSpecification","valueRequired":true,"valueName":"search_term_string"}}],"inLanguage":"en-US"},{"@type":"Organization","@id":"https:\/\/www.edel.fr\/en\/#organization","name":"Edel","url":"https:\/\/www.edel.fr\/en\/","logo":{"@type":"ImageObject","inLanguage":"en-US","@id":"https:\/\/www.edel.fr\/en\/#\/schema\/logo\/image\/","url":"https:\/\/www.edel.fr\/uploads\/2018\/11\/logo-edel.png","contentUrl":"https:\/\/www.edel.fr\/uploads\/2018\/11\/logo-edel.png","width":257,"height":68,"caption":"Edel"},"image":{"@id":"https:\/\/www.edel.fr\/en\/#\/schema\/logo\/image\/"}}]}},"_links":{"self":[{"href":"https:\/\/www.edel.fr\/en\/wp-json\/wp\/v2\/product\/5863","targetHints":{"allow":["GET"]}}],"collection":[{"href":"https:\/\/www.edel.fr\/en\/wp-json\/wp\/v2\/product"}],"about":[{"href":"https:\/\/www.edel.fr\/en\/wp-json\/wp\/v2\/types\/product"}],"version-history":[{"count":2,"href":"https:\/\/www.edel.fr\/en\/wp-json\/wp\/v2\/product\/5863\/revisions"}],"predecessor-version":[{"id":15133,"href":"https:\/\/www.edel.fr\/en\/wp-json\/wp\/v2\/product\/5863\/revisions\/15133"}],"wp:featuredmedia":[{"embeddable":true,"href":"https:\/\/www.edel.fr\/en\/wp-json\/wp\/v2\/media\/5604"}],"wp:attachment":[{"href":"https:\/\/www.edel.fr\/en\/wp-json\/wp\/v2\/media?parent=5863"}],"wp:term":[{"taxonomy":"product_brand","embeddable":true,"href":"https:\/\/www.edel.fr\/en\/wp-json\/wp\/v2\/product_brand?post=5863"},{"taxonomy":"product_cat","embeddable":true,"href":"https:\/\/www.edel.fr\/en\/wp-json\/wp\/v2\/product_cat?post=5863"},{"taxonomy":"product_tag","embeddable":true,"href":"https:\/\/www.edel.fr\/en\/wp-json\/wp\/v2\/product_tag?post=5863"},{"taxonomy":"tracteur","embeddable":true,"href":"https:\/\/www.edel.fr\/en\/wp-json\/wp\/v2\/tracteur?post=5863"}],"curies":[{"name":"wp","href":"https:\/\/api.w.org\/{rel}","templated":true}]}}