{"id":5858,"date":"2019-03-11T09:24:02","date_gmt":"2019-03-11T08:24:02","guid":{"rendered":"http:\/\/edel.stephanie.ct.webcd.lan\/shop\/alternateur-case-ihfiat-new-hollandlsh-lamborghini-same-hurlimann-volt-ampere-14-55-broche-double-patte\/"},"modified":"2026-02-07T02:00:09","modified_gmt":"2026-02-07T01:00:09","slug":"alternateur-case-ihfiat-new-hollandlsh-lamborghini-same-hurlimann-volt-ampere-14-55-broche-double-patte","status":"publish","type":"product","link":"https:\/\/www.edel.fr\/en\/product\/alternateur-case-ihfiat-new-hollandlsh-lamborghini-same-hurlimann-volt-ampere-14-55-broche-double-patte\/","title":{"rendered":"Alternateur Case IH &#8211; Fiat &#8211; LSH &#8211; 14V\/55A, Broche double patte"},"content":{"rendered":"<div data-elementor-type=\"wp-post\" data-elementor-id=\"5858\" class=\"elementor elementor-5858\">\n\t\t\t\t\t\t<section class=\"elementor-section elementor-top-section elementor-element elementor-element-597a176c elementor-section-boxed elementor-section-height-default elementor-section-height-default\" data-id=\"597a176c\" data-element_type=\"section\" data-e-type=\"section\">\n\t\t\t\t\t\t<div class=\"elementor-container elementor-column-gap-default\">\n\t\t\t\t\t<div class=\"elementor-column elementor-col-100 elementor-top-column elementor-element elementor-element-445a97d4\" data-id=\"445a97d4\" data-element_type=\"column\" data-e-type=\"column\">\n\t\t\t<div class=\"elementor-widget-wrap elementor-element-populated\">\n\t\t\t\t\t\t<div class=\"elementor-element elementor-element-940a28e elementor-widget elementor-widget-heading\" data-id=\"940a28e\" data-element_type=\"widget\" data-e-type=\"widget\" data-widget_type=\"heading.default\">\n\t\t\t\t<div class=\"elementor-widget-container\">\n\t\t\t\t\t<h2 class=\"elementor-heading-title elementor-size-default\">Alternateur Case IH, Fiat, Lsh Lamborghini Same H\u00fcrlimann - 14 Volt \/55 Amp\u00e8re, Broche double patte<\/h2>\t\t\t\t<\/div>\n\t\t\t\t<\/div>\n\t\t\t\t<div class=\"elementor-element elementor-element-3e513d7c elementor-widget elementor-widget-heading\" data-id=\"3e513d7c\" data-element_type=\"widget\" data-e-type=\"widget\" data-widget_type=\"heading.default\">\n\t\t\t\t<div class=\"elementor-widget-container\">\n\t\t\t\t\t<h3 class=\"elementor-heading-title elementor-size-default\">Information du produit :<\/h3>\t\t\t\t<\/div>\n\t\t\t\t<\/div>\n\t\t\t\t\t<\/div>\n\t\t<\/div>\n\t\t\t\t\t<\/div>\n\t\t<\/section>\n\t\t\t\t<section class=\"elementor-section elementor-top-section elementor-element elementor-element-5dcb63cb elementor-section-boxed elementor-section-height-default elementor-section-height-default\" data-id=\"5dcb63cb\" data-element_type=\"section\" data-e-type=\"section\">\n\t\t\t\t\t\t<div class=\"elementor-container elementor-column-gap-default\">\n\t\t\t\t\t<div class=\"elementor-column elementor-col-100 elementor-top-column elementor-element elementor-element-2bfc34a0\" data-id=\"2bfc34a0\" data-element_type=\"column\" data-e-type=\"column\">\n\t\t\t<div class=\"elementor-widget-wrap elementor-element-populated\">\n\t\t\t\t\t\t<div class=\"elementor-element elementor-element-99d5dd2 elementor-widget elementor-widget-text-editor\" data-id=\"99d5dd2\" data-element_type=\"widget\" data-e-type=\"widget\" data-widget_type=\"text-editor.default\">\n\t\t\t\t<div class=\"elementor-widget-container\">\n\t\t\t\t\t\t\t\t\t<p>Votre alternateur g\u00e9n\u00e8re de l\u2019\u00e9nergie \u00e9lectrique en convertissant l&rsquo;\u00e9nergie cin\u00e9tique. Cette \u00e9nergie est stock\u00e9e par la batterie et consomm\u00e9e par les diff\u00e9rents organes \u00e9lectriques et \u00e9lectroniques.<\/p><p>C&rsquo;est pourquoi nous vous proposons une pi\u00e8ce de marque <a href=\"https:\/\/www.edel.fr\/en\/constructeur\/mahle\/\">Mahle<\/a> \/ <a href=\"https:\/\/www.edel.fr\/en\/constructeur\/letrika\/\">Letrika<\/a> reconnue pour sa fiabilit\u00e9.<\/p><p>Alternateur Case Ih, Fiat, Lsh Lamborghini Same H\u00fcrlimann : 10090, 1280, 13090, 1380, 14090DT, 2140, 446, 4546, 4566, 465, 466, 470, 480, 4835, 500S, 505, 5088, 5546, 5565, 5566, 5590, 6066, 6088, 6546, 6566, 6588, 6590, 7065, 7066, 7088, 7090, 8065, 8066, 8070, 8088, 8225, 8294, 855, 8590, 880.5, 8885, 8894, 9090, Centauro 71, Corsaro 70, F100, F110, F140, JX1070 C, L95, Laverda 3850, NH4635, TL70, TL90, TN75, Winner 115.90.<\/p><p><strong>R\u00e9f\u00e9rences du constructeur :<\/strong><\/p><p>BOSCH : 0120488284, 0120489334, 0120489335, 0120489336, 0120489337, 0986035760.<\/p><p>CLAAS : 6005717935<\/p><p>DELCO REMY : DRA3355<\/p><p>FIAT : 4799364, 4808500, 4808502.<\/p><p>HELLA : 8EL 725 925-001, 8EL 725 926-001, CA 641 IR, CA 642 IR.<\/p><p>IVECO : 42498240, 4799367, 4802574, 4808507.<\/p><p>LANCIA : 4799364, 77515410.<\/p><p>LESTER : 12583, 13206, 13329, 13549, 13723, 23694, 23695, 23696.<\/p><p>LUCAS : LRA00833, LRA00957.<\/p><p>MAGNETI MARELLI : 633 072 07, 633 072 27, 633 200 22, 633 200 24, 633 210 39, 633 210 44, 9433 200 24, 9433 210 44, MAN 286.<\/p><p>UNIC : 4 799 364<\/p><p>VALEO : 436 586, VA 331.<\/p><p>Edel vous propose \u00e9galement une large gamme d&rsquo;alternateurs et d\u00e9marreurs pour des applications sp\u00e9cifiques, et de diff\u00e9rentes marques.<\/p><p>Donc, pour plus de renseignements, n&rsquo;h\u00e9sitez pas \u00e0 nous consulter !<\/p>\t\t\t\t\t\t\t\t<\/div>\n\t\t\t\t<\/div>\n\t\t\t\t\t<\/div>\n\t\t<\/div>\n\t\t\t\t\t<\/div>\n\t\t<\/section>\n\t\t\t\t<\/div>","protected":false},"excerpt":{"rendered":"<p>Alternateur Case IH, Fiat, Lsh Lamborghini Same H\u00fcrlimann &#8211; 14 Volt \/55 Amp\u00e8re, Broche double patte Information du produit : Votre alternateur g\u00e9n\u00e8re de l\u2019\u00e9nergie \u00e9lectrique en convertissant l&rsquo;\u00e9nergie cin\u00e9tique. Cette \u00e9nergie est stock\u00e9e par la batterie et consomm\u00e9e par les diff\u00e9rents organes \u00e9lectriques et \u00e9lectroniques. C&rsquo;est pourquoi nous vous proposons une pi\u00e8ce de marque<br \/><a class=\"more-link\" href=\"https:\/\/www.edel.fr\/en\/product\/alternateur-case-ihfiat-new-hollandlsh-lamborghini-same-hurlimann-volt-ampere-14-55-broche-double-patte\/\"><br \/>\n        Read More<span class=\"screen-reader-text\"> \u00ab\u00a0Alternateur Case IH &#8211; Fiat &#8211; LSH &#8211; 14V\/55A, Broche double patte\u00a0\u00bb<\/span><\/a><\/p>","protected":false},"featured_media":5599,"template":"","meta":[],"product_brand":[],"product_cat":[4016,4019,4024,164,154,119],"product_tag":[2459,180],"tracteur":[],"class_list":{"0":"post-5858","1":"product","2":"type-product","3":"status-publish","4":"has-post-thumbnail","6":"product_cat-alternateur-case-ih","7":"product_cat-alternateur-fiat-new-holland","8":"product_cat-alternateur-lamborghini-same","9":"product_cat-alternateurs","10":"product_cat-electricite","11":"product_cat-tracteurs-agricoles","12":"product_tag-alternateurs","13":"product_tag-electricite","14":"product_shipping_class-142","15":"pa_fabriquant-mahle","16":"pa_marque-tracteur-case-ih","17":"pa_marque-tracteur-fiat-new-holland","18":"pa_marque-tracteur-lsh","19":"pa_modele-tracteur-centauro","20":"pa_modele-tracteur-corsaro","21":"pa_modele-tracteur-drago","22":"pa_modele-tracteur-galaxy","23":"pa_modele-tracteur-hercules","24":"pa_modele-tracteur-jx","25":"pa_modele-tracteur-laser","26":"pa_modele-tracteur-laverda","27":"pa_modele-tracteur-saturno","28":"pa_modele-tracteur-winner","29":"pa_type-2-1504","30":"pa_type-2-1176","31":"pa_type-2-1505","32":"pa_type-2-1177","33":"pa_type-2-14090dt","34":"pa_type-2-1474","35":"pa_type-2-1475","36":"pa_type-2-1478","37":"pa_type-2-1479","38":"pa_type-2-1342","39":"pa_type-2-1293","40":"pa_type-2-1476","41":"pa_type-2-1167","42":"pa_type-2-1277","43":"pa_type-2-500s","44":"pa_type-2-1343","45":"pa_type-2-1480","46":"pa_type-2-1481","47":"pa_type-2-1482","48":"pa_type-2-1483","49":"pa_type-2-1484","50":"pa_type-2-1485","51":"pa_type-2-1486","52":"pa_type-2-1487","53":"pa_type-2-1488","54":"pa_type-2-1489","55":"pa_type-2-1490","56":"pa_type-2-1491","57":"pa_type-2-1492","58":"pa_type-2-1493","59":"pa_type-2-1494","60":"pa_type-2-1495","61":"pa_type-2-1496","62":"pa_type-2-1419","63":"pa_type-2-1497","64":"pa_type-2-1498","65":"pa_type-2-1499","66":"pa_type-2-1171","67":"pa_type-2-1500","68":"pa_type-2-880-5","69":"pa_type-2-1501","70":"pa_type-2-1502","71":"pa_type-2-1503","72":"pa_type-2-centauro-71","73":"pa_type-2-corsaro-70","74":"pa_type-2-f100","75":"pa_type-2-f110","76":"pa_type-2-f140","77":"pa_type-2-jx1070-c","78":"pa_type-2-l95","79":"pa_type-2-laverda-3850","80":"pa_type-2-nh4635","81":"pa_type-2-tl70","82":"pa_type-2-tl90","83":"pa_type-2-tn75","84":"pa_type-2-winner-115-90","85":"badges-style-2","87":"first","88":"instock","89":"taxable","90":"shipping-taxable","91":"purchasable","92":"product-type-simple"},"acf":[],"yoast_head":"<!-- This site is optimized with the Yoast SEO plugin v27.3 - https:\/\/yoast.com\/product\/yoast-seo-wordpress\/ -->\n<title>Alternateur Case IH - Fiat - LSH - 14V\/55A, Broche double patte - Edel<\/title>\n<meta name=\"description\" content=\"Alternateur Case IH - Fiat - LSH - 14V\/55A, Broche double patte - 10090 1280 2140 4546 470 4835 500S 5590 6088 6590 7090 8070 8225 855 8590 9090 F100 L95\" \/>\n<meta name=\"robots\" content=\"index, follow, max-snippet:-1, max-image-preview:large, max-video-preview:-1\" \/>\n<link rel=\"canonical\" href=\"http:\/\/edel.fr\/en\/product\/alternateur-case-ihfiat-new-hollandlsh-lamborghini-same-hurlimann-volt-ampere-14-55-broche-double-patte\/\" \/>\n<meta property=\"og:locale\" content=\"en_US\" \/>\n<meta property=\"og:type\" content=\"article\" \/>\n<meta property=\"og:title\" content=\"Alternateur Case IH - Fiat - LSH - 14V\/55A, Broche double patte - Edel\" \/>\n<meta property=\"og:description\" content=\"Alternateur Case IH - Fiat - LSH - 14V\/55A, Broche double patte - 10090 1280 2140 4546 470 4835 500S 5590 6088 6590 7090 8070 8225 855 8590 9090 F100 L95\" \/>\n<meta property=\"og:url\" content=\"http:\/\/edel.fr\/en\/product\/alternateur-case-ihfiat-new-hollandlsh-lamborghini-same-hurlimann-volt-ampere-14-55-broche-double-patte\/\" \/>\n<meta property=\"og:site_name\" content=\"Edel\" \/>\n<meta property=\"article:modified_time\" content=\"2026-02-07T01:00:09+00:00\" \/>\n<meta property=\"og:image\" content=\"http:\/\/edel.fr\/uploads\/2019\/03\/A16.jpg\" \/>\n\t<meta property=\"og:image:width\" content=\"1920\" \/>\n\t<meta property=\"og:image:height\" content=\"1280\" \/>\n\t<meta property=\"og:image:type\" content=\"image\/jpeg\" \/>\n<meta name=\"twitter:card\" content=\"summary_large_image\" \/>\n<meta name=\"twitter:label1\" content=\"Est. reading time\" \/>\n\t<meta name=\"twitter:data1\" content=\"2 minutes\" \/>\n<script type=\"application\/ld+json\" class=\"yoast-schema-graph\">{\"@context\":\"https:\\\/\\\/schema.org\",\"@graph\":[{\"@type\":\"WebPage\",\"@id\":\"http:\\\/\\\/edel.fr\\\/en\\\/product\\\/alternateur-case-ihfiat-new-hollandlsh-lamborghini-same-hurlimann-volt-ampere-14-55-broche-double-patte\\\/\",\"url\":\"http:\\\/\\\/edel.fr\\\/en\\\/product\\\/alternateur-case-ihfiat-new-hollandlsh-lamborghini-same-hurlimann-volt-ampere-14-55-broche-double-patte\\\/\",\"name\":\"Alternateur Case IH - Fiat - LSH - 14V\\\/55A, Broche double patte - Edel\",\"isPartOf\":{\"@id\":\"https:\\\/\\\/www.edel.fr\\\/en\\\/#website\"},\"primaryImageOfPage\":{\"@id\":\"http:\\\/\\\/edel.fr\\\/en\\\/product\\\/alternateur-case-ihfiat-new-hollandlsh-lamborghini-same-hurlimann-volt-ampere-14-55-broche-double-patte\\\/#primaryimage\"},\"image\":{\"@id\":\"http:\\\/\\\/edel.fr\\\/en\\\/product\\\/alternateur-case-ihfiat-new-hollandlsh-lamborghini-same-hurlimann-volt-ampere-14-55-broche-double-patte\\\/#primaryimage\"},\"thumbnailUrl\":\"https:\\\/\\\/www.edel.fr\\\/uploads\\\/2019\\\/03\\\/A16.jpg\",\"datePublished\":\"2019-03-11T08:24:02+00:00\",\"dateModified\":\"2026-02-07T01:00:09+00:00\",\"description\":\"Alternateur Case IH - Fiat - LSH - 14V\\\/55A, Broche double patte - 10090 1280 2140 4546 470 4835 500S 5590 6088 6590 7090 8070 8225 855 8590 9090 F100 L95\",\"breadcrumb\":{\"@id\":\"http:\\\/\\\/edel.fr\\\/en\\\/product\\\/alternateur-case-ihfiat-new-hollandlsh-lamborghini-same-hurlimann-volt-ampere-14-55-broche-double-patte\\\/#breadcrumb\"},\"inLanguage\":\"en-US\",\"potentialAction\":[{\"@type\":\"ReadAction\",\"target\":[\"http:\\\/\\\/edel.fr\\\/en\\\/product\\\/alternateur-case-ihfiat-new-hollandlsh-lamborghini-same-hurlimann-volt-ampere-14-55-broche-double-patte\\\/\"]}]},{\"@type\":\"ImageObject\",\"inLanguage\":\"en-US\",\"@id\":\"http:\\\/\\\/edel.fr\\\/en\\\/product\\\/alternateur-case-ihfiat-new-hollandlsh-lamborghini-same-hurlimann-volt-ampere-14-55-broche-double-patte\\\/#primaryimage\",\"url\":\"https:\\\/\\\/www.edel.fr\\\/uploads\\\/2019\\\/03\\\/A16.jpg\",\"contentUrl\":\"https:\\\/\\\/www.edel.fr\\\/uploads\\\/2019\\\/03\\\/A16.jpg\",\"width\":1920,\"height\":1280,\"caption\":\"Alternateur Case IH, Fiat, Lsh Lamborghini Same H\u00fcrlimann - 14 Volt \\\/55 Amp\u00e8re, Broche double patte\"},{\"@type\":\"BreadcrumbList\",\"@id\":\"http:\\\/\\\/edel.fr\\\/en\\\/product\\\/alternateur-case-ihfiat-new-hollandlsh-lamborghini-same-hurlimann-volt-ampere-14-55-broche-double-patte\\\/#breadcrumb\",\"itemListElement\":[{\"@type\":\"ListItem\",\"position\":1,\"name\":\"Pi\u00e8ce Tracteur\",\"item\":\"https:\\\/\\\/www.edel.fr\\\/en\\\/\"},{\"@type\":\"ListItem\",\"position\":2,\"name\":\"Toutes nos pi\u00e8ces Tracteur\",\"item\":\"https:\\\/\\\/edel.fr\\\/shop\\\/\"},{\"@type\":\"ListItem\",\"position\":3,\"name\":\"Alternateur Case IH &#8211; Fiat &#8211; LSH &#8211; 14V\\\/55A, Broche double patte\"}]},{\"@type\":\"WebSite\",\"@id\":\"https:\\\/\\\/www.edel.fr\\\/en\\\/#website\",\"url\":\"https:\\\/\\\/www.edel.fr\\\/en\\\/\",\"name\":\"Edel\",\"description\":\"Pi\u00e8ce d\u00e9tach\u00e9e de Tracteur Agricole\",\"publisher\":{\"@id\":\"https:\\\/\\\/www.edel.fr\\\/en\\\/#organization\"},\"potentialAction\":[{\"@type\":\"SearchAction\",\"target\":{\"@type\":\"EntryPoint\",\"urlTemplate\":\"https:\\\/\\\/www.edel.fr\\\/en\\\/?s={search_term_string}\"},\"query-input\":{\"@type\":\"PropertyValueSpecification\",\"valueRequired\":true,\"valueName\":\"search_term_string\"}}],\"inLanguage\":\"en-US\"},{\"@type\":\"Organization\",\"@id\":\"https:\\\/\\\/www.edel.fr\\\/en\\\/#organization\",\"name\":\"Edel\",\"url\":\"https:\\\/\\\/www.edel.fr\\\/en\\\/\",\"logo\":{\"@type\":\"ImageObject\",\"inLanguage\":\"en-US\",\"@id\":\"https:\\\/\\\/www.edel.fr\\\/en\\\/#\\\/schema\\\/logo\\\/image\\\/\",\"url\":\"https:\\\/\\\/www.edel.fr\\\/uploads\\\/2018\\\/11\\\/logo-edel.png\",\"contentUrl\":\"https:\\\/\\\/www.edel.fr\\\/uploads\\\/2018\\\/11\\\/logo-edel.png\",\"width\":257,\"height\":68,\"caption\":\"Edel\"},\"image\":{\"@id\":\"https:\\\/\\\/www.edel.fr\\\/en\\\/#\\\/schema\\\/logo\\\/image\\\/\"}}]}<\/script>\n<!-- \/ Yoast SEO plugin. -->","yoast_head_json":{"title":"Alternateur Case IH - Fiat - LSH - 14V\/55A, Broche double patte - Edel","description":"Alternateur Case IH - Fiat - LSH - 14V\/55A, Broche double patte - 10090 1280 2140 4546 470 4835 500S 5590 6088 6590 7090 8070 8225 855 8590 9090 F100 L95","robots":{"index":"index","follow":"follow","max-snippet":"max-snippet:-1","max-image-preview":"max-image-preview:large","max-video-preview":"max-video-preview:-1"},"canonical":"http:\/\/edel.fr\/en\/product\/alternateur-case-ihfiat-new-hollandlsh-lamborghini-same-hurlimann-volt-ampere-14-55-broche-double-patte\/","og_locale":"en_US","og_type":"article","og_title":"Alternateur Case IH - Fiat - LSH - 14V\/55A, Broche double patte - Edel","og_description":"Alternateur Case IH - Fiat - LSH - 14V\/55A, Broche double patte - 10090 1280 2140 4546 470 4835 500S 5590 6088 6590 7090 8070 8225 855 8590 9090 F100 L95","og_url":"http:\/\/edel.fr\/en\/product\/alternateur-case-ihfiat-new-hollandlsh-lamborghini-same-hurlimann-volt-ampere-14-55-broche-double-patte\/","og_site_name":"Edel","article_modified_time":"2026-02-07T01:00:09+00:00","og_image":[{"width":1920,"height":1280,"url":"http:\/\/edel.fr\/uploads\/2019\/03\/A16.jpg","type":"image\/jpeg"}],"twitter_card":"summary_large_image","twitter_misc":{"Est. reading time":"2 minutes"},"schema":{"@context":"https:\/\/schema.org","@graph":[{"@type":"WebPage","@id":"http:\/\/edel.fr\/en\/product\/alternateur-case-ihfiat-new-hollandlsh-lamborghini-same-hurlimann-volt-ampere-14-55-broche-double-patte\/","url":"http:\/\/edel.fr\/en\/product\/alternateur-case-ihfiat-new-hollandlsh-lamborghini-same-hurlimann-volt-ampere-14-55-broche-double-patte\/","name":"Alternateur Case IH - Fiat - LSH - 14V\/55A, Broche double patte - Edel","isPartOf":{"@id":"https:\/\/www.edel.fr\/en\/#website"},"primaryImageOfPage":{"@id":"http:\/\/edel.fr\/en\/product\/alternateur-case-ihfiat-new-hollandlsh-lamborghini-same-hurlimann-volt-ampere-14-55-broche-double-patte\/#primaryimage"},"image":{"@id":"http:\/\/edel.fr\/en\/product\/alternateur-case-ihfiat-new-hollandlsh-lamborghini-same-hurlimann-volt-ampere-14-55-broche-double-patte\/#primaryimage"},"thumbnailUrl":"https:\/\/www.edel.fr\/uploads\/2019\/03\/A16.jpg","datePublished":"2019-03-11T08:24:02+00:00","dateModified":"2026-02-07T01:00:09+00:00","description":"Alternateur Case IH - Fiat - LSH - 14V\/55A, Broche double patte - 10090 1280 2140 4546 470 4835 500S 5590 6088 6590 7090 8070 8225 855 8590 9090 F100 L95","breadcrumb":{"@id":"http:\/\/edel.fr\/en\/product\/alternateur-case-ihfiat-new-hollandlsh-lamborghini-same-hurlimann-volt-ampere-14-55-broche-double-patte\/#breadcrumb"},"inLanguage":"en-US","potentialAction":[{"@type":"ReadAction","target":["http:\/\/edel.fr\/en\/product\/alternateur-case-ihfiat-new-hollandlsh-lamborghini-same-hurlimann-volt-ampere-14-55-broche-double-patte\/"]}]},{"@type":"ImageObject","inLanguage":"en-US","@id":"http:\/\/edel.fr\/en\/product\/alternateur-case-ihfiat-new-hollandlsh-lamborghini-same-hurlimann-volt-ampere-14-55-broche-double-patte\/#primaryimage","url":"https:\/\/www.edel.fr\/uploads\/2019\/03\/A16.jpg","contentUrl":"https:\/\/www.edel.fr\/uploads\/2019\/03\/A16.jpg","width":1920,"height":1280,"caption":"Alternateur Case IH, Fiat, Lsh Lamborghini Same H\u00fcrlimann - 14 Volt \/55 Amp\u00e8re, Broche double patte"},{"@type":"BreadcrumbList","@id":"http:\/\/edel.fr\/en\/product\/alternateur-case-ihfiat-new-hollandlsh-lamborghini-same-hurlimann-volt-ampere-14-55-broche-double-patte\/#breadcrumb","itemListElement":[{"@type":"ListItem","position":1,"name":"Pi\u00e8ce Tracteur","item":"https:\/\/www.edel.fr\/en\/"},{"@type":"ListItem","position":2,"name":"Toutes nos pi\u00e8ces Tracteur","item":"https:\/\/edel.fr\/shop\/"},{"@type":"ListItem","position":3,"name":"Alternateur Case IH &#8211; Fiat &#8211; LSH &#8211; 14V\/55A, Broche double patte"}]},{"@type":"WebSite","@id":"https:\/\/www.edel.fr\/en\/#website","url":"https:\/\/www.edel.fr\/en\/","name":"Edel","description":"Pi\u00e8ce d\u00e9tach\u00e9e de Tracteur Agricole","publisher":{"@id":"https:\/\/www.edel.fr\/en\/#organization"},"potentialAction":[{"@type":"SearchAction","target":{"@type":"EntryPoint","urlTemplate":"https:\/\/www.edel.fr\/en\/?s={search_term_string}"},"query-input":{"@type":"PropertyValueSpecification","valueRequired":true,"valueName":"search_term_string"}}],"inLanguage":"en-US"},{"@type":"Organization","@id":"https:\/\/www.edel.fr\/en\/#organization","name":"Edel","url":"https:\/\/www.edel.fr\/en\/","logo":{"@type":"ImageObject","inLanguage":"en-US","@id":"https:\/\/www.edel.fr\/en\/#\/schema\/logo\/image\/","url":"https:\/\/www.edel.fr\/uploads\/2018\/11\/logo-edel.png","contentUrl":"https:\/\/www.edel.fr\/uploads\/2018\/11\/logo-edel.png","width":257,"height":68,"caption":"Edel"},"image":{"@id":"https:\/\/www.edel.fr\/en\/#\/schema\/logo\/image\/"}}]}},"_links":{"self":[{"href":"https:\/\/www.edel.fr\/en\/wp-json\/wp\/v2\/product\/5858","targetHints":{"allow":["GET"]}}],"collection":[{"href":"https:\/\/www.edel.fr\/en\/wp-json\/wp\/v2\/product"}],"about":[{"href":"https:\/\/www.edel.fr\/en\/wp-json\/wp\/v2\/types\/product"}],"version-history":[{"count":2,"href":"https:\/\/www.edel.fr\/en\/wp-json\/wp\/v2\/product\/5858\/revisions"}],"predecessor-version":[{"id":15134,"href":"https:\/\/www.edel.fr\/en\/wp-json\/wp\/v2\/product\/5858\/revisions\/15134"}],"wp:featuredmedia":[{"embeddable":true,"href":"https:\/\/www.edel.fr\/en\/wp-json\/wp\/v2\/media\/5599"}],"wp:attachment":[{"href":"https:\/\/www.edel.fr\/en\/wp-json\/wp\/v2\/media?parent=5858"}],"wp:term":[{"taxonomy":"product_brand","embeddable":true,"href":"https:\/\/www.edel.fr\/en\/wp-json\/wp\/v2\/product_brand?post=5858"},{"taxonomy":"product_cat","embeddable":true,"href":"https:\/\/www.edel.fr\/en\/wp-json\/wp\/v2\/product_cat?post=5858"},{"taxonomy":"product_tag","embeddable":true,"href":"https:\/\/www.edel.fr\/en\/wp-json\/wp\/v2\/product_tag?post=5858"},{"taxonomy":"tracteur","embeddable":true,"href":"https:\/\/www.edel.fr\/en\/wp-json\/wp\/v2\/tracteur?post=5858"}],"curies":[{"name":"wp","href":"https:\/\/api.w.org\/{rel}","templated":true}]}}