{"id":5840,"date":"2019-03-04T18:29:46","date_gmt":"2019-03-04T17:29:46","guid":{"rendered":"http:\/\/edel.stephanie.ct.webcd.lan\/shop\/alternateur-deutzliebherrpoclain-volt-ampere-24-35-moteurs-912913\/"},"modified":"2026-02-04T02:00:47","modified_gmt":"2026-02-04T01:00:47","slug":"alternateur-deutzliebherrpoclain-volt-ampere-24-35moteurs-912913","status":"publish","type":"product","link":"https:\/\/www.edel.fr\/en\/product\/alternateur-deutzliebherrpoclain-volt-ampere-24-35moteurs-912913\/","title":{"rendered":"Alternateur Deutz &#8211; Liebherr &#8211; Poclain &#8211; 24V\/35A, Moteurs 912 913"},"content":{"rendered":"<div data-elementor-type=\"wp-post\" data-elementor-id=\"5840\" class=\"elementor elementor-5840\">\n\t\t\t\t\t\t<section class=\"elementor-section elementor-top-section elementor-element elementor-element-42f8d888 elementor-section-boxed elementor-section-height-default elementor-section-height-default\" data-id=\"42f8d888\" data-element_type=\"section\" data-e-type=\"section\">\n\t\t\t\t\t\t<div class=\"elementor-container elementor-column-gap-default\">\n\t\t\t\t\t<div class=\"elementor-column elementor-col-100 elementor-top-column elementor-element elementor-element-414ffcfd\" data-id=\"414ffcfd\" data-element_type=\"column\" data-e-type=\"column\">\n\t\t\t<div class=\"elementor-widget-wrap elementor-element-populated\">\n\t\t\t\t\t\t<div class=\"elementor-element elementor-element-5c914307 elementor-widget elementor-widget-heading\" data-id=\"5c914307\" data-element_type=\"widget\" data-e-type=\"widget\" data-widget_type=\"heading.default\">\n\t\t\t\t<div class=\"elementor-widget-container\">\n\t\t\t\t\t<h2 class=\"elementor-heading-title elementor-size-default\">Alternateur Deutz - Liebherr - Poclain - 24V\/35A, Moteurs 912 913<\/h2>\t\t\t\t<\/div>\n\t\t\t\t<\/div>\n\t\t\t\t<div class=\"elementor-element elementor-element-10188fed elementor-widget elementor-widget-heading\" data-id=\"10188fed\" data-element_type=\"widget\" data-e-type=\"widget\" data-widget_type=\"heading.default\">\n\t\t\t\t<div class=\"elementor-widget-container\">\n\t\t\t\t\t<h3 class=\"elementor-heading-title elementor-size-default\">Information du produit :<\/h3>\t\t\t\t<\/div>\n\t\t\t\t<\/div>\n\t\t\t\t\t<\/div>\n\t\t<\/div>\n\t\t\t\t\t<\/div>\n\t\t<\/section>\n\t\t\t\t<section class=\"elementor-section elementor-top-section elementor-element elementor-element-1c586862 elementor-section-boxed elementor-section-height-default elementor-section-height-default\" data-id=\"1c586862\" data-element_type=\"section\" data-e-type=\"section\">\n\t\t\t\t\t\t<div class=\"elementor-container elementor-column-gap-default\">\n\t\t\t\t\t<div class=\"elementor-column elementor-col-100 elementor-top-column elementor-element elementor-element-55b40093\" data-id=\"55b40093\" data-element_type=\"column\" data-e-type=\"column\">\n\t\t\t<div class=\"elementor-widget-wrap elementor-element-populated\">\n\t\t\t\t\t\t<div class=\"elementor-element elementor-element-448e81b6 elementor-widget elementor-widget-text-editor\" data-id=\"448e81b6\" data-element_type=\"widget\" data-e-type=\"widget\" data-widget_type=\"text-editor.default\">\n\t\t\t\t<div class=\"elementor-widget-container\">\n\t\t\t\t\t\t\t\t\t<p>Votre alternateur g\u00e9n\u00e8re de l\u2019\u00e9nergie \u00e9lectrique en convertissant l&rsquo;\u00e9nergie cin\u00e9tique. Cette \u00e9nergie est stock\u00e9e par la batterie et consomm\u00e9e par les diff\u00e9rents organes \u00e9lectriques et \u00e9lectroniques.<\/p><p>C&rsquo;est pourquoi nous vous proposons une pi\u00e8ce de marque <a href=\"https:\/\/www.edel.fr\/en\/constructeur\/mahle\/\">Mahle<\/a> \/ <a href=\"https:\/\/www.edel.fr\/en\/constructeur\/letrika\/\">Letrika<\/a> reconnue pour sa fiabilit\u00e9.<\/p><p>Deutz, Liebherr, Poclain : Engins travaux publics<\/p><p><strong>R\u00e9f\u00e9rences du constructeur :<\/strong><\/p><p>AHLMANN (MECALAC) : 5784024<\/p><p>BOSCH : 0120400640, 0120400790, 0120400791, 0120489707, 0986031260.<\/p><p>CASE : M 415 95<\/p><p>DELCO REMY : DRA1260<\/p><p>DEUTZ AG (KHD) : 0116 2135, 0116 4049, 0117 0731, 0117 1681, 0117 8669, 0117 8689, 0240 4401, 0336 2189, 0418 8800.<\/p><p>HATZ : 50504500, 505045000913, 50504501.<\/p><p>HELLA : 8EL 725 622-001, 8EL 725 744-001, CA 180 IR, CA 341 IR.<\/p><p>IMR : 817 788<\/p><p>IVECO : 42498155<\/p><p>KAESSBOHRER : 7 421 311 000<\/p><p>LESTER : 12031, 12217, 12218, 13013, 20002.<\/p><p>LIEBHERR : 620 13 69<\/p><p>LUCAS : A 0924, LRA00924.<\/p><p>MAGIRUS-DEUTZ : 292 81266<\/p><p>MAGNETI MARELLI : MAN 2019, MAR 898<\/p><p>MAN : 51 26101 7085, 81 26101 6025.<\/p><p>MERCEDES-BENZ : 003 154 17 02<\/p><p>MWM-DIESEL : 3 0571 01 0 0004, 6 0571 01 0 0112, 6 0571 01 0 0146.<\/p><p>NIKKO : M41 595, M41 595 EX.<\/p><p>PRESTOLITE : 861001<\/p><p>STEYR : 614 S 09 0001<\/p><p>TAM : 5378176, 5419867.<\/p><p>TORPEDO : 021 2803, 022 0850.<\/p><p>VALEO : 436 419<\/p><p>Edel vous propose \u00e9galement une large gamme d&rsquo;alternateurs et d\u00e9marreurs pour des applications sp\u00e9cifiques, et de diff\u00e9rentes marques.<\/p><p>Donc, pour plus de renseignements, n&rsquo;h\u00e9sitez pas \u00e0 nous consulter !<\/p>\t\t\t\t\t\t\t\t<\/div>\n\t\t\t\t<\/div>\n\t\t\t\t\t<\/div>\n\t\t<\/div>\n\t\t\t\t\t<\/div>\n\t\t<\/section>\n\t\t\t\t<\/div>","protected":false},"excerpt":{"rendered":"<p>Alternateur Deutz &#8211; Liebherr &#8211; Poclain &#8211; 24V\/35A, Moteurs 912 913 Information du produit : Votre alternateur g\u00e9n\u00e8re de l\u2019\u00e9nergie \u00e9lectrique en convertissant l&rsquo;\u00e9nergie cin\u00e9tique. Cette \u00e9nergie est stock\u00e9e par la batterie et consomm\u00e9e par les diff\u00e9rents organes \u00e9lectriques et \u00e9lectroniques. C&rsquo;est pourquoi nous vous proposons une pi\u00e8ce de marque Mahle \/ Letrika reconnue pour<br \/><a class=\"more-link\" href=\"https:\/\/www.edel.fr\/en\/product\/alternateur-deutzliebherrpoclain-volt-ampere-24-35moteurs-912913\/\"><br \/>\n        Read More<span class=\"screen-reader-text\"> \u00ab\u00a0Alternateur Deutz &#8211; Liebherr &#8211; Poclain &#8211; 24V\/35A, Moteurs 912 913\u00a0\u00bb<\/span><\/a><\/p>","protected":false},"featured_media":5586,"template":"","meta":[],"product_brand":[],"product_cat":[4023,4026,4031,164,154,119],"product_tag":[2459,180],"tracteur":[],"class_list":{"0":"post-5840","1":"product","2":"type-product","3":"status-publish","4":"has-post-thumbnail","6":"product_cat-alternateur-deutz","7":"product_cat-alternateur-liebherr","8":"product_cat-alternateur-poclain","9":"product_cat-alternateurs","10":"product_cat-electricite","11":"product_cat-tracteurs-agricoles","12":"product_tag-alternateurs","13":"product_tag-electricite","14":"product_shipping_class-142","15":"pa_fabriquant-mahle","16":"pa_marque-tracteur-khd-deutz","17":"pa_marque-tracteur-liebherr","18":"pa_marque-tracteur-poclain","19":"pa_modele-tracteur-engins-travaux-publics","20":"badges-style-2","22":"first","23":"instock","24":"taxable","25":"shipping-taxable","26":"purchasable","27":"product-type-simple"},"acf":[],"yoast_head":"<!-- This site is optimized with the Yoast SEO plugin v27.3 - https:\/\/yoast.com\/product\/yoast-seo-wordpress\/ -->\n<title>Alternateur Deutz - Liebherr - Poclain - 24V\/35A, Moteurs 912 913 - Edel<\/title>\n<meta name=\"description\" content=\"Alternateur Deutz - Liebherr - Poclain - 24V\/35A, Moteurs 912 913 - Engins travaux publics - Une pi\u00e8ce de marque Mahle \/ Letrika reconnue pour sa fiabilit\u00e9.\" \/>\n<meta name=\"robots\" content=\"index, follow, max-snippet:-1, max-image-preview:large, max-video-preview:-1\" \/>\n<link rel=\"canonical\" href=\"https:\/\/edel.fr\/produit\/alternateur-deutzliebherrpoclain-volt-ampere-24-35moteurs-912913\/\" \/>\n<meta property=\"og:locale\" content=\"en_US\" \/>\n<meta property=\"og:type\" content=\"article\" \/>\n<meta property=\"og:title\" content=\"Alternateur Deutz - Liebherr - Poclain - 24V\/35A, Moteurs 912 913 - Edel\" \/>\n<meta property=\"og:description\" content=\"Alternateur Deutz - Liebherr - Poclain - 24V\/35A, Moteurs 912 913 - Engins travaux publics - Une pi\u00e8ce de marque Mahle \/ Letrika reconnue pour sa fiabilit\u00e9.\" \/>\n<meta property=\"og:url\" content=\"https:\/\/edel.fr\/produit\/alternateur-deutzliebherrpoclain-volt-ampere-24-35moteurs-912913\/\" \/>\n<meta property=\"og:site_name\" content=\"Edel\" \/>\n<meta property=\"article:modified_time\" content=\"2026-02-04T01:00:47+00:00\" \/>\n<meta property=\"og:image\" content=\"https:\/\/edel.fr\/uploads\/2019\/03\/A02.jpg\" \/>\n\t<meta property=\"og:image:width\" content=\"1920\" \/>\n\t<meta property=\"og:image:height\" content=\"1280\" \/>\n\t<meta property=\"og:image:type\" content=\"image\/jpeg\" \/>\n<meta name=\"twitter:card\" content=\"summary_large_image\" \/>\n<meta name=\"twitter:label1\" content=\"Est. reading time\" \/>\n\t<meta name=\"twitter:data1\" content=\"2 minutes\" \/>\n<script type=\"application\/ld+json\" class=\"yoast-schema-graph\">{\"@context\":\"https:\\\/\\\/schema.org\",\"@graph\":[{\"@type\":\"WebPage\",\"@id\":\"https:\\\/\\\/edel.fr\\\/produit\\\/alternateur-deutzliebherrpoclain-volt-ampere-24-35moteurs-912913\\\/\",\"url\":\"https:\\\/\\\/edel.fr\\\/produit\\\/alternateur-deutzliebherrpoclain-volt-ampere-24-35moteurs-912913\\\/\",\"name\":\"Alternateur Deutz - Liebherr - Poclain - 24V\\\/35A, Moteurs 912 913 - Edel\",\"isPartOf\":{\"@id\":\"https:\\\/\\\/www.edel.fr\\\/en\\\/#website\"},\"primaryImageOfPage\":{\"@id\":\"https:\\\/\\\/edel.fr\\\/produit\\\/alternateur-deutzliebherrpoclain-volt-ampere-24-35moteurs-912913\\\/#primaryimage\"},\"image\":{\"@id\":\"https:\\\/\\\/edel.fr\\\/produit\\\/alternateur-deutzliebherrpoclain-volt-ampere-24-35moteurs-912913\\\/#primaryimage\"},\"thumbnailUrl\":\"https:\\\/\\\/www.edel.fr\\\/uploads\\\/2019\\\/03\\\/A02.jpg\",\"datePublished\":\"2019-03-04T17:29:46+00:00\",\"dateModified\":\"2026-02-04T01:00:47+00:00\",\"description\":\"Alternateur Deutz - Liebherr - Poclain - 24V\\\/35A, Moteurs 912 913 - Engins travaux publics - Une pi\u00e8ce de marque Mahle \\\/ Letrika reconnue pour sa fiabilit\u00e9.\",\"breadcrumb\":{\"@id\":\"https:\\\/\\\/edel.fr\\\/produit\\\/alternateur-deutzliebherrpoclain-volt-ampere-24-35moteurs-912913\\\/#breadcrumb\"},\"inLanguage\":\"en-US\",\"potentialAction\":[{\"@type\":\"ReadAction\",\"target\":[\"https:\\\/\\\/edel.fr\\\/produit\\\/alternateur-deutzliebherrpoclain-volt-ampere-24-35moteurs-912913\\\/\"]}]},{\"@type\":\"ImageObject\",\"inLanguage\":\"en-US\",\"@id\":\"https:\\\/\\\/edel.fr\\\/produit\\\/alternateur-deutzliebherrpoclain-volt-ampere-24-35moteurs-912913\\\/#primaryimage\",\"url\":\"https:\\\/\\\/www.edel.fr\\\/uploads\\\/2019\\\/03\\\/A02.jpg\",\"contentUrl\":\"https:\\\/\\\/www.edel.fr\\\/uploads\\\/2019\\\/03\\\/A02.jpg\",\"width\":1920,\"height\":1280,\"caption\":\"Alternateur Deutz - Liebherr - Poclain - 24V\\\/35A, Moteurs 912 913\"},{\"@type\":\"BreadcrumbList\",\"@id\":\"https:\\\/\\\/edel.fr\\\/produit\\\/alternateur-deutzliebherrpoclain-volt-ampere-24-35moteurs-912913\\\/#breadcrumb\",\"itemListElement\":[{\"@type\":\"ListItem\",\"position\":1,\"name\":\"Pi\u00e8ce Tracteur\",\"item\":\"https:\\\/\\\/www.edel.fr\\\/en\\\/\"},{\"@type\":\"ListItem\",\"position\":2,\"name\":\"Toutes nos pi\u00e8ces Tracteur\",\"item\":\"https:\\\/\\\/edel.fr\\\/shop\\\/\"},{\"@type\":\"ListItem\",\"position\":3,\"name\":\"Alternateur Deutz &#8211; Liebherr &#8211; Poclain &#8211; 24V\\\/35A, Moteurs 912 913\"}]},{\"@type\":\"WebSite\",\"@id\":\"https:\\\/\\\/www.edel.fr\\\/en\\\/#website\",\"url\":\"https:\\\/\\\/www.edel.fr\\\/en\\\/\",\"name\":\"Edel\",\"description\":\"Pi\u00e8ce d\u00e9tach\u00e9e de Tracteur Agricole\",\"publisher\":{\"@id\":\"https:\\\/\\\/www.edel.fr\\\/en\\\/#organization\"},\"potentialAction\":[{\"@type\":\"SearchAction\",\"target\":{\"@type\":\"EntryPoint\",\"urlTemplate\":\"https:\\\/\\\/www.edel.fr\\\/en\\\/?s={search_term_string}\"},\"query-input\":{\"@type\":\"PropertyValueSpecification\",\"valueRequired\":true,\"valueName\":\"search_term_string\"}}],\"inLanguage\":\"en-US\"},{\"@type\":\"Organization\",\"@id\":\"https:\\\/\\\/www.edel.fr\\\/en\\\/#organization\",\"name\":\"Edel\",\"url\":\"https:\\\/\\\/www.edel.fr\\\/en\\\/\",\"logo\":{\"@type\":\"ImageObject\",\"inLanguage\":\"en-US\",\"@id\":\"https:\\\/\\\/www.edel.fr\\\/en\\\/#\\\/schema\\\/logo\\\/image\\\/\",\"url\":\"https:\\\/\\\/www.edel.fr\\\/uploads\\\/2018\\\/11\\\/logo-edel.png\",\"contentUrl\":\"https:\\\/\\\/www.edel.fr\\\/uploads\\\/2018\\\/11\\\/logo-edel.png\",\"width\":257,\"height\":68,\"caption\":\"Edel\"},\"image\":{\"@id\":\"https:\\\/\\\/www.edel.fr\\\/en\\\/#\\\/schema\\\/logo\\\/image\\\/\"}}]}<\/script>\n<!-- \/ Yoast SEO plugin. -->","yoast_head_json":{"title":"Alternateur Deutz - Liebherr - Poclain - 24V\/35A, Moteurs 912 913 - Edel","description":"Alternateur Deutz - Liebherr - Poclain - 24V\/35A, Moteurs 912 913 - Engins travaux publics - Une pi\u00e8ce de marque Mahle \/ Letrika reconnue pour sa fiabilit\u00e9.","robots":{"index":"index","follow":"follow","max-snippet":"max-snippet:-1","max-image-preview":"max-image-preview:large","max-video-preview":"max-video-preview:-1"},"canonical":"https:\/\/edel.fr\/produit\/alternateur-deutzliebherrpoclain-volt-ampere-24-35moteurs-912913\/","og_locale":"en_US","og_type":"article","og_title":"Alternateur Deutz - Liebherr - Poclain - 24V\/35A, Moteurs 912 913 - Edel","og_description":"Alternateur Deutz - Liebherr - Poclain - 24V\/35A, Moteurs 912 913 - Engins travaux publics - Une pi\u00e8ce de marque Mahle \/ Letrika reconnue pour sa fiabilit\u00e9.","og_url":"https:\/\/edel.fr\/produit\/alternateur-deutzliebherrpoclain-volt-ampere-24-35moteurs-912913\/","og_site_name":"Edel","article_modified_time":"2026-02-04T01:00:47+00:00","og_image":[{"width":1920,"height":1280,"url":"https:\/\/edel.fr\/uploads\/2019\/03\/A02.jpg","type":"image\/jpeg"}],"twitter_card":"summary_large_image","twitter_misc":{"Est. reading time":"2 minutes"},"schema":{"@context":"https:\/\/schema.org","@graph":[{"@type":"WebPage","@id":"https:\/\/edel.fr\/produit\/alternateur-deutzliebherrpoclain-volt-ampere-24-35moteurs-912913\/","url":"https:\/\/edel.fr\/produit\/alternateur-deutzliebherrpoclain-volt-ampere-24-35moteurs-912913\/","name":"Alternateur Deutz - Liebherr - Poclain - 24V\/35A, Moteurs 912 913 - Edel","isPartOf":{"@id":"https:\/\/www.edel.fr\/en\/#website"},"primaryImageOfPage":{"@id":"https:\/\/edel.fr\/produit\/alternateur-deutzliebherrpoclain-volt-ampere-24-35moteurs-912913\/#primaryimage"},"image":{"@id":"https:\/\/edel.fr\/produit\/alternateur-deutzliebherrpoclain-volt-ampere-24-35moteurs-912913\/#primaryimage"},"thumbnailUrl":"https:\/\/www.edel.fr\/uploads\/2019\/03\/A02.jpg","datePublished":"2019-03-04T17:29:46+00:00","dateModified":"2026-02-04T01:00:47+00:00","description":"Alternateur Deutz - Liebherr - Poclain - 24V\/35A, Moteurs 912 913 - Engins travaux publics - Une pi\u00e8ce de marque Mahle \/ Letrika reconnue pour sa fiabilit\u00e9.","breadcrumb":{"@id":"https:\/\/edel.fr\/produit\/alternateur-deutzliebherrpoclain-volt-ampere-24-35moteurs-912913\/#breadcrumb"},"inLanguage":"en-US","potentialAction":[{"@type":"ReadAction","target":["https:\/\/edel.fr\/produit\/alternateur-deutzliebherrpoclain-volt-ampere-24-35moteurs-912913\/"]}]},{"@type":"ImageObject","inLanguage":"en-US","@id":"https:\/\/edel.fr\/produit\/alternateur-deutzliebherrpoclain-volt-ampere-24-35moteurs-912913\/#primaryimage","url":"https:\/\/www.edel.fr\/uploads\/2019\/03\/A02.jpg","contentUrl":"https:\/\/www.edel.fr\/uploads\/2019\/03\/A02.jpg","width":1920,"height":1280,"caption":"Alternateur Deutz - Liebherr - Poclain - 24V\/35A, Moteurs 912 913"},{"@type":"BreadcrumbList","@id":"https:\/\/edel.fr\/produit\/alternateur-deutzliebherrpoclain-volt-ampere-24-35moteurs-912913\/#breadcrumb","itemListElement":[{"@type":"ListItem","position":1,"name":"Pi\u00e8ce Tracteur","item":"https:\/\/www.edel.fr\/en\/"},{"@type":"ListItem","position":2,"name":"Toutes nos pi\u00e8ces Tracteur","item":"https:\/\/edel.fr\/shop\/"},{"@type":"ListItem","position":3,"name":"Alternateur Deutz &#8211; Liebherr &#8211; Poclain &#8211; 24V\/35A, Moteurs 912 913"}]},{"@type":"WebSite","@id":"https:\/\/www.edel.fr\/en\/#website","url":"https:\/\/www.edel.fr\/en\/","name":"Edel","description":"Pi\u00e8ce d\u00e9tach\u00e9e de Tracteur Agricole","publisher":{"@id":"https:\/\/www.edel.fr\/en\/#organization"},"potentialAction":[{"@type":"SearchAction","target":{"@type":"EntryPoint","urlTemplate":"https:\/\/www.edel.fr\/en\/?s={search_term_string}"},"query-input":{"@type":"PropertyValueSpecification","valueRequired":true,"valueName":"search_term_string"}}],"inLanguage":"en-US"},{"@type":"Organization","@id":"https:\/\/www.edel.fr\/en\/#organization","name":"Edel","url":"https:\/\/www.edel.fr\/en\/","logo":{"@type":"ImageObject","inLanguage":"en-US","@id":"https:\/\/www.edel.fr\/en\/#\/schema\/logo\/image\/","url":"https:\/\/www.edel.fr\/uploads\/2018\/11\/logo-edel.png","contentUrl":"https:\/\/www.edel.fr\/uploads\/2018\/11\/logo-edel.png","width":257,"height":68,"caption":"Edel"},"image":{"@id":"https:\/\/www.edel.fr\/en\/#\/schema\/logo\/image\/"}}]}},"_links":{"self":[{"href":"https:\/\/www.edel.fr\/en\/wp-json\/wp\/v2\/product\/5840","targetHints":{"allow":["GET"]}}],"collection":[{"href":"https:\/\/www.edel.fr\/en\/wp-json\/wp\/v2\/product"}],"about":[{"href":"https:\/\/www.edel.fr\/en\/wp-json\/wp\/v2\/types\/product"}],"version-history":[{"count":2,"href":"https:\/\/www.edel.fr\/en\/wp-json\/wp\/v2\/product\/5840\/revisions"}],"predecessor-version":[{"id":15156,"href":"https:\/\/www.edel.fr\/en\/wp-json\/wp\/v2\/product\/5840\/revisions\/15156"}],"wp:featuredmedia":[{"embeddable":true,"href":"https:\/\/www.edel.fr\/en\/wp-json\/wp\/v2\/media\/5586"}],"wp:attachment":[{"href":"https:\/\/www.edel.fr\/en\/wp-json\/wp\/v2\/media?parent=5840"}],"wp:term":[{"taxonomy":"product_brand","embeddable":true,"href":"https:\/\/www.edel.fr\/en\/wp-json\/wp\/v2\/product_brand?post=5840"},{"taxonomy":"product_cat","embeddable":true,"href":"https:\/\/www.edel.fr\/en\/wp-json\/wp\/v2\/product_cat?post=5840"},{"taxonomy":"product_tag","embeddable":true,"href":"https:\/\/www.edel.fr\/en\/wp-json\/wp\/v2\/product_tag?post=5840"},{"taxonomy":"tracteur","embeddable":true,"href":"https:\/\/www.edel.fr\/en\/wp-json\/wp\/v2\/tracteur?post=5840"}],"curies":[{"name":"wp","href":"https:\/\/api.w.org\/{rel}","templated":true}]}}