{"id":5839,"date":"2019-03-04T18:29:46","date_gmt":"2019-03-04T17:29:46","guid":{"rendered":"http:\/\/edel.stephanie.ct.webcd.lan\/shop\/alternateur-fiat-new-hollandlsh-lamborghini-same-hurlimann-volt-ampere-14-33volt-ampere-14-33-fixation-broche\/"},"modified":"2026-02-27T02:00:17","modified_gmt":"2026-02-27T01:00:17","slug":"alternateur-fiat-new-hollandlsh-lamborghini-same-hurlimann-volt-ampere-14-33volt-ampere-14-33-fixation-broche","status":"publish","type":"product","link":"https:\/\/www.edel.fr\/en\/product\/alternateur-fiat-new-hollandlsh-lamborghini-same-hurlimann-volt-ampere-14-33volt-ampere-14-33-fixation-broche\/","title":{"rendered":"Alternateur Fiat New Holland,Lsh Lamborghini Same H\u00fcrlimann 14\/33"},"content":{"rendered":"<div data-elementor-type=\"wp-post\" data-elementor-id=\"5839\" class=\"elementor elementor-5839\">\n\t\t\t\t\t\t<section class=\"elementor-section elementor-top-section elementor-element elementor-element-657558dc elementor-section-boxed elementor-section-height-default elementor-section-height-default\" data-id=\"657558dc\" data-element_type=\"section\" data-e-type=\"section\">\n\t\t\t\t\t\t<div class=\"elementor-container elementor-column-gap-default\">\n\t\t\t\t\t<div class=\"elementor-column elementor-col-100 elementor-top-column elementor-element elementor-element-5bf594d4\" data-id=\"5bf594d4\" data-element_type=\"column\" data-e-type=\"column\">\n\t\t\t<div class=\"elementor-widget-wrap elementor-element-populated\">\n\t\t\t\t\t\t<div class=\"elementor-element elementor-element-1304c2ff elementor-widget elementor-widget-heading\" data-id=\"1304c2ff\" data-element_type=\"widget\" data-e-type=\"widget\" data-widget_type=\"heading.default\">\n\t\t\t\t<div class=\"elementor-widget-container\">\n\t\t\t\t\t<h2 class=\"elementor-heading-title elementor-size-default\">Alternateur adapt\u00e9 pour Fiat New Holland, Lsh Lamborghini Same H\u00fcrlimann 14\/33<\/h2>\t\t\t\t<\/div>\n\t\t\t\t<\/div>\n\t\t\t\t<div class=\"elementor-element elementor-element-68173d80 elementor-widget elementor-widget-heading\" data-id=\"68173d80\" data-element_type=\"widget\" data-e-type=\"widget\" data-widget_type=\"heading.default\">\n\t\t\t\t<div class=\"elementor-widget-container\">\n\t\t\t\t\t<h3 class=\"elementor-heading-title elementor-size-default\">Information du produit :<\/h3>\t\t\t\t<\/div>\n\t\t\t\t<\/div>\n\t\t\t\t\t<\/div>\n\t\t<\/div>\n\t\t\t\t\t<\/div>\n\t\t<\/section>\n\t\t\t\t<section class=\"elementor-section elementor-top-section elementor-element elementor-element-2528b5a7 elementor-section-boxed elementor-section-height-default elementor-section-height-default\" data-id=\"2528b5a7\" data-element_type=\"section\" data-e-type=\"section\">\n\t\t\t\t\t\t<div class=\"elementor-container elementor-column-gap-default\">\n\t\t\t\t\t<div class=\"elementor-column elementor-col-100 elementor-top-column elementor-element elementor-element-2e47f414\" data-id=\"2e47f414\" data-element_type=\"column\" data-e-type=\"column\">\n\t\t\t<div class=\"elementor-widget-wrap elementor-element-populated\">\n\t\t\t\t\t\t<div class=\"elementor-element elementor-element-6b34d890 elementor-widget elementor-widget-text-editor\" data-id=\"6b34d890\" data-element_type=\"widget\" data-e-type=\"widget\" data-widget_type=\"text-editor.default\">\n\t\t\t\t<div class=\"elementor-widget-container\">\n\t\t\t\t\t\t\t\t\t<p>Par ailleurs, votre alternateur g\u00e9n\u00e8re de l\u2019\u00e9nergie \u00e9lectrique en convertissant l&rsquo;\u00e9nergie cin\u00e9tique. De l\u00e0, elle est transmise par le fonctionnement du moteur en \u00e9lectricit\u00e9, elle sera gr\u00e2ce \u00e0 \u00e7a utilisable par la batterie. Cette \u00e9nergie est stock\u00e9e par la batterie et consomm\u00e9e par les diff\u00e9rents organes \u00e9lectriques et \u00e9lectroniques. C&rsquo;est pourquoi nous vous proposons une pi\u00e8ce de marque Mahle \/ Letrika reconnue pour sa fiabilit\u00e9.<\/p><p>Bien s\u00fbr, pour plus de renseignements, n&rsquo;h\u00e9sitez pas \u00e0 nous consulter !<\/p><p>Type : 1000, 1056, 450, 483, 553, 583, 60.86, 613, 640, 653, 654, 674, 683, <br \/>\u00a0 \u00a0 \u00a0 \u00a0 \u00a0 \u00a0 684, 740, 750, 754, 845, Leopard 90, Mercury 85, Mini Taurus 60.<\/p>\t\t\t\t\t\t\t\t<\/div>\n\t\t\t\t<\/div>\n\t\t\t\t\t<\/div>\n\t\t<\/div>\n\t\t\t\t\t<\/div>\n\t\t<\/section>\n\t\t\t\t<\/div>","protected":false},"excerpt":{"rendered":"<p>Alternateur adapt\u00e9 pour Fiat New Holland, Lsh Lamborghini Same H\u00fcrlimann 14\/33 Information du produit : Par ailleurs, votre alternateur g\u00e9n\u00e8re de l\u2019\u00e9nergie \u00e9lectrique en convertissant l&rsquo;\u00e9nergie cin\u00e9tique. De l\u00e0, elle est transmise par le fonctionnement du moteur en \u00e9lectricit\u00e9, elle sera gr\u00e2ce \u00e0 \u00e7a utilisable par la batterie. Cette \u00e9nergie est stock\u00e9e par la batterie<br \/><a class=\"more-link\" href=\"https:\/\/www.edel.fr\/en\/product\/alternateur-fiat-new-hollandlsh-lamborghini-same-hurlimann-volt-ampere-14-33volt-ampere-14-33-fixation-broche\/\"><br \/>\n        Read More<span class=\"screen-reader-text\"> \u00ab\u00a0Alternateur Fiat New Holland,Lsh Lamborghini Same H\u00fcrlimann 14\/33\u00a0\u00bb<\/span><\/a><\/p>","protected":false},"featured_media":5585,"template":"","meta":[],"product_brand":[],"product_cat":[4019,4024,164,154,119],"product_tag":[2459,180],"tracteur":[],"class_list":{"0":"post-5839","1":"product","2":"type-product","3":"status-publish","4":"has-post-thumbnail","6":"product_cat-alternateur-fiat-new-holland","7":"product_cat-alternateur-lamborghini-same","8":"product_cat-alternateurs","9":"product_cat-electricite","10":"product_cat-tracteurs-agricoles","11":"product_tag-alternateurs","12":"product_tag-electricite","13":"product_shipping_class-142","14":"pa_fabriquant-mahle","15":"pa_marque-tracteur-fiat-new-holland","16":"pa_marque-tracteur-lsh","17":"pa_modele-tracteur-centurion","18":"pa_modele-tracteur-condor","19":"pa_modele-tracteur-corsaro","20":"pa_modele-tracteur-leopard","21":"pa_modele-tracteur-mercury","22":"pa_modele-tracteur-mini-taurus","23":"pa_modele-tracteur-panther","24":"pa_type-2-1150","25":"pa_type-2-1163","26":"pa_type-2-1146","27":"pa_type-2-1152","28":"pa_type-2-1153","29":"pa_type-2-1154","30":"pa_type-2-60-86","31":"pa_type-2-1155","32":"pa_type-2-1147","33":"pa_type-2-1156","34":"pa_type-2-1157","35":"pa_type-2-1158","36":"pa_type-2-1159","37":"pa_type-2-1160","38":"pa_type-2-1148","39":"pa_type-2-1149","40":"pa_type-2-1161","41":"pa_type-2-1162","42":"pa_type-2-leopard-90","43":"pa_type-2-mercury-85","44":"pa_type-2-mini-taurus-60","45":"badges-style-2","47":"first","48":"instock","49":"taxable","50":"shipping-taxable","51":"purchasable","52":"product-type-simple"},"acf":[],"yoast_head":"<!-- This site is optimized with the Yoast SEO plugin v27.3 - https:\/\/yoast.com\/product\/yoast-seo-wordpress\/ -->\n<title>Alternateur Fiat New Holland,Lsh Lamborghini Same H\u00fcrlimann 14\/33 - Edel<\/title>\n<meta name=\"description\" content=\"Alternateur adapt\u00e9 pour Fiat New Holland , LSH Lamborghini Same H\u00fcrlimann \u2013 Volt\/Amp\u00e8re 14\/33, fixation broche. Tous les alternateurs disponibles !\" \/>\n<meta name=\"robots\" content=\"index, follow, max-snippet:-1, max-image-preview:large, max-video-preview:-1\" \/>\n<link rel=\"canonical\" href=\"http:\/\/edel.fr\/produit\/alternateur-fiat-new-hollandlsh-lamborghini-same-hurlimann-volt-ampere-14-33volt-ampere-14-33-fixation-broche\/\" \/>\n<meta property=\"og:locale\" content=\"en_US\" \/>\n<meta property=\"og:type\" content=\"article\" \/>\n<meta property=\"og:title\" content=\"Alternateur Fiat New Holland,Lsh Lamborghini Same H\u00fcrlimann 14\/33 - Edel\" \/>\n<meta property=\"og:description\" content=\"Alternateur adapt\u00e9 pour Fiat New Holland , LSH Lamborghini Same H\u00fcrlimann \u2013 Volt\/Amp\u00e8re 14\/33, fixation broche. Tous les alternateurs disponibles !\" \/>\n<meta property=\"og:url\" content=\"http:\/\/edel.fr\/produit\/alternateur-fiat-new-hollandlsh-lamborghini-same-hurlimann-volt-ampere-14-33volt-ampere-14-33-fixation-broche\/\" \/>\n<meta property=\"og:site_name\" content=\"Edel\" \/>\n<meta property=\"article:modified_time\" content=\"2026-02-27T01:00:17+00:00\" \/>\n<meta property=\"og:image\" content=\"http:\/\/edel.fr\/uploads\/2019\/03\/A01.jpg\" \/>\n\t<meta property=\"og:image:width\" content=\"1920\" \/>\n\t<meta property=\"og:image:height\" content=\"1280\" \/>\n\t<meta property=\"og:image:type\" content=\"image\/jpeg\" \/>\n<meta name=\"twitter:card\" content=\"summary_large_image\" \/>\n<meta name=\"twitter:label1\" content=\"Est. reading time\" \/>\n\t<meta name=\"twitter:data1\" content=\"1 minute\" \/>\n<script type=\"application\/ld+json\" class=\"yoast-schema-graph\">{\"@context\":\"https:\\\/\\\/schema.org\",\"@graph\":[{\"@type\":\"WebPage\",\"@id\":\"http:\\\/\\\/edel.fr\\\/produit\\\/alternateur-fiat-new-hollandlsh-lamborghini-same-hurlimann-volt-ampere-14-33volt-ampere-14-33-fixation-broche\\\/\",\"url\":\"http:\\\/\\\/edel.fr\\\/produit\\\/alternateur-fiat-new-hollandlsh-lamborghini-same-hurlimann-volt-ampere-14-33volt-ampere-14-33-fixation-broche\\\/\",\"name\":\"Alternateur Fiat New Holland,Lsh Lamborghini Same H\u00fcrlimann 14\\\/33 - Edel\",\"isPartOf\":{\"@id\":\"https:\\\/\\\/www.edel.fr\\\/en\\\/#website\"},\"primaryImageOfPage\":{\"@id\":\"http:\\\/\\\/edel.fr\\\/produit\\\/alternateur-fiat-new-hollandlsh-lamborghini-same-hurlimann-volt-ampere-14-33volt-ampere-14-33-fixation-broche\\\/#primaryimage\"},\"image\":{\"@id\":\"http:\\\/\\\/edel.fr\\\/produit\\\/alternateur-fiat-new-hollandlsh-lamborghini-same-hurlimann-volt-ampere-14-33volt-ampere-14-33-fixation-broche\\\/#primaryimage\"},\"thumbnailUrl\":\"https:\\\/\\\/www.edel.fr\\\/uploads\\\/2019\\\/03\\\/A01.jpg\",\"datePublished\":\"2019-03-04T17:29:46+00:00\",\"dateModified\":\"2026-02-27T01:00:17+00:00\",\"description\":\"Alternateur adapt\u00e9 pour Fiat New Holland , LSH Lamborghini Same H\u00fcrlimann \u2013 Volt\\\/Amp\u00e8re 14\\\/33, fixation broche. Tous les alternateurs disponibles !\",\"breadcrumb\":{\"@id\":\"http:\\\/\\\/edel.fr\\\/produit\\\/alternateur-fiat-new-hollandlsh-lamborghini-same-hurlimann-volt-ampere-14-33volt-ampere-14-33-fixation-broche\\\/#breadcrumb\"},\"inLanguage\":\"en-US\",\"potentialAction\":[{\"@type\":\"ReadAction\",\"target\":[\"http:\\\/\\\/edel.fr\\\/produit\\\/alternateur-fiat-new-hollandlsh-lamborghini-same-hurlimann-volt-ampere-14-33volt-ampere-14-33-fixation-broche\\\/\"]}]},{\"@type\":\"ImageObject\",\"inLanguage\":\"en-US\",\"@id\":\"http:\\\/\\\/edel.fr\\\/produit\\\/alternateur-fiat-new-hollandlsh-lamborghini-same-hurlimann-volt-ampere-14-33volt-ampere-14-33-fixation-broche\\\/#primaryimage\",\"url\":\"https:\\\/\\\/www.edel.fr\\\/uploads\\\/2019\\\/03\\\/A01.jpg\",\"contentUrl\":\"https:\\\/\\\/www.edel.fr\\\/uploads\\\/2019\\\/03\\\/A01.jpg\",\"width\":1920,\"height\":1280},{\"@type\":\"BreadcrumbList\",\"@id\":\"http:\\\/\\\/edel.fr\\\/produit\\\/alternateur-fiat-new-hollandlsh-lamborghini-same-hurlimann-volt-ampere-14-33volt-ampere-14-33-fixation-broche\\\/#breadcrumb\",\"itemListElement\":[{\"@type\":\"ListItem\",\"position\":1,\"name\":\"Pi\u00e8ce Tracteur\",\"item\":\"https:\\\/\\\/www.edel.fr\\\/en\\\/\"},{\"@type\":\"ListItem\",\"position\":2,\"name\":\"Toutes nos pi\u00e8ces Tracteur\",\"item\":\"https:\\\/\\\/edel.fr\\\/shop\\\/\"},{\"@type\":\"ListItem\",\"position\":3,\"name\":\"Alternateur Fiat New Holland,Lsh Lamborghini Same H\u00fcrlimann 14\\\/33\"}]},{\"@type\":\"WebSite\",\"@id\":\"https:\\\/\\\/www.edel.fr\\\/en\\\/#website\",\"url\":\"https:\\\/\\\/www.edel.fr\\\/en\\\/\",\"name\":\"Edel\",\"description\":\"Pi\u00e8ce d\u00e9tach\u00e9e de Tracteur Agricole\",\"publisher\":{\"@id\":\"https:\\\/\\\/www.edel.fr\\\/en\\\/#organization\"},\"potentialAction\":[{\"@type\":\"SearchAction\",\"target\":{\"@type\":\"EntryPoint\",\"urlTemplate\":\"https:\\\/\\\/www.edel.fr\\\/en\\\/?s={search_term_string}\"},\"query-input\":{\"@type\":\"PropertyValueSpecification\",\"valueRequired\":true,\"valueName\":\"search_term_string\"}}],\"inLanguage\":\"en-US\"},{\"@type\":\"Organization\",\"@id\":\"https:\\\/\\\/www.edel.fr\\\/en\\\/#organization\",\"name\":\"Edel\",\"url\":\"https:\\\/\\\/www.edel.fr\\\/en\\\/\",\"logo\":{\"@type\":\"ImageObject\",\"inLanguage\":\"en-US\",\"@id\":\"https:\\\/\\\/www.edel.fr\\\/en\\\/#\\\/schema\\\/logo\\\/image\\\/\",\"url\":\"https:\\\/\\\/www.edel.fr\\\/uploads\\\/2018\\\/11\\\/logo-edel.png\",\"contentUrl\":\"https:\\\/\\\/www.edel.fr\\\/uploads\\\/2018\\\/11\\\/logo-edel.png\",\"width\":257,\"height\":68,\"caption\":\"Edel\"},\"image\":{\"@id\":\"https:\\\/\\\/www.edel.fr\\\/en\\\/#\\\/schema\\\/logo\\\/image\\\/\"}}]}<\/script>\n<!-- \/ Yoast SEO plugin. -->","yoast_head_json":{"title":"Alternateur Fiat New Holland,Lsh Lamborghini Same H\u00fcrlimann 14\/33 - Edel","description":"Alternateur adapt\u00e9 pour Fiat New Holland , LSH Lamborghini Same H\u00fcrlimann \u2013 Volt\/Amp\u00e8re 14\/33, fixation broche. Tous les alternateurs disponibles !","robots":{"index":"index","follow":"follow","max-snippet":"max-snippet:-1","max-image-preview":"max-image-preview:large","max-video-preview":"max-video-preview:-1"},"canonical":"http:\/\/edel.fr\/produit\/alternateur-fiat-new-hollandlsh-lamborghini-same-hurlimann-volt-ampere-14-33volt-ampere-14-33-fixation-broche\/","og_locale":"en_US","og_type":"article","og_title":"Alternateur Fiat New Holland,Lsh Lamborghini Same H\u00fcrlimann 14\/33 - Edel","og_description":"Alternateur adapt\u00e9 pour Fiat New Holland , LSH Lamborghini Same H\u00fcrlimann \u2013 Volt\/Amp\u00e8re 14\/33, fixation broche. Tous les alternateurs disponibles !","og_url":"http:\/\/edel.fr\/produit\/alternateur-fiat-new-hollandlsh-lamborghini-same-hurlimann-volt-ampere-14-33volt-ampere-14-33-fixation-broche\/","og_site_name":"Edel","article_modified_time":"2026-02-27T01:00:17+00:00","og_image":[{"width":1920,"height":1280,"url":"http:\/\/edel.fr\/uploads\/2019\/03\/A01.jpg","type":"image\/jpeg"}],"twitter_card":"summary_large_image","twitter_misc":{"Est. reading time":"1 minute"},"schema":{"@context":"https:\/\/schema.org","@graph":[{"@type":"WebPage","@id":"http:\/\/edel.fr\/produit\/alternateur-fiat-new-hollandlsh-lamborghini-same-hurlimann-volt-ampere-14-33volt-ampere-14-33-fixation-broche\/","url":"http:\/\/edel.fr\/produit\/alternateur-fiat-new-hollandlsh-lamborghini-same-hurlimann-volt-ampere-14-33volt-ampere-14-33-fixation-broche\/","name":"Alternateur Fiat New Holland,Lsh Lamborghini Same H\u00fcrlimann 14\/33 - Edel","isPartOf":{"@id":"https:\/\/www.edel.fr\/en\/#website"},"primaryImageOfPage":{"@id":"http:\/\/edel.fr\/produit\/alternateur-fiat-new-hollandlsh-lamborghini-same-hurlimann-volt-ampere-14-33volt-ampere-14-33-fixation-broche\/#primaryimage"},"image":{"@id":"http:\/\/edel.fr\/produit\/alternateur-fiat-new-hollandlsh-lamborghini-same-hurlimann-volt-ampere-14-33volt-ampere-14-33-fixation-broche\/#primaryimage"},"thumbnailUrl":"https:\/\/www.edel.fr\/uploads\/2019\/03\/A01.jpg","datePublished":"2019-03-04T17:29:46+00:00","dateModified":"2026-02-27T01:00:17+00:00","description":"Alternateur adapt\u00e9 pour Fiat New Holland , LSH Lamborghini Same H\u00fcrlimann \u2013 Volt\/Amp\u00e8re 14\/33, fixation broche. Tous les alternateurs disponibles !","breadcrumb":{"@id":"http:\/\/edel.fr\/produit\/alternateur-fiat-new-hollandlsh-lamborghini-same-hurlimann-volt-ampere-14-33volt-ampere-14-33-fixation-broche\/#breadcrumb"},"inLanguage":"en-US","potentialAction":[{"@type":"ReadAction","target":["http:\/\/edel.fr\/produit\/alternateur-fiat-new-hollandlsh-lamborghini-same-hurlimann-volt-ampere-14-33volt-ampere-14-33-fixation-broche\/"]}]},{"@type":"ImageObject","inLanguage":"en-US","@id":"http:\/\/edel.fr\/produit\/alternateur-fiat-new-hollandlsh-lamborghini-same-hurlimann-volt-ampere-14-33volt-ampere-14-33-fixation-broche\/#primaryimage","url":"https:\/\/www.edel.fr\/uploads\/2019\/03\/A01.jpg","contentUrl":"https:\/\/www.edel.fr\/uploads\/2019\/03\/A01.jpg","width":1920,"height":1280},{"@type":"BreadcrumbList","@id":"http:\/\/edel.fr\/produit\/alternateur-fiat-new-hollandlsh-lamborghini-same-hurlimann-volt-ampere-14-33volt-ampere-14-33-fixation-broche\/#breadcrumb","itemListElement":[{"@type":"ListItem","position":1,"name":"Pi\u00e8ce Tracteur","item":"https:\/\/www.edel.fr\/en\/"},{"@type":"ListItem","position":2,"name":"Toutes nos pi\u00e8ces Tracteur","item":"https:\/\/edel.fr\/shop\/"},{"@type":"ListItem","position":3,"name":"Alternateur Fiat New Holland,Lsh Lamborghini Same H\u00fcrlimann 14\/33"}]},{"@type":"WebSite","@id":"https:\/\/www.edel.fr\/en\/#website","url":"https:\/\/www.edel.fr\/en\/","name":"Edel","description":"Pi\u00e8ce d\u00e9tach\u00e9e de Tracteur Agricole","publisher":{"@id":"https:\/\/www.edel.fr\/en\/#organization"},"potentialAction":[{"@type":"SearchAction","target":{"@type":"EntryPoint","urlTemplate":"https:\/\/www.edel.fr\/en\/?s={search_term_string}"},"query-input":{"@type":"PropertyValueSpecification","valueRequired":true,"valueName":"search_term_string"}}],"inLanguage":"en-US"},{"@type":"Organization","@id":"https:\/\/www.edel.fr\/en\/#organization","name":"Edel","url":"https:\/\/www.edel.fr\/en\/","logo":{"@type":"ImageObject","inLanguage":"en-US","@id":"https:\/\/www.edel.fr\/en\/#\/schema\/logo\/image\/","url":"https:\/\/www.edel.fr\/uploads\/2018\/11\/logo-edel.png","contentUrl":"https:\/\/www.edel.fr\/uploads\/2018\/11\/logo-edel.png","width":257,"height":68,"caption":"Edel"},"image":{"@id":"https:\/\/www.edel.fr\/en\/#\/schema\/logo\/image\/"}}]}},"_links":{"self":[{"href":"https:\/\/www.edel.fr\/en\/wp-json\/wp\/v2\/product\/5839","targetHints":{"allow":["GET"]}}],"collection":[{"href":"https:\/\/www.edel.fr\/en\/wp-json\/wp\/v2\/product"}],"about":[{"href":"https:\/\/www.edel.fr\/en\/wp-json\/wp\/v2\/types\/product"}],"version-history":[{"count":2,"href":"https:\/\/www.edel.fr\/en\/wp-json\/wp\/v2\/product\/5839\/revisions"}],"predecessor-version":[{"id":15150,"href":"https:\/\/www.edel.fr\/en\/wp-json\/wp\/v2\/product\/5839\/revisions\/15150"}],"wp:featuredmedia":[{"embeddable":true,"href":"https:\/\/www.edel.fr\/en\/wp-json\/wp\/v2\/media\/5585"}],"wp:attachment":[{"href":"https:\/\/www.edel.fr\/en\/wp-json\/wp\/v2\/media?parent=5839"}],"wp:term":[{"taxonomy":"product_brand","embeddable":true,"href":"https:\/\/www.edel.fr\/en\/wp-json\/wp\/v2\/product_brand?post=5839"},{"taxonomy":"product_cat","embeddable":true,"href":"https:\/\/www.edel.fr\/en\/wp-json\/wp\/v2\/product_cat?post=5839"},{"taxonomy":"product_tag","embeddable":true,"href":"https:\/\/www.edel.fr\/en\/wp-json\/wp\/v2\/product_tag?post=5839"},{"taxonomy":"tracteur","embeddable":true,"href":"https:\/\/www.edel.fr\/en\/wp-json\/wp\/v2\/tracteur?post=5839"}],"curies":[{"name":"wp","href":"https:\/\/api.w.org\/{rel}","templated":true}]}}