{"id":17367,"date":"2024-09-30T11:26:23","date_gmt":"2024-09-30T09:26:23","guid":{"rendered":"https:\/\/www.edel.fr\/?post_type=product&#038;p=17367"},"modified":"2026-02-19T02:00:29","modified_gmt":"2026-02-19T01:00:29","slug":"disque-embrayage-280-16can-cera-40x45-renault-6005001544","status":"publish","type":"product","link":"https:\/\/www.edel.fr\/en\/product\/disque-embrayage-280-16can-cera-40x45-renault-6005001544\/","title":{"rendered":"Disque d&#8217;embrayage \u2300280, 16 can cera 40 x 45 Renault 6005001544"},"content":{"rendered":"<div data-elementor-type=\"wp-post\" data-elementor-id=\"17367\" class=\"elementor elementor-17367\">\n\t\t\t\t\t\t<section class=\"elementor-section elementor-top-section elementor-element elementor-element-56d894f3 elementor-section-boxed elementor-section-height-default elementor-section-height-default\" data-id=\"56d894f3\" data-element_type=\"section\" data-e-type=\"section\">\n\t\t\t\t\t\t<div class=\"elementor-container elementor-column-gap-default\">\n\t\t\t\t\t<div class=\"elementor-column elementor-col-100 elementor-top-column elementor-element elementor-element-1c8ec9c2\" data-id=\"1c8ec9c2\" data-element_type=\"column\" data-e-type=\"column\">\n\t\t\t<div class=\"elementor-widget-wrap elementor-element-populated\">\n\t\t\t\t\t\t<div class=\"elementor-element elementor-element-6784f2e9 elementor-widget elementor-widget-heading\" data-id=\"6784f2e9\" data-element_type=\"widget\" data-e-type=\"widget\" data-widget_type=\"heading.default\">\n\t\t\t\t<div class=\"elementor-widget-container\">\n\t\t\t\t\t<h2 class=\"elementor-heading-title elementor-size-default\">DISQUE D'EMBRAYAGE Renault AGRICOLE 6005001544<br><br>\n\u2300280 CERAMATELLIQUE 16 Cannelures - 40 x 45 mm<br><\/h2>\t\t\t\t<\/div>\n\t\t\t\t<\/div>\n\t\t\t\t<div class=\"elementor-element elementor-element-2400fe78 elementor-widget elementor-widget-heading\" data-id=\"2400fe78\" data-element_type=\"widget\" data-e-type=\"widget\" data-widget_type=\"heading.default\">\n\t\t\t\t<div class=\"elementor-widget-container\">\n\t\t\t\t\t<h3 class=\"elementor-heading-title elementor-size-default\">Information du produit :<\/h3>\t\t\t\t<\/div>\n\t\t\t\t<\/div>\n\t\t\t\t\t<\/div>\n\t\t<\/div>\n\t\t\t\t\t<\/div>\n\t\t<\/section>\n\t\t\t\t<section class=\"elementor-section elementor-top-section elementor-element elementor-element-290ca7d1 elementor-section-boxed elementor-section-height-default elementor-section-height-default\" data-id=\"290ca7d1\" data-element_type=\"section\" data-e-type=\"section\">\n\t\t\t\t\t\t<div class=\"elementor-container elementor-column-gap-default\">\n\t\t\t\t\t<div class=\"elementor-column elementor-col-100 elementor-top-column elementor-element elementor-element-773f35b7\" data-id=\"773f35b7\" data-element_type=\"column\" data-e-type=\"column\">\n\t\t\t<div class=\"elementor-widget-wrap elementor-element-populated\">\n\t\t\t\t\t\t<div class=\"elementor-element elementor-element-7774c225 elementor-widget elementor-widget-text-editor\" data-id=\"7774c225\" data-element_type=\"widget\" data-e-type=\"widget\" data-widget_type=\"text-editor.default\">\n\t\t\t\t<div class=\"elementor-widget-container\">\n\t\t\t\t\t\t\t\t\t<div>\u00a0<\/div><div><p>Pour Tracteurs RENAULT : 58-14, 58-32, 58-34, 61-12, 61-14, 65-12, 65,14, 65-32, 65-34, 68-12, 68-14, 70-12, 70-14, 70-32, 70-34, 75-12, 75-14, 75-32, 75-34, 77-12, 77-14, 80-12, 80-14, 80-32, 80-34, 85-12, 85-14, 85-32, 85-34, CERES 65, CERES 70, CERES 75\u00a0<\/p><\/div>\t\t\t\t\t\t\t\t<\/div>\n\t\t\t\t<\/div>\n\t\t\t\t\t<\/div>\n\t\t<\/div>\n\t\t\t\t\t<\/div>\n\t\t<\/section>\n\t\t\t\t<\/div>","protected":false},"excerpt":{"rendered":"<p>DISQUE D&rsquo;EMBRAYAGE Renault AGRICOLE 6005001544 \u2300280 CERAMATELLIQUE 16 Cannelures &#8211; 40 x 45 mm Information du produit : \u00a0 Pour Tracteurs RENAULT : 58-14, 58-32, 58-34, 61-12, 61-14, 65-12, 65,14, 65-32, 65-34, 68-12, 68-14, 70-12, 70-14, 70-32, 70-34, 75-12, 75-14, 75-32, 75-34, 77-12, 77-14, 80-12, 80-14, 80-32, 80-34, 85-12, 85-14, 85-32, 85-34, CERES 65, CERES<br \/><a class=\"more-link\" href=\"https:\/\/www.edel.fr\/en\/product\/disque-embrayage-280-16can-cera-40x45-renault-6005001544\/\"><br \/>\n        Read More<span class=\"screen-reader-text\"> \u00ab\u00a0Disque d&#8217;embrayage \u2300280, 16 can cera 40 x 45 Renault 6005001544\u00a0\u00bb<\/span><\/a><\/p>","protected":false},"featured_media":0,"template":"","meta":[],"product_brand":[],"product_cat":[126,3985,119,120],"product_tag":[2499],"tracteur":[],"class_list":{"0":"post-17367","1":"product","2":"type-product","3":"status-publish","5":"product_cat-disques-embrayage","6":"product_cat-renault-claas-disque","7":"product_cat-tracteurs-agricoles","8":"product_cat-transmissions","9":"product_tag-disque-dembrayage","10":"product_shipping_class-142","11":"pa_fabriquant-selection-edel","12":"pa_marque-tracteur-renault-claas","13":"pa_type-2-1517","14":"pa_type-2-2817","15":"pa_type-2-1518","16":"pa_type-2-2278","17":"pa_type-2-1519","18":"pa_type-2-2818","19":"pa_type-2-1520","20":"pa_type-2-2820","21":"pa_type-2-2821","22":"pa_type-2-2412","23":"pa_type-2-1384","24":"pa_type-2-2822","25":"pa_type-2-2279","26":"pa_type-2-1527","27":"pa_type-2-1528","28":"pa_type-2-2709","29":"pa_type-2-2710","30":"pa_type-2-2390","31":"pa_type-2-1549","32":"pa_type-2-1529","33":"pa_type-2-2391","34":"pa_type-2-2392","35":"pa_type-2-2675","36":"pa_type-2-2823","37":"pa_type-2-2393","38":"pa_type-2-ceres-65","39":"pa_type-2-ceres70","40":"pa_type-2-ceres75","41":"badges-style-2","43":"first","44":"instock","45":"taxable","46":"shipping-taxable","47":"purchasable","48":"product-type-simple"},"acf":[],"yoast_head":"<!-- This site is optimized with the Yoast SEO plugin v27.3 - https:\/\/yoast.com\/product\/yoast-seo-wordpress\/ -->\n<title>Disque d&#039;embrayage \u2300280, 16 can cera 40 x 45 Renault 6005001544 - Edel<\/title>\n<meta name=\"description\" content=\"Disque d&#039;embrayage 40 X 45 - Renault avancement ceram\u00e9tallique - 16 Can.- \u2300280 - RENAULT SERIES 58 61 65 68 70 75 77 80 85 CERES \/-12 \/-14- \/-32 \/-34\" \/>\n<meta name=\"robots\" content=\"index, follow, max-snippet:-1, max-image-preview:large, max-video-preview:-1\" \/>\n<link rel=\"canonical\" href=\"http:\/\/www.edel.fr\/en\/product\/disque-embrayage-280-16can-cera-40x45-renault-6005001544\/\" \/>\n<meta property=\"og:locale\" content=\"en_US\" \/>\n<meta property=\"og:type\" content=\"article\" \/>\n<meta property=\"og:title\" content=\"Disque d&#039;embrayage \u2300280, 16 can cera 40 x 45 Renault 6005001544 - Edel\" \/>\n<meta property=\"og:description\" content=\"Disque d&#039;embrayage 40 X 45 - Renault avancement ceram\u00e9tallique - 16 Can.- \u2300280 - RENAULT SERIES 58 61 65 68 70 75 77 80 85 CERES \/-12 \/-14- \/-32 \/-34\" \/>\n<meta property=\"og:url\" content=\"http:\/\/www.edel.fr\/en\/product\/disque-embrayage-280-16can-cera-40x45-renault-6005001544\/\" \/>\n<meta property=\"og:site_name\" content=\"Edel\" \/>\n<meta property=\"article:modified_time\" content=\"2026-02-19T01:00:29+00:00\" \/>\n<meta name=\"twitter:card\" content=\"summary_large_image\" \/>\n<meta name=\"twitter:label1\" content=\"Est. reading time\" \/>\n\t<meta name=\"twitter:data1\" content=\"1 minute\" \/>\n<script type=\"application\/ld+json\" class=\"yoast-schema-graph\">{\"@context\":\"https:\\\/\\\/schema.org\",\"@graph\":[{\"@type\":\"WebPage\",\"@id\":\"http:\\\/\\\/www.edel.fr\\\/produit\\\/disque-embrayage-280-16can-cera-40x45-renault-6005001544\\\/\",\"url\":\"http:\\\/\\\/www.edel.fr\\\/produit\\\/disque-embrayage-280-16can-cera-40x45-renault-6005001544\\\/\",\"name\":\"Disque d'embrayage \u2300280, 16 can cera 40 x 45 Renault 6005001544 - Edel\",\"isPartOf\":{\"@id\":\"https:\\\/\\\/www.edel.fr\\\/en\\\/#website\"},\"datePublished\":\"2024-09-30T09:26:23+00:00\",\"dateModified\":\"2026-02-19T01:00:29+00:00\",\"description\":\"Disque d'embrayage 40 X 45 - Renault avancement ceram\u00e9tallique - 16 Can.- \u2300280 - RENAULT SERIES 58 61 65 68 70 75 77 80 85 CERES \\\/-12 \\\/-14- \\\/-32 \\\/-34\",\"breadcrumb\":{\"@id\":\"http:\\\/\\\/www.edel.fr\\\/produit\\\/disque-embrayage-280-16can-cera-40x45-renault-6005001544\\\/#breadcrumb\"},\"inLanguage\":\"en-US\",\"potentialAction\":[{\"@type\":\"ReadAction\",\"target\":[\"http:\\\/\\\/www.edel.fr\\\/produit\\\/disque-embrayage-280-16can-cera-40x45-renault-6005001544\\\/\"]}]},{\"@type\":\"BreadcrumbList\",\"@id\":\"http:\\\/\\\/www.edel.fr\\\/produit\\\/disque-embrayage-280-16can-cera-40x45-renault-6005001544\\\/#breadcrumb\",\"itemListElement\":[{\"@type\":\"ListItem\",\"position\":1,\"name\":\"Pi\u00e8ce Tracteur\",\"item\":\"https:\\\/\\\/www.edel.fr\\\/en\\\/\"},{\"@type\":\"ListItem\",\"position\":2,\"name\":\"Toutes nos pi\u00e8ces Tracteur\",\"item\":\"https:\\\/\\\/edel.fr\\\/shop\\\/\"},{\"@type\":\"ListItem\",\"position\":3,\"name\":\"Disque d&#8217;embrayage \u2300280, 16 can cera 40 x 45 Renault 6005001544\"}]},{\"@type\":\"WebSite\",\"@id\":\"https:\\\/\\\/www.edel.fr\\\/en\\\/#website\",\"url\":\"https:\\\/\\\/www.edel.fr\\\/en\\\/\",\"name\":\"Edel\",\"description\":\"Pi\u00e8ce d\u00e9tach\u00e9e de Tracteur Agricole\",\"publisher\":{\"@id\":\"https:\\\/\\\/www.edel.fr\\\/en\\\/#organization\"},\"potentialAction\":[{\"@type\":\"SearchAction\",\"target\":{\"@type\":\"EntryPoint\",\"urlTemplate\":\"https:\\\/\\\/www.edel.fr\\\/en\\\/?s={search_term_string}\"},\"query-input\":{\"@type\":\"PropertyValueSpecification\",\"valueRequired\":true,\"valueName\":\"search_term_string\"}}],\"inLanguage\":\"en-US\"},{\"@type\":\"Organization\",\"@id\":\"https:\\\/\\\/www.edel.fr\\\/en\\\/#organization\",\"name\":\"Edel\",\"url\":\"https:\\\/\\\/www.edel.fr\\\/en\\\/\",\"logo\":{\"@type\":\"ImageObject\",\"inLanguage\":\"en-US\",\"@id\":\"https:\\\/\\\/www.edel.fr\\\/en\\\/#\\\/schema\\\/logo\\\/image\\\/\",\"url\":\"https:\\\/\\\/www.edel.fr\\\/uploads\\\/2018\\\/11\\\/logo-edel.png\",\"contentUrl\":\"https:\\\/\\\/www.edel.fr\\\/uploads\\\/2018\\\/11\\\/logo-edel.png\",\"width\":257,\"height\":68,\"caption\":\"Edel\"},\"image\":{\"@id\":\"https:\\\/\\\/www.edel.fr\\\/en\\\/#\\\/schema\\\/logo\\\/image\\\/\"}}]}<\/script>\n<!-- \/ Yoast SEO plugin. -->","yoast_head_json":{"title":"Disque d'embrayage \u2300280, 16 can cera 40 x 45 Renault 6005001544 - Edel","description":"Disque d'embrayage 40 X 45 - Renault avancement ceram\u00e9tallique - 16 Can.- \u2300280 - RENAULT SERIES 58 61 65 68 70 75 77 80 85 CERES \/-12 \/-14- \/-32 \/-34","robots":{"index":"index","follow":"follow","max-snippet":"max-snippet:-1","max-image-preview":"max-image-preview:large","max-video-preview":"max-video-preview:-1"},"canonical":"http:\/\/www.edel.fr\/en\/product\/disque-embrayage-280-16can-cera-40x45-renault-6005001544\/","og_locale":"en_US","og_type":"article","og_title":"Disque d'embrayage \u2300280, 16 can cera 40 x 45 Renault 6005001544 - Edel","og_description":"Disque d'embrayage 40 X 45 - Renault avancement ceram\u00e9tallique - 16 Can.- \u2300280 - RENAULT SERIES 58 61 65 68 70 75 77 80 85 CERES \/-12 \/-14- \/-32 \/-34","og_url":"http:\/\/www.edel.fr\/en\/product\/disque-embrayage-280-16can-cera-40x45-renault-6005001544\/","og_site_name":"Edel","article_modified_time":"2026-02-19T01:00:29+00:00","twitter_card":"summary_large_image","twitter_misc":{"Est. reading time":"1 minute"},"schema":{"@context":"https:\/\/schema.org","@graph":[{"@type":"WebPage","@id":"http:\/\/www.edel.fr\/produit\/disque-embrayage-280-16can-cera-40x45-renault-6005001544\/","url":"http:\/\/www.edel.fr\/produit\/disque-embrayage-280-16can-cera-40x45-renault-6005001544\/","name":"Disque d'embrayage \u2300280, 16 can cera 40 x 45 Renault 6005001544 - Edel","isPartOf":{"@id":"https:\/\/www.edel.fr\/en\/#website"},"datePublished":"2024-09-30T09:26:23+00:00","dateModified":"2026-02-19T01:00:29+00:00","description":"Disque d'embrayage 40 X 45 - Renault avancement ceram\u00e9tallique - 16 Can.- \u2300280 - RENAULT SERIES 58 61 65 68 70 75 77 80 85 CERES \/-12 \/-14- \/-32 \/-34","breadcrumb":{"@id":"http:\/\/www.edel.fr\/produit\/disque-embrayage-280-16can-cera-40x45-renault-6005001544\/#breadcrumb"},"inLanguage":"en-US","potentialAction":[{"@type":"ReadAction","target":["http:\/\/www.edel.fr\/produit\/disque-embrayage-280-16can-cera-40x45-renault-6005001544\/"]}]},{"@type":"BreadcrumbList","@id":"http:\/\/www.edel.fr\/produit\/disque-embrayage-280-16can-cera-40x45-renault-6005001544\/#breadcrumb","itemListElement":[{"@type":"ListItem","position":1,"name":"Pi\u00e8ce Tracteur","item":"https:\/\/www.edel.fr\/en\/"},{"@type":"ListItem","position":2,"name":"Toutes nos pi\u00e8ces Tracteur","item":"https:\/\/edel.fr\/shop\/"},{"@type":"ListItem","position":3,"name":"Disque d&#8217;embrayage \u2300280, 16 can cera 40 x 45 Renault 6005001544"}]},{"@type":"WebSite","@id":"https:\/\/www.edel.fr\/en\/#website","url":"https:\/\/www.edel.fr\/en\/","name":"Edel","description":"Pi\u00e8ce d\u00e9tach\u00e9e de Tracteur Agricole","publisher":{"@id":"https:\/\/www.edel.fr\/en\/#organization"},"potentialAction":[{"@type":"SearchAction","target":{"@type":"EntryPoint","urlTemplate":"https:\/\/www.edel.fr\/en\/?s={search_term_string}"},"query-input":{"@type":"PropertyValueSpecification","valueRequired":true,"valueName":"search_term_string"}}],"inLanguage":"en-US"},{"@type":"Organization","@id":"https:\/\/www.edel.fr\/en\/#organization","name":"Edel","url":"https:\/\/www.edel.fr\/en\/","logo":{"@type":"ImageObject","inLanguage":"en-US","@id":"https:\/\/www.edel.fr\/en\/#\/schema\/logo\/image\/","url":"https:\/\/www.edel.fr\/uploads\/2018\/11\/logo-edel.png","contentUrl":"https:\/\/www.edel.fr\/uploads\/2018\/11\/logo-edel.png","width":257,"height":68,"caption":"Edel"},"image":{"@id":"https:\/\/www.edel.fr\/en\/#\/schema\/logo\/image\/"}}]}},"_links":{"self":[{"href":"https:\/\/www.edel.fr\/en\/wp-json\/wp\/v2\/product\/17367","targetHints":{"allow":["GET"]}}],"collection":[{"href":"https:\/\/www.edel.fr\/en\/wp-json\/wp\/v2\/product"}],"about":[{"href":"https:\/\/www.edel.fr\/en\/wp-json\/wp\/v2\/types\/product"}],"version-history":[{"count":2,"href":"https:\/\/www.edel.fr\/en\/wp-json\/wp\/v2\/product\/17367\/revisions"}],"predecessor-version":[{"id":17375,"href":"https:\/\/www.edel.fr\/en\/wp-json\/wp\/v2\/product\/17367\/revisions\/17375"}],"wp:attachment":[{"href":"https:\/\/www.edel.fr\/en\/wp-json\/wp\/v2\/media?parent=17367"}],"wp:term":[{"taxonomy":"product_brand","embeddable":true,"href":"https:\/\/www.edel.fr\/en\/wp-json\/wp\/v2\/product_brand?post=17367"},{"taxonomy":"product_cat","embeddable":true,"href":"https:\/\/www.edel.fr\/en\/wp-json\/wp\/v2\/product_cat?post=17367"},{"taxonomy":"product_tag","embeddable":true,"href":"https:\/\/www.edel.fr\/en\/wp-json\/wp\/v2\/product_tag?post=17367"},{"taxonomy":"tracteur","embeddable":true,"href":"https:\/\/www.edel.fr\/en\/wp-json\/wp\/v2\/tracteur?post=17367"}],"curies":[{"name":"wp","href":"https:\/\/api.w.org\/{rel}","templated":true}]}}