{"id":15221,"date":"2023-01-05T16:49:55","date_gmt":"2023-01-05T15:49:55","guid":{"rendered":"https:\/\/www.edel.fr\/embrayage-john-deere-820-830-840-920-940-1030\/"},"modified":"2026-03-05T02:00:05","modified_gmt":"2026-03-05T01:00:05","slug":"embrayage-john-deere-820-830-840-920-940-1030","status":"publish","type":"product","link":"https:\/\/www.edel.fr\/en\/product\/embrayage-john-deere-820-830-840-920-940-1030\/","title":{"rendered":"Embrayage double 225\/280mm John Deere 820 830 840 920 940 1030"},"content":{"rendered":"<h4>EMBRAYAGE DOUBLE 225\/280 MM &#8211; DISQUE 23 Z &#8211; PDF MECANIQUE<\/h4>\n<p>JOHN DEERE SERIES 800, 900, 1100, 1500, 1600, 1800, 2000, 2100, 2200<\/p>\n<p>POUR PDF HYDRAULIQUE :VOIR<strong><em><a href=\"https:\/\/www.edel.fr\/en\/kit-complet-mecanisme-simple-disque-av-organique-butee-et-roulement-pilote-john-deere-o280-15-cannelures\/\">E-KO0812801820<\/a><\/em><\/strong><\/p>\n<p>&nbsp;<\/p>\n<p>Votre m\u00e9canisme d\u2019embrayage est compos\u00e9 d\u2019un carter m\u00e9tallique circulaire comprenant des leviers ou un diaphragme, de ressorts ou d\u2019une rondelle belleville. Il peut \u00eatre de forme circulaire, triangulaire ou encore conique selon le mod\u00e8le. Il a pour r\u00f4le de comprimer ou lib\u00e9rer le disque d\u2019embrayage sur le volant moteur, afin de transmettre le mouvement du moteur \u00e0 la bo\u00eete de vitesses.<\/p>\n<p>Pour choisir le m\u00e9canisme qui s\u2019adapte parfaitement \u00e0 votre tracteur. Il faut se fier au mod\u00e8le et \u00e0 la marque de votre engin. Mais aussi au diam\u00e8tre et au nombre de cannelures de votre m\u00e9canisme. Le m\u00e9canisme d\u2019embrayage fait partie des pi\u00e8ces indispensables au bon fonctionnement de votre tracteur agricole. Il permet de transmettre la puissance entre le moteur et la transmission de votre tracteur. Si ce m\u00e9canisme vient \u00e0 \u00eatre endommag\u00e9, le fonctionnement de votre tracteur en sera d\u00e9t\u00e9rior\u00e9.<\/p>\n<p>Chez Edel Shop, nous vous proposons une gamme compl\u00e8te de m\u00e9canismes d\u2019embrayage pour tracteur agricole compatibles avec des v\u00e9hicules IHC, FORD, Renault, Fiat, Manitou, Valtra ou encore Deutz\u2026<\/p>","protected":false},"excerpt":{"rendered":"<h4>EMBRAYAGE DOUBLE\u00a0 225\/280 MM<\/h4>\n<h4>DISQUE 23 CANNELURES &#8211; PDF MECANIQUE<\/h4>\n<p>TRACTEUR AGRICOLE JOHN DEERE SERIES 800, 900, 1100, 1500, 1600, 1800, 2000, 2100, 2200<\/p>\n<p>POUR PDF HYDRAULIQUE : VOIR<strong>\u00a0<em><a href=\"https:\/\/www.edel.fr\/en\/kit-complet-mecanisme-simple-disque-av-organique-butee-et-roulement-pilote-john-deere-o280-15-cannelures\/\">E-KO0812801820<\/a><\/em><\/strong><\/p>","protected":false},"featured_media":15442,"template":"","meta":[],"product_brand":[],"product_cat":[125,4053,119,120],"product_tag":[2497],"tracteur":[],"class_list":{"0":"post-15221","1":"product","2":"type-product","3":"status-publish","4":"has-post-thumbnail","6":"product_cat-mecanismes-embrayage","7":"product_cat-john-deere-mecanismes-embrayage","8":"product_cat-tracteurs-agricoles","9":"product_cat-transmissions","10":"product_tag-mecanisme-dembrayage","11":"product_shipping_class-142","12":"pa_carter-embrayage-1832-170-00","13":"pa_carter-embrayage-1832-171-99","14":"pa_diametre-disques-225-280","15":"pa_marque-moteur-dps-john-deere","16":"pa_marque-tracteur-john-deere","17":"pa_nombre-cannelures-interne-4677","18":"pa_references-pieces-1888-053-101","19":"pa_references-pieces-1888-053-102","20":"pa_type-embrayage-double","21":"pa_type-prise-de-force-mecanique","22":"badges-style-2","24":"first","25":"instock","26":"taxable","27":"shipping-taxable","28":"purchasable","29":"product-type-simple"},"acf":[],"yoast_head":"<!-- This site is optimized with the Yoast SEO plugin v27.3 - https:\/\/yoast.com\/product\/yoast-seo-wordpress\/ -->\n<title>Embrayage double 225\/280mm John Deere 820 830 840 920 940 1030 - Edel<\/title>\n<meta name=\"description\" content=\"Embrayage double 225\/280 mm 23z pour tracteur John Deere 820 830 840 920 940 1030 Pour prise de force hydraulique\" \/>\n<meta name=\"robots\" content=\"index, follow, max-snippet:-1, max-image-preview:large, max-video-preview:-1\" \/>\n<link rel=\"canonical\" href=\"http:\/\/www.edel.fr\/en\/product\/embrayage-john-deere-820-830-840-920-940-1030\/\" \/>\n<meta property=\"og:locale\" content=\"en_US\" \/>\n<meta property=\"og:type\" content=\"article\" \/>\n<meta property=\"og:title\" content=\"Embrayage double 225\/280mm John Deere 820 830 840 920 940 1030 - Edel\" \/>\n<meta property=\"og:description\" content=\"Embrayage double 225\/280 mm 23z pour tracteur John Deere 820 830 840 920 940 1030 Pour prise de force hydraulique\" \/>\n<meta property=\"og:url\" content=\"http:\/\/www.edel.fr\/en\/product\/embrayage-john-deere-820-830-840-920-940-1030\/\" \/>\n<meta property=\"og:site_name\" content=\"Edel\" \/>\n<meta property=\"article:modified_time\" content=\"2026-03-05T01:00:05+00:00\" \/>\n<meta property=\"og:image\" content=\"http:\/\/www.edel.fr\/uploads\/2023\/01\/EDEL-SHOP-0812807020.jpg\" \/>\n\t<meta property=\"og:image:width\" content=\"2126\" \/>\n\t<meta property=\"og:image:height\" content=\"2126\" \/>\n\t<meta property=\"og:image:type\" content=\"image\/jpeg\" \/>\n<meta name=\"twitter:card\" content=\"summary_large_image\" \/>\n<meta name=\"twitter:label1\" content=\"Est. reading time\" \/>\n\t<meta name=\"twitter:data1\" content=\"2 minutes\" \/>\n<script type=\"application\/ld+json\" class=\"yoast-schema-graph\">{\"@context\":\"https:\\\/\\\/schema.org\",\"@graph\":[{\"@type\":\"WebPage\",\"@id\":\"http:\\\/\\\/www.edel.fr\\\/produit\\\/embrayage-john-deere-820-830-840-920-940-1030\\\/\",\"url\":\"http:\\\/\\\/www.edel.fr\\\/produit\\\/embrayage-john-deere-820-830-840-920-940-1030\\\/\",\"name\":\"Embrayage double 225\\\/280mm John Deere 820 830 840 920 940 1030 - Edel\",\"isPartOf\":{\"@id\":\"http:\\\/\\\/www.edel.fr\\\/en\\\/#website\"},\"primaryImageOfPage\":{\"@id\":\"http:\\\/\\\/www.edel.fr\\\/produit\\\/embrayage-john-deere-820-830-840-920-940-1030\\\/#primaryimage\"},\"image\":{\"@id\":\"http:\\\/\\\/www.edel.fr\\\/produit\\\/embrayage-john-deere-820-830-840-920-940-1030\\\/#primaryimage\"},\"thumbnailUrl\":\"https:\\\/\\\/www.edel.fr\\\/uploads\\\/2023\\\/01\\\/EDEL-SHOP-0812807020.jpg\",\"datePublished\":\"2023-01-05T15:49:55+00:00\",\"dateModified\":\"2026-03-05T01:00:05+00:00\",\"description\":\"Embrayage double 225\\\/280 mm 23z pour tracteur John Deere 820 830 840 920 940 1030 Pour prise de force hydraulique\",\"breadcrumb\":{\"@id\":\"http:\\\/\\\/www.edel.fr\\\/produit\\\/embrayage-john-deere-820-830-840-920-940-1030\\\/#breadcrumb\"},\"inLanguage\":\"en-US\",\"potentialAction\":[{\"@type\":\"ReadAction\",\"target\":[\"http:\\\/\\\/www.edel.fr\\\/produit\\\/embrayage-john-deere-820-830-840-920-940-1030\\\/\"]}]},{\"@type\":\"ImageObject\",\"inLanguage\":\"en-US\",\"@id\":\"http:\\\/\\\/www.edel.fr\\\/produit\\\/embrayage-john-deere-820-830-840-920-940-1030\\\/#primaryimage\",\"url\":\"https:\\\/\\\/www.edel.fr\\\/uploads\\\/2023\\\/01\\\/EDEL-SHOP-0812807020.jpg\",\"contentUrl\":\"https:\\\/\\\/www.edel.fr\\\/uploads\\\/2023\\\/01\\\/EDEL-SHOP-0812807020.jpg\",\"width\":2126,\"height\":2126,\"caption\":\"Embrayage John Deere 820 830 840 920 940 1030\"},{\"@type\":\"BreadcrumbList\",\"@id\":\"http:\\\/\\\/www.edel.fr\\\/produit\\\/embrayage-john-deere-820-830-840-920-940-1030\\\/#breadcrumb\",\"itemListElement\":[{\"@type\":\"ListItem\",\"position\":1,\"name\":\"Pi\u00e8ce Tracteur\",\"item\":\"http:\\\/\\\/www.edel.fr\\\/en\\\/\"},{\"@type\":\"ListItem\",\"position\":2,\"name\":\"Toutes nos pi\u00e8ces Tracteur\",\"item\":\"https:\\\/\\\/edel.fr\\\/shop\\\/\"},{\"@type\":\"ListItem\",\"position\":3,\"name\":\"Embrayage double 225\\\/280mm John Deere 820 830 840 920 940 1030\"}]},{\"@type\":\"WebSite\",\"@id\":\"http:\\\/\\\/www.edel.fr\\\/en\\\/#website\",\"url\":\"http:\\\/\\\/www.edel.fr\\\/en\\\/\",\"name\":\"Edel\",\"description\":\"Pi\u00e8ce d\u00e9tach\u00e9e de Tracteur Agricole\",\"publisher\":{\"@id\":\"http:\\\/\\\/www.edel.fr\\\/en\\\/#organization\"},\"potentialAction\":[{\"@type\":\"SearchAction\",\"target\":{\"@type\":\"EntryPoint\",\"urlTemplate\":\"http:\\\/\\\/www.edel.fr\\\/en\\\/?s={search_term_string}\"},\"query-input\":{\"@type\":\"PropertyValueSpecification\",\"valueRequired\":true,\"valueName\":\"search_term_string\"}}],\"inLanguage\":\"en-US\"},{\"@type\":\"Organization\",\"@id\":\"http:\\\/\\\/www.edel.fr\\\/en\\\/#organization\",\"name\":\"Edel\",\"url\":\"http:\\\/\\\/www.edel.fr\\\/en\\\/\",\"logo\":{\"@type\":\"ImageObject\",\"inLanguage\":\"en-US\",\"@id\":\"http:\\\/\\\/www.edel.fr\\\/en\\\/#\\\/schema\\\/logo\\\/image\\\/\",\"url\":\"https:\\\/\\\/www.edel.fr\\\/uploads\\\/2018\\\/11\\\/logo-edel.png\",\"contentUrl\":\"https:\\\/\\\/www.edel.fr\\\/uploads\\\/2018\\\/11\\\/logo-edel.png\",\"width\":257,\"height\":68,\"caption\":\"Edel\"},\"image\":{\"@id\":\"http:\\\/\\\/www.edel.fr\\\/en\\\/#\\\/schema\\\/logo\\\/image\\\/\"}}]}<\/script>\n<!-- \/ Yoast SEO plugin. -->","yoast_head_json":{"title":"Embrayage double 225\/280mm John Deere 820 830 840 920 940 1030 - Edel","description":"Embrayage double 225\/280 mm 23z pour tracteur John Deere 820 830 840 920 940 1030 Pour prise de force hydraulique","robots":{"index":"index","follow":"follow","max-snippet":"max-snippet:-1","max-image-preview":"max-image-preview:large","max-video-preview":"max-video-preview:-1"},"canonical":"http:\/\/www.edel.fr\/en\/product\/embrayage-john-deere-820-830-840-920-940-1030\/","og_locale":"en_US","og_type":"article","og_title":"Embrayage double 225\/280mm John Deere 820 830 840 920 940 1030 - Edel","og_description":"Embrayage double 225\/280 mm 23z pour tracteur John Deere 820 830 840 920 940 1030 Pour prise de force hydraulique","og_url":"http:\/\/www.edel.fr\/en\/product\/embrayage-john-deere-820-830-840-920-940-1030\/","og_site_name":"Edel","article_modified_time":"2026-03-05T01:00:05+00:00","og_image":[{"width":2126,"height":2126,"url":"http:\/\/www.edel.fr\/uploads\/2023\/01\/EDEL-SHOP-0812807020.jpg","type":"image\/jpeg"}],"twitter_card":"summary_large_image","twitter_misc":{"Est. reading time":"2 minutes"},"schema":{"@context":"https:\/\/schema.org","@graph":[{"@type":"WebPage","@id":"http:\/\/www.edel.fr\/produit\/embrayage-john-deere-820-830-840-920-940-1030\/","url":"http:\/\/www.edel.fr\/produit\/embrayage-john-deere-820-830-840-920-940-1030\/","name":"Embrayage double 225\/280mm John Deere 820 830 840 920 940 1030 - Edel","isPartOf":{"@id":"http:\/\/www.edel.fr\/en\/#website"},"primaryImageOfPage":{"@id":"http:\/\/www.edel.fr\/produit\/embrayage-john-deere-820-830-840-920-940-1030\/#primaryimage"},"image":{"@id":"http:\/\/www.edel.fr\/produit\/embrayage-john-deere-820-830-840-920-940-1030\/#primaryimage"},"thumbnailUrl":"https:\/\/www.edel.fr\/uploads\/2023\/01\/EDEL-SHOP-0812807020.jpg","datePublished":"2023-01-05T15:49:55+00:00","dateModified":"2026-03-05T01:00:05+00:00","description":"Embrayage double 225\/280 mm 23z pour tracteur John Deere 820 830 840 920 940 1030 Pour prise de force hydraulique","breadcrumb":{"@id":"http:\/\/www.edel.fr\/produit\/embrayage-john-deere-820-830-840-920-940-1030\/#breadcrumb"},"inLanguage":"en-US","potentialAction":[{"@type":"ReadAction","target":["http:\/\/www.edel.fr\/produit\/embrayage-john-deere-820-830-840-920-940-1030\/"]}]},{"@type":"ImageObject","inLanguage":"en-US","@id":"http:\/\/www.edel.fr\/produit\/embrayage-john-deere-820-830-840-920-940-1030\/#primaryimage","url":"https:\/\/www.edel.fr\/uploads\/2023\/01\/EDEL-SHOP-0812807020.jpg","contentUrl":"https:\/\/www.edel.fr\/uploads\/2023\/01\/EDEL-SHOP-0812807020.jpg","width":2126,"height":2126,"caption":"Embrayage John Deere 820 830 840 920 940 1030"},{"@type":"BreadcrumbList","@id":"http:\/\/www.edel.fr\/produit\/embrayage-john-deere-820-830-840-920-940-1030\/#breadcrumb","itemListElement":[{"@type":"ListItem","position":1,"name":"Pi\u00e8ce Tracteur","item":"http:\/\/www.edel.fr\/en\/"},{"@type":"ListItem","position":2,"name":"Toutes nos pi\u00e8ces Tracteur","item":"https:\/\/edel.fr\/shop\/"},{"@type":"ListItem","position":3,"name":"Embrayage double 225\/280mm John Deere 820 830 840 920 940 1030"}]},{"@type":"WebSite","@id":"http:\/\/www.edel.fr\/en\/#website","url":"http:\/\/www.edel.fr\/en\/","name":"Edel","description":"Pi\u00e8ce d\u00e9tach\u00e9e de Tracteur Agricole","publisher":{"@id":"http:\/\/www.edel.fr\/en\/#organization"},"potentialAction":[{"@type":"SearchAction","target":{"@type":"EntryPoint","urlTemplate":"http:\/\/www.edel.fr\/en\/?s={search_term_string}"},"query-input":{"@type":"PropertyValueSpecification","valueRequired":true,"valueName":"search_term_string"}}],"inLanguage":"en-US"},{"@type":"Organization","@id":"http:\/\/www.edel.fr\/en\/#organization","name":"Edel","url":"http:\/\/www.edel.fr\/en\/","logo":{"@type":"ImageObject","inLanguage":"en-US","@id":"http:\/\/www.edel.fr\/en\/#\/schema\/logo\/image\/","url":"https:\/\/www.edel.fr\/uploads\/2018\/11\/logo-edel.png","contentUrl":"https:\/\/www.edel.fr\/uploads\/2018\/11\/logo-edel.png","width":257,"height":68,"caption":"Edel"},"image":{"@id":"http:\/\/www.edel.fr\/en\/#\/schema\/logo\/image\/"}}]}},"_links":{"self":[{"href":"https:\/\/www.edel.fr\/en\/wp-json\/wp\/v2\/product\/15221","targetHints":{"allow":["GET"]}}],"collection":[{"href":"https:\/\/www.edel.fr\/en\/wp-json\/wp\/v2\/product"}],"about":[{"href":"https:\/\/www.edel.fr\/en\/wp-json\/wp\/v2\/types\/product"}],"version-history":[{"count":3,"href":"https:\/\/www.edel.fr\/en\/wp-json\/wp\/v2\/product\/15221\/revisions"}],"predecessor-version":[{"id":18959,"href":"https:\/\/www.edel.fr\/en\/wp-json\/wp\/v2\/product\/15221\/revisions\/18959"}],"wp:featuredmedia":[{"embeddable":true,"href":"https:\/\/www.edel.fr\/en\/wp-json\/wp\/v2\/media\/15442"}],"wp:attachment":[{"href":"https:\/\/www.edel.fr\/en\/wp-json\/wp\/v2\/media?parent=15221"}],"wp:term":[{"taxonomy":"product_brand","embeddable":true,"href":"https:\/\/www.edel.fr\/en\/wp-json\/wp\/v2\/product_brand?post=15221"},{"taxonomy":"product_cat","embeddable":true,"href":"https:\/\/www.edel.fr\/en\/wp-json\/wp\/v2\/product_cat?post=15221"},{"taxonomy":"product_tag","embeddable":true,"href":"https:\/\/www.edel.fr\/en\/wp-json\/wp\/v2\/product_tag?post=15221"},{"taxonomy":"tracteur","embeddable":true,"href":"https:\/\/www.edel.fr\/en\/wp-json\/wp\/v2\/tracteur?post=15221"}],"curies":[{"name":"wp","href":"https:\/\/api.w.org\/{rel}","templated":true}]}}