{"id":15213,"date":"2023-01-05T16:49:54","date_gmt":"2023-01-05T15:49:54","guid":{"rendered":"https:\/\/www.edel.fr\/embrayage-ford-2000-2100-2600-2810-2910-3000\/"},"modified":"2026-04-02T03:00:58","modified_gmt":"2026-04-02T01:00:58","slug":"embrayage-ford-2000-2100-2600-2810-2910-3000","status":"publish","type":"product","link":"https:\/\/www.edel.fr\/en\/product\/embrayage-ford-2000-2100-2600-2810-2910-3000\/","title":{"rendered":"Embrayage Ford 2000 2100 2600 2810 2910 3000"},"content":{"rendered":"<p>Votre m\u00e9canisme d\u2019embrayage est compos\u00e9 d\u2019un carter m\u00e9tallique circulaire comprenant des leviers ou un diaphragme, de ressorts ou d\u2019une rondelle belleville. Il peut \u00eatre de forme circulaire, triangulaire ou encore conique selon le mod\u00e8le. Il a pour r\u00f4le de comprimer ou lib\u00e9rer le disque d\u2019embrayage sur le volant moteur, afin de transmettre le mouvement du moteur \u00e0 la bo\u00eete de vitesses.<\/p>\n<p>Pour choisir le m\u00e9canisme qui s\u2019adapte parfaitement \u00e0 votre tracteur. Il faut se fier au mod\u00e8le et \u00e0 la marque de votre engin. Mais aussi au diam\u00e8tre et au nombre de cannelures de votre m\u00e9canisme. Le m\u00e9canisme d\u2019embrayage fait partie des pi\u00e8ces indispensables au bon fonctionnement de votre tracteur agricole. Il permet de transmettre la puissance entre le moteur et la transmission de votre tracteur. Si ce m\u00e9canisme vient \u00e0 \u00eatre endommag\u00e9, le fonctionnement de votre tracteur en sera d\u00e9t\u00e9rior\u00e9.<\/p>\n<p>Chez Edel Shop, nous vous proposons une gamme compl\u00e8te de m\u00e9canismes d\u2019embrayage pour tracteur agricole compatibles avec des v\u00e9hicules IHC, FORD, Renault, Fiat, Manitou, Valtra ou encore Deutz\u2026<\/p>","protected":false},"excerpt":{"rendered":"<h5><strong>EMBRAYAGE DOUBLE \u00d8225 <\/strong><\/h5>\n<h5><strong>29 CANNELURES<\/strong><\/h5>","protected":false},"featured_media":15432,"template":"","meta":[],"product_brand":[],"product_cat":[125,4051,119,120],"product_tag":[2497],"tracteur":[],"class_list":{"0":"post-15213","1":"product","2":"type-product","3":"status-publish","4":"has-post-thumbnail","6":"product_cat-mecanismes-embrayage","7":"product_cat-ford","8":"product_cat-tracteurs-agricoles","9":"product_cat-transmissions","10":"product_tag-mecanisme-dembrayage","11":"product_shipping_class-142","12":"pa_marque-tracteur-ford-new-holland","13":"badges-style-2","15":"first","16":"instock","17":"taxable","18":"shipping-taxable","19":"purchasable","20":"product-type-simple"},"acf":[],"yoast_head":"<!-- This site is optimized with the Yoast SEO plugin v27.3 - https:\/\/yoast.com\/product\/yoast-seo-wordpress\/ -->\n<title>Embrayage Ford 2000 2100 2600 2810 2910 3000 - Edel<\/title>\n<meta name=\"robots\" content=\"index, follow, max-snippet:-1, max-image-preview:large, max-video-preview:-1\" \/>\n<link rel=\"canonical\" href=\"https:\/\/edel.fr\/en\/product\/embrayage-ford-2000-2100-2600-2810-2910-3000\/\" \/>\n<meta property=\"og:locale\" content=\"en_US\" \/>\n<meta property=\"og:type\" content=\"article\" \/>\n<meta property=\"og:title\" content=\"Embrayage Ford 2000 2100 2600 2810 2910 3000 - Edel\" \/>\n<meta property=\"og:description\" content=\"EMBRAYAGE DOUBLE \u00d8225  29 CANNELURES\" \/>\n<meta property=\"og:url\" content=\"https:\/\/edel.fr\/en\/product\/embrayage-ford-2000-2100-2600-2810-2910-3000\/\" \/>\n<meta property=\"og:site_name\" content=\"Edel\" \/>\n<meta property=\"article:modified_time\" content=\"2026-04-02T01:00:58+00:00\" \/>\n<meta property=\"og:image\" content=\"https:\/\/edel.fr\/uploads\/2023\/01\/EDEL-SHOP-0612817550.jpg\" \/>\n\t<meta property=\"og:image:width\" content=\"2126\" \/>\n\t<meta property=\"og:image:height\" content=\"2126\" \/>\n\t<meta property=\"og:image:type\" content=\"image\/jpeg\" \/>\n<meta name=\"twitter:card\" content=\"summary_large_image\" \/>\n<meta name=\"twitter:label1\" content=\"Est. reading time\" \/>\n\t<meta name=\"twitter:data1\" content=\"2 minutes\" \/>\n<script type=\"application\/ld+json\" class=\"yoast-schema-graph\">{\"@context\":\"https:\\\/\\\/schema.org\",\"@graph\":[{\"@type\":\"WebPage\",\"@id\":\"https:\\\/\\\/edel.fr\\\/en\\\/product\\\/embrayage-ford-2000-2100-2600-2810-2910-3000\\\/\",\"url\":\"https:\\\/\\\/edel.fr\\\/en\\\/product\\\/embrayage-ford-2000-2100-2600-2810-2910-3000\\\/\",\"name\":\"Embrayage Ford 2000 2100 2600 2810 2910 3000 - Edel\",\"isPartOf\":{\"@id\":\"https:\\\/\\\/www.edel.fr\\\/en\\\/#website\"},\"primaryImageOfPage\":{\"@id\":\"https:\\\/\\\/edel.fr\\\/en\\\/product\\\/embrayage-ford-2000-2100-2600-2810-2910-3000\\\/#primaryimage\"},\"image\":{\"@id\":\"https:\\\/\\\/edel.fr\\\/en\\\/product\\\/embrayage-ford-2000-2100-2600-2810-2910-3000\\\/#primaryimage\"},\"thumbnailUrl\":\"https:\\\/\\\/www.edel.fr\\\/uploads\\\/2023\\\/01\\\/EDEL-SHOP-0612817550.jpg\",\"datePublished\":\"2023-01-05T15:49:54+00:00\",\"dateModified\":\"2026-04-02T01:00:58+00:00\",\"breadcrumb\":{\"@id\":\"https:\\\/\\\/edel.fr\\\/en\\\/product\\\/embrayage-ford-2000-2100-2600-2810-2910-3000\\\/#breadcrumb\"},\"inLanguage\":\"en-US\",\"potentialAction\":[{\"@type\":\"ReadAction\",\"target\":[\"https:\\\/\\\/edel.fr\\\/en\\\/product\\\/embrayage-ford-2000-2100-2600-2810-2910-3000\\\/\"]}]},{\"@type\":\"ImageObject\",\"inLanguage\":\"en-US\",\"@id\":\"https:\\\/\\\/edel.fr\\\/en\\\/product\\\/embrayage-ford-2000-2100-2600-2810-2910-3000\\\/#primaryimage\",\"url\":\"https:\\\/\\\/www.edel.fr\\\/uploads\\\/2023\\\/01\\\/EDEL-SHOP-0612817550.jpg\",\"contentUrl\":\"https:\\\/\\\/www.edel.fr\\\/uploads\\\/2023\\\/01\\\/EDEL-SHOP-0612817550.jpg\",\"width\":2126,\"height\":2126,\"caption\":\"Embrayage Ford 2000 2100 2600 2810 2910 3000\"},{\"@type\":\"BreadcrumbList\",\"@id\":\"https:\\\/\\\/edel.fr\\\/en\\\/product\\\/embrayage-ford-2000-2100-2600-2810-2910-3000\\\/#breadcrumb\",\"itemListElement\":[{\"@type\":\"ListItem\",\"position\":1,\"name\":\"Pi\u00e8ce Tracteur\",\"item\":\"https:\\\/\\\/www.edel.fr\\\/en\\\/\"},{\"@type\":\"ListItem\",\"position\":2,\"name\":\"Toutes nos pi\u00e8ces Tracteur\",\"item\":\"https:\\\/\\\/edel.fr\\\/shop\\\/\"},{\"@type\":\"ListItem\",\"position\":3,\"name\":\"Embrayage Ford 2000 2100 2600 2810 2910 3000\"}]},{\"@type\":\"WebSite\",\"@id\":\"https:\\\/\\\/www.edel.fr\\\/en\\\/#website\",\"url\":\"https:\\\/\\\/www.edel.fr\\\/en\\\/\",\"name\":\"Edel\",\"description\":\"Pi\u00e8ce d\u00e9tach\u00e9e de Tracteur Agricole\",\"publisher\":{\"@id\":\"https:\\\/\\\/www.edel.fr\\\/en\\\/#organization\"},\"potentialAction\":[{\"@type\":\"SearchAction\",\"target\":{\"@type\":\"EntryPoint\",\"urlTemplate\":\"https:\\\/\\\/www.edel.fr\\\/en\\\/?s={search_term_string}\"},\"query-input\":{\"@type\":\"PropertyValueSpecification\",\"valueRequired\":true,\"valueName\":\"search_term_string\"}}],\"inLanguage\":\"en-US\"},{\"@type\":\"Organization\",\"@id\":\"https:\\\/\\\/www.edel.fr\\\/en\\\/#organization\",\"name\":\"Edel\",\"url\":\"https:\\\/\\\/www.edel.fr\\\/en\\\/\",\"logo\":{\"@type\":\"ImageObject\",\"inLanguage\":\"en-US\",\"@id\":\"https:\\\/\\\/www.edel.fr\\\/en\\\/#\\\/schema\\\/logo\\\/image\\\/\",\"url\":\"https:\\\/\\\/www.edel.fr\\\/uploads\\\/2018\\\/11\\\/logo-edel.png\",\"contentUrl\":\"https:\\\/\\\/www.edel.fr\\\/uploads\\\/2018\\\/11\\\/logo-edel.png\",\"width\":257,\"height\":68,\"caption\":\"Edel\"},\"image\":{\"@id\":\"https:\\\/\\\/www.edel.fr\\\/en\\\/#\\\/schema\\\/logo\\\/image\\\/\"}}]}<\/script>\n<!-- \/ Yoast SEO plugin. -->","yoast_head_json":{"title":"Embrayage Ford 2000 2100 2600 2810 2910 3000 - Edel","robots":{"index":"index","follow":"follow","max-snippet":"max-snippet:-1","max-image-preview":"max-image-preview:large","max-video-preview":"max-video-preview:-1"},"canonical":"https:\/\/edel.fr\/en\/product\/embrayage-ford-2000-2100-2600-2810-2910-3000\/","og_locale":"en_US","og_type":"article","og_title":"Embrayage Ford 2000 2100 2600 2810 2910 3000 - Edel","og_description":"EMBRAYAGE DOUBLE \u00d8225  29 CANNELURES","og_url":"https:\/\/edel.fr\/en\/product\/embrayage-ford-2000-2100-2600-2810-2910-3000\/","og_site_name":"Edel","article_modified_time":"2026-04-02T01:00:58+00:00","og_image":[{"width":2126,"height":2126,"url":"https:\/\/edel.fr\/uploads\/2023\/01\/EDEL-SHOP-0612817550.jpg","type":"image\/jpeg"}],"twitter_card":"summary_large_image","twitter_misc":{"Est. reading time":"2 minutes"},"schema":{"@context":"https:\/\/schema.org","@graph":[{"@type":"WebPage","@id":"https:\/\/edel.fr\/en\/product\/embrayage-ford-2000-2100-2600-2810-2910-3000\/","url":"https:\/\/edel.fr\/en\/product\/embrayage-ford-2000-2100-2600-2810-2910-3000\/","name":"Embrayage Ford 2000 2100 2600 2810 2910 3000 - Edel","isPartOf":{"@id":"https:\/\/www.edel.fr\/en\/#website"},"primaryImageOfPage":{"@id":"https:\/\/edel.fr\/en\/product\/embrayage-ford-2000-2100-2600-2810-2910-3000\/#primaryimage"},"image":{"@id":"https:\/\/edel.fr\/en\/product\/embrayage-ford-2000-2100-2600-2810-2910-3000\/#primaryimage"},"thumbnailUrl":"https:\/\/www.edel.fr\/uploads\/2023\/01\/EDEL-SHOP-0612817550.jpg","datePublished":"2023-01-05T15:49:54+00:00","dateModified":"2026-04-02T01:00:58+00:00","breadcrumb":{"@id":"https:\/\/edel.fr\/en\/product\/embrayage-ford-2000-2100-2600-2810-2910-3000\/#breadcrumb"},"inLanguage":"en-US","potentialAction":[{"@type":"ReadAction","target":["https:\/\/edel.fr\/en\/product\/embrayage-ford-2000-2100-2600-2810-2910-3000\/"]}]},{"@type":"ImageObject","inLanguage":"en-US","@id":"https:\/\/edel.fr\/en\/product\/embrayage-ford-2000-2100-2600-2810-2910-3000\/#primaryimage","url":"https:\/\/www.edel.fr\/uploads\/2023\/01\/EDEL-SHOP-0612817550.jpg","contentUrl":"https:\/\/www.edel.fr\/uploads\/2023\/01\/EDEL-SHOP-0612817550.jpg","width":2126,"height":2126,"caption":"Embrayage Ford 2000 2100 2600 2810 2910 3000"},{"@type":"BreadcrumbList","@id":"https:\/\/edel.fr\/en\/product\/embrayage-ford-2000-2100-2600-2810-2910-3000\/#breadcrumb","itemListElement":[{"@type":"ListItem","position":1,"name":"Pi\u00e8ce Tracteur","item":"https:\/\/www.edel.fr\/en\/"},{"@type":"ListItem","position":2,"name":"Toutes nos pi\u00e8ces Tracteur","item":"https:\/\/edel.fr\/shop\/"},{"@type":"ListItem","position":3,"name":"Embrayage Ford 2000 2100 2600 2810 2910 3000"}]},{"@type":"WebSite","@id":"https:\/\/www.edel.fr\/en\/#website","url":"https:\/\/www.edel.fr\/en\/","name":"Edel","description":"Pi\u00e8ce d\u00e9tach\u00e9e de Tracteur Agricole","publisher":{"@id":"https:\/\/www.edel.fr\/en\/#organization"},"potentialAction":[{"@type":"SearchAction","target":{"@type":"EntryPoint","urlTemplate":"https:\/\/www.edel.fr\/en\/?s={search_term_string}"},"query-input":{"@type":"PropertyValueSpecification","valueRequired":true,"valueName":"search_term_string"}}],"inLanguage":"en-US"},{"@type":"Organization","@id":"https:\/\/www.edel.fr\/en\/#organization","name":"Edel","url":"https:\/\/www.edel.fr\/en\/","logo":{"@type":"ImageObject","inLanguage":"en-US","@id":"https:\/\/www.edel.fr\/en\/#\/schema\/logo\/image\/","url":"https:\/\/www.edel.fr\/uploads\/2018\/11\/logo-edel.png","contentUrl":"https:\/\/www.edel.fr\/uploads\/2018\/11\/logo-edel.png","width":257,"height":68,"caption":"Edel"},"image":{"@id":"https:\/\/www.edel.fr\/en\/#\/schema\/logo\/image\/"}}]}},"_links":{"self":[{"href":"https:\/\/www.edel.fr\/en\/wp-json\/wp\/v2\/product\/15213","targetHints":{"allow":["GET"]}}],"collection":[{"href":"https:\/\/www.edel.fr\/en\/wp-json\/wp\/v2\/product"}],"about":[{"href":"https:\/\/www.edel.fr\/en\/wp-json\/wp\/v2\/types\/product"}],"version-history":[{"count":3,"href":"https:\/\/www.edel.fr\/en\/wp-json\/wp\/v2\/product\/15213\/revisions"}],"predecessor-version":[{"id":18152,"href":"https:\/\/www.edel.fr\/en\/wp-json\/wp\/v2\/product\/15213\/revisions\/18152"}],"wp:featuredmedia":[{"embeddable":true,"href":"https:\/\/www.edel.fr\/en\/wp-json\/wp\/v2\/media\/15432"}],"wp:attachment":[{"href":"https:\/\/www.edel.fr\/en\/wp-json\/wp\/v2\/media?parent=15213"}],"wp:term":[{"taxonomy":"product_brand","embeddable":true,"href":"https:\/\/www.edel.fr\/en\/wp-json\/wp\/v2\/product_brand?post=15213"},{"taxonomy":"product_cat","embeddable":true,"href":"https:\/\/www.edel.fr\/en\/wp-json\/wp\/v2\/product_cat?post=15213"},{"taxonomy":"product_tag","embeddable":true,"href":"https:\/\/www.edel.fr\/en\/wp-json\/wp\/v2\/product_tag?post=15213"},{"taxonomy":"tracteur","embeddable":true,"href":"https:\/\/www.edel.fr\/en\/wp-json\/wp\/v2\/tracteur?post=15213"}],"curies":[{"name":"wp","href":"https:\/\/api.w.org\/{rel}","templated":true}]}}