{"id":15199,"date":"2023-01-05T16:49:51","date_gmt":"2023-01-05T15:49:51","guid":{"rendered":"https:\/\/www.edel.fr\/embrayage-deutz-d-25-d-30\/"},"modified":"2026-02-27T02:00:36","modified_gmt":"2026-02-27T01:00:36","slug":"embrayage-deutz-d-25-d-30","status":"publish","type":"product","link":"https:\/\/www.edel.fr\/en\/product\/embrayage-deutz-d-25-d-30\/","title":{"rendered":"M\u00e9canisme d&#8217;embrayage double Deutz D 25 D2505 D 30 Tracteur Agricole"},"content":{"rendered":"<p><strong>EMBRAYAGE DOUBLE DO200\/200 mm &#8211; <\/strong><strong>10\/10<\/strong><strong>Z<\/strong><\/p>\n<p>TRACTEURS DEUTZ\u00a0 D25 D2505 D30<\/p>\n<p>REMPLACE UNIQUEMENT UN MECANISME AVEC RESSORTS COTE OPPOSE AUX LEVIERS<\/p>\n<p>POUR REMPLACER UN MECANISME AVEC RESSORTS DU COTE DES LEVIERS, VOIR :<\/p>\n<p><img decoding=\"async\" class=\"emoji\" role=\"img\" draggable=\"false\" src=\"https:\/\/s.w.org\/images\/core\/emoji\/16.0.1\/svg\/27a1.svg\" alt=\"\u27a1\ufe0f\" \/> <strong><a href=\"https:\/\/www.edel.fr\/en\/embrayage-deutz-d-30-d-30s-d-2505-d-3005\/\" target=\"_blank\" rel=\"noopener\">M\u00e9canisme d&#8217;embrayage 0912004170<\/a><\/strong><\/p>\n<p>***<\/p>\n<p>NOS PIECES COMPATIBLES AVEC CE MECANISME\u00a0 :<\/p>\n<p><img decoding=\"async\" class=\"emoji\" role=\"img\" draggable=\"false\" src=\"https:\/\/s.w.org\/images\/core\/emoji\/16.0.1\/svg\/27a1.svg\" alt=\"\u27a1\ufe0f\" \/>\u00a0<strong><a href=\"https:\/\/www.edel.fr\/en\/disque-dembrayage-khd-deutz-21-x-26-10-can-organique\/\" target=\"_blank\" rel=\"noopener\">0922001212\u00a0<\/a><\/strong>DISQUE INTERNE DE PRISE DE FORCE 200 MM 10Z\u00a0 21\u00d726 m<\/p>\n<p><img decoding=\"async\" class=\"emoji\" role=\"img\" draggable=\"false\" src=\"https:\/\/s.w.org\/images\/core\/emoji\/16.0.1\/svg\/27a1.svg\" alt=\"\u27a1\ufe0f\" \/>\u00a0<strong><a href=\"https:\/\/www.edel.fr\/en\/disque-dembrayage-khd-deutz-26-x-32-10-can-organique\/\" target=\"_blank\" rel=\"noopener\">0922000612\u00a0<\/a><\/strong>DISQUE INTERNE D\u2019AVANCEMENT 200 MM 10 Z 26\u00d732 mm<\/p>\n<p><img decoding=\"async\" class=\"emoji\" role=\"img\" draggable=\"false\" src=\"https:\/\/s.w.org\/images\/core\/emoji\/16.0.1\/svg\/27a1.svg\" alt=\"\u27a1\ufe0f\" \/>\u00a0<strong><a href=\"https:\/\/www.edel.fr\/en\/butee-dembrayage-khd-deutz-fendt-fuchs-77x45x19-tracteur\/\" target=\"_blank\" rel=\"noopener\">20303180<\/a><\/strong>\u00a0BUTEE 45X77X19 MM<\/p>\n<p><img decoding=\"async\" class=\"emoji\" role=\"img\" draggable=\"false\" src=\"https:\/\/s.w.org\/images\/core\/emoji\/16.0.1\/svg\/27a1.svg\" alt=\"\u27a1\ufe0f\" \/>\u00a0<strong><a href=\"https:\/\/www.edel.fr\/en\/butee-dembrayage-50x81x17-tracteur-agricole\/\" target=\"_blank\" rel=\"noopener\">20304380<\/a><\/strong>\u00a0BUTEE 50X81X17 MM<\/p>\n<p><img decoding=\"async\" class=\"emoji\" role=\"img\" draggable=\"false\" src=\"https:\/\/s.w.org\/images\/core\/emoji\/16.0.1\/svg\/27a1.svg\" alt=\"\u27a1\ufe0f\" \/>\u00a0<strong><a href=\"https:\/\/www.edel.fr\/en\/roulement-pilote-fag-6202-2rs-15-x-35-x-11-tracteur-agricole\/\" target=\"_blank\" rel=\"noopener\">RP 12<\/a><\/strong>\u00a0ROULEMENT PILOTE 15X35X11 MM<\/p>\n<p>***<\/p>\n<p>Votre m\u00e9canisme d\u2019embrayage est compos\u00e9 d\u2019un carter m\u00e9tallique circulaire comprenant des leviers ou un diaphragme, de ressorts ou d\u2019une rondelle belleville. Il peut \u00eatre de forme circulaire, triangulaire ou encore conique selon le mod\u00e8le. Il a pour r\u00f4le de comprimer ou lib\u00e9rer le disque d\u2019embrayage sur le volant moteur, afin de transmettre le mouvement du moteur \u00e0 la bo\u00eete de vitesses.<\/p>\n<p>Pour choisir le m\u00e9canisme qui s\u2019adapte parfaitement \u00e0 votre tracteur. Il faut se fier au mod\u00e8le et \u00e0 la marque de votre engin. Mais aussi au diam\u00e8tre et au nombre de cannelures de votre m\u00e9canisme. Le m\u00e9canisme d\u2019embrayage fait partie des pi\u00e8ces indispensables au bon fonctionnement de votre tracteur agricole. Il permet de transmettre la puissance entre le moteur et la transmission de votre tracteur. Si ce m\u00e9canisme vient \u00e0 \u00eatre endommag\u00e9, le fonctionnement de votre tracteur en sera d\u00e9t\u00e9rior\u00e9.<\/p>\n<p>Chez Edel Shop, nous vous proposons une gamme compl\u00e8te de m\u00e9canismes d\u2019embrayage pour tracteur agricole compatibles avec des v\u00e9hicules IHC, FORD, Renault, Fiat, Manitou, Valtra ou encore Deutz\u2026<\/p>","protected":false},"excerpt":{"rendered":"<p><strong>EMBRAYAGE DOUBLE DO200\/200 MM \u2013 <\/strong><strong>10\/10<\/strong><strong>Z<\/strong><\/p>\n<p>TRACTEURS DEUTZ\u00a0 D25 D2505 D30<\/p>\n<p>&nbsp;<\/p>\n<p>REMPLACE UNIQUEMENT UN MECANISME AVEC RESSORTS COTE OPPOSE AUX LEVIERS<\/p>\n<p>POUR REMPLACER UN MECANISME AVEC RESSORTS DU COTE DES LEVIERS, VOIR :<\/p>\n<p><img decoding=\"async\" class=\"emoji\" role=\"img\" draggable=\"false\" src=\"https:\/\/s.w.org\/images\/core\/emoji\/16.0.1\/svg\/27a1.svg\" alt=\"\u27a1\ufe0f\" \/> <strong><a href=\"https:\/\/www.edel.fr\/en\/embrayage-deutz-d-30-d-30s-d-2505-d-3005\/\" target=\"_blank\" rel=\"noopener\">M\u00e9canisme d&#8217;embrayage 0912004170<\/a><\/strong><\/p>","protected":false},"featured_media":15447,"template":"","meta":[],"product_brand":[],"product_cat":[125,4054,119,120],"product_tag":[2497],"tracteur":[],"class_list":{"0":"post-15199","1":"product","2":"type-product","3":"status-publish","4":"has-post-thumbnail","6":"product_cat-mecanismes-embrayage","7":"product_cat-deutz","8":"product_cat-tracteurs-agricoles","9":"product_cat-transmissions","10":"product_tag-mecanisme-dembrayage","11":"product_shipping_class-142","12":"pa_diametre-disques-200-200","13":"pa_marque-tracteur-khd-deutz","14":"pa_nombre-cannelures-interne-10-10","15":"pa_type-embrayage-double","16":"badges-style-2","18":"first","19":"instock","20":"taxable","21":"shipping-taxable","22":"purchasable","23":"product-type-simple"},"acf":[],"yoast_head":"<!-- This site is optimized with the Yoast SEO plugin v27.3 - https:\/\/yoast.com\/product\/yoast-seo-wordpress\/ -->\n<title>M\u00e9canisme d&#039;embrayage double Deutz D 25 D2505 D 30 Tracteur Agricole - Edel<\/title>\n<meta name=\"robots\" content=\"index, follow, max-snippet:-1, max-image-preview:large, max-video-preview:-1\" \/>\n<link rel=\"canonical\" href=\"https:\/\/edel.fr\/produit\/embrayage-deutz-d-25-d-30\/\" \/>\n<meta property=\"og:locale\" content=\"en_US\" \/>\n<meta property=\"og:type\" content=\"article\" \/>\n<meta property=\"og:title\" content=\"M\u00e9canisme d&#039;embrayage double Deutz D 25 D2505 D 30 Tracteur Agricole - Edel\" \/>\n<meta property=\"og:description\" content=\"EMBRAYAGE DOUBLE DO200\/200 MM \u2013 10\/10Z  TRACTEURS DEUTZ\u00a0 D25 D2505 D30  &nbsp;  REMPLACE UNIQUEMENT UN MECANISME AVEC RESSORTS COTE OPPOSE AUX LEVIERS  POUR REMPLACER UN MECANISME AVEC RESSORTS DU COTE DES LEVIERS, VOIR :   M\u00e9canisme d&#039;embrayage 0912004170\" \/>\n<meta property=\"og:url\" content=\"https:\/\/edel.fr\/produit\/embrayage-deutz-d-25-d-30\/\" \/>\n<meta property=\"og:site_name\" content=\"Edel\" \/>\n<meta property=\"article:modified_time\" content=\"2026-02-27T01:00:36+00:00\" \/>\n<meta property=\"og:image\" content=\"https:\/\/edel.fr\/uploads\/2023\/01\/EDEL-SHOP-0912004270.jpg\" \/>\n\t<meta property=\"og:image:width\" content=\"2126\" \/>\n\t<meta property=\"og:image:height\" content=\"2126\" \/>\n\t<meta property=\"og:image:type\" content=\"image\/jpeg\" \/>\n<meta name=\"twitter:card\" content=\"summary_large_image\" \/>\n<meta name=\"twitter:label1\" content=\"Est. reading time\" \/>\n\t<meta name=\"twitter:data1\" content=\"3 minutes\" \/>\n<script type=\"application\/ld+json\" class=\"yoast-schema-graph\">{\"@context\":\"https:\\\/\\\/schema.org\",\"@graph\":[{\"@type\":\"WebPage\",\"@id\":\"https:\\\/\\\/edel.fr\\\/produit\\\/embrayage-deutz-d-25-d-30\\\/\",\"url\":\"https:\\\/\\\/edel.fr\\\/produit\\\/embrayage-deutz-d-25-d-30\\\/\",\"name\":\"M\u00e9canisme d'embrayage double Deutz D 25 D2505 D 30 Tracteur Agricole - Edel\",\"isPartOf\":{\"@id\":\"https:\\\/\\\/www.edel.fr\\\/#website\"},\"primaryImageOfPage\":{\"@id\":\"https:\\\/\\\/edel.fr\\\/produit\\\/embrayage-deutz-d-25-d-30\\\/#primaryimage\"},\"image\":{\"@id\":\"https:\\\/\\\/edel.fr\\\/produit\\\/embrayage-deutz-d-25-d-30\\\/#primaryimage\"},\"thumbnailUrl\":\"https:\\\/\\\/www.edel.fr\\\/uploads\\\/2023\\\/01\\\/EDEL-SHOP-0912004270.jpg\",\"datePublished\":\"2023-01-05T15:49:51+00:00\",\"dateModified\":\"2026-02-27T01:00:36+00:00\",\"breadcrumb\":{\"@id\":\"https:\\\/\\\/edel.fr\\\/produit\\\/embrayage-deutz-d-25-d-30\\\/#breadcrumb\"},\"inLanguage\":\"en-US\",\"potentialAction\":[{\"@type\":\"ReadAction\",\"target\":[\"https:\\\/\\\/edel.fr\\\/produit\\\/embrayage-deutz-d-25-d-30\\\/\"]}]},{\"@type\":\"ImageObject\",\"inLanguage\":\"en-US\",\"@id\":\"https:\\\/\\\/edel.fr\\\/produit\\\/embrayage-deutz-d-25-d-30\\\/#primaryimage\",\"url\":\"https:\\\/\\\/www.edel.fr\\\/uploads\\\/2023\\\/01\\\/EDEL-SHOP-0912004270.jpg\",\"contentUrl\":\"https:\\\/\\\/www.edel.fr\\\/uploads\\\/2023\\\/01\\\/EDEL-SHOP-0912004270.jpg\",\"width\":2126,\"height\":2126,\"caption\":\"Embrayage Deutz D 25 D 30\"},{\"@type\":\"BreadcrumbList\",\"@id\":\"https:\\\/\\\/edel.fr\\\/produit\\\/embrayage-deutz-d-25-d-30\\\/#breadcrumb\",\"itemListElement\":[{\"@type\":\"ListItem\",\"position\":1,\"name\":\"Pi\u00e8ce Tracteur\",\"item\":\"https:\\\/\\\/www.edel.fr\\\/\"},{\"@type\":\"ListItem\",\"position\":2,\"name\":\"Toutes nos pi\u00e8ces Tracteur\",\"item\":\"https:\\\/\\\/www.edel.fr\\\/en\\\/shop\\\/\"},{\"@type\":\"ListItem\",\"position\":3,\"name\":\"M\u00e9canisme d&#8217;embrayage double Deutz D 25 D2505 D 30 Tracteur Agricole\"}]},{\"@type\":\"WebSite\",\"@id\":\"https:\\\/\\\/www.edel.fr\\\/#website\",\"url\":\"https:\\\/\\\/www.edel.fr\\\/\",\"name\":\"Edel\",\"description\":\"Pi\u00e8ce d\u00e9tach\u00e9e de Tracteur Agricole\",\"publisher\":{\"@id\":\"https:\\\/\\\/www.edel.fr\\\/#organization\"},\"potentialAction\":[{\"@type\":\"SearchAction\",\"target\":{\"@type\":\"EntryPoint\",\"urlTemplate\":\"https:\\\/\\\/www.edel.fr\\\/?s={search_term_string}\"},\"query-input\":{\"@type\":\"PropertyValueSpecification\",\"valueRequired\":true,\"valueName\":\"search_term_string\"}}],\"inLanguage\":\"en-US\"},{\"@type\":\"Organization\",\"@id\":\"https:\\\/\\\/www.edel.fr\\\/#organization\",\"name\":\"Edel\",\"url\":\"https:\\\/\\\/www.edel.fr\\\/\",\"logo\":{\"@type\":\"ImageObject\",\"inLanguage\":\"en-US\",\"@id\":\"https:\\\/\\\/www.edel.fr\\\/#\\\/schema\\\/logo\\\/image\\\/\",\"url\":\"https:\\\/\\\/www.edel.fr\\\/uploads\\\/2018\\\/11\\\/logo-edel.png\",\"contentUrl\":\"https:\\\/\\\/www.edel.fr\\\/uploads\\\/2018\\\/11\\\/logo-edel.png\",\"width\":257,\"height\":68,\"caption\":\"Edel\"},\"image\":{\"@id\":\"https:\\\/\\\/www.edel.fr\\\/#\\\/schema\\\/logo\\\/image\\\/\"}}]}<\/script>\n<!-- \/ Yoast SEO plugin. -->","yoast_head_json":{"title":"M\u00e9canisme d'embrayage double Deutz D 25 D2505 D 30 Tracteur Agricole - Edel","robots":{"index":"index","follow":"follow","max-snippet":"max-snippet:-1","max-image-preview":"max-image-preview:large","max-video-preview":"max-video-preview:-1"},"canonical":"https:\/\/edel.fr\/produit\/embrayage-deutz-d-25-d-30\/","og_locale":"en_US","og_type":"article","og_title":"M\u00e9canisme d'embrayage double Deutz D 25 D2505 D 30 Tracteur Agricole - Edel","og_description":"EMBRAYAGE DOUBLE DO200\/200 MM \u2013 10\/10Z  TRACTEURS DEUTZ\u00a0 D25 D2505 D30  &nbsp;  REMPLACE UNIQUEMENT UN MECANISME AVEC RESSORTS COTE OPPOSE AUX LEVIERS  POUR REMPLACER UN MECANISME AVEC RESSORTS DU COTE DES LEVIERS, VOIR :   M\u00e9canisme d'embrayage 0912004170","og_url":"https:\/\/edel.fr\/produit\/embrayage-deutz-d-25-d-30\/","og_site_name":"Edel","article_modified_time":"2026-02-27T01:00:36+00:00","og_image":[{"width":2126,"height":2126,"url":"https:\/\/edel.fr\/uploads\/2023\/01\/EDEL-SHOP-0912004270.jpg","type":"image\/jpeg"}],"twitter_card":"summary_large_image","twitter_misc":{"Est. reading time":"3 minutes"},"schema":{"@context":"https:\/\/schema.org","@graph":[{"@type":"WebPage","@id":"https:\/\/edel.fr\/produit\/embrayage-deutz-d-25-d-30\/","url":"https:\/\/edel.fr\/produit\/embrayage-deutz-d-25-d-30\/","name":"M\u00e9canisme d'embrayage double Deutz D 25 D2505 D 30 Tracteur Agricole - Edel","isPartOf":{"@id":"https:\/\/www.edel.fr\/#website"},"primaryImageOfPage":{"@id":"https:\/\/edel.fr\/produit\/embrayage-deutz-d-25-d-30\/#primaryimage"},"image":{"@id":"https:\/\/edel.fr\/produit\/embrayage-deutz-d-25-d-30\/#primaryimage"},"thumbnailUrl":"https:\/\/www.edel.fr\/uploads\/2023\/01\/EDEL-SHOP-0912004270.jpg","datePublished":"2023-01-05T15:49:51+00:00","dateModified":"2026-02-27T01:00:36+00:00","breadcrumb":{"@id":"https:\/\/edel.fr\/produit\/embrayage-deutz-d-25-d-30\/#breadcrumb"},"inLanguage":"en-US","potentialAction":[{"@type":"ReadAction","target":["https:\/\/edel.fr\/produit\/embrayage-deutz-d-25-d-30\/"]}]},{"@type":"ImageObject","inLanguage":"en-US","@id":"https:\/\/edel.fr\/produit\/embrayage-deutz-d-25-d-30\/#primaryimage","url":"https:\/\/www.edel.fr\/uploads\/2023\/01\/EDEL-SHOP-0912004270.jpg","contentUrl":"https:\/\/www.edel.fr\/uploads\/2023\/01\/EDEL-SHOP-0912004270.jpg","width":2126,"height":2126,"caption":"Embrayage Deutz D 25 D 30"},{"@type":"BreadcrumbList","@id":"https:\/\/edel.fr\/produit\/embrayage-deutz-d-25-d-30\/#breadcrumb","itemListElement":[{"@type":"ListItem","position":1,"name":"Pi\u00e8ce Tracteur","item":"https:\/\/www.edel.fr\/"},{"@type":"ListItem","position":2,"name":"Toutes nos pi\u00e8ces Tracteur","item":"https:\/\/www.edel.fr\/en\/shop\/"},{"@type":"ListItem","position":3,"name":"M\u00e9canisme d&#8217;embrayage double Deutz D 25 D2505 D 30 Tracteur Agricole"}]},{"@type":"WebSite","@id":"https:\/\/www.edel.fr\/#website","url":"https:\/\/www.edel.fr\/","name":"Edel","description":"Pi\u00e8ce d\u00e9tach\u00e9e de Tracteur Agricole","publisher":{"@id":"https:\/\/www.edel.fr\/#organization"},"potentialAction":[{"@type":"SearchAction","target":{"@type":"EntryPoint","urlTemplate":"https:\/\/www.edel.fr\/?s={search_term_string}"},"query-input":{"@type":"PropertyValueSpecification","valueRequired":true,"valueName":"search_term_string"}}],"inLanguage":"en-US"},{"@type":"Organization","@id":"https:\/\/www.edel.fr\/#organization","name":"Edel","url":"https:\/\/www.edel.fr\/","logo":{"@type":"ImageObject","inLanguage":"en-US","@id":"https:\/\/www.edel.fr\/#\/schema\/logo\/image\/","url":"https:\/\/www.edel.fr\/uploads\/2018\/11\/logo-edel.png","contentUrl":"https:\/\/www.edel.fr\/uploads\/2018\/11\/logo-edel.png","width":257,"height":68,"caption":"Edel"},"image":{"@id":"https:\/\/www.edel.fr\/#\/schema\/logo\/image\/"}}]}},"_links":{"self":[{"href":"https:\/\/www.edel.fr\/en\/wp-json\/wp\/v2\/product\/15199","targetHints":{"allow":["GET"]}}],"collection":[{"href":"https:\/\/www.edel.fr\/en\/wp-json\/wp\/v2\/product"}],"about":[{"href":"https:\/\/www.edel.fr\/en\/wp-json\/wp\/v2\/types\/product"}],"version-history":[{"count":2,"href":"https:\/\/www.edel.fr\/en\/wp-json\/wp\/v2\/product\/15199\/revisions"}],"predecessor-version":[{"id":18975,"href":"https:\/\/www.edel.fr\/en\/wp-json\/wp\/v2\/product\/15199\/revisions\/18975"}],"wp:featuredmedia":[{"embeddable":true,"href":"https:\/\/www.edel.fr\/en\/wp-json\/wp\/v2\/media\/15447"}],"wp:attachment":[{"href":"https:\/\/www.edel.fr\/en\/wp-json\/wp\/v2\/media?parent=15199"}],"wp:term":[{"taxonomy":"product_brand","embeddable":true,"href":"https:\/\/www.edel.fr\/en\/wp-json\/wp\/v2\/product_brand?post=15199"},{"taxonomy":"product_cat","embeddable":true,"href":"https:\/\/www.edel.fr\/en\/wp-json\/wp\/v2\/product_cat?post=15199"},{"taxonomy":"product_tag","embeddable":true,"href":"https:\/\/www.edel.fr\/en\/wp-json\/wp\/v2\/product_tag?post=15199"},{"taxonomy":"tracteur","embeddable":true,"href":"https:\/\/www.edel.fr\/en\/wp-json\/wp\/v2\/tracteur?post=15199"}],"curies":[{"name":"wp","href":"https:\/\/api.w.org\/{rel}","templated":true}]}}