{"id":15042,"date":"2022-12-01T17:00:56","date_gmt":"2022-12-01T16:00:56","guid":{"rendered":"https:\/\/www.edel.fr\/?post_type=product&#038;p=15042"},"modified":"2025-09-24T21:42:16","modified_gmt":"2025-09-24T19:42:16","slug":"kit-embrayage-renault-deutz-3500-3700-3900-dx-vigneron-carraro","status":"publish","type":"product","link":"https:\/\/www.edel.fr\/en\/product\/kit-embrayage-renault-deutz-3500-3700-3900-dx-vigneron-carraro\/","title":{"rendered":"Kit embrayage Deutz 3500 3700 3900 DX vigneron Carraro"},"content":{"rendered":"<div data-elementor-type=\"wp-post\" data-elementor-id=\"15042\" class=\"elementor elementor-15042\">\n\t\t\t\t\t\t<section class=\"elementor-section elementor-top-section elementor-element elementor-element-afb316c elementor-section-boxed elementor-section-height-default elementor-section-height-default\" data-id=\"afb316c\" data-element_type=\"section\" data-e-type=\"section\">\n\t\t\t\t\t\t<div class=\"elementor-container elementor-column-gap-default\">\n\t\t\t\t\t<div class=\"elementor-column elementor-col-100 elementor-top-column elementor-element elementor-element-064195c\" data-id=\"064195c\" data-element_type=\"column\" data-e-type=\"column\">\n\t\t\t<div class=\"elementor-widget-wrap elementor-element-populated\">\n\t\t\t\t\t\t<div class=\"elementor-element elementor-element-a96355c elementor-widget elementor-widget-heading\" data-id=\"a96355c\" data-element_type=\"widget\" data-e-type=\"widget\" data-widget_type=\"heading.default\">\n\t\t\t\t<div class=\"elementor-widget-container\">\n\t\t\t\t\t<h2 class=\"elementor-heading-title elementor-size-default\"><b>Kit COMPLET Embrayage  Deutz - tracteurs series 3000, vigneron, carraro<br><\/b><br>M\u00c9CANISME DOUBLE, DISQUE AVANCEMENT ORGANIQUE, 2 BUT\u00c9ES ET ROULEMENT PILOTE<br><br>\u00d8 280\/280 MM \u2013 12 \/ 13 CANNELURES<\/h2>\t\t\t\t<\/div>\n\t\t\t\t<\/div>\n\t\t\t\t\t<\/div>\n\t\t<\/div>\n\t\t\t\t\t<\/div>\n\t\t<\/section>\n\t\t\t\t<section class=\"elementor-section elementor-top-section elementor-element elementor-element-76f2ef6 elementor-section-boxed elementor-section-height-default elementor-section-height-default\" data-id=\"76f2ef6\" data-element_type=\"section\" data-e-type=\"section\">\n\t\t\t\t\t\t<div class=\"elementor-container elementor-column-gap-default\">\n\t\t\t\t\t<div class=\"elementor-column elementor-col-100 elementor-top-column elementor-element elementor-element-ecd09fd\" data-id=\"ecd09fd\" data-element_type=\"column\" data-e-type=\"column\">\n\t\t\t<div class=\"elementor-widget-wrap elementor-element-populated\">\n\t\t\t\t\t\t<div class=\"elementor-element elementor-element-959faa1 elementor-widget elementor-widget-heading\" data-id=\"959faa1\" data-element_type=\"widget\" data-e-type=\"widget\" data-widget_type=\"heading.default\">\n\t\t\t\t<div class=\"elementor-widget-container\">\n\t\t\t\t\t<h3 class=\"elementor-heading-title elementor-size-default\">Information du produit :<\/h3>\t\t\t\t<\/div>\n\t\t\t\t<\/div>\n\t\t\t\t\t<\/div>\n\t\t<\/div>\n\t\t\t\t\t<\/div>\n\t\t<\/section>\n\t\t\t\t<section class=\"elementor-section elementor-top-section elementor-element elementor-element-532d9cd9 elementor-section-boxed elementor-section-height-default elementor-section-height-default\" data-id=\"532d9cd9\" data-element_type=\"section\" data-e-type=\"section\">\n\t\t\t\t\t\t<div class=\"elementor-container elementor-column-gap-default\">\n\t\t\t\t\t<div class=\"elementor-column elementor-col-100 elementor-top-column elementor-element elementor-element-1b6392ae\" data-id=\"1b6392ae\" data-element_type=\"column\" data-e-type=\"column\">\n\t\t\t<div class=\"elementor-widget-wrap elementor-element-populated\">\n\t\t\t\t\t\t<div class=\"elementor-element elementor-element-295743c8 elementor-widget elementor-widget-text-editor\" data-id=\"295743c8\" data-element_type=\"widget\" data-e-type=\"widget\" data-widget_type=\"text-editor.default\">\n\t\t\t\t<div class=\"elementor-widget-container\">\n\t\t\t\t\t\t\t\t\t<div>\n<p>Pour tracteurs :&nbsp;<\/p>\n<ul>\n<li>Deutz&nbsp; 3500, 3700, 3900 DX, tracteurs vignerons et mod\u00e8les avec bo\u00eete de vitesses Carraro<\/li>\n<li>Renault&nbsp;5512, 5514, 6814, 7012, 7014, 8012, 8014, Fructus 130 140 150, Pales 210 220 230 240, Dionis 110 120 130 140<\/li>\n<li>Case 2100, 2120, 2130, 2140, 2150, PJN75, PJ65, PJV65<\/li>\n<\/ul>\n<div><p style=\"margin: 0cm 0cm 18pt;background-image: initial;background-position: initial;background-size: initial;background-attachment: initial\"><span style=\"font-size: 11.5pt;font-family: Rubik, serif\">Comprend le m\u00e9canisme d&#8217;embrayage avec\ndisque d&rsquo;avancement organique, le disque de prise de force, les 2 but\u00e9es d&#8217;embrayage et le\nroulement pilote.<\/span><\/p><\/div>\n<\/div>\n<p>Le kit d\u2019embrayage tracteur agricole est compos\u00e9 d\u2019un m\u00e9canisme, d\u2019un ou deux disques, d\u2019une ou deux but\u00e9es et du roulement pilote. De plus le kit complet comprend la totalit\u00e9 des pi\u00e8ces \u00e0 changer en atelier. Cependant les pi\u00e8ces de rechange qui le composent sont rigoureusement s\u00e9lectionn\u00e9es pour leur qualit\u00e9 et leur fiabilit\u00e9.&nbsp;<\/p>\n<p>Toutefois choisir de remplacer une pi\u00e8ce au d\u00e9tail peut s\u2019av\u00e9rer \u00eatre moins avantageux que de remplacer un ensemble complet. Nos kits se distinguent par la qualit\u00e9 de nos but\u00e9es d\u2019embrayages et roulements pilotes. Une but\u00e9e adaptable qui grippe conduit irr\u00e9m\u00e9diablement \u00e0 la destruction du m\u00e9canisme.<\/p>\n<p>Car pour le montage d\u2019un kit d\u2019embrayage agricole, les pi\u00e8ces p\u00e9riph\u00e9riques doivent proc\u00e9der \u00e0 un examen minutieux. Notamment, le volant moteur et les diff\u00e9rents joints spi.<\/p>\n<p>En effet, pour le syst\u00e8me de commande, une vigilance particuli\u00e8re est \u00e0 porter au c\u00e2ble, a la tringlerie et au circuit hydraulique. En cas de doute, ces composants doivent absolument \u00eatre remis \u00e0 niveau pour permettre le parfait fonctionnement de l\u2019embrayage.<\/p>\n<p>Bien s\u00fbr, pour plus de renseignements, n&rsquo;h\u00e9sitez pas \u00e0 nous consulter !<\/p>\t\t\t\t\t\t\t\t<\/div>\n\t\t\t\t<\/div>\n\t\t\t\t\t<\/div>\n\t\t<\/div>\n\t\t\t\t\t<\/div>\n\t\t<\/section>\n\t\t\t\t<\/div>","protected":false},"excerpt":{"rendered":"<p>Kit COMPLET Embrayage Deutz &#8211; tracteurs series 3000, vigneron, carraro M\u00c9CANISME DOUBLE, DISQUE AVANCEMENT ORGANIQUE, 2 BUT\u00c9ES ET ROULEMENT PILOTE \u00d8 280\/280 MM \u2013 12 \/ 13 CANNELURES Information du produit : Pour tracteurs : Deutz\u00a0 3500, 3700, 3900 DX, tracteurs vignerons et mod\u00e8les avec bo\u00eete de vitesses Carraro Renault\u00a05512, 5514, 6814, 7012, 7014, 8012,<br \/><a class=\"more-link\" href=\"https:\/\/www.edel.fr\/en\/product\/kit-embrayage-renault-deutz-3500-3700-3900-dx-vigneron-carraro\/\"><br \/>\n        Read More<span class=\"screen-reader-text\"> \u00ab\u00a0Kit embrayage Deutz 3500 3700 3900 DX vigneron Carraro\u00a0\u00bb<\/span><\/a><\/p>","protected":false},"featured_media":4200,"template":"","meta":[],"product_brand":[],"product_cat":[1141,3960,3965,3968,119,120],"product_tag":[143,124],"tracteur":[],"class_list":{"0":"post-15042","1":"product","2":"type-product","3":"status-publish","4":"has-post-thumbnail","6":"product_cat-kits-dembrayage","7":"product_cat-khd-deutz","8":"product_cat-renault-claas","9":"product_cat-valmet","10":"product_cat-tracteurs-agricoles","11":"product_cat-transmissions","12":"product_tag-kits-dembrayage","13":"product_tag-transmissions","14":"product_shipping_class-142","15":"pa_fabriquant-kawe","16":"pa_marque-tracteur-case-ih","17":"pa_marque-tracteur-khd-deutz","18":"pa_marque-tracteur-renault-claas","19":"pa_marque-tracteur-valtra","20":"pa_modele-tracteur-3559","21":"pa_modele-tracteur-4386","22":"pa_modele-tracteur-3552","23":"badges-style-2","25":"first","26":"instock","27":"taxable","28":"shipping-taxable","29":"purchasable","30":"product-type-simple"},"acf":[],"yoast_head":"<!-- This site is optimized with the Yoast SEO plugin v27.3 - https:\/\/yoast.com\/product\/yoast-seo-wordpress\/ -->\n<title>Kit embrayage Deutz 3500 3700 3900 DX vigneron Carraro - Edel<\/title>\n<meta name=\"description\" content=\"Kit embrayage complet Deutz m\u00e9canisme double 280 \/ 280 mm OMG 12 et 13 cannelures but\u00e9es pilote - Deutz 3500 3700 3900 DX vigneron bo\u00eete de vitesses Carraro\" \/>\n<meta name=\"robots\" content=\"index, follow, max-snippet:-1, max-image-preview:large, max-video-preview:-1\" \/>\n<link rel=\"canonical\" href=\"https:\/\/edel.fr\/en\/product\/kit-embrayage-renault-deutz-3500-3700-3900-dx-vigneron-carraro\/\" \/>\n<meta property=\"og:locale\" content=\"en_US\" \/>\n<meta property=\"og:type\" content=\"article\" \/>\n<meta property=\"og:title\" content=\"Kit embrayage Deutz 3500 3700 3900 DX vigneron Carraro - Edel\" \/>\n<meta property=\"og:description\" content=\"Kit embrayage complet Deutz m\u00e9canisme double 280 \/ 280 mm OMG 12 et 13 cannelures but\u00e9es pilote - Deutz 3500 3700 3900 DX vigneron bo\u00eete de vitesses Carraro\" \/>\n<meta property=\"og:url\" content=\"https:\/\/edel.fr\/en\/product\/kit-embrayage-renault-deutz-3500-3700-3900-dx-vigneron-carraro\/\" \/>\n<meta property=\"og:site_name\" content=\"Edel\" \/>\n<meta property=\"article:modified_time\" content=\"2025-09-24T19:42:16+00:00\" \/>\n<meta property=\"og:image\" content=\"https:\/\/edel.fr\/uploads\/2018\/11\/K49.jpg\" \/>\n\t<meta property=\"og:image:width\" content=\"1920\" \/>\n\t<meta property=\"og:image:height\" content=\"1920\" \/>\n\t<meta property=\"og:image:type\" content=\"image\/jpeg\" \/>\n<meta name=\"twitter:card\" content=\"summary_large_image\" \/>\n<meta name=\"twitter:label1\" content=\"Est. reading time\" \/>\n\t<meta name=\"twitter:data1\" content=\"2 minutes\" \/>\n<script type=\"application\/ld+json\" class=\"yoast-schema-graph\">{\"@context\":\"https:\\\/\\\/schema.org\",\"@graph\":[{\"@type\":\"WebPage\",\"@id\":\"https:\\\/\\\/edel.fr\\\/en\\\/product\\\/kit-embrayage-renault-deutz-3500-3700-3900-dx-vigneron-carraro\\\/\",\"url\":\"https:\\\/\\\/edel.fr\\\/en\\\/product\\\/kit-embrayage-renault-deutz-3500-3700-3900-dx-vigneron-carraro\\\/\",\"name\":\"Kit embrayage Deutz 3500 3700 3900 DX vigneron Carraro - Edel\",\"isPartOf\":{\"@id\":\"http:\\\/\\\/www.edel.fr\\\/en\\\/#website\"},\"primaryImageOfPage\":{\"@id\":\"https:\\\/\\\/edel.fr\\\/en\\\/product\\\/kit-embrayage-renault-deutz-3500-3700-3900-dx-vigneron-carraro\\\/#primaryimage\"},\"image\":{\"@id\":\"https:\\\/\\\/edel.fr\\\/en\\\/product\\\/kit-embrayage-renault-deutz-3500-3700-3900-dx-vigneron-carraro\\\/#primaryimage\"},\"thumbnailUrl\":\"https:\\\/\\\/www.edel.fr\\\/uploads\\\/2018\\\/11\\\/K49.jpg\",\"datePublished\":\"2022-12-01T16:00:56+00:00\",\"dateModified\":\"2025-09-24T19:42:16+00:00\",\"description\":\"Kit embrayage complet Deutz m\u00e9canisme double 280 \\\/ 280 mm OMG 12 et 13 cannelures but\u00e9es pilote - Deutz 3500 3700 3900 DX vigneron bo\u00eete de vitesses Carraro\",\"breadcrumb\":{\"@id\":\"https:\\\/\\\/edel.fr\\\/en\\\/product\\\/kit-embrayage-renault-deutz-3500-3700-3900-dx-vigneron-carraro\\\/#breadcrumb\"},\"inLanguage\":\"en-US\",\"potentialAction\":[{\"@type\":\"ReadAction\",\"target\":[\"https:\\\/\\\/edel.fr\\\/en\\\/product\\\/kit-embrayage-renault-deutz-3500-3700-3900-dx-vigneron-carraro\\\/\"]}]},{\"@type\":\"ImageObject\",\"inLanguage\":\"en-US\",\"@id\":\"https:\\\/\\\/edel.fr\\\/en\\\/product\\\/kit-embrayage-renault-deutz-3500-3700-3900-dx-vigneron-carraro\\\/#primaryimage\",\"url\":\"https:\\\/\\\/www.edel.fr\\\/uploads\\\/2018\\\/11\\\/K49.jpg\",\"contentUrl\":\"https:\\\/\\\/www.edel.fr\\\/uploads\\\/2018\\\/11\\\/K49.jpg\",\"width\":1920,\"height\":1920,\"caption\":\"KIT COMPLET M\u00e9canisme double, disque AV. Organique, 2 but\u00e9es et roulement pilote - Renault Claas - \u00d8280\\\/280 - 12\\\/13 Cannelures\"},{\"@type\":\"BreadcrumbList\",\"@id\":\"https:\\\/\\\/edel.fr\\\/en\\\/product\\\/kit-embrayage-renault-deutz-3500-3700-3900-dx-vigneron-carraro\\\/#breadcrumb\",\"itemListElement\":[{\"@type\":\"ListItem\",\"position\":1,\"name\":\"Pi\u00e8ce Tracteur\",\"item\":\"http:\\\/\\\/www.edel.fr\\\/en\\\/\"},{\"@type\":\"ListItem\",\"position\":2,\"name\":\"Toutes nos pi\u00e8ces Tracteur\",\"item\":\"https:\\\/\\\/edel.fr\\\/shop\\\/\"},{\"@type\":\"ListItem\",\"position\":3,\"name\":\"Kit embrayage Deutz 3500 3700 3900 DX vigneron Carraro\"}]},{\"@type\":\"WebSite\",\"@id\":\"http:\\\/\\\/www.edel.fr\\\/en\\\/#website\",\"url\":\"http:\\\/\\\/www.edel.fr\\\/en\\\/\",\"name\":\"Edel\",\"description\":\"Pi\u00e8ce d\u00e9tach\u00e9e de Tracteur Agricole\",\"publisher\":{\"@id\":\"http:\\\/\\\/www.edel.fr\\\/en\\\/#organization\"},\"potentialAction\":[{\"@type\":\"SearchAction\",\"target\":{\"@type\":\"EntryPoint\",\"urlTemplate\":\"http:\\\/\\\/www.edel.fr\\\/en\\\/?s={search_term_string}\"},\"query-input\":{\"@type\":\"PropertyValueSpecification\",\"valueRequired\":true,\"valueName\":\"search_term_string\"}}],\"inLanguage\":\"en-US\"},{\"@type\":\"Organization\",\"@id\":\"http:\\\/\\\/www.edel.fr\\\/en\\\/#organization\",\"name\":\"Edel\",\"url\":\"http:\\\/\\\/www.edel.fr\\\/en\\\/\",\"logo\":{\"@type\":\"ImageObject\",\"inLanguage\":\"en-US\",\"@id\":\"http:\\\/\\\/www.edel.fr\\\/en\\\/#\\\/schema\\\/logo\\\/image\\\/\",\"url\":\"https:\\\/\\\/www.edel.fr\\\/uploads\\\/2018\\\/11\\\/logo-edel.png\",\"contentUrl\":\"https:\\\/\\\/www.edel.fr\\\/uploads\\\/2018\\\/11\\\/logo-edel.png\",\"width\":257,\"height\":68,\"caption\":\"Edel\"},\"image\":{\"@id\":\"http:\\\/\\\/www.edel.fr\\\/en\\\/#\\\/schema\\\/logo\\\/image\\\/\"}}]}<\/script>\n<!-- \/ Yoast SEO plugin. -->","yoast_head_json":{"title":"Kit embrayage Deutz 3500 3700 3900 DX vigneron Carraro - Edel","description":"Kit embrayage complet Deutz m\u00e9canisme double 280 \/ 280 mm OMG 12 et 13 cannelures but\u00e9es pilote - Deutz 3500 3700 3900 DX vigneron bo\u00eete de vitesses Carraro","robots":{"index":"index","follow":"follow","max-snippet":"max-snippet:-1","max-image-preview":"max-image-preview:large","max-video-preview":"max-video-preview:-1"},"canonical":"https:\/\/edel.fr\/en\/product\/kit-embrayage-renault-deutz-3500-3700-3900-dx-vigneron-carraro\/","og_locale":"en_US","og_type":"article","og_title":"Kit embrayage Deutz 3500 3700 3900 DX vigneron Carraro - Edel","og_description":"Kit embrayage complet Deutz m\u00e9canisme double 280 \/ 280 mm OMG 12 et 13 cannelures but\u00e9es pilote - Deutz 3500 3700 3900 DX vigneron bo\u00eete de vitesses Carraro","og_url":"https:\/\/edel.fr\/en\/product\/kit-embrayage-renault-deutz-3500-3700-3900-dx-vigneron-carraro\/","og_site_name":"Edel","article_modified_time":"2025-09-24T19:42:16+00:00","og_image":[{"width":1920,"height":1920,"url":"https:\/\/edel.fr\/uploads\/2018\/11\/K49.jpg","type":"image\/jpeg"}],"twitter_card":"summary_large_image","twitter_misc":{"Est. reading time":"2 minutes"},"schema":{"@context":"https:\/\/schema.org","@graph":[{"@type":"WebPage","@id":"https:\/\/edel.fr\/en\/product\/kit-embrayage-renault-deutz-3500-3700-3900-dx-vigneron-carraro\/","url":"https:\/\/edel.fr\/en\/product\/kit-embrayage-renault-deutz-3500-3700-3900-dx-vigneron-carraro\/","name":"Kit embrayage Deutz 3500 3700 3900 DX vigneron Carraro - Edel","isPartOf":{"@id":"http:\/\/www.edel.fr\/en\/#website"},"primaryImageOfPage":{"@id":"https:\/\/edel.fr\/en\/product\/kit-embrayage-renault-deutz-3500-3700-3900-dx-vigneron-carraro\/#primaryimage"},"image":{"@id":"https:\/\/edel.fr\/en\/product\/kit-embrayage-renault-deutz-3500-3700-3900-dx-vigneron-carraro\/#primaryimage"},"thumbnailUrl":"https:\/\/www.edel.fr\/uploads\/2018\/11\/K49.jpg","datePublished":"2022-12-01T16:00:56+00:00","dateModified":"2025-09-24T19:42:16+00:00","description":"Kit embrayage complet Deutz m\u00e9canisme double 280 \/ 280 mm OMG 12 et 13 cannelures but\u00e9es pilote - Deutz 3500 3700 3900 DX vigneron bo\u00eete de vitesses Carraro","breadcrumb":{"@id":"https:\/\/edel.fr\/en\/product\/kit-embrayage-renault-deutz-3500-3700-3900-dx-vigneron-carraro\/#breadcrumb"},"inLanguage":"en-US","potentialAction":[{"@type":"ReadAction","target":["https:\/\/edel.fr\/en\/product\/kit-embrayage-renault-deutz-3500-3700-3900-dx-vigneron-carraro\/"]}]},{"@type":"ImageObject","inLanguage":"en-US","@id":"https:\/\/edel.fr\/en\/product\/kit-embrayage-renault-deutz-3500-3700-3900-dx-vigneron-carraro\/#primaryimage","url":"https:\/\/www.edel.fr\/uploads\/2018\/11\/K49.jpg","contentUrl":"https:\/\/www.edel.fr\/uploads\/2018\/11\/K49.jpg","width":1920,"height":1920,"caption":"KIT COMPLET M\u00e9canisme double, disque AV. Organique, 2 but\u00e9es et roulement pilote - Renault Claas - \u00d8280\/280 - 12\/13 Cannelures"},{"@type":"BreadcrumbList","@id":"https:\/\/edel.fr\/en\/product\/kit-embrayage-renault-deutz-3500-3700-3900-dx-vigneron-carraro\/#breadcrumb","itemListElement":[{"@type":"ListItem","position":1,"name":"Pi\u00e8ce Tracteur","item":"http:\/\/www.edel.fr\/en\/"},{"@type":"ListItem","position":2,"name":"Toutes nos pi\u00e8ces Tracteur","item":"https:\/\/edel.fr\/shop\/"},{"@type":"ListItem","position":3,"name":"Kit embrayage Deutz 3500 3700 3900 DX vigneron Carraro"}]},{"@type":"WebSite","@id":"http:\/\/www.edel.fr\/en\/#website","url":"http:\/\/www.edel.fr\/en\/","name":"Edel","description":"Pi\u00e8ce d\u00e9tach\u00e9e de Tracteur Agricole","publisher":{"@id":"http:\/\/www.edel.fr\/en\/#organization"},"potentialAction":[{"@type":"SearchAction","target":{"@type":"EntryPoint","urlTemplate":"http:\/\/www.edel.fr\/en\/?s={search_term_string}"},"query-input":{"@type":"PropertyValueSpecification","valueRequired":true,"valueName":"search_term_string"}}],"inLanguage":"en-US"},{"@type":"Organization","@id":"http:\/\/www.edel.fr\/en\/#organization","name":"Edel","url":"http:\/\/www.edel.fr\/en\/","logo":{"@type":"ImageObject","inLanguage":"en-US","@id":"http:\/\/www.edel.fr\/en\/#\/schema\/logo\/image\/","url":"https:\/\/www.edel.fr\/uploads\/2018\/11\/logo-edel.png","contentUrl":"https:\/\/www.edel.fr\/uploads\/2018\/11\/logo-edel.png","width":257,"height":68,"caption":"Edel"},"image":{"@id":"http:\/\/www.edel.fr\/en\/#\/schema\/logo\/image\/"}}]}},"_links":{"self":[{"href":"https:\/\/www.edel.fr\/en\/wp-json\/wp\/v2\/product\/15042","targetHints":{"allow":["GET"]}}],"collection":[{"href":"https:\/\/www.edel.fr\/en\/wp-json\/wp\/v2\/product"}],"about":[{"href":"https:\/\/www.edel.fr\/en\/wp-json\/wp\/v2\/types\/product"}],"version-history":[{"count":2,"href":"https:\/\/www.edel.fr\/en\/wp-json\/wp\/v2\/product\/15042\/revisions"}],"predecessor-version":[{"id":16841,"href":"https:\/\/www.edel.fr\/en\/wp-json\/wp\/v2\/product\/15042\/revisions\/16841"}],"wp:featuredmedia":[{"embeddable":true,"href":"https:\/\/www.edel.fr\/en\/wp-json\/wp\/v2\/media\/4200"}],"wp:attachment":[{"href":"https:\/\/www.edel.fr\/en\/wp-json\/wp\/v2\/media?parent=15042"}],"wp:term":[{"taxonomy":"product_brand","embeddable":true,"href":"https:\/\/www.edel.fr\/en\/wp-json\/wp\/v2\/product_brand?post=15042"},{"taxonomy":"product_cat","embeddable":true,"href":"https:\/\/www.edel.fr\/en\/wp-json\/wp\/v2\/product_cat?post=15042"},{"taxonomy":"product_tag","embeddable":true,"href":"https:\/\/www.edel.fr\/en\/wp-json\/wp\/v2\/product_tag?post=15042"},{"taxonomy":"tracteur","embeddable":true,"href":"https:\/\/www.edel.fr\/en\/wp-json\/wp\/v2\/tracteur?post=15042"}],"curies":[{"name":"wp","href":"https:\/\/api.w.org\/{rel}","templated":true}]}}